{"id":15926,"date":"2016-05-19T14:48:47","date_gmt":"2016-05-19T20:48:47","guid":{"rendered":"https:\/\/www.boartlongyear.com\/?page_id=15926"},"modified":"2020-01-24T13:32:39","modified_gmt":"2020-01-24T20:32:39","slug":"mydrillstore-guides-help-documents","status":"publish","type":"page","link":"https:\/\/www.boartlongyear.com\/de\/my-drill-store\/mydrillstore-guides-help-documents\/","title":{"rendered":"Mein Drill Store: Anleitungen und Hilfedokumente"},"content":{"rendered":"<section class=\"tcvpb_section_tc\">\n\t\t\n\t\t<div class=\"tcvpb_section_content\"><div class=\"tcvpb_container\"><div class=\"tcvpb_column_tc_span12\"><h1  ><span>Boart Longyears Laden f\u00fcr meine Bohrer<\/span><\/h1><div  class=\"tcvpb-image\" ><img decoding=\"async\" src=\"https:\/\/www.boartlongyear.com\/wp-content\/uploads\/mydrillstore-banner-helpdocs.png\"><\/div><span class=\"clear\" style=\"height:20px;display:block;\"><\/span><\/div><\/div><\/div>\n\t\t\n\t\t\n\t<\/section><section class=\"tcvpb_section_tc\">\n\t\t\n\t\t<div class=\"tcvpb_section_content\"><div class=\"tcvpb_container\"><div class=\"tcvpb_column_tc_span12\"><h3  ><span>Herzlichen Gl\u00fcckwunsch zu Ihrer Anmeldung bei Boart Longyears My Drill Store. Wir bei Boart Longyear setzen alles daran, Ihr Einkaufserlebnis intuitiv, schnell und erfolgreich zu gestalten. Die folgenden Anleitungen helfen Ihnen bei der Beantwortung vieler Fragen.<\/span><\/h3><\/div><\/div><\/div>\n\t\t\n\t\t\n\t<\/section><section class=\"tcvpb_section_tc mdsnav\">\n\t\t\n\t\t<div class=\"tcvpb_section_content\"><div class=\"tcvpb_container\"><div class=\"tcvpb_column_tc_span12\">\n\t\t<div  class=\"tcvpb_service_box  tcvpb_service_box_round_text_aside\" style=\" \">\n\t\t\t<div class=\"tcvpb_service_box_header\"><a href=\"\/de\/my-drill-store\/overview\/\" target=\"_self\" class=\"tcvpb_icon_boxed scroll\" style=\"\"><i class=\"fa-eye\" style=\"background:transparent;\"><\/i><\/a><a href=\"\/de\/my-drill-store\/overview\/\" target=\"_self\" class=\"scroll\"><h3>\u00dcberblick<\/h3><\/a><\/div>\n<p class=\"p_tc\">My Drill Store ist eine benutzerfreundliche Online-Einkaufsplattform f\u00fcr eine Vielzahl von Boart Longyear-Produkten. Weitere Informationen zum Navigieren in meinem Drill Store.<\/p>\n<p class=\"p_tc\"><a href=\"\/de\/my-drill-store\/overview\/\">MEHR ERFAHREN<\/a><\/p>\n<\/div>\n\t\t<div  class=\"tcvpb_service_box  tcvpb_service_box_round_text_aside\" style=\" \">\n\t\t\t<div class=\"tcvpb_service_box_header\"><a href=\"\/de\/my-drill-store\/account-information-areas\/\" target=\"_self\" class=\"tcvpb_icon_boxed scroll\" style=\"\"><i class=\"fa-user\" style=\"background:transparent;\"><\/i><\/a><a href=\"\/de\/my-drill-store\/account-information-areas\/\" target=\"_self\" class=\"scroll\"><h3>Kontoinformationen<\/h3><\/a><\/div>\n<p class=\"p_tc\">Es gibt zwei Bereiche, in denen Sie Ihre Kontoinformationen und den Bestellverlauf abrufen k\u00f6nnen: Die Links &quot;Bestellungen&quot; und &quot;Profil&quot; im oberen Bereich.&nbsp;\n<p class=\"p_tc\"><a href=\"\/de\/my-drill-store\/account-information-areas\/\">MEHR ERFAHREN<\/a><\/p>\n<\/div>\n\t\t<div  class=\"tcvpb_service_box  tcvpb_service_box_round_text_aside\" style=\" \">\n\t\t\t<div class=\"tcvpb_service_box_header\"><a href=\"\/de\/my-drill-store\/part-lookup\/\" target=\"_self\" class=\"tcvpb_icon_boxed scroll\" style=\"\"><i class=\"fa-search\" style=\"background:transparent;\"><\/i><\/a><a href=\"\/de\/my-drill-store\/part-lookup\/\" target=\"_self\" class=\"scroll\"><h3>Teilabfrage<\/h3><\/a><\/div>\n<p class=\"p_tc\">Greifen Sie auf Teile, Produkte und detaillierte Informationen zu, einschlie\u00dflich Teilenamen, Teilenummern und technischen Zeichnungen.<\/p>\n<p class=\"p_tc\"><a href=\"\/de\/my-drill-store\/part-lookup\/\">MEHR ERFAHREN<\/a><\/p>\n<\/div>\n\t\t<div  class=\"tcvpb_service_box  tcvpb_service_box_round_text_aside\" style=\" \">\n\t\t\t<div class=\"tcvpb_service_box_header\"><a href=\"\/de\/my-drill-store\/drill-store-warehouse-availability\/\" target=\"_self\" class=\"tcvpb_icon_boxed scroll\" style=\"\"><i class=\"fa-check\" style=\"background:transparent;\"><\/i><\/a><a href=\"\/de\/my-drill-store\/drill-store-warehouse-availability\/\" target=\"_self\" class=\"scroll\"><h3>Teileverf\u00fcgbarkeit<\/h3><\/a><\/div>\n<p class=\"p_tc\">Wenn ein Artikel in den Warenkorb gelegt wird, sucht My Drill Store in den n\u00e4chstgelegenen Lagern nach Verf\u00fcgbarkeitsterminen f\u00fcr diesen Artikel.<\/p>\n<p class=\"p_tc\"><a href=\"\/de\/my-drill-store\/drill-store-warehouse-availability\/\">MEHR ERFAHREN<\/a><\/p>\n<\/div>\n\t\t<div  class=\"tcvpb_service_box  tcvpb_service_box_round_text_aside\" style=\" \">\n\t\t\t<div class=\"tcvpb_service_box_header\"><a href=\"\/de\/my-drill-store\/wish-lists\/\" target=\"_self\" class=\"tcvpb_icon_boxed scroll\" style=\"\"><i class=\"fa-star\" style=\"background:transparent;\"><\/i><\/a><a href=\"\/de\/my-drill-store\/wish-lists\/\" target=\"_self\" class=\"scroll\"><h3>Wunschlisten<\/h3><\/a><\/div>\n<p class=\"p_tc\">Mit Wunschzettel k\u00f6nnen Sie Artikel f\u00fcr zuk\u00fcnftige Bestellungen sammeln, die Sie noch nicht zum Kauf bereit haben. Sie k\u00f6nnen Artikel \u00fcber eine Warenkorb-Details zu einer Wunschliste hinzuf\u00fcgen.<\/p>\n<p class=\"p_tc\"><a href=\"\/de\/my-drill-store\/wish-lists\/\">MEHR ERFAHREN<\/a><\/p>\n<\/div>\n\t\t<div  class=\"tcvpb_service_box  tcvpb_service_box_round_text_aside\" style=\" \">\n\t\t\t<div class=\"tcvpb_service_box_header\"><a href=\"\/de\/my-drill-store\/saved-carts\/\" target=\"_self\" class=\"tcvpb_icon_boxed scroll\" style=\"\"><i class=\"fa-cart-plus\" style=\"background:transparent;\"><\/i><\/a><a href=\"\/de\/my-drill-store\/saved-carts\/\" target=\"_self\" class=\"scroll\"><h3>Gespeicherte Wagen<\/h3><\/a><\/div>\n<p class=\"p_tc\">Sie k\u00f6nnen einen Warenkorb speichern, um ihn mit anderen Benutzern in Ihrem Konto zu teilen oder zu einem sp\u00e4teren Zeitpunkt zu kaufen. Gespeicherte Karren verfallen nach 30 Tagen.<\/p>\n<p class=\"p_tc\"><a href=\"\/de\/my-drill-store\/saved-carts\/\">MEHR ERFAHREN<\/a><\/p>\n<\/div>\n\t\t<div  class=\"tcvpb_service_box  tcvpb_service_box_round_text_aside\" style=\" \">\n\t\t\t<div class=\"tcvpb_service_box_header\"><a href=\"\/de\/my-drill-store\/configuration-kits\/\" target=\"_self\" class=\"tcvpb_icon_boxed scroll\" style=\"\"><i class=\"fa-th-list\" style=\"background:transparent;\"><\/i><\/a><a href=\"\/de\/my-drill-store\/configuration-kits\/\" target=\"_self\" class=\"scroll\"><h3>Konfigurations-Kits<\/h3><\/a><\/div>\n<p class=\"p_tc\">Ein Konfigurations-Kit ist ein Element in My Drill Store, das mehrere Komponenten enth\u00e4lt.&nbsp;\n<p class=\"p_tc\"><a href=\"\/de\/my-drill-store\/configuration-kits\/\">MEHR ERFAHREN<\/a><\/p>\n<\/div>\n\t\t<div  class=\"tcvpb_service_box  tcvpb_service_box_round_text_aside\" style=\" \">\n\t\t\t<div class=\"tcvpb_service_box_header\"><a href=\"\/de\/my-drill-store\/checking-out-step-by-step\/\" target=\"_self\" class=\"tcvpb_icon_boxed scroll\" style=\"\"><i class=\"fa-shopping-cart\" style=\"background:transparent;\"><\/i><\/a><a href=\"\/de\/my-drill-store\/checking-out-step-by-step\/\" target=\"_self\" class=\"scroll\"><h3>Auschecken<\/h3><\/a><\/div>\n<p class=\"p_tc\">Das Auschecken Ihrer Bestellung umfasst drei Schritte: Versand, Rechnungsstellung und Zahlung sowie Pr\u00fcfung und Bestellung.<\/p>\n<p class=\"p_tc\"><a href=\"\/de\/my-drill-store\/checking-out-step-by-step\/\">MEHR ERFAHREN<\/a><\/p>\n<\/div>\n\t\t<div  class=\"tcvpb_service_box  tcvpb_service_box_round_text_aside\" style=\" \">\n\t\t\t<div class=\"tcvpb_service_box_header\"><a href=\"\/de\/my-drill-store\/direct-item-entry\/\" target=\"_self\" class=\"tcvpb_icon_boxed scroll\" style=\"\"><i class=\"fa-edit\" style=\"background:transparent;\"><\/i><\/a><a href=\"\/de\/my-drill-store\/direct-item-entry\/\" target=\"_self\" class=\"scroll\"><h3>Direkter Zugang<\/h3><\/a><\/div>\n<p class=\"p_tc\">Verwenden Sie das Formular f\u00fcr die direkte Artikelerfassung, um manuell Bestellnummern einzugeben. Wenn Sie Kunden-Kundennummern angepasst haben, k\u00f6nnen Sie diese auch hier eingeben.<\/p>\n<p class=\"p_tc\"><a href=\"\/de\/my-drill-store\/direct-item-entry\/\">MEHR ERFAHREN<\/a><\/p>\n<\/div>\n\t\t<div  class=\"tcvpb_service_box  tcvpb_service_box_round_text_aside\" style=\" \">\n\t\t\t<div class=\"tcvpb_service_box_header\"><a href=\"\/de\/my-drill-store\/frequently-asked-question\/\" target=\"_self\" class=\"tcvpb_icon_boxed scroll\" style=\"\"><i class=\"fa-question-circle\" style=\"background:transparent;\"><\/i><\/a><a href=\"\/de\/my-drill-store\/frequently-asked-question\/\" target=\"_self\" class=\"scroll\"><h3>FAQ<\/h3><\/a><\/div>\n<p class=\"p_tc\">H\u00e4ufig gestellte Fragen zur Verwendung von My Drill Store.&nbsp;\n<p class=\"p_tc\"><a href=\"\/de\/my-drill-store\/frequently-asked-question\/\">MEHR ERFAHREN<\/a><\/p>\n<\/div>\n\t\t<div  class=\"tcvpb_service_box  tcvpb_service_box_round_text_aside\" style=\" \">\n\t\t\t<div class=\"tcvpb_service_box_header\"><a href=\"\/de\/my-drill-store\/contact\/\" target=\"_self\" class=\"tcvpb_icon_boxed scroll\" style=\"\"><i class=\"fa-phone-square\" style=\"background:transparent;\"><\/i><\/a><a href=\"\/de\/my-drill-store\/contact\/\" target=\"_self\" class=\"scroll\"><h3>Hilfe kontaktieren<\/h3><\/a><\/div>\n<p class=\"p_tc\">Wenden Sie sich an einen Kundendienstmitarbeiter in Ihrer N\u00e4he.&nbsp;\n<p class=\"p_tc\"><a href=\"\/de\/my-drill-store\/contact\/\">MEHR ERFAHREN<\/a><\/p>\n<\/div>\n\t\t<div  class=\"tcvpb_service_box  tcvpb_service_box_round_text_aside\" style=\" \">\n\t\t\t<div class=\"tcvpb_service_box_header\"><a href=\"\/wp-content\/uploads\/My-Drill-Store-Help-Documentation-1.pdf\" target=\"_self\" class=\"tcvpb_icon_boxed scroll\" style=\"\"><i class=\"fa-download\" style=\"background:transparent;\"><\/i><\/a><a href=\"\/wp-content\/uploads\/My-Drill-Store-Help-Documentation-1.pdf\" target=\"_self\" class=\"scroll\"><h3>PDF Herunterladen<\/h3><\/a><\/div>\n<p class=\"p_tc\">Laden Sie eine PDF-Version dieses Referenzhandbuchs herunter.<\/p>\n<p class=\"p_tc\"><a href=\"\/wp-content\/uploads\/My-Drill-Store-Help-Documentation-1.pdf\">Anleitung herunterladen<\/a><\/p>\n<\/div><\/div><\/div><\/div>\n\t\t\n\t\t\n\t<\/section>","protected":false},"excerpt":{"rendered":"","protected":false},"author":66,"featured_media":0,"parent":16526,"menu_order":0,"comment_status":"closed","ping_status":"closed","template":"sidebar-dynamic.php","meta":{"_uag_custom_page_level_css":"","_monsterinsights_skip_tracking":false,"_monsterinsights_sitenote_active":false,"_monsterinsights_sitenote_note":"","_monsterinsights_sitenote_category":0,"footnotes":""},"class_list":["post-15926","page","type-page","status-publish","hentry"],"acf":[],"yoast_head":"<!-- This site is optimized with the Yoast SEO plugin v27.3 - https:\/\/yoast.com\/product\/yoast-seo-wordpress\/ -->\n<title>My Drill Store: Guides and Help Documents - Boart Longyear<\/title>\n<meta name=\"robots\" content=\"index, follow, max-snippet:-1, max-image-preview:large, max-video-preview:-1\" \/>\n<link rel=\"canonical\" href=\"https:\/\/www.boartlongyear.com\/de\/my-drill-store\/mydrillstore-guides-help-documents\/\" \/>\n<meta property=\"og:locale\" content=\"de_DE\" \/>\n<meta property=\"og:type\" content=\"article\" \/>\n<meta property=\"og:title\" content=\"My Drill Store: Guides and Help Documents - Boart Longyear\" \/>\n<meta property=\"og:url\" content=\"https:\/\/www.boartlongyear.com\/de\/my-drill-store\/mydrillstore-guides-help-documents\/\" \/>\n<meta property=\"og:site_name\" content=\"Boart Longyear\" \/>\n<meta property=\"article:publisher\" content=\"https:\/\/www.facebook.com\/boartlongyearcareers\" \/>\n<meta property=\"article:modified_time\" content=\"2020-01-24T20:32:39+00:00\" \/>\n<meta name=\"twitter:label1\" content=\"Gesch\u00e4tzte Lesezeit\" \/>\n\t<meta name=\"twitter:data1\" content=\"5 Minuten\" \/>\n<script type=\"application\/ld+json\" class=\"yoast-schema-graph\">{\"@context\":\"https:\\\/\\\/schema.org\",\"@graph\":[{\"@type\":\"WebPage\",\"@id\":\"https:\\\/\\\/www.boartlongyear.com\\\/my-drill-store\\\/mydrillstore-guides-help-documents\\\/\",\"url\":\"https:\\\/\\\/www.boartlongyear.com\\\/my-drill-store\\\/mydrillstore-guides-help-documents\\\/\",\"name\":\"My Drill Store: Guides and Help Documents - Boart Longyear\",\"isPartOf\":{\"@id\":\"https:\\\/\\\/www.boartlongyear.com\\\/#website\"},\"datePublished\":\"2016-05-19T20:48:47+00:00\",\"dateModified\":\"2020-01-24T20:32:39+00:00\",\"breadcrumb\":{\"@id\":\"https:\\\/\\\/www.boartlongyear.com\\\/my-drill-store\\\/mydrillstore-guides-help-documents\\\/#breadcrumb\"},\"inLanguage\":\"de-DE\",\"potentialAction\":[{\"@type\":\"ReadAction\",\"target\":[\"https:\\\/\\\/www.boartlongyear.com\\\/my-drill-store\\\/mydrillstore-guides-help-documents\\\/\"]}]},{\"@type\":\"BreadcrumbList\",\"@id\":\"https:\\\/\\\/www.boartlongyear.com\\\/my-drill-store\\\/mydrillstore-guides-help-documents\\\/#breadcrumb\",\"itemListElement\":[{\"@type\":\"ListItem\",\"position\":1,\"name\":\"Home\",\"item\":\"https:\\\/\\\/www.boartlongyear.com\\\/\"},{\"@type\":\"ListItem\",\"position\":2,\"name\":\"My Drill Store\",\"item\":\"https:\\\/\\\/www.boartlongyear.com\\\/my-drill-store\\\/\"},{\"@type\":\"ListItem\",\"position\":3,\"name\":\"My Drill Store: Guides and Help Documents\"}]},{\"@type\":\"WebSite\",\"@id\":\"https:\\\/\\\/www.boartlongyear.com\\\/#website\",\"url\":\"https:\\\/\\\/www.boartlongyear.com\\\/\",\"name\":\"Boart Longyear\",\"description\":\"\",\"publisher\":{\"@id\":\"https:\\\/\\\/www.boartlongyear.com\\\/#organization\"},\"potentialAction\":[{\"@type\":\"SearchAction\",\"target\":{\"@type\":\"EntryPoint\",\"urlTemplate\":\"https:\\\/\\\/www.boartlongyear.com\\\/?s={search_term_string}\"},\"query-input\":{\"@type\":\"PropertyValueSpecification\",\"valueRequired\":true,\"valueName\":\"search_term_string\"}}],\"inLanguage\":\"de-DE\"},{\"@type\":\"Organization\",\"@id\":\"https:\\\/\\\/www.boartlongyear.com\\\/#organization\",\"name\":\"Boart Longyear\",\"url\":\"https:\\\/\\\/www.boartlongyear.com\\\/\",\"logo\":{\"@type\":\"ImageObject\",\"inLanguage\":\"de-DE\",\"@id\":\"https:\\\/\\\/www.boartlongyear.com\\\/#\\\/schema\\\/logo\\\/image\\\/\",\"url\":\"https:\\\/\\\/www.boartlongyear.com\\\/wp-content\\\/uploads\\\/BLY-Double-Stack.png\",\"contentUrl\":\"https:\\\/\\\/www.boartlongyear.com\\\/wp-content\\\/uploads\\\/BLY-Double-Stack.png\",\"width\":400,\"height\":100,\"caption\":\"Boart Longyear\"},\"image\":{\"@id\":\"https:\\\/\\\/www.boartlongyear.com\\\/#\\\/schema\\\/logo\\\/image\\\/\"},\"sameAs\":[\"https:\\\/\\\/www.facebook.com\\\/boartlongyearcareers\",\"https:\\\/\\\/x.com\\\/boartlongyear\",\"https:\\\/\\\/www.instagram.com\\\/boartlongyear\",\"https:\\\/\\\/www.linkedin.com\\\/company\\\/boart-longyear\",\"https:\\\/\\\/www.youtube.com\\\/user\\\/BoartLongyear1\"]}]}<\/script>\n<!-- \/ Yoast SEO plugin. -->","yoast_head_json":{"title":"Mein Bohrladen: Anleitungen und Hilfedokumente - Boart Longyear","robots":{"index":"index","follow":"follow","max-snippet":"max-snippet:-1","max-image-preview":"max-image-preview:large","max-video-preview":"max-video-preview:-1"},"canonical":"https:\/\/www.boartlongyear.com\/de\/my-drill-store\/mydrillstore-guides-help-documents\/","og_locale":"de_DE","og_type":"article","og_title":"My Drill Store: Guides and Help Documents - Boart Longyear","og_url":"https:\/\/www.boartlongyear.com\/de\/my-drill-store\/mydrillstore-guides-help-documents\/","og_site_name":"Boart Longyear","article_publisher":"https:\/\/www.facebook.com\/boartlongyearcareers","article_modified_time":"2020-01-24T20:32:39+00:00","twitter_misc":{"Gesch\u00e4tzte Lesezeit":"5 Minuten"},"schema":{"@context":"https:\/\/schema.org","@graph":[{"@type":"WebPage","@id":"https:\/\/www.boartlongyear.com\/my-drill-store\/mydrillstore-guides-help-documents\/","url":"https:\/\/www.boartlongyear.com\/my-drill-store\/mydrillstore-guides-help-documents\/","name":"Mein Bohrladen: Anleitungen und Hilfedokumente - Boart Longyear","isPartOf":{"@id":"https:\/\/www.boartlongyear.com\/#website"},"datePublished":"2016-05-19T20:48:47+00:00","dateModified":"2020-01-24T20:32:39+00:00","breadcrumb":{"@id":"https:\/\/www.boartlongyear.com\/my-drill-store\/mydrillstore-guides-help-documents\/#breadcrumb"},"inLanguage":"de-DE","potentialAction":[{"@type":"ReadAction","target":["https:\/\/www.boartlongyear.com\/my-drill-store\/mydrillstore-guides-help-documents\/"]}]},{"@type":"BreadcrumbList","@id":"https:\/\/www.boartlongyear.com\/my-drill-store\/mydrillstore-guides-help-documents\/#breadcrumb","itemListElement":[{"@type":"ListItem","position":1,"name":"Home","item":"https:\/\/www.boartlongyear.com\/"},{"@type":"ListItem","position":2,"name":"My Drill Store","item":"https:\/\/www.boartlongyear.com\/my-drill-store\/"},{"@type":"ListItem","position":3,"name":"My Drill Store: Guides and Help Documents"}]},{"@type":"WebSite","@id":"https:\/\/www.boartlongyear.com\/#website","url":"https:\/\/www.boartlongyear.com\/","name":"Boart Longyear","description":"","publisher":{"@id":"https:\/\/www.boartlongyear.com\/#organization"},"potentialAction":[{"@type":"SearchAction","target":{"@type":"EntryPoint","urlTemplate":"https:\/\/www.boartlongyear.com\/?s={search_term_string}"},"query-input":{"@type":"PropertyValueSpecification","valueRequired":true,"valueName":"search_term_string"}}],"inLanguage":"de-DE"},{"@type":"Organization","@id":"https:\/\/www.boartlongyear.com\/#organization","name":"Boart Longyear","url":"https:\/\/www.boartlongyear.com\/","logo":{"@type":"ImageObject","inLanguage":"de-DE","@id":"https:\/\/www.boartlongyear.com\/#\/schema\/logo\/image\/","url":"https:\/\/www.boartlongyear.com\/wp-content\/uploads\/BLY-Double-Stack.png","contentUrl":"https:\/\/www.boartlongyear.com\/wp-content\/uploads\/BLY-Double-Stack.png","width":400,"height":100,"caption":"Boart Longyear"},"image":{"@id":"https:\/\/www.boartlongyear.com\/#\/schema\/logo\/image\/"},"sameAs":["https:\/\/www.facebook.com\/boartlongyearcareers","https:\/\/x.com\/boartlongyear","https:\/\/www.instagram.com\/boartlongyear","https:\/\/www.linkedin.com\/company\/boart-longyear","https:\/\/www.youtube.com\/user\/BoartLongyear1"]}]}},"uagb_featured_image_src":{"full":false,"thumbnail":false,"medium":false,"medium_large":false,"large":false,"RoboGalleryMansoryImagesCenter":false,"RoboGalleryPreload":false,"1536x1536":false,"2048x2048":false,"trp-custom-language-flag":false,"alm-thumbnail":false,"tptn_thumbnail":false},"uagb_author_info":{"display_name":"Marketing","author_link":"https:\/\/www.boartlongyear.com\/de\/insite\/author\/jamesburris\/"},"uagb_comment_info":0,"uagb_excerpt":null,"_links":{"self":[{"href":"https:\/\/www.boartlongyear.com\/de\/wp-json\/wp\/v2\/pages\/15926","targetHints":{"allow":["GET"]}}],"collection":[{"href":"https:\/\/www.boartlongyear.com\/de\/wp-json\/wp\/v2\/pages"}],"about":[{"href":"https:\/\/www.boartlongyear.com\/de\/wp-json\/wp\/v2\/types\/page"}],"author":[{"embeddable":true,"href":"https:\/\/www.boartlongyear.com\/de\/wp-json\/wp\/v2\/users\/66"}],"replies":[{"embeddable":true,"href":"https:\/\/www.boartlongyear.com\/de\/wp-json\/wp\/v2\/comments?post=15926"}],"version-history":[{"count":0,"href":"https:\/\/www.boartlongyear.com\/de\/wp-json\/wp\/v2\/pages\/15926\/revisions"}],"up":[{"embeddable":true,"href":"https:\/\/www.boartlongyear.com\/de\/wp-json\/wp\/v2\/pages\/16526"}],"wp:attachment":[{"href":"https:\/\/www.boartlongyear.com\/de\/wp-json\/wp\/v2\/media?parent=15926"}],"curies":[{"name":"wp","href":"https:\/\/api.w.org\/{rel}","templated":true}]}}