{"id":15988,"date":"2016-06-15T16:24:15","date_gmt":"2016-06-15T22:24:15","guid":{"rendered":"https:\/\/www.boartlongyear.com\/?page_id=15988"},"modified":"2020-03-30T15:14:19","modified_gmt":"2020-03-30T21:14:19","slug":"overview","status":"publish","type":"page","link":"https:\/\/www.boartlongyear.com\/de\/my-drill-store\/overview\/","title":{"rendered":"Mein Drill Store: \u00dcberblick"},"content":{"rendered":"<section class=\"tcvpb_section_tc\">\n\t\t\n\t\t<div class=\"tcvpb_section_content\"><div class=\"tcvpb_container\"><div class=\"tcvpb_column_tc_span12\"><h1  ><span>Mein Drill Store: \u00dcberblick<\/span><\/h1><div  class=\"\" >\n<p class=\"p_tc\"><strong>MY DRILL STORE<\/strong> ist eine benutzerfreundliche Online-Shopping-Plattform f\u00fcr eine Vielzahl von Boart Longyear-Produkten. Nachfolgend finden Sie eine \u00dcbersicht \u00fcber die Navigation.<\/p>\n<\/div><div  class=\"tcvpb-image\" ><a href=\"https:\/\/www.boartlongyear.com\/wp-content\/uploads\/mydrillstore-overview.png\" class=\"lightbox\" data-lightbox=\"image\"><img decoding=\"async\" src=\"https:\/\/www.boartlongyear.com\/wp-content\/uploads\/mydrillstore-overview.png\">\n\t\t\t<canvas class=\"grey-effect\"><\/canvas>\n\t\t\t\n\t\t<\/a><\/div><span class=\"clear\" style=\"height:20px;display:block;\"><\/span><h2  ><span>Oberer Streifen<\/span><\/h2><div  class=\"tcvpb-image\" ><a href=\"https:\/\/www.boartlongyear.com\/wp-content\/uploads\/top-menu.png\" class=\"lightbox\" data-lightbox=\"image\"><img decoding=\"async\" src=\"https:\/\/www.boartlongyear.com\/wp-content\/uploads\/top-menu.png\">\n\t\t\t<canvas class=\"grey-effect\"><\/canvas>\n\t\t\t\n\t\t<\/a><\/div><div  class=\"\" >\n<ul>\n<li><strong>Zuhause<\/strong>: F\u00fchrt Sie zur Startseite von MyDrillStore.<\/li>\n<li><strong>Direkter Artikeleintrag:<\/strong> Verwenden Sie dieses Formular, um manuell Bestellnummern einzugeben. Wenn Sie Kunden-Kundennummern angepasst haben, k\u00f6nnen Sie diese hier eingeben. <strong><a href=\"https:\/\/www.boartlongyear.com\/de\/my-drill-store\/direct-item-entry\/\">Erfahren Sie mehr \u00fcber die direkte Artikelerfassung.<\/a><\/strong><\/li>\n<li><strong>Wagen<\/strong>: Zeigen Sie die aktuellen Artikel in Ihrer Bestellung an.<strong> <a href=\"https:\/\/www.boartlongyear.com\/de\/my-drill-store\/checking-out-step-by-step\/\">Erfahren Sie mehr \u00fcber das Auschecken Schritt f\u00fcr Schritt.<\/a>&nbsp;<\/strong><\/li>\n<li><strong>Auftr\u00e4ge<\/strong>: Zeigen Sie einfach Ihre eingereichten Bestellungen an und durchsuchen Sie sie. <a href=\"https:\/\/www.boartlongyear.com\/de\/my-drill-store\/checking-out-step-by-step\/\"><strong>Erfahren Sie mehr \u00fcber Bestellungen.<\/strong><\/a><\/li>\n<li><strong>Profil<\/strong>: Ihre pers\u00f6nlichen Informationen, Adressbuch, Konten, Pr\u00e4ferenzen und erworbenen Ger\u00e4te werden in Ihrem Profil unter gespeichert <strong>Nutzer<\/strong>so gut wie deine <strong>Firmeninformation<\/strong>.&nbsp;<\/li>\n<li><strong>Ausloggen<\/strong>: Meldet den aktuellen Benutzer bei My Drill Store ab.<\/li>\n<\/ul>\n<\/div><span class=\"clear\" style=\"height:20px;display:block;\"><\/span><h2  ><span>Hauptmen\u00fc<\/span><\/h2><div  class=\"tcvpb-image\" ><a href=\"https:\/\/www.boartlongyear.com\/wp-content\/uploads\/top-ribbon-menu.png\" class=\"lightbox\" data-lightbox=\"image\"><img decoding=\"async\" src=\"https:\/\/www.boartlongyear.com\/wp-content\/uploads\/top-ribbon-menu.png\">\n\t\t\t<canvas class=\"grey-effect\"><\/canvas>\n\t\t\t\n\t\t<\/a><\/div><div  class=\"\" >\n<ul>\n<li><strong>Boart Longyear-Produkte: <\/strong>Eine erweiterte Ansicht der sieben Hauptkategorien im Gesch\u00e4ft. Navigieren Sie visuell zu einer der Unterkategorien.<\/li>\n<li><strong>Teilabfrage<\/strong>: Dieser Link \u00f6ffnet ein neues Fenster, in dem Sie sich anmelden k\u00f6nnen <strong>DREH<\/strong> - unsere <a href=\"https:\/\/documoto.digabit.com\/login\/?tk=BOARTLY\" target=\"_blank\" rel=\"noopener noreferrer\">Service- und Ersatzteil-Informationsnetz<\/a>. <strong><a href=\"https:\/\/www.boartlongyear.com\/de\/my-drill-store\/part-lookup\/\">Erfahren Sie mehr \u00fcber die Bauteilsuche und das SPIN.<\/a><\/strong><\/li>\n<li><strong>Noch einmal kaufen<\/strong>: Die Top 20 Artikel, die Sie in Ihrem Konto bestellt haben, werden hier f\u00fcr eine einfache Nachbestellung aufgelistet.<\/li>\n<li><strong>Wunschzettel:<\/strong> Erstellen Sie mehrere Wunschlisten, um sie f\u00fcr zuk\u00fcnftige Bestellungen zu speichern. <strong><a href=\"https:\/\/www.boartlongyear.com\/de\/my-drill-store\/wish-lists\/\">Weitere Informationen zum Erstellen und Verwenden von Wish Lists.<\/a><\/strong><\/li>\n<li><strong>Bef\u00f6rderungen<\/strong>: Promotions, die auf Ihre Region zutreffen.<\/li>\n<li><strong>Produkt Suche<\/strong>: Das Produktsuchfeld hat <em>intelligente Suche<\/em> F\u00e4higkeiten, was bedeutet, dass Sie die ersten drei Buchstaben oder Zahlen f\u00fcr das, was Sie suchen, eingeben k\u00f6nnen. Dadurch werden in jeder Kategorie die drei wichtigsten Optionen angezeigt, die eine \u00dcbereinstimmung enthalten.<\/li>\n<\/ul>\n<\/div><div  class=\"\" >\n<h1><img decoding=\"async\" class=\"size-full wp-image-16633 aligncenter\" src=\"https:\/\/www.boartlongyear.com\/wp-content\/uploads\/smart-search1.gif\" alt=\"Smart-Search1\" width=\"360\" height=\"203\" \/> <img decoding=\"async\" class=\"alignnone size-full wp-image-16014\" src=\"https:\/\/www.boartlongyear.com\/wp-content\/uploads\/search-bar.png\" alt=\"Suchleiste\" width=\"352\" height=\"88\" \/><\/h1>\n<p class=\"p_tc\">Wenn Sie mit der Eingabe beginnen, f\u00fcllt die intelligente Suchfunktion automatisch die Ergebnisse, die Ihrer Suche entsprechen.<\/p>\n<p class=\"p_tc\"><img decoding=\"async\" class=\"alignnone size-full wp-image-16013\" src=\"https:\/\/www.boartlongyear.com\/wp-content\/uploads\/search-bar-populated.png\" alt=\"Suchleiste gef\u00fcllt\" width=\"342\" height=\"389\" \/><\/p>\n<p class=\"p_tc\">Je mehr Sie eingeben, desto feiner werden Ihre Suchergebnisse.<\/p>\n<p class=\"p_tc\"><img decoding=\"async\" class=\"alignnone size-full wp-image-16012\" src=\"https:\/\/www.boartlongyear.com\/wp-content\/uploads\/search-bar-smart-search.png\" alt=\"Suchleiste-Smart-Suche\" width=\"331\" height=\"151\" \/><\/p>\n<\/div><\/div><\/div><\/div>\n\t\t\n\t\t\n\t<\/section>","protected":false},"excerpt":{"rendered":"","protected":false},"author":66,"featured_media":0,"parent":16526,"menu_order":0,"comment_status":"closed","ping_status":"closed","template":"sidebar-dynamic.php","meta":{"_uag_custom_page_level_css":"","_monsterinsights_skip_tracking":false,"_monsterinsights_sitenote_active":false,"_monsterinsights_sitenote_note":"","_monsterinsights_sitenote_category":0,"footnotes":""},"class_list":["post-15988","page","type-page","status-publish","hentry"],"acf":[],"yoast_head":"<!-- This site is optimized with the Yoast SEO plugin v27.4 - https:\/\/yoast.com\/product\/yoast-seo-wordpress\/ -->\n<title>My Drill Store: Overview - Boart Longyear<\/title>\n<meta name=\"description\" content=\"My Drill Store is an easy-to-use online shopping platform for a multitude Boart Longyear-related products. Below is an overview of the navigation.\" \/>\n<meta name=\"robots\" content=\"index, follow, max-snippet:-1, max-image-preview:large, max-video-preview:-1\" \/>\n<link rel=\"canonical\" href=\"https:\/\/www.boartlongyear.com\/de\/my-drill-store\/overview\/\" \/>\n<meta property=\"og:locale\" content=\"de_DE\" \/>\n<meta property=\"og:type\" content=\"article\" \/>\n<meta property=\"og:title\" content=\"My Drill Store: Overview - Boart Longyear\" \/>\n<meta property=\"og:description\" content=\"My Drill Store is an easy-to-use online shopping platform for a multitude Boart Longyear-related products. Below is an overview of the navigation.\" \/>\n<meta property=\"og:url\" content=\"https:\/\/www.boartlongyear.com\/de\/my-drill-store\/overview\/\" \/>\n<meta property=\"og:site_name\" content=\"Boart Longyear\" \/>\n<meta property=\"article:publisher\" content=\"https:\/\/www.facebook.com\/boartlongyearcareers\" \/>\n<meta property=\"article:modified_time\" content=\"2020-03-30T21:14:19+00:00\" \/>\n<meta property=\"og:image\" content=\"https:\/\/www.boartlongyear.com\/wp-content\/uploads\/smart-search1.gif\" \/>\n<meta name=\"twitter:label1\" content=\"Gesch\u00e4tzte Lesezeit\" \/>\n\t<meta name=\"twitter:data1\" content=\"3 Minuten\" \/>\n<script type=\"application\/ld+json\" class=\"yoast-schema-graph\">{\"@context\":\"https:\\\/\\\/schema.org\",\"@graph\":[{\"@type\":\"WebPage\",\"@id\":\"https:\\\/\\\/www.boartlongyear.com\\\/my-drill-store\\\/overview\\\/\",\"url\":\"https:\\\/\\\/www.boartlongyear.com\\\/my-drill-store\\\/overview\\\/\",\"name\":\"My Drill Store: Overview - Boart Longyear\",\"isPartOf\":{\"@id\":\"https:\\\/\\\/www.boartlongyear.com\\\/#website\"},\"primaryImageOfPage\":{\"@id\":\"https:\\\/\\\/www.boartlongyear.com\\\/my-drill-store\\\/overview\\\/#primaryimage\"},\"image\":{\"@id\":\"https:\\\/\\\/www.boartlongyear.com\\\/my-drill-store\\\/overview\\\/#primaryimage\"},\"thumbnailUrl\":\"https:\\\/\\\/www.boartlongyear.com\\\/wp-content\\\/uploads\\\/smart-search1.gif\",\"datePublished\":\"2016-06-15T22:24:15+00:00\",\"dateModified\":\"2020-03-30T21:14:19+00:00\",\"description\":\"My Drill Store is an easy-to-use online shopping platform for a multitude Boart Longyear-related products. Below is an overview of the navigation.\",\"breadcrumb\":{\"@id\":\"https:\\\/\\\/www.boartlongyear.com\\\/my-drill-store\\\/overview\\\/#breadcrumb\"},\"inLanguage\":\"de-DE\",\"potentialAction\":[{\"@type\":\"ReadAction\",\"target\":[\"https:\\\/\\\/www.boartlongyear.com\\\/my-drill-store\\\/overview\\\/\"]}]},{\"@type\":\"ImageObject\",\"inLanguage\":\"de-DE\",\"@id\":\"https:\\\/\\\/www.boartlongyear.com\\\/my-drill-store\\\/overview\\\/#primaryimage\",\"url\":\"https:\\\/\\\/www.boartlongyear.com\\\/wp-content\\\/uploads\\\/smart-search1.gif\",\"contentUrl\":\"https:\\\/\\\/www.boartlongyear.com\\\/wp-content\\\/uploads\\\/smart-search1.gif\"},{\"@type\":\"BreadcrumbList\",\"@id\":\"https:\\\/\\\/www.boartlongyear.com\\\/my-drill-store\\\/overview\\\/#breadcrumb\",\"itemListElement\":[{\"@type\":\"ListItem\",\"position\":1,\"name\":\"Home\",\"item\":\"https:\\\/\\\/www.boartlongyear.com\\\/\"},{\"@type\":\"ListItem\",\"position\":2,\"name\":\"My Drill Store\",\"item\":\"https:\\\/\\\/www.boartlongyear.com\\\/my-drill-store\\\/\"},{\"@type\":\"ListItem\",\"position\":3,\"name\":\"My Drill Store: Overview\"}]},{\"@type\":\"WebSite\",\"@id\":\"https:\\\/\\\/www.boartlongyear.com\\\/#website\",\"url\":\"https:\\\/\\\/www.boartlongyear.com\\\/\",\"name\":\"Boart Longyear\",\"description\":\"\",\"publisher\":{\"@id\":\"https:\\\/\\\/www.boartlongyear.com\\\/#organization\"},\"potentialAction\":[{\"@type\":\"SearchAction\",\"target\":{\"@type\":\"EntryPoint\",\"urlTemplate\":\"https:\\\/\\\/www.boartlongyear.com\\\/?s={search_term_string}\"},\"query-input\":{\"@type\":\"PropertyValueSpecification\",\"valueRequired\":true,\"valueName\":\"search_term_string\"}}],\"inLanguage\":\"de-DE\"},{\"@type\":\"Organization\",\"@id\":\"https:\\\/\\\/www.boartlongyear.com\\\/#organization\",\"name\":\"Boart Longyear\",\"url\":\"https:\\\/\\\/www.boartlongyear.com\\\/\",\"logo\":{\"@type\":\"ImageObject\",\"inLanguage\":\"de-DE\",\"@id\":\"https:\\\/\\\/www.boartlongyear.com\\\/#\\\/schema\\\/logo\\\/image\\\/\",\"url\":\"https:\\\/\\\/www.boartlongyear.com\\\/wp-content\\\/uploads\\\/BLY-Double-Stack.png\",\"contentUrl\":\"https:\\\/\\\/www.boartlongyear.com\\\/wp-content\\\/uploads\\\/BLY-Double-Stack.png\",\"width\":400,\"height\":100,\"caption\":\"Boart Longyear\"},\"image\":{\"@id\":\"https:\\\/\\\/www.boartlongyear.com\\\/#\\\/schema\\\/logo\\\/image\\\/\"},\"sameAs\":[\"https:\\\/\\\/www.facebook.com\\\/boartlongyearcareers\",\"https:\\\/\\\/x.com\\\/boartlongyear\",\"https:\\\/\\\/www.instagram.com\\\/boartlongyear\",\"https:\\\/\\\/www.linkedin.com\\\/company\\\/boart-longyear\",\"https:\\\/\\\/www.youtube.com\\\/user\\\/BoartLongyear1\"]}]}<\/script>\n<!-- \/ Yoast SEO plugin. -->","yoast_head_json":{"title":"Mein Drill Store: \u00dcberblick - Boart Longyear","description":"My Drill Store ist eine benutzerfreundliche Online-Einkaufsplattform f\u00fcr eine Vielzahl von Produkten von Boart Longyear. Unten finden Sie eine \u00dcbersicht \u00fcber die Navigation.","robots":{"index":"index","follow":"follow","max-snippet":"max-snippet:-1","max-image-preview":"max-image-preview:large","max-video-preview":"max-video-preview:-1"},"canonical":"https:\/\/www.boartlongyear.com\/de\/my-drill-store\/overview\/","og_locale":"de_DE","og_type":"article","og_title":"My Drill Store: Overview - Boart Longyear","og_description":"My Drill Store is an easy-to-use online shopping platform for a multitude Boart Longyear-related products. Below is an overview of the navigation.","og_url":"https:\/\/www.boartlongyear.com\/de\/my-drill-store\/overview\/","og_site_name":"Boart Longyear","article_publisher":"https:\/\/www.facebook.com\/boartlongyearcareers","article_modified_time":"2020-03-30T21:14:19+00:00","og_image":[{"url":"https:\/\/www.boartlongyear.com\/wp-content\/uploads\/smart-search1.gif","type":"","width":"","height":""}],"twitter_misc":{"Gesch\u00e4tzte Lesezeit":"3 Minuten"},"schema":{"@context":"https:\/\/schema.org","@graph":[{"@type":"WebPage","@id":"https:\/\/www.boartlongyear.com\/my-drill-store\/overview\/","url":"https:\/\/www.boartlongyear.com\/my-drill-store\/overview\/","name":"Mein Drill Store: \u00dcberblick - Boart Longyear","isPartOf":{"@id":"https:\/\/www.boartlongyear.com\/#website"},"primaryImageOfPage":{"@id":"https:\/\/www.boartlongyear.com\/my-drill-store\/overview\/#primaryimage"},"image":{"@id":"https:\/\/www.boartlongyear.com\/my-drill-store\/overview\/#primaryimage"},"thumbnailUrl":"https:\/\/www.boartlongyear.com\/wp-content\/uploads\/smart-search1.gif","datePublished":"2016-06-15T22:24:15+00:00","dateModified":"2020-03-30T21:14:19+00:00","description":"My Drill Store ist eine benutzerfreundliche Online-Einkaufsplattform f\u00fcr eine Vielzahl von Produkten von Boart Longyear. Unten finden Sie eine \u00dcbersicht \u00fcber die Navigation.","breadcrumb":{"@id":"https:\/\/www.boartlongyear.com\/my-drill-store\/overview\/#breadcrumb"},"inLanguage":"de-DE","potentialAction":[{"@type":"ReadAction","target":["https:\/\/www.boartlongyear.com\/my-drill-store\/overview\/"]}]},{"@type":"ImageObject","inLanguage":"de-DE","@id":"https:\/\/www.boartlongyear.com\/my-drill-store\/overview\/#primaryimage","url":"https:\/\/www.boartlongyear.com\/wp-content\/uploads\/smart-search1.gif","contentUrl":"https:\/\/www.boartlongyear.com\/wp-content\/uploads\/smart-search1.gif"},{"@type":"BreadcrumbList","@id":"https:\/\/www.boartlongyear.com\/my-drill-store\/overview\/#breadcrumb","itemListElement":[{"@type":"ListItem","position":1,"name":"Home","item":"https:\/\/www.boartlongyear.com\/"},{"@type":"ListItem","position":2,"name":"My Drill Store","item":"https:\/\/www.boartlongyear.com\/my-drill-store\/"},{"@type":"ListItem","position":3,"name":"My Drill Store: Overview"}]},{"@type":"WebSite","@id":"https:\/\/www.boartlongyear.com\/#website","url":"https:\/\/www.boartlongyear.com\/","name":"Boart Longyear","description":"","publisher":{"@id":"https:\/\/www.boartlongyear.com\/#organization"},"potentialAction":[{"@type":"SearchAction","target":{"@type":"EntryPoint","urlTemplate":"https:\/\/www.boartlongyear.com\/?s={search_term_string}"},"query-input":{"@type":"PropertyValueSpecification","valueRequired":true,"valueName":"search_term_string"}}],"inLanguage":"de-DE"},{"@type":"Organization","@id":"https:\/\/www.boartlongyear.com\/#organization","name":"Boart Longyear","url":"https:\/\/www.boartlongyear.com\/","logo":{"@type":"ImageObject","inLanguage":"de-DE","@id":"https:\/\/www.boartlongyear.com\/#\/schema\/logo\/image\/","url":"https:\/\/www.boartlongyear.com\/wp-content\/uploads\/BLY-Double-Stack.png","contentUrl":"https:\/\/www.boartlongyear.com\/wp-content\/uploads\/BLY-Double-Stack.png","width":400,"height":100,"caption":"Boart Longyear"},"image":{"@id":"https:\/\/www.boartlongyear.com\/#\/schema\/logo\/image\/"},"sameAs":["https:\/\/www.facebook.com\/boartlongyearcareers","https:\/\/x.com\/boartlongyear","https:\/\/www.instagram.com\/boartlongyear","https:\/\/www.linkedin.com\/company\/boart-longyear","https:\/\/www.youtube.com\/user\/BoartLongyear1"]}]}},"uagb_featured_image_src":{"full":false,"thumbnail":false,"medium":false,"medium_large":false,"large":false,"RoboGalleryMansoryImagesCenter":false,"RoboGalleryPreload":false,"1536x1536":false,"2048x2048":false,"trp-custom-language-flag":false,"alm-thumbnail":false,"tptn_thumbnail":false},"uagb_author_info":{"display_name":"Marketing","author_link":"https:\/\/www.boartlongyear.com\/de\/insite\/author\/jamesburris\/"},"uagb_comment_info":0,"uagb_excerpt":null,"_links":{"self":[{"href":"https:\/\/www.boartlongyear.com\/de\/wp-json\/wp\/v2\/pages\/15988","targetHints":{"allow":["GET"]}}],"collection":[{"href":"https:\/\/www.boartlongyear.com\/de\/wp-json\/wp\/v2\/pages"}],"about":[{"href":"https:\/\/www.boartlongyear.com\/de\/wp-json\/wp\/v2\/types\/page"}],"author":[{"embeddable":true,"href":"https:\/\/www.boartlongyear.com\/de\/wp-json\/wp\/v2\/users\/66"}],"replies":[{"embeddable":true,"href":"https:\/\/www.boartlongyear.com\/de\/wp-json\/wp\/v2\/comments?post=15988"}],"version-history":[{"count":0,"href":"https:\/\/www.boartlongyear.com\/de\/wp-json\/wp\/v2\/pages\/15988\/revisions"}],"up":[{"embeddable":true,"href":"https:\/\/www.boartlongyear.com\/de\/wp-json\/wp\/v2\/pages\/16526"}],"wp:attachment":[{"href":"https:\/\/www.boartlongyear.com\/de\/wp-json\/wp\/v2\/media?parent=15988"}],"curies":[{"name":"wp","href":"https:\/\/api.w.org\/{rel}","templated":true}]}}