{"id":16026,"date":"2016-06-15T16:23:53","date_gmt":"2016-06-15T22:23:53","guid":{"rendered":"https:\/\/www.boartlongyear.com\/?page_id=16026"},"modified":"2017-07-31T13:47:02","modified_gmt":"2017-07-31T19:47:02","slug":"part-lookup","status":"publish","type":"page","link":"https:\/\/www.boartlongyear.com\/de\/my-drill-store\/part-lookup\/","title":{"rendered":"Mein Bohrladen: Nachschlagen der Teile"},"content":{"rendered":"<section class=\"tcvpb_section_tc\">\n\t\t\n\t\t<div class=\"tcvpb_section_content\"><div class=\"tcvpb_container\"><div class=\"tcvpb_column_tc_span12\"><h1  ><span>Mein Bohrladen: Nachschlagen der Teile<\/span><\/h1><div  class=\"\" >\n<p class=\"p_tc\"><img decoding=\"async\" class=\"size-full wp-image-16028 alignleft\" src=\"https:\/\/www.boartlongyear.com\/wp-content\/uploads\/part-lookup-button.png\" alt=\"Teil-Lookup-Taste\" width=\"130\" height=\"53\"><\/p>\n<p class=\"p_tc\">Klicken Sie auf die <strong>Teilabfrage<\/strong>&nbsp;Der Hauptmen\u00fcpunkt \u00f6ffnet ein neues Fenster zur Boart Longyear-Website. Unsere <strong>Service- und Ersatzteil-Informationsnetz (SPIN)<\/strong> ist eine Datenbank, die wir unseren Kunden zur Verf\u00fcgung stellen, um auf unsere Teile, Produkte und detaillierten Informationen zuzugreifen, einschlie\u00dflich Teilenamen, Teilenummern und technischen Zeichnungen. Melden Sie sich an, durchsuchen Sie die Bibliothek oder durchsuchen Sie sie, um auf Teilezeichnungen und Bauteilinformationen zuzugreifen, und erstellen Sie sogar eine Liste, mit der Sie die ben\u00f6tigten Teile bestellen k\u00f6nnen. Wenn Sie bereits ein SPIN-Login haben, klicken Sie auf <a href=\"https:\/\/documoto.digabit.com\/Portal\/index.jsp?tk=BOARTLY\" target=\"_blank\" rel=\"noopener noreferrer\"><strong>Greifen Sie hier auf SPIN zu<\/strong><\/a> auf der Unterseite des <a href=\"https:\/\/www.boartlongyear.com\/de\/parts-and-services\/genuine-parts\/\" target=\"_blank\" rel=\"noopener noreferrer\">Originalteile <\/a>Seite. Wenn Sie noch kein Login haben, k\u00f6nnen Sie die Registrierung durch Klicken auf anfordern <a href=\"https:\/\/www.boartlongyear.com\/de\/parts-and-services\/spin-login-request\/\" target=\"_blank\" rel=\"noopener noreferrer\"><strong>Zugang hier anfordern<\/strong><\/a> am unteren Rand der Seite.<\/p>\n<p class=\"p_tc\"><a href=\"https:\/\/www.boartlongyear.com\/de\/parts-and-services\/genuine-parts\/\" target=\"_blank\" rel=\"noopener noreferrer\"><img decoding=\"async\" class=\"aligncenter wp-image-16029 size-full\" src=\"https:\/\/www.boartlongyear.com\/wp-content\/uploads\/SPIN-login.png\" alt=\"SPIN-Login\" width=\"697\" height=\"113\"><\/a><\/p>\n<p class=\"p_tc\">Bei der ersten Anmeldung werden Sie aufgefordert, Ihr Kennwort in ein f\u00fcr Sie spezifisches Format zu \u00e4ndern. So \u00e4ndern Sie Ihr Passwort in SPIN:<\/p>\n<ul>\n<li>Klicken <strong>Einstellungen<\/strong> befindet sich in der oberen rechten Ecke des Anwendungsbildschirms und \u00f6ffnet ein neues Fenster.<\/li>\n<li>Klicken Sie unten in das Feld <strong>Passwort erneuern<\/strong> und geben Sie das bereitgestellte Passwort ein. Bei der Eingabe des tempor\u00e4ren Passworts a <strong>Neues Kennwort<\/strong> Feld erscheint. Geben Sie Ihr neues Passwort ein und best\u00e4tigen Sie das Passwort. Klicken <strong>sparen<\/strong>.<\/li>\n<\/ul>\n<p class=\"p_tc\">* <em>Wenn die <strong>sparen<\/strong> Wenn die Schaltfl\u00e4che nicht aktiviert wird, klicken Sie erneut in das zweite neue Kennwortfeld, gehen Sie einmal zur\u00fcck und geben Sie dann das letzte Zeichen ein. Dies sollte das aktivieren <strong>sparen<\/strong> Taste.&nbsp;<\/em><\/p>\n<ul>\n<li>Sie k\u00f6nnen SPIN verwenden.<\/li>\n<\/ul>\n<\/div><\/div><\/div><\/div>\n\t\t\n\t\t\n\t<\/section>","protected":false},"excerpt":{"rendered":"","protected":false},"author":66,"featured_media":0,"parent":16526,"menu_order":0,"comment_status":"closed","ping_status":"closed","template":"sidebar-dynamic.php","meta":{"_uag_custom_page_level_css":"","_monsterinsights_skip_tracking":false,"_monsterinsights_sitenote_active":false,"_monsterinsights_sitenote_note":"","_monsterinsights_sitenote_category":0,"footnotes":""},"class_list":["post-16026","page","type-page","status-publish","hentry"],"acf":[],"yoast_head":"<!-- This site is optimized with the Yoast SEO plugin v27.4 - https:\/\/yoast.com\/product\/yoast-seo-wordpress\/ -->\n<title>My Drill Store: Part Lookup - Boart Longyear<\/title>\n<meta name=\"robots\" content=\"index, follow, max-snippet:-1, max-image-preview:large, max-video-preview:-1\" \/>\n<link rel=\"canonical\" href=\"https:\/\/www.boartlongyear.com\/de\/my-drill-store\/part-lookup\/\" \/>\n<meta property=\"og:locale\" content=\"de_DE\" \/>\n<meta property=\"og:type\" content=\"article\" \/>\n<meta property=\"og:title\" content=\"My Drill Store: Part Lookup - Boart Longyear\" \/>\n<meta property=\"og:url\" content=\"https:\/\/www.boartlongyear.com\/de\/my-drill-store\/part-lookup\/\" \/>\n<meta property=\"og:site_name\" content=\"Boart Longyear\" \/>\n<meta property=\"article:publisher\" content=\"https:\/\/www.facebook.com\/boartlongyearcareers\" \/>\n<meta property=\"article:modified_time\" content=\"2017-07-31T19:47:02+00:00\" \/>\n<meta property=\"og:image\" content=\"https:\/\/www.boartlongyear.com\/wp-content\/uploads\/part-lookup-button.png\" \/>\n<meta name=\"twitter:label1\" content=\"Gesch\u00e4tzte Lesezeit\" \/>\n\t<meta name=\"twitter:data1\" content=\"1 Minute\" \/>\n<script type=\"application\/ld+json\" class=\"yoast-schema-graph\">{\"@context\":\"https:\\\/\\\/schema.org\",\"@graph\":[{\"@type\":\"WebPage\",\"@id\":\"https:\\\/\\\/www.boartlongyear.com\\\/my-drill-store\\\/part-lookup\\\/\",\"url\":\"https:\\\/\\\/www.boartlongyear.com\\\/my-drill-store\\\/part-lookup\\\/\",\"name\":\"My Drill Store: Part Lookup - Boart Longyear\",\"isPartOf\":{\"@id\":\"https:\\\/\\\/www.boartlongyear.com\\\/#website\"},\"primaryImageOfPage\":{\"@id\":\"https:\\\/\\\/www.boartlongyear.com\\\/my-drill-store\\\/part-lookup\\\/#primaryimage\"},\"image\":{\"@id\":\"https:\\\/\\\/www.boartlongyear.com\\\/my-drill-store\\\/part-lookup\\\/#primaryimage\"},\"thumbnailUrl\":\"https:\\\/\\\/www.boartlongyear.com\\\/wp-content\\\/uploads\\\/part-lookup-button.png\",\"datePublished\":\"2016-06-15T22:23:53+00:00\",\"dateModified\":\"2017-07-31T19:47:02+00:00\",\"breadcrumb\":{\"@id\":\"https:\\\/\\\/www.boartlongyear.com\\\/my-drill-store\\\/part-lookup\\\/#breadcrumb\"},\"inLanguage\":\"de-DE\",\"potentialAction\":[{\"@type\":\"ReadAction\",\"target\":[\"https:\\\/\\\/www.boartlongyear.com\\\/my-drill-store\\\/part-lookup\\\/\"]}]},{\"@type\":\"ImageObject\",\"inLanguage\":\"de-DE\",\"@id\":\"https:\\\/\\\/www.boartlongyear.com\\\/my-drill-store\\\/part-lookup\\\/#primaryimage\",\"url\":\"https:\\\/\\\/www.boartlongyear.com\\\/wp-content\\\/uploads\\\/part-lookup-button.png\",\"contentUrl\":\"https:\\\/\\\/www.boartlongyear.com\\\/wp-content\\\/uploads\\\/part-lookup-button.png\"},{\"@type\":\"BreadcrumbList\",\"@id\":\"https:\\\/\\\/www.boartlongyear.com\\\/my-drill-store\\\/part-lookup\\\/#breadcrumb\",\"itemListElement\":[{\"@type\":\"ListItem\",\"position\":1,\"name\":\"Home\",\"item\":\"https:\\\/\\\/www.boartlongyear.com\\\/\"},{\"@type\":\"ListItem\",\"position\":2,\"name\":\"My Drill Store\",\"item\":\"https:\\\/\\\/www.boartlongyear.com\\\/my-drill-store\\\/\"},{\"@type\":\"ListItem\",\"position\":3,\"name\":\"My Drill Store: Part Lookup\"}]},{\"@type\":\"WebSite\",\"@id\":\"https:\\\/\\\/www.boartlongyear.com\\\/#website\",\"url\":\"https:\\\/\\\/www.boartlongyear.com\\\/\",\"name\":\"Boart Longyear\",\"description\":\"\",\"publisher\":{\"@id\":\"https:\\\/\\\/www.boartlongyear.com\\\/#organization\"},\"potentialAction\":[{\"@type\":\"SearchAction\",\"target\":{\"@type\":\"EntryPoint\",\"urlTemplate\":\"https:\\\/\\\/www.boartlongyear.com\\\/?s={search_term_string}\"},\"query-input\":{\"@type\":\"PropertyValueSpecification\",\"valueRequired\":true,\"valueName\":\"search_term_string\"}}],\"inLanguage\":\"de-DE\"},{\"@type\":\"Organization\",\"@id\":\"https:\\\/\\\/www.boartlongyear.com\\\/#organization\",\"name\":\"Boart Longyear\",\"url\":\"https:\\\/\\\/www.boartlongyear.com\\\/\",\"logo\":{\"@type\":\"ImageObject\",\"inLanguage\":\"de-DE\",\"@id\":\"https:\\\/\\\/www.boartlongyear.com\\\/#\\\/schema\\\/logo\\\/image\\\/\",\"url\":\"https:\\\/\\\/www.boartlongyear.com\\\/wp-content\\\/uploads\\\/BLY-Double-Stack.png\",\"contentUrl\":\"https:\\\/\\\/www.boartlongyear.com\\\/wp-content\\\/uploads\\\/BLY-Double-Stack.png\",\"width\":400,\"height\":100,\"caption\":\"Boart Longyear\"},\"image\":{\"@id\":\"https:\\\/\\\/www.boartlongyear.com\\\/#\\\/schema\\\/logo\\\/image\\\/\"},\"sameAs\":[\"https:\\\/\\\/www.facebook.com\\\/boartlongyearcareers\",\"https:\\\/\\\/x.com\\\/boartlongyear\",\"https:\\\/\\\/www.instagram.com\\\/boartlongyear\",\"https:\\\/\\\/www.linkedin.com\\\/company\\\/boart-longyear\",\"https:\\\/\\\/www.youtube.com\\\/user\\\/BoartLongyear1\"]}]}<\/script>\n<!-- \/ Yoast SEO plugin. -->","yoast_head_json":{"title":"Mein Drill Store: Nachschlagen - Boart Longyear","robots":{"index":"index","follow":"follow","max-snippet":"max-snippet:-1","max-image-preview":"max-image-preview:large","max-video-preview":"max-video-preview:-1"},"canonical":"https:\/\/www.boartlongyear.com\/de\/my-drill-store\/part-lookup\/","og_locale":"de_DE","og_type":"article","og_title":"My Drill Store: Part Lookup - Boart Longyear","og_url":"https:\/\/www.boartlongyear.com\/de\/my-drill-store\/part-lookup\/","og_site_name":"Boart Longyear","article_publisher":"https:\/\/www.facebook.com\/boartlongyearcareers","article_modified_time":"2017-07-31T19:47:02+00:00","og_image":[{"url":"https:\/\/www.boartlongyear.com\/wp-content\/uploads\/part-lookup-button.png","type":"","width":"","height":""}],"twitter_misc":{"Gesch\u00e4tzte Lesezeit":"1 Minute"},"schema":{"@context":"https:\/\/schema.org","@graph":[{"@type":"WebPage","@id":"https:\/\/www.boartlongyear.com\/my-drill-store\/part-lookup\/","url":"https:\/\/www.boartlongyear.com\/my-drill-store\/part-lookup\/","name":"Mein Drill Store: Nachschlagen - Boart Longyear","isPartOf":{"@id":"https:\/\/www.boartlongyear.com\/#website"},"primaryImageOfPage":{"@id":"https:\/\/www.boartlongyear.com\/my-drill-store\/part-lookup\/#primaryimage"},"image":{"@id":"https:\/\/www.boartlongyear.com\/my-drill-store\/part-lookup\/#primaryimage"},"thumbnailUrl":"https:\/\/www.boartlongyear.com\/wp-content\/uploads\/part-lookup-button.png","datePublished":"2016-06-15T22:23:53+00:00","dateModified":"2017-07-31T19:47:02+00:00","breadcrumb":{"@id":"https:\/\/www.boartlongyear.com\/my-drill-store\/part-lookup\/#breadcrumb"},"inLanguage":"de-DE","potentialAction":[{"@type":"ReadAction","target":["https:\/\/www.boartlongyear.com\/my-drill-store\/part-lookup\/"]}]},{"@type":"ImageObject","inLanguage":"de-DE","@id":"https:\/\/www.boartlongyear.com\/my-drill-store\/part-lookup\/#primaryimage","url":"https:\/\/www.boartlongyear.com\/wp-content\/uploads\/part-lookup-button.png","contentUrl":"https:\/\/www.boartlongyear.com\/wp-content\/uploads\/part-lookup-button.png"},{"@type":"BreadcrumbList","@id":"https:\/\/www.boartlongyear.com\/my-drill-store\/part-lookup\/#breadcrumb","itemListElement":[{"@type":"ListItem","position":1,"name":"Home","item":"https:\/\/www.boartlongyear.com\/"},{"@type":"ListItem","position":2,"name":"My Drill Store","item":"https:\/\/www.boartlongyear.com\/my-drill-store\/"},{"@type":"ListItem","position":3,"name":"My Drill Store: Part Lookup"}]},{"@type":"WebSite","@id":"https:\/\/www.boartlongyear.com\/#website","url":"https:\/\/www.boartlongyear.com\/","name":"Boart Longyear","description":"","publisher":{"@id":"https:\/\/www.boartlongyear.com\/#organization"},"potentialAction":[{"@type":"SearchAction","target":{"@type":"EntryPoint","urlTemplate":"https:\/\/www.boartlongyear.com\/?s={search_term_string}"},"query-input":{"@type":"PropertyValueSpecification","valueRequired":true,"valueName":"search_term_string"}}],"inLanguage":"de-DE"},{"@type":"Organization","@id":"https:\/\/www.boartlongyear.com\/#organization","name":"Boart Longyear","url":"https:\/\/www.boartlongyear.com\/","logo":{"@type":"ImageObject","inLanguage":"de-DE","@id":"https:\/\/www.boartlongyear.com\/#\/schema\/logo\/image\/","url":"https:\/\/www.boartlongyear.com\/wp-content\/uploads\/BLY-Double-Stack.png","contentUrl":"https:\/\/www.boartlongyear.com\/wp-content\/uploads\/BLY-Double-Stack.png","width":400,"height":100,"caption":"Boart Longyear"},"image":{"@id":"https:\/\/www.boartlongyear.com\/#\/schema\/logo\/image\/"},"sameAs":["https:\/\/www.facebook.com\/boartlongyearcareers","https:\/\/x.com\/boartlongyear","https:\/\/www.instagram.com\/boartlongyear","https:\/\/www.linkedin.com\/company\/boart-longyear","https:\/\/www.youtube.com\/user\/BoartLongyear1"]}]}},"uagb_featured_image_src":{"full":false,"thumbnail":false,"medium":false,"medium_large":false,"large":false,"RoboGalleryMansoryImagesCenter":false,"RoboGalleryPreload":false,"1536x1536":false,"2048x2048":false,"trp-custom-language-flag":false,"alm-thumbnail":false,"tptn_thumbnail":false},"uagb_author_info":{"display_name":"Marketing","author_link":"https:\/\/www.boartlongyear.com\/de\/insite\/author\/jamesburris\/"},"uagb_comment_info":0,"uagb_excerpt":null,"_links":{"self":[{"href":"https:\/\/www.boartlongyear.com\/de\/wp-json\/wp\/v2\/pages\/16026","targetHints":{"allow":["GET"]}}],"collection":[{"href":"https:\/\/www.boartlongyear.com\/de\/wp-json\/wp\/v2\/pages"}],"about":[{"href":"https:\/\/www.boartlongyear.com\/de\/wp-json\/wp\/v2\/types\/page"}],"author":[{"embeddable":true,"href":"https:\/\/www.boartlongyear.com\/de\/wp-json\/wp\/v2\/users\/66"}],"replies":[{"embeddable":true,"href":"https:\/\/www.boartlongyear.com\/de\/wp-json\/wp\/v2\/comments?post=16026"}],"version-history":[{"count":0,"href":"https:\/\/www.boartlongyear.com\/de\/wp-json\/wp\/v2\/pages\/16026\/revisions"}],"up":[{"embeddable":true,"href":"https:\/\/www.boartlongyear.com\/de\/wp-json\/wp\/v2\/pages\/16526"}],"wp:attachment":[{"href":"https:\/\/www.boartlongyear.com\/de\/wp-json\/wp\/v2\/media?parent=16026"}],"curies":[{"name":"wp","href":"https:\/\/api.w.org\/{rel}","templated":true}]}}