{"id":16045,"date":"2016-06-09T12:40:50","date_gmt":"2016-06-09T18:40:50","guid":{"rendered":"https:\/\/www.boartlongyear.com\/?page_id=16045"},"modified":"2017-07-31T14:08:06","modified_gmt":"2017-07-31T20:08:06","slug":"direct-item-entry","status":"publish","type":"page","link":"https:\/\/www.boartlongyear.com\/de\/my-drill-store\/direct-item-entry\/","title":{"rendered":"Mein Drill Store: Direkte Artikeleingabe"},"content":{"rendered":"<section class=\"tcvpb_section_tc\">\n\t\t\n\t\t<div class=\"tcvpb_section_content\"><div class=\"tcvpb_container\"><div class=\"tcvpb_column_tc_span12\"><h1  ><span>Mein Drill Store: Direkte Artikeleingabe<\/span><\/h1><div  class=\"\" >\n<p class=\"p_tc\"><img decoding=\"async\" class=\"alignnone wp-image-16041 size-full\" src=\"https:\/\/www.boartlongyear.com\/wp-content\/uploads\/direct-item-entry.png\" width=\"139\" height=\"38\" \/><\/p>\n<p class=\"p_tc\"><img decoding=\"async\" class=\"size-full wp-image-16638 aligncenter\" src=\"https:\/\/www.boartlongyear.com\/wp-content\/uploads\/directitementry1.gif\" alt=\"directitementry1\" width=\"360\" height=\"203\" \/><\/p>\n<p class=\"p_tc\"><img decoding=\"async\" class=\"size-full wp-image-16042 aligncenter\" src=\"https:\/\/www.boartlongyear.com\/wp-content\/uploads\/direct-item-entry-form.png\" alt=\"Direkteintragsformular\" width=\"817\" height=\"301\" \/><\/p>\n<\/div><h2  ><span>Direkte Artikelerfassung: Manuelle Eingabe<\/span><\/h2><div  class=\"\" >\n<p class=\"p_tc\">Verwenden Sie die <strong>Direkte Artikeleingabe<\/strong>&nbsp;Formular, um manuell Bestellnummern einzugeben. Wenn Sie Kunden-Kundennummern angepasst haben, k\u00f6nnen Sie diese auch hier eingeben. Nachdem Sie die Teilenummern eingegeben haben, w\u00e4hlen Sie die Elemente aus, indem Sie die Kontrollk\u00e4stchen in der Box markieren <strong>W\u00e4hlen<\/strong> Spalte links und klicken Sie auf die <strong>F\u00fcllen Sie die Details aus<\/strong> Taste. Sicherstellen, dass die <strong>Artikelname<\/strong> ist korrekt, sobald das Formular ausgef\u00fcllt ist, und klicken Sie auf <strong>In den Warenkorb legen.<\/strong><\/p>\n<\/div><h2  ><span>Direkte Artikeleintrag: Tabelleneintrag<\/span><\/h2><div  class=\"\" >\n<p class=\"p_tc\">Sie k\u00f6nnen auch eine Tabelle im .csv-Format (durch Kommas getrennte Werte) hochladen. Es gibt ein bestimmtes Layout, um Ihre Artikelliste erfolgreich hochzuladen. Die \u00dcberschrift jeder Spalte in Ihrer .csv sollte wie folgt lauten: <strong>INV_NUM | UOM | MENGE<\/strong> <strong><em>HINWEIS: Jedes Feld muss Informationen enthalten. Es d\u00fcrfen keine leeren Felder vorhanden sein.<\/em><\/strong><\/p>\n<p class=\"p_tc\"><strong><a href=\"https:\/\/www.boartlongyear.com\/wp-content\/uploads\/direct-item-entry-template.csv\" target=\"_blank\" rel=\"noopener noreferrer\">Laden Sie die csv-Vorlage &quot;Direct Item Entry&quot; herunter<\/a><\/strong><\/p>\n<p class=\"p_tc\">Das <strong>INV_NUM<\/strong> Feld ist die Teilenummer <strong>UOM<\/strong> Das Feld (Ma\u00dfeinheit) sollte immer mit &quot;<strong>EA<\/strong>&quot;, und <strong>MENGE<\/strong> ist die Menge des Teils, das Sie kaufen m\u00f6chten. Stellen Sie beim Speichern sicher, dass die Datei im CSV-Format bleibt.<\/p>\n<p class=\"p_tc\">In dem <strong>Direkte Artikeleingabe<\/strong> Klicken Sie auf die Seite <strong>Hochladen<\/strong> Taste. <img decoding=\"async\" class=\"alignnone size-full wp-image-16048\" src=\"https:\/\/www.boartlongyear.com\/wp-content\/uploads\/direct-item-entry-upload.png\" alt=\"Direkter Artikel-Eintrag-Upload\" width=\"74\" height=\"45\" \/>Dr\u00fccke den <strong>Datei w\u00e4hlen<\/strong> und w\u00e4hlen Sie die gew\u00fcnschte CSV-Datei aus. Klicken <strong>Sich bewerben<\/strong>. Wenn die CSV-Datei ordnungsgem\u00e4\u00df formatiert ist, werden im Formular f\u00fcr die Eingabe der direkten Artikel automatisch die Details der hochgeladenen Elemente angezeigt.<\/p>\n<\/div><div  class=\"tcvpb-image\" ><a href=\"https:\/\/www.boartlongyear.com\/wp-content\/uploads\/direct-item-entry-filledout.png\" class=\"lightbox\" data-lightbox=\"image\"><img decoding=\"async\" src=\"https:\/\/www.boartlongyear.com\/wp-content\/uploads\/direct-item-entry-filledout.png\">\n\t\t\t<canvas class=\"grey-effect\"><\/canvas>\n\t\t\t\n\t\t<\/a><\/div><div  class=\"\" >\n<p class=\"p_tc\">W\u00e4hlen Sie auf der linken Seite des Formulars die Artikel aus, die Sie in den Warenkorb legen m\u00f6chten, und klicken Sie auf <strong>in den Warenkorb legen<\/strong> Taste. Du darfst <strong>W\u00e4hlen Sie Alle <\/strong>im link \u00fcber dem <strong>W\u00e4hlen<\/strong> S\u00e4ule.<\/p>\n<\/div><\/div><\/div><\/div>\n\t\t\n\t\t\n\t<\/section><section class=\"tcvpb_section_tc\" style=\"background-color:rgb(82, 88, 97);\">\n\t\t\n\t\t<div class=\"tcvpb_section_content\"><div class=\"tcvpb_container\"><div class=\"tcvpb_column_tc_span12\"><span class=\"clear\" style=\"height:10px;display:block;\"><\/span><div  class=\"\" >\n<p class=\"p_tc\" style=\"text-align: center;\"><span style=\"font-size: 18pt; color: #ffffff;\"><strong>Bew\u00e4hrte Vorgehensweise: Klicken Sie immer auf die Schaltfl\u00e4che Details zum Ausf\u00fcllen, um \u00fcber Fehler informiert zu werden!<\/strong><\/span><\/p>\n<\/div><\/div><\/div><\/div>\n\t\t\n\t\t\n\t<\/section><section class=\"tcvpb_section_tc\">\n\t\t\n\t\t<div class=\"tcvpb_section_content\"><div class=\"tcvpb_container\"><div class=\"tcvpb_column_tc_span12\"><div  class=\"\" >\n<p class=\"p_tc\">&nbsp;\n<p class=\"p1\"><em><strong>HINWEIS:<\/strong><\/em>&nbsp;Nachdem Sie die Teilenummern entweder manuell oder \u00fcber die .csv-Datei eingegeben haben, klicken Sie auf <strong>W\u00e4hlen Sie Alle<\/strong> Klicken Sie auf den Link <strong>F\u00fcllen Sie die Details aus<\/strong> Taste. Wenn es Teilenummern gibt, die nicht vorhanden sind oder auf andere Weise falsch sind, wird ein rotes X angezeigt.<\/p>\n<p class=\"p1\">&nbsp;\n<p class=\"p1\"><img decoding=\"async\" class=\"alignnone size-full wp-image-16927\" src=\"https:\/\/www.boartlongyear.com\/wp-content\/uploads\/direct-item-entry-error.png\" alt=\"Direkter Artikel-Eingabefehler\" width=\"390\" height=\"106\" srcset=\"https:\/\/www.boartlongyear.com\/wp-content\/uploads\/direct-item-entry-error.png 390w, https:\/\/www.boartlongyear.com\/wp-content\/uploads\/direct-item-entry-error-340x92.png 340w\" sizes=\"(max-width: 390px) 100vw, 390px\" \/><\/p>\n<p class=\"p1\">&nbsp;\n<p class=\"p1\"><strong>Sie k\u00f6nnen dem Einkaufswagen in diesem Bildschirm erst dann Artikel hinzuf\u00fcgen, wenn alle Teilenummern korrekt sind.<\/strong> Sie k\u00f6nnen entweder die fehlerhafte Teilenummer \u00e4ndern oder l\u00f6schen und auf das Symbol klicken <strong>F\u00fcllen Sie die Details aus<\/strong> Schaltfl\u00e4che, um den Fehler zu entfernen. Wenn alle Fehler behoben wurden, k\u00f6nnen Sie Ihre Artikel erfolgreich in den Warenkorb legen.<\/p>\n<\/div><\/div><\/div><\/div>\n\t\t\n\t\t\n\t<\/section>","protected":false},"excerpt":{"rendered":"","protected":false},"author":66,"featured_media":0,"parent":16526,"menu_order":0,"comment_status":"closed","ping_status":"closed","template":"sidebar-dynamic.php","meta":{"_uag_custom_page_level_css":"","_monsterinsights_skip_tracking":false,"_monsterinsights_sitenote_active":false,"_monsterinsights_sitenote_note":"","_monsterinsights_sitenote_category":0,"footnotes":""},"class_list":["post-16045","page","type-page","status-publish","hentry"],"acf":[],"yoast_head":"<!-- This site is optimized with the Yoast SEO plugin v27.4 - https:\/\/yoast.com\/product\/yoast-seo-wordpress\/ -->\n<title>My Drill Store: Direct Item Entry - Boart Longyear<\/title>\n<meta name=\"robots\" content=\"index, follow, max-snippet:-1, max-image-preview:large, max-video-preview:-1\" \/>\n<link rel=\"canonical\" href=\"https:\/\/www.boartlongyear.com\/de\/my-drill-store\/direct-item-entry\/\" \/>\n<meta property=\"og:locale\" content=\"de_DE\" \/>\n<meta property=\"og:type\" content=\"article\" \/>\n<meta property=\"og:title\" content=\"My Drill Store: Direct Item Entry - Boart Longyear\" \/>\n<meta property=\"og:url\" content=\"https:\/\/www.boartlongyear.com\/de\/my-drill-store\/direct-item-entry\/\" \/>\n<meta property=\"og:site_name\" content=\"Boart Longyear\" \/>\n<meta property=\"article:publisher\" content=\"https:\/\/www.facebook.com\/boartlongyearcareers\" \/>\n<meta property=\"article:modified_time\" content=\"2017-07-31T20:08:06+00:00\" \/>\n<meta property=\"og:image\" content=\"https:\/\/www.boartlongyear.com\/wp-content\/uploads\/direct-item-entry.png\" \/>\n<meta name=\"twitter:label1\" content=\"Gesch\u00e4tzte Lesezeit\" \/>\n\t<meta name=\"twitter:data1\" content=\"3 Minuten\" \/>\n<script type=\"application\/ld+json\" class=\"yoast-schema-graph\">{\"@context\":\"https:\\\/\\\/schema.org\",\"@graph\":[{\"@type\":\"WebPage\",\"@id\":\"https:\\\/\\\/www.boartlongyear.com\\\/my-drill-store\\\/direct-item-entry\\\/\",\"url\":\"https:\\\/\\\/www.boartlongyear.com\\\/my-drill-store\\\/direct-item-entry\\\/\",\"name\":\"My Drill Store: Direct Item Entry - Boart Longyear\",\"isPartOf\":{\"@id\":\"https:\\\/\\\/www.boartlongyear.com\\\/#website\"},\"primaryImageOfPage\":{\"@id\":\"https:\\\/\\\/www.boartlongyear.com\\\/my-drill-store\\\/direct-item-entry\\\/#primaryimage\"},\"image\":{\"@id\":\"https:\\\/\\\/www.boartlongyear.com\\\/my-drill-store\\\/direct-item-entry\\\/#primaryimage\"},\"thumbnailUrl\":\"https:\\\/\\\/www.boartlongyear.com\\\/wp-content\\\/uploads\\\/direct-item-entry.png\",\"datePublished\":\"2016-06-09T18:40:50+00:00\",\"dateModified\":\"2017-07-31T20:08:06+00:00\",\"breadcrumb\":{\"@id\":\"https:\\\/\\\/www.boartlongyear.com\\\/my-drill-store\\\/direct-item-entry\\\/#breadcrumb\"},\"inLanguage\":\"de-DE\",\"potentialAction\":[{\"@type\":\"ReadAction\",\"target\":[\"https:\\\/\\\/www.boartlongyear.com\\\/my-drill-store\\\/direct-item-entry\\\/\"]}]},{\"@type\":\"ImageObject\",\"inLanguage\":\"de-DE\",\"@id\":\"https:\\\/\\\/www.boartlongyear.com\\\/my-drill-store\\\/direct-item-entry\\\/#primaryimage\",\"url\":\"https:\\\/\\\/www.boartlongyear.com\\\/wp-content\\\/uploads\\\/direct-item-entry.png\",\"contentUrl\":\"https:\\\/\\\/www.boartlongyear.com\\\/wp-content\\\/uploads\\\/direct-item-entry.png\"},{\"@type\":\"BreadcrumbList\",\"@id\":\"https:\\\/\\\/www.boartlongyear.com\\\/my-drill-store\\\/direct-item-entry\\\/#breadcrumb\",\"itemListElement\":[{\"@type\":\"ListItem\",\"position\":1,\"name\":\"Home\",\"item\":\"https:\\\/\\\/www.boartlongyear.com\\\/\"},{\"@type\":\"ListItem\",\"position\":2,\"name\":\"My Drill Store\",\"item\":\"https:\\\/\\\/www.boartlongyear.com\\\/my-drill-store\\\/\"},{\"@type\":\"ListItem\",\"position\":3,\"name\":\"My Drill Store: Direct Item Entry\"}]},{\"@type\":\"WebSite\",\"@id\":\"https:\\\/\\\/www.boartlongyear.com\\\/#website\",\"url\":\"https:\\\/\\\/www.boartlongyear.com\\\/\",\"name\":\"Boart Longyear\",\"description\":\"\",\"publisher\":{\"@id\":\"https:\\\/\\\/www.boartlongyear.com\\\/#organization\"},\"potentialAction\":[{\"@type\":\"SearchAction\",\"target\":{\"@type\":\"EntryPoint\",\"urlTemplate\":\"https:\\\/\\\/www.boartlongyear.com\\\/?s={search_term_string}\"},\"query-input\":{\"@type\":\"PropertyValueSpecification\",\"valueRequired\":true,\"valueName\":\"search_term_string\"}}],\"inLanguage\":\"de-DE\"},{\"@type\":\"Organization\",\"@id\":\"https:\\\/\\\/www.boartlongyear.com\\\/#organization\",\"name\":\"Boart Longyear\",\"url\":\"https:\\\/\\\/www.boartlongyear.com\\\/\",\"logo\":{\"@type\":\"ImageObject\",\"inLanguage\":\"de-DE\",\"@id\":\"https:\\\/\\\/www.boartlongyear.com\\\/#\\\/schema\\\/logo\\\/image\\\/\",\"url\":\"https:\\\/\\\/www.boartlongyear.com\\\/wp-content\\\/uploads\\\/BLY-Double-Stack.png\",\"contentUrl\":\"https:\\\/\\\/www.boartlongyear.com\\\/wp-content\\\/uploads\\\/BLY-Double-Stack.png\",\"width\":400,\"height\":100,\"caption\":\"Boart Longyear\"},\"image\":{\"@id\":\"https:\\\/\\\/www.boartlongyear.com\\\/#\\\/schema\\\/logo\\\/image\\\/\"},\"sameAs\":[\"https:\\\/\\\/www.facebook.com\\\/boartlongyearcareers\",\"https:\\\/\\\/x.com\\\/boartlongyear\",\"https:\\\/\\\/www.instagram.com\\\/boartlongyear\",\"https:\\\/\\\/www.linkedin.com\\\/company\\\/boart-longyear\",\"https:\\\/\\\/www.youtube.com\\\/user\\\/BoartLongyear1\"]}]}<\/script>\n<!-- \/ Yoast SEO plugin. -->","yoast_head_json":{"title":"Mein Drill Store: Direkte Artikeleingabe - Boart Longyear","robots":{"index":"index","follow":"follow","max-snippet":"max-snippet:-1","max-image-preview":"max-image-preview:large","max-video-preview":"max-video-preview:-1"},"canonical":"https:\/\/www.boartlongyear.com\/de\/my-drill-store\/direct-item-entry\/","og_locale":"de_DE","og_type":"article","og_title":"My Drill Store: Direct Item Entry - Boart Longyear","og_url":"https:\/\/www.boartlongyear.com\/de\/my-drill-store\/direct-item-entry\/","og_site_name":"Boart Longyear","article_publisher":"https:\/\/www.facebook.com\/boartlongyearcareers","article_modified_time":"2017-07-31T20:08:06+00:00","og_image":[{"url":"https:\/\/www.boartlongyear.com\/wp-content\/uploads\/direct-item-entry.png","type":"","width":"","height":""}],"twitter_misc":{"Gesch\u00e4tzte Lesezeit":"3 Minuten"},"schema":{"@context":"https:\/\/schema.org","@graph":[{"@type":"WebPage","@id":"https:\/\/www.boartlongyear.com\/my-drill-store\/direct-item-entry\/","url":"https:\/\/www.boartlongyear.com\/my-drill-store\/direct-item-entry\/","name":"Mein Drill Store: Direkte Artikeleingabe - Boart Longyear","isPartOf":{"@id":"https:\/\/www.boartlongyear.com\/#website"},"primaryImageOfPage":{"@id":"https:\/\/www.boartlongyear.com\/my-drill-store\/direct-item-entry\/#primaryimage"},"image":{"@id":"https:\/\/www.boartlongyear.com\/my-drill-store\/direct-item-entry\/#primaryimage"},"thumbnailUrl":"https:\/\/www.boartlongyear.com\/wp-content\/uploads\/direct-item-entry.png","datePublished":"2016-06-09T18:40:50+00:00","dateModified":"2017-07-31T20:08:06+00:00","breadcrumb":{"@id":"https:\/\/www.boartlongyear.com\/my-drill-store\/direct-item-entry\/#breadcrumb"},"inLanguage":"de-DE","potentialAction":[{"@type":"ReadAction","target":["https:\/\/www.boartlongyear.com\/my-drill-store\/direct-item-entry\/"]}]},{"@type":"ImageObject","inLanguage":"de-DE","@id":"https:\/\/www.boartlongyear.com\/my-drill-store\/direct-item-entry\/#primaryimage","url":"https:\/\/www.boartlongyear.com\/wp-content\/uploads\/direct-item-entry.png","contentUrl":"https:\/\/www.boartlongyear.com\/wp-content\/uploads\/direct-item-entry.png"},{"@type":"BreadcrumbList","@id":"https:\/\/www.boartlongyear.com\/my-drill-store\/direct-item-entry\/#breadcrumb","itemListElement":[{"@type":"ListItem","position":1,"name":"Home","item":"https:\/\/www.boartlongyear.com\/"},{"@type":"ListItem","position":2,"name":"My Drill Store","item":"https:\/\/www.boartlongyear.com\/my-drill-store\/"},{"@type":"ListItem","position":3,"name":"My Drill Store: Direct Item Entry"}]},{"@type":"WebSite","@id":"https:\/\/www.boartlongyear.com\/#website","url":"https:\/\/www.boartlongyear.com\/","name":"Boart Longyear","description":"","publisher":{"@id":"https:\/\/www.boartlongyear.com\/#organization"},"potentialAction":[{"@type":"SearchAction","target":{"@type":"EntryPoint","urlTemplate":"https:\/\/www.boartlongyear.com\/?s={search_term_string}"},"query-input":{"@type":"PropertyValueSpecification","valueRequired":true,"valueName":"search_term_string"}}],"inLanguage":"de-DE"},{"@type":"Organization","@id":"https:\/\/www.boartlongyear.com\/#organization","name":"Boart Longyear","url":"https:\/\/www.boartlongyear.com\/","logo":{"@type":"ImageObject","inLanguage":"de-DE","@id":"https:\/\/www.boartlongyear.com\/#\/schema\/logo\/image\/","url":"https:\/\/www.boartlongyear.com\/wp-content\/uploads\/BLY-Double-Stack.png","contentUrl":"https:\/\/www.boartlongyear.com\/wp-content\/uploads\/BLY-Double-Stack.png","width":400,"height":100,"caption":"Boart Longyear"},"image":{"@id":"https:\/\/www.boartlongyear.com\/#\/schema\/logo\/image\/"},"sameAs":["https:\/\/www.facebook.com\/boartlongyearcareers","https:\/\/x.com\/boartlongyear","https:\/\/www.instagram.com\/boartlongyear","https:\/\/www.linkedin.com\/company\/boart-longyear","https:\/\/www.youtube.com\/user\/BoartLongyear1"]}]}},"uagb_featured_image_src":{"full":false,"thumbnail":false,"medium":false,"medium_large":false,"large":false,"RoboGalleryMansoryImagesCenter":false,"RoboGalleryPreload":false,"1536x1536":false,"2048x2048":false,"trp-custom-language-flag":false,"alm-thumbnail":false,"tptn_thumbnail":false},"uagb_author_info":{"display_name":"Marketing","author_link":"https:\/\/www.boartlongyear.com\/de\/insite\/author\/jamesburris\/"},"uagb_comment_info":0,"uagb_excerpt":null,"_links":{"self":[{"href":"https:\/\/www.boartlongyear.com\/de\/wp-json\/wp\/v2\/pages\/16045","targetHints":{"allow":["GET"]}}],"collection":[{"href":"https:\/\/www.boartlongyear.com\/de\/wp-json\/wp\/v2\/pages"}],"about":[{"href":"https:\/\/www.boartlongyear.com\/de\/wp-json\/wp\/v2\/types\/page"}],"author":[{"embeddable":true,"href":"https:\/\/www.boartlongyear.com\/de\/wp-json\/wp\/v2\/users\/66"}],"replies":[{"embeddable":true,"href":"https:\/\/www.boartlongyear.com\/de\/wp-json\/wp\/v2\/comments?post=16045"}],"version-history":[{"count":0,"href":"https:\/\/www.boartlongyear.com\/de\/wp-json\/wp\/v2\/pages\/16045\/revisions"}],"up":[{"embeddable":true,"href":"https:\/\/www.boartlongyear.com\/de\/wp-json\/wp\/v2\/pages\/16526"}],"wp:attachment":[{"href":"https:\/\/www.boartlongyear.com\/de\/wp-json\/wp\/v2\/media?parent=16045"}],"curies":[{"name":"wp","href":"https:\/\/api.w.org\/{rel}","templated":true}]}}