{"id":16060,"date":"2016-06-15T16:23:21","date_gmt":"2016-06-15T22:23:21","guid":{"rendered":"https:\/\/www.boartlongyear.com\/?page_id=16060"},"modified":"2017-07-28T14:52:12","modified_gmt":"2017-07-28T20:52:12","slug":"checking-out-step-by-step","status":"publish","type":"page","link":"https:\/\/www.boartlongyear.com\/de\/my-drill-store\/checking-out-step-by-step\/","title":{"rendered":"Mein Drill Store: Checkout Schritt f\u00fcr Schritt"},"content":{"rendered":"<section class=\"tcvpb_section_tc\">\n\t\t\n\t\t<div class=\"tcvpb_section_content\"><div class=\"tcvpb_container\"><div class=\"tcvpb_column_tc_span12\"><h1  ><span>Mein Drill Store: Checkout Schritt f\u00fcr Schritt<\/span><\/h1><div  class=\"\" >\n<p class=\"p_tc\">Das Auschecken Ihrer Bestellung umfasst drei Schritte:<\/p>\n<ol>\n<li><strong>Versand<\/strong><\/li>\n<li><strong>Abrechnung und Zahlung<\/strong><\/li>\n<li><strong>Review und Bestellung aufgeben<\/strong><\/li>\n<\/ol>\n<p class=\"p_tc\">Wenn Sie mit dem Einkauf fertig sind, klicken Sie auf die Schaltfl\u00e4che <strong>Wagen (<img decoding=\"async\" class=\"alignnone size-full wp-image-16346\" src=\"https:\/\/www.boartlongyear.com\/wp-content\/uploads\/cart.png\" alt=\"Wagen\" width=\"85\" height=\"37\">)<\/strong> Klicken Sie im oberen Men\u00fc auf den Link, um Ihre Warenkorbdetails anzuzeigen. Auf der <strong>Cart Details<\/strong> Auf dieser Seite k\u00f6nnen Sie Mengenanpassungen vornehmen oder Artikel l\u00f6schen, die Sie nicht kaufen m\u00f6chten.<\/p>\n<\/div><h2  ><span>Cart Details<\/span><\/h2><div  class=\"\" >\n<p class=\"p_tc\">Neben dem Beginn des Bestellvorgangs Ihrer Bestellung k\u00f6nnen Sie auf der Seite mit den Kartendetails weitere Aktionen durchf\u00fchren. Sie k\u00f6nnen die Menge eines Artikels aktualisieren, die Lagerverf\u00fcgbarkeit in Ihrer Region \u00fcberpr\u00fcfen oder einen Artikel entfernen. Wenn Sie mit der \u00dcberpr\u00fcfung der Artikel in Ihrem Warenkorb fertig sind, klicken Sie auf <strong>AUSCHECKEN<\/strong>. Sie befinden sich jetzt im ersten Schritt der Kaufabwicklung.<\/p>\n<\/div><h2  ><span>Schritt 1: Checkout: Versandinformationen<\/span><\/h2><div  class=\"\" >\n<p class=\"p_tc\" style=\"text-align: left;\">Das <strong>Ausliefern<\/strong> Informationen werden automatisch aus den in Ihrem Unternehmensprofil eingegebenen Profilinformationen ausgef\u00fcllt. Nachdem Sie Ihre Versandinformationen \u00fcberpr\u00fcft haben, w\u00e4hlen Sie Ihre Versandart. Die Optionen sind <strong>Luft<\/strong>, <strong>Ozean<\/strong>, <strong>Boden<\/strong>, oder <strong>Selbstabhohlung<\/strong>. Sie k\u00f6nnen au\u00dferdem Versand- und Verpackungsvorschriften sowie ein Anfragedatum f\u00fcr Ihre Bestellung hinzuf\u00fcgen. <strong>An mehrere Standorte versenden<\/strong> <img decoding=\"async\" class=\"alignnone size-full wp-image-16086\" src=\"https:\/\/www.boartlongyear.com\/wp-content\/uploads\/cart-ship-multiple-locations.jpg\" alt=\"Cart-Ship-mehrere Standorte\" width=\"227\" height=\"52\"> Wenn Sie Artikel in Ihrem Warenkorb an mehrere Standorte versenden, klicken Sie auf <strong>+<\/strong> neben an <strong>An mehrere Standorte versenden<\/strong>.<\/p>\n<p class=\"p_tc\" style=\"text-align: left;\"><img decoding=\"async\" class=\"alignnone size-full wp-image-16087\" src=\"https:\/\/www.boartlongyear.com\/wp-content\/uploads\/cart-multiple-locations-picker.jpg\" alt=\"Cart-Multiple-Locations-Kommissionierer\" width=\"468\" height=\"229\"><\/p>\n<p class=\"p_tc\" style=\"text-align: left;\"><strong>W\u00e4hlen<\/strong> die gew\u00fcnschten Teile zum Versand an einen anderen Ort und klicken Sie auf <strong>Versandinformationen aktualisieren<\/strong>.<\/p>\n<p class=\"p_tc\" style=\"text-align: left;\"><img decoding=\"async\" class=\"alignnone size-full wp-image-16088\" src=\"https:\/\/www.boartlongyear.com\/wp-content\/uploads\/cart-multiple-locations-select.jpg\" alt=\"Cart-Multiple-Locations-Auswahl\" width=\"330\" height=\"239\"><\/p>\n<p class=\"p_tc\" style=\"text-align: left;\">&nbsp;\n<p class=\"p_tc\" style=\"text-align: left;\">Eine Seite mit den ausgew\u00e4hlten Elementen wird zusammen mit angezeigt<strong> Ausliefern<\/strong> und <strong>Versanddetails<\/strong> unten ausf\u00fcllen Dr\u00fccke den <strong>Default von:<\/strong> Drop-Down und <strong>Einkaufswagen-Versandinformationen<\/strong>. Von hier aus k\u00f6nnen Sie auf die Schaltfl\u00e4che klicken <strong>Ver\u00e4nderung<\/strong> neben dem <strong>Sende an folgende Adresse<\/strong> und w\u00e4hlen Sie die Adresse, an die Sie die ausgew\u00e4hlten Artikel versenden m\u00f6chten. Wenn Sie die n\u00e4chste Adresse hinzugef\u00fcgt haben, klicken Sie auf <strong>W\u00e4hlen<\/strong>. W\u00e4hle ein <strong>Versandart<\/strong>, und f\u00fcllen Sie alle aus <strong>Versanddetails<\/strong> erforderlich, und klicken Sie auf <strong>Sich bewerben<\/strong>. Sie werden zum Schritt Versandinformationen des Checkout-Prozesses zur\u00fcckgeleitet. Klicken <strong>N\u00e4chster<\/strong>.<\/p>\n<p class=\"p_tc\" style=\"text-align: left;\"><img decoding=\"async\" class=\"alignnone size-full wp-image-16089\" src=\"https:\/\/www.boartlongyear.com\/wp-content\/uploads\/cart-step1of3.jpg\" alt=\"cart-step1of3\" width=\"290\" height=\"59\"><\/p>\n<\/div><h2  ><span>SCHRITT 2: \u00dcBERPR\u00dcFUNG: INFORMATIONEN ZU ABREISE UND ZAHLUNG<\/span><\/h2><div  class=\"\" >\n<p class=\"p_tc\"><strong>Gesetzesentwurf f\u00fcr<\/strong><\/p>\n<p class=\"p_tc\">In dem <strong>Gesetzesentwurf f\u00fcr<\/strong> Feld, das <strong>Rechnung an den Kunden<\/strong>, <strong>Rechnung an Kontakt<\/strong>, und <strong>Rechnungsanschrift<\/strong> Das Feld wird mit Informationen aus Ihrem Unternehmenskonto vorbelegt. Wenn Ihr Konto \u00fcber mehrere Rechnungsadressen verf\u00fcgt, klicken Sie auf <strong>W\u00e4hlen<\/strong> neben dem <strong>Rechnungsanschrift<\/strong>. W\u00e4hlen Sie aus der Liste oder f\u00fchren Sie eine Suche mit aus <strong>Land<\/strong> und <strong>Gesehen von<\/strong> entweder <strong>Kontaktadressen<\/strong> oder <strong>Kundenadressen<\/strong>.<\/p>\n<h3><strong>Zahlung<\/strong><\/h3>\n<p class=\"p_tc\">EIN <strong>Bestellnummer<\/strong> ist erforderlich, um den Checkout-Prozess fortzusetzen. Geben Sie Ihre Bestellnummer in das Feld ein.<\/p>\n<h3><strong>Gesch\u00e4ftsbedingungen<\/strong><\/h3>\n<p class=\"p_tc\">Um den Bestellvorgang fortzusetzen, m\u00fcssen Sie das Kontrollk\u00e4stchen aktivieren, in dem Sie best\u00e4tigt haben, dass Sie die Boart Longyear-Nutzungsbedingungen gelesen und akzeptiert haben. Wenn Sie Ihre Rechnungs- und Zahlungsinformationen \u00fcberpr\u00fcft haben, klicken Sie auf <strong>N\u00e4chster<\/strong> Ihre Bestellung \u00fcberpr\u00fcfen und aufgeben.<\/p>\n<p class=\"p_tc\"><img decoding=\"async\" class=\"alignnone size-full wp-image-16090\" src=\"https:\/\/www.boartlongyear.com\/wp-content\/uploads\/cart-step2of3.jpg\" alt=\"cart-step2of3\" width=\"272\" height=\"53\"><\/p>\n<\/div><h2  ><span>Schritt 3: Checkout: \u00dcberpr\u00fcfung und Bestellung<\/span><\/h2><div  class=\"\" >\n<p class=\"p_tc\">Im letzten Schritt des Bestellvorgangs wird Ihre vollst\u00e4ndige Bestellung zur \u00dcberpr\u00fcfung vorgelegt. Sie k\u00f6nnen auf klicken&nbsp;<strong>Zur\u00fcck<\/strong>&nbsp;k\u00f6nnen Sie jederzeit \u00c4nderungen vornehmen, oder Sie aktualisieren die Informationen auf dieser Seite. <em>Hinweis: Sie k\u00f6nnen zwar die Menge eines Artikels in Ihrem Einkaufswagen aktualisieren, Sie k\u00f6nnen sie jedoch nicht auf dieser Seite entfernen. Wenn Sie ein Objekt entfernen m\u00fcssen, klicken Sie auf <strong>Wagen<\/strong> Link oben auf der Seite und nehmen Sie Ihre \u00c4nderungen vor. Wiederholen Sie dann die Schritte 1 bis 3 zur Kasse.<\/em> Wenn Sie mit den Informationen zu Ihrer Bestellung zufrieden sind, klicken Sie auf <strong>Bestellung aufgeben<\/strong>. Eine Best\u00e4tigungsseite mit Ihrer Bestellnummer wird angezeigt. Bitte drucken Sie diese Seite aus und bewahren Sie sie f\u00fcr Ihre Unterlagen auf.<\/p>\n<p class=\"p_tc\"><img decoding=\"async\" class=\"alignnone size-full wp-image-16091\" src=\"https:\/\/www.boartlongyear.com\/wp-content\/uploads\/cart-step3of3.jpg\" alt=\"cart-step3of3\" width=\"272\" height=\"57\"><\/p>\n<p class=\"p_tc\">Bald nachdem die Best\u00e4tigung angezeigt wird, erhalten Sie eine Auftragsbest\u00e4tigung an die in Ihrem Konto angegebene E-Mail. Ein Kundendienstmitarbeiter, der Ihrem Konto zugewiesen ist, erh\u00e4lt auch eine Best\u00e4tigung Ihrer Bestellung. <em>Hinweis: Der Kundendienstmitarbeiter kann m\u00f6gliche \u00c4nderungen an Ihrer Bestellung vornehmen, z.<\/em><\/p>\n<ul>\n<li><em>Bestellmenge \u00e4ndern, um B\u00fcndelmengen zu korrigieren (Stangen)<\/em><\/li>\n<li><em>Versandart<\/em><\/li>\n<li><em>Versandkosten hinzuf\u00fcgen<\/em><\/li>\n<\/ul>\n<p class=\"p_tc\">Ihr Kundendienstmitarbeiter wird sich mit Ihnen in Verbindung setzen, um Ihre Bestellung und die von ihnen vorgenommenen \u00c4nderungen zu best\u00e4tigen.<\/p>\n<\/div><\/div><\/div><\/div>\n\t\t\n\t\t\n\t<\/section>","protected":false},"excerpt":{"rendered":"","protected":false},"author":66,"featured_media":0,"parent":16526,"menu_order":0,"comment_status":"closed","ping_status":"closed","template":"sidebar-dynamic.php","meta":{"_uag_custom_page_level_css":"","_monsterinsights_skip_tracking":false,"_monsterinsights_sitenote_active":false,"_monsterinsights_sitenote_note":"","_monsterinsights_sitenote_category":0,"footnotes":""},"class_list":["post-16060","page","type-page","status-publish","hentry"],"acf":[],"yoast_head":"<!-- This site is optimized with the Yoast SEO plugin v27.4 - https:\/\/yoast.com\/product\/yoast-seo-wordpress\/ -->\n<title>My Drill Store: Checkout Step-By-Step - Boart Longyear<\/title>\n<meta name=\"robots\" content=\"index, follow, max-snippet:-1, max-image-preview:large, max-video-preview:-1\" \/>\n<link rel=\"canonical\" href=\"https:\/\/www.boartlongyear.com\/de\/my-drill-store\/checking-out-step-by-step\/\" \/>\n<meta property=\"og:locale\" content=\"de_DE\" \/>\n<meta property=\"og:type\" content=\"article\" \/>\n<meta property=\"og:title\" content=\"My Drill Store: Checkout Step-By-Step - Boart Longyear\" \/>\n<meta property=\"og:url\" content=\"https:\/\/www.boartlongyear.com\/de\/my-drill-store\/checking-out-step-by-step\/\" \/>\n<meta property=\"og:site_name\" content=\"Boart Longyear\" \/>\n<meta property=\"article:publisher\" content=\"https:\/\/www.facebook.com\/boartlongyearcareers\" \/>\n<meta property=\"article:modified_time\" content=\"2017-07-28T20:52:12+00:00\" \/>\n<meta property=\"og:image\" content=\"https:\/\/www.boartlongyear.com\/wp-content\/uploads\/cart.png\" \/>\n<meta name=\"twitter:label1\" content=\"Gesch\u00e4tzte Lesezeit\" \/>\n\t<meta name=\"twitter:data1\" content=\"4 Minuten\" \/>\n<script type=\"application\/ld+json\" class=\"yoast-schema-graph\">{\"@context\":\"https:\\\/\\\/schema.org\",\"@graph\":[{\"@type\":\"WebPage\",\"@id\":\"https:\\\/\\\/www.boartlongyear.com\\\/my-drill-store\\\/checking-out-step-by-step\\\/\",\"url\":\"https:\\\/\\\/www.boartlongyear.com\\\/my-drill-store\\\/checking-out-step-by-step\\\/\",\"name\":\"My Drill Store: Checkout Step-By-Step - Boart Longyear\",\"isPartOf\":{\"@id\":\"https:\\\/\\\/www.boartlongyear.com\\\/#website\"},\"primaryImageOfPage\":{\"@id\":\"https:\\\/\\\/www.boartlongyear.com\\\/my-drill-store\\\/checking-out-step-by-step\\\/#primaryimage\"},\"image\":{\"@id\":\"https:\\\/\\\/www.boartlongyear.com\\\/my-drill-store\\\/checking-out-step-by-step\\\/#primaryimage\"},\"thumbnailUrl\":\"https:\\\/\\\/www.boartlongyear.com\\\/wp-content\\\/uploads\\\/cart.png\",\"datePublished\":\"2016-06-15T22:23:21+00:00\",\"dateModified\":\"2017-07-28T20:52:12+00:00\",\"breadcrumb\":{\"@id\":\"https:\\\/\\\/www.boartlongyear.com\\\/my-drill-store\\\/checking-out-step-by-step\\\/#breadcrumb\"},\"inLanguage\":\"de-DE\",\"potentialAction\":[{\"@type\":\"ReadAction\",\"target\":[\"https:\\\/\\\/www.boartlongyear.com\\\/my-drill-store\\\/checking-out-step-by-step\\\/\"]}]},{\"@type\":\"ImageObject\",\"inLanguage\":\"de-DE\",\"@id\":\"https:\\\/\\\/www.boartlongyear.com\\\/my-drill-store\\\/checking-out-step-by-step\\\/#primaryimage\",\"url\":\"https:\\\/\\\/www.boartlongyear.com\\\/wp-content\\\/uploads\\\/cart.png\",\"contentUrl\":\"https:\\\/\\\/www.boartlongyear.com\\\/wp-content\\\/uploads\\\/cart.png\"},{\"@type\":\"BreadcrumbList\",\"@id\":\"https:\\\/\\\/www.boartlongyear.com\\\/my-drill-store\\\/checking-out-step-by-step\\\/#breadcrumb\",\"itemListElement\":[{\"@type\":\"ListItem\",\"position\":1,\"name\":\"Home\",\"item\":\"https:\\\/\\\/www.boartlongyear.com\\\/\"},{\"@type\":\"ListItem\",\"position\":2,\"name\":\"My Drill Store\",\"item\":\"https:\\\/\\\/www.boartlongyear.com\\\/my-drill-store\\\/\"},{\"@type\":\"ListItem\",\"position\":3,\"name\":\"My Drill Store: Checkout Step-By-Step\"}]},{\"@type\":\"WebSite\",\"@id\":\"https:\\\/\\\/www.boartlongyear.com\\\/#website\",\"url\":\"https:\\\/\\\/www.boartlongyear.com\\\/\",\"name\":\"Boart Longyear\",\"description\":\"\",\"publisher\":{\"@id\":\"https:\\\/\\\/www.boartlongyear.com\\\/#organization\"},\"potentialAction\":[{\"@type\":\"SearchAction\",\"target\":{\"@type\":\"EntryPoint\",\"urlTemplate\":\"https:\\\/\\\/www.boartlongyear.com\\\/?s={search_term_string}\"},\"query-input\":{\"@type\":\"PropertyValueSpecification\",\"valueRequired\":true,\"valueName\":\"search_term_string\"}}],\"inLanguage\":\"de-DE\"},{\"@type\":\"Organization\",\"@id\":\"https:\\\/\\\/www.boartlongyear.com\\\/#organization\",\"name\":\"Boart Longyear\",\"url\":\"https:\\\/\\\/www.boartlongyear.com\\\/\",\"logo\":{\"@type\":\"ImageObject\",\"inLanguage\":\"de-DE\",\"@id\":\"https:\\\/\\\/www.boartlongyear.com\\\/#\\\/schema\\\/logo\\\/image\\\/\",\"url\":\"https:\\\/\\\/www.boartlongyear.com\\\/wp-content\\\/uploads\\\/BLY-Double-Stack.png\",\"contentUrl\":\"https:\\\/\\\/www.boartlongyear.com\\\/wp-content\\\/uploads\\\/BLY-Double-Stack.png\",\"width\":400,\"height\":100,\"caption\":\"Boart Longyear\"},\"image\":{\"@id\":\"https:\\\/\\\/www.boartlongyear.com\\\/#\\\/schema\\\/logo\\\/image\\\/\"},\"sameAs\":[\"https:\\\/\\\/www.facebook.com\\\/boartlongyearcareers\",\"https:\\\/\\\/x.com\\\/boartlongyear\",\"https:\\\/\\\/www.instagram.com\\\/boartlongyear\",\"https:\\\/\\\/www.linkedin.com\\\/company\\\/boart-longyear\",\"https:\\\/\\\/www.youtube.com\\\/user\\\/BoartLongyear1\"]}]}<\/script>\n<!-- \/ Yoast SEO plugin. -->","yoast_head_json":{"title":"Mein Drill Store: Checkout Schritt f\u00fcr Schritt - Boart Longyear","robots":{"index":"index","follow":"follow","max-snippet":"max-snippet:-1","max-image-preview":"max-image-preview:large","max-video-preview":"max-video-preview:-1"},"canonical":"https:\/\/www.boartlongyear.com\/de\/my-drill-store\/checking-out-step-by-step\/","og_locale":"de_DE","og_type":"article","og_title":"My Drill Store: Checkout Step-By-Step - Boart Longyear","og_url":"https:\/\/www.boartlongyear.com\/de\/my-drill-store\/checking-out-step-by-step\/","og_site_name":"Boart Longyear","article_publisher":"https:\/\/www.facebook.com\/boartlongyearcareers","article_modified_time":"2017-07-28T20:52:12+00:00","og_image":[{"url":"https:\/\/www.boartlongyear.com\/wp-content\/uploads\/cart.png","type":"","width":"","height":""}],"twitter_misc":{"Gesch\u00e4tzte Lesezeit":"4 Minuten"},"schema":{"@context":"https:\/\/schema.org","@graph":[{"@type":"WebPage","@id":"https:\/\/www.boartlongyear.com\/my-drill-store\/checking-out-step-by-step\/","url":"https:\/\/www.boartlongyear.com\/my-drill-store\/checking-out-step-by-step\/","name":"Mein Drill Store: Checkout Schritt f\u00fcr Schritt - Boart Longyear","isPartOf":{"@id":"https:\/\/www.boartlongyear.com\/#website"},"primaryImageOfPage":{"@id":"https:\/\/www.boartlongyear.com\/my-drill-store\/checking-out-step-by-step\/#primaryimage"},"image":{"@id":"https:\/\/www.boartlongyear.com\/my-drill-store\/checking-out-step-by-step\/#primaryimage"},"thumbnailUrl":"https:\/\/www.boartlongyear.com\/wp-content\/uploads\/cart.png","datePublished":"2016-06-15T22:23:21+00:00","dateModified":"2017-07-28T20:52:12+00:00","breadcrumb":{"@id":"https:\/\/www.boartlongyear.com\/my-drill-store\/checking-out-step-by-step\/#breadcrumb"},"inLanguage":"de-DE","potentialAction":[{"@type":"ReadAction","target":["https:\/\/www.boartlongyear.com\/my-drill-store\/checking-out-step-by-step\/"]}]},{"@type":"ImageObject","inLanguage":"de-DE","@id":"https:\/\/www.boartlongyear.com\/my-drill-store\/checking-out-step-by-step\/#primaryimage","url":"https:\/\/www.boartlongyear.com\/wp-content\/uploads\/cart.png","contentUrl":"https:\/\/www.boartlongyear.com\/wp-content\/uploads\/cart.png"},{"@type":"BreadcrumbList","@id":"https:\/\/www.boartlongyear.com\/my-drill-store\/checking-out-step-by-step\/#breadcrumb","itemListElement":[{"@type":"ListItem","position":1,"name":"Home","item":"https:\/\/www.boartlongyear.com\/"},{"@type":"ListItem","position":2,"name":"My Drill Store","item":"https:\/\/www.boartlongyear.com\/my-drill-store\/"},{"@type":"ListItem","position":3,"name":"My Drill Store: Checkout Step-By-Step"}]},{"@type":"WebSite","@id":"https:\/\/www.boartlongyear.com\/#website","url":"https:\/\/www.boartlongyear.com\/","name":"Boart Longyear","description":"","publisher":{"@id":"https:\/\/www.boartlongyear.com\/#organization"},"potentialAction":[{"@type":"SearchAction","target":{"@type":"EntryPoint","urlTemplate":"https:\/\/www.boartlongyear.com\/?s={search_term_string}"},"query-input":{"@type":"PropertyValueSpecification","valueRequired":true,"valueName":"search_term_string"}}],"inLanguage":"de-DE"},{"@type":"Organization","@id":"https:\/\/www.boartlongyear.com\/#organization","name":"Boart Longyear","url":"https:\/\/www.boartlongyear.com\/","logo":{"@type":"ImageObject","inLanguage":"de-DE","@id":"https:\/\/www.boartlongyear.com\/#\/schema\/logo\/image\/","url":"https:\/\/www.boartlongyear.com\/wp-content\/uploads\/BLY-Double-Stack.png","contentUrl":"https:\/\/www.boartlongyear.com\/wp-content\/uploads\/BLY-Double-Stack.png","width":400,"height":100,"caption":"Boart Longyear"},"image":{"@id":"https:\/\/www.boartlongyear.com\/#\/schema\/logo\/image\/"},"sameAs":["https:\/\/www.facebook.com\/boartlongyearcareers","https:\/\/x.com\/boartlongyear","https:\/\/www.instagram.com\/boartlongyear","https:\/\/www.linkedin.com\/company\/boart-longyear","https:\/\/www.youtube.com\/user\/BoartLongyear1"]}]}},"uagb_featured_image_src":{"full":false,"thumbnail":false,"medium":false,"medium_large":false,"large":false,"RoboGalleryMansoryImagesCenter":false,"RoboGalleryPreload":false,"1536x1536":false,"2048x2048":false,"trp-custom-language-flag":false,"alm-thumbnail":false,"tptn_thumbnail":false},"uagb_author_info":{"display_name":"Marketing","author_link":"https:\/\/www.boartlongyear.com\/de\/insite\/author\/jamesburris\/"},"uagb_comment_info":0,"uagb_excerpt":null,"_links":{"self":[{"href":"https:\/\/www.boartlongyear.com\/de\/wp-json\/wp\/v2\/pages\/16060","targetHints":{"allow":["GET"]}}],"collection":[{"href":"https:\/\/www.boartlongyear.com\/de\/wp-json\/wp\/v2\/pages"}],"about":[{"href":"https:\/\/www.boartlongyear.com\/de\/wp-json\/wp\/v2\/types\/page"}],"author":[{"embeddable":true,"href":"https:\/\/www.boartlongyear.com\/de\/wp-json\/wp\/v2\/users\/66"}],"replies":[{"embeddable":true,"href":"https:\/\/www.boartlongyear.com\/de\/wp-json\/wp\/v2\/comments?post=16060"}],"version-history":[{"count":0,"href":"https:\/\/www.boartlongyear.com\/de\/wp-json\/wp\/v2\/pages\/16060\/revisions"}],"up":[{"embeddable":true,"href":"https:\/\/www.boartlongyear.com\/de\/wp-json\/wp\/v2\/pages\/16526"}],"wp:attachment":[{"href":"https:\/\/www.boartlongyear.com\/de\/wp-json\/wp\/v2\/media?parent=16060"}],"curies":[{"name":"wp","href":"https:\/\/api.w.org\/{rel}","templated":true}]}}