{"id":16132,"date":"2016-06-15T16:13:27","date_gmt":"2016-06-15T22:13:27","guid":{"rendered":"https:\/\/www.boartlongyear.com\/?page_id=16132"},"modified":"2017-07-31T13:56:17","modified_gmt":"2017-07-31T19:56:17","slug":"wish-lists","status":"publish","type":"page","link":"https:\/\/www.boartlongyear.com\/de\/my-drill-store\/wish-lists\/","title":{"rendered":"Mein Bohrladen: Wish Lists"},"content":{"rendered":"<section class=\"tcvpb_section_tc\">\n\t\t\n\t\t<div class=\"tcvpb_section_content\"><div class=\"tcvpb_container\"><div class=\"tcvpb_column_tc_span12\"><h1  ><span>Mein Bohrladen: Wish Lists<\/span><\/h1><div  class=\"\" ><\/div>\n<h1><img decoding=\"async\" class=\"alignnone size-full wp-image-16133\" src=\"https:\/\/www.boartlongyear.com\/wp-content\/uploads\/wish-list-menu.jpg\" alt=\"Wunschliste-Men\u00fc\" width=\"101\" height=\"51\" \/><\/h1>\n<p>Mit Wunschzettel k\u00f6nnen Sie Artikel f\u00fcr zuk\u00fcnftige Bestellungen sammeln, die Sie noch nicht zum Kauf bereit haben. Sie k\u00f6nnen Artikel \u00fcber eine Warenkorb-Details zu einer Wunschliste hinzuf\u00fcgen.<\/p>\n<p><strong>Wunschliste erstellen<\/strong><\/p>\n<p><img decoding=\"async\" class=\"size-full wp-image-16643 aligncenter\" src=\"https:\/\/www.boartlongyear.com\/wp-content\/uploads\/save-to-wish-list.gif\" alt=\"Save-to-Wish-List\" width=\"360\" height=\"203\" \/><\/p>\n<ul>\n<li>F\u00fcgen Sie die gew\u00fcnschten Artikel in Ihre Wunschliste ein <strong>Wagen<\/strong>.<\/li>\n<li>Klicke auf <strong>Wagen<\/strong> oben auf der Seite.<\/li>\n<li>Das <strong>Cart Details<\/strong> Seite erscheint.<\/li>\n<li>In dem <strong>Aktionen<\/strong> Klicken Sie im Men\u00fc auf <strong>In Liste speichern<\/strong> und klicken Sie auf <strong>Gehen<\/strong>.<\/li>\n<\/ul>\n<p><img decoding=\"async\" class=\"alignnone size-full wp-image-16134\" src=\"https:\/\/www.boartlongyear.com\/wp-content\/uploads\/wish-list-save-to-list.jpg\" alt=\"Wunschliste-Save-to-List\" width=\"226\" height=\"142\" \/><\/p>\n<p>In dem<strong> Auf Wunschliste speichern<\/strong> Fenster haben Sie drei M\u00f6glichkeiten:<\/p>\n<ul>\n<li><strong>Neue Liste<\/strong><\/li>\n<li><strong>Ersetzen Sie eine vorhandene Liste<\/strong><\/li>\n<li><strong>Zu einer vorhandenen Liste hinzuf\u00fcgen<\/strong><\/li>\n<\/ul>\n<p>Um eine neue Wunschliste zu erstellen, w\u00e4hlen Sie das Optionsfeld nebenan <strong>Neue Liste<\/strong>und geben Sie a ein<strong> Listennamen<\/strong> und alle Kommentare zur Liste.<\/p>\n<p><img decoding=\"async\" class=\"alignnone wp-image-16135\" src=\"https:\/\/www.boartlongyear.com\/wp-content\/uploads\/save-to-wish-list.jpg\" alt=\"Save-to-Wish-List\" width=\"698\" height=\"306\" \/><\/p>\n<p>Klicken <strong>Sich bewerben<\/strong>.<\/p>\n<h2>Wunschliste Details<\/h2>\n<p>Klicke auf das <strong>Wunschzettel<\/strong> grauer Men\u00fc-Link oben auf der Seite.\u00a0<img decoding=\"async\" class=\"alignnone size-full wp-image-16133\" src=\"https:\/\/www.boartlongyear.com\/wp-content\/uploads\/wish-list-menu.jpg\" alt=\"Wunschliste-Men\u00fc\" width=\"101\" height=\"51\" \/>\u00a0Eine Zusammenfassung Ihrer Wish Lists wird angezeigt. Klicke auf das<strong>\u00a0Listennamen<\/strong> Sie m\u00f6chten bearbeiten.<\/p>\n<p><img decoding=\"async\" class=\"alignnone wp-image-16136\" src=\"https:\/\/www.boartlongyear.com\/wp-content\/uploads\/wish-list-list.jpg\" alt=\"Wunschliste-Liste\" width=\"700\" height=\"189\" \/><\/p>\n<p>In dem <strong>Wunschliste Details<\/strong> Auf dieser Seite k\u00f6nnen Sie die Artikel ausw\u00e4hlen, die Sie in den Warenkorb legen m\u00f6chten, Artikel aus der aktuellen Liste in eine andere verschieben, Artikel l\u00f6schen, die St\u00fcckzahl eines Artikels aktualisieren oder die gesamte Liste l\u00f6schen.<\/p>\n<p><img decoding=\"async\" class=\"alignnone wp-image-16137\" src=\"https:\/\/www.boartlongyear.com\/wp-content\/uploads\/wish-list-details.jpg\" alt=\"Wunschliste-Details\" width=\"699\" height=\"414\" \/><\/p>\n<p>&nbsp;<\/p>\n<p>Um Artikel in den Warenkorb zu legen und die Kaufabwicklung zu beginnen, aktivieren Sie die Kontrollk\u00e4stchen in der <strong>W\u00e4hlen<\/strong> vor dem Klicken auf die <strong>in den Warenkorb legen <\/strong>Taste. <strong>W\u00e4hlen Sie Alle<\/strong> und <strong>Nichts ausgew\u00e4hlt<\/strong> Optionen macht diese Operation einfach, wenn Sie gro\u00dfe Listen haben. <em>HINWEIS: Wenn sich bereits Artikel im Warenkorb befinden, werden die Artikel in der Wunschliste zum aktuellen Warenkorb hinzugef\u00fcgt<\/div><\/div><\/div>\n\t\t\n\t\t\n\t<\/section><\/em><\/p>","protected":false},"excerpt":{"rendered":"","protected":false},"author":66,"featured_media":0,"parent":16526,"menu_order":0,"comment_status":"closed","ping_status":"closed","template":"sidebar-dynamic.php","meta":{"_uag_custom_page_level_css":"","_monsterinsights_skip_tracking":false,"_monsterinsights_sitenote_active":false,"_monsterinsights_sitenote_note":"","_monsterinsights_sitenote_category":0,"footnotes":""},"class_list":["post-16132","page","type-page","status-publish","hentry"],"acf":[],"yoast_head":"<!-- This site is optimized with the Yoast SEO plugin v27.3 - https:\/\/yoast.com\/product\/yoast-seo-wordpress\/ -->\n<title>My Drill Store: Wish Lists - Boart Longyear<\/title>\n<meta name=\"robots\" content=\"index, follow, max-snippet:-1, max-image-preview:large, max-video-preview:-1\" \/>\n<link rel=\"canonical\" href=\"https:\/\/www.boartlongyear.com\/de\/my-drill-store\/wish-lists\/\" \/>\n<meta property=\"og:locale\" content=\"de_DE\" \/>\n<meta property=\"og:type\" content=\"article\" \/>\n<meta property=\"og:title\" content=\"My Drill Store: Wish Lists - Boart Longyear\" \/>\n<meta property=\"og:url\" content=\"https:\/\/www.boartlongyear.com\/de\/my-drill-store\/wish-lists\/\" \/>\n<meta property=\"og:site_name\" content=\"Boart Longyear\" \/>\n<meta property=\"article:publisher\" content=\"https:\/\/www.facebook.com\/boartlongyearcareers\" \/>\n<meta property=\"article:modified_time\" content=\"2017-07-31T19:56:17+00:00\" \/>\n<meta property=\"og:image\" content=\"https:\/\/www.boartlongyear.com\/wp-content\/uploads\/wish-list-menu.jpg\" \/>\n<meta name=\"twitter:label1\" content=\"Gesch\u00e4tzte Lesezeit\" \/>\n\t<meta name=\"twitter:data1\" content=\"1 Minute\" \/>\n<script type=\"application\/ld+json\" class=\"yoast-schema-graph\">{\"@context\":\"https:\\\/\\\/schema.org\",\"@graph\":[{\"@type\":\"WebPage\",\"@id\":\"https:\\\/\\\/www.boartlongyear.com\\\/my-drill-store\\\/wish-lists\\\/\",\"url\":\"https:\\\/\\\/www.boartlongyear.com\\\/my-drill-store\\\/wish-lists\\\/\",\"name\":\"My Drill Store: Wish Lists - Boart Longyear\",\"isPartOf\":{\"@id\":\"https:\\\/\\\/www.boartlongyear.com\\\/#website\"},\"primaryImageOfPage\":{\"@id\":\"https:\\\/\\\/www.boartlongyear.com\\\/my-drill-store\\\/wish-lists\\\/#primaryimage\"},\"image\":{\"@id\":\"https:\\\/\\\/www.boartlongyear.com\\\/my-drill-store\\\/wish-lists\\\/#primaryimage\"},\"thumbnailUrl\":\"https:\\\/\\\/www.boartlongyear.com\\\/wp-content\\\/uploads\\\/wish-list-menu.jpg\",\"datePublished\":\"2016-06-15T22:13:27+00:00\",\"dateModified\":\"2017-07-31T19:56:17+00:00\",\"breadcrumb\":{\"@id\":\"https:\\\/\\\/www.boartlongyear.com\\\/my-drill-store\\\/wish-lists\\\/#breadcrumb\"},\"inLanguage\":\"de-DE\",\"potentialAction\":[{\"@type\":\"ReadAction\",\"target\":[\"https:\\\/\\\/www.boartlongyear.com\\\/my-drill-store\\\/wish-lists\\\/\"]}]},{\"@type\":\"ImageObject\",\"inLanguage\":\"de-DE\",\"@id\":\"https:\\\/\\\/www.boartlongyear.com\\\/my-drill-store\\\/wish-lists\\\/#primaryimage\",\"url\":\"https:\\\/\\\/www.boartlongyear.com\\\/wp-content\\\/uploads\\\/wish-list-menu.jpg\",\"contentUrl\":\"https:\\\/\\\/www.boartlongyear.com\\\/wp-content\\\/uploads\\\/wish-list-menu.jpg\"},{\"@type\":\"BreadcrumbList\",\"@id\":\"https:\\\/\\\/www.boartlongyear.com\\\/my-drill-store\\\/wish-lists\\\/#breadcrumb\",\"itemListElement\":[{\"@type\":\"ListItem\",\"position\":1,\"name\":\"Home\",\"item\":\"https:\\\/\\\/www.boartlongyear.com\\\/\"},{\"@type\":\"ListItem\",\"position\":2,\"name\":\"My Drill Store\",\"item\":\"https:\\\/\\\/www.boartlongyear.com\\\/my-drill-store\\\/\"},{\"@type\":\"ListItem\",\"position\":3,\"name\":\"My Drill Store: Wish Lists\"}]},{\"@type\":\"WebSite\",\"@id\":\"https:\\\/\\\/www.boartlongyear.com\\\/#website\",\"url\":\"https:\\\/\\\/www.boartlongyear.com\\\/\",\"name\":\"Boart Longyear\",\"description\":\"\",\"publisher\":{\"@id\":\"https:\\\/\\\/www.boartlongyear.com\\\/#organization\"},\"potentialAction\":[{\"@type\":\"SearchAction\",\"target\":{\"@type\":\"EntryPoint\",\"urlTemplate\":\"https:\\\/\\\/www.boartlongyear.com\\\/?s={search_term_string}\"},\"query-input\":{\"@type\":\"PropertyValueSpecification\",\"valueRequired\":true,\"valueName\":\"search_term_string\"}}],\"inLanguage\":\"de-DE\"},{\"@type\":\"Organization\",\"@id\":\"https:\\\/\\\/www.boartlongyear.com\\\/#organization\",\"name\":\"Boart Longyear\",\"url\":\"https:\\\/\\\/www.boartlongyear.com\\\/\",\"logo\":{\"@type\":\"ImageObject\",\"inLanguage\":\"de-DE\",\"@id\":\"https:\\\/\\\/www.boartlongyear.com\\\/#\\\/schema\\\/logo\\\/image\\\/\",\"url\":\"https:\\\/\\\/www.boartlongyear.com\\\/wp-content\\\/uploads\\\/BLY-Double-Stack.png\",\"contentUrl\":\"https:\\\/\\\/www.boartlongyear.com\\\/wp-content\\\/uploads\\\/BLY-Double-Stack.png\",\"width\":400,\"height\":100,\"caption\":\"Boart Longyear\"},\"image\":{\"@id\":\"https:\\\/\\\/www.boartlongyear.com\\\/#\\\/schema\\\/logo\\\/image\\\/\"},\"sameAs\":[\"https:\\\/\\\/www.facebook.com\\\/boartlongyearcareers\",\"https:\\\/\\\/x.com\\\/boartlongyear\",\"https:\\\/\\\/www.instagram.com\\\/boartlongyear\",\"https:\\\/\\\/www.linkedin.com\\\/company\\\/boart-longyear\",\"https:\\\/\\\/www.youtube.com\\\/user\\\/BoartLongyear1\"]}]}<\/script>\n<!-- \/ Yoast SEO plugin. -->","yoast_head_json":{"title":"Mein Bohrerspeicher: Wish Lists - Boart Longyear","robots":{"index":"index","follow":"follow","max-snippet":"max-snippet:-1","max-image-preview":"max-image-preview:large","max-video-preview":"max-video-preview:-1"},"canonical":"https:\/\/www.boartlongyear.com\/de\/my-drill-store\/wish-lists\/","og_locale":"de_DE","og_type":"article","og_title":"My Drill Store: Wish Lists - Boart Longyear","og_url":"https:\/\/www.boartlongyear.com\/de\/my-drill-store\/wish-lists\/","og_site_name":"Boart Longyear","article_publisher":"https:\/\/www.facebook.com\/boartlongyearcareers","article_modified_time":"2017-07-31T19:56:17+00:00","og_image":[{"url":"https:\/\/www.boartlongyear.com\/wp-content\/uploads\/wish-list-menu.jpg","type":"","width":"","height":""}],"twitter_misc":{"Gesch\u00e4tzte Lesezeit":"1 Minute"},"schema":{"@context":"https:\/\/schema.org","@graph":[{"@type":"WebPage","@id":"https:\/\/www.boartlongyear.com\/my-drill-store\/wish-lists\/","url":"https:\/\/www.boartlongyear.com\/my-drill-store\/wish-lists\/","name":"Mein Bohrerspeicher: Wish Lists - Boart Longyear","isPartOf":{"@id":"https:\/\/www.boartlongyear.com\/#website"},"primaryImageOfPage":{"@id":"https:\/\/www.boartlongyear.com\/my-drill-store\/wish-lists\/#primaryimage"},"image":{"@id":"https:\/\/www.boartlongyear.com\/my-drill-store\/wish-lists\/#primaryimage"},"thumbnailUrl":"https:\/\/www.boartlongyear.com\/wp-content\/uploads\/wish-list-menu.jpg","datePublished":"2016-06-15T22:13:27+00:00","dateModified":"2017-07-31T19:56:17+00:00","breadcrumb":{"@id":"https:\/\/www.boartlongyear.com\/my-drill-store\/wish-lists\/#breadcrumb"},"inLanguage":"de-DE","potentialAction":[{"@type":"ReadAction","target":["https:\/\/www.boartlongyear.com\/my-drill-store\/wish-lists\/"]}]},{"@type":"ImageObject","inLanguage":"de-DE","@id":"https:\/\/www.boartlongyear.com\/my-drill-store\/wish-lists\/#primaryimage","url":"https:\/\/www.boartlongyear.com\/wp-content\/uploads\/wish-list-menu.jpg","contentUrl":"https:\/\/www.boartlongyear.com\/wp-content\/uploads\/wish-list-menu.jpg"},{"@type":"BreadcrumbList","@id":"https:\/\/www.boartlongyear.com\/my-drill-store\/wish-lists\/#breadcrumb","itemListElement":[{"@type":"ListItem","position":1,"name":"Home","item":"https:\/\/www.boartlongyear.com\/"},{"@type":"ListItem","position":2,"name":"My Drill Store","item":"https:\/\/www.boartlongyear.com\/my-drill-store\/"},{"@type":"ListItem","position":3,"name":"My Drill Store: Wish Lists"}]},{"@type":"WebSite","@id":"https:\/\/www.boartlongyear.com\/#website","url":"https:\/\/www.boartlongyear.com\/","name":"Boart Longyear","description":"","publisher":{"@id":"https:\/\/www.boartlongyear.com\/#organization"},"potentialAction":[{"@type":"SearchAction","target":{"@type":"EntryPoint","urlTemplate":"https:\/\/www.boartlongyear.com\/?s={search_term_string}"},"query-input":{"@type":"PropertyValueSpecification","valueRequired":true,"valueName":"search_term_string"}}],"inLanguage":"de-DE"},{"@type":"Organization","@id":"https:\/\/www.boartlongyear.com\/#organization","name":"Boart Longyear","url":"https:\/\/www.boartlongyear.com\/","logo":{"@type":"ImageObject","inLanguage":"de-DE","@id":"https:\/\/www.boartlongyear.com\/#\/schema\/logo\/image\/","url":"https:\/\/www.boartlongyear.com\/wp-content\/uploads\/BLY-Double-Stack.png","contentUrl":"https:\/\/www.boartlongyear.com\/wp-content\/uploads\/BLY-Double-Stack.png","width":400,"height":100,"caption":"Boart Longyear"},"image":{"@id":"https:\/\/www.boartlongyear.com\/#\/schema\/logo\/image\/"},"sameAs":["https:\/\/www.facebook.com\/boartlongyearcareers","https:\/\/x.com\/boartlongyear","https:\/\/www.instagram.com\/boartlongyear","https:\/\/www.linkedin.com\/company\/boart-longyear","https:\/\/www.youtube.com\/user\/BoartLongyear1"]}]}},"uagb_featured_image_src":{"full":false,"thumbnail":false,"medium":false,"medium_large":false,"large":false,"RoboGalleryMansoryImagesCenter":false,"RoboGalleryPreload":false,"1536x1536":false,"2048x2048":false,"trp-custom-language-flag":false,"alm-thumbnail":false,"tptn_thumbnail":false},"uagb_author_info":{"display_name":"Marketing","author_link":"https:\/\/www.boartlongyear.com\/de\/insite\/author\/jamesburris\/"},"uagb_comment_info":0,"uagb_excerpt":null,"_links":{"self":[{"href":"https:\/\/www.boartlongyear.com\/de\/wp-json\/wp\/v2\/pages\/16132","targetHints":{"allow":["GET"]}}],"collection":[{"href":"https:\/\/www.boartlongyear.com\/de\/wp-json\/wp\/v2\/pages"}],"about":[{"href":"https:\/\/www.boartlongyear.com\/de\/wp-json\/wp\/v2\/types\/page"}],"author":[{"embeddable":true,"href":"https:\/\/www.boartlongyear.com\/de\/wp-json\/wp\/v2\/users\/66"}],"replies":[{"embeddable":true,"href":"https:\/\/www.boartlongyear.com\/de\/wp-json\/wp\/v2\/comments?post=16132"}],"version-history":[{"count":0,"href":"https:\/\/www.boartlongyear.com\/de\/wp-json\/wp\/v2\/pages\/16132\/revisions"}],"up":[{"embeddable":true,"href":"https:\/\/www.boartlongyear.com\/de\/wp-json\/wp\/v2\/pages\/16526"}],"wp:attachment":[{"href":"https:\/\/www.boartlongyear.com\/de\/wp-json\/wp\/v2\/media?parent=16132"}],"curies":[{"name":"wp","href":"https:\/\/api.w.org\/{rel}","templated":true}]}}