{"id":16151,"date":"2016-06-17T10:28:04","date_gmt":"2016-06-17T16:28:04","guid":{"rendered":"https:\/\/www.boartlongyear.com\/?page_id=16151"},"modified":"2017-07-31T14:00:36","modified_gmt":"2017-07-31T20:00:36","slug":"saved-carts","status":"publish","type":"page","link":"https:\/\/www.boartlongyear.com\/de\/my-drill-store\/saved-carts\/","title":{"rendered":"Mein Bohrladen: Gespeicherte Wagen"},"content":{"rendered":"<section class=\"tcvpb_section_tc\">\n\t\t\n\t\t<div class=\"tcvpb_section_content\"><div class=\"tcvpb_container\"><div class=\"tcvpb_column_tc_span12\"><h1  ><span>Mein Bohrladen: Gespeicherte Wagen<\/span><\/h1><div  class=\"\" >\n<p class=\"p_tc\">Sie k\u00f6nnen einen Warenkorb speichern, um ihn mit anderen Benutzern in Ihrem Konto zu teilen oder zu einem sp\u00e4teren Zeitpunkt zu kaufen. Gespeicherte Karren verfallen nach 30 Tagen. So speichern Sie einen Einkaufswagen:<\/p>\n<ul>\n<li>In deiner <strong>Cart Details<\/strong> klicken Sie auf die <strong>Aktionen<\/strong> Dropdown-Men\u00fc.<\/li>\n<li>W\u00e4hlen <strong>Warenkorb speichern<\/strong> und klicken Sie auf <strong>Gehen<\/strong>.<\/li>\n<\/ul>\n<p class=\"p_tc\"><img decoding=\"async\" class=\"alignnone size-full wp-image-16355\" src=\"https:\/\/www.boartlongyear.com\/wp-content\/uploads\/save-cart.jpg\" alt=\"Warenkorb speichern\" width=\"221\" height=\"150\" \/><\/p>\n<p class=\"p_tc\">Geben Sie einen Warenkorbnamen ein und klicken Sie auf <strong>Sich bewerben<\/strong>. Ein Best\u00e4tigungsfenster wird angezeigt. In diesem Fenster k\u00f6nnen Sie Ihre Warenkorbdetails \u00fcberpr\u00fcfen. Klicken <strong>Mit dem Einkaufen fortfahren.<\/strong> <strong>&nbsp;<\/strong><\/p>\n<p class=\"p_tc\"><strong>So gelangen Sie zu gespeicherten Karren<\/strong><strong>&nbsp;<\/strong><\/p>\n<ul>\n<li>Klicke auf das <strong>Wagen<\/strong> Link oben auf der Seite.<\/li>\n<li>Klicken Sie in dem kleinen Untermen\u00fc, das unter dem gro\u00dfen grauen Men\u00fc angezeigt wird, auf <strong>Gespeicherte Wagen<\/strong>.&nbsp;<\/li>\n<\/ul>\n<p class=\"p_tc\"><img decoding=\"async\" class=\"alignnone size-full wp-image-16356\" src=\"https:\/\/www.boartlongyear.com\/wp-content\/uploads\/saved-carts.jpg\" alt=\"gespeicherte Karren\" width=\"700\" height=\"166\" \/><\/p>\n<p class=\"p_tc\"><strong>Gespeicherte Carts-Aktionsmen\u00fc<\/strong><\/p>\n<ul>\n<li><strong>Warenkorb aktualisieren<\/strong>: Verwenden Sie diese Option, um die Mengen zu aktualisieren oder Elemente zu l\u00f6schen.<\/li>\n<li><strong>Einkaufswagen teilen<\/strong>: Sie k\u00f6nnen Ihre gespeicherten Einkaufswagen mit anderen Benutzern in Ihrem Konto teilen.<\/li>\n<li><strong>Doppelter Wagen:<\/strong> Kopiert den ausgew\u00e4hlten gespeicherten Warenkorb in der Liste. Nachdem Sie einen Warenkorb dupliziert haben, wird er zu Ihrem aktuellen Warenkorb.<\/li>\n<li><strong>Warenkorb l\u00f6schen<\/strong>: L\u00f6scht den ausgew\u00e4hlten Warenkorb in Ihrer Liste mit gespeicherten Warenkorb.<\/li>\n<\/ul>\n<p class=\"p_tc\"><strong>Einen gespeicherten Warenkorb auschecken<\/strong> W\u00e4hlen Sie den Warenkorb aus, den Sie zur Kasse gehen m\u00f6chten, und klicken Sie auf <strong>Auschecken<\/strong> Taste. Sie werden sofort zu Schritt 1 der Kaufabwicklung weitergeleitet. Ausf\u00fchrliche Informationen zum Checkout-Prozess finden Sie in der <strong>Checkout Schritt f\u00fcr Schritt<\/strong> dokumentieren. <em><strong>HINWEIS<\/strong>: Wenn sich derzeit ein Artikel in Ihrem Warenkorb befindet, w\u00e4hrend Sie einen gespeicherten Warenkorb auschecken, wird der Artikel in einen neuen gespeicherten Warenkorb mit dem Titel verschoben <strong>Speichern gespeichert.<\/strong><\/em><\/p>\n<\/div><\/div><\/div><\/div>\n\t\t\n\t\t\n\t<\/section>","protected":false},"excerpt":{"rendered":"","protected":false},"author":66,"featured_media":0,"parent":16526,"menu_order":0,"comment_status":"closed","ping_status":"closed","template":"sidebar-dynamic.php","meta":{"_uag_custom_page_level_css":"","_monsterinsights_skip_tracking":false,"_monsterinsights_sitenote_active":false,"_monsterinsights_sitenote_note":"","_monsterinsights_sitenote_category":0,"footnotes":""},"class_list":["post-16151","page","type-page","status-publish","hentry"],"acf":[],"yoast_head":"<!-- This site is optimized with the Yoast SEO plugin v27.4 - https:\/\/yoast.com\/product\/yoast-seo-wordpress\/ -->\n<title>My Drill Store: Saved Carts - Boart Longyear<\/title>\n<meta name=\"robots\" content=\"index, follow, max-snippet:-1, max-image-preview:large, max-video-preview:-1\" \/>\n<link rel=\"canonical\" href=\"https:\/\/www.boartlongyear.com\/de\/my-drill-store\/saved-carts\/\" \/>\n<meta property=\"og:locale\" content=\"de_DE\" \/>\n<meta property=\"og:type\" content=\"article\" \/>\n<meta property=\"og:title\" content=\"My Drill Store: Saved Carts - Boart Longyear\" \/>\n<meta property=\"og:url\" content=\"https:\/\/www.boartlongyear.com\/de\/my-drill-store\/saved-carts\/\" \/>\n<meta property=\"og:site_name\" content=\"Boart Longyear\" \/>\n<meta property=\"article:publisher\" content=\"https:\/\/www.facebook.com\/boartlongyearcareers\" \/>\n<meta property=\"article:modified_time\" content=\"2017-07-31T20:00:36+00:00\" \/>\n<meta property=\"og:image\" content=\"https:\/\/www.boartlongyear.com\/wp-content\/uploads\/save-cart.jpg\" \/>\n<meta name=\"twitter:label1\" content=\"Gesch\u00e4tzte Lesezeit\" \/>\n\t<meta name=\"twitter:data1\" content=\"1 Minute\" \/>\n<script type=\"application\/ld+json\" class=\"yoast-schema-graph\">{\"@context\":\"https:\\\/\\\/schema.org\",\"@graph\":[{\"@type\":\"WebPage\",\"@id\":\"https:\\\/\\\/www.boartlongyear.com\\\/my-drill-store\\\/saved-carts\\\/\",\"url\":\"https:\\\/\\\/www.boartlongyear.com\\\/my-drill-store\\\/saved-carts\\\/\",\"name\":\"My Drill Store: Saved Carts - Boart Longyear\",\"isPartOf\":{\"@id\":\"https:\\\/\\\/www.boartlongyear.com\\\/#website\"},\"primaryImageOfPage\":{\"@id\":\"https:\\\/\\\/www.boartlongyear.com\\\/my-drill-store\\\/saved-carts\\\/#primaryimage\"},\"image\":{\"@id\":\"https:\\\/\\\/www.boartlongyear.com\\\/my-drill-store\\\/saved-carts\\\/#primaryimage\"},\"thumbnailUrl\":\"https:\\\/\\\/www.boartlongyear.com\\\/wp-content\\\/uploads\\\/save-cart.jpg\",\"datePublished\":\"2016-06-17T16:28:04+00:00\",\"dateModified\":\"2017-07-31T20:00:36+00:00\",\"breadcrumb\":{\"@id\":\"https:\\\/\\\/www.boartlongyear.com\\\/my-drill-store\\\/saved-carts\\\/#breadcrumb\"},\"inLanguage\":\"de-DE\",\"potentialAction\":[{\"@type\":\"ReadAction\",\"target\":[\"https:\\\/\\\/www.boartlongyear.com\\\/my-drill-store\\\/saved-carts\\\/\"]}]},{\"@type\":\"ImageObject\",\"inLanguage\":\"de-DE\",\"@id\":\"https:\\\/\\\/www.boartlongyear.com\\\/my-drill-store\\\/saved-carts\\\/#primaryimage\",\"url\":\"https:\\\/\\\/www.boartlongyear.com\\\/wp-content\\\/uploads\\\/save-cart.jpg\",\"contentUrl\":\"https:\\\/\\\/www.boartlongyear.com\\\/wp-content\\\/uploads\\\/save-cart.jpg\"},{\"@type\":\"BreadcrumbList\",\"@id\":\"https:\\\/\\\/www.boartlongyear.com\\\/my-drill-store\\\/saved-carts\\\/#breadcrumb\",\"itemListElement\":[{\"@type\":\"ListItem\",\"position\":1,\"name\":\"Home\",\"item\":\"https:\\\/\\\/www.boartlongyear.com\\\/\"},{\"@type\":\"ListItem\",\"position\":2,\"name\":\"My Drill Store\",\"item\":\"https:\\\/\\\/www.boartlongyear.com\\\/my-drill-store\\\/\"},{\"@type\":\"ListItem\",\"position\":3,\"name\":\"My Drill Store: Saved Carts\"}]},{\"@type\":\"WebSite\",\"@id\":\"https:\\\/\\\/www.boartlongyear.com\\\/#website\",\"url\":\"https:\\\/\\\/www.boartlongyear.com\\\/\",\"name\":\"Boart Longyear\",\"description\":\"\",\"publisher\":{\"@id\":\"https:\\\/\\\/www.boartlongyear.com\\\/#organization\"},\"potentialAction\":[{\"@type\":\"SearchAction\",\"target\":{\"@type\":\"EntryPoint\",\"urlTemplate\":\"https:\\\/\\\/www.boartlongyear.com\\\/?s={search_term_string}\"},\"query-input\":{\"@type\":\"PropertyValueSpecification\",\"valueRequired\":true,\"valueName\":\"search_term_string\"}}],\"inLanguage\":\"de-DE\"},{\"@type\":\"Organization\",\"@id\":\"https:\\\/\\\/www.boartlongyear.com\\\/#organization\",\"name\":\"Boart Longyear\",\"url\":\"https:\\\/\\\/www.boartlongyear.com\\\/\",\"logo\":{\"@type\":\"ImageObject\",\"inLanguage\":\"de-DE\",\"@id\":\"https:\\\/\\\/www.boartlongyear.com\\\/#\\\/schema\\\/logo\\\/image\\\/\",\"url\":\"https:\\\/\\\/www.boartlongyear.com\\\/wp-content\\\/uploads\\\/BLY-Double-Stack.png\",\"contentUrl\":\"https:\\\/\\\/www.boartlongyear.com\\\/wp-content\\\/uploads\\\/BLY-Double-Stack.png\",\"width\":400,\"height\":100,\"caption\":\"Boart Longyear\"},\"image\":{\"@id\":\"https:\\\/\\\/www.boartlongyear.com\\\/#\\\/schema\\\/logo\\\/image\\\/\"},\"sameAs\":[\"https:\\\/\\\/www.facebook.com\\\/boartlongyearcareers\",\"https:\\\/\\\/x.com\\\/boartlongyear\",\"https:\\\/\\\/www.instagram.com\\\/boartlongyear\",\"https:\\\/\\\/www.linkedin.com\\\/company\\\/boart-longyear\",\"https:\\\/\\\/www.youtube.com\\\/user\\\/BoartLongyear1\"]}]}<\/script>\n<!-- \/ Yoast SEO plugin. -->","yoast_head_json":{"title":"Mein Bohrladen: Gespeicherte Wagen - Boart Longyear","robots":{"index":"index","follow":"follow","max-snippet":"max-snippet:-1","max-image-preview":"max-image-preview:large","max-video-preview":"max-video-preview:-1"},"canonical":"https:\/\/www.boartlongyear.com\/de\/my-drill-store\/saved-carts\/","og_locale":"de_DE","og_type":"article","og_title":"My Drill Store: Saved Carts - Boart Longyear","og_url":"https:\/\/www.boartlongyear.com\/de\/my-drill-store\/saved-carts\/","og_site_name":"Boart Longyear","article_publisher":"https:\/\/www.facebook.com\/boartlongyearcareers","article_modified_time":"2017-07-31T20:00:36+00:00","og_image":[{"url":"https:\/\/www.boartlongyear.com\/wp-content\/uploads\/save-cart.jpg","type":"","width":"","height":""}],"twitter_misc":{"Gesch\u00e4tzte Lesezeit":"1 Minute"},"schema":{"@context":"https:\/\/schema.org","@graph":[{"@type":"WebPage","@id":"https:\/\/www.boartlongyear.com\/my-drill-store\/saved-carts\/","url":"https:\/\/www.boartlongyear.com\/my-drill-store\/saved-carts\/","name":"Mein Bohrladen: Gespeicherte Wagen - Boart Longyear","isPartOf":{"@id":"https:\/\/www.boartlongyear.com\/#website"},"primaryImageOfPage":{"@id":"https:\/\/www.boartlongyear.com\/my-drill-store\/saved-carts\/#primaryimage"},"image":{"@id":"https:\/\/www.boartlongyear.com\/my-drill-store\/saved-carts\/#primaryimage"},"thumbnailUrl":"https:\/\/www.boartlongyear.com\/wp-content\/uploads\/save-cart.jpg","datePublished":"2016-06-17T16:28:04+00:00","dateModified":"2017-07-31T20:00:36+00:00","breadcrumb":{"@id":"https:\/\/www.boartlongyear.com\/my-drill-store\/saved-carts\/#breadcrumb"},"inLanguage":"de-DE","potentialAction":[{"@type":"ReadAction","target":["https:\/\/www.boartlongyear.com\/my-drill-store\/saved-carts\/"]}]},{"@type":"ImageObject","inLanguage":"de-DE","@id":"https:\/\/www.boartlongyear.com\/my-drill-store\/saved-carts\/#primaryimage","url":"https:\/\/www.boartlongyear.com\/wp-content\/uploads\/save-cart.jpg","contentUrl":"https:\/\/www.boartlongyear.com\/wp-content\/uploads\/save-cart.jpg"},{"@type":"BreadcrumbList","@id":"https:\/\/www.boartlongyear.com\/my-drill-store\/saved-carts\/#breadcrumb","itemListElement":[{"@type":"ListItem","position":1,"name":"Home","item":"https:\/\/www.boartlongyear.com\/"},{"@type":"ListItem","position":2,"name":"My Drill Store","item":"https:\/\/www.boartlongyear.com\/my-drill-store\/"},{"@type":"ListItem","position":3,"name":"My Drill Store: Saved Carts"}]},{"@type":"WebSite","@id":"https:\/\/www.boartlongyear.com\/#website","url":"https:\/\/www.boartlongyear.com\/","name":"Boart Longyear","description":"","publisher":{"@id":"https:\/\/www.boartlongyear.com\/#organization"},"potentialAction":[{"@type":"SearchAction","target":{"@type":"EntryPoint","urlTemplate":"https:\/\/www.boartlongyear.com\/?s={search_term_string}"},"query-input":{"@type":"PropertyValueSpecification","valueRequired":true,"valueName":"search_term_string"}}],"inLanguage":"de-DE"},{"@type":"Organization","@id":"https:\/\/www.boartlongyear.com\/#organization","name":"Boart Longyear","url":"https:\/\/www.boartlongyear.com\/","logo":{"@type":"ImageObject","inLanguage":"de-DE","@id":"https:\/\/www.boartlongyear.com\/#\/schema\/logo\/image\/","url":"https:\/\/www.boartlongyear.com\/wp-content\/uploads\/BLY-Double-Stack.png","contentUrl":"https:\/\/www.boartlongyear.com\/wp-content\/uploads\/BLY-Double-Stack.png","width":400,"height":100,"caption":"Boart Longyear"},"image":{"@id":"https:\/\/www.boartlongyear.com\/#\/schema\/logo\/image\/"},"sameAs":["https:\/\/www.facebook.com\/boartlongyearcareers","https:\/\/x.com\/boartlongyear","https:\/\/www.instagram.com\/boartlongyear","https:\/\/www.linkedin.com\/company\/boart-longyear","https:\/\/www.youtube.com\/user\/BoartLongyear1"]}]}},"uagb_featured_image_src":{"full":false,"thumbnail":false,"medium":false,"medium_large":false,"large":false,"RoboGalleryMansoryImagesCenter":false,"RoboGalleryPreload":false,"1536x1536":false,"2048x2048":false,"trp-custom-language-flag":false,"alm-thumbnail":false,"tptn_thumbnail":false},"uagb_author_info":{"display_name":"Marketing","author_link":"https:\/\/www.boartlongyear.com\/de\/insite\/author\/jamesburris\/"},"uagb_comment_info":0,"uagb_excerpt":null,"_links":{"self":[{"href":"https:\/\/www.boartlongyear.com\/de\/wp-json\/wp\/v2\/pages\/16151","targetHints":{"allow":["GET"]}}],"collection":[{"href":"https:\/\/www.boartlongyear.com\/de\/wp-json\/wp\/v2\/pages"}],"about":[{"href":"https:\/\/www.boartlongyear.com\/de\/wp-json\/wp\/v2\/types\/page"}],"author":[{"embeddable":true,"href":"https:\/\/www.boartlongyear.com\/de\/wp-json\/wp\/v2\/users\/66"}],"replies":[{"embeddable":true,"href":"https:\/\/www.boartlongyear.com\/de\/wp-json\/wp\/v2\/comments?post=16151"}],"version-history":[{"count":0,"href":"https:\/\/www.boartlongyear.com\/de\/wp-json\/wp\/v2\/pages\/16151\/revisions"}],"up":[{"embeddable":true,"href":"https:\/\/www.boartlongyear.com\/de\/wp-json\/wp\/v2\/pages\/16526"}],"wp:attachment":[{"href":"https:\/\/www.boartlongyear.com\/de\/wp-json\/wp\/v2\/media?parent=16151"}],"curies":[{"name":"wp","href":"https:\/\/api.w.org\/{rel}","templated":true}]}}