{"id":16157,"date":"2016-06-20T13:40:49","date_gmt":"2016-06-20T19:40:49","guid":{"rendered":"https:\/\/www.boartlongyear.com\/?page_id=16157"},"modified":"2017-07-28T14:48:27","modified_gmt":"2017-07-28T20:48:27","slug":"account-information-areas","status":"publish","type":"page","link":"https:\/\/www.boartlongyear.com\/de\/my-drill-store\/account-information-areas\/","title":{"rendered":"Mein Drill Store: Kontoinformationsbereiche"},"content":{"rendered":"<section class=\"tcvpb_section_tc\">\n\t\t\n\t\t<div class=\"tcvpb_section_content\"><div class=\"tcvpb_container\"><div class=\"tcvpb_column_tc_span12\"><h1  ><span>Mein Drill Store: Kontoinformationsbereiche<\/span><\/h1><div  class=\"\" >\n<p class=\"p_tc\">Es gibt zwei Bereiche, in denen Sie Ihre Kontoinformationen und den Bestellverlauf abrufen k\u00f6nnen <strong>Auftr\u00e4ge<\/strong> und <strong>Profil<\/strong> Links auf dem oberen Streifen. <img decoding=\"async\" class=\"alignnone size-full wp-image-16158\" src=\"https:\/\/www.boartlongyear.com\/wp-content\/uploads\/orders-profile.jpg\" alt=\"Bestellprofil\" width=\"156\" height=\"44\" \/><\/p>\n<\/div><h2  ><span>Auftr\u00e4ge<\/span><\/h2><div  class=\"\" >\n<p class=\"p_tc\">Um Ihre Bestellungen zu verfolgen oder Rechnungen und Zahlungen Ihres Kontos anzuzeigen, klicken Sie auf <strong>Auftr\u00e4ge<\/strong> im oberen streifen. Das <strong>Bestellungen verfolgen<\/strong> Bildschirm erscheint.<\/p>\n<p class=\"p_tc\"><img decoding=\"async\" class=\"alignnone size-full wp-image-16159\" src=\"https:\/\/www.boartlongyear.com\/wp-content\/uploads\/track-orders.jpg\" alt=\"Trackauftr\u00e4ge\" width=\"813\" height=\"535\" \/><\/p>\n<p class=\"p1\">In diesem Bildschirm k\u00f6nnen Sie nach vorherigen Bestellungen suchen und die Details anzeigen, indem Sie auf eine Bestellnummer klicken. Sie k\u00f6nnen die Versanddetails auch \u00fcberpr\u00fcfen, indem Sie auf das Symbol in der rechten Spalte klicken. Eventuelle Versandkosten werden hier ausgewiesen.<\/p>\n<\/div><h2  ><span>Profil<\/span><\/h2><div  class=\"\" >\n<p class=\"p_tc\">Der Profilabschnitt hat 2 Unterabschnitte, <strong>Nutzer<\/strong> und <strong>Unternehmen<\/strong>. <img decoding=\"async\" class=\"size-full wp-image-16629 aligncenter\" src=\"https:\/\/www.boartlongyear.com\/wp-content\/uploads\/account-profile1.gif\" alt=\"Konto-Profil1\" width=\"360\" height=\"240\"><\/p>\n<h3>Benutzer Tab<\/h3>\n<ul>\n<li><strong>Pers\u00f6nliche Angaben<\/strong>: In diesem Bereich k\u00f6nnen Sie Ihre Informationen und Ihr Kennwort \u00e4ndern.<\/li>\n<li><strong>Adressbuch<\/strong>: Die Adresse des Benutzers.<em><strong>HINWEIS<\/strong>: Die Adressen in der <strong>Nutzer<\/strong> Der Abschnitt gibt nicht die Versand- oder Rechnungsadresse des Hauptkontos wieder. <strong>HINWEIS<\/strong>: Bei Eingabe einer US-amerikanischen Postleitzahl <strong>unterlassen Sie<\/strong> F\u00fcgen Sie die zus\u00e4tzlichen +4 Ziffern hinzu.<\/em><\/li>\n<li><strong>Konten<\/strong>: Wenn sich mehrere Benutzer auf demselben Konto befinden, k\u00f6nnen Sie sie hier verwalten.<\/li>\n<li><strong>Einstellungen<\/strong>: In dem <strong>Allgemeines<\/strong> W\u00e4hlen Sie auf der Registerkarte Ihr Datumsformat, Ihre E-Mail-Zustellungssprache aus oder melden Sie sich f\u00fcr Sonderangebote an. Sie k\u00f6nnen auch eine Standardversandmethode f\u00fcr alle zuk\u00fcnftigen Bestellungen in w\u00e4hlen <strong>Auftr\u00e4ge<\/strong> Tab.<\/li>\n<li><strong>Gekaufte Rigs<\/strong>: Detaillierte Informationen zu Ihren gekauften Rigs.<\/li>\n<\/ul>\n<h3>Firma Tab<\/h3>\n<ul>\n<li><strong>Firmeninformation:<\/strong> Allgemeine Informationen zu Ihrer Organisation.<\/li>\n<li><strong>Adressbuch<\/strong>: Rechnungs- und Versandadressen f\u00fcr das Konto verf\u00fcgbar.<strong><em>HINWEIS:<\/em><\/strong> Wenn Sie eine neue Versand- oder Rechnungsadresse hinzuf\u00fcgen m\u00fcssen, wenden Sie sich bitte an <a href=\"https:\/\/www.boartlongyear.com\/de\/mydrillstore-guides-help-documents\/\">Wenden Sie sich an Ihren regionalen Kundendienstvertreter.<\/a><\/li>\n<\/ul>\n<\/div><\/div><\/div><\/div>\n\t\t\n\t\t\n\t<\/section>","protected":false},"excerpt":{"rendered":"","protected":false},"author":66,"featured_media":0,"parent":16526,"menu_order":0,"comment_status":"closed","ping_status":"closed","template":"sidebar-dynamic.php","meta":{"_uag_custom_page_level_css":"","_monsterinsights_skip_tracking":false,"_monsterinsights_sitenote_active":false,"_monsterinsights_sitenote_note":"","_monsterinsights_sitenote_category":0,"footnotes":""},"class_list":["post-16157","page","type-page","status-publish","hentry"],"acf":[],"yoast_head":"<!-- This site is optimized with the Yoast SEO plugin v27.4 - https:\/\/yoast.com\/product\/yoast-seo-wordpress\/ -->\n<title>My Drill Store: Account Information Areas - Boart Longyear<\/title>\n<meta name=\"robots\" content=\"index, follow, max-snippet:-1, max-image-preview:large, max-video-preview:-1\" \/>\n<link rel=\"canonical\" href=\"https:\/\/www.boartlongyear.com\/de\/my-drill-store\/account-information-areas\/\" \/>\n<meta property=\"og:locale\" content=\"de_DE\" \/>\n<meta property=\"og:type\" content=\"article\" \/>\n<meta property=\"og:title\" content=\"My Drill Store: Account Information Areas - Boart Longyear\" \/>\n<meta property=\"og:url\" content=\"https:\/\/www.boartlongyear.com\/de\/my-drill-store\/account-information-areas\/\" \/>\n<meta property=\"og:site_name\" content=\"Boart Longyear\" \/>\n<meta property=\"article:publisher\" content=\"https:\/\/www.facebook.com\/boartlongyearcareers\" \/>\n<meta property=\"article:modified_time\" content=\"2017-07-28T20:48:27+00:00\" \/>\n<meta property=\"og:image\" content=\"https:\/\/www.boartlongyear.com\/wp-content\/uploads\/orders-profile.jpg\" \/>\n<meta name=\"twitter:label1\" content=\"Gesch\u00e4tzte Lesezeit\" \/>\n\t<meta name=\"twitter:data1\" content=\"2 Minuten\" \/>\n<script type=\"application\/ld+json\" class=\"yoast-schema-graph\">{\"@context\":\"https:\\\/\\\/schema.org\",\"@graph\":[{\"@type\":\"WebPage\",\"@id\":\"https:\\\/\\\/www.boartlongyear.com\\\/my-drill-store\\\/account-information-areas\\\/\",\"url\":\"https:\\\/\\\/www.boartlongyear.com\\\/my-drill-store\\\/account-information-areas\\\/\",\"name\":\"My Drill Store: Account Information Areas - Boart Longyear\",\"isPartOf\":{\"@id\":\"https:\\\/\\\/www.boartlongyear.com\\\/#website\"},\"primaryImageOfPage\":{\"@id\":\"https:\\\/\\\/www.boartlongyear.com\\\/my-drill-store\\\/account-information-areas\\\/#primaryimage\"},\"image\":{\"@id\":\"https:\\\/\\\/www.boartlongyear.com\\\/my-drill-store\\\/account-information-areas\\\/#primaryimage\"},\"thumbnailUrl\":\"https:\\\/\\\/www.boartlongyear.com\\\/wp-content\\\/uploads\\\/orders-profile.jpg\",\"datePublished\":\"2016-06-20T19:40:49+00:00\",\"dateModified\":\"2017-07-28T20:48:27+00:00\",\"breadcrumb\":{\"@id\":\"https:\\\/\\\/www.boartlongyear.com\\\/my-drill-store\\\/account-information-areas\\\/#breadcrumb\"},\"inLanguage\":\"de-DE\",\"potentialAction\":[{\"@type\":\"ReadAction\",\"target\":[\"https:\\\/\\\/www.boartlongyear.com\\\/my-drill-store\\\/account-information-areas\\\/\"]}]},{\"@type\":\"ImageObject\",\"inLanguage\":\"de-DE\",\"@id\":\"https:\\\/\\\/www.boartlongyear.com\\\/my-drill-store\\\/account-information-areas\\\/#primaryimage\",\"url\":\"https:\\\/\\\/www.boartlongyear.com\\\/wp-content\\\/uploads\\\/orders-profile.jpg\",\"contentUrl\":\"https:\\\/\\\/www.boartlongyear.com\\\/wp-content\\\/uploads\\\/orders-profile.jpg\"},{\"@type\":\"BreadcrumbList\",\"@id\":\"https:\\\/\\\/www.boartlongyear.com\\\/my-drill-store\\\/account-information-areas\\\/#breadcrumb\",\"itemListElement\":[{\"@type\":\"ListItem\",\"position\":1,\"name\":\"Home\",\"item\":\"https:\\\/\\\/www.boartlongyear.com\\\/\"},{\"@type\":\"ListItem\",\"position\":2,\"name\":\"My Drill Store\",\"item\":\"https:\\\/\\\/www.boartlongyear.com\\\/my-drill-store\\\/\"},{\"@type\":\"ListItem\",\"position\":3,\"name\":\"My Drill Store: Account Information Areas\"}]},{\"@type\":\"WebSite\",\"@id\":\"https:\\\/\\\/www.boartlongyear.com\\\/#website\",\"url\":\"https:\\\/\\\/www.boartlongyear.com\\\/\",\"name\":\"Boart Longyear\",\"description\":\"\",\"publisher\":{\"@id\":\"https:\\\/\\\/www.boartlongyear.com\\\/#organization\"},\"potentialAction\":[{\"@type\":\"SearchAction\",\"target\":{\"@type\":\"EntryPoint\",\"urlTemplate\":\"https:\\\/\\\/www.boartlongyear.com\\\/?s={search_term_string}\"},\"query-input\":{\"@type\":\"PropertyValueSpecification\",\"valueRequired\":true,\"valueName\":\"search_term_string\"}}],\"inLanguage\":\"de-DE\"},{\"@type\":\"Organization\",\"@id\":\"https:\\\/\\\/www.boartlongyear.com\\\/#organization\",\"name\":\"Boart Longyear\",\"url\":\"https:\\\/\\\/www.boartlongyear.com\\\/\",\"logo\":{\"@type\":\"ImageObject\",\"inLanguage\":\"de-DE\",\"@id\":\"https:\\\/\\\/www.boartlongyear.com\\\/#\\\/schema\\\/logo\\\/image\\\/\",\"url\":\"https:\\\/\\\/www.boartlongyear.com\\\/wp-content\\\/uploads\\\/BLY-Double-Stack.png\",\"contentUrl\":\"https:\\\/\\\/www.boartlongyear.com\\\/wp-content\\\/uploads\\\/BLY-Double-Stack.png\",\"width\":400,\"height\":100,\"caption\":\"Boart Longyear\"},\"image\":{\"@id\":\"https:\\\/\\\/www.boartlongyear.com\\\/#\\\/schema\\\/logo\\\/image\\\/\"},\"sameAs\":[\"https:\\\/\\\/www.facebook.com\\\/boartlongyearcareers\",\"https:\\\/\\\/x.com\\\/boartlongyear\",\"https:\\\/\\\/www.instagram.com\\\/boartlongyear\",\"https:\\\/\\\/www.linkedin.com\\\/company\\\/boart-longyear\",\"https:\\\/\\\/www.youtube.com\\\/user\\\/BoartLongyear1\"]}]}<\/script>\n<!-- \/ Yoast SEO plugin. -->","yoast_head_json":{"title":"Mein Drill Store: Kontoinformationen - Boart Longyear","robots":{"index":"index","follow":"follow","max-snippet":"max-snippet:-1","max-image-preview":"max-image-preview:large","max-video-preview":"max-video-preview:-1"},"canonical":"https:\/\/www.boartlongyear.com\/de\/my-drill-store\/account-information-areas\/","og_locale":"de_DE","og_type":"article","og_title":"My Drill Store: Account Information Areas - Boart Longyear","og_url":"https:\/\/www.boartlongyear.com\/de\/my-drill-store\/account-information-areas\/","og_site_name":"Boart Longyear","article_publisher":"https:\/\/www.facebook.com\/boartlongyearcareers","article_modified_time":"2017-07-28T20:48:27+00:00","og_image":[{"url":"https:\/\/www.boartlongyear.com\/wp-content\/uploads\/orders-profile.jpg","type":"","width":"","height":""}],"twitter_misc":{"Gesch\u00e4tzte Lesezeit":"2 Minuten"},"schema":{"@context":"https:\/\/schema.org","@graph":[{"@type":"WebPage","@id":"https:\/\/www.boartlongyear.com\/my-drill-store\/account-information-areas\/","url":"https:\/\/www.boartlongyear.com\/my-drill-store\/account-information-areas\/","name":"Mein Drill Store: Kontoinformationen - Boart Longyear","isPartOf":{"@id":"https:\/\/www.boartlongyear.com\/#website"},"primaryImageOfPage":{"@id":"https:\/\/www.boartlongyear.com\/my-drill-store\/account-information-areas\/#primaryimage"},"image":{"@id":"https:\/\/www.boartlongyear.com\/my-drill-store\/account-information-areas\/#primaryimage"},"thumbnailUrl":"https:\/\/www.boartlongyear.com\/wp-content\/uploads\/orders-profile.jpg","datePublished":"2016-06-20T19:40:49+00:00","dateModified":"2017-07-28T20:48:27+00:00","breadcrumb":{"@id":"https:\/\/www.boartlongyear.com\/my-drill-store\/account-information-areas\/#breadcrumb"},"inLanguage":"de-DE","potentialAction":[{"@type":"ReadAction","target":["https:\/\/www.boartlongyear.com\/my-drill-store\/account-information-areas\/"]}]},{"@type":"ImageObject","inLanguage":"de-DE","@id":"https:\/\/www.boartlongyear.com\/my-drill-store\/account-information-areas\/#primaryimage","url":"https:\/\/www.boartlongyear.com\/wp-content\/uploads\/orders-profile.jpg","contentUrl":"https:\/\/www.boartlongyear.com\/wp-content\/uploads\/orders-profile.jpg"},{"@type":"BreadcrumbList","@id":"https:\/\/www.boartlongyear.com\/my-drill-store\/account-information-areas\/#breadcrumb","itemListElement":[{"@type":"ListItem","position":1,"name":"Home","item":"https:\/\/www.boartlongyear.com\/"},{"@type":"ListItem","position":2,"name":"My Drill Store","item":"https:\/\/www.boartlongyear.com\/my-drill-store\/"},{"@type":"ListItem","position":3,"name":"My Drill Store: Account Information Areas"}]},{"@type":"WebSite","@id":"https:\/\/www.boartlongyear.com\/#website","url":"https:\/\/www.boartlongyear.com\/","name":"Boart Longyear","description":"","publisher":{"@id":"https:\/\/www.boartlongyear.com\/#organization"},"potentialAction":[{"@type":"SearchAction","target":{"@type":"EntryPoint","urlTemplate":"https:\/\/www.boartlongyear.com\/?s={search_term_string}"},"query-input":{"@type":"PropertyValueSpecification","valueRequired":true,"valueName":"search_term_string"}}],"inLanguage":"de-DE"},{"@type":"Organization","@id":"https:\/\/www.boartlongyear.com\/#organization","name":"Boart Longyear","url":"https:\/\/www.boartlongyear.com\/","logo":{"@type":"ImageObject","inLanguage":"de-DE","@id":"https:\/\/www.boartlongyear.com\/#\/schema\/logo\/image\/","url":"https:\/\/www.boartlongyear.com\/wp-content\/uploads\/BLY-Double-Stack.png","contentUrl":"https:\/\/www.boartlongyear.com\/wp-content\/uploads\/BLY-Double-Stack.png","width":400,"height":100,"caption":"Boart Longyear"},"image":{"@id":"https:\/\/www.boartlongyear.com\/#\/schema\/logo\/image\/"},"sameAs":["https:\/\/www.facebook.com\/boartlongyearcareers","https:\/\/x.com\/boartlongyear","https:\/\/www.instagram.com\/boartlongyear","https:\/\/www.linkedin.com\/company\/boart-longyear","https:\/\/www.youtube.com\/user\/BoartLongyear1"]}]}},"uagb_featured_image_src":{"full":false,"thumbnail":false,"medium":false,"medium_large":false,"large":false,"RoboGalleryMansoryImagesCenter":false,"RoboGalleryPreload":false,"1536x1536":false,"2048x2048":false,"trp-custom-language-flag":false,"alm-thumbnail":false,"tptn_thumbnail":false},"uagb_author_info":{"display_name":"Marketing","author_link":"https:\/\/www.boartlongyear.com\/de\/insite\/author\/jamesburris\/"},"uagb_comment_info":0,"uagb_excerpt":null,"_links":{"self":[{"href":"https:\/\/www.boartlongyear.com\/de\/wp-json\/wp\/v2\/pages\/16157","targetHints":{"allow":["GET"]}}],"collection":[{"href":"https:\/\/www.boartlongyear.com\/de\/wp-json\/wp\/v2\/pages"}],"about":[{"href":"https:\/\/www.boartlongyear.com\/de\/wp-json\/wp\/v2\/types\/page"}],"author":[{"embeddable":true,"href":"https:\/\/www.boartlongyear.com\/de\/wp-json\/wp\/v2\/users\/66"}],"replies":[{"embeddable":true,"href":"https:\/\/www.boartlongyear.com\/de\/wp-json\/wp\/v2\/comments?post=16157"}],"version-history":[{"count":0,"href":"https:\/\/www.boartlongyear.com\/de\/wp-json\/wp\/v2\/pages\/16157\/revisions"}],"up":[{"embeddable":true,"href":"https:\/\/www.boartlongyear.com\/de\/wp-json\/wp\/v2\/pages\/16526"}],"wp:attachment":[{"href":"https:\/\/www.boartlongyear.com\/de\/wp-json\/wp\/v2\/media?parent=16157"}],"curies":[{"name":"wp","href":"https:\/\/api.w.org\/{rel}","templated":true}]}}