{"id":195,"date":"2013-04-03T19:01:34","date_gmt":"2013-04-03T19:01:34","guid":{"rendered":"http:\/\/blystaging.sawayaconsulting.com\/?page_id=195"},"modified":"2024-04-11T09:25:37","modified_gmt":"2024-04-11T15:25:37","slug":"press-room","status":"publish","type":"page","link":"https:\/\/www.boartlongyear.com\/de\/company\/press-room\/","title":{"rendered":"Presseraum"},"content":{"rendered":"<section class=\"tcvpb_section_tc\">\n\t\t\n\t\t<div class=\"tcvpb_section_content\"><div class=\"tcvpb_container\"><div class=\"tcvpb_column_tc_span12\"><span class=\"clear\" style=\"height:20px;display:block;\"><\/span><h1  ><span>Presseraum<\/span><\/h1><div  class=\"tcvpb_divider tcvpb_divider_solid\"><a href=\"#\" class=\"backtotop\"><\/a><\/div><\/div><\/div><\/div>\n\t\t\n\t\t\n\t<\/section><section class=\"tcvpb_section_tc\">\n\t\t\n\t\t<div class=\"tcvpb_section_content\"><div class=\"tcvpb_container\"><div class=\"tcvpb_column_tc_span12\"><h2  ><span>Medienkontakte<\/span><\/h2><\/div><\/div><\/div>\n\t\t\n\t\t\n\t<\/section><section class=\"tcvpb_section_tc\">\n\t\t\n\t\t<div class=\"tcvpb_section_content\"><div class=\"tcvpb_container\"><div class=\"tcvpb_column_tc_span6\"><div  class=\"\" >\n<p class=\"p_tc\"><strong>James Burris<\/strong><br><em><strong>Medienkontakt<\/strong><\/em><br>Global Marketing Manager<br><a href=\"mailto:james.burris@boartlongyear.com\">james.burris@boartlongyear.com<\/a><\/p>\n<\/div><\/div><div class=\"tcvpb_column_tc_span6\"><\/div><\/div><\/div>\n\t\t\n\t\t\n\t<\/section><section class=\"tcvpb_section_tc\">\n\t\t\n\t\t<div class=\"tcvpb_section_content\"><div class=\"tcvpb_container\"><div class=\"tcvpb_column_tc_span12\"><div  class=\"tcvpb_divider tcvpb_divider_solid\"><a href=\"#\" class=\"backtotop\"><\/a><\/div><h2  ><span>Neueste Pressemitteilung<\/span><\/h2><div  class=\"\" >\n<p class=\"p_tc\"><div class=\"mainbar-tiles-container\">  <div class=\"\">\n    <div class=\"mainbar-items-description\">\n      <p class=\"mainbar-items-date\">Januar 27, 2025<\/p>\n      <p class=\"mainbar-items-title\"><a href=\"https:\/\/www.boartlongyear.com\/de\/news\/boart-longyear-acquires-naming-rights-to-north-bay-memorial-gardens-arena\/\">BOART LONGYEAR ACQUIRES NAMING RIGHTS TO NORTH BAY MEMORIAL GARDENS ARENA<\/a><\/p>\n      <p>\n        <span>Boart Longyear (the Company), the world\u2019s leading provider of drilling services, an expert in providing valuable orebody knowledge, and a pioneer in innovative drilling equipment and performance tooling, today announced it has acquired the naming rights to the North Bay, Canada sports arena, which will be known as Boart Longyear Memorial Gardens. The agreement was officially approved today by the North Bay City Council. The facility is home to the North Bay Battalion Hockey Club. Denis Despres, Boart Longyear\u2019s Chief&hellip;<\/span>\n        <span><a class=\"text-orange\" href=\"https:\/\/www.boartlongyear.com\/de\/news\/boart-longyear-acquires-naming-rights-to-north-bay-memorial-gardens-arena\/\">Mehr &gt;&gt;<\/a><\/span>\n      <\/p>\n    <\/div>\n  <\/div>\n<\/div><!-- class=\"mainbar-tiles-container\" --><a href=\"\/de\/press-release\/\">Alle Pressemitteilungen anzeigen \u203a\u203a<\/a><\/p>\n<\/div><div  class=\"tcvpb_divider tcvpb_divider_solid\"><a href=\"#\" class=\"backtotop\"><\/a><\/div><h2  ><span>In den Nachrichten<\/span><\/h2><div  class=\"\" >\n<p class=\"p_tc\"><div class=\"mainbar-tiles-container\">  <div class=\"\">\n    <div class=\"mainbar-items-description\">\n      <p class=\"mainbar-items-date\">10. Januar 2022<\/p>\n      <p class=\"mainbar-items-title\"><a href=\"https:\/\/www.boartlongyear.com\/de\/news\/international-mining-boart-longyears-new-roller-latch-overshot\/\">Internationaler Bergbau | Der neue Roller Latch \u2122 Overshot von Boart Longyear<\/a><\/p>\n      <p>\n        <span>Seit Boart Longyear 1966 das Q-Wireline-System eingef\u00fchrt hat, wird das Herausziehen des Schlauchs aus dem Kernrohr auf die gleiche Weise gehandhabt: Ein \u00dcberschuss mit Hebehaken (federbelastete Hakenfinger) wird in das Loch abgesenkt oder gepumpt, bis er \u00fcberschnappt einen schwenkbaren Speerspitzenmechanismus, der an der Innenrohranordnung befestigt ist. Nachdem die Kopfbaugruppe aus dem Bohrloch entfernt wurde, verwendet der Bohrer die schwenkbare Speerspitze, um die Kopfbaugruppe auf ihrer Arbeitsfl\u00e4che zu positionieren und dr\u00fcckt\u2026<\/span>\n        <span><a class=\"text-orange\" href=\"https:\/\/www.boartlongyear.com\/de\/news\/international-mining-boart-longyears-new-roller-latch-overshot\/\">Mehr &gt;&gt;<\/a><\/span>\n      <\/p>\n    <\/div>\n  <\/div>\n<\/div><!-- class=\"mainbar-tiles-container\" --><a href=\"\/de\/in-the-news\/\">Alle in den Nachrichten anzeigen \u203a\u203a<\/a><\/p>\n<\/div><div  class=\"tcvpb_divider tcvpb_divider_solid\"><a href=\"#\" class=\"backtotop\"><\/a><\/div><h2  ><span>Sozialen Medien<\/span><\/h2><div  class=\"tcvpb_follow_us bigsocial\"><a class=\"tcvpb_socialicon tcvpb_tooltip\" data-gravity=\"n\" href=\"https:\/\/www.youtube.com\/user\/BoartLongyear1\" target=\"_self\" title=\"Youtube\"><i class=\"fa-youtube\"><\/i><\/a><a class=\"tcvpb_socialicon tcvpb_tooltip\" data-gravity=\"n\" href=\"https:\/\/twitter.com\/BoartLongyear\" target=\"_self\" title=\"Twitter\"><i class=\"fa-twitter\"><\/i><\/a><a class=\"tcvpb_socialicon tcvpb_tooltip\" data-gravity=\"n\" href=\"https:\/\/www.facebook.com\/boartlongyearcareers\" target=\"_self\" title=\"Facebook\"><i class=\"fa-facebook\"><\/i><\/a><a class=\"tcvpb_socialicon tcvpb_tooltip\" data-gravity=\"n\" href=\"https:\/\/www.linkedin.com\/company\/boart-longyear\/\" target=\"_self\" title=\"LinkedIn\"><i class=\"fa-linkedin\"><\/i><\/a><\/div><span class=\"clear\" style=\"height:15px;display:block;\"><\/span><div  class=\"\" >\n<p class=\"p_tc\"><strong><a href=\"https:\/\/www.boartlongyear.com\/de\/fraudulent-recruitment-scams\/\">Betr\u00fcgerische Rekrutierungsbetrug<\/a><\/strong><\/p>\n<\/div><\/div><\/div><\/div>\n\t\t\n\t\t\n\t<\/section><section class=\"tcvpb_section_tc\">\n\t\t\n\t\t<div class=\"tcvpb_section_content\"><div class=\"tcvpb_container\"><div class=\"tcvpb_column_tc_span12\"><div  class=\"tcvpb_divider tcvpb_divider_solid\"><a href=\"#\" class=\"backtotop\"><\/a><\/div><h2  ><span>Medienressourcen<\/span><\/h2><div  class=\"\" >\n<p class=\"p_tc\" style=\"text-align: left;\">Bitte beachten Sie: Logos von Boart Longyear d\u00fcrfen nur mit vorheriger Genehmigung verwendet werden. Bitte mailen <a href=\"mailto:marketing@boartlongyear.com\">marketing@boartlongyear.com<\/a> f\u00fcr Erlaubnisanfragen.<\/p>\n<\/div><\/div><\/div><\/div>\n\t\t\n\t\t\n\t<\/section><section class=\"tcvpb_section_tc\">\n\t\t\n\t\t<div class=\"tcvpb_section_content\"><div class=\"tcvpb_container\"><div class=\"tcvpb_column_tc_span12\"><h3  ><span>BOART LANGJ\u00c4HRIGE LOGOS<\/span><\/h3><\/div><\/div><\/div>\n\t\t\n\t\t\n\t<\/section><section class=\"tcvpb_section_tc tcvpb-centered\">\n\t\t\n\t\t<div class=\"tcvpb_section_content\"><div class=\"tcvpb_container\"><div class=\"tcvpb_column_tc_span12\"><div  class=\"tcvpb-image\" ><a href=\"https:\/\/www.boartlongyear.com\/wp-content\/uploads\/BLY-Logos.zip\" target=\"_self\"><img decoding=\"async\" src=\"https:\/\/www.boartlongyear.com\/wp-content\/uploads\/blylogo-imagegallery.png\"><\/a><\/div><span class=\"clear\" style=\"height:20px;display:block;\"><\/span><a  href=\"\/wp-content\/uploads\/BLY-Logos.zip\" target=\"_self\" class=\"tcvpb-button tcvpb-button_normal tcvpb-button_medium\" style=\"\">Logos herunterladen<\/a><\/div><\/div><\/div>\n\t\t\n\t\t\n\t<\/section><section class=\"tcvpb_section_tc\">\n\t\t\n\t\t<div class=\"tcvpb_section_content\"><div class=\"tcvpb_container\"><div class=\"tcvpb_column_tc_span12\"><span class=\"clear\" style=\"height:40px;display:block;\"><\/span><\/div><\/div><\/div>\n\t\t\n\t\t\n\t<\/section>","protected":false},"excerpt":{"rendered":"","protected":false},"author":66,"featured_media":0,"parent":81,"menu_order":6,"comment_status":"closed","ping_status":"closed","template":"sidebar-dynamic.php","meta":{"_uag_custom_page_level_css":"","_monsterinsights_skip_tracking":false,"_monsterinsights_sitenote_active":false,"_monsterinsights_sitenote_note":"","_monsterinsights_sitenote_category":0,"footnotes":""},"class_list":["post-195","page","type-page","status-publish","hentry"],"acf":[],"yoast_head":"<!-- This site is optimized with the Yoast SEO plugin v27.4 - https:\/\/yoast.com\/product\/yoast-seo-wordpress\/ -->\n<title>Press Room - Media Contacts at Boart Longyear<\/title>\n<meta name=\"description\" content=\"View our latest press release, news, and reach out to the media contacts at Boart Longyear, as well as read through our archives from previous years\" \/>\n<meta name=\"robots\" content=\"index, follow, max-snippet:-1, max-image-preview:large, max-video-preview:-1\" \/>\n<link rel=\"canonical\" href=\"https:\/\/www.boartlongyear.com\/de\/company\/press-room\/\" \/>\n<meta property=\"og:locale\" content=\"de_DE\" \/>\n<meta property=\"og:type\" content=\"article\" \/>\n<meta property=\"og:title\" content=\"Press Room - Media Contacts at Boart Longyear\" \/>\n<meta property=\"og:description\" content=\"View our latest press release, news, and reach out to the media contacts at Boart Longyear, as well as read through our archives from previous years\" \/>\n<meta property=\"og:url\" content=\"https:\/\/www.boartlongyear.com\/de\/company\/press-room\/\" \/>\n<meta property=\"og:site_name\" content=\"Boart Longyear\" \/>\n<meta property=\"article:publisher\" content=\"https:\/\/www.facebook.com\/boartlongyearcareers\" \/>\n<meta property=\"article:modified_time\" content=\"2024-04-11T15:25:37+00:00\" \/>\n<meta name=\"twitter:label1\" content=\"Gesch\u00e4tzte Lesezeit\" \/>\n\t<meta name=\"twitter:data1\" content=\"1 Minute\" \/>\n<script type=\"application\/ld+json\" class=\"yoast-schema-graph\">{\"@context\":\"https:\\\/\\\/schema.org\",\"@graph\":[{\"@type\":\"WebPage\",\"@id\":\"https:\\\/\\\/www.boartlongyear.com\\\/company\\\/press-room\\\/\",\"url\":\"https:\\\/\\\/www.boartlongyear.com\\\/company\\\/press-room\\\/\",\"name\":\"Press Room - Media Contacts at Boart Longyear\",\"isPartOf\":{\"@id\":\"https:\\\/\\\/www.boartlongyear.com\\\/#website\"},\"datePublished\":\"2013-04-03T19:01:34+00:00\",\"dateModified\":\"2024-04-11T15:25:37+00:00\",\"description\":\"View our latest press release, news, and reach out to the media contacts at Boart Longyear, as well as read through our archives from previous years\",\"breadcrumb\":{\"@id\":\"https:\\\/\\\/www.boartlongyear.com\\\/company\\\/press-room\\\/#breadcrumb\"},\"inLanguage\":\"de-DE\",\"potentialAction\":[{\"@type\":\"ReadAction\",\"target\":[\"https:\\\/\\\/www.boartlongyear.com\\\/company\\\/press-room\\\/\"]}]},{\"@type\":\"BreadcrumbList\",\"@id\":\"https:\\\/\\\/www.boartlongyear.com\\\/company\\\/press-room\\\/#breadcrumb\",\"itemListElement\":[{\"@type\":\"ListItem\",\"position\":1,\"name\":\"Home\",\"item\":\"https:\\\/\\\/www.boartlongyear.com\\\/\"},{\"@type\":\"ListItem\",\"position\":2,\"name\":\"Company\",\"item\":\"https:\\\/\\\/www.boartlongyear.com\\\/company\\\/\"},{\"@type\":\"ListItem\",\"position\":3,\"name\":\"Press Room\"}]},{\"@type\":\"WebSite\",\"@id\":\"https:\\\/\\\/www.boartlongyear.com\\\/#website\",\"url\":\"https:\\\/\\\/www.boartlongyear.com\\\/\",\"name\":\"Boart Longyear\",\"description\":\"\",\"publisher\":{\"@id\":\"https:\\\/\\\/www.boartlongyear.com\\\/#organization\"},\"potentialAction\":[{\"@type\":\"SearchAction\",\"target\":{\"@type\":\"EntryPoint\",\"urlTemplate\":\"https:\\\/\\\/www.boartlongyear.com\\\/?s={search_term_string}\"},\"query-input\":{\"@type\":\"PropertyValueSpecification\",\"valueRequired\":true,\"valueName\":\"search_term_string\"}}],\"inLanguage\":\"de-DE\"},{\"@type\":\"Organization\",\"@id\":\"https:\\\/\\\/www.boartlongyear.com\\\/#organization\",\"name\":\"Boart Longyear\",\"url\":\"https:\\\/\\\/www.boartlongyear.com\\\/\",\"logo\":{\"@type\":\"ImageObject\",\"inLanguage\":\"de-DE\",\"@id\":\"https:\\\/\\\/www.boartlongyear.com\\\/#\\\/schema\\\/logo\\\/image\\\/\",\"url\":\"https:\\\/\\\/www.boartlongyear.com\\\/wp-content\\\/uploads\\\/BLY-Double-Stack.png\",\"contentUrl\":\"https:\\\/\\\/www.boartlongyear.com\\\/wp-content\\\/uploads\\\/BLY-Double-Stack.png\",\"width\":400,\"height\":100,\"caption\":\"Boart Longyear\"},\"image\":{\"@id\":\"https:\\\/\\\/www.boartlongyear.com\\\/#\\\/schema\\\/logo\\\/image\\\/\"},\"sameAs\":[\"https:\\\/\\\/www.facebook.com\\\/boartlongyearcareers\",\"https:\\\/\\\/x.com\\\/boartlongyear\",\"https:\\\/\\\/www.instagram.com\\\/boartlongyear\",\"https:\\\/\\\/www.linkedin.com\\\/company\\\/boart-longyear\",\"https:\\\/\\\/www.youtube.com\\\/user\\\/BoartLongyear1\"]}]}<\/script>\n<!-- \/ Yoast SEO plugin. -->","yoast_head_json":{"title":"Press Room - Medienkontakte bei Boart Longyear","description":"Informieren Sie sich \u00fcber unsere neuesten Pressemitteilungen, Neuigkeiten und erreichen Sie die Pressekontakte von Boart Longyear. Lesen Sie auch unsere Archive der vergangenen Jahre","robots":{"index":"index","follow":"follow","max-snippet":"max-snippet:-1","max-image-preview":"max-image-preview:large","max-video-preview":"max-video-preview:-1"},"canonical":"https:\/\/www.boartlongyear.com\/de\/company\/press-room\/","og_locale":"de_DE","og_type":"article","og_title":"Press Room - Media Contacts at Boart Longyear","og_description":"View our latest press release, news, and reach out to the media contacts at Boart Longyear, as well as read through our archives from previous years","og_url":"https:\/\/www.boartlongyear.com\/de\/company\/press-room\/","og_site_name":"Boart Longyear","article_publisher":"https:\/\/www.facebook.com\/boartlongyearcareers","article_modified_time":"2024-04-11T15:25:37+00:00","twitter_misc":{"Gesch\u00e4tzte Lesezeit":"1 Minute"},"schema":{"@context":"https:\/\/schema.org","@graph":[{"@type":"WebPage","@id":"https:\/\/www.boartlongyear.com\/company\/press-room\/","url":"https:\/\/www.boartlongyear.com\/company\/press-room\/","name":"Press Room - Medienkontakte bei Boart Longyear","isPartOf":{"@id":"https:\/\/www.boartlongyear.com\/#website"},"datePublished":"2013-04-03T19:01:34+00:00","dateModified":"2024-04-11T15:25:37+00:00","description":"Informieren Sie sich \u00fcber unsere neuesten Pressemitteilungen, Neuigkeiten und erreichen Sie die Pressekontakte von Boart Longyear. Lesen Sie auch unsere Archive der vergangenen Jahre","breadcrumb":{"@id":"https:\/\/www.boartlongyear.com\/company\/press-room\/#breadcrumb"},"inLanguage":"de-DE","potentialAction":[{"@type":"ReadAction","target":["https:\/\/www.boartlongyear.com\/company\/press-room\/"]}]},{"@type":"BreadcrumbList","@id":"https:\/\/www.boartlongyear.com\/company\/press-room\/#breadcrumb","itemListElement":[{"@type":"ListItem","position":1,"name":"Home","item":"https:\/\/www.boartlongyear.com\/"},{"@type":"ListItem","position":2,"name":"Company","item":"https:\/\/www.boartlongyear.com\/company\/"},{"@type":"ListItem","position":3,"name":"Press Room"}]},{"@type":"WebSite","@id":"https:\/\/www.boartlongyear.com\/#website","url":"https:\/\/www.boartlongyear.com\/","name":"Boart Longyear","description":"","publisher":{"@id":"https:\/\/www.boartlongyear.com\/#organization"},"potentialAction":[{"@type":"SearchAction","target":{"@type":"EntryPoint","urlTemplate":"https:\/\/www.boartlongyear.com\/?s={search_term_string}"},"query-input":{"@type":"PropertyValueSpecification","valueRequired":true,"valueName":"search_term_string"}}],"inLanguage":"de-DE"},{"@type":"Organization","@id":"https:\/\/www.boartlongyear.com\/#organization","name":"Boart Longyear","url":"https:\/\/www.boartlongyear.com\/","logo":{"@type":"ImageObject","inLanguage":"de-DE","@id":"https:\/\/www.boartlongyear.com\/#\/schema\/logo\/image\/","url":"https:\/\/www.boartlongyear.com\/wp-content\/uploads\/BLY-Double-Stack.png","contentUrl":"https:\/\/www.boartlongyear.com\/wp-content\/uploads\/BLY-Double-Stack.png","width":400,"height":100,"caption":"Boart Longyear"},"image":{"@id":"https:\/\/www.boartlongyear.com\/#\/schema\/logo\/image\/"},"sameAs":["https:\/\/www.facebook.com\/boartlongyearcareers","https:\/\/x.com\/boartlongyear","https:\/\/www.instagram.com\/boartlongyear","https:\/\/www.linkedin.com\/company\/boart-longyear","https:\/\/www.youtube.com\/user\/BoartLongyear1"]}]}},"uagb_featured_image_src":{"full":false,"thumbnail":false,"medium":false,"medium_large":false,"large":false,"RoboGalleryMansoryImagesCenter":false,"RoboGalleryPreload":false,"1536x1536":false,"2048x2048":false,"trp-custom-language-flag":false,"alm-thumbnail":false,"tptn_thumbnail":false},"uagb_author_info":{"display_name":"Marketing","author_link":"https:\/\/www.boartlongyear.com\/de\/insite\/author\/jamesburris\/"},"uagb_comment_info":0,"uagb_excerpt":null,"_links":{"self":[{"href":"https:\/\/www.boartlongyear.com\/de\/wp-json\/wp\/v2\/pages\/195","targetHints":{"allow":["GET"]}}],"collection":[{"href":"https:\/\/www.boartlongyear.com\/de\/wp-json\/wp\/v2\/pages"}],"about":[{"href":"https:\/\/www.boartlongyear.com\/de\/wp-json\/wp\/v2\/types\/page"}],"author":[{"embeddable":true,"href":"https:\/\/www.boartlongyear.com\/de\/wp-json\/wp\/v2\/users\/66"}],"replies":[{"embeddable":true,"href":"https:\/\/www.boartlongyear.com\/de\/wp-json\/wp\/v2\/comments?post=195"}],"version-history":[{"count":0,"href":"https:\/\/www.boartlongyear.com\/de\/wp-json\/wp\/v2\/pages\/195\/revisions"}],"up":[{"embeddable":true,"href":"https:\/\/www.boartlongyear.com\/de\/wp-json\/wp\/v2\/pages\/81"}],"wp:attachment":[{"href":"https:\/\/www.boartlongyear.com\/de\/wp-json\/wp\/v2\/media?parent=195"}],"curies":[{"name":"wp","href":"https:\/\/api.w.org\/{rel}","templated":true}]}}