{"id":2030,"date":"2013-06-27T03:51:45","date_gmt":"2013-06-27T03:51:45","guid":{"rendered":"http:\/\/blystaging.sawayaconsulting.com\/?page_id=2030"},"modified":"2026-01-13T12:38:34","modified_gmt":"2026-01-13T19:38:34","slug":"executive-leadership","status":"publish","type":"page","link":"https:\/\/www.boartlongyear.com\/de\/company\/leadership\/executive-leadership\/","title":{"rendered":"F\u00fchrungskr\u00e4fte"},"content":{"rendered":"<section class=\"tcvpb_section_tc\">\n\t\t\n\t\t<div class=\"tcvpb_section_content\"><div class=\"tcvpb_container\"><div class=\"tcvpb_column_tc_span12\"><h1  ><span>F\u00fchrungskr\u00e4fte<\/span><\/h1><div  class=\"intro\" >\n<p class=\"p_tc\">Boart Longyear hat ein F\u00fchrungsteam f\u00fcr F\u00fchrungskr\u00e4fte entwickelt, indem er Fachleute aus allen Branchen zusammenbringt. Diese Gruppe wird Boart Longyear zu zuk\u00fcnftigem Wachstum und Entwicklung f\u00fchren.<\/p>\n<\/div><div  class=\"tcvpb_divider tcvpb_divider_solid heavyline\"><a href=\"#\" class=\"backtotop\"><\/a><\/div><\/div><\/div><\/div>\n\t\t\n\t\t\n\t<\/section><section class=\"tcvpb_section_tc execbio\">\n\t\t\n\t\t<div class=\"tcvpb_section_content\"><div class=\"tcvpb_container\"><div class=\"tcvpb_column_tc_span3\"><div  class=\"tcvpb-image\" ><img decoding=\"async\" src=\"https:\/\/www.boartlongyear.com\/wp-content\/uploads\/John-Barbagallo-Photo-2-1.jpg\"><\/div><\/div><div class=\"tcvpb_column_tc_span9\"><h4  ><span>John Barbagallo<\/span><\/h4><div  class=\"\" >\n<p class=\"p_tc\" style=\"text-align: left;\">Mr. Barbagallo was appointed Executive Chairman in November 2024. Before joining Boart Longyear, Mr. Barbagallo served as Chief Executive Officer of mining equipment manufacturer CR Mining. Prior to that time, he held a number of senior leadership positions at Moly-Cop, Arrium Mining and Materials, Rio Tinto, and Xstrata.<\/p>\n<p class=\"p_tc\" style=\"text-align: left;\">Mr. Barbagallo holds a Bachelor of Chemical Engineering and a Master of Business Administration in International Finance from The University of Queensland.<\/p>\n<\/div><\/div><\/div><\/div>\n\t\t\n\t\t\n\t<\/section><section class=\"tcvpb_section_tc execbio\">\n\t\t\n\t\t<div class=\"tcvpb_section_content\"><div class=\"tcvpb_container\"><div class=\"tcvpb_column_tc_span3\"><div  class=\"tcvpb-image\" ><img decoding=\"async\" src=\"https:\/\/www.boartlongyear.com\/wp-content\/uploads\/Cary-Baetz-Photo-No-Background-14-Jun-2024-e1718644905440.png\"><\/div><\/div><div class=\"tcvpb_column_tc_span9\"><h4  ><span>Cary Baetz<\/span><\/h4><div  class=\"\" >\n<p class=\"p_tc\">Mr. Baetz joined Boart Longyear as Chief Financial Officer on June 17, 2024, bringing extensive financial leadership experience across a wide range of industries, including oil and gas, energy services, and manufacturing. Prior to Boart Longyear, Mr. Baetz was Executive Vice President, Chief Financial Officer for Berry Corporation. Before Berry, he held Chief Financial Officer roles at Seventy Seven Energy, Chesapeake Oilfield Services, Atrium Corporation, and Boots &amp; Coots. Earlier in his career, Mr. Baetz held senior finance positions with Chaparral Steel and Texas Industries. He is a member of the Oklahoma State University Board of Regents.<\/p>\n<p class=\"p_tc\">Mr. Baetz holds a Master of Business Administration from the University of Arkansas and a Bachelor of Finance and Accounting from Oklahoma State University.<\/p>\n<\/div><\/div><\/div><\/div>\n\t\t\n\t\t\n\t<\/section><section class=\"tcvpb_section_tc execbio\">\n\t\t\n\t\t<div class=\"tcvpb_section_content\"><div class=\"tcvpb_container\"><div class=\"tcvpb_column_tc_span3\"><div  class=\"tcvpb-image\" ><img decoding=\"async\" src=\"https:\/\/www.boartlongyear.com\/wp-content\/uploads\/Denis-Despres-headshot-07-2021-web-1.jpg\"><\/div><\/div><div class=\"tcvpb_column_tc_span9\"><h4  ><span>Denis Despres<\/span><\/h4><div  class=\"\" >\n<p class=\"p_tc\">Mr. Despres was appointed the Company\u2019s Chief Operating Officer in September 2016 and Chief Executive Officer, Drilling Services in October 2023. He began his career with Boart Longyear in 1981 and held various positions with progressive responsibility in the Company\u2019s Drilling Services and Products divisions over the next 26 years, including as Senior VP, Drilling Services. After leaving Boart Longyear in 2007, Mr. Despres founded his own drilling business, which was acquired by Major Drilling in 2010. He served as Major\u2019s Chief Operating Officer prior to rejoining Boart Longyear.<\/p>\n<p class=\"p_tc\">Herr Despres studierte in Ontario, Kanada, und erhielt ein Diplom in Maschinenbautechnik vom Algonquin College, einen Bachelor of Engineering von der Lakehead University und einen Master of Business Administration von der Queen&#039;s University, die alle in Ontario, Kanada, liegen.<\/p>\n<\/div><\/div><\/div><\/div>\n\t\t\n\t\t\n\t<\/section><section class=\"tcvpb_section_tc execbio\">\n\t\t\n\t\t<div class=\"tcvpb_section_content\"><div class=\"tcvpb_container\"><div class=\"tcvpb_column_tc_span3\"><div  class=\"tcvpb-image\" ><img decoding=\"async\" src=\"https:\/\/www.boartlongyear.com\/wp-content\/uploads\/Lundstrom-Annelie-1-1.jpg\"><\/div><\/div><div class=\"tcvpb_column_tc_span9\"><h4  ><span>Annelie Lundstr\u00f6m<\/span><\/h4><div  class=\"\" >\n<p class=\"p_tc\">Ms. Lundstr\u00f6m was appointed Chief Executive Officer of Veracio in June 2024, joining Veracio as part of the Minalyze acquisition in September 2023. Ms. Lundstr\u00f6m is a mining technology pioneer and was a co-founder of Minalyze in 2009. She was a finalist in the 2024 EY Entrepreneur of the Year awards in the Swedish national final.<\/p>\n<p class=\"p_tc\">Ms. Lundstr\u00f6m holds a Master of Science in Industrial Engineering and Management from Chalmers University of Technology and a master\u2019s degree from Chalmers School of Entrepreneurship.<\/p>\n<\/div><\/div><\/div><\/div>\n\t\t\n\t\t\n\t<\/section><section class=\"tcvpb_section_tc execbio\">\n\t\t\n\t\t<div class=\"tcvpb_section_content\"><div class=\"tcvpb_container\"><div class=\"tcvpb_column_tc_span3\"><div  class=\"tcvpb-image\" ><img decoding=\"async\" src=\"https:\/\/www.boartlongyear.com\/wp-content\/uploads\/Simonutti-Photo-1.jpg\"><\/div><\/div><div class=\"tcvpb_column_tc_span9\"><h4  ><span>Ermanno Simonutti<\/span><\/h4><div  class=\"\" >\n<p class=\"p_tc\">Mr. Simonutti was appointed Chief Executive Officer, Drilling Products on November 27, 2023. He is a mining industry veteran with expertise in sales and marketing, product development and engineering. Before Boart Longyear, Mr. Simonutti held numerous executive positions with the Weir Group, most recently as Regional Managing Director North America \u2013 Minerals Division. Previously, he was Vice President of Global Sales \u2013 ESCO Division and Vice President of Products, Engineering and Marketing \u2013 ESCO Division. Mr. Simonutti joined Weir through the acquisition of ESCO in 2018. At ESCO, he held a variety of global senior leadership, product management, and engineering roles.<\/p>\n<p class=\"p_tc\">Mr. Simonutti holds a Bachelor of Science in Mechanical Engineering from Montana State University, a Master of Science in Mechanical Engineering from the University of Washington, and a Master of Business Administration from the University of Antwerp\u2019s Management School.<\/p>\n<\/div><\/div><\/div><\/div>\n\t\t\n\t\t\n\t<\/section>","protected":false},"excerpt":{"rendered":"","protected":false},"author":66,"featured_media":0,"parent":74,"menu_order":0,"comment_status":"open","ping_status":"open","template":"sidebar-dynamic.php","meta":{"_uag_custom_page_level_css":"","_monsterinsights_skip_tracking":false,"_monsterinsights_sitenote_active":false,"_monsterinsights_sitenote_note":"","_monsterinsights_sitenote_category":0,"footnotes":""},"class_list":["post-2030","page","type-page","status-publish","hentry"],"acf":[],"yoast_head":"<!-- This site is optimized with the Yoast SEO plugin v27.4 - https:\/\/yoast.com\/product\/yoast-seo-wordpress\/ -->\n<title>Executive Leadership of Boart Longyear Group Ltd.<\/title>\n<meta name=\"description\" content=\"The Boart Longyear executive leadership team is composed of professionals from the top of their fields in a variety of industries.\" \/>\n<meta name=\"robots\" content=\"index, follow, max-snippet:-1, max-image-preview:large, max-video-preview:-1\" \/>\n<link rel=\"canonical\" href=\"https:\/\/www.boartlongyear.com\/de\/company\/leadership\/executive-leadership\/\" \/>\n<meta property=\"og:locale\" content=\"de_DE\" \/>\n<meta property=\"og:type\" content=\"article\" \/>\n<meta property=\"og:title\" content=\"Executive Leadership of Boart Longyear Group Ltd.\" \/>\n<meta property=\"og:description\" content=\"The Boart Longyear executive leadership team is composed of professionals from the top of their fields in a variety of industries.\" \/>\n<meta property=\"og:url\" content=\"https:\/\/www.boartlongyear.com\/de\/company\/leadership\/executive-leadership\/\" \/>\n<meta property=\"og:site_name\" content=\"Boart Longyear\" \/>\n<meta property=\"article:publisher\" content=\"https:\/\/www.facebook.com\/boartlongyearcareers\" \/>\n<meta property=\"article:modified_time\" content=\"2026-01-13T19:38:34+00:00\" \/>\n<meta name=\"twitter:label1\" content=\"Gesch\u00e4tzte Lesezeit\" \/>\n\t<meta name=\"twitter:data1\" content=\"4 Minuten\" \/>\n<script type=\"application\/ld+json\" class=\"yoast-schema-graph\">{\"@context\":\"https:\\\/\\\/schema.org\",\"@graph\":[{\"@type\":\"WebPage\",\"@id\":\"https:\\\/\\\/www.boartlongyear.com\\\/company\\\/leadership\\\/executive-leadership\\\/\",\"url\":\"https:\\\/\\\/www.boartlongyear.com\\\/company\\\/leadership\\\/executive-leadership\\\/\",\"name\":\"Executive Leadership of Boart Longyear Group Ltd.\",\"isPartOf\":{\"@id\":\"https:\\\/\\\/www.boartlongyear.com\\\/#website\"},\"datePublished\":\"2013-06-27T03:51:45+00:00\",\"dateModified\":\"2026-01-13T19:38:34+00:00\",\"description\":\"The Boart Longyear executive leadership team is composed of professionals from the top of their fields in a variety of industries.\",\"breadcrumb\":{\"@id\":\"https:\\\/\\\/www.boartlongyear.com\\\/company\\\/leadership\\\/executive-leadership\\\/#breadcrumb\"},\"inLanguage\":\"de-DE\",\"potentialAction\":[{\"@type\":\"ReadAction\",\"target\":[\"https:\\\/\\\/www.boartlongyear.com\\\/company\\\/leadership\\\/executive-leadership\\\/\"]}]},{\"@type\":\"BreadcrumbList\",\"@id\":\"https:\\\/\\\/www.boartlongyear.com\\\/company\\\/leadership\\\/executive-leadership\\\/#breadcrumb\",\"itemListElement\":[{\"@type\":\"ListItem\",\"position\":1,\"name\":\"Home\",\"item\":\"https:\\\/\\\/www.boartlongyear.com\\\/\"},{\"@type\":\"ListItem\",\"position\":2,\"name\":\"Company\",\"item\":\"https:\\\/\\\/www.boartlongyear.com\\\/company\\\/\"},{\"@type\":\"ListItem\",\"position\":3,\"name\":\"Leadership\",\"item\":\"https:\\\/\\\/www.boartlongyear.com\\\/company\\\/leadership\\\/\"},{\"@type\":\"ListItem\",\"position\":4,\"name\":\"Executive Leadership\"}]},{\"@type\":\"WebSite\",\"@id\":\"https:\\\/\\\/www.boartlongyear.com\\\/#website\",\"url\":\"https:\\\/\\\/www.boartlongyear.com\\\/\",\"name\":\"Boart Longyear\",\"description\":\"\",\"publisher\":{\"@id\":\"https:\\\/\\\/www.boartlongyear.com\\\/#organization\"},\"potentialAction\":[{\"@type\":\"SearchAction\",\"target\":{\"@type\":\"EntryPoint\",\"urlTemplate\":\"https:\\\/\\\/www.boartlongyear.com\\\/?s={search_term_string}\"},\"query-input\":{\"@type\":\"PropertyValueSpecification\",\"valueRequired\":true,\"valueName\":\"search_term_string\"}}],\"inLanguage\":\"de-DE\"},{\"@type\":\"Organization\",\"@id\":\"https:\\\/\\\/www.boartlongyear.com\\\/#organization\",\"name\":\"Boart Longyear\",\"url\":\"https:\\\/\\\/www.boartlongyear.com\\\/\",\"logo\":{\"@type\":\"ImageObject\",\"inLanguage\":\"de-DE\",\"@id\":\"https:\\\/\\\/www.boartlongyear.com\\\/#\\\/schema\\\/logo\\\/image\\\/\",\"url\":\"https:\\\/\\\/www.boartlongyear.com\\\/wp-content\\\/uploads\\\/BLY-Double-Stack.png\",\"contentUrl\":\"https:\\\/\\\/www.boartlongyear.com\\\/wp-content\\\/uploads\\\/BLY-Double-Stack.png\",\"width\":400,\"height\":100,\"caption\":\"Boart Longyear\"},\"image\":{\"@id\":\"https:\\\/\\\/www.boartlongyear.com\\\/#\\\/schema\\\/logo\\\/image\\\/\"},\"sameAs\":[\"https:\\\/\\\/www.facebook.com\\\/boartlongyearcareers\",\"https:\\\/\\\/x.com\\\/boartlongyear\",\"https:\\\/\\\/www.instagram.com\\\/boartlongyear\",\"https:\\\/\\\/www.linkedin.com\\\/company\\\/boart-longyear\",\"https:\\\/\\\/www.youtube.com\\\/user\\\/BoartLongyear1\"]}]}<\/script>\n<!-- \/ Yoast SEO plugin. -->","yoast_head_json":{"title":"Gesch\u00e4ftsf\u00fchrung der Boart Longyear Group Ltd.","description":"Das F\u00fchrungsteam von Boart Longyear besteht aus Fachleuten aus den unterschiedlichsten Bereichen ihrer Branche.","robots":{"index":"index","follow":"follow","max-snippet":"max-snippet:-1","max-image-preview":"max-image-preview:large","max-video-preview":"max-video-preview:-1"},"canonical":"https:\/\/www.boartlongyear.com\/de\/company\/leadership\/executive-leadership\/","og_locale":"de_DE","og_type":"article","og_title":"Executive Leadership of Boart Longyear Group Ltd.","og_description":"The Boart Longyear executive leadership team is composed of professionals from the top of their fields in a variety of industries.","og_url":"https:\/\/www.boartlongyear.com\/de\/company\/leadership\/executive-leadership\/","og_site_name":"Boart Longyear","article_publisher":"https:\/\/www.facebook.com\/boartlongyearcareers","article_modified_time":"2026-01-13T19:38:34+00:00","twitter_misc":{"Gesch\u00e4tzte Lesezeit":"4 Minuten"},"schema":{"@context":"https:\/\/schema.org","@graph":[{"@type":"WebPage","@id":"https:\/\/www.boartlongyear.com\/company\/leadership\/executive-leadership\/","url":"https:\/\/www.boartlongyear.com\/company\/leadership\/executive-leadership\/","name":"Gesch\u00e4ftsf\u00fchrung der Boart Longyear Group Ltd.","isPartOf":{"@id":"https:\/\/www.boartlongyear.com\/#website"},"datePublished":"2013-06-27T03:51:45+00:00","dateModified":"2026-01-13T19:38:34+00:00","description":"Das F\u00fchrungsteam von Boart Longyear besteht aus Fachleuten aus den unterschiedlichsten Bereichen ihrer Branche.","breadcrumb":{"@id":"https:\/\/www.boartlongyear.com\/company\/leadership\/executive-leadership\/#breadcrumb"},"inLanguage":"de-DE","potentialAction":[{"@type":"ReadAction","target":["https:\/\/www.boartlongyear.com\/company\/leadership\/executive-leadership\/"]}]},{"@type":"BreadcrumbList","@id":"https:\/\/www.boartlongyear.com\/company\/leadership\/executive-leadership\/#breadcrumb","itemListElement":[{"@type":"ListItem","position":1,"name":"Home","item":"https:\/\/www.boartlongyear.com\/"},{"@type":"ListItem","position":2,"name":"Company","item":"https:\/\/www.boartlongyear.com\/company\/"},{"@type":"ListItem","position":3,"name":"Leadership","item":"https:\/\/www.boartlongyear.com\/company\/leadership\/"},{"@type":"ListItem","position":4,"name":"Executive Leadership"}]},{"@type":"WebSite","@id":"https:\/\/www.boartlongyear.com\/#website","url":"https:\/\/www.boartlongyear.com\/","name":"Boart Longyear","description":"","publisher":{"@id":"https:\/\/www.boartlongyear.com\/#organization"},"potentialAction":[{"@type":"SearchAction","target":{"@type":"EntryPoint","urlTemplate":"https:\/\/www.boartlongyear.com\/?s={search_term_string}"},"query-input":{"@type":"PropertyValueSpecification","valueRequired":true,"valueName":"search_term_string"}}],"inLanguage":"de-DE"},{"@type":"Organization","@id":"https:\/\/www.boartlongyear.com\/#organization","name":"Boart Longyear","url":"https:\/\/www.boartlongyear.com\/","logo":{"@type":"ImageObject","inLanguage":"de-DE","@id":"https:\/\/www.boartlongyear.com\/#\/schema\/logo\/image\/","url":"https:\/\/www.boartlongyear.com\/wp-content\/uploads\/BLY-Double-Stack.png","contentUrl":"https:\/\/www.boartlongyear.com\/wp-content\/uploads\/BLY-Double-Stack.png","width":400,"height":100,"caption":"Boart Longyear"},"image":{"@id":"https:\/\/www.boartlongyear.com\/#\/schema\/logo\/image\/"},"sameAs":["https:\/\/www.facebook.com\/boartlongyearcareers","https:\/\/x.com\/boartlongyear","https:\/\/www.instagram.com\/boartlongyear","https:\/\/www.linkedin.com\/company\/boart-longyear","https:\/\/www.youtube.com\/user\/BoartLongyear1"]}]}},"uagb_featured_image_src":{"full":false,"thumbnail":false,"medium":false,"medium_large":false,"large":false,"RoboGalleryMansoryImagesCenter":false,"RoboGalleryPreload":false,"1536x1536":false,"2048x2048":false,"trp-custom-language-flag":false,"alm-thumbnail":false,"tptn_thumbnail":false},"uagb_author_info":{"display_name":"Marketing","author_link":"https:\/\/www.boartlongyear.com\/de\/insite\/author\/jamesburris\/"},"uagb_comment_info":0,"uagb_excerpt":null,"_links":{"self":[{"href":"https:\/\/www.boartlongyear.com\/de\/wp-json\/wp\/v2\/pages\/2030","targetHints":{"allow":["GET"]}}],"collection":[{"href":"https:\/\/www.boartlongyear.com\/de\/wp-json\/wp\/v2\/pages"}],"about":[{"href":"https:\/\/www.boartlongyear.com\/de\/wp-json\/wp\/v2\/types\/page"}],"author":[{"embeddable":true,"href":"https:\/\/www.boartlongyear.com\/de\/wp-json\/wp\/v2\/users\/66"}],"replies":[{"embeddable":true,"href":"https:\/\/www.boartlongyear.com\/de\/wp-json\/wp\/v2\/comments?post=2030"}],"version-history":[{"count":0,"href":"https:\/\/www.boartlongyear.com\/de\/wp-json\/wp\/v2\/pages\/2030\/revisions"}],"up":[{"embeddable":true,"href":"https:\/\/www.boartlongyear.com\/de\/wp-json\/wp\/v2\/pages\/74"}],"wp:attachment":[{"href":"https:\/\/www.boartlongyear.com\/de\/wp-json\/wp\/v2\/media?parent=2030"}],"curies":[{"name":"wp","href":"https:\/\/api.w.org\/{rel}","templated":true}]}}