{"id":20458,"date":"2017-07-11T14:07:07","date_gmt":"2017-07-11T20:07:07","guid":{"rendered":"https:\/\/www.boartlongyear.com\/?page_id=20458"},"modified":"2020-04-14T09:10:26","modified_gmt":"2020-04-14T15:10:26","slug":"history","status":"publish","type":"page","link":"https:\/\/www.boartlongyear.com\/de\/company\/history\/","title":{"rendered":"Geschichte"},"content":{"rendered":"<section class=\"tcvpb_section_tc\">\n\t\t\n\t\t<div class=\"tcvpb_section_content\"><div class=\"tcvpb_container\"><div class=\"tcvpb_column_tc_span12\"><div  class=\"tcvpb-image\" ><img decoding=\"async\" src=\"https:\/\/www.boartlongyear.com\/wp-content\/uploads\/history-1800-horizontal.jpg\"><\/div><h1  ><span>BOART LANGJ\u00c4HRIGE GESCHICHTE<\/span><\/h1><div  class=\"\" >\n<p class=\"p_tc\">Wenig wusste Edmund J. (EJ) Longyear im Jahr 1890, als er sein erstes Diamantbohrloch in der Minnesota Mesabi Range niederlie\u00df, dass er mit etwas begann, das \u00fcber ein Jahrhundert sp\u00e4ter der weltweit f\u00fchrende Anbieter von Bohrdienstleistungen, Bohrausr\u00fcstung sein w\u00fcrde. und Leistungswerkzeuge f\u00fcr Bergbau- und Bohrunternehmen weltweit. Boart Longyear hat eine lange Geschichte, die den H\u00f6hen und Tiefen dessen, was wir heute als &quot;Zyklen&quot; in der Branche kennen, standgehalten hat.<\/p>\n<\/div><div  class=\"tcvpb-accordion\" data-expanded=\"0\">\n\t\t<h3>1890-1910<\/h3>\n\t\t<div class=\"tcvpb-accordion-body\">\n\t\t\t\n<p class=\"p_tc\">Edmund J. Longyear, ein Bergbauingenieur aus der ersten Abschlussklasse der Michigan Mining School, bohrt das erste Diamantkernloch in der Mesabi Iron Range im Norden von Minnesota. Kurz darauf gr\u00fcndet er eine Diamantbohrfirma f\u00fcr den schnell wachsenden Eisenerzbergbau und die Stahlindustrie der USA.<\/p>\n<p class=\"p_tc\">Im Jahr 1903 gr\u00fcnden Longyear und John E. Hodge eine Produktionspartnerschaft namens Longyear &amp; Hodge, die ihr Gesch\u00e4ft um Vertragsbohrungen, Schachtverk\u00fcrzungen, Mineralienunternehmen und damit verbundene Beratungsarbeit ausweitet.<\/p>\n\n\t\t<\/div>\n\t\t<h3>1910 - 1930<\/h3>\n\t\t<div class=\"tcvpb-accordion-body\">\n\t\t\t\n<p class=\"p_tc\">Die Partnerschaft zwischen Longyear und Hodge fusionierte mit der separaten Bohrfirma von Longyear, um die EJ Longyear Company zu gr\u00fcnden. Die erste Preisliste des Unternehmens im Jahr 1912 umfasste 19 Bohrmodelle mit Bohrf\u00e4higkeiten zwischen 750 und 5.000 Fu\u00df. Diese Bohrer wurden haupts\u00e4chlich von Dampfmaschinen angetrieben, die sp\u00e4ter durch Verbrennungsmotoren ersetzt wurden, die in den 1920er Jahren entwickelt wurden. Das Unternehmen expandiert rasch in den USA und beginnt mit der Bohrung von Kupfer in Kuba - seinem ersten internationalen Projekt. Andere bemerkenswerte Projekte:<\/p>\n<ul>\n<li class=\"p_tc\" style=\"padding-left: 30px;\">Sechs Diamantkernbohrungen f\u00fcr Phelps Dodge Corporation zur Erkundung von Kupfer in Arizona<\/li>\n<li class=\"p_tc\" style=\"padding-left: 30px;\">Vertrag in Sudbury, Kanada, der den urspr\u00fcnglichen Erzk\u00f6rper umrahmte, der zu den riesigen Nickelminen von Falconbridge wurde<\/li>\n<li class=\"p_tc\" style=\"padding-left: 30px;\">15-monatiges Bohrprojekt in der Provinz Yunnan, China<\/li>\n<li class=\"p_tc\" style=\"padding-left: 30px;\">Test bohrte die Route einer vorgeschlagenen U-Bahn unter dem East River, die Manhattan mit Brooklyn in New York (USA) verbindet<\/li>\n<li class=\"p_tc\" style=\"padding-left: 30px;\">Tests zur Bestimmung der Beschaffenheit von Felsformationen, die das Gewicht der Golden Gate Bridge tragen w\u00fcrden<\/li>\n<\/ul>\n<p class=\"p_tc\">Robert Longyear (EJs Sohn) wurde 1924 Pr\u00e4sident des Unternehmens und bewahrte die Kette von Familienbesitz und -management, die weitere 40 Jahre bestehen w\u00fcrde.<\/p>\n\n\t\t<\/div>\n\t\t<h3>1930 - 1950<\/h3>\n\t\t<div class=\"tcvpb-accordion-body\">\n\t\t\t\n<p class=\"p_tc\">Das Unternehmen expandiert weiter international, bildet seine erste Auslandsgesellschaft in Kanada und unterzeichnet seinen ersten Arbeitsvertrag in Afrika. Trotz des B\u00f6rsencrashs im Oktober 1929 und der darauf folgenden Gro\u00dfen Depression wurden in den 1930er Jahren Verbesserungen in der Diamantbohrtechnologie vorgenommen, einschlie\u00dflich der Verwendung von in Afrika abgebauten Diamanten in Industriequalit\u00e4t, die als &quot;Bortz&quot; bezeichnet wurden.<\/p>\n<p class=\"p_tc\">1936 gr\u00fcndete die Anglo American Corporation in S\u00fcdafrika die Boart Products South Africa (Pty) Limited, die sp\u00e4ter Boart International genannt wurde. Das neue Unternehmen entwickelte die ersten mechanisch gesetzten Diamantbohrkronen, die sich als weniger teuer erwiesen als die von Hand gesetzten Kernbohrer, die teurere brasilianische Diamanten (Carbonados) verwendeten. Das Gesch\u00e4ft von Longyear verbesserte sich in den 40er Jahren allm\u00e4hlich, als Reaktion auf die weltweite Exploration von Mineralien.<\/p>\n\n\t\t<\/div>\n\t\t<h3>1950 - 1970<\/h3>\n\t\t<div class=\"tcvpb-accordion-body\">\n\t\t\t\n<p class=\"p_tc\">In den sp\u00e4ten f\u00fcnfziger Jahren ging Boart Longyear mit Christensen Diamond Products (CDP) zusammen, um den internationalen Vertrieb auszubauen. Christensens Diamantenwissen und Kaufkraft in Kombination mit Longyears Geschichte der Bohrinnovation schufen eine Plattform, auf der die beiden Unternehmen verl\u00e4ssliche und hochproduktive Oberfl\u00e4chen-Diamantbohrer einsetzen. Gemeinsam entwickelten sie Gesch\u00e4ftsunternehmen in Japan, Frankreich, Kanada, Mexiko, den Niederlanden, Australien, Deutschland, den Philippinen und Costa Rica. Longyear entwickelte auch Bohrer f\u00fcr das Apollo-Projekt im Jahr 1955.<\/p>\n<p class=\"p_tc\">Das Wachstum in den 50er Jahren f\u00fchrte zu einer neuen Technologie. 1953 meldete Longyear das erste Drahtseilkern-Wiederauffindungssystem, das Q \u2122 Wireline System, zum Patent an. Diese Innovation revolutionierte die Diamantbohrindustrie, indem sie die Produktivit\u00e4t auf der Baustelle erh\u00f6hte und den Ausl\u00f6sekern herstellte vom lochgrund sicherer f\u00fcr den bohrassistenten. Die Vorteile des echten Q \u2122 -Systems f\u00fchrten schnell zu einer branchenweiten \u00dcbernahme der Wireline-Technologie von Boart Longyear und sicherten so den Platz des Unternehmens in der Geschichte der Bohrtechnik. Das Q \u2122 Wireline System wurde zur Marke, an der alle zuk\u00fcnftigen Innovationen des Unternehmens gemessen werden sollten.<\/p>\n<p class=\"p_tc\">1964 verkaufte Longyear 25 Prozent seiner Aktien in Familienbesitz an FACTS, eine in Luxemburg ans\u00e4ssige Holdinggesellschaft, die gemeinsam von Boart International und der Christensen Diamond Products Company gehalten wird. Drei Jahre sp\u00e4ter \u00fcbte FACTS die Option aus, weitere 25 Prozent der Familienaktien von Longyear zu erwerben. Die Longyear-Familie hielt 30 Prozent der Aktien des Unternehmens, die restlichen 20 Prozent waren im Besitz von Mitarbeitern.<\/p>\n<p class=\"p_tc\">Im Jahr 1965, als Longyears Jahresumsatz USD 15 Millionen erreicht hatte, kaufte das Unternehmen mehr Land in Minneapolis und \u00fcberredete die Stadtregierung, die Erie Street zu r\u00e4umen, um der Expansion Rechnung zu tragen. 1969 er\u00f6ffnete Longyear sein neues B\u00fcrogeb\u00e4ude in Minneapolis und eine vergr\u00f6\u00dferte Produktionsst\u00e4tte. Zum ersten Mal in seiner Geschichte befanden sich der Hauptsitz und die US-Produktion an einem Standort.<\/p>\n\n\t\t<\/div>\n\t\t<h3>1970 - 1990<\/h3>\n\t\t<div class=\"tcvpb-accordion-body\">\n\t\t\t\n<p class=\"p_tc\">Nach dem Tod von Robert Longyear im Jahr 1970 ernannte der Verwaltungsrat John Hoffmeister zum Pr\u00e4sidenten und Vorsitzenden des Verwaltungsrats des Unternehmens. FACTS wurde aufgel\u00f6st, als Boart International (eine hundertprozentige Tochtergesellschaft von Anglo American) die Beteiligung von CDP an Longyear aufkaufte.<\/p>\n<p class=\"p_tc\">Im Jahr 1974 erwarb Boart International (Johannesburg, S\u00fcdafrika) alle ausstehenden Aktien von Longyear und wurde alleiniger Eigent\u00fcmer des Unternehmens. Mit dem neuen technischen Talent und der Kapitalinvestition von Boart International wurde Longyear zum f\u00fchrenden Hersteller von Diamantbohrern.<\/p>\n<p class=\"p_tc\">In den 80er Jahren haben sich die Ingenieure von Boart Longyear eine zuverl\u00e4ssige Quelle f\u00fcr synthetische Hochleistungsdiamanten gesichert, die die Entwicklung eines revolution\u00e4ren Bohrerdesigns ausl\u00f6ste - des impr\u00e4gnierten Diamantbohrers. Nach jahrzehntelanger Erfahrung in der Pulvermetallurgie entwickelten die Ingenieure von Longyear eine neue Krone, die aus synthetischen Diamanten bestand, die gleichm\u00e4\u00dfig in einer Verbundmatrix verteilt waren. Dieses neue Design k\u00f6nnte weiter und schneller bohren als oberfl\u00e4chengesetzte Bohrer und das Schneiden von viel h\u00e4rterem Material.<\/p>\n<p class=\"p_tc\">In dieser Zeit wurden mehrere Akquisitionen get\u00e4tigt. Einschlie\u00dflich:<\/p>\n<ul>\n<li class=\"p_tc\" style=\"padding-left: 30px;\">Lang Exploratory Drilling mit Sitz in Utah<\/li>\n<li class=\"p_tc\" style=\"padding-left: 30px;\">Morissette-Bohr- und Untergrundbohrfirma<\/li>\n<li class=\"p_tc\" style=\"padding-left: 30px;\">WTD-Umweltbohrungen<\/li>\n<li class=\"p_tc\" style=\"padding-left: 30px;\">North Star Drilling Company, spezialisiert auf Schallbohrungen<\/li>\n<\/ul>\n\n\t\t<\/div>\n\t\t<h3>1990 - 2013<\/h3>\n\t\t<div class=\"tcvpb-accordion-body\">\n\t\t\t\n<p class=\"p_tc\">Am 2. Januar 1995 \u00e4nderte die Longyear Company ihren Namen in Boart Longyear Company. Nach mehr als 30 Jahren im Besitz von Anglo American wurde Boart Longyear jedoch f\u00fcr das Bergbauunternehmen mit Sitz in Johannesburg als Nicht-Kerngut eingestuft. Im Jahr 2005 wurde Boart Longyear von Anglo American verkauft und von den Private-Equity-Unternehmen Advent International, Bain Capital und mehreren Managementinvestoren erworben. Der Hauptsitz wurde dann nach Salt Lake City, Utah, USA verlegt.<\/p>\n<p class=\"p_tc\">Seit dem Verkauf durch Anglo American hat das Management eine Reihe von Eigent\u00fcmerwechseln, Umstrukturierungsinitiativen und Akquisitionen vorgenommen, die Boart Longyear zu einem der weltweit f\u00fchrenden Anbieter von Explorationsdienstleistungen und -produkten f\u00fcr den Bergbau gemacht haben.<\/p>\n<p class=\"p_tc\">Im Oktober 2006 verkaufte Advent das Unternehmen an die australische Investmentfirma Macquarie Bank, und im April 2007 brachte Macquarie das Unternehmen an der ASX Stock Exchange an die B\u00f6rse. Boart Longyears B\u00f6rsengang war der zweitgr\u00f6\u00dfte B\u00f6rsengang in der Geschichte des ASX.<\/p>\n<p class=\"p_tc\">Durch die Akquisitionen wurde das geografische und technologische Angebot weiter ausgebaut. Einschlie\u00dflich:<\/p>\n<ul>\n<li class=\"p_tc\" style=\"padding-left: 30px;\">North Star Drilling Company, spezialisiert auf Schallbohrungen<\/li>\n<li class=\"p_tc\" style=\"padding-left: 30px;\">SDS, spezialisiert auf Produktionsbohrungen<\/li>\n<li class=\"p_tc\" style=\"padding-left: 30px;\">NW-Bohren<\/li>\n<li class=\"p_tc\" style=\"padding-left: 30px;\">Drillcorp Bohrunternehmen<\/li>\n<li class=\"p_tc\" style=\"padding-left: 30px;\">KWL, ein Rig-Hersteller<\/li>\n<li class=\"p_tc\" style=\"padding-left: 30px;\">Prosonic Bohrunternehmen<\/li>\n<li class=\"p_tc\" style=\"padding-left: 30px;\">Grimwood Davies Bohrunternehmen<\/li>\n<li class=\"p_tc\" style=\"padding-left: 30px;\">Connors Argentina &amp; Chile Bohrunternehmen<\/li>\n<li class=\"p_tc\" style=\"padding-left: 30px;\">Patagonia Bohrunternehmen<\/li>\n<\/ul>\n<p class=\"p_tc\">Dar\u00fcber hinaus wird die reiche Geschichte, Bohrinnovationen weltweit den Kunden zu bringen, fortgesetzt mit der Einf\u00fchrung von:<\/p>\n<ul>\n<li class=\"p_tc\" style=\"padding-left: 30px;\">Heli-portable LF \u2122 130F-Oberfl\u00e4chenbohranlage mit integrierter Rutenhandhabung: eine Anlage f\u00fcr die entferntesten Arbeiten, die die neueste Sicherheitstechnologie bietet<\/li>\n<li class=\"p_tc\" style=\"padding-left: 30px;\">Patentierte Bit-Technologien zur Steigerung der Produktivit\u00e4t und Lebensdauer<\/li>\n<li class=\"p_tc\" style=\"padding-left: 30px;\">Roller Latch \u2122 -Untertagekopf-Baugruppe f\u00fcr erh\u00f6hte Sicherheit bei Anwendungen mit Untertagebohrungen<\/li>\n<li class=\"p_tc\" style=\"padding-left: 30px;\">Drill Control Interface (DCi) bietet Bohrern eine vollelektronische Schnittstelle f\u00fcr den sicheren und effizienten Betrieb unterirdischer Bohrger\u00e4te, fern von beweglichen Teilen und Hydraulikschl\u00e4uchen.<\/li>\n<\/ul>\n\n\t\t<\/div>\n\t\t<h3>2014 - heute<\/h3>\n\t\t<div class=\"tcvpb-accordion-body\">\n\t\t\t\n<p class=\"p_tc\">Das Jahr 2014 begann mit der Aufnahme von Edmund J. Longyear in die International Mining Technology Hall of Fame f\u00fcr seine Rolle bei der Exploration, fast 125 Jahre nachdem er sein erstes Diamantbohrloch in der Minnesota Mesabi Range niedergebracht hatte.<\/p>\n<p class=\"p_tc\">2015 feiert Boart Longyear stolz sein 125-j\u00e4hriges Bestehen. Wenig wu\u00dfte Edmund J. Longyear im Jahr 1890, als er sein erstes Diamantbohrloch in der Minnesota Mesabi Range sank, dass er ein Unternehmen gr\u00fcndete, das 125 Jahre sp\u00e4ter zu einem der weltweit f\u00fchrenden Anbieter von Bohrdienstleistungen, Bohrausr\u00fcstung und Werkzeugen f\u00fcr die Performance werden w\u00fcrde f\u00fcr den Bergbau. Das 125-j\u00e4hrige Jubil\u00e4um von Boart Longyear ist den Menschen gewidmet, die dieses gute Unternehmen gebaut haben und weiterhin bauen. Wenn Mitarbeiter auf der ganzen Welt die vielen Erfolge unserer Vergangenheit feiern, bewegt sich das Unternehmen zuversichtlich in die Zukunft.<\/p>\n<p class=\"p_tc\">Heute ist Boart Longyears Global Drilling Services-Bereich in 15 L\u00e4ndern f\u00fcr eine breite Palette von Bergbaukunden t\u00e4tig, darunter Kupfer, Gold, Nickel, Zink, Uran und andere Metalle und Mineralien. Der Gesch\u00e4ftsbereich Global Products entwirft, produziert und vertreibt Bohrausr\u00fcstung, Leistungswerkzeuge sowie Teile und Dienstleistungen f\u00fcr den Ersatzteilmarkt f\u00fcr Kunden in \u00fcber 100 L\u00e4ndern.<\/p>\n\n\t\t<\/div>\n\t\t<h3>Technologie und Innovation<\/h3>\n\t\t<div class=\"tcvpb-accordion-body\">\n\t\t\t\n<p class=\"p_tc\">Wir st\u00fctzen uns auf eine Kombination aus Patenten, Marken, Gesch\u00e4ftsgeheimnissen und \u00e4hnlichen Rechten an geistigem Eigentum, um die propriet\u00e4re Technologie und anderes geistiges Eigentum zu sch\u00fctzen, die f\u00fcr unser globales Produktgesch\u00e4ft von entscheidender Bedeutung sind. Zum 31. Dezember 2018 verf\u00fcgten wir \u00fcber 418 erteilte Patente, 579 eingetragene Marken, 182 angemeldete Patente und 28 angemeldete Marken. Eines der bedeutendsten Produkte, f\u00fcr das wir 2018 Patentschutz erhalten haben, ist unser XQ \u2122 -Drahtbohrstab. Die XQ \u2122 -Drahtseilkernst\u00e4be verf\u00fcgen \u00fcber selbstausrichtende Doppelstartgewinde, Stabverbindungen, die reibungslos ohne Verkeilen oder Verklemmen eingreifen, und exklusive W\u00e4rmebehandlungen, um st\u00e4rkere, langlebigere St\u00e4be bereitzustellen.<\/p>\n\n\t\t<\/div><\/div><span class=\"clear\" style=\"height:20px;display:block;\"><\/span><\/div><\/div><\/div>\n\t\t\n\t\t\n\t<\/section>","protected":false},"excerpt":{"rendered":"","protected":false},"author":66,"featured_media":0,"parent":81,"menu_order":0,"comment_status":"open","ping_status":"open","template":"sidebar-dynamic.php","meta":{"_uag_custom_page_level_css":"","_monsterinsights_skip_tracking":false,"_monsterinsights_sitenote_active":false,"_monsterinsights_sitenote_note":"","_monsterinsights_sitenote_category":0,"footnotes":""},"class_list":["post-20458","page","type-page","status-publish","hentry"],"acf":[],"yoast_head":"<!-- This site is optimized with the Yoast SEO plugin v27.4 - https:\/\/yoast.com\/product\/yoast-seo-wordpress\/ -->\n<title>Corporate Profile - Boart Longyear - Global Drilling Services<\/title>\n<meta name=\"description\" content=\"After sinking first diamond drill hole in 1890, Boart Longyear is the world&#039;s leading provider of drilling services, equipment and performance tooling.\" \/>\n<meta name=\"robots\" content=\"index, follow, max-snippet:-1, max-image-preview:large, max-video-preview:-1\" \/>\n<link rel=\"canonical\" href=\"https:\/\/www.boartlongyear.com\/de\/company\/history\/\" \/>\n<meta property=\"og:locale\" content=\"de_DE\" \/>\n<meta property=\"og:type\" content=\"article\" \/>\n<meta property=\"og:title\" content=\"Corporate Profile - Boart Longyear - Global Drilling Services\" \/>\n<meta property=\"og:description\" content=\"After sinking first diamond drill hole in 1890, Boart Longyear is the world&#039;s leading provider of drilling services, equipment and performance tooling.\" \/>\n<meta property=\"og:url\" content=\"https:\/\/www.boartlongyear.com\/de\/company\/history\/\" \/>\n<meta property=\"og:site_name\" content=\"Boart Longyear\" \/>\n<meta property=\"article:publisher\" content=\"https:\/\/www.facebook.com\/boartlongyearcareers\" \/>\n<meta property=\"article:modified_time\" content=\"2020-04-14T15:10:26+00:00\" \/>\n<meta name=\"twitter:label1\" content=\"Gesch\u00e4tzte Lesezeit\" \/>\n\t<meta name=\"twitter:data1\" content=\"8 Minuten\" \/>\n<script type=\"application\/ld+json\" class=\"yoast-schema-graph\">{\"@context\":\"https:\\\/\\\/schema.org\",\"@graph\":[{\"@type\":\"WebPage\",\"@id\":\"https:\\\/\\\/www.boartlongyear.com\\\/company\\\/history\\\/\",\"url\":\"https:\\\/\\\/www.boartlongyear.com\\\/company\\\/history\\\/\",\"name\":\"Corporate Profile - Boart Longyear - Global Drilling Services\",\"isPartOf\":{\"@id\":\"https:\\\/\\\/www.boartlongyear.com\\\/#website\"},\"datePublished\":\"2017-07-11T20:07:07+00:00\",\"dateModified\":\"2020-04-14T15:10:26+00:00\",\"description\":\"After sinking first diamond drill hole in 1890, Boart Longyear is the world's leading provider of drilling services, equipment and performance tooling.\",\"breadcrumb\":{\"@id\":\"https:\\\/\\\/www.boartlongyear.com\\\/company\\\/history\\\/#breadcrumb\"},\"inLanguage\":\"de-DE\",\"potentialAction\":[{\"@type\":\"ReadAction\",\"target\":[\"https:\\\/\\\/www.boartlongyear.com\\\/company\\\/history\\\/\"]}]},{\"@type\":\"BreadcrumbList\",\"@id\":\"https:\\\/\\\/www.boartlongyear.com\\\/company\\\/history\\\/#breadcrumb\",\"itemListElement\":[{\"@type\":\"ListItem\",\"position\":1,\"name\":\"Home\",\"item\":\"https:\\\/\\\/www.boartlongyear.com\\\/\"},{\"@type\":\"ListItem\",\"position\":2,\"name\":\"Company\",\"item\":\"https:\\\/\\\/www.boartlongyear.com\\\/company\\\/\"},{\"@type\":\"ListItem\",\"position\":3,\"name\":\"History\"}]},{\"@type\":\"WebSite\",\"@id\":\"https:\\\/\\\/www.boartlongyear.com\\\/#website\",\"url\":\"https:\\\/\\\/www.boartlongyear.com\\\/\",\"name\":\"Boart Longyear\",\"description\":\"\",\"publisher\":{\"@id\":\"https:\\\/\\\/www.boartlongyear.com\\\/#organization\"},\"potentialAction\":[{\"@type\":\"SearchAction\",\"target\":{\"@type\":\"EntryPoint\",\"urlTemplate\":\"https:\\\/\\\/www.boartlongyear.com\\\/?s={search_term_string}\"},\"query-input\":{\"@type\":\"PropertyValueSpecification\",\"valueRequired\":true,\"valueName\":\"search_term_string\"}}],\"inLanguage\":\"de-DE\"},{\"@type\":\"Organization\",\"@id\":\"https:\\\/\\\/www.boartlongyear.com\\\/#organization\",\"name\":\"Boart Longyear\",\"url\":\"https:\\\/\\\/www.boartlongyear.com\\\/\",\"logo\":{\"@type\":\"ImageObject\",\"inLanguage\":\"de-DE\",\"@id\":\"https:\\\/\\\/www.boartlongyear.com\\\/#\\\/schema\\\/logo\\\/image\\\/\",\"url\":\"https:\\\/\\\/www.boartlongyear.com\\\/wp-content\\\/uploads\\\/BLY-Double-Stack.png\",\"contentUrl\":\"https:\\\/\\\/www.boartlongyear.com\\\/wp-content\\\/uploads\\\/BLY-Double-Stack.png\",\"width\":400,\"height\":100,\"caption\":\"Boart Longyear\"},\"image\":{\"@id\":\"https:\\\/\\\/www.boartlongyear.com\\\/#\\\/schema\\\/logo\\\/image\\\/\"},\"sameAs\":[\"https:\\\/\\\/www.facebook.com\\\/boartlongyearcareers\",\"https:\\\/\\\/x.com\\\/boartlongyear\",\"https:\\\/\\\/www.instagram.com\\\/boartlongyear\",\"https:\\\/\\\/www.linkedin.com\\\/company\\\/boart-longyear\",\"https:\\\/\\\/www.youtube.com\\\/user\\\/BoartLongyear1\"]}]}<\/script>\n<!-- \/ Yoast SEO plugin. -->","yoast_head_json":{"title":"Unternehmensprofil - Boart Longyear - Global Drilling Services","description":"Nach dem Eintauchen des ersten Diamantbohrlochs im Jahr 1890 ist Boart Longyear der weltweit f\u00fchrende Anbieter von Bohrdienstleistungen, Ausr\u00fcstung und Leistungswerkzeugen.","robots":{"index":"index","follow":"follow","max-snippet":"max-snippet:-1","max-image-preview":"max-image-preview:large","max-video-preview":"max-video-preview:-1"},"canonical":"https:\/\/www.boartlongyear.com\/de\/company\/history\/","og_locale":"de_DE","og_type":"article","og_title":"Corporate Profile - Boart Longyear - Global Drilling Services","og_description":"After sinking first diamond drill hole in 1890, Boart Longyear is the world's leading provider of drilling services, equipment and performance tooling.","og_url":"https:\/\/www.boartlongyear.com\/de\/company\/history\/","og_site_name":"Boart Longyear","article_publisher":"https:\/\/www.facebook.com\/boartlongyearcareers","article_modified_time":"2020-04-14T15:10:26+00:00","twitter_misc":{"Gesch\u00e4tzte Lesezeit":"8 Minuten"},"schema":{"@context":"https:\/\/schema.org","@graph":[{"@type":"WebPage","@id":"https:\/\/www.boartlongyear.com\/company\/history\/","url":"https:\/\/www.boartlongyear.com\/company\/history\/","name":"Unternehmensprofil - Boart Longyear - Global Drilling Services","isPartOf":{"@id":"https:\/\/www.boartlongyear.com\/#website"},"datePublished":"2017-07-11T20:07:07+00:00","dateModified":"2020-04-14T15:10:26+00:00","description":"Nach dem Eintauchen des ersten Diamantbohrlochs im Jahr 1890 ist Boart Longyear der weltweit f\u00fchrende Anbieter von Bohrdienstleistungen, Ausr\u00fcstung und Leistungswerkzeugen.","breadcrumb":{"@id":"https:\/\/www.boartlongyear.com\/company\/history\/#breadcrumb"},"inLanguage":"de-DE","potentialAction":[{"@type":"ReadAction","target":["https:\/\/www.boartlongyear.com\/company\/history\/"]}]},{"@type":"BreadcrumbList","@id":"https:\/\/www.boartlongyear.com\/company\/history\/#breadcrumb","itemListElement":[{"@type":"ListItem","position":1,"name":"Home","item":"https:\/\/www.boartlongyear.com\/"},{"@type":"ListItem","position":2,"name":"Company","item":"https:\/\/www.boartlongyear.com\/company\/"},{"@type":"ListItem","position":3,"name":"History"}]},{"@type":"WebSite","@id":"https:\/\/www.boartlongyear.com\/#website","url":"https:\/\/www.boartlongyear.com\/","name":"Boart Longyear","description":"","publisher":{"@id":"https:\/\/www.boartlongyear.com\/#organization"},"potentialAction":[{"@type":"SearchAction","target":{"@type":"EntryPoint","urlTemplate":"https:\/\/www.boartlongyear.com\/?s={search_term_string}"},"query-input":{"@type":"PropertyValueSpecification","valueRequired":true,"valueName":"search_term_string"}}],"inLanguage":"de-DE"},{"@type":"Organization","@id":"https:\/\/www.boartlongyear.com\/#organization","name":"Boart Longyear","url":"https:\/\/www.boartlongyear.com\/","logo":{"@type":"ImageObject","inLanguage":"de-DE","@id":"https:\/\/www.boartlongyear.com\/#\/schema\/logo\/image\/","url":"https:\/\/www.boartlongyear.com\/wp-content\/uploads\/BLY-Double-Stack.png","contentUrl":"https:\/\/www.boartlongyear.com\/wp-content\/uploads\/BLY-Double-Stack.png","width":400,"height":100,"caption":"Boart Longyear"},"image":{"@id":"https:\/\/www.boartlongyear.com\/#\/schema\/logo\/image\/"},"sameAs":["https:\/\/www.facebook.com\/boartlongyearcareers","https:\/\/x.com\/boartlongyear","https:\/\/www.instagram.com\/boartlongyear","https:\/\/www.linkedin.com\/company\/boart-longyear","https:\/\/www.youtube.com\/user\/BoartLongyear1"]}]}},"uagb_featured_image_src":{"full":false,"thumbnail":false,"medium":false,"medium_large":false,"large":false,"RoboGalleryMansoryImagesCenter":false,"RoboGalleryPreload":false,"1536x1536":false,"2048x2048":false,"trp-custom-language-flag":false,"alm-thumbnail":false,"tptn_thumbnail":false},"uagb_author_info":{"display_name":"Marketing","author_link":"https:\/\/www.boartlongyear.com\/de\/insite\/author\/jamesburris\/"},"uagb_comment_info":0,"uagb_excerpt":null,"_links":{"self":[{"href":"https:\/\/www.boartlongyear.com\/de\/wp-json\/wp\/v2\/pages\/20458","targetHints":{"allow":["GET"]}}],"collection":[{"href":"https:\/\/www.boartlongyear.com\/de\/wp-json\/wp\/v2\/pages"}],"about":[{"href":"https:\/\/www.boartlongyear.com\/de\/wp-json\/wp\/v2\/types\/page"}],"author":[{"embeddable":true,"href":"https:\/\/www.boartlongyear.com\/de\/wp-json\/wp\/v2\/users\/66"}],"replies":[{"embeddable":true,"href":"https:\/\/www.boartlongyear.com\/de\/wp-json\/wp\/v2\/comments?post=20458"}],"version-history":[{"count":0,"href":"https:\/\/www.boartlongyear.com\/de\/wp-json\/wp\/v2\/pages\/20458\/revisions"}],"up":[{"embeddable":true,"href":"https:\/\/www.boartlongyear.com\/de\/wp-json\/wp\/v2\/pages\/81"}],"wp:attachment":[{"href":"https:\/\/www.boartlongyear.com\/de\/wp-json\/wp\/v2\/media?parent=20458"}],"curies":[{"name":"wp","href":"https:\/\/api.w.org\/{rel}","templated":true}]}}