{"id":20502,"date":"2017-07-11T16:06:25","date_gmt":"2017-07-11T22:06:25","guid":{"rendered":"https:\/\/www.boartlongyear.com\/?page_id=20502"},"modified":"2020-04-14T09:37:41","modified_gmt":"2020-04-14T15:37:41","slug":"accessibility","status":"publish","type":"page","link":"https:\/\/www.boartlongyear.com\/de\/company\/accessibility\/","title":{"rendered":"Zug\u00e4nglichkeit f\u00fcr Ontarians with Disability Act (AODA)"},"content":{"rendered":"<section class=\"tcvpb_section_tc\">\n\t\t\n\t\t<div class=\"tcvpb_section_content\"><div class=\"tcvpb_container\"><div class=\"tcvpb_column_tc_span12\"><span class=\"clear\" style=\"height:10px;display:block;\"><\/span><h1  ><span>ZUG\u00c4NGLICHKEIT F\u00dcR ONTARIANS MIT BEHINDERUNG VON BEHINDERUNGEN (AODA)<\/span><\/h1><div  class=\"\" >\n<p class=\"p_tc\">Boart Longyear Canada erkennt die Anforderungen des Gesetzes \u00fcber Zug\u00e4nglichkeit f\u00fcr Menschen mit Behinderungen (AODA) an. Wir werden unseren mehrj\u00e4hrigen Aktionsplan in Anerkennung des AODA weiterentwickeln, dokumentieren, kommunizieren und \u00fcberwachen.<\/p>\n<p class=\"p_tc\">Boart Longyear Canada verpflichtet sich, alle Menschen so zu behandeln, dass sie ihre W\u00fcrde und Unabh\u00e4ngigkeit bewahren k\u00f6nnen. Wir glauben an Integration und Chancengleichheit und verpflichten uns, die Bed\u00fcrfnisse von Menschen mit Behinderungen zeitnah zu erf\u00fcllen. Wir werden dies tun, indem wir Barrieren f\u00fcr Barrierefreiheit verhindern und beseitigen und Barrierefreiheitsanforderungen gem\u00e4\u00df dem Gesetz \u00fcber Zug\u00e4nglichkeit f\u00fcr Behinderte (AODA) erf\u00fcllen und gegebenenfalls bestimmte Richtlinien \u00e4ndern. Auf Anfrage stellen wir Kandidaten zur Verf\u00fcgung, die am Bewerbungs- und Auswahlverfahren teilnehmen m\u00f6chten.<\/p>\n<p class=\"p_tc\">Boart Longyear Canada verpflichtet sich, unseren Kunden und Kunden auf Anfrage \u00f6ffentlich zug\u00e4ngliche Notfallinformationen zur Verf\u00fcgung zu stellen.&nbsp;\n<p class=\"p_tc\">Wir werden Mitarbeitern mit Behinderungen Informationen zur Verf\u00fcgung stellen, die auf Notf\u00e4lle reagieren, wenn dies erforderlich ist.<\/p>\n<p class=\"p_tc\">Weitere Einzelheiten finden Sie in unserem mehrj\u00e4hrigen Zug\u00e4nglichkeitsplan.<\/p>\n<\/div><div  class=\"tcvpb_divider tcvpb_divider_solid\"><a href=\"#\" class=\"backtotop\"><\/a><\/div><\/div><\/div><\/div>\n\t\t\n\t\t\n\t<\/section><section class=\"tcvpb_section_tc\">\n\t\t\n\t\t<div class=\"tcvpb_section_content\"><div class=\"tcvpb_container\"><div class=\"tcvpb_column_tc_span6\"><div  class=\"\" >\n<p class=\"p_tc\"><span style=\"font-size: 12pt;\"><strong>Zug\u00e4nglichkeit f\u00fcr Ontarians mit Behinderungen - mehrj\u00e4hriger Zug\u00e4nglichkeitsplan<\/strong><\/span><\/p>\n<\/div><\/div><div class=\"tcvpb_column_tc_span6\"><a  href=\"https:\/\/www.boartlongyear.com\/wp-content\/uploads\/Accessibility-for-Ontarians-with-Disabilities-Act-Multi-Year-Accessibility-Plan-2017.pdf\" target=\"_blank\" class=\"tcvpb-button tcvpb-button_normal tcvpb-button_medium\" style=\"color: #ffffff;background:rgb(227, 114, 34);\">Herunterladen<\/a><\/div><\/div><\/div>\n\t\t\n\t\t\n\t<\/section>","protected":false},"excerpt":{"rendered":"","protected":false},"author":66,"featured_media":0,"parent":81,"menu_order":0,"comment_status":"open","ping_status":"closed","template":"sidebar-dynamic.php","meta":{"_uag_custom_page_level_css":"","_monsterinsights_skip_tracking":false,"_monsterinsights_sitenote_active":false,"_monsterinsights_sitenote_note":"","_monsterinsights_sitenote_category":0,"footnotes":""},"class_list":["post-20502","page","type-page","status-publish","hentry"],"acf":[],"yoast_head":"<!-- This site is optimized with the Yoast SEO plugin v27.5 - https:\/\/yoast.com\/product\/yoast-seo-wordpress\/ -->\n<title>Corporate Profile - Boart Longyear - Global Drilling Services<\/title>\n<meta name=\"description\" content=\"Boart Longyear recognizes requirements of Accessibility for Ontarians with Disabilities Act (AODA) and continue to develop, communicate and monitor.\" \/>\n<meta name=\"robots\" content=\"index, follow, max-snippet:-1, max-image-preview:large, max-video-preview:-1\" \/>\n<link rel=\"canonical\" href=\"https:\/\/www.boartlongyear.com\/de\/company\/accessibility\/\" \/>\n<meta property=\"og:locale\" content=\"de_DE\" \/>\n<meta property=\"og:type\" content=\"article\" \/>\n<meta property=\"og:title\" content=\"Corporate Profile - Boart Longyear - Global Drilling Services\" \/>\n<meta property=\"og:description\" content=\"Boart Longyear recognizes requirements of Accessibility for Ontarians with Disabilities Act (AODA) and continue to develop, communicate and monitor.\" \/>\n<meta property=\"og:url\" content=\"https:\/\/www.boartlongyear.com\/de\/company\/accessibility\/\" \/>\n<meta property=\"og:site_name\" content=\"Boart Longyear\" \/>\n<meta property=\"article:publisher\" content=\"https:\/\/www.facebook.com\/boartlongyearcareers\" \/>\n<meta property=\"article:modified_time\" content=\"2020-04-14T15:37:41+00:00\" \/>\n<meta name=\"twitter:label1\" content=\"Gesch\u00e4tzte Lesezeit\" \/>\n\t<meta name=\"twitter:data1\" content=\"2 Minuten\" \/>\n<script type=\"application\/ld+json\" class=\"yoast-schema-graph\">{\"@context\":\"https:\\\/\\\/schema.org\",\"@graph\":[{\"@type\":\"WebPage\",\"@id\":\"https:\\\/\\\/www.boartlongyear.com\\\/de\\\/company\\\/accessibility\\\/\",\"url\":\"https:\\\/\\\/www.boartlongyear.com\\\/de\\\/company\\\/accessibility\\\/\",\"name\":\"Corporate Profile - Boart Longyear - Global Drilling Services\",\"isPartOf\":{\"@id\":\"https:\\\/\\\/www.boartlongyear.com\\\/#website\"},\"datePublished\":\"2017-07-11T22:06:25+00:00\",\"dateModified\":\"2020-04-14T15:37:41+00:00\",\"description\":\"Boart Longyear recognizes requirements of Accessibility for Ontarians with Disabilities Act (AODA) and continue to develop, communicate and monitor.\",\"breadcrumb\":{\"@id\":\"https:\\\/\\\/www.boartlongyear.com\\\/de\\\/company\\\/accessibility\\\/#breadcrumb\"},\"inLanguage\":\"de-DE\",\"potentialAction\":[{\"@type\":\"ReadAction\",\"target\":[\"https:\\\/\\\/www.boartlongyear.com\\\/de\\\/company\\\/accessibility\\\/\"]}]},{\"@type\":\"BreadcrumbList\",\"@id\":\"https:\\\/\\\/www.boartlongyear.com\\\/de\\\/company\\\/accessibility\\\/#breadcrumb\",\"itemListElement\":[{\"@type\":\"ListItem\",\"position\":1,\"name\":\"Home\",\"item\":\"https:\\\/\\\/www.boartlongyear.com\\\/\"},{\"@type\":\"ListItem\",\"position\":2,\"name\":\"Company\",\"item\":\"https:\\\/\\\/www.boartlongyear.com\\\/company\\\/\"},{\"@type\":\"ListItem\",\"position\":3,\"name\":\"Accessibility for Ontarians with Disability Act (AODA)\"}]},{\"@type\":\"WebSite\",\"@id\":\"https:\\\/\\\/www.boartlongyear.com\\\/#website\",\"url\":\"https:\\\/\\\/www.boartlongyear.com\\\/\",\"name\":\"Boart Longyear\",\"description\":\"\",\"publisher\":{\"@id\":\"https:\\\/\\\/www.boartlongyear.com\\\/#organization\"},\"potentialAction\":[{\"@type\":\"SearchAction\",\"target\":{\"@type\":\"EntryPoint\",\"urlTemplate\":\"https:\\\/\\\/www.boartlongyear.com\\\/?s={search_term_string}\"},\"query-input\":{\"@type\":\"PropertyValueSpecification\",\"valueRequired\":true,\"valueName\":\"search_term_string\"}}],\"inLanguage\":\"de-DE\"},{\"@type\":\"Organization\",\"@id\":\"https:\\\/\\\/www.boartlongyear.com\\\/#organization\",\"name\":\"Boart Longyear\",\"url\":\"https:\\\/\\\/www.boartlongyear.com\\\/\",\"logo\":{\"@type\":\"ImageObject\",\"inLanguage\":\"de-DE\",\"@id\":\"https:\\\/\\\/www.boartlongyear.com\\\/#\\\/schema\\\/logo\\\/image\\\/\",\"url\":\"https:\\\/\\\/www.boartlongyear.com\\\/wp-content\\\/uploads\\\/BLY-Double-Stack.png\",\"contentUrl\":\"https:\\\/\\\/www.boartlongyear.com\\\/wp-content\\\/uploads\\\/BLY-Double-Stack.png\",\"width\":400,\"height\":100,\"caption\":\"Boart Longyear\"},\"image\":{\"@id\":\"https:\\\/\\\/www.boartlongyear.com\\\/#\\\/schema\\\/logo\\\/image\\\/\"},\"sameAs\":[\"https:\\\/\\\/www.facebook.com\\\/boartlongyearcareers\",\"https:\\\/\\\/x.com\\\/boartlongyear\",\"https:\\\/\\\/www.instagram.com\\\/boartlongyear\",\"https:\\\/\\\/www.linkedin.com\\\/company\\\/boart-longyear\",\"https:\\\/\\\/www.youtube.com\\\/user\\\/BoartLongyear1\"]}]}<\/script>\n<!-- \/ Yoast SEO plugin. -->","yoast_head_json":{"title":"Unternehmensprofil - Boart Longyear - Global Drilling Services","description":"Boart Longyear erkennt die Anforderungen der Barrierefreiheit f\u00fcr Menschen mit Behinderungen (AODA) an und entwickelt, kommuniziert und \u00fcberwacht sie weiter.","robots":{"index":"index","follow":"follow","max-snippet":"max-snippet:-1","max-image-preview":"max-image-preview:large","max-video-preview":"max-video-preview:-1"},"canonical":"https:\/\/www.boartlongyear.com\/de\/company\/accessibility\/","og_locale":"de_DE","og_type":"article","og_title":"Corporate Profile - Boart Longyear - Global Drilling Services","og_description":"Boart Longyear recognizes requirements of Accessibility for Ontarians with Disabilities Act (AODA) and continue to develop, communicate and monitor.","og_url":"https:\/\/www.boartlongyear.com\/de\/company\/accessibility\/","og_site_name":"Boart Longyear","article_publisher":"https:\/\/www.facebook.com\/boartlongyearcareers","article_modified_time":"2020-04-14T15:37:41+00:00","twitter_misc":{"Gesch\u00e4tzte Lesezeit":"2 Minuten"},"schema":{"@context":"https:\/\/schema.org","@graph":[{"@type":"WebPage","@id":"https:\/\/www.boartlongyear.com\/de\/company\/accessibility\/","url":"https:\/\/www.boartlongyear.com\/de\/company\/accessibility\/","name":"Unternehmensprofil - Boart Longyear - Global Drilling Services","isPartOf":{"@id":"https:\/\/www.boartlongyear.com\/#website"},"datePublished":"2017-07-11T22:06:25+00:00","dateModified":"2020-04-14T15:37:41+00:00","description":"Boart Longyear erkennt die Anforderungen der Barrierefreiheit f\u00fcr Menschen mit Behinderungen (AODA) an und entwickelt, kommuniziert und \u00fcberwacht sie weiter.","breadcrumb":{"@id":"https:\/\/www.boartlongyear.com\/de\/company\/accessibility\/#breadcrumb"},"inLanguage":"de-DE","potentialAction":[{"@type":"ReadAction","target":["https:\/\/www.boartlongyear.com\/de\/company\/accessibility\/"]}]},{"@type":"BreadcrumbList","@id":"https:\/\/www.boartlongyear.com\/de\/company\/accessibility\/#breadcrumb","itemListElement":[{"@type":"ListItem","position":1,"name":"Home","item":"https:\/\/www.boartlongyear.com\/"},{"@type":"ListItem","position":2,"name":"Company","item":"https:\/\/www.boartlongyear.com\/company\/"},{"@type":"ListItem","position":3,"name":"Accessibility for Ontarians with Disability Act (AODA)"}]},{"@type":"WebSite","@id":"https:\/\/www.boartlongyear.com\/#website","url":"https:\/\/www.boartlongyear.com\/","name":"Boart Longyear","description":"","publisher":{"@id":"https:\/\/www.boartlongyear.com\/#organization"},"potentialAction":[{"@type":"SearchAction","target":{"@type":"EntryPoint","urlTemplate":"https:\/\/www.boartlongyear.com\/?s={search_term_string}"},"query-input":{"@type":"PropertyValueSpecification","valueRequired":true,"valueName":"search_term_string"}}],"inLanguage":"de-DE"},{"@type":"Organization","@id":"https:\/\/www.boartlongyear.com\/#organization","name":"Boart Longyear","url":"https:\/\/www.boartlongyear.com\/","logo":{"@type":"ImageObject","inLanguage":"de-DE","@id":"https:\/\/www.boartlongyear.com\/#\/schema\/logo\/image\/","url":"https:\/\/www.boartlongyear.com\/wp-content\/uploads\/BLY-Double-Stack.png","contentUrl":"https:\/\/www.boartlongyear.com\/wp-content\/uploads\/BLY-Double-Stack.png","width":400,"height":100,"caption":"Boart Longyear"},"image":{"@id":"https:\/\/www.boartlongyear.com\/#\/schema\/logo\/image\/"},"sameAs":["https:\/\/www.facebook.com\/boartlongyearcareers","https:\/\/x.com\/boartlongyear","https:\/\/www.instagram.com\/boartlongyear","https:\/\/www.linkedin.com\/company\/boart-longyear","https:\/\/www.youtube.com\/user\/BoartLongyear1"]}]}},"uagb_featured_image_src":{"full":false,"thumbnail":false,"medium":false,"medium_large":false,"large":false,"RoboGalleryMansoryImagesCenter":false,"RoboGalleryPreload":false,"1536x1536":false,"2048x2048":false,"trp-custom-language-flag":false,"alm-thumbnail":false,"tptn_thumbnail":false},"uagb_author_info":{"display_name":"Marketing","author_link":"https:\/\/www.boartlongyear.com\/de\/insite\/author\/jamesburris\/"},"uagb_comment_info":0,"uagb_excerpt":null,"_links":{"self":[{"href":"https:\/\/www.boartlongyear.com\/de\/wp-json\/wp\/v2\/pages\/20502","targetHints":{"allow":["GET"]}}],"collection":[{"href":"https:\/\/www.boartlongyear.com\/de\/wp-json\/wp\/v2\/pages"}],"about":[{"href":"https:\/\/www.boartlongyear.com\/de\/wp-json\/wp\/v2\/types\/page"}],"author":[{"embeddable":true,"href":"https:\/\/www.boartlongyear.com\/de\/wp-json\/wp\/v2\/users\/66"}],"replies":[{"embeddable":true,"href":"https:\/\/www.boartlongyear.com\/de\/wp-json\/wp\/v2\/comments?post=20502"}],"version-history":[{"count":0,"href":"https:\/\/www.boartlongyear.com\/de\/wp-json\/wp\/v2\/pages\/20502\/revisions"}],"up":[{"embeddable":true,"href":"https:\/\/www.boartlongyear.com\/de\/wp-json\/wp\/v2\/pages\/81"}],"wp:attachment":[{"href":"https:\/\/www.boartlongyear.com\/de\/wp-json\/wp\/v2\/media?parent=20502"}],"curies":[{"name":"wp","href":"https:\/\/api.w.org\/{rel}","templated":true}]}}