{"id":20518,"date":"2017-07-15T10:53:55","date_gmt":"2017-07-15T16:53:55","guid":{"rendered":"https:\/\/www.boartlongyear.com\/?page_id=20518"},"modified":"2025-05-22T15:07:03","modified_gmt":"2025-05-22T21:07:03","slug":"products","status":"publish","type":"page","link":"https:\/\/www.boartlongyear.com\/de\/products\/","title":{"rendered":"Produkte"},"content":{"rendered":"<div class=\"description-wide\">\n<div class=\"sub-container\">\n<div class=\"dsprodintro\">\n<section class=\"tcvpb_section_tc\">\n<div class=\"tcvpb_section_content\">\n<p>Wenn Sie hochwertige, innovative Werkzeuge  und Bohrger\u00e4te ben\u00f6tigen, um Ihre Produktivit\u00e4tsversprechen einzuhalten, k\u00f6nnen Sie sich darauf verlassen, dass Boart Longyear immer als zuverl\u00e4ssiger Partner an Ihrer Seite ist. Boart Longyear bietet die fortschrittlichste Technologie, die speziell f\u00fcr lange Lebensdauer und hohe Leistung mit erstklassigen Sicherheitsversprechen entwickelt wurde.<\/p>\n<\/div>\n<\/section>\n<\/div>\n<\/div>\n<\/div>","protected":false},"excerpt":{"rendered":"<p>Wenn Sie hochwertige, innovative Werkzeuge  und Bohrger\u00e4te ben\u00f6tigen, um Ihre Produktivit\u00e4tsversprechen einzuhalten, k\u00f6nnen Sie sich darauf verlassen, dass Boart Longyear immer als zuverl\u00e4ssiger Partner an Ihrer Seite ist. Boart Longyear bietet die fortschrittlichste Technologie, die speziell f\u00fcr lange Lebensdauer und hohe Leistung mit erstklassigen Sicherheitsversprechen entwickelt wurde.<\/p>","protected":false},"author":66,"featured_media":31300,"parent":0,"menu_order":0,"comment_status":"closed","ping_status":"closed","template":"products.php","meta":{"_uag_custom_page_level_css":"","_monsterinsights_skip_tracking":false,"_monsterinsights_sitenote_active":false,"_monsterinsights_sitenote_note":"","_monsterinsights_sitenote_category":0,"footnotes":""},"class_list":["post-20518","page","type-page","status-publish","has-post-thumbnail","hentry"],"acf":[],"yoast_head":"<!-- This site is optimized with the Yoast SEO plugin v27.5 - https:\/\/yoast.com\/product\/yoast-seo-wordpress\/ -->\n<title>Products - Boart Longyear<\/title>\n<meta name=\"description\" content=\"Boart Longyear offers the most advanced drilling technology and products, specifically engineered for long life and high performance.\" \/>\n<meta name=\"robots\" content=\"index, follow, max-snippet:-1, max-image-preview:large, max-video-preview:-1\" \/>\n<link rel=\"canonical\" href=\"https:\/\/www.boartlongyear.com\/de\/products\/\" \/>\n<meta property=\"og:locale\" content=\"de_DE\" \/>\n<meta property=\"og:type\" content=\"article\" \/>\n<meta property=\"og:title\" content=\"Products - Boart Longyear\" \/>\n<meta property=\"og:description\" content=\"Boart Longyear offers the most advanced drilling technology and products, specifically engineered for long life and high performance.\" \/>\n<meta property=\"og:url\" content=\"https:\/\/www.boartlongyear.com\/de\/products\/\" \/>\n<meta property=\"og:site_name\" content=\"Boart Longyear\" \/>\n<meta property=\"article:publisher\" content=\"https:\/\/www.facebook.com\/boartlongyearcareers\" \/>\n<meta property=\"article:modified_time\" content=\"2025-05-22T21:07:03+00:00\" \/>\n<meta property=\"og:image\" content=\"https:\/\/www.boartlongyear.com\/wp-content\/uploads\/CO1A7172-scaled.jpg?_t=1747948023\" \/>\n\t<meta property=\"og:image:width\" content=\"2560\" \/>\n\t<meta property=\"og:image:height\" content=\"1192\" \/>\n\t<meta property=\"og:image:type\" content=\"image\/jpeg\" \/>\n<meta name=\"twitter:label1\" content=\"Gesch\u00e4tzte Lesezeit\" \/>\n\t<meta name=\"twitter:data1\" content=\"1 Minute\" \/>\n<script type=\"application\/ld+json\" class=\"yoast-schema-graph\">{\"@context\":\"https:\\\/\\\/schema.org\",\"@graph\":[{\"@type\":\"WebPage\",\"@id\":\"https:\\\/\\\/www.boartlongyear.com\\\/products\\\/\",\"url\":\"https:\\\/\\\/www.boartlongyear.com\\\/products\",\"name\":\"Products - Boart Longyear\",\"isPartOf\":{\"@id\":\"https:\\\/\\\/www.boartlongyear.com\\\/#website\"},\"primaryImageOfPage\":{\"@id\":\"https:\\\/\\\/www.boartlongyear.com\\\/products#primaryimage\"},\"image\":{\"@id\":\"https:\\\/\\\/www.boartlongyear.com\\\/products#primaryimage\"},\"thumbnailUrl\":\"https:\\\/\\\/www.boartlongyear.com\\\/wp-content\\\/uploads\\\/CO1A7172-scaled.jpg\",\"datePublished\":\"2017-07-15T16:53:55+00:00\",\"dateModified\":\"2025-05-22T21:07:03+00:00\",\"description\":\"Boart Longyear offers the most advanced drilling technology and products, specifically engineered for long life and high performance.\",\"breadcrumb\":{\"@id\":\"https:\\\/\\\/www.boartlongyear.com\\\/products#breadcrumb\"},\"inLanguage\":\"de-DE\",\"potentialAction\":[{\"@type\":\"ReadAction\",\"target\":[\"https:\\\/\\\/www.boartlongyear.com\\\/products\"]}]},{\"@type\":\"ImageObject\",\"inLanguage\":\"de-DE\",\"@id\":\"https:\\\/\\\/www.boartlongyear.com\\\/products#primaryimage\",\"url\":\"https:\\\/\\\/www.boartlongyear.com\\\/wp-content\\\/uploads\\\/CO1A7172-scaled.jpg\",\"contentUrl\":\"https:\\\/\\\/www.boartlongyear.com\\\/wp-content\\\/uploads\\\/CO1A7172-scaled.jpg\",\"width\":2560,\"height\":1192},{\"@type\":\"BreadcrumbList\",\"@id\":\"https:\\\/\\\/www.boartlongyear.com\\\/products#breadcrumb\",\"itemListElement\":[{\"@type\":\"ListItem\",\"position\":1,\"name\":\"Home\",\"item\":\"https:\\\/\\\/www.boartlongyear.com\\\/\"},{\"@type\":\"ListItem\",\"position\":2,\"name\":\"Products\"}]},{\"@type\":\"WebSite\",\"@id\":\"https:\\\/\\\/www.boartlongyear.com\\\/#website\",\"url\":\"https:\\\/\\\/www.boartlongyear.com\\\/\",\"name\":\"Boart Longyear\",\"description\":\"\",\"publisher\":{\"@id\":\"https:\\\/\\\/www.boartlongyear.com\\\/#organization\"},\"potentialAction\":[{\"@type\":\"SearchAction\",\"target\":{\"@type\":\"EntryPoint\",\"urlTemplate\":\"https:\\\/\\\/www.boartlongyear.com\\\/?s={search_term_string}\"},\"query-input\":{\"@type\":\"PropertyValueSpecification\",\"valueRequired\":true,\"valueName\":\"search_term_string\"}}],\"inLanguage\":\"de-DE\"},{\"@type\":\"Organization\",\"@id\":\"https:\\\/\\\/www.boartlongyear.com\\\/#organization\",\"name\":\"Boart Longyear\",\"url\":\"https:\\\/\\\/www.boartlongyear.com\\\/\",\"logo\":{\"@type\":\"ImageObject\",\"inLanguage\":\"de-DE\",\"@id\":\"https:\\\/\\\/www.boartlongyear.com\\\/#\\\/schema\\\/logo\\\/image\\\/\",\"url\":\"https:\\\/\\\/www.boartlongyear.com\\\/wp-content\\\/uploads\\\/BLY-Double-Stack.png\",\"contentUrl\":\"https:\\\/\\\/www.boartlongyear.com\\\/wp-content\\\/uploads\\\/BLY-Double-Stack.png\",\"width\":400,\"height\":100,\"caption\":\"Boart Longyear\"},\"image\":{\"@id\":\"https:\\\/\\\/www.boartlongyear.com\\\/#\\\/schema\\\/logo\\\/image\\\/\"},\"sameAs\":[\"https:\\\/\\\/www.facebook.com\\\/boartlongyearcareers\",\"https:\\\/\\\/x.com\\\/boartlongyear\",\"https:\\\/\\\/www.instagram.com\\\/boartlongyear\",\"https:\\\/\\\/www.linkedin.com\\\/company\\\/boart-longyear\",\"https:\\\/\\\/www.youtube.com\\\/user\\\/BoartLongyear1\"]}]}<\/script>\n<!-- \/ Yoast SEO plugin. -->","yoast_head_json":{"title":"Produkte - Boart Longyear","description":"Boart Longyear bietet die fortschrittlichsten Bohrtechnologien und -produkte, die speziell f\u00fcr lange Lebensdauer und hohe Leistung entwickelt wurden.","robots":{"index":"index","follow":"follow","max-snippet":"max-snippet:-1","max-image-preview":"max-image-preview:large","max-video-preview":"max-video-preview:-1"},"canonical":"https:\/\/www.boartlongyear.com\/de\/products\/","og_locale":"de_DE","og_type":"article","og_title":"Products - Boart Longyear","og_description":"Boart Longyear offers the most advanced drilling technology and products, specifically engineered for long life and high performance.","og_url":"https:\/\/www.boartlongyear.com\/de\/products\/","og_site_name":"Boart Longyear","article_publisher":"https:\/\/www.facebook.com\/boartlongyearcareers","article_modified_time":"2025-05-22T21:07:03+00:00","og_image":[{"width":2560,"height":1192,"url":"https:\/\/www.boartlongyear.com\/wp-content\/uploads\/CO1A7172-scaled.jpg?_t=1747948023","type":"image\/jpeg"}],"twitter_misc":{"Gesch\u00e4tzte Lesezeit":"1 Minute"},"schema":{"@context":"https:\/\/schema.org","@graph":[{"@type":"WebPage","@id":"https:\/\/www.boartlongyear.com\/products\/","url":"https:\/\/www.boartlongyear.com\/products","name":"Produkte - Boart Longyear","isPartOf":{"@id":"https:\/\/www.boartlongyear.com\/#website"},"primaryImageOfPage":{"@id":"https:\/\/www.boartlongyear.com\/products#primaryimage"},"image":{"@id":"https:\/\/www.boartlongyear.com\/products#primaryimage"},"thumbnailUrl":"https:\/\/www.boartlongyear.com\/wp-content\/uploads\/CO1A7172-scaled.jpg","datePublished":"2017-07-15T16:53:55+00:00","dateModified":"2025-05-22T21:07:03+00:00","description":"Boart Longyear bietet die fortschrittlichsten Bohrtechnologien und -produkte, die speziell f\u00fcr lange Lebensdauer und hohe Leistung entwickelt wurden.","breadcrumb":{"@id":"https:\/\/www.boartlongyear.com\/products#breadcrumb"},"inLanguage":"de-DE","potentialAction":[{"@type":"ReadAction","target":["https:\/\/www.boartlongyear.com\/products"]}]},{"@type":"ImageObject","inLanguage":"de-DE","@id":"https:\/\/www.boartlongyear.com\/products#primaryimage","url":"https:\/\/www.boartlongyear.com\/wp-content\/uploads\/CO1A7172-scaled.jpg","contentUrl":"https:\/\/www.boartlongyear.com\/wp-content\/uploads\/CO1A7172-scaled.jpg","width":2560,"height":1192},{"@type":"BreadcrumbList","@id":"https:\/\/www.boartlongyear.com\/products#breadcrumb","itemListElement":[{"@type":"ListItem","position":1,"name":"Home","item":"https:\/\/www.boartlongyear.com\/"},{"@type":"ListItem","position":2,"name":"Products"}]},{"@type":"WebSite","@id":"https:\/\/www.boartlongyear.com\/#website","url":"https:\/\/www.boartlongyear.com\/","name":"Boart Longyear","description":"","publisher":{"@id":"https:\/\/www.boartlongyear.com\/#organization"},"potentialAction":[{"@type":"SearchAction","target":{"@type":"EntryPoint","urlTemplate":"https:\/\/www.boartlongyear.com\/?s={search_term_string}"},"query-input":{"@type":"PropertyValueSpecification","valueRequired":true,"valueName":"search_term_string"}}],"inLanguage":"de-DE"},{"@type":"Organization","@id":"https:\/\/www.boartlongyear.com\/#organization","name":"Boart Longyear","url":"https:\/\/www.boartlongyear.com\/","logo":{"@type":"ImageObject","inLanguage":"de-DE","@id":"https:\/\/www.boartlongyear.com\/#\/schema\/logo\/image\/","url":"https:\/\/www.boartlongyear.com\/wp-content\/uploads\/BLY-Double-Stack.png","contentUrl":"https:\/\/www.boartlongyear.com\/wp-content\/uploads\/BLY-Double-Stack.png","width":400,"height":100,"caption":"Boart Longyear"},"image":{"@id":"https:\/\/www.boartlongyear.com\/#\/schema\/logo\/image\/"},"sameAs":["https:\/\/www.facebook.com\/boartlongyearcareers","https:\/\/x.com\/boartlongyear","https:\/\/www.instagram.com\/boartlongyear","https:\/\/www.linkedin.com\/company\/boart-longyear","https:\/\/www.youtube.com\/user\/BoartLongyear1"]}]}},"uagb_featured_image_src":{"full":["https:\/\/www.boartlongyear.com\/wp-content\/uploads\/CO1A7172-scaled.jpg",2560,1192,false],"thumbnail":["https:\/\/www.boartlongyear.com\/wp-content\/uploads\/CO1A7172-200x200.jpg",200,200,true],"medium":["https:\/\/www.boartlongyear.com\/wp-content\/uploads\/CO1A7172-340x158.jpg",340,158,true],"medium_large":["https:\/\/www.boartlongyear.com\/wp-content\/uploads\/CO1A7172-768x358.jpg",640,298,true],"large":["https:\/\/www.boartlongyear.com\/wp-content\/uploads\/CO1A7172-1024x477.jpg",640,298,true],"RoboGalleryMansoryImagesCenter":["https:\/\/www.boartlongyear.com\/wp-content\/uploads\/CO1A7172-600x1024.jpg",600,1024,true],"RoboGalleryPreload":["https:\/\/www.boartlongyear.com\/wp-content\/uploads\/CO1A7172-scaled.jpg",100,47,false],"1536x1536":["https:\/\/www.boartlongyear.com\/wp-content\/uploads\/CO1A7172-1536x715.jpg",1536,715,true],"2048x2048":["https:\/\/www.boartlongyear.com\/wp-content\/uploads\/CO1A7172-2048x954.jpg",2048,954,true],"trp-custom-language-flag":["https:\/\/www.boartlongyear.com\/wp-content\/uploads\/CO1A7172-18x8.jpg",18,8,true],"alm-thumbnail":["https:\/\/www.boartlongyear.com\/wp-content\/uploads\/CO1A7172-150x150.jpg",150,150,true],"tptn_thumbnail":["https:\/\/www.boartlongyear.com\/wp-content\/uploads\/CO1A7172-150x150.jpg",150,150,true]},"uagb_author_info":{"display_name":"Marketing","author_link":"https:\/\/www.boartlongyear.com\/de\/insite\/author\/jamesburris\/"},"uagb_comment_info":0,"uagb_excerpt":"When you need high-quality, innovative\u00a0tooling and drill rigs to keep your productivity promises, count on Boart Longyear to deliver when and where you need it.\u00a0Boart Longyear offers the most\u00a0advanced technology, specifically engineered for long life and high performance while boasting world-class safety features.","_links":{"self":[{"href":"https:\/\/www.boartlongyear.com\/de\/wp-json\/wp\/v2\/pages\/20518","targetHints":{"allow":["GET"]}}],"collection":[{"href":"https:\/\/www.boartlongyear.com\/de\/wp-json\/wp\/v2\/pages"}],"about":[{"href":"https:\/\/www.boartlongyear.com\/de\/wp-json\/wp\/v2\/types\/page"}],"author":[{"embeddable":true,"href":"https:\/\/www.boartlongyear.com\/de\/wp-json\/wp\/v2\/users\/66"}],"replies":[{"embeddable":true,"href":"https:\/\/www.boartlongyear.com\/de\/wp-json\/wp\/v2\/comments?post=20518"}],"version-history":[{"count":0,"href":"https:\/\/www.boartlongyear.com\/de\/wp-json\/wp\/v2\/pages\/20518\/revisions"}],"wp:featuredmedia":[{"embeddable":true,"href":"https:\/\/www.boartlongyear.com\/de\/wp-json\/wp\/v2\/media\/31300"}],"wp:attachment":[{"href":"https:\/\/www.boartlongyear.com\/de\/wp-json\/wp\/v2\/media?parent=20518"}],"curies":[{"name":"wp","href":"https:\/\/api.w.org\/{rel}","templated":true}]}}