{"id":23785,"date":"2018-01-25T16:26:35","date_gmt":"2018-01-25T23:26:35","guid":{"rendered":"https:\/\/www.boartlongyear.com\/?page_id=23785"},"modified":"2018-01-25T16:26:35","modified_gmt":"2018-01-25T23:26:35","slug":"ds","status":"publish","type":"page","link":"https:\/\/www.boartlongyear.com\/de\/ds\/","title":{"rendered":"Bohrservices - Wir helfen Ihnen, besser zu bohren"},"content":{"rendered":"<section class=\"tcvpb_section_tc\">\n\t\t\n\t\t<div class=\"tcvpb_section_content\"><div class=\"tcvpb_container\"><div class=\"tcvpb_column_tc_span4\"><span class=\"clear\" style=\"height:10px;display:block;\"><\/span><div  class=\"tcvpb-image \" ><a href=\"https:\/\/www.boartlongyear.com\" target=\"_self\"><img decoding=\"async\" src=\"https:\/\/www.boartlongyear.com\/wp-content\/uploads\/BLY-Double-Stack.png\"><\/a><\/div><span class=\"clear\" style=\"height:10px;display:block;\"><\/span><\/div><div class=\"tcvpb_column_tc_span8\"><\/div><\/div><\/div>\n\t\t\n\t\t\n\t<\/section><section class=\"tcvpb_section_tc\">\n\t\t\n\t\t<div class=\"tcvpb_section_content\"><div class=\"tcvpb_container\"><div class=\"tcvpb_column_tc_span12\"><\/div><\/div><\/div>\n\t\t\n\t\t\n\t<\/section><section class=\"tcvpb_section_tc\" style=\"background-color:rgb(82, 88, 97);\">\n\t\t\n\t\t<div class=\"tcvpb_section_content\"><div class=\"tcvpb_container\"><div class=\"tcvpb_column_tc_span12\"><h1  ><span><\/p>\n<div style=\"text-align: center;\"><span style=\"color: #ffffff;\">DRILLING SERVICES<\/span><\/div>\n<p><\/span><\/h1><\/div><\/div><\/div>\n\t\t\n\t\t\n\t<\/section><section class=\"tcvpb_section_tc\">\n\t\t\n\t\t<div class=\"tcvpb_section_content\"><div class=\"tcvpb_container\"><div class=\"tcvpb_column_tc_span12\"><\/div><\/div><\/div>\n\t\t\n\t\t\n\t<\/section><section class=\"tcvpb_section_tc\">\n\t\t\n\t\t<div class=\"tcvpb_section_content\"><div class=\"tcvpb_container\"><div class=\"tcvpb_column_tc_span12\"><div  class=\"tcvpb-videoWrapper-youtube \"><iframe src=\"https:\/\/www.youtube.com\/embed\/ypvqKKaanzE?autoplay=0&#038;modestbranding=1&#038;controls=1&#038;fs=1&#038;start=&#038;end=&#038;showinfo=0&#038;rel=0\" frameborder=\"0\" allowfullscreen><\/iframe><\/div><span class=\"clear\" style=\"height:15px;display:block;\"><\/span><\/div><\/div><\/div>\n\t\t\n\t\t\n\t<\/section><section class=\"tcvpb_section_tc\">\n\t\t\n\t\t<div class=\"tcvpb_section_content\"><div class=\"tcvpb_container\"><div class=\"tcvpb_column_tc_span12\"><h1  ><span>HELPING YOU DRILL BETTER<\/span><\/h1><\/div><\/div><\/div>\n\t\t\n\t\t\n\t<\/section><section class=\"tcvpb_section_tc\">\n\t\t\n\t\t<div class=\"tcvpb_section_content\"><div class=\"tcvpb_container\"><div class=\"tcvpb_column_tc_span7\"><div  class=\"\" >\n<p class=\"p_tc\">Whether you need a mineral exploration drilling contractor, water services, or production drilling, you need a contractor with a rock-solid reputation and a track record for safety and innovative solutions. Boart Longyear has been operating safely with integrity and drilling with results since 1890. We consistently deliver innovative solutions to the most technical drilling challenges, in some of the most complex operating environments around the world. We accomplish it through our investment in safety, people, and equipment.<\/p>\n<\/div><\/div><div class=\"tcvpb_column_tc_span5\"><div  class=\"\" >\n<p class=\"p_tc\">Drilling Services:<\/p>\n<ul>\n<li>Surface drilling<\/li>\n<li>Underground drilling<\/li>\n<li>Water services<\/li>\n<\/ul>\n<\/div><a  href=\"https:\/\/www.boartlongyear.com\/drillingservices\/\" target=\"_self\" class=\"tcvpb-button tcvpb-button_normal tcvpb-button_medium  \" style=\"color: #ffffff;background:rgb(227, 114, 34);\">LEARN MORE<\/a><span class=\"clear\" style=\"height:15px;display:block;\"><\/span><\/div><\/div><\/div>\n\t\t\n\t\t\n\t<\/section><section class=\"tcvpb_section_tc\" style=\"background-color:rgb(239, 239, 239);\">\n\t\t\n\t\t<div class=\"tcvpb_section_content\"><div class=\"tcvpb_container\"><div class=\"tcvpb_column_tc_span12\"><h1  ><span><\/p>\n<div style=\"text-align: center;\"><span style=\"color: #333333;\">Contact our experts today<\/span><\/div>\n<p><\/span><\/h1><div  class=\"\" >\n<p class=\"p_tc\">[pardot-form height=\"690\" id=\"3000\" title=\"Contact an Expert Landing Pages\"]<\/p>\n<\/div><\/div><\/div><\/div>\n\t\t\n\t\t\n\t<\/section><section class=\"tcvpb_section_tc mobile-switch addpad graybuttons tcvpb-inversed_text\" style=\"background-color:rgb(82, 88, 97);\">\n\t\t\n\t\t<div class=\"tcvpb_section_content\"><div class=\"tcvpb_container\"><div class=\"tcvpb_column_tc_span12\"><h1  ><span>Global Drilling Services Expert Locations<\/span><\/h1><div  class=\"\" >\n<p class=\"p_tc\">\t\t<div id=\"maps-marker-pro-11145ae1\" class=\"maps-marker-pro\" style=\"width: 100%;\">\n\t\t\t<div id=\"mmp-map-wrap-11145ae1\" class=\"mmp-map-wrap\">\n\t\t\t\t\t\t\t\t<div id=\"mmp-map-11145ae1\" class=\"mmp-map\" style=\"height: 380px;\"><\/div>\n\t\t\t\t\t\t\t<\/div>\n\t\t\t\t\t<\/div>\n\t\t<\/p>\n<\/div><\/div><\/div><\/div>\n\t\t\n\t\t\n\t<\/section>\n","protected":false},"excerpt":{"rendered":"","protected":false},"author":66,"featured_media":0,"parent":0,"menu_order":0,"comment_status":"closed","ping_status":"closed","template":"landing-page.php","meta":{"_uag_custom_page_level_css":"","_monsterinsights_skip_tracking":false,"_monsterinsights_sitenote_active":false,"_monsterinsights_sitenote_note":"","_monsterinsights_sitenote_category":0,"footnotes":""},"class_list":["post-23785","page","type-page","status-publish","hentry"],"acf":[],"yoast_head":"<!-- This site is optimized with the Yoast SEO plugin v27.6 - https:\/\/yoast.com\/product\/yoast-seo-wordpress\/ -->\n<title>Drilling Services by Boart Longyear - Helping you drill better<\/title>\n<meta name=\"description\" content=\"Whether you need a mineral exploration drilling contractor, water services, or production drilling, you need a contractor with a rock-solid reputation and a track record for safety and innovative solutions. Boart Longyear has been operating safely with integrity and drilling with results since 1890.\" \/>\n<meta name=\"robots\" content=\"index, follow, max-snippet:-1, max-image-preview:large, max-video-preview:-1\" \/>\n<link rel=\"canonical\" href=\"https:\/\/www.boartlongyear.com\/de\/ds\/\" \/>\n<meta property=\"og:locale\" content=\"de_DE\" \/>\n<meta property=\"og:type\" content=\"article\" \/>\n<meta property=\"og:title\" content=\"Drilling Services by Boart Longyear - Helping you drill better\" \/>\n<meta property=\"og:description\" content=\"Whether you need a mineral exploration drilling contractor, water services, or production drilling, you need a contractor with a rock-solid reputation and a track record for safety and innovative solutions. Boart Longyear has been operating safely with integrity and drilling with results since 1890.\" \/>\n<meta property=\"og:url\" content=\"https:\/\/www.boartlongyear.com\/de\/ds\/\" \/>\n<meta property=\"og:site_name\" content=\"Boart Longyear\" \/>\n<meta property=\"article:publisher\" content=\"https:\/\/www.facebook.com\/boartlongyearcareers\" \/>\n<meta name=\"twitter:label1\" content=\"Gesch\u00e4tzte Lesezeit\" \/>\n\t<meta name=\"twitter:data1\" content=\"2 Minuten\" \/>\n<script type=\"application\/ld+json\" class=\"yoast-schema-graph\">{\"@context\":\"https:\\\/\\\/schema.org\",\"@graph\":[{\"@type\":\"WebPage\",\"@id\":\"https:\\\/\\\/www.boartlongyear.com\\\/ds\\\/\",\"url\":\"https:\\\/\\\/www.boartlongyear.com\\\/ds\\\/\",\"name\":\"Drilling Services by Boart Longyear - Helping you drill better\",\"isPartOf\":{\"@id\":\"https:\\\/\\\/www.boartlongyear.com\\\/#website\"},\"datePublished\":\"2018-01-25T23:26:35+00:00\",\"description\":\"Whether you need a mineral exploration drilling contractor, water services, or production drilling, you need a contractor with a rock-solid reputation and a track record for safety and innovative solutions. Boart Longyear has been operating safely with integrity and drilling with results since 1890.\",\"breadcrumb\":{\"@id\":\"https:\\\/\\\/www.boartlongyear.com\\\/ds\\\/#breadcrumb\"},\"inLanguage\":\"de-DE\",\"potentialAction\":[{\"@type\":\"ReadAction\",\"target\":[\"https:\\\/\\\/www.boartlongyear.com\\\/ds\\\/\"]}]},{\"@type\":\"BreadcrumbList\",\"@id\":\"https:\\\/\\\/www.boartlongyear.com\\\/ds\\\/#breadcrumb\",\"itemListElement\":[{\"@type\":\"ListItem\",\"position\":1,\"name\":\"Home\",\"item\":\"https:\\\/\\\/www.boartlongyear.com\\\/\"},{\"@type\":\"ListItem\",\"position\":2,\"name\":\"Drilling Services - Helping you drill better\"}]},{\"@type\":\"WebSite\",\"@id\":\"https:\\\/\\\/www.boartlongyear.com\\\/#website\",\"url\":\"https:\\\/\\\/www.boartlongyear.com\\\/\",\"name\":\"Boart Longyear\",\"description\":\"\",\"publisher\":{\"@id\":\"https:\\\/\\\/www.boartlongyear.com\\\/#organization\"},\"potentialAction\":[{\"@type\":\"SearchAction\",\"target\":{\"@type\":\"EntryPoint\",\"urlTemplate\":\"https:\\\/\\\/www.boartlongyear.com\\\/?s={search_term_string}\"},\"query-input\":{\"@type\":\"PropertyValueSpecification\",\"valueRequired\":true,\"valueName\":\"search_term_string\"}}],\"inLanguage\":\"de-DE\"},{\"@type\":\"Organization\",\"@id\":\"https:\\\/\\\/www.boartlongyear.com\\\/#organization\",\"name\":\"Boart Longyear\",\"url\":\"https:\\\/\\\/www.boartlongyear.com\\\/\",\"logo\":{\"@type\":\"ImageObject\",\"inLanguage\":\"de-DE\",\"@id\":\"https:\\\/\\\/www.boartlongyear.com\\\/#\\\/schema\\\/logo\\\/image\\\/\",\"url\":\"https:\\\/\\\/www.boartlongyear.com\\\/wp-content\\\/uploads\\\/BLY-Double-Stack.png\",\"contentUrl\":\"https:\\\/\\\/www.boartlongyear.com\\\/wp-content\\\/uploads\\\/BLY-Double-Stack.png\",\"width\":400,\"height\":100,\"caption\":\"Boart Longyear\"},\"image\":{\"@id\":\"https:\\\/\\\/www.boartlongyear.com\\\/#\\\/schema\\\/logo\\\/image\\\/\"},\"sameAs\":[\"https:\\\/\\\/www.facebook.com\\\/boartlongyearcareers\",\"https:\\\/\\\/x.com\\\/boartlongyear\",\"https:\\\/\\\/www.instagram.com\\\/boartlongyear\",\"https:\\\/\\\/www.linkedin.com\\\/company\\\/boart-longyear\",\"https:\\\/\\\/www.youtube.com\\\/user\\\/BoartLongyear1\"]}]}<\/script>\n<!-- \/ Yoast SEO plugin. -->","yoast_head_json":{"title":"Bohrdienstleistungen von Boart Longyear - Damit Sie besser bohren k\u00f6nnen","description":"Egal, ob Sie einen Auftragnehmer f\u00fcr Mineralienexplorationsbohrungen, Wasserversorgung oder Produktionsbohrungen ben\u00f6tigen, Sie ben\u00f6tigen einen Bauunternehmer, der sich durch einen soliden Ruf auszeichnet und \u00fcber Erfolgsbilanz f\u00fcr Sicherheit und innovative L\u00f6sungen verf\u00fcgt. Boart Longyear arbeitet seit 1890 sicher und zuverl\u00e4ssig.","robots":{"index":"index","follow":"follow","max-snippet":"max-snippet:-1","max-image-preview":"max-image-preview:large","max-video-preview":"max-video-preview:-1"},"canonical":"https:\/\/www.boartlongyear.com\/de\/ds\/","og_locale":"de_DE","og_type":"article","og_title":"Drilling Services by Boart Longyear - Helping you drill better","og_description":"Whether you need a mineral exploration drilling contractor, water services, or production drilling, you need a contractor with a rock-solid reputation and a track record for safety and innovative solutions. Boart Longyear has been operating safely with integrity and drilling with results since 1890.","og_url":"https:\/\/www.boartlongyear.com\/de\/ds\/","og_site_name":"Boart Longyear","article_publisher":"https:\/\/www.facebook.com\/boartlongyearcareers","twitter_misc":{"Gesch\u00e4tzte Lesezeit":"2 Minuten"},"schema":{"@context":"https:\/\/schema.org","@graph":[{"@type":"WebPage","@id":"https:\/\/www.boartlongyear.com\/ds\/","url":"https:\/\/www.boartlongyear.com\/ds\/","name":"Bohrdienstleistungen von Boart Longyear - Damit Sie besser bohren k\u00f6nnen","isPartOf":{"@id":"https:\/\/www.boartlongyear.com\/#website"},"datePublished":"2018-01-25T23:26:35+00:00","description":"Egal, ob Sie einen Auftragnehmer f\u00fcr Mineralienexplorationsbohrungen, Wasserversorgung oder Produktionsbohrungen ben\u00f6tigen, Sie ben\u00f6tigen einen Bauunternehmer, der sich durch einen soliden Ruf auszeichnet und \u00fcber Erfolgsbilanz f\u00fcr Sicherheit und innovative L\u00f6sungen verf\u00fcgt. Boart Longyear arbeitet seit 1890 sicher und zuverl\u00e4ssig.","breadcrumb":{"@id":"https:\/\/www.boartlongyear.com\/ds\/#breadcrumb"},"inLanguage":"de-DE","potentialAction":[{"@type":"ReadAction","target":["https:\/\/www.boartlongyear.com\/ds\/"]}]},{"@type":"BreadcrumbList","@id":"https:\/\/www.boartlongyear.com\/ds\/#breadcrumb","itemListElement":[{"@type":"ListItem","position":1,"name":"Home","item":"https:\/\/www.boartlongyear.com\/"},{"@type":"ListItem","position":2,"name":"Drilling Services - Helping you drill better"}]},{"@type":"WebSite","@id":"https:\/\/www.boartlongyear.com\/#website","url":"https:\/\/www.boartlongyear.com\/","name":"Boart Longyear","description":"","publisher":{"@id":"https:\/\/www.boartlongyear.com\/#organization"},"potentialAction":[{"@type":"SearchAction","target":{"@type":"EntryPoint","urlTemplate":"https:\/\/www.boartlongyear.com\/?s={search_term_string}"},"query-input":{"@type":"PropertyValueSpecification","valueRequired":true,"valueName":"search_term_string"}}],"inLanguage":"de-DE"},{"@type":"Organization","@id":"https:\/\/www.boartlongyear.com\/#organization","name":"Boart Longyear","url":"https:\/\/www.boartlongyear.com\/","logo":{"@type":"ImageObject","inLanguage":"de-DE","@id":"https:\/\/www.boartlongyear.com\/#\/schema\/logo\/image\/","url":"https:\/\/www.boartlongyear.com\/wp-content\/uploads\/BLY-Double-Stack.png","contentUrl":"https:\/\/www.boartlongyear.com\/wp-content\/uploads\/BLY-Double-Stack.png","width":400,"height":100,"caption":"Boart Longyear"},"image":{"@id":"https:\/\/www.boartlongyear.com\/#\/schema\/logo\/image\/"},"sameAs":["https:\/\/www.facebook.com\/boartlongyearcareers","https:\/\/x.com\/boartlongyear","https:\/\/www.instagram.com\/boartlongyear","https:\/\/www.linkedin.com\/company\/boart-longyear","https:\/\/www.youtube.com\/user\/BoartLongyear1"]}]}},"uagb_featured_image_src":{"full":false,"thumbnail":false,"medium":false,"medium_large":false,"large":false,"RoboGalleryMansoryImagesCenter":false,"RoboGalleryPreload":false,"1536x1536":false,"2048x2048":false,"trp-custom-language-flag":false,"alm-thumbnail":false,"tptn_thumbnail":false},"uagb_author_info":{"display_name":"Marketing","author_link":"https:\/\/www.boartlongyear.com\/de\/insite\/author\/jamesburris\/"},"uagb_comment_info":0,"uagb_excerpt":null,"_links":{"self":[{"href":"https:\/\/www.boartlongyear.com\/de\/wp-json\/wp\/v2\/pages\/23785","targetHints":{"allow":["GET"]}}],"collection":[{"href":"https:\/\/www.boartlongyear.com\/de\/wp-json\/wp\/v2\/pages"}],"about":[{"href":"https:\/\/www.boartlongyear.com\/de\/wp-json\/wp\/v2\/types\/page"}],"author":[{"embeddable":true,"href":"https:\/\/www.boartlongyear.com\/de\/wp-json\/wp\/v2\/users\/66"}],"replies":[{"embeddable":true,"href":"https:\/\/www.boartlongyear.com\/de\/wp-json\/wp\/v2\/comments?post=23785"}],"version-history":[{"count":0,"href":"https:\/\/www.boartlongyear.com\/de\/wp-json\/wp\/v2\/pages\/23785\/revisions"}],"wp:attachment":[{"href":"https:\/\/www.boartlongyear.com\/de\/wp-json\/wp\/v2\/media?parent=23785"}],"curies":[{"name":"wp","href":"https:\/\/api.w.org\/{rel}","templated":true}]}}