{"id":25081,"date":"2018-10-01T11:36:34","date_gmt":"2018-10-01T17:36:34","guid":{"rendered":"https:\/\/www.boartlongyear.com\/?page_id=25081"},"modified":"2018-10-01T11:36:34","modified_gmt":"2018-10-01T17:36:34","slug":"fraudulent-recruitment-scams","status":"publish","type":"page","link":"https:\/\/www.boartlongyear.com\/de\/fraudulent-recruitment-scams\/","title":{"rendered":"Betr\u00fcgerische Rekrutierungsbetrug"},"content":{"rendered":"<section class=\"tcvpb_section_tc\">\n\t\t\n\t\t<div class=\"tcvpb_section_content\"><div class=\"tcvpb_container\"><div class=\"tcvpb_column_tc_span12\"><h1  ><span>Betr\u00fcgerische Rekrutierungsbetrug<\/span><\/h1><div  class=\"\" >\n<p class=\"p_tc\">Boart Longyear ist auf Rekrutierungs-Scams aufmerksam geworden, die von Einzelpersonen durchgef\u00fchrt wurden, die behaupteten, Boart Longyear-Mitarbeiter zu sein, angebliche Boart Longyear-Stellenangebote zu ver\u00f6ffentlichen, gef\u00e4lschte Arbeitsangebote zu erstellen und Geld f\u00fcr Hintergrundpr\u00fcfungen, Genehmigungsantr\u00e4ge oder andere \u00e4hnliche Dienstleistungen zu beantragen, die ihrer Meinung nach erforderlich sind Besch\u00e4ftigung bei Boart Longyear. Normalerweise werden diese Stellenangebote \u00fcber Facebook, WhatsApp, Online-Jobb\u00f6rsen und lokale Online-Communities gepostet. Bitte&nbsp;<strong>UNTERLASSEN SIE<\/strong>&nbsp;auf diese Postings oder auf etwaige Geldersuchen im Zusammenhang mit der Besch\u00e4ftigung bei Boart Longyear<\/p>\n<p class=\"p_tc\"><strong>Beachten Sie Folgendes:<\/strong><\/p>\n<p class=\"p_tc\">Alle legitimen Karrierem\u00f6glichkeiten von Boart Longyear sind verf\u00fcgbar&nbsp;<strong>NUR<\/strong> \u00fcber die Boart Longyear-Website: <a href=\"https:\/\/careers.boartlongyear.com\/\" target=\"_blank\" rel=\"noopener\">https:\/\/careers.boartlongyear.com\/<\/a> als Boart Longyear&nbsp;<strong>NICHT&nbsp;<\/strong>Verwenden Sie Facebook oder WhatsApp als autorisierte Rekrutierungsinstrumente.<\/p>\n<p class=\"p_tc\">Bewerbungen f\u00fcr eine Besch\u00e4ftigung bei Boart Longyear&nbsp;<strong>UNTERLASSEN SIE<\/strong>&nbsp;Geld oder Entsch\u00e4digung aus irgendeinem Grund verlangen.<\/p>\n<p class=\"p_tc\">Wenn das Stellenangebot unprofessionell erscheint (dh nicht \u00fcber die offizielle Website erfolgt, ein Logo oder Fotos mit niedriger Aufl\u00f6sung verwendet, eine schlechte Grammatik verwendet oder nicht \u00fcber offizielle E-Mail-Adressen oder Telefonnummern von Boart Longyear kommuniziert wird), ist es wahrscheinlich Teil einer Einstellung Betrug.<\/p>\n<p class=\"p_tc\">Wenn Sie Opfer dieser Art von Betrug waren oder mit solchen Personen in Kontakt waren, senden Sie bitte eine E-Mail an <a href=\"mailto:info@boartlongyear.com\">info@boartlongyear.com<\/a>, einschlie\u00dflich so vieler Informationen wie m\u00f6glich \u00fcber Ihre Interaktion (wo Sie die Personen getroffen haben, Datum Ihrer Kommunikation, was Ihnen mitgeteilt wurde usw.). Wir werden alle Berichte ernsthaft behandeln und alle m\u00f6glichen Ma\u00dfnahmen ergreifen, um diese betr\u00fcgerischen Systeme zu bek\u00e4mpfen. Bitte beachten Sie, dass Boart Longyear nicht f\u00fcr die Handlungen dieser Personen verantwortlich ist und keinen potenziellen oder tats\u00e4chlichen Verlust infolge dieser Betr\u00fcgereien ausgleichen kann. Wenn Sie diesen Personen einen bestimmten Geldbetrag gezahlt haben, empfehlen wir Ihnen dringend, einen Bericht bei den \u00f6rtlichen Polizeibeh\u00f6rden einzureichen, da dies eine Straftat ist.<\/p>\n<p class=\"p_tc\">Wenn Sie \u00fcberpr\u00fcfen m\u00f6chten, ob ein Stellenangebot legitim ist, senden Sie Ihre Anfrage an <a href=\"mailto:info@boartlongyear.com\">info@boartlongyear.com<\/a>. Wenn Sie an einer Karriere bei Boart Longyear interessiert sind, m\u00fcssen Sie Ihre Bewerbung \u00fcber einreichen <a href=\"https:\/\/careers.boartlongyear.com\/\" target=\"_blank\" rel=\"noopener\">https:\/\/careers.boartlongyear.com\/<\/a>. Auf dieser Website k\u00f6nnen Sie nach offenen Stellen suchen, Ihren Lebenslauf hochladen und sich auf Stellen bewerben, die Sie interessieren.<\/p>\n<\/div><\/div><\/div><\/div>\n\t\t\n\t\t\n\t<\/section>","protected":false},"excerpt":{"rendered":"","protected":false},"author":66,"featured_media":0,"parent":0,"menu_order":0,"comment_status":"closed","ping_status":"closed","template":"","meta":{"_uag_custom_page_level_css":"","_monsterinsights_skip_tracking":false,"_monsterinsights_sitenote_active":false,"_monsterinsights_sitenote_note":"","_monsterinsights_sitenote_category":0,"footnotes":""},"class_list":["post-25081","page","type-page","status-publish","hentry"],"acf":[],"yoast_head":"<!-- This site is optimized with the Yoast SEO plugin v27.4 - https:\/\/yoast.com\/product\/yoast-seo-wordpress\/ -->\n<title>Fraudulent Recruitment Scams - Boart Longyear<\/title>\n<meta name=\"robots\" content=\"index, follow, max-snippet:-1, max-image-preview:large, max-video-preview:-1\" \/>\n<link rel=\"canonical\" href=\"https:\/\/www.boartlongyear.com\/de\/fraudulent-recruitment-scams\/\" \/>\n<meta property=\"og:locale\" content=\"de_DE\" \/>\n<meta property=\"og:type\" content=\"article\" \/>\n<meta property=\"og:title\" content=\"Fraudulent Recruitment Scams - Boart Longyear\" \/>\n<meta property=\"og:url\" content=\"https:\/\/www.boartlongyear.com\/de\/fraudulent-recruitment-scams\/\" \/>\n<meta property=\"og:site_name\" content=\"Boart Longyear\" \/>\n<meta property=\"article:publisher\" content=\"https:\/\/www.facebook.com\/boartlongyearcareers\" \/>\n<meta name=\"twitter:label1\" content=\"Gesch\u00e4tzte Lesezeit\" \/>\n\t<meta name=\"twitter:data1\" content=\"2 Minuten\" \/>\n<script type=\"application\/ld+json\" class=\"yoast-schema-graph\">{\"@context\":\"https:\\\/\\\/schema.org\",\"@graph\":[{\"@type\":\"WebPage\",\"@id\":\"https:\\\/\\\/www.boartlongyear.com\\\/es\\\/fraudulent-recruitment-scams\\\/\",\"url\":\"https:\\\/\\\/www.boartlongyear.com\\\/es\\\/fraudulent-recruitment-scams\\\/\",\"name\":\"Fraudulent Recruitment Scams - Boart Longyear\",\"isPartOf\":{\"@id\":\"https:\\\/\\\/www.boartlongyear.com\\\/#website\"},\"datePublished\":\"2018-10-01T17:36:34+00:00\",\"breadcrumb\":{\"@id\":\"https:\\\/\\\/www.boartlongyear.com\\\/es\\\/fraudulent-recruitment-scams\\\/#breadcrumb\"},\"inLanguage\":\"de-DE\",\"potentialAction\":[{\"@type\":\"ReadAction\",\"target\":[\"https:\\\/\\\/www.boartlongyear.com\\\/es\\\/fraudulent-recruitment-scams\\\/\"]}]},{\"@type\":\"BreadcrumbList\",\"@id\":\"https:\\\/\\\/www.boartlongyear.com\\\/es\\\/fraudulent-recruitment-scams\\\/#breadcrumb\",\"itemListElement\":[{\"@type\":\"ListItem\",\"position\":1,\"name\":\"Home\",\"item\":\"https:\\\/\\\/www.boartlongyear.com\\\/\"},{\"@type\":\"ListItem\",\"position\":2,\"name\":\"Fraudulent Recruitment Scams\"}]},{\"@type\":\"WebSite\",\"@id\":\"https:\\\/\\\/www.boartlongyear.com\\\/#website\",\"url\":\"https:\\\/\\\/www.boartlongyear.com\\\/\",\"name\":\"Boart Longyear\",\"description\":\"\",\"publisher\":{\"@id\":\"https:\\\/\\\/www.boartlongyear.com\\\/#organization\"},\"potentialAction\":[{\"@type\":\"SearchAction\",\"target\":{\"@type\":\"EntryPoint\",\"urlTemplate\":\"https:\\\/\\\/www.boartlongyear.com\\\/?s={search_term_string}\"},\"query-input\":{\"@type\":\"PropertyValueSpecification\",\"valueRequired\":true,\"valueName\":\"search_term_string\"}}],\"inLanguage\":\"de-DE\"},{\"@type\":\"Organization\",\"@id\":\"https:\\\/\\\/www.boartlongyear.com\\\/#organization\",\"name\":\"Boart Longyear\",\"url\":\"https:\\\/\\\/www.boartlongyear.com\\\/\",\"logo\":{\"@type\":\"ImageObject\",\"inLanguage\":\"de-DE\",\"@id\":\"https:\\\/\\\/www.boartlongyear.com\\\/#\\\/schema\\\/logo\\\/image\\\/\",\"url\":\"https:\\\/\\\/www.boartlongyear.com\\\/wp-content\\\/uploads\\\/BLY-Double-Stack.png\",\"contentUrl\":\"https:\\\/\\\/www.boartlongyear.com\\\/wp-content\\\/uploads\\\/BLY-Double-Stack.png\",\"width\":400,\"height\":100,\"caption\":\"Boart Longyear\"},\"image\":{\"@id\":\"https:\\\/\\\/www.boartlongyear.com\\\/#\\\/schema\\\/logo\\\/image\\\/\"},\"sameAs\":[\"https:\\\/\\\/www.facebook.com\\\/boartlongyearcareers\",\"https:\\\/\\\/x.com\\\/boartlongyear\",\"https:\\\/\\\/www.instagram.com\\\/boartlongyear\",\"https:\\\/\\\/www.linkedin.com\\\/company\\\/boart-longyear\",\"https:\\\/\\\/www.youtube.com\\\/user\\\/BoartLongyear1\"]}]}<\/script>\n<!-- \/ Yoast SEO plugin. -->","yoast_head_json":{"title":"Betr\u00fcgerische Rekrutierungsbetrug - Boart Longyear","robots":{"index":"index","follow":"follow","max-snippet":"max-snippet:-1","max-image-preview":"max-image-preview:large","max-video-preview":"max-video-preview:-1"},"canonical":"https:\/\/www.boartlongyear.com\/de\/fraudulent-recruitment-scams\/","og_locale":"de_DE","og_type":"article","og_title":"Fraudulent Recruitment Scams - Boart Longyear","og_url":"https:\/\/www.boartlongyear.com\/de\/fraudulent-recruitment-scams\/","og_site_name":"Boart Longyear","article_publisher":"https:\/\/www.facebook.com\/boartlongyearcareers","twitter_misc":{"Gesch\u00e4tzte Lesezeit":"2 Minuten"},"schema":{"@context":"https:\/\/schema.org","@graph":[{"@type":"WebPage","@id":"https:\/\/www.boartlongyear.com\/es\/fraudulent-recruitment-scams\/","url":"https:\/\/www.boartlongyear.com\/es\/fraudulent-recruitment-scams\/","name":"Betr\u00fcgerische Rekrutierungsbetrug - Boart Longyear","isPartOf":{"@id":"https:\/\/www.boartlongyear.com\/#website"},"datePublished":"2018-10-01T17:36:34+00:00","breadcrumb":{"@id":"https:\/\/www.boartlongyear.com\/es\/fraudulent-recruitment-scams\/#breadcrumb"},"inLanguage":"de-DE","potentialAction":[{"@type":"ReadAction","target":["https:\/\/www.boartlongyear.com\/es\/fraudulent-recruitment-scams\/"]}]},{"@type":"BreadcrumbList","@id":"https:\/\/www.boartlongyear.com\/es\/fraudulent-recruitment-scams\/#breadcrumb","itemListElement":[{"@type":"ListItem","position":1,"name":"Home","item":"https:\/\/www.boartlongyear.com\/"},{"@type":"ListItem","position":2,"name":"Fraudulent Recruitment Scams"}]},{"@type":"WebSite","@id":"https:\/\/www.boartlongyear.com\/#website","url":"https:\/\/www.boartlongyear.com\/","name":"Boart Longyear","description":"","publisher":{"@id":"https:\/\/www.boartlongyear.com\/#organization"},"potentialAction":[{"@type":"SearchAction","target":{"@type":"EntryPoint","urlTemplate":"https:\/\/www.boartlongyear.com\/?s={search_term_string}"},"query-input":{"@type":"PropertyValueSpecification","valueRequired":true,"valueName":"search_term_string"}}],"inLanguage":"de-DE"},{"@type":"Organization","@id":"https:\/\/www.boartlongyear.com\/#organization","name":"Boart Longyear","url":"https:\/\/www.boartlongyear.com\/","logo":{"@type":"ImageObject","inLanguage":"de-DE","@id":"https:\/\/www.boartlongyear.com\/#\/schema\/logo\/image\/","url":"https:\/\/www.boartlongyear.com\/wp-content\/uploads\/BLY-Double-Stack.png","contentUrl":"https:\/\/www.boartlongyear.com\/wp-content\/uploads\/BLY-Double-Stack.png","width":400,"height":100,"caption":"Boart Longyear"},"image":{"@id":"https:\/\/www.boartlongyear.com\/#\/schema\/logo\/image\/"},"sameAs":["https:\/\/www.facebook.com\/boartlongyearcareers","https:\/\/x.com\/boartlongyear","https:\/\/www.instagram.com\/boartlongyear","https:\/\/www.linkedin.com\/company\/boart-longyear","https:\/\/www.youtube.com\/user\/BoartLongyear1"]}]}},"uagb_featured_image_src":{"full":false,"thumbnail":false,"medium":false,"medium_large":false,"large":false,"RoboGalleryMansoryImagesCenter":false,"RoboGalleryPreload":false,"1536x1536":false,"2048x2048":false,"trp-custom-language-flag":false,"alm-thumbnail":false,"tptn_thumbnail":false},"uagb_author_info":{"display_name":"Marketing","author_link":"https:\/\/www.boartlongyear.com\/de\/insite\/author\/jamesburris\/"},"uagb_comment_info":0,"uagb_excerpt":null,"_links":{"self":[{"href":"https:\/\/www.boartlongyear.com\/de\/wp-json\/wp\/v2\/pages\/25081","targetHints":{"allow":["GET"]}}],"collection":[{"href":"https:\/\/www.boartlongyear.com\/de\/wp-json\/wp\/v2\/pages"}],"about":[{"href":"https:\/\/www.boartlongyear.com\/de\/wp-json\/wp\/v2\/types\/page"}],"author":[{"embeddable":true,"href":"https:\/\/www.boartlongyear.com\/de\/wp-json\/wp\/v2\/users\/66"}],"replies":[{"embeddable":true,"href":"https:\/\/www.boartlongyear.com\/de\/wp-json\/wp\/v2\/comments?post=25081"}],"version-history":[{"count":0,"href":"https:\/\/www.boartlongyear.com\/de\/wp-json\/wp\/v2\/pages\/25081\/revisions"}],"wp:attachment":[{"href":"https:\/\/www.boartlongyear.com\/de\/wp-json\/wp\/v2\/media?parent=25081"}],"curies":[{"name":"wp","href":"https:\/\/api.w.org\/{rel}","templated":true}]}}