{"id":25221,"date":"2018-11-05T15:50:13","date_gmt":"2018-11-05T22:50:13","guid":{"rendered":"https:\/\/www.boartlongyear.com\/?page_id=25221"},"modified":"2018-12-03T16:05:34","modified_gmt":"2018-12-03T23:05:34","slug":"redomiciliation","status":"publish","type":"page","link":"https:\/\/www.boartlongyear.com\/de\/company\/redomiciliation\/","title":{"rendered":"Umverteilung"},"content":{"rendered":"<section class=\"tcvpb_section_tc\">\n\t\t\n\t\t<div class=\"tcvpb_section_content\"><div class=\"tcvpb_container\"><div class=\"tcvpb_column_tc_span12\"><h1  ><span>BOART LONGYEAR BEGRENZTE VERSAMMLUNG<\/span><\/h1><h2  ><span>TREFFENDE TREFFEN AM 6. DEZEMBER 2018<\/span><\/h2><h2  ><span>IHRE ABSTIMMUNG IST WICHTIG<\/span><\/h2><span class=\"clear\" style=\"height:15px;display:block;\"><\/span><h3  ><span>Sehr geehrter Aktion\u00e4r,<\/span><\/h3><div  class=\"\" >\n<p class=\"p_tc\">Wie Sie vielleicht wissen, sind die Verwaltungsratsmitglieder von Boart Longyear Limited (the <strong>Unternehmen<\/strong> oder <strong>Boart Longyear<\/strong>) haben einen Vorschlag zur Wiedervereinigung des Unternehmens von Australien nach Kanada im Wege des Arrangements (the System of Arrangement) angek\u00fcndigt <strong>Umverteilung<\/strong>).<\/p>\n<p class=\"p_tc\">Am 26. Oktober 2018 ordnete das australische Bundesgericht an, dass die Gesellschaft eine Versammlung einberufen sollte (d. H <strong>Schemasitzung<\/strong>) von Inhabern voll einbezahlter Stammaktien der Gesellschaft (<strong>Aktion\u00e4re<\/strong>) um die Re-Domizilierung zu pr\u00fcfen. Um eine Kopie des Programmheftes mit Einzelheiten zu der Re-Domiciliation (einschlie\u00dflich der Bekanntmachung der Systemkonferenz) zu erhalten, lesen Sie bitte die folgenden Dokumente.<\/p>\n<p class=\"p_tc\">Im Rahmen der Re-Domizilierung w\u00fcrde Boart Longyear Incorporated (<strong>Boart Longyear &#039;Kanada&#039;<\/strong>) erwirbt alle Stammaktien der Gesellschaft. Boart Longyear &#039;Canada&#039; wird f\u00fcr die Notierung an der ASX beantragt, und die Gesellschaft wird von der ASX gestrichen. Boart Longyear &#039;Canada&#039; wird das Unternehmen als b\u00f6rsennotiertes Unternehmen an der ASX effektiv ersetzen.<\/p>\n<p class=\"p_tc\">Das Scheme Meeting findet am Donnerstag, dem 6. Dezember 2018, um 11.00 Uhr (Adelaide-Zeit) im Adelaide Convention Center, Riverbank Room 1, North Terrace, Adelaide South Australia 5000 Australia statt.<\/p>\n<p class=\"p_tc\"><strong>Sie sollten die Programmbrosch\u00fcre vollst\u00e4ndig lesen, einschlie\u00dflich Informationen zu den Vorteilen, Nachteilen und Risiken der Re-Domizilierung (wie in Abschnitt 5 der Systembrosch\u00fcre beschrieben), bevor Sie entscheiden, ob Sie f\u00fcr die Systementschlie\u00dfung stimmen oder nicht .<\/strong><\/p>\n<p class=\"p_tc\">Die Direktoren von Boart Longyear sind der Ansicht, dass die Vorteile die Nachteile und Risiken deutlich \u00fcberwiegen. Daher empfiehlt der Boart Longyear Board einstimmig, dass Sie der Re-Domizilierung zustimmen und abstimmen <span style=\"text-decoration: underline;\"><strong>ZUM<\/strong><\/span> die Systeml\u00f6sung bei der Systemversammlung.<\/p>\n<p class=\"p_tc\">Der unabh\u00e4ngige Sachverst\u00e4ndige Grant Thornton ist zu dem Schluss gekommen, dass die Re-Domizilierung im besten Interesse der Aktion\u00e4re von Boart Longyear ist.<\/p>\n<\/div><\/div><\/div><\/div>\n\t\t\n\t\t\n\t<\/section><section class=\"tcvpb_section_tc\">\n\t\t\n\t\t<div class=\"tcvpb_section_content\"><div class=\"tcvpb_container\"><div class=\"tcvpb_column_tc_span12\"><h3  ><span><strong>Unterlagen<\/strong><\/span><\/h3><div  class=\"\" >\n<p class=\"p_tc\"><strong>4. Dezember 2018<\/strong><br><strong><a href=\"https:\/\/www.boartlongyear.com\/wp-content\/uploads\/1878742.pdf\" target=\"_blank\" rel=\"noopener\">Boart Longyear - Update in Bezug auf Re-Domiciliation<\/a><\/strong><\/p>\n<\/div><\/div><\/div><\/div>\n\t\t\n\t\t\n\t<\/section><section class=\"tcvpb_section_tc\">\n\t\t\n\t\t<div class=\"tcvpb_section_content\"><div class=\"tcvpb_container\"><div class=\"tcvpb_column_tc_span6\"><div  class=\"\" >\n<p class=\"p_tc\" style=\"padding-left: 30px;\"><strong>\u2022<a href=\"https:\/\/www.boartlongyear.com\/wp-content\/uploads\/Chairmans-Letter-Re-domiciliation.pdf\" target=\"_blank\" rel=\"noopener\"> Brief des Vorsitzenden<\/a><\/strong><\/p>\n<p class=\"p_tc\" style=\"padding-left: 30px;\"><strong>\u2022 <a href=\"https:\/\/www.boartlongyear.com\/wp-content\/uploads\/Announcement-Registration-of-Scheme-Booklet_29Oct2018.pdf\" target=\"_blank\" rel=\"noopener\">Ank\u00fcndigung der Registrierung des Programmheftes<\/a><\/strong><\/p>\n<\/div><\/div><div class=\"tcvpb_column_tc_span6\"><div  class=\"\" >\n<p class=\"p_tc\"><strong>\u2022 <a href=\"https:\/\/www.boartlongyear.com\/wp-content\/uploads\/BLY-Scheme-Booklet.pdf\" target=\"_blank\" rel=\"noopener\">Bekanntmachung \u00fcber die Schemasitzung und das Begleitheft<\/a><\/strong><\/p>\n<p class=\"p_tc\"><strong>\u2022 <a href=\"https:\/\/www.boartlongyear.com\/wp-content\/uploads\/BLY-Proxy-Sample.pdf\" target=\"_blank\" rel=\"noopener\">Musterkopie des Proxy-Formulars<\/a><\/strong><\/p>\n<\/div><\/div><\/div><\/div>\n\t\t\n\t\t\n\t<\/section><section class=\"tcvpb_section_tc\">\n\t\t\n\t\t<div class=\"tcvpb_section_content\"><div class=\"tcvpb_container\"><div class=\"tcvpb_column_tc_span12\"><div  class=\"\" >\n<p class=\"p_tc\"><span style=\"font-size: 14pt;\"><strong>Unterkunftsproxy online - Scheme Meeting<\/strong><\/span><\/p>\n<p class=\"p_tc\">Um Ihre Online-Stimmabgabe online abzugeben, folgen Sie bitte den nachstehenden Anweisungen:<\/p>\n<p class=\"p_tc\" style=\"padding-left: 30px;\">1. Gehe zu <a href=\"http:\/\/investorcentre.linkmarketservices.com.au\" target=\"_blank\" rel=\"noopener\">investorcentre.linkmarketservices.com.au<\/a><br>2. Geben Sie den Namen des Ausstellers ein <strong>Boart Longyear Limited<\/strong> oder <strong>BLY<\/strong>. <br>3. Geben Sie das ein <strong>SRN<\/strong> oder&nbsp;<strong>HIN<\/strong> f\u00fcr dein Halten <br>4. Geben Sie das ein <strong>Postleitzahl<\/strong> (Australische Adresse) oder ausw\u00e4hlen <strong>Land<\/strong> (Auslandsadresse) f\u00fcr jede Beteiligung, dann klicken Sie auf OK.<br>5. Fahren Sie mit jedem Bildschirm fort. <br>6. Um wirksam zu sein, beachten Sie bitte, dass ein elektronisch eingereichtes Vollmachtsformular eingereicht werden muss<strong> bis sp\u00e4testens 11:00 Uhr (Adelaide-Zeit) am Dienstag, 4. Dezember 2018.<\/strong><\/p>\n<p class=\"p_tc\"><span style=\"font-size: 14pt;\"><strong>Fragen<\/strong><\/span><\/p>\n<p class=\"p_tc\">Wenn Sie Fragen zum Scheme Booklet oder zur Re-Domizilierung haben, wenden Sie sich bitte an die Shareholder Information Line unter 1800 781 633 (innerhalb Australiens) oder +61 1800 781 633 (au\u00dferhalb Australiens).<\/p>\n<\/div><\/div><\/div><\/div>\n\t\t\n\t\t\n\t<\/section>","protected":false},"excerpt":{"rendered":"","protected":false},"author":66,"featured_media":0,"parent":81,"menu_order":0,"comment_status":"closed","ping_status":"closed","template":"sidebar-dynamic.php","meta":{"_uag_custom_page_level_css":"","_monsterinsights_skip_tracking":false,"_monsterinsights_sitenote_active":false,"_monsterinsights_sitenote_note":"","_monsterinsights_sitenote_category":0,"footnotes":""},"class_list":["post-25221","page","type-page","status-publish","hentry"],"acf":[],"yoast_head":"<!-- This site is optimized with the Yoast SEO plugin v27.4 - https:\/\/yoast.com\/product\/yoast-seo-wordpress\/ -->\n<title>Re-domiciliation - Boart Longyear<\/title>\n<meta name=\"robots\" content=\"index, follow, max-snippet:-1, max-image-preview:large, max-video-preview:-1\" \/>\n<link rel=\"canonical\" href=\"https:\/\/www.boartlongyear.com\/de\/company\/investors__trashed\/redomiciliation\/\" \/>\n<meta property=\"og:locale\" content=\"de_DE\" \/>\n<meta property=\"og:type\" content=\"article\" \/>\n<meta property=\"og:title\" content=\"Re-domiciliation - Boart Longyear\" \/>\n<meta property=\"og:url\" content=\"https:\/\/www.boartlongyear.com\/de\/company\/investors__trashed\/redomiciliation\/\" \/>\n<meta property=\"og:site_name\" content=\"Boart Longyear\" \/>\n<meta property=\"article:publisher\" content=\"https:\/\/www.facebook.com\/boartlongyearcareers\" \/>\n<meta property=\"article:modified_time\" content=\"2018-12-03T23:05:34+00:00\" \/>\n<meta name=\"twitter:label1\" content=\"Gesch\u00e4tzte Lesezeit\" \/>\n\t<meta name=\"twitter:data1\" content=\"3 Minuten\" \/>\n<script type=\"application\/ld+json\" class=\"yoast-schema-graph\">{\"@context\":\"https:\\\/\\\/schema.org\",\"@graph\":[{\"@type\":\"WebPage\",\"@id\":\"https:\\\/\\\/www.boartlongyear.com\\\/company\\\/investors__trashed\\\/redomiciliation\\\/\",\"url\":\"https:\\\/\\\/www.boartlongyear.com\\\/company\\\/investors__trashed\\\/redomiciliation\\\/\",\"name\":\"Re-domiciliation - Boart Longyear\",\"isPartOf\":{\"@id\":\"https:\\\/\\\/www.boartlongyear.com\\\/#website\"},\"datePublished\":\"2018-11-05T22:50:13+00:00\",\"dateModified\":\"2018-12-03T23:05:34+00:00\",\"breadcrumb\":{\"@id\":\"https:\\\/\\\/www.boartlongyear.com\\\/company\\\/investors__trashed\\\/redomiciliation\\\/#breadcrumb\"},\"inLanguage\":\"de-DE\",\"potentialAction\":[{\"@type\":\"ReadAction\",\"target\":[\"https:\\\/\\\/www.boartlongyear.com\\\/company\\\/investors__trashed\\\/redomiciliation\\\/\"]}]},{\"@type\":\"BreadcrumbList\",\"@id\":\"https:\\\/\\\/www.boartlongyear.com\\\/company\\\/investors__trashed\\\/redomiciliation\\\/#breadcrumb\",\"itemListElement\":[{\"@type\":\"ListItem\",\"position\":1,\"name\":\"Home\",\"item\":\"https:\\\/\\\/www.boartlongyear.com\\\/\"},{\"@type\":\"ListItem\",\"position\":2,\"name\":\"Company\",\"item\":\"https:\\\/\\\/www.boartlongyear.com\\\/company\\\/\"},{\"@type\":\"ListItem\",\"position\":3,\"name\":\"Re-domiciliation\"}]},{\"@type\":\"WebSite\",\"@id\":\"https:\\\/\\\/www.boartlongyear.com\\\/#website\",\"url\":\"https:\\\/\\\/www.boartlongyear.com\\\/\",\"name\":\"Boart Longyear\",\"description\":\"\",\"publisher\":{\"@id\":\"https:\\\/\\\/www.boartlongyear.com\\\/#organization\"},\"potentialAction\":[{\"@type\":\"SearchAction\",\"target\":{\"@type\":\"EntryPoint\",\"urlTemplate\":\"https:\\\/\\\/www.boartlongyear.com\\\/?s={search_term_string}\"},\"query-input\":{\"@type\":\"PropertyValueSpecification\",\"valueRequired\":true,\"valueName\":\"search_term_string\"}}],\"inLanguage\":\"de-DE\"},{\"@type\":\"Organization\",\"@id\":\"https:\\\/\\\/www.boartlongyear.com\\\/#organization\",\"name\":\"Boart Longyear\",\"url\":\"https:\\\/\\\/www.boartlongyear.com\\\/\",\"logo\":{\"@type\":\"ImageObject\",\"inLanguage\":\"de-DE\",\"@id\":\"https:\\\/\\\/www.boartlongyear.com\\\/#\\\/schema\\\/logo\\\/image\\\/\",\"url\":\"https:\\\/\\\/www.boartlongyear.com\\\/wp-content\\\/uploads\\\/BLY-Double-Stack.png\",\"contentUrl\":\"https:\\\/\\\/www.boartlongyear.com\\\/wp-content\\\/uploads\\\/BLY-Double-Stack.png\",\"width\":400,\"height\":100,\"caption\":\"Boart Longyear\"},\"image\":{\"@id\":\"https:\\\/\\\/www.boartlongyear.com\\\/#\\\/schema\\\/logo\\\/image\\\/\"},\"sameAs\":[\"https:\\\/\\\/www.facebook.com\\\/boartlongyearcareers\",\"https:\\\/\\\/x.com\\\/boartlongyear\",\"https:\\\/\\\/www.instagram.com\\\/boartlongyear\",\"https:\\\/\\\/www.linkedin.com\\\/company\\\/boart-longyear\",\"https:\\\/\\\/www.youtube.com\\\/user\\\/BoartLongyear1\"]}]}<\/script>\n<!-- \/ Yoast SEO plugin. -->","yoast_head_json":{"title":"Umverteilung - Boart Longyear","robots":{"index":"index","follow":"follow","max-snippet":"max-snippet:-1","max-image-preview":"max-image-preview:large","max-video-preview":"max-video-preview:-1"},"canonical":"https:\/\/www.boartlongyear.com\/de\/company\/investors__trashed\/redomiciliation\/","og_locale":"de_DE","og_type":"article","og_title":"Re-domiciliation - Boart Longyear","og_url":"https:\/\/www.boartlongyear.com\/de\/company\/investors__trashed\/redomiciliation\/","og_site_name":"Boart Longyear","article_publisher":"https:\/\/www.facebook.com\/boartlongyearcareers","article_modified_time":"2018-12-03T23:05:34+00:00","twitter_misc":{"Gesch\u00e4tzte Lesezeit":"3 Minuten"},"schema":{"@context":"https:\/\/schema.org","@graph":[{"@type":"WebPage","@id":"https:\/\/www.boartlongyear.com\/company\/investors__trashed\/redomiciliation\/","url":"https:\/\/www.boartlongyear.com\/company\/investors__trashed\/redomiciliation\/","name":"Umverteilung - Boart Longyear","isPartOf":{"@id":"https:\/\/www.boartlongyear.com\/#website"},"datePublished":"2018-11-05T22:50:13+00:00","dateModified":"2018-12-03T23:05:34+00:00","breadcrumb":{"@id":"https:\/\/www.boartlongyear.com\/company\/investors__trashed\/redomiciliation\/#breadcrumb"},"inLanguage":"de-DE","potentialAction":[{"@type":"ReadAction","target":["https:\/\/www.boartlongyear.com\/company\/investors__trashed\/redomiciliation\/"]}]},{"@type":"BreadcrumbList","@id":"https:\/\/www.boartlongyear.com\/company\/investors__trashed\/redomiciliation\/#breadcrumb","itemListElement":[{"@type":"ListItem","position":1,"name":"Home","item":"https:\/\/www.boartlongyear.com\/"},{"@type":"ListItem","position":2,"name":"Company","item":"https:\/\/www.boartlongyear.com\/company\/"},{"@type":"ListItem","position":3,"name":"Re-domiciliation"}]},{"@type":"WebSite","@id":"https:\/\/www.boartlongyear.com\/#website","url":"https:\/\/www.boartlongyear.com\/","name":"Boart Longyear","description":"","publisher":{"@id":"https:\/\/www.boartlongyear.com\/#organization"},"potentialAction":[{"@type":"SearchAction","target":{"@type":"EntryPoint","urlTemplate":"https:\/\/www.boartlongyear.com\/?s={search_term_string}"},"query-input":{"@type":"PropertyValueSpecification","valueRequired":true,"valueName":"search_term_string"}}],"inLanguage":"de-DE"},{"@type":"Organization","@id":"https:\/\/www.boartlongyear.com\/#organization","name":"Boart Longyear","url":"https:\/\/www.boartlongyear.com\/","logo":{"@type":"ImageObject","inLanguage":"de-DE","@id":"https:\/\/www.boartlongyear.com\/#\/schema\/logo\/image\/","url":"https:\/\/www.boartlongyear.com\/wp-content\/uploads\/BLY-Double-Stack.png","contentUrl":"https:\/\/www.boartlongyear.com\/wp-content\/uploads\/BLY-Double-Stack.png","width":400,"height":100,"caption":"Boart Longyear"},"image":{"@id":"https:\/\/www.boartlongyear.com\/#\/schema\/logo\/image\/"},"sameAs":["https:\/\/www.facebook.com\/boartlongyearcareers","https:\/\/x.com\/boartlongyear","https:\/\/www.instagram.com\/boartlongyear","https:\/\/www.linkedin.com\/company\/boart-longyear","https:\/\/www.youtube.com\/user\/BoartLongyear1"]}]}},"uagb_featured_image_src":{"full":false,"thumbnail":false,"medium":false,"medium_large":false,"large":false,"RoboGalleryMansoryImagesCenter":false,"RoboGalleryPreload":false,"1536x1536":false,"2048x2048":false,"trp-custom-language-flag":false,"alm-thumbnail":false,"tptn_thumbnail":false},"uagb_author_info":{"display_name":"Marketing","author_link":"https:\/\/www.boartlongyear.com\/de\/insite\/author\/jamesburris\/"},"uagb_comment_info":0,"uagb_excerpt":null,"_links":{"self":[{"href":"https:\/\/www.boartlongyear.com\/de\/wp-json\/wp\/v2\/pages\/25221","targetHints":{"allow":["GET"]}}],"collection":[{"href":"https:\/\/www.boartlongyear.com\/de\/wp-json\/wp\/v2\/pages"}],"about":[{"href":"https:\/\/www.boartlongyear.com\/de\/wp-json\/wp\/v2\/types\/page"}],"author":[{"embeddable":true,"href":"https:\/\/www.boartlongyear.com\/de\/wp-json\/wp\/v2\/users\/66"}],"replies":[{"embeddable":true,"href":"https:\/\/www.boartlongyear.com\/de\/wp-json\/wp\/v2\/comments?post=25221"}],"version-history":[{"count":0,"href":"https:\/\/www.boartlongyear.com\/de\/wp-json\/wp\/v2\/pages\/25221\/revisions"}],"up":[{"embeddable":true,"href":"https:\/\/www.boartlongyear.com\/de\/wp-json\/wp\/v2\/pages\/81"}],"wp:attachment":[{"href":"https:\/\/www.boartlongyear.com\/de\/wp-json\/wp\/v2\/media?parent=25221"}],"curies":[{"name":"wp","href":"https:\/\/api.w.org\/{rel}","templated":true}]}}