{"id":25784,"date":"2019-04-15T15:58:45","date_gmt":"2019-04-15T21:58:45","guid":{"rendered":"https:\/\/www.boartlongyear.com\/?page_id=25784"},"modified":"2019-04-17T16:07:21","modified_gmt":"2019-04-17T22:07:21","slug":"surfacecoring","status":"publish","type":"page","link":"https:\/\/www.boartlongyear.com\/de\/surfacecoring\/","title":{"rendered":"Oberfl\u00e4chenkorrektur"},"content":{"rendered":"<section class=\"tcvpb_section_tc\">\n\t\t\n\t\t<div class=\"tcvpb_section_content\"><div class=\"tcvpb_container\"><div class=\"tcvpb_column_tc_span12\"><span class=\"clear\" style=\"height:35px;display:block;\"><\/span><\/div><\/div><\/div>\n\t\t\n\t\t\n\t<\/section><section class=\"tcvpb_section_tc nobottompad arialoverride tcvpb-centered tcvpb-inversed_text\" style=\"background-color:rgb(82, 88, 97);\">\n\t\t\n\t\t<div class=\"tcvpb_section_content\"><div class=\"tcvpb_container\"><div class=\"tcvpb_column_tc_span12\"><h3  ><span>Oberfl\u00e4chenbohrbohrungen sind ein Spezialgebiet, das erstklassige Bohrger\u00e4te und Werkzeuge sowie sachkundige Auftragnehmerleistungen erfordert, um die Arbeit p\u00fcnktlich und im Rahmen des Budgets zu erledigen.<\/span><\/h3><\/div><\/div><\/div>\n\t\t\n\t\t\n\t<\/section><section class=\"tcvpb_section_tc nobottompad arialoverride tcvpb-centered tcvpb-inversed_text\" style=\"background-color:rgb(82, 88, 97);\">\n\t\t\n\t\t<div class=\"tcvpb_section_content\"><div class=\"tcvpb_container\"><div class=\"tcvpb_column_tc_span6\"><div  class=\"\" >\n<p class=\"p_tc\"><div class=\"flx-embed\"><div style=\"position:relative; height:0; padding-bottom:56.25%; width:100%\"><iframe style=\"position:absolute; top:0; left:0; width:100%; height:100%;\" src=\"https:\/\/media.flixel.com\/cinemagraph\/9sjylkrviky1vhf1rrpi?hd=false\" frameborder=\"0\" allowfullscreen><\/iframe><\/div><\/div><\/p>\n<\/div><span class=\"clear\" style=\"height:15px;display:block;\"><\/span><h2  ><span><span style=\"color: #ffffff;\"><a style=\"color: #ffffff;\" href=\"\/de\/drillingservice\/surface-coring\/\">Oberfl\u00e4chenbohrdienstleistungen<\/a><\/span><\/span><\/h2><a  href=\"\/de\/drillingservice\/surface-coring\/\" target=\"_blank\" class=\"tcvpb-button tcvpb-button_normal tcvpb-button_medium\" style=\"color: #ffffff;background:rgb(227, 114, 34);\">BOHRDIENSTDETAILS<\/a><span class=\"clear\" style=\"height:15px;display:block;\"><\/span><div  class=\"\" >\n<p class=\"p_tc\" style=\"text-align: left;\"><span style=\"color: #ffffff;\">Sie brauchen einen hochwertigen Kern. Mit unserem globalen Team von Oberfl\u00e4chenbohrexperten und einer gro\u00dfen Flotte von Oberfl\u00e4chenbohrvorrichtungen und -ger\u00e4ten erf\u00fcllen wir auch die h\u00f6chsten Projektanforderungen. Unser Team von Fachleuten arbeitet unerm\u00fcdlich daran, Ihre Projektziele sowie die Boden- und Standortbedingungen zu verstehen. Wir verwenden diese Informationen, um die beste L\u00f6sung f\u00fcr Ihr Projekt zu empfehlen, um die Projektanforderungen zu erf\u00fcllen und Ihre Erwartungen zu \u00fcbertreffen.<\/span><\/p>\n<\/div><\/div><div class=\"tcvpb_column_tc_span6\"><div  class=\"\" >\n<p class=\"p_tc\"><div class=\"flx-embed\"><div style=\"position:relative; height:0; padding-bottom:56.25%; width:100%\"><iframe style=\"position:absolute; top:0; left:0; width:100%; height:100%;\" src=\"https:\/\/media.flixel.com\/cinemagraph\/ghrs7tidzvhiyzt7hqo3?hd=false\" frameborder=\"0\" allowfullscreen><\/iframe><\/div><\/div><\/p>\n<\/div><span class=\"clear\" style=\"height:15px;display:block;\"><\/span><h2  ><span><span style=\"color: #ffffff;\"><a style=\"color: #ffffff;\" href=\"\/de\/products\/exploration-surface\/\">Oberfl\u00e4chenbohrprodukte<\/a><\/span><\/span><\/h2><a  href=\"\/de\/products\/exploration-surface\/\" target=\"_blank\" class=\"tcvpb-button tcvpb-button_normal tcvpb-button_medium\" style=\"color: #ffffff;background:rgb(227, 114, 34);\">ERFAHREN SIE OBERFL\u00c4CHENKORINGPRODUKTE<\/a><span class=\"clear\" style=\"height:15px;display:block;\"><\/span><div  class=\"\" >\n<p class=\"p_tc\" style=\"text-align: left;\"><span style=\"color: #ffffff;\">Sie ben\u00f6tigen Diamantkernbohrl\u00f6sungen f\u00fcr flache und tiefe Bohrungen, kleine und gro\u00dfe Durchmesser, einschlie\u00dflich Drahtseil- und konventioneller Bohrungen. Bestehen Sie f\u00fcr Ihr n\u00e4chstes Oberfl\u00e4chenbohrprojekt auf den besten Bohrger\u00e4ten und Werkzeugen f\u00fcr die besten Ergebnisse.<\/span><\/p>\n<p class=\"p_tc\" style=\"text-align: left;\"><span style=\"color: #ffffff;\">Die Boart Longyear Oberfl\u00e4chenbohrger\u00e4te umfassen Top-Antriebs-, Spannfutter- und Mehrzweckger\u00e4te f\u00fcr Ihr Projekt sowie eine gro\u00dfe Auswahl hochwertiger Drahtseil-, Diamantwerkzeuge, Kernst\u00e4be und Geh\u00e4use.<\/span><\/p>\n<\/div><\/div><\/div><\/div>\n\t\t\n\t\t\n\t<\/section><section class=\"tcvpb_section_tc nobottompad arialoverride tcvpb-centered tcvpb-inversed_text\" style=\"background-color:rgb(82, 88, 97);\">\n\t\t\n\t\t<div class=\"tcvpb_section_content\"><div class=\"tcvpb_container\"><div class=\"tcvpb_column_tc_span6\"><\/div><div class=\"tcvpb_column_tc_span6\"><\/div><\/div><\/div>\n\t\t\n\t\t\n\t<\/section><section class=\"tcvpb_section_tc\">\n\t\t\n\t\t<div class=\"tcvpb_section_content\"><div class=\"tcvpb_container\"><div class=\"tcvpb_column_tc_span12\"><\/div><\/div><\/div>\n\t\t\n\t\t\n\t<\/section>","protected":false},"excerpt":{"rendered":"","protected":false},"author":66,"featured_media":0,"parent":0,"menu_order":0,"comment_status":"closed","ping_status":"closed","template":"front-page.php","meta":{"_uag_custom_page_level_css":"","_monsterinsights_skip_tracking":false,"_monsterinsights_sitenote_active":false,"_monsterinsights_sitenote_note":"","_monsterinsights_sitenote_category":0,"footnotes":""},"class_list":["post-25784","page","type-page","status-publish","hentry"],"acf":[],"yoast_head":"<!-- This site is optimized with the Yoast SEO plugin v27.4 - https:\/\/yoast.com\/product\/yoast-seo-wordpress\/ -->\n<title>Products and Drilling Services for Surface Coring Projects<\/title>\n<meta name=\"description\" content=\"Surface coring drilling requires top-of-the-line rigs and tooling and knowledgable contractor services to get the job done on time and on budget.\" \/>\n<meta name=\"robots\" content=\"index, follow, max-snippet:-1, max-image-preview:large, max-video-preview:-1\" \/>\n<link rel=\"canonical\" href=\"https:\/\/www.boartlongyear.com\/de\/company\/\" \/>\n<meta property=\"og:locale\" content=\"de_DE\" \/>\n<meta property=\"og:type\" content=\"article\" \/>\n<meta property=\"og:title\" content=\"Products and Drilling Services for Surface Coring Projects\" \/>\n<meta property=\"og:description\" content=\"Surface coring drilling requires top-of-the-line rigs and tooling and knowledgable contractor services to get the job done on time and on budget.\" \/>\n<meta property=\"og:url\" content=\"https:\/\/www.boartlongyear.com\/de\/company\/\" \/>\n<meta property=\"og:site_name\" content=\"Boart Longyear\" \/>\n<meta property=\"article:publisher\" content=\"https:\/\/www.facebook.com\/boartlongyearcareers\" \/>\n<meta property=\"article:modified_time\" content=\"2019-04-17T22:07:21+00:00\" \/>\n<meta name=\"twitter:label1\" content=\"Gesch\u00e4tzte Lesezeit\" \/>\n\t<meta name=\"twitter:data1\" content=\"2 Minuten\" \/>\n<script type=\"application\/ld+json\" class=\"yoast-schema-graph\">{\"@context\":\"https:\\\/\\\/schema.org\",\"@graph\":[{\"@type\":\"WebPage\",\"@id\":\"https:\\\/\\\/www.boartlongyear.com\\\/fr\\\/surfacecoring\\\/\",\"url\":\"https:\\\/\\\/www.boartlongyear.com\\\/company\\\/\",\"name\":\"Products and Drilling Services for Surface Coring Projects\",\"isPartOf\":{\"@id\":\"https:\\\/\\\/www.boartlongyear.com\\\/#website\"},\"datePublished\":\"2019-04-15T21:58:45+00:00\",\"dateModified\":\"2019-04-17T22:07:21+00:00\",\"description\":\"Surface coring drilling requires top-of-the-line rigs and tooling and knowledgable contractor services to get the job done on time and on budget.\",\"breadcrumb\":{\"@id\":\"https:\\\/\\\/www.boartlongyear.com\\\/company\\\/#breadcrumb\"},\"inLanguage\":\"de-DE\",\"potentialAction\":[{\"@type\":\"ReadAction\",\"target\":[\"https:\\\/\\\/www.boartlongyear.com\\\/company\\\/\"]}]},{\"@type\":\"BreadcrumbList\",\"@id\":\"https:\\\/\\\/www.boartlongyear.com\\\/company\\\/#breadcrumb\",\"itemListElement\":[{\"@type\":\"ListItem\",\"position\":1,\"name\":\"Home\",\"item\":\"https:\\\/\\\/www.boartlongyear.com\\\/\"},{\"@type\":\"ListItem\",\"position\":2,\"name\":\"Surface Coring\"}]},{\"@type\":\"WebSite\",\"@id\":\"https:\\\/\\\/www.boartlongyear.com\\\/#website\",\"url\":\"https:\\\/\\\/www.boartlongyear.com\\\/\",\"name\":\"Boart Longyear\",\"description\":\"\",\"publisher\":{\"@id\":\"https:\\\/\\\/www.boartlongyear.com\\\/#organization\"},\"potentialAction\":[{\"@type\":\"SearchAction\",\"target\":{\"@type\":\"EntryPoint\",\"urlTemplate\":\"https:\\\/\\\/www.boartlongyear.com\\\/?s={search_term_string}\"},\"query-input\":{\"@type\":\"PropertyValueSpecification\",\"valueRequired\":true,\"valueName\":\"search_term_string\"}}],\"inLanguage\":\"de-DE\"},{\"@type\":\"Organization\",\"@id\":\"https:\\\/\\\/www.boartlongyear.com\\\/#organization\",\"name\":\"Boart Longyear\",\"url\":\"https:\\\/\\\/www.boartlongyear.com\\\/\",\"logo\":{\"@type\":\"ImageObject\",\"inLanguage\":\"de-DE\",\"@id\":\"https:\\\/\\\/www.boartlongyear.com\\\/#\\\/schema\\\/logo\\\/image\\\/\",\"url\":\"https:\\\/\\\/www.boartlongyear.com\\\/wp-content\\\/uploads\\\/BLY-Double-Stack.png\",\"contentUrl\":\"https:\\\/\\\/www.boartlongyear.com\\\/wp-content\\\/uploads\\\/BLY-Double-Stack.png\",\"width\":400,\"height\":100,\"caption\":\"Boart Longyear\"},\"image\":{\"@id\":\"https:\\\/\\\/www.boartlongyear.com\\\/#\\\/schema\\\/logo\\\/image\\\/\"},\"sameAs\":[\"https:\\\/\\\/www.facebook.com\\\/boartlongyearcareers\",\"https:\\\/\\\/x.com\\\/boartlongyear\",\"https:\\\/\\\/www.instagram.com\\\/boartlongyear\",\"https:\\\/\\\/www.linkedin.com\\\/company\\\/boart-longyear\",\"https:\\\/\\\/www.youtube.com\\\/user\\\/BoartLongyear1\"]}]}<\/script>\n<!-- \/ Yoast SEO plugin. -->","yoast_head_json":{"title":"Produkte und Bohrdienstleistungen f\u00fcr Oberfl\u00e4chenbohrprojekte","description":"Oberfl\u00e4chenbohrungen erfordern Bohrungen und Werkzeuge der Spitzenklasse sowie sachkundige Auftragnehmerleistungen, um die Arbeit p\u00fcnktlich und im Rahmen des Budgets zu erledigen.","robots":{"index":"index","follow":"follow","max-snippet":"max-snippet:-1","max-image-preview":"max-image-preview:large","max-video-preview":"max-video-preview:-1"},"canonical":"https:\/\/www.boartlongyear.com\/de\/company\/","og_locale":"de_DE","og_type":"article","og_title":"Products and Drilling Services for Surface Coring Projects","og_description":"Surface coring drilling requires top-of-the-line rigs and tooling and knowledgable contractor services to get the job done on time and on budget.","og_url":"https:\/\/www.boartlongyear.com\/de\/company\/","og_site_name":"Boart Longyear","article_publisher":"https:\/\/www.facebook.com\/boartlongyearcareers","article_modified_time":"2019-04-17T22:07:21+00:00","twitter_misc":{"Gesch\u00e4tzte Lesezeit":"2 Minuten"},"schema":{"@context":"https:\/\/schema.org","@graph":[{"@type":"WebPage","@id":"https:\/\/www.boartlongyear.com\/fr\/surfacecoring\/","url":"https:\/\/www.boartlongyear.com\/company\/","name":"Produkte und Bohrdienstleistungen f\u00fcr Oberfl\u00e4chenbohrprojekte","isPartOf":{"@id":"https:\/\/www.boartlongyear.com\/#website"},"datePublished":"2019-04-15T21:58:45+00:00","dateModified":"2019-04-17T22:07:21+00:00","description":"Oberfl\u00e4chenbohrungen erfordern Bohrungen und Werkzeuge der Spitzenklasse sowie sachkundige Auftragnehmerleistungen, um die Arbeit p\u00fcnktlich und im Rahmen des Budgets zu erledigen.","breadcrumb":{"@id":"https:\/\/www.boartlongyear.com\/company\/#breadcrumb"},"inLanguage":"de-DE","potentialAction":[{"@type":"ReadAction","target":["https:\/\/www.boartlongyear.com\/company\/"]}]},{"@type":"BreadcrumbList","@id":"https:\/\/www.boartlongyear.com\/company\/#breadcrumb","itemListElement":[{"@type":"ListItem","position":1,"name":"Home","item":"https:\/\/www.boartlongyear.com\/"},{"@type":"ListItem","position":2,"name":"Surface Coring"}]},{"@type":"WebSite","@id":"https:\/\/www.boartlongyear.com\/#website","url":"https:\/\/www.boartlongyear.com\/","name":"Boart Longyear","description":"","publisher":{"@id":"https:\/\/www.boartlongyear.com\/#organization"},"potentialAction":[{"@type":"SearchAction","target":{"@type":"EntryPoint","urlTemplate":"https:\/\/www.boartlongyear.com\/?s={search_term_string}"},"query-input":{"@type":"PropertyValueSpecification","valueRequired":true,"valueName":"search_term_string"}}],"inLanguage":"de-DE"},{"@type":"Organization","@id":"https:\/\/www.boartlongyear.com\/#organization","name":"Boart Longyear","url":"https:\/\/www.boartlongyear.com\/","logo":{"@type":"ImageObject","inLanguage":"de-DE","@id":"https:\/\/www.boartlongyear.com\/#\/schema\/logo\/image\/","url":"https:\/\/www.boartlongyear.com\/wp-content\/uploads\/BLY-Double-Stack.png","contentUrl":"https:\/\/www.boartlongyear.com\/wp-content\/uploads\/BLY-Double-Stack.png","width":400,"height":100,"caption":"Boart Longyear"},"image":{"@id":"https:\/\/www.boartlongyear.com\/#\/schema\/logo\/image\/"},"sameAs":["https:\/\/www.facebook.com\/boartlongyearcareers","https:\/\/x.com\/boartlongyear","https:\/\/www.instagram.com\/boartlongyear","https:\/\/www.linkedin.com\/company\/boart-longyear","https:\/\/www.youtube.com\/user\/BoartLongyear1"]}]}},"uagb_featured_image_src":{"full":false,"thumbnail":false,"medium":false,"medium_large":false,"large":false,"RoboGalleryMansoryImagesCenter":false,"RoboGalleryPreload":false,"1536x1536":false,"2048x2048":false,"trp-custom-language-flag":false,"alm-thumbnail":false,"tptn_thumbnail":false},"uagb_author_info":{"display_name":"Marketing","author_link":"https:\/\/www.boartlongyear.com\/de\/insite\/author\/jamesburris\/"},"uagb_comment_info":0,"uagb_excerpt":null,"_links":{"self":[{"href":"https:\/\/www.boartlongyear.com\/de\/wp-json\/wp\/v2\/pages\/25784","targetHints":{"allow":["GET"]}}],"collection":[{"href":"https:\/\/www.boartlongyear.com\/de\/wp-json\/wp\/v2\/pages"}],"about":[{"href":"https:\/\/www.boartlongyear.com\/de\/wp-json\/wp\/v2\/types\/page"}],"author":[{"embeddable":true,"href":"https:\/\/www.boartlongyear.com\/de\/wp-json\/wp\/v2\/users\/66"}],"replies":[{"embeddable":true,"href":"https:\/\/www.boartlongyear.com\/de\/wp-json\/wp\/v2\/comments?post=25784"}],"version-history":[{"count":0,"href":"https:\/\/www.boartlongyear.com\/de\/wp-json\/wp\/v2\/pages\/25784\/revisions"}],"wp:attachment":[{"href":"https:\/\/www.boartlongyear.com\/de\/wp-json\/wp\/v2\/media?parent=25784"}],"curies":[{"name":"wp","href":"https:\/\/api.w.org\/{rel}","templated":true}]}}