{"id":26256,"date":"2019-04-16T15:29:12","date_gmt":"2019-04-16T21:29:12","guid":{"rendered":"https:\/\/www.boartlongyear.com\/?page_id=26256"},"modified":"2019-04-17T15:56:56","modified_gmt":"2019-04-17T21:56:56","slug":"undergroundcoring","status":"publish","type":"page","link":"https:\/\/www.boartlongyear.com\/de\/undergroundcoring\/","title":{"rendered":"Untertagebohren"},"content":{"rendered":"<section class=\"tcvpb_section_tc\">\n\t\t\n\t\t<div class=\"tcvpb_section_content\"><div class=\"tcvpb_container\"><div class=\"tcvpb_column_tc_span12\"><span class=\"clear\" style=\"height:35px;display:block;\"><\/span><\/div><\/div><\/div>\n\t\t\n\t\t\n\t<\/section><section class=\"tcvpb_section_tc nobottompad arialoverride tcvpb-centered tcvpb-inversed_text\" style=\"background-color:rgb(82, 88, 97);\">\n\t\t\n\t\t<div class=\"tcvpb_section_content\"><div class=\"tcvpb_container\"><div class=\"tcvpb_column_tc_span12\"><h3  ><span>Unterirdisches Kernbohren ist ein Spezialgebiet, das erstklassige Bohrger\u00e4te und Werkzeuge sowie sachkundige Auftragnehmerleistungen erfordert, um die Arbeit p\u00fcnktlich und im Rahmen des Budgets zu erledigen.<\/span><\/h3><\/div><\/div><\/div>\n\t\t\n\t\t\n\t<\/section><section class=\"tcvpb_section_tc nobottompad arialoverride tcvpb-centered tcvpb-inversed_text\" style=\"padding-right:5px;padding-left:5px;background-color:rgb(82, 88, 97);\">\n\t\t\n\t\t<div class=\"tcvpb_section_content\"><div class=\"tcvpb_container\"><div class=\"tcvpb_column_tc_span6\"><div  class=\"tcvpb-image\" ><a href=\"\/de\/drillingservice\/underground-coring\/\" target=\"_self\"><img decoding=\"async\" src=\"https:\/\/www.boartlongyear.com\/wp-content\/uploads\/mdr700-underground-coring.jpg\"><\/a><\/div><span class=\"clear\" style=\"height:15px;display:block;\"><\/span><h2  ><span><span style=\"color: #ffffff;\"><a style=\"color: #ffffff;\" href=\"\/de\/drillingservice\/underground-coring\/\">BOHRDIENSTLEISTUNGEN<\/a><\/span><\/span><\/h2><a  href=\"\/de\/drillingservice\/underground-coring\/\" target=\"_self\" class=\"tcvpb-button tcvpb-button_normal tcvpb-button_medium\" style=\"color: #ffffff;background:rgb(227, 114, 34);\">BOHRDIENSTDETAILS<\/a><span class=\"clear\" style=\"height:15px;display:block;\"><\/span><div  class=\"\" >\n<p class=\"p_tc\" style=\"text-align: left;\"><span style=\"color: #ffffff;\">F\u00fcr detaillierte geologische Daten aus dem Qualit\u00e4tskern ben\u00f6tigen Sie sichere, problemlose Messger\u00e4te von einem vorschriftsm\u00e4\u00dfigen Bohrunternehmen, das \u00fcber das richtige technische Know-how und \u00fcber konforme und zuverl\u00e4ssige Bohrger\u00e4te und Ausr\u00fcstung verf\u00fcgt.<\/span><\/p>\n<p class=\"p_tc\" style=\"text-align: left;\"><span style=\"color: #ffffff;\">Boart Longyear bietet verschiedene Bohrl\u00f6cher f\u00fcr Untertagebohrungen an, die perfekt auf jedes Projekt zugeschnitten sind - sichere und produktive Messger\u00e4te.<\/span><\/p>\n<p class=\"p_tc\" style=\"text-align: left;\"><span style=\"color: #ffffff;\">\u2022 Diverse Flotte von Rigs<\/span><br><span style=\"color: #ffffff;\">\u2022 Deep Coring (+1,800 M)<\/span><br><span style=\"color: #ffffff;\">\u2022 Richtungsbohren<\/span><br><span style=\"color: #ffffff;\">\u2022 Specialty Services<\/span><br><span style=\"color: #ffffff;\">\u2022 Rod Handling<\/span><br><span style=\"color: #ffffff;\">\u2022 TruScan \u2122 - innovative Core-Scanning-Technologie<\/span><\/p>\n<\/div><\/div><div class=\"tcvpb_column_tc_span6\"><div  class=\"tcvpb-image\" ><a href=\"\/de\/products\/exploration-underground\/\" target=\"_self\"><img decoding=\"async\" src=\"https:\/\/www.boartlongyear.com\/wp-content\/uploads\/quick-pump-in-overshot-2016-1800-horizontal.jpg\"><\/a><\/div><span class=\"clear\" style=\"height:15px;display:block;\"><\/span><h2  ><span><span style=\"color: #ffffff;\"><a style=\"color: #ffffff;\" href=\"\/de\/products\/exploration-underground\/\">UNTERGRUNDS\u00c4SSIGE PRODUKTE<\/a><\/span><\/span><\/h2><a  href=\"\/de\/products\/exploration-underground\/\" target=\"_self\" class=\"tcvpb-button tcvpb-button_normal tcvpb-button_medium\" style=\"color: #ffffff;background:rgb(227, 114, 34);\">ENTDECKEN SIE UNTERGRUNDPRODUKTE<\/a><span class=\"clear\" style=\"height:15px;display:block;\"><\/span><div  class=\"\" >\n<p class=\"p_tc\" style=\"text-align: left;\"><span style=\"color: #ffffff;\">Sie ben\u00f6tigen Diamantbohrl\u00f6cher f\u00fcr unterirdische Bohrungen sowohl f\u00fcr flache als auch f\u00fcr tiefe Bohrungen sowie f\u00fcr Bohrkerne mit kleinem und gro\u00dfem Durchmesser, einschlie\u00dflich drahtgebundener und herk\u00f6mmlicher Bohrungen. Bestehen Sie f\u00fcr Ihr n\u00e4chstes unterirdisches Kernbohrprojekt auf den besten Bohrger\u00e4ten und Werkzeugen f\u00fcr die besten Ergebnisse.<\/span><\/p>\n<p class=\"p_tc\" style=\"text-align: left;\"><span style=\"color: #ffffff;\">Boart Longyear bietet eine innovative Palette von unterirdischen Diamantbohrger\u00e4ten f\u00fcr die Erschlie\u00dfung und Erkundung von Mineralien. Unser LM \u2122 Modulares Diamant-Bohrsystem bietet zuverl\u00e4ssiges Hochleistungs-Tiefbohren mit wirtschaftlichen Wartungskosten und wird weltweit bei unterschiedlichen klimatischen Bedingungen eingesetzt.<\/span><\/p>\n<\/div><\/div><\/div><\/div>\n\t\t\n\t\t\n\t<\/section><section class=\"tcvpb_section_tc nobottompad arialoverride tcvpb-centered tcvpb-inversed_text\" style=\"background-color:rgb(82, 88, 97);\">\n\t\t\n\t\t<div class=\"tcvpb_section_content\"><div class=\"tcvpb_container\"><div class=\"tcvpb_column_tc_span6\"><\/div><div class=\"tcvpb_column_tc_span6\"><\/div><\/div><\/div>\n\t\t\n\t\t\n\t<\/section><section class=\"tcvpb_section_tc\">\n\t\t\n\t\t<div class=\"tcvpb_section_content\"><div class=\"tcvpb_container\"><div class=\"tcvpb_column_tc_span12\"><\/div><\/div><\/div>\n\t\t\n\t\t\n\t<\/section>","protected":false},"excerpt":{"rendered":"","protected":false},"author":66,"featured_media":0,"parent":0,"menu_order":0,"comment_status":"closed","ping_status":"closed","template":"front-page.php","meta":{"_uag_custom_page_level_css":"","_monsterinsights_skip_tracking":false,"_monsterinsights_sitenote_active":false,"_monsterinsights_sitenote_note":"","_monsterinsights_sitenote_category":0,"footnotes":""},"class_list":["post-26256","page","type-page","status-publish","hentry"],"acf":[],"yoast_head":"<!-- This site is optimized with the Yoast SEO plugin v27.4 - https:\/\/yoast.com\/product\/yoast-seo-wordpress\/ -->\n<title>Products and Drilling Services for Underground Coring Projects<\/title>\n<meta name=\"description\" content=\"Underground coring drilling requires top-of-the-line rigs and tooling and knowledgable contractor services to get the job done on time and on budget.\" \/>\n<meta name=\"robots\" content=\"index, follow, max-snippet:-1, max-image-preview:large, max-video-preview:-1\" \/>\n<link rel=\"canonical\" href=\"https:\/\/www.boartlongyear.com\/de\/company\/\" \/>\n<meta property=\"og:locale\" content=\"de_DE\" \/>\n<meta property=\"og:type\" content=\"article\" \/>\n<meta property=\"og:title\" content=\"Products and Drilling Services for Underground Coring Projects\" \/>\n<meta property=\"og:description\" content=\"Underground coring drilling requires top-of-the-line rigs and tooling and knowledgable contractor services to get the job done on time and on budget.\" \/>\n<meta property=\"og:url\" content=\"https:\/\/www.boartlongyear.com\/de\/company\/\" \/>\n<meta property=\"og:site_name\" content=\"Boart Longyear\" \/>\n<meta property=\"article:publisher\" content=\"https:\/\/www.facebook.com\/boartlongyearcareers\" \/>\n<meta property=\"article:modified_time\" content=\"2019-04-17T21:56:56+00:00\" \/>\n<meta name=\"twitter:label1\" content=\"Gesch\u00e4tzte Lesezeit\" \/>\n\t<meta name=\"twitter:data1\" content=\"3 Minuten\" \/>\n<script type=\"application\/ld+json\" class=\"yoast-schema-graph\">{\"@context\":\"https:\\\/\\\/schema.org\",\"@graph\":[{\"@type\":\"WebPage\",\"@id\":\"https:\\\/\\\/www.boartlongyear.com\\\/es\\\/undergroundcoring\\\/\",\"url\":\"https:\\\/\\\/www.boartlongyear.com\\\/company\\\/\",\"name\":\"Products and Drilling Services for Underground Coring Projects\",\"isPartOf\":{\"@id\":\"https:\\\/\\\/www.boartlongyear.com\\\/#website\"},\"datePublished\":\"2019-04-16T21:29:12+00:00\",\"dateModified\":\"2019-04-17T21:56:56+00:00\",\"description\":\"Underground coring drilling requires top-of-the-line rigs and tooling and knowledgable contractor services to get the job done on time and on budget.\",\"breadcrumb\":{\"@id\":\"https:\\\/\\\/www.boartlongyear.com\\\/company\\\/#breadcrumb\"},\"inLanguage\":\"de-DE\",\"potentialAction\":[{\"@type\":\"ReadAction\",\"target\":[\"https:\\\/\\\/www.boartlongyear.com\\\/company\\\/\"]}]},{\"@type\":\"BreadcrumbList\",\"@id\":\"https:\\\/\\\/www.boartlongyear.com\\\/company\\\/#breadcrumb\",\"itemListElement\":[{\"@type\":\"ListItem\",\"position\":1,\"name\":\"Home\",\"item\":\"https:\\\/\\\/www.boartlongyear.com\\\/\"},{\"@type\":\"ListItem\",\"position\":2,\"name\":\"Underground Coring\"}]},{\"@type\":\"WebSite\",\"@id\":\"https:\\\/\\\/www.boartlongyear.com\\\/#website\",\"url\":\"https:\\\/\\\/www.boartlongyear.com\\\/\",\"name\":\"Boart Longyear\",\"description\":\"\",\"publisher\":{\"@id\":\"https:\\\/\\\/www.boartlongyear.com\\\/#organization\"},\"potentialAction\":[{\"@type\":\"SearchAction\",\"target\":{\"@type\":\"EntryPoint\",\"urlTemplate\":\"https:\\\/\\\/www.boartlongyear.com\\\/?s={search_term_string}\"},\"query-input\":{\"@type\":\"PropertyValueSpecification\",\"valueRequired\":true,\"valueName\":\"search_term_string\"}}],\"inLanguage\":\"de-DE\"},{\"@type\":\"Organization\",\"@id\":\"https:\\\/\\\/www.boartlongyear.com\\\/#organization\",\"name\":\"Boart Longyear\",\"url\":\"https:\\\/\\\/www.boartlongyear.com\\\/\",\"logo\":{\"@type\":\"ImageObject\",\"inLanguage\":\"de-DE\",\"@id\":\"https:\\\/\\\/www.boartlongyear.com\\\/#\\\/schema\\\/logo\\\/image\\\/\",\"url\":\"https:\\\/\\\/www.boartlongyear.com\\\/wp-content\\\/uploads\\\/BLY-Double-Stack.png\",\"contentUrl\":\"https:\\\/\\\/www.boartlongyear.com\\\/wp-content\\\/uploads\\\/BLY-Double-Stack.png\",\"width\":400,\"height\":100,\"caption\":\"Boart Longyear\"},\"image\":{\"@id\":\"https:\\\/\\\/www.boartlongyear.com\\\/#\\\/schema\\\/logo\\\/image\\\/\"},\"sameAs\":[\"https:\\\/\\\/www.facebook.com\\\/boartlongyearcareers\",\"https:\\\/\\\/x.com\\\/boartlongyear\",\"https:\\\/\\\/www.instagram.com\\\/boartlongyear\",\"https:\\\/\\\/www.linkedin.com\\\/company\\\/boart-longyear\",\"https:\\\/\\\/www.youtube.com\\\/user\\\/BoartLongyear1\"]}]}<\/script>\n<!-- \/ Yoast SEO plugin. -->","yoast_head_json":{"title":"Produkte und Bohrdienstleistungen f\u00fcr Untertagebohrprojekte","description":"Unterirdisches Kernbohren erfordert erstklassige Bohrger\u00e4te und Werkzeuge sowie sachkundige Auftragnehmerleistungen, um die Arbeit p\u00fcnktlich und im Rahmen des Budgets zu erledigen.","robots":{"index":"index","follow":"follow","max-snippet":"max-snippet:-1","max-image-preview":"max-image-preview:large","max-video-preview":"max-video-preview:-1"},"canonical":"https:\/\/www.boartlongyear.com\/de\/company\/","og_locale":"de_DE","og_type":"article","og_title":"Products and Drilling Services for Underground Coring Projects","og_description":"Underground coring drilling requires top-of-the-line rigs and tooling and knowledgable contractor services to get the job done on time and on budget.","og_url":"https:\/\/www.boartlongyear.com\/de\/company\/","og_site_name":"Boart Longyear","article_publisher":"https:\/\/www.facebook.com\/boartlongyearcareers","article_modified_time":"2019-04-17T21:56:56+00:00","twitter_misc":{"Gesch\u00e4tzte Lesezeit":"3 Minuten"},"schema":{"@context":"https:\/\/schema.org","@graph":[{"@type":"WebPage","@id":"https:\/\/www.boartlongyear.com\/es\/undergroundcoring\/","url":"https:\/\/www.boartlongyear.com\/company\/","name":"Produkte und Bohrdienstleistungen f\u00fcr Untertagebohrprojekte","isPartOf":{"@id":"https:\/\/www.boartlongyear.com\/#website"},"datePublished":"2019-04-16T21:29:12+00:00","dateModified":"2019-04-17T21:56:56+00:00","description":"Unterirdisches Kernbohren erfordert erstklassige Bohrger\u00e4te und Werkzeuge sowie sachkundige Auftragnehmerleistungen, um die Arbeit p\u00fcnktlich und im Rahmen des Budgets zu erledigen.","breadcrumb":{"@id":"https:\/\/www.boartlongyear.com\/company\/#breadcrumb"},"inLanguage":"de-DE","potentialAction":[{"@type":"ReadAction","target":["https:\/\/www.boartlongyear.com\/company\/"]}]},{"@type":"BreadcrumbList","@id":"https:\/\/www.boartlongyear.com\/company\/#breadcrumb","itemListElement":[{"@type":"ListItem","position":1,"name":"Home","item":"https:\/\/www.boartlongyear.com\/"},{"@type":"ListItem","position":2,"name":"Underground Coring"}]},{"@type":"WebSite","@id":"https:\/\/www.boartlongyear.com\/#website","url":"https:\/\/www.boartlongyear.com\/","name":"Boart Longyear","description":"","publisher":{"@id":"https:\/\/www.boartlongyear.com\/#organization"},"potentialAction":[{"@type":"SearchAction","target":{"@type":"EntryPoint","urlTemplate":"https:\/\/www.boartlongyear.com\/?s={search_term_string}"},"query-input":{"@type":"PropertyValueSpecification","valueRequired":true,"valueName":"search_term_string"}}],"inLanguage":"de-DE"},{"@type":"Organization","@id":"https:\/\/www.boartlongyear.com\/#organization","name":"Boart Longyear","url":"https:\/\/www.boartlongyear.com\/","logo":{"@type":"ImageObject","inLanguage":"de-DE","@id":"https:\/\/www.boartlongyear.com\/#\/schema\/logo\/image\/","url":"https:\/\/www.boartlongyear.com\/wp-content\/uploads\/BLY-Double-Stack.png","contentUrl":"https:\/\/www.boartlongyear.com\/wp-content\/uploads\/BLY-Double-Stack.png","width":400,"height":100,"caption":"Boart Longyear"},"image":{"@id":"https:\/\/www.boartlongyear.com\/#\/schema\/logo\/image\/"},"sameAs":["https:\/\/www.facebook.com\/boartlongyearcareers","https:\/\/x.com\/boartlongyear","https:\/\/www.instagram.com\/boartlongyear","https:\/\/www.linkedin.com\/company\/boart-longyear","https:\/\/www.youtube.com\/user\/BoartLongyear1"]}]}},"uagb_featured_image_src":{"full":false,"thumbnail":false,"medium":false,"medium_large":false,"large":false,"RoboGalleryMansoryImagesCenter":false,"RoboGalleryPreload":false,"1536x1536":false,"2048x2048":false,"trp-custom-language-flag":false,"alm-thumbnail":false,"tptn_thumbnail":false},"uagb_author_info":{"display_name":"Marketing","author_link":"https:\/\/www.boartlongyear.com\/de\/insite\/author\/jamesburris\/"},"uagb_comment_info":0,"uagb_excerpt":null,"_links":{"self":[{"href":"https:\/\/www.boartlongyear.com\/de\/wp-json\/wp\/v2\/pages\/26256","targetHints":{"allow":["GET"]}}],"collection":[{"href":"https:\/\/www.boartlongyear.com\/de\/wp-json\/wp\/v2\/pages"}],"about":[{"href":"https:\/\/www.boartlongyear.com\/de\/wp-json\/wp\/v2\/types\/page"}],"author":[{"embeddable":true,"href":"https:\/\/www.boartlongyear.com\/de\/wp-json\/wp\/v2\/users\/66"}],"replies":[{"embeddable":true,"href":"https:\/\/www.boartlongyear.com\/de\/wp-json\/wp\/v2\/comments?post=26256"}],"version-history":[{"count":0,"href":"https:\/\/www.boartlongyear.com\/de\/wp-json\/wp\/v2\/pages\/26256\/revisions"}],"wp:attachment":[{"href":"https:\/\/www.boartlongyear.com\/de\/wp-json\/wp\/v2\/media?parent=26256"}],"curies":[{"name":"wp","href":"https:\/\/api.w.org\/{rel}","templated":true}]}}