{"id":26291,"date":"2019-04-17T09:38:32","date_gmt":"2019-04-17T15:38:32","guid":{"rendered":"https:\/\/www.boartlongyear.com\/?page_id=26291"},"modified":"2019-04-17T15:53:42","modified_gmt":"2019-04-17T21:53:42","slug":"sonicdrilling","status":"publish","type":"page","link":"https:\/\/www.boartlongyear.com\/de\/sonicdrilling\/","title":{"rendered":"Sonic Drilling"},"content":{"rendered":"<section class=\"tcvpb_section_tc\">\n\t\t\n\t\t<div class=\"tcvpb_section_content\"><div class=\"tcvpb_container\"><div class=\"tcvpb_column_tc_span12\"><span class=\"clear\" style=\"height:35px;display:block;\"><\/span><\/div><\/div><\/div>\n\t\t\n\t\t\n\t<\/section><section class=\"tcvpb_section_tc nobottompad arialoverride tcvpb-centered tcvpb-inversed_text\" style=\"background-color:rgb(82, 88, 97);\">\n\t\t\n\t\t<div class=\"tcvpb_section_content\"><div class=\"tcvpb_container\"><div class=\"tcvpb_column_tc_span12\"><h3  ><span>Sonic Drilling ist ein Spezialgebiet, das erstklassige Bohrger\u00e4te und Werkzeuge sowie sachkundige Auftragnehmer ben\u00f6tigt, um die Arbeit p\u00fcnktlich und im Rahmen des Budgets zu erledigen.<\/span><\/h3><\/div><\/div><\/div>\n\t\t\n\t\t\n\t<\/section><section class=\"tcvpb_section_tc nobottompad arialoverride tcvpb-centered tcvpb-inversed_text\" style=\"padding-right:5px;padding-left:5px;background-color:rgb(82, 88, 97);\">\n\t\t\n\t\t<div class=\"tcvpb_section_content\"><div class=\"tcvpb_container\"><div class=\"tcvpb_column_tc_span6\"><div  class=\"tcvpb-image\" ><a href=\"\/de\/drillingservice\/sonic-drilling\/\" target=\"_self\"><img decoding=\"async\" src=\"https:\/\/www.boartlongyear.com\/wp-content\/uploads\/sonic-sample-lpage.jpg\"><\/a><\/div><span class=\"clear\" style=\"height:15px;display:block;\"><\/span><h2  ><span><span style=\"color: #ffffff;\"><a style=\"color: #ffffff;\" href=\"\/de\/drillingservice\/sonic-drilling\/\">SONIC BOHRDIENSTE<\/a><\/span><\/span><\/h2><a  href=\"\/de\/drillingservice\/sonic-drilling\/\" target=\"_self\" class=\"tcvpb-button tcvpb-button_normal tcvpb-button_medium\" style=\"color: #ffffff;background:rgb(227, 114, 34);\">BOHRDIENSTDETAILS<\/a><span class=\"clear\" style=\"height:15px;display:block;\"><\/span><div  class=\"\" >\n<p class=\"p_tc\" style=\"text-align: left;\"><span style=\"color: #ffffff;\">F\u00fcr detaillierte geologische Daten von In-Situ-Kernproben ben\u00f6tigen Sie sichere, problemlose Messger\u00e4te von einem Sonic Drilling-Dienstleister mit der richtigen technischen Expertise, Sonic Drilling-Erfahrung und konformen und zuverl\u00e4ssigen Sonic Rigs.<\/span><\/p>\n<p class=\"p_tc\" style=\"text-align: left;\"><span style=\"color: #ffffff;\">Wenn Sie \u00fcberlegene Informationen ben\u00f6tigen, bietet Sonic Drilling eine kontinuierliche, relativ ungest\u00f6rte In-Situ-Kernprobe von beispielloser Qualit\u00e4t und Genauigkeit. W\u00e4hrend eines typischen Kernrohrvorschubs wird das Kernrohr mit Schallfrequenzen um 3,05 m (10 ft) vorger\u00fcckt. Nach dem Einsetzen des Kernrohrs wird das Geh\u00e4use akustisch \u00fcber das Kernrohr vorger\u00fcckt. Das Kernrohr wird abgerufen, wodurch eine relativ ungest\u00f6rte Probe entsteht.<\/span><\/p>\n<\/div><\/div><div class=\"tcvpb_column_tc_span6\"><div  class=\"tcvpb-image\" ><a href=\"\/de\/products\/nonmining-sonic\/\" target=\"_self\"><img decoding=\"async\" src=\"https:\/\/www.boartlongyear.com\/wp-content\/uploads\/sonic-bit-horizontal-2-1.jpg\"><\/a><\/div><span class=\"clear\" style=\"height:15px;display:block;\"><\/span><h2  ><span><span style=\"color: #ffffff;\"><a style=\"color: #ffffff;\" href=\"\/de\/products\/nonmining-sonic\/\">SONIC-BOHRERZEUGNISSE<\/a><\/span><\/span><\/h2><a  href=\"\/de\/products\/nonmining-sonic\/\" target=\"_self\" class=\"tcvpb-button tcvpb-button_normal tcvpb-button_medium\" style=\"color: #ffffff;background:rgb(227, 114, 34);\">ENTDECKEN SIE SCHALLBOHRERZEUGNISSE<\/a><span class=\"clear\" style=\"height:15px;display:block;\"><\/span><div  class=\"\" >\n<p class=\"p_tc\" style=\"text-align: left;\"><span style=\"color: #ffffff;\">Wenn Sie das beste und effizienteste Schallwerkzeug ben\u00f6tigen, sind Sie bei Boart Longyear \u2122 genau richtig. Hochwertige Pr\u00e4zisionsst\u00e4hle und spezielle W\u00e4rmebehandlungsverfahren sorgen f\u00fcr un\u00fcbertroffene Stabilit\u00e4t, Geradheit und Langlebigkeit der Schallbohrstrangbaugruppe. Strenge Fertigungsstandards und die ISO-Zertifizierung machen das Schallwerkzeug von Boart Longyear zur richtigen Wahl f\u00fcr jedes Schallbohrprojekt.<\/span><\/p>\n<\/div><\/div><\/div><\/div>\n\t\t\n\t\t\n\t<\/section><section class=\"tcvpb_section_tc nobottompad arialoverride tcvpb-centered tcvpb-inversed_text\" style=\"background-color:rgb(82, 88, 97);\">\n\t\t\n\t\t<div class=\"tcvpb_section_content\"><div class=\"tcvpb_container\"><div class=\"tcvpb_column_tc_span6\"><\/div><div class=\"tcvpb_column_tc_span6\"><\/div><\/div><\/div>\n\t\t\n\t\t\n\t<\/section><section class=\"tcvpb_section_tc\">\n\t\t\n\t\t<div class=\"tcvpb_section_content\"><div class=\"tcvpb_container\"><div class=\"tcvpb_column_tc_span12\"><\/div><\/div><\/div>\n\t\t\n\t\t\n\t<\/section>","protected":false},"excerpt":{"rendered":"","protected":false},"author":66,"featured_media":0,"parent":0,"menu_order":0,"comment_status":"closed","ping_status":"closed","template":"front-page.php","meta":{"_uag_custom_page_level_css":"","_monsterinsights_skip_tracking":false,"_monsterinsights_sitenote_active":false,"_monsterinsights_sitenote_note":"","_monsterinsights_sitenote_category":0,"footnotes":""},"class_list":["post-26291","page","type-page","status-publish","hentry"],"acf":[],"yoast_head":"<!-- This site is optimized with the Yoast SEO plugin v27.3 - https:\/\/yoast.com\/product\/yoast-seo-wordpress\/ -->\n<title>Products and Drilling Services for Sonic Drilling<\/title>\n<meta name=\"description\" content=\"Sonic drilling is a specialized field requiring top-of-the-line rigs and tooling and knowledgable contractor services to get the job done right.\" \/>\n<meta name=\"robots\" content=\"index, follow, max-snippet:-1, max-image-preview:large, max-video-preview:-1\" \/>\n<link rel=\"canonical\" href=\"https:\/\/www.boartlongyear.com\/de\/company\/\" \/>\n<meta property=\"og:locale\" content=\"de_DE\" \/>\n<meta property=\"og:type\" content=\"article\" \/>\n<meta property=\"og:title\" content=\"Products and Drilling Services for Sonic Drilling\" \/>\n<meta property=\"og:description\" content=\"Sonic drilling is a specialized field requiring top-of-the-line rigs and tooling and knowledgable contractor services to get the job done right.\" \/>\n<meta property=\"og:url\" content=\"https:\/\/www.boartlongyear.com\/de\/company\/\" \/>\n<meta property=\"og:site_name\" content=\"Boart Longyear\" \/>\n<meta property=\"article:publisher\" content=\"https:\/\/www.facebook.com\/boartlongyearcareers\" \/>\n<meta property=\"article:modified_time\" content=\"2019-04-17T21:53:42+00:00\" \/>\n<meta name=\"twitter:label1\" content=\"Gesch\u00e4tzte Lesezeit\" \/>\n\t<meta name=\"twitter:data1\" content=\"3 Minuten\" \/>\n<script type=\"application\/ld+json\" class=\"yoast-schema-graph\">{\"@context\":\"https:\\\/\\\/schema.org\",\"@graph\":[{\"@type\":\"WebPage\",\"@id\":\"https:\\\/\\\/www.boartlongyear.com\\\/sonicdrilling\\\/\",\"url\":\"https:\\\/\\\/www.boartlongyear.com\\\/company\\\/\",\"name\":\"Products and Drilling Services for Sonic Drilling\",\"isPartOf\":{\"@id\":\"https:\\\/\\\/www.boartlongyear.com\\\/#website\"},\"datePublished\":\"2019-04-17T15:38:32+00:00\",\"dateModified\":\"2019-04-17T21:53:42+00:00\",\"description\":\"Sonic drilling is a specialized field requiring top-of-the-line rigs and tooling and knowledgable contractor services to get the job done right.\",\"breadcrumb\":{\"@id\":\"https:\\\/\\\/www.boartlongyear.com\\\/company\\\/#breadcrumb\"},\"inLanguage\":\"de-DE\",\"potentialAction\":[{\"@type\":\"ReadAction\",\"target\":[\"https:\\\/\\\/www.boartlongyear.com\\\/company\\\/\"]}]},{\"@type\":\"BreadcrumbList\",\"@id\":\"https:\\\/\\\/www.boartlongyear.com\\\/company\\\/#breadcrumb\",\"itemListElement\":[{\"@type\":\"ListItem\",\"position\":1,\"name\":\"Home\",\"item\":\"https:\\\/\\\/www.boartlongyear.com\\\/\"},{\"@type\":\"ListItem\",\"position\":2,\"name\":\"Sonic Drilling\"}]},{\"@type\":\"WebSite\",\"@id\":\"https:\\\/\\\/www.boartlongyear.com\\\/#website\",\"url\":\"https:\\\/\\\/www.boartlongyear.com\\\/\",\"name\":\"Boart Longyear\",\"description\":\"\",\"publisher\":{\"@id\":\"https:\\\/\\\/www.boartlongyear.com\\\/#organization\"},\"potentialAction\":[{\"@type\":\"SearchAction\",\"target\":{\"@type\":\"EntryPoint\",\"urlTemplate\":\"https:\\\/\\\/www.boartlongyear.com\\\/?s={search_term_string}\"},\"query-input\":{\"@type\":\"PropertyValueSpecification\",\"valueRequired\":true,\"valueName\":\"search_term_string\"}}],\"inLanguage\":\"de-DE\"},{\"@type\":\"Organization\",\"@id\":\"https:\\\/\\\/www.boartlongyear.com\\\/#organization\",\"name\":\"Boart Longyear\",\"url\":\"https:\\\/\\\/www.boartlongyear.com\\\/\",\"logo\":{\"@type\":\"ImageObject\",\"inLanguage\":\"de-DE\",\"@id\":\"https:\\\/\\\/www.boartlongyear.com\\\/#\\\/schema\\\/logo\\\/image\\\/\",\"url\":\"https:\\\/\\\/www.boartlongyear.com\\\/wp-content\\\/uploads\\\/BLY-Double-Stack.png\",\"contentUrl\":\"https:\\\/\\\/www.boartlongyear.com\\\/wp-content\\\/uploads\\\/BLY-Double-Stack.png\",\"width\":400,\"height\":100,\"caption\":\"Boart Longyear\"},\"image\":{\"@id\":\"https:\\\/\\\/www.boartlongyear.com\\\/#\\\/schema\\\/logo\\\/image\\\/\"},\"sameAs\":[\"https:\\\/\\\/www.facebook.com\\\/boartlongyearcareers\",\"https:\\\/\\\/x.com\\\/boartlongyear\",\"https:\\\/\\\/www.instagram.com\\\/boartlongyear\",\"https:\\\/\\\/www.linkedin.com\\\/company\\\/boart-longyear\",\"https:\\\/\\\/www.youtube.com\\\/user\\\/BoartLongyear1\"]}]}<\/script>\n<!-- \/ Yoast SEO plugin. -->","yoast_head_json":{"title":"Produkte und Bohrdienstleistungen f\u00fcr das Sonic Drilling","description":"Sonic Drilling ist ein Spezialgebiet, das erstklassige Bohrger\u00e4te und Werkzeuge sowie sachkundige Auftragnehmer ben\u00f6tigt, um die Arbeit richtig zu erledigen.","robots":{"index":"index","follow":"follow","max-snippet":"max-snippet:-1","max-image-preview":"max-image-preview:large","max-video-preview":"max-video-preview:-1"},"canonical":"https:\/\/www.boartlongyear.com\/de\/company\/","og_locale":"de_DE","og_type":"article","og_title":"Products and Drilling Services for Sonic Drilling","og_description":"Sonic drilling is a specialized field requiring top-of-the-line rigs and tooling and knowledgable contractor services to get the job done right.","og_url":"https:\/\/www.boartlongyear.com\/de\/company\/","og_site_name":"Boart Longyear","article_publisher":"https:\/\/www.facebook.com\/boartlongyearcareers","article_modified_time":"2019-04-17T21:53:42+00:00","twitter_misc":{"Gesch\u00e4tzte Lesezeit":"3 Minuten"},"schema":{"@context":"https:\/\/schema.org","@graph":[{"@type":"WebPage","@id":"https:\/\/www.boartlongyear.com\/sonicdrilling\/","url":"https:\/\/www.boartlongyear.com\/company\/","name":"Produkte und Bohrdienstleistungen f\u00fcr das Sonic Drilling","isPartOf":{"@id":"https:\/\/www.boartlongyear.com\/#website"},"datePublished":"2019-04-17T15:38:32+00:00","dateModified":"2019-04-17T21:53:42+00:00","description":"Sonic Drilling ist ein Spezialgebiet, das erstklassige Bohrger\u00e4te und Werkzeuge sowie sachkundige Auftragnehmer ben\u00f6tigt, um die Arbeit richtig zu erledigen.","breadcrumb":{"@id":"https:\/\/www.boartlongyear.com\/company\/#breadcrumb"},"inLanguage":"de-DE","potentialAction":[{"@type":"ReadAction","target":["https:\/\/www.boartlongyear.com\/company\/"]}]},{"@type":"BreadcrumbList","@id":"https:\/\/www.boartlongyear.com\/company\/#breadcrumb","itemListElement":[{"@type":"ListItem","position":1,"name":"Home","item":"https:\/\/www.boartlongyear.com\/"},{"@type":"ListItem","position":2,"name":"Sonic Drilling"}]},{"@type":"WebSite","@id":"https:\/\/www.boartlongyear.com\/#website","url":"https:\/\/www.boartlongyear.com\/","name":"Boart Longyear","description":"","publisher":{"@id":"https:\/\/www.boartlongyear.com\/#organization"},"potentialAction":[{"@type":"SearchAction","target":{"@type":"EntryPoint","urlTemplate":"https:\/\/www.boartlongyear.com\/?s={search_term_string}"},"query-input":{"@type":"PropertyValueSpecification","valueRequired":true,"valueName":"search_term_string"}}],"inLanguage":"de-DE"},{"@type":"Organization","@id":"https:\/\/www.boartlongyear.com\/#organization","name":"Boart Longyear","url":"https:\/\/www.boartlongyear.com\/","logo":{"@type":"ImageObject","inLanguage":"de-DE","@id":"https:\/\/www.boartlongyear.com\/#\/schema\/logo\/image\/","url":"https:\/\/www.boartlongyear.com\/wp-content\/uploads\/BLY-Double-Stack.png","contentUrl":"https:\/\/www.boartlongyear.com\/wp-content\/uploads\/BLY-Double-Stack.png","width":400,"height":100,"caption":"Boart Longyear"},"image":{"@id":"https:\/\/www.boartlongyear.com\/#\/schema\/logo\/image\/"},"sameAs":["https:\/\/www.facebook.com\/boartlongyearcareers","https:\/\/x.com\/boartlongyear","https:\/\/www.instagram.com\/boartlongyear","https:\/\/www.linkedin.com\/company\/boart-longyear","https:\/\/www.youtube.com\/user\/BoartLongyear1"]}]}},"uagb_featured_image_src":{"full":false,"thumbnail":false,"medium":false,"medium_large":false,"large":false,"RoboGalleryMansoryImagesCenter":false,"RoboGalleryPreload":false,"1536x1536":false,"2048x2048":false,"trp-custom-language-flag":false,"alm-thumbnail":false,"tptn_thumbnail":false},"uagb_author_info":{"display_name":"Marketing","author_link":"https:\/\/www.boartlongyear.com\/de\/insite\/author\/jamesburris\/"},"uagb_comment_info":0,"uagb_excerpt":null,"_links":{"self":[{"href":"https:\/\/www.boartlongyear.com\/de\/wp-json\/wp\/v2\/pages\/26291","targetHints":{"allow":["GET"]}}],"collection":[{"href":"https:\/\/www.boartlongyear.com\/de\/wp-json\/wp\/v2\/pages"}],"about":[{"href":"https:\/\/www.boartlongyear.com\/de\/wp-json\/wp\/v2\/types\/page"}],"author":[{"embeddable":true,"href":"https:\/\/www.boartlongyear.com\/de\/wp-json\/wp\/v2\/users\/66"}],"replies":[{"embeddable":true,"href":"https:\/\/www.boartlongyear.com\/de\/wp-json\/wp\/v2\/comments?post=26291"}],"version-history":[{"count":0,"href":"https:\/\/www.boartlongyear.com\/de\/wp-json\/wp\/v2\/pages\/26291\/revisions"}],"wp:attachment":[{"href":"https:\/\/www.boartlongyear.com\/de\/wp-json\/wp\/v2\/media?parent=26291"}],"curies":[{"name":"wp","href":"https:\/\/api.w.org\/{rel}","templated":true}]}}