{"id":30060,"date":"2022-11-09T15:20:49","date_gmt":"2022-11-09T22:20:49","guid":{"rendered":"https:\/\/www.boartlongyear.com\/?page_id=30060"},"modified":"2025-07-07T13:26:44","modified_gmt":"2025-07-07T19:26:44","slug":"environmental-social-and-governance","status":"publish","type":"page","link":"https:\/\/www.boartlongyear.com\/de\/environmental-social-and-governance\/","title":{"rendered":"Umwelt, Soziales und Governance"},"content":{"rendered":"<section class=\"tcvpb_section_tc\">\n\t\t\n\t\t<div class=\"tcvpb_section_content\"><div class=\"tcvpb_container\"><div class=\"tcvpb_column_tc_span12\"><div  class=\"tcvpb-image\" ><img decoding=\"async\" src=\"https:\/\/www.boartlongyear.com\/wp-content\/uploads\/DSC_0877-e1668012893221.jpg\"><\/div><\/div><\/div><\/div>\n\t\t\n\t\t\n\t<\/section><section class=\"tcvpb_section_tc\">\n\t\t\n\t\t<div class=\"tcvpb_section_content\"><div class=\"tcvpb_container\"><div class=\"tcvpb_column_tc_span9\"><h1  ><span>Tiefer eintauchen f\u00fcr unsere nachhaltige Zukunft<\/span><\/h1><div  class=\"\" >\n<p class=\"p_tc\">Boart Longyear ist ein Pionierunternehmen mit einer starken Vergangenheit und einer gl\u00e4nzenden Zukunft.<\/p>\n<p class=\"p_tc\">Unsere innovative Geschichte und unser Erfolg erstrecken sich \u00fcber mehr als 130 Jahre und entwickeln sich zu einer mehrdimensionalen Geschichte mit wesentlichen Umwelt-, Sozial- und Governance-Prinzipien (ESG), die die Grundlage unserer Unternehmens-DNA bilden. Die kombinierte Wirkung unserer vielf\u00e4ltigen Aktionen, Initiativen und Beitr\u00e4ge ist von immensem gesellschaftlichem Nutzen.<\/p>\n<\/div><div  class=\"tcvpb_divider tcvpb_divider_solid\"><a href=\"#\" class=\"backtotop\"><\/a><\/div><h2  ><span>Was wir tun, ist von zentraler Bedeutung \u2013 f\u00fcr unsere Werte, Kunden und viele Stakeholder, und zwar auf dauerhafte und nachhaltige Weise.<\/span><\/h2><div  class=\"\" >\n<p class=\"p_tc\">Betrachten Sie unsere Bohrausr\u00fcstung \u2013 buchst\u00e4blich das Herzst\u00fcck unseres Gesch\u00e4fts. Unsere Technologie erh\u00f6ht die Aktivit\u00e4ten unserer Kunden mit einer sicherheitsorientierten Denkweise, sch\u00fctzt Menschen und Verm\u00f6genswerte und \u00fcbertrifft alles, was wir bisher hergestellt haben, indem sie weniger Wasser und Energie verbraucht, die damit verbundenen Treibhausgasemissionen reduziert und zu einer besseren Ressourcenr\u00fcckgewinnung f\u00fchrt. Unsere Spitzentechnologie spricht eine neue Generation von Mining-Talenten an. Automatisierungs- und Remote-Funktionen machen unsere Ger\u00e4te benutzerfreundlicher und erfordern weniger k\u00f6rperliche Kraft f\u00fcr den Betrieb, um eine geschlechtsspezifische Belegschaft mit gr\u00f6\u00dferer Zug\u00e4nglichkeit als je zuvor anzuziehen und zu erm\u00f6glichen.<\/p>\n<\/div><h2  ><span>Unser ESG-Ansatz und unsere Aufsicht<\/span><\/h2><div  class=\"\" >\n<p class=\"p_tc\">Die ESG-Strategie von Boart Longyear ist der Schl\u00fcssel zur St\u00e4rkung unserer branchenf\u00fchrenden Position zur Entwicklung einer nachhaltigen Zukunft.<\/p>\n<p class=\"p_tc\">Die globale Verwaltung unserer ESG-Initiativen erfordert Konsistenz innerhalb eines robusten und konsistenten Rahmens, um die positiven Auswirkungen zu maximieren, die wir auf unsere Mitarbeiter, Kunden, lokalen Gemeinschaften, Gastregierungen, nat\u00fcrliche Umgebungen, Gesch\u00e4ftspartner, Aktion\u00e4re und Interessengruppen haben.<\/p>\n<p class=\"p_tc\">Durch unsere ESG-Strategie bem\u00fchen wir uns, Boart Longyear als bevorzugten Arbeitgeber und Partner zu st\u00e4rken, da wir bestrebt sind, eine ESG-Kultur auf allen Ebenen der Organisation zu verankern, wobei die Leistung von unserem Governance-, Sicherheits- und Nachhaltigkeitsausschuss des Vorstands \u00fcberwacht wird. Der Ausschuss tr\u00e4gt entscheidend dazu bei, dass wir ESG-\u00dcberlegungen in alle Gesch\u00e4ftsentscheidungen \u00fcbernehmen und integrieren. Die ESG-Aktivit\u00e4ten von Boart Longyear orientieren sich an den Zielen der Vereinten Nationen f\u00fcr nachhaltige Entwicklung (UN SDGs).<\/p>\n<\/div><span class=\"clear spacer_responsive_hide_mobile\" style=\"height:25px;display:block;\"><\/span><\/div><div class=\"tcvpb_column_tc_span3\"><span class=\"clear\" style=\"height:15px;display:block;\"><\/span><div  class=\"tcvpb-image\" ><a href=\"https:\/\/boartlongyear.canto.com\/direct\/document\/i1o5m84jad3q31l6eep0grk53j\/1h7tCgtGWzFi2r2dHYYjxwug8a8\/original?content-type=application%2Fpdf&#038;name=BLY+ESG+REPORT_July01.2025_USversion.pdf\" target=\"_self\"><img decoding=\"async\" src=\"https:\/\/boartlongyear.canto.com\/direct\/document\/i1o5m84jad3q31l6eep0grk53j\/7smgfpvSXhp6FAPsQFDIuS8EJqc\/m3000\/800\"><\/a><\/div><h2  ><span><\/p>\n<div style=\"text-align: center;\"><span style=\"font-size: 18pt;\"><a href=\"https:\/\/boartlongyear.canto.com\/direct\/document\/i1o5m84jad3q31l6eep0grk53j\/1h7tCgtGWzFi2r2dHYYjxwug8a8\/original?content-type=application%2Fpdf&amp;name=BLY+ESG+REPORT_July01.2025_USversion.pdf\">Download our 2024 Sustainability Report (English)<\/a><br \/>\n(<a href=\"https:\/\/boartlongyear.canto.com\/direct\/document\/keaihshr4d6a3ckipgpd4b966v\/gIVFm4irArlFjnNXirMVCrAIKYY\/original?content-type=application%2Fpdf&amp;name=BLY+REPORTE+DE+SOSTENIBILIDAD_Julio07.2025_USversion.pdf\">Espa\u00f1ol<\/a>)<br \/>\n<\/span><\/div>\n<p><\/span><\/h2><div  class=\"tcvpb-image\" ><a href=\"https:\/\/boartlongyear.canto.com\/direct\/document\/ce9kor98fl7et87q8g10lce949\/lt-FZw7YIkRCGBCvjckDODq_RQI\/original?content-type=application%2Fpdf&#038;name=English+ESG+Report+2023.pdf\" target=\"_self\"><img decoding=\"async\" src=\"https:\/\/boartlongyear.canto.com\/direct\/document\/ce9kor98fl7et87q8g10lce949\/OVADDjcXnZ9qk6VzI5xKF_G1Fe0\/m640\/800\"><\/a><\/div><h2  ><span><\/p>\n<div style=\"text-align: center;\"><span style=\"font-size: 18pt;\"><a href=\"https:\/\/boartlongyear.canto.com\/direct\/document\/ce9kor98fl7et87q8g10lce949\/lt-FZw7YIkRCGBCvjckDODq_RQI\/original?content-type=application%2Fpdf&amp;name=English+ESG+Report+2023.pdf\">Download our 2023 ESG Report (English)<\/a><\/span><\/div>\n<p><\/span><\/h2><span class=\"clear\" style=\"height:15px;display:block;\"><\/span><div  class=\"tcvpb-image\" ><a href=\"https:\/\/boartlongyear.canto.com\/direct\/document\/cafj76tj6h1b1fiug9sgu3e02s\/LPOUgwlP9bwHAvTJ6m9XWe2zA88\/original?content-type=application%2Fpdf&#038;name=Spanish+ESG+Report+2023.pdf\" target=\"_self\"><img decoding=\"async\" src=\"https:\/\/boartlongyear.canto.com\/direct\/document\/cafj76tj6h1b1fiug9sgu3e02s\/iBcvNEdERtQ8-NCULGxKEwGWe1E\/m640\/800\"><\/a><\/div><h2  ><span><\/p>\n<div style=\"text-align: center;\"><span style=\"font-size: 18pt;\"><a href=\"https:\/\/boartlongyear.canto.com\/direct\/document\/cafj76tj6h1b1fiug9sgu3e02s\/LPOUgwlP9bwHAvTJ6m9XWe2zA88\/original?content-type=application%2Fpdf&amp;name=Spanish+ESG+Report+2023.pdf\">DOWNLOAD OUR 2023 ESG REPORT (SPANISH)<\/a><\/span><\/div>\n<p><\/span><\/h2><span class=\"clear\" style=\"height:15px;display:block;\"><\/span><div  class=\"tcvpb-image\" ><a href=\"https:\/\/boartlongyear.canto.com\/direct\/document\/389ujbhv1t13j7clr9r6ntg820\/wNhjGnHvZwkDNXLHDUUsW8WS2VQ\/original?content-type=application%2Fpdf&#038;name=BLY_ESG_Report_2022_26+Apr+2023_FINAL.pdf\" target=\"_self\"><img decoding=\"async\" src=\"https:\/\/boartlongyear.canto.com\/direct\/document\/389ujbhv1t13j7clr9r6ntg820\/lRzEH91Vq7pgKWwa1_cyGEhFr0g\/m640\/800\"><\/a><\/div><h2  ><span><\/p>\n<div style=\"text-align: center;\"><span style=\"font-size: 18pt;\"><a href=\"https:\/\/boartlongyear.canto.com\/direct\/document\/389ujbhv1t13j7clr9r6ntg820\/wNhjGnHvZwkDNXLHDUUsW8WS2VQ\/original?content-type=application%2Fpdf&amp;name=BLY_ESG_Report_2022_26+Apr+2023_FINAL.pdf\">Download our 2022 ESG Report<\/a><\/span><\/div>\n<p><\/span><\/h2><\/div><\/div><\/div>\n\t\t\n\t\t\n\t<\/section>","protected":false},"excerpt":{"rendered":"","protected":false},"author":66,"featured_media":30063,"parent":0,"menu_order":0,"comment_status":"closed","ping_status":"closed","template":"sidebar-dynamic.php","meta":{"_uag_custom_page_level_css":"","_monsterinsights_skip_tracking":false,"_monsterinsights_sitenote_active":false,"_monsterinsights_sitenote_note":"","_monsterinsights_sitenote_category":0,"footnotes":""},"class_list":["post-30060","page","type-page","status-publish","has-post-thumbnail","hentry"],"acf":[],"yoast_head":"<!-- This site is optimized with the Yoast SEO plugin v27.4 - https:\/\/yoast.com\/product\/yoast-seo-wordpress\/ -->\n<title>Environmental Social and Governance - Boart Longyear<\/title>\n<meta name=\"robots\" content=\"index, follow, max-snippet:-1, max-image-preview:large, max-video-preview:-1\" \/>\n<link rel=\"canonical\" href=\"https:\/\/www.boartlongyear.com\/de\/environmental-social-and-governance\/\" \/>\n<meta property=\"og:locale\" content=\"de_DE\" \/>\n<meta property=\"og:type\" content=\"article\" \/>\n<meta property=\"og:title\" content=\"Environmental Social and Governance - Boart Longyear\" \/>\n<meta property=\"og:url\" content=\"https:\/\/www.boartlongyear.com\/de\/environmental-social-and-governance\/\" \/>\n<meta property=\"og:site_name\" content=\"Boart Longyear\" \/>\n<meta property=\"article:publisher\" content=\"https:\/\/www.facebook.com\/boartlongyearcareers\" \/>\n<meta property=\"article:modified_time\" content=\"2025-07-07T19:26:44+00:00\" \/>\n<meta property=\"og:image\" content=\"https:\/\/www.boartlongyear.com\/wp-content\/uploads\/DSC_0877-e1668012893221-1024x682.jpg\" \/>\n\t<meta property=\"og:image:width\" content=\"1024\" \/>\n\t<meta property=\"og:image:height\" content=\"682\" \/>\n\t<meta property=\"og:image:type\" content=\"image\/jpeg\" \/>\n<meta name=\"twitter:label1\" content=\"Gesch\u00e4tzte Lesezeit\" \/>\n\t<meta name=\"twitter:data1\" content=\"2 Minuten\" \/>\n<script type=\"application\/ld+json\" class=\"yoast-schema-graph\">{\"@context\":\"https:\\\/\\\/schema.org\",\"@graph\":[{\"@type\":\"WebPage\",\"@id\":\"https:\\\/\\\/www.boartlongyear.com\\\/environmental-social-and-governance\\\/\",\"url\":\"https:\\\/\\\/www.boartlongyear.com\\\/environmental-social-and-governance\\\/\",\"name\":\"Environmental Social and Governance - Boart Longyear\",\"isPartOf\":{\"@id\":\"https:\\\/\\\/www.boartlongyear.com\\\/#website\"},\"primaryImageOfPage\":{\"@id\":\"https:\\\/\\\/www.boartlongyear.com\\\/environmental-social-and-governance\\\/#primaryimage\"},\"image\":{\"@id\":\"https:\\\/\\\/www.boartlongyear.com\\\/environmental-social-and-governance\\\/#primaryimage\"},\"thumbnailUrl\":\"https:\\\/\\\/www.boartlongyear.com\\\/wp-content\\\/uploads\\\/DSC_0877-e1668012893221.jpg\",\"datePublished\":\"2022-11-09T22:20:49+00:00\",\"dateModified\":\"2025-07-07T19:26:44+00:00\",\"breadcrumb\":{\"@id\":\"https:\\\/\\\/www.boartlongyear.com\\\/environmental-social-and-governance\\\/#breadcrumb\"},\"inLanguage\":\"de-DE\",\"potentialAction\":[{\"@type\":\"ReadAction\",\"target\":[\"https:\\\/\\\/www.boartlongyear.com\\\/environmental-social-and-governance\\\/\"]}]},{\"@type\":\"ImageObject\",\"inLanguage\":\"de-DE\",\"@id\":\"https:\\\/\\\/www.boartlongyear.com\\\/environmental-social-and-governance\\\/#primaryimage\",\"url\":\"https:\\\/\\\/www.boartlongyear.com\\\/wp-content\\\/uploads\\\/DSC_0877-e1668012893221.jpg\",\"contentUrl\":\"https:\\\/\\\/www.boartlongyear.com\\\/wp-content\\\/uploads\\\/DSC_0877-e1668012893221.jpg\",\"width\":2000,\"height\":1333},{\"@type\":\"BreadcrumbList\",\"@id\":\"https:\\\/\\\/www.boartlongyear.com\\\/environmental-social-and-governance\\\/#breadcrumb\",\"itemListElement\":[{\"@type\":\"ListItem\",\"position\":1,\"name\":\"Home\",\"item\":\"https:\\\/\\\/www.boartlongyear.com\\\/\"},{\"@type\":\"ListItem\",\"position\":2,\"name\":\"Environmental Social and Governance\"}]},{\"@type\":\"WebSite\",\"@id\":\"https:\\\/\\\/www.boartlongyear.com\\\/#website\",\"url\":\"https:\\\/\\\/www.boartlongyear.com\\\/\",\"name\":\"Boart Longyear\",\"description\":\"\",\"publisher\":{\"@id\":\"https:\\\/\\\/www.boartlongyear.com\\\/#organization\"},\"potentialAction\":[{\"@type\":\"SearchAction\",\"target\":{\"@type\":\"EntryPoint\",\"urlTemplate\":\"https:\\\/\\\/www.boartlongyear.com\\\/?s={search_term_string}\"},\"query-input\":{\"@type\":\"PropertyValueSpecification\",\"valueRequired\":true,\"valueName\":\"search_term_string\"}}],\"inLanguage\":\"de-DE\"},{\"@type\":\"Organization\",\"@id\":\"https:\\\/\\\/www.boartlongyear.com\\\/#organization\",\"name\":\"Boart Longyear\",\"url\":\"https:\\\/\\\/www.boartlongyear.com\\\/\",\"logo\":{\"@type\":\"ImageObject\",\"inLanguage\":\"de-DE\",\"@id\":\"https:\\\/\\\/www.boartlongyear.com\\\/#\\\/schema\\\/logo\\\/image\\\/\",\"url\":\"https:\\\/\\\/www.boartlongyear.com\\\/wp-content\\\/uploads\\\/BLY-Double-Stack.png\",\"contentUrl\":\"https:\\\/\\\/www.boartlongyear.com\\\/wp-content\\\/uploads\\\/BLY-Double-Stack.png\",\"width\":400,\"height\":100,\"caption\":\"Boart Longyear\"},\"image\":{\"@id\":\"https:\\\/\\\/www.boartlongyear.com\\\/#\\\/schema\\\/logo\\\/image\\\/\"},\"sameAs\":[\"https:\\\/\\\/www.facebook.com\\\/boartlongyearcareers\",\"https:\\\/\\\/x.com\\\/boartlongyear\",\"https:\\\/\\\/www.instagram.com\\\/boartlongyear\",\"https:\\\/\\\/www.linkedin.com\\\/company\\\/boart-longyear\",\"https:\\\/\\\/www.youtube.com\\\/user\\\/BoartLongyear1\"]}]}<\/script>\n<!-- \/ Yoast SEO plugin. -->","yoast_head_json":{"title":"Umwelt, Soziales und Governance - Boart Longyear","robots":{"index":"index","follow":"follow","max-snippet":"max-snippet:-1","max-image-preview":"max-image-preview:large","max-video-preview":"max-video-preview:-1"},"canonical":"https:\/\/www.boartlongyear.com\/de\/environmental-social-and-governance\/","og_locale":"de_DE","og_type":"article","og_title":"Environmental Social and Governance - Boart Longyear","og_url":"https:\/\/www.boartlongyear.com\/de\/environmental-social-and-governance\/","og_site_name":"Boart Longyear","article_publisher":"https:\/\/www.facebook.com\/boartlongyearcareers","article_modified_time":"2025-07-07T19:26:44+00:00","og_image":[{"width":1024,"height":682,"url":"https:\/\/www.boartlongyear.com\/wp-content\/uploads\/DSC_0877-e1668012893221-1024x682.jpg","type":"image\/jpeg"}],"twitter_misc":{"Gesch\u00e4tzte Lesezeit":"2 Minuten"},"schema":{"@context":"https:\/\/schema.org","@graph":[{"@type":"WebPage","@id":"https:\/\/www.boartlongyear.com\/environmental-social-and-governance\/","url":"https:\/\/www.boartlongyear.com\/environmental-social-and-governance\/","name":"Umwelt, Soziales und Governance - Boart Longyear","isPartOf":{"@id":"https:\/\/www.boartlongyear.com\/#website"},"primaryImageOfPage":{"@id":"https:\/\/www.boartlongyear.com\/environmental-social-and-governance\/#primaryimage"},"image":{"@id":"https:\/\/www.boartlongyear.com\/environmental-social-and-governance\/#primaryimage"},"thumbnailUrl":"https:\/\/www.boartlongyear.com\/wp-content\/uploads\/DSC_0877-e1668012893221.jpg","datePublished":"2022-11-09T22:20:49+00:00","dateModified":"2025-07-07T19:26:44+00:00","breadcrumb":{"@id":"https:\/\/www.boartlongyear.com\/environmental-social-and-governance\/#breadcrumb"},"inLanguage":"de-DE","potentialAction":[{"@type":"ReadAction","target":["https:\/\/www.boartlongyear.com\/environmental-social-and-governance\/"]}]},{"@type":"ImageObject","inLanguage":"de-DE","@id":"https:\/\/www.boartlongyear.com\/environmental-social-and-governance\/#primaryimage","url":"https:\/\/www.boartlongyear.com\/wp-content\/uploads\/DSC_0877-e1668012893221.jpg","contentUrl":"https:\/\/www.boartlongyear.com\/wp-content\/uploads\/DSC_0877-e1668012893221.jpg","width":2000,"height":1333},{"@type":"BreadcrumbList","@id":"https:\/\/www.boartlongyear.com\/environmental-social-and-governance\/#breadcrumb","itemListElement":[{"@type":"ListItem","position":1,"name":"Home","item":"https:\/\/www.boartlongyear.com\/"},{"@type":"ListItem","position":2,"name":"Environmental Social and Governance"}]},{"@type":"WebSite","@id":"https:\/\/www.boartlongyear.com\/#website","url":"https:\/\/www.boartlongyear.com\/","name":"Boart Longyear","description":"","publisher":{"@id":"https:\/\/www.boartlongyear.com\/#organization"},"potentialAction":[{"@type":"SearchAction","target":{"@type":"EntryPoint","urlTemplate":"https:\/\/www.boartlongyear.com\/?s={search_term_string}"},"query-input":{"@type":"PropertyValueSpecification","valueRequired":true,"valueName":"search_term_string"}}],"inLanguage":"de-DE"},{"@type":"Organization","@id":"https:\/\/www.boartlongyear.com\/#organization","name":"Boart Longyear","url":"https:\/\/www.boartlongyear.com\/","logo":{"@type":"ImageObject","inLanguage":"de-DE","@id":"https:\/\/www.boartlongyear.com\/#\/schema\/logo\/image\/","url":"https:\/\/www.boartlongyear.com\/wp-content\/uploads\/BLY-Double-Stack.png","contentUrl":"https:\/\/www.boartlongyear.com\/wp-content\/uploads\/BLY-Double-Stack.png","width":400,"height":100,"caption":"Boart Longyear"},"image":{"@id":"https:\/\/www.boartlongyear.com\/#\/schema\/logo\/image\/"},"sameAs":["https:\/\/www.facebook.com\/boartlongyearcareers","https:\/\/x.com\/boartlongyear","https:\/\/www.instagram.com\/boartlongyear","https:\/\/www.linkedin.com\/company\/boart-longyear","https:\/\/www.youtube.com\/user\/BoartLongyear1"]}]}},"uagb_featured_image_src":{"full":["https:\/\/www.boartlongyear.com\/wp-content\/uploads\/DSC_0877-e1668012893221.jpg",2000,1333,false],"thumbnail":["https:\/\/www.boartlongyear.com\/wp-content\/uploads\/DSC_0877-e1668012893221-200x200.jpg",200,200,true],"medium":["https:\/\/www.boartlongyear.com\/wp-content\/uploads\/DSC_0877-e1668012893221-340x227.jpg",340,227,true],"medium_large":["https:\/\/www.boartlongyear.com\/wp-content\/uploads\/DSC_0877-e1668012893221-768x512.jpg",640,427,true],"large":["https:\/\/www.boartlongyear.com\/wp-content\/uploads\/DSC_0877-e1668012893221-1024x682.jpg",640,426,true],"RoboGalleryMansoryImagesCenter":["https:\/\/www.boartlongyear.com\/wp-content\/uploads\/DSC_0877-e1668012893221-600x1024.jpg",600,1024,true],"RoboGalleryPreload":["https:\/\/www.boartlongyear.com\/wp-content\/uploads\/DSC_0877-e1668012893221.jpg",100,67,false],"1536x1536":["https:\/\/www.boartlongyear.com\/wp-content\/uploads\/DSC_0877-e1668012893221-1536x1024.jpg",1536,1024,true],"2048x2048":["https:\/\/www.boartlongyear.com\/wp-content\/uploads\/DSC_0877-e1668012893221.jpg",2000,1333,false],"trp-custom-language-flag":["https:\/\/www.boartlongyear.com\/wp-content\/uploads\/DSC_0877-e1668012893221-18x12.jpg",18,12,true],"alm-thumbnail":["https:\/\/www.boartlongyear.com\/wp-content\/uploads\/DSC_0877-e1668012893221-150x150.jpg",150,150,true],"tptn_thumbnail":["https:\/\/www.boartlongyear.com\/wp-content\/uploads\/DSC_0877-e1668012893221-150x150.jpg",150,150,true]},"uagb_author_info":{"display_name":"Marketing","author_link":"https:\/\/www.boartlongyear.com\/de\/insite\/author\/jamesburris\/"},"uagb_comment_info":0,"uagb_excerpt":null,"_links":{"self":[{"href":"https:\/\/www.boartlongyear.com\/de\/wp-json\/wp\/v2\/pages\/30060","targetHints":{"allow":["GET"]}}],"collection":[{"href":"https:\/\/www.boartlongyear.com\/de\/wp-json\/wp\/v2\/pages"}],"about":[{"href":"https:\/\/www.boartlongyear.com\/de\/wp-json\/wp\/v2\/types\/page"}],"author":[{"embeddable":true,"href":"https:\/\/www.boartlongyear.com\/de\/wp-json\/wp\/v2\/users\/66"}],"replies":[{"embeddable":true,"href":"https:\/\/www.boartlongyear.com\/de\/wp-json\/wp\/v2\/comments?post=30060"}],"version-history":[{"count":0,"href":"https:\/\/www.boartlongyear.com\/de\/wp-json\/wp\/v2\/pages\/30060\/revisions"}],"wp:featuredmedia":[{"embeddable":true,"href":"https:\/\/www.boartlongyear.com\/de\/wp-json\/wp\/v2\/media\/30063"}],"wp:attachment":[{"href":"https:\/\/www.boartlongyear.com\/de\/wp-json\/wp\/v2\/media?parent=30060"}],"curies":[{"name":"wp","href":"https:\/\/api.w.org\/{rel}","templated":true}]}}