{"id":30065,"date":"2022-11-09T15:22:33","date_gmt":"2022-11-09T22:22:33","guid":{"rendered":"https:\/\/www.boartlongyear.com\/?page_id=30065"},"modified":"2025-05-22T12:52:01","modified_gmt":"2025-05-22T18:52:01","slug":"esg-social-practice","status":"publish","type":"page","link":"https:\/\/www.boartlongyear.com\/de\/esg-social-practice\/","title":{"rendered":"ESG-Sozialpraxis"},"content":{"rendered":"<section class=\"tcvpb_section_tc\">\n\t\t\n\t\t<div class=\"tcvpb_section_content\"><div class=\"tcvpb_container\"><div class=\"tcvpb_column_tc_span12\"><div  class=\"tcvpb-image\" ><img decoding=\"async\" src=\"https:\/\/boartlongyear.canto.com\/direct\/image\/9p2lg1ija56fnee5vdal9b4117\/HN3YbHugRw_GH7Z9nuiEhhREsqo\/m800\/800\"><\/div><h1  ><span>ESG-Sozialpraxis<\/span><\/h1><\/div><\/div><\/div>\n\t\t\n\t\t\n\t<\/section><section class=\"tcvpb_section_tc\">\n\t\t\n\t\t<div class=\"tcvpb_section_content\"><div class=\"tcvpb_container\"><div class=\"tcvpb_column_tc_span7\"><div  class=\"\" >\n<p class=\"p_tc\">Unsere soziale Praxis umfasst Sicherheit, Vielfalt und Inklusion sowie die Einbindung von Interessengruppen.<\/p>\n<p class=\"p_tc\">Bei Boart Longyear ist Sicherheit ein zentraler Unternehmenswert, und wir erwarten von allen Mitarbeitern, dass sie zusammenarbeiten, um \u201ees sicher zu machen, es pers\u00f6nlich zu machen und es zu Hause zu machen\u201c. Unsere branchenf\u00fchrenden Sicherheitsstandards, Programme und Prozesse sind darauf ausgelegt, die Gesundheit und Sicherheit von Mitarbeitern, Auftragnehmern und Besuchern an allen Standorten und Einrichtungen sowie in den Gemeinden, in denen wir t\u00e4tig sind, zu sch\u00fctzen.<\/p>\n<\/div><\/div><div class=\"tcvpb_column_tc_span5\"><ul  class=\"tcvpb_shortcode_ul tcvpb-animo-children\" data-animation=\"fadeInDown\" data-trigger_pt=\"0\" data-duration=\"1100\" data-delay=\"0\"><li><i class=\"fa-check\"><\/i> \n<p class=\"p_tc\"><a href=\"#Safety\">Sicherheit<\/a><\/p>\n<\/li><li><i class=\"fa-check\"><\/i> \n<p class=\"p_tc\"><a href=\"#StakeholderEngagement\">Stakeholder-Engagement<\/a><\/p>\n<\/li><\/ul><\/div><\/div><\/div>\n\t\t\n\t\t\n\t<\/section><section class=\"tcvpb_section_tc\">\n\t\t\n\t\t<div class=\"tcvpb_section_content\"><div class=\"tcvpb_container\"><div class=\"tcvpb_column_tc_span12\"><div  class=\"\" >\n<p class=\"p_tc\">Wir glauben an die Kraft von Inklusion und Vielfalt f\u00fcr sicherere, effizientere und innovationsf\u00f6rdernde Arbeitspl\u00e4tze und Teams. Im Jahr 2021 wurden unsere Diversity-Ziele in die Gesamtziele aller Mitglieder des Executive Committee und des oberen F\u00fchrungsteams eingebettet, was zur Einrichtung eines Diversity Committee f\u00fchrte, um unsere Diversity-Vision weiterzuentwickeln und unternehmensweite Ziele festzulegen.<\/p>\n<p class=\"p_tc\">Die Zusammenarbeit mit und das Zuh\u00f6ren unserer Stakeholder ist seit langem ein Eckpfeiler der Gesch\u00e4ftst\u00e4tigkeit von Boart Longyear. Wir sind bestrebt, uns mit den Gastregierungen und lokalen Gemeinschaften zu beraten, um zeitnahe operative Informationen bereitzustellen und M\u00f6glichkeiten zur Zusammenarbeit und zum Dialog mit unseren verschiedenen Interessengruppen zu bieten.<\/p>\n<\/div><\/div><\/div><\/div>\n\t\t\n\t\t\n\t<\/section><section class=\"tcvpb_section_tc\">\n\t\t\n\t\t<div class=\"tcvpb_section_content\"><div class=\"tcvpb_container\"><div class=\"tcvpb_column_tc_span12\"><h2 id=\"Safety\" ><span>Sicherheit<\/span><\/h2><div  class=\"\" >\n<p class=\"p_tc\">Boart Longyear verpflichtet sich, die Gesundheit und Sicherheit unserer Mitarbeiter, Auftragnehmer und Besucher an allen unseren Standorten und Einrichtungen zu sch\u00fctzen. Wir verpflichten uns auch, die Umwelt und die Gemeinschaften, in denen wir t\u00e4tig sind, zu sch\u00fctzen. Unser Ziel ist es, das Streben nach Umwelt-, Gesundheits- und Sicherheitsleistung (EHS) kontinuierlich zu verbessern.<\/p>\n<p class=\"p_tc\">Unsere Sicherheitsstandards, -programme und -prozesse erm\u00f6glichen es Bohrern, die Produktivit\u00e4t sicher zu maximieren. Wir setzen die fortschrittlichsten und effektivsten Sicherheitsprogramme mit Sicherheitsinnovationen vor Ort ein und pflegen eine voneinander abh\u00e4ngige Sicherheitskultur, in der jeder Mitarbeiter wei\u00df, dass Sicherheit ein zentraler Wert ist.<\/p>\n<p class=\"p_tc\">Wir sind stolz auf unsere Sicherheitsinnovationen und -zertifizierungen und sind bestrebt, die Erwartungen unserer Kunden hinsichtlich eines sicheren Betriebs zu \u00fcbertreffen. Bitte w\u00e4hlen Sie unten eine Kategorie aus, um mehr \u00fcber unsere Sicherheitsprogramme zu erfahren.<\/p>\n<\/div><\/div><\/div><\/div>\n\t\t\n\t\t\n\t<\/section><section class=\"tcvpb_section_tc\">\n\t\t\n\t\t<div class=\"tcvpb_section_content\"><div class=\"tcvpb_container\"><div class=\"tcvpb_column_tc_span12\"><h2  ><span>Innovation f\u00fcr mehr Vielfalt<\/span><\/h2><div  class=\"\" >\n<p class=\"p_tc\">Fortschritte bei der Automatisierung von Oberfl\u00e4chen- und Untertagebohrungen bieten eine enorme Chance, unsere Diversit\u00e4ts- und Inklusionsziele voranzutreiben. Ein Beispiel f\u00fcr technologische Entwicklung erm\u00f6glicht es Bohrern, Ger\u00e4te von entfernten Standorten aus zu betreiben, was den Pool an unterschiedlichen Talenten, aus denen wir sch\u00f6pfen k\u00f6nnen, erheblich vergr\u00f6\u00dfert.<\/p>\n<\/div><h2  ><span>Personalschulung und -entwicklung<\/span><\/h2><div  class=\"\" >\n<p class=\"p_tc\">Einer von vielen Vorteilen, die eine Karriere bei Boart Longyear bietet, ist der Zugang zu laufenden, branchenf\u00fchrenden Schulungs- und Entwicklungsprogrammen. Schulungen sind entscheidend, um die Gesundheit und Sicherheit unserer Mitarbeiter zu gew\u00e4hrleisten und ein konsistentes Kundenerlebnis auf unserer globalen Plattform zu bieten.<\/p>\n<p class=\"p_tc\">Vor Aufnahme der Arbeit absolviert jeder Mitarbeiter die obligatorische Orientierung f\u00fcr neue Mitarbeiter sowie das obligatorische Online-Studium unserer Richtlinien und Verfahren vom Verhaltenskodex bis zum Critical Risk Management \u00fcber BITS (Boart Longyear Integrated Training System) eLearning oder durch Unterricht im Klassenzimmer.<\/p>\n<p class=\"p_tc\">Bei Arbeitsantritt wird von neuen Mitarbeitern erwartet, dass sie die EHS-Standards unseres Unternehmens lernen und verstehen, indem sie ein Online- oder pers\u00f6nliches Quiz erfolgreich bestehen.<\/p>\n<p class=\"p_tc\">Innerhalb von 12 Monaten nach der Einstellung werden neue Au\u00dfendienstmitarbeiter:<\/p>\n<\/div><ul  class=\"tcvpb_shortcode_ul\" ><li><i class=\"fa-check\"><\/i> \n<p class=\"p_tc\">Lesen Sie die Lernleitf\u00e4den, um zu verstehen, warum Verfahren auf bestimmte Weise durchgef\u00fchrt werden, und um Verst\u00e4ndnis f\u00fcr den Bohrprozess zu vermitteln.<\/p>\n<\/li><li><i class=\"fa-check\"><\/i> \n<p class=\"p_tc\">Standardarbeitsverfahren (SWP) verstehen und bewertet werden, die f\u00fcr die korrekte Ausf\u00fchrung bestimmter Aufgaben von entscheidender Bedeutung sind. *<\/p>\n<\/li><\/ul><div  class=\"\" >\n<p class=\"p_tc\"><span style=\"font-size: 8pt;\">* Einige SWPs sollen innerhalb von 90 Tagen nach Einstellung abgeschlossen werden.<\/span><\/p>\n<\/div><h2 id=\"StakeholderEngagement\" ><span>Unsere gesch\u00e4tzten Stakeholder<\/span><\/h2><div  class=\"\" >\n<p class=\"p_tc\">Die Zusammenarbeit mit und das Zuh\u00f6ren von Interessengruppen ist seit langem ein Eckpfeiler der Gesch\u00e4ftst\u00e4tigkeit von Boart Longyear. Wir verpflichten uns, uns mit den Gastregierungen und lokalen Gemeinschaften zu beraten, rechtzeitig Informationen \u00fcber unsere Gesch\u00e4ftst\u00e4tigkeit bereitzustellen und gleichzeitig Gelegenheit zur Zusammenarbeit und zum Dialog mit unseren verschiedenen Interessengruppen zu bieten.<\/p>\n<p class=\"p_tc\">Durch die Anwendung eines transparenten und effizienten Prozesses bem\u00fchen wir uns, die Bedenken der Interessengruppen fr\u00fchzeitig anzusprechen und gleichzeitig unser Engagement f\u00fcr betriebliche Integrit\u00e4t zu demonstrieren. Wir konzentrieren uns zun\u00e4chst auf die Sicherheit und den Schutz der Umwelt und der Gemeinden, in denen wir t\u00e4tig sind, indem wir die fortschrittlichsten und effektivsten verf\u00fcgbaren Sicherheitsprogramme und Innovationen einsetzen.<\/p>\n<p class=\"p_tc\">Wir glauben, dass das effektivste Engagement von Interessengruppen und Gemeinschaften auf regionaler und lokaler Ebene geleistet und verwaltet wird, um die einzigartigen kulturellen und sozio\u00f6konomischen \u00dcberlegungen jeder Operation zu sch\u00e4tzen und zu verstehen.<\/p>\n<\/div><span class=\"clear\" style=\"height:45px;display:block;\"><\/span><\/div><\/div><\/div>\n\t\t\n\t\t\n\t<\/section>","protected":false},"excerpt":{"rendered":"","protected":false},"author":66,"featured_media":31300,"parent":0,"menu_order":0,"comment_status":"closed","ping_status":"closed","template":"sidebar-dynamic.php","meta":{"_uag_custom_page_level_css":"","_monsterinsights_skip_tracking":false,"_monsterinsights_sitenote_active":false,"_monsterinsights_sitenote_note":"","_monsterinsights_sitenote_category":0,"footnotes":""},"class_list":["post-30065","page","type-page","status-publish","has-post-thumbnail","hentry"],"acf":[],"yoast_head":"<!-- This site is optimized with the Yoast SEO plugin v27.4 - https:\/\/yoast.com\/product\/yoast-seo-wordpress\/ -->\n<title>ESG Social Practice - Boart Longyear<\/title>\n<meta name=\"robots\" content=\"index, follow, max-snippet:-1, max-image-preview:large, max-video-preview:-1\" \/>\n<link rel=\"canonical\" href=\"https:\/\/www.boartlongyear.com\/de\/esg-social-practice\/\" \/>\n<meta property=\"og:locale\" content=\"de_DE\" \/>\n<meta property=\"og:type\" content=\"article\" \/>\n<meta property=\"og:title\" content=\"ESG Social Practice - Boart Longyear\" \/>\n<meta property=\"og:url\" content=\"https:\/\/www.boartlongyear.com\/de\/esg-social-practice\/\" \/>\n<meta property=\"og:site_name\" content=\"Boart Longyear\" \/>\n<meta property=\"article:publisher\" content=\"https:\/\/www.facebook.com\/boartlongyearcareers\" \/>\n<meta property=\"article:modified_time\" content=\"2025-05-22T18:52:01+00:00\" \/>\n<meta property=\"og:image\" content=\"https:\/\/www.boartlongyear.com\/wp-content\/uploads\/CO1A7172-scaled.jpg?_t=1747939922\" \/>\n\t<meta property=\"og:image:width\" content=\"2560\" \/>\n\t<meta property=\"og:image:height\" content=\"1192\" \/>\n\t<meta property=\"og:image:type\" content=\"image\/jpeg\" \/>\n<meta name=\"twitter:label1\" content=\"Gesch\u00e4tzte Lesezeit\" \/>\n\t<meta name=\"twitter:data1\" content=\"4 Minuten\" \/>\n<script type=\"application\/ld+json\" class=\"yoast-schema-graph\">{\"@context\":\"https:\\\/\\\/schema.org\",\"@graph\":[{\"@type\":\"WebPage\",\"@id\":\"https:\\\/\\\/www.boartlongyear.com\\\/esg-social-practice\\\/\",\"url\":\"https:\\\/\\\/www.boartlongyear.com\\\/esg-social-practice\\\/\",\"name\":\"ESG Social Practice - Boart Longyear\",\"isPartOf\":{\"@id\":\"https:\\\/\\\/www.boartlongyear.com\\\/#website\"},\"primaryImageOfPage\":{\"@id\":\"https:\\\/\\\/www.boartlongyear.com\\\/esg-social-practice\\\/#primaryimage\"},\"image\":{\"@id\":\"https:\\\/\\\/www.boartlongyear.com\\\/esg-social-practice\\\/#primaryimage\"},\"thumbnailUrl\":\"https:\\\/\\\/www.boartlongyear.com\\\/wp-content\\\/uploads\\\/CO1A7172-scaled.jpg\",\"datePublished\":\"2022-11-09T22:22:33+00:00\",\"dateModified\":\"2025-05-22T18:52:01+00:00\",\"breadcrumb\":{\"@id\":\"https:\\\/\\\/www.boartlongyear.com\\\/esg-social-practice\\\/#breadcrumb\"},\"inLanguage\":\"de-DE\",\"potentialAction\":[{\"@type\":\"ReadAction\",\"target\":[\"https:\\\/\\\/www.boartlongyear.com\\\/esg-social-practice\\\/\"]}]},{\"@type\":\"ImageObject\",\"inLanguage\":\"de-DE\",\"@id\":\"https:\\\/\\\/www.boartlongyear.com\\\/esg-social-practice\\\/#primaryimage\",\"url\":\"https:\\\/\\\/www.boartlongyear.com\\\/wp-content\\\/uploads\\\/CO1A7172-scaled.jpg\",\"contentUrl\":\"https:\\\/\\\/www.boartlongyear.com\\\/wp-content\\\/uploads\\\/CO1A7172-scaled.jpg\",\"width\":2560,\"height\":1192},{\"@type\":\"BreadcrumbList\",\"@id\":\"https:\\\/\\\/www.boartlongyear.com\\\/esg-social-practice\\\/#breadcrumb\",\"itemListElement\":[{\"@type\":\"ListItem\",\"position\":1,\"name\":\"Home\",\"item\":\"https:\\\/\\\/www.boartlongyear.com\\\/\"},{\"@type\":\"ListItem\",\"position\":2,\"name\":\"ESG Social Practice\"}]},{\"@type\":\"WebSite\",\"@id\":\"https:\\\/\\\/www.boartlongyear.com\\\/#website\",\"url\":\"https:\\\/\\\/www.boartlongyear.com\\\/\",\"name\":\"Boart Longyear\",\"description\":\"\",\"publisher\":{\"@id\":\"https:\\\/\\\/www.boartlongyear.com\\\/#organization\"},\"potentialAction\":[{\"@type\":\"SearchAction\",\"target\":{\"@type\":\"EntryPoint\",\"urlTemplate\":\"https:\\\/\\\/www.boartlongyear.com\\\/?s={search_term_string}\"},\"query-input\":{\"@type\":\"PropertyValueSpecification\",\"valueRequired\":true,\"valueName\":\"search_term_string\"}}],\"inLanguage\":\"de-DE\"},{\"@type\":\"Organization\",\"@id\":\"https:\\\/\\\/www.boartlongyear.com\\\/#organization\",\"name\":\"Boart Longyear\",\"url\":\"https:\\\/\\\/www.boartlongyear.com\\\/\",\"logo\":{\"@type\":\"ImageObject\",\"inLanguage\":\"de-DE\",\"@id\":\"https:\\\/\\\/www.boartlongyear.com\\\/#\\\/schema\\\/logo\\\/image\\\/\",\"url\":\"https:\\\/\\\/www.boartlongyear.com\\\/wp-content\\\/uploads\\\/BLY-Double-Stack.png\",\"contentUrl\":\"https:\\\/\\\/www.boartlongyear.com\\\/wp-content\\\/uploads\\\/BLY-Double-Stack.png\",\"width\":400,\"height\":100,\"caption\":\"Boart Longyear\"},\"image\":{\"@id\":\"https:\\\/\\\/www.boartlongyear.com\\\/#\\\/schema\\\/logo\\\/image\\\/\"},\"sameAs\":[\"https:\\\/\\\/www.facebook.com\\\/boartlongyearcareers\",\"https:\\\/\\\/x.com\\\/boartlongyear\",\"https:\\\/\\\/www.instagram.com\\\/boartlongyear\",\"https:\\\/\\\/www.linkedin.com\\\/company\\\/boart-longyear\",\"https:\\\/\\\/www.youtube.com\\\/user\\\/BoartLongyear1\"]}]}<\/script>\n<!-- \/ Yoast SEO plugin. -->","yoast_head_json":{"title":"ESG-Sozialpraxis - Boart Longyear","robots":{"index":"index","follow":"follow","max-snippet":"max-snippet:-1","max-image-preview":"max-image-preview:large","max-video-preview":"max-video-preview:-1"},"canonical":"https:\/\/www.boartlongyear.com\/de\/esg-social-practice\/","og_locale":"de_DE","og_type":"article","og_title":"ESG Social Practice - Boart Longyear","og_url":"https:\/\/www.boartlongyear.com\/de\/esg-social-practice\/","og_site_name":"Boart Longyear","article_publisher":"https:\/\/www.facebook.com\/boartlongyearcareers","article_modified_time":"2025-05-22T18:52:01+00:00","og_image":[{"width":2560,"height":1192,"url":"https:\/\/www.boartlongyear.com\/wp-content\/uploads\/CO1A7172-scaled.jpg?_t=1747939922","type":"image\/jpeg"}],"twitter_misc":{"Gesch\u00e4tzte Lesezeit":"4 Minuten"},"schema":{"@context":"https:\/\/schema.org","@graph":[{"@type":"WebPage","@id":"https:\/\/www.boartlongyear.com\/esg-social-practice\/","url":"https:\/\/www.boartlongyear.com\/esg-social-practice\/","name":"ESG-Sozialpraxis - Boart Longyear","isPartOf":{"@id":"https:\/\/www.boartlongyear.com\/#website"},"primaryImageOfPage":{"@id":"https:\/\/www.boartlongyear.com\/esg-social-practice\/#primaryimage"},"image":{"@id":"https:\/\/www.boartlongyear.com\/esg-social-practice\/#primaryimage"},"thumbnailUrl":"https:\/\/www.boartlongyear.com\/wp-content\/uploads\/CO1A7172-scaled.jpg","datePublished":"2022-11-09T22:22:33+00:00","dateModified":"2025-05-22T18:52:01+00:00","breadcrumb":{"@id":"https:\/\/www.boartlongyear.com\/esg-social-practice\/#breadcrumb"},"inLanguage":"de-DE","potentialAction":[{"@type":"ReadAction","target":["https:\/\/www.boartlongyear.com\/esg-social-practice\/"]}]},{"@type":"ImageObject","inLanguage":"de-DE","@id":"https:\/\/www.boartlongyear.com\/esg-social-practice\/#primaryimage","url":"https:\/\/www.boartlongyear.com\/wp-content\/uploads\/CO1A7172-scaled.jpg","contentUrl":"https:\/\/www.boartlongyear.com\/wp-content\/uploads\/CO1A7172-scaled.jpg","width":2560,"height":1192},{"@type":"BreadcrumbList","@id":"https:\/\/www.boartlongyear.com\/esg-social-practice\/#breadcrumb","itemListElement":[{"@type":"ListItem","position":1,"name":"Home","item":"https:\/\/www.boartlongyear.com\/"},{"@type":"ListItem","position":2,"name":"ESG Social Practice"}]},{"@type":"WebSite","@id":"https:\/\/www.boartlongyear.com\/#website","url":"https:\/\/www.boartlongyear.com\/","name":"Boart Longyear","description":"","publisher":{"@id":"https:\/\/www.boartlongyear.com\/#organization"},"potentialAction":[{"@type":"SearchAction","target":{"@type":"EntryPoint","urlTemplate":"https:\/\/www.boartlongyear.com\/?s={search_term_string}"},"query-input":{"@type":"PropertyValueSpecification","valueRequired":true,"valueName":"search_term_string"}}],"inLanguage":"de-DE"},{"@type":"Organization","@id":"https:\/\/www.boartlongyear.com\/#organization","name":"Boart Longyear","url":"https:\/\/www.boartlongyear.com\/","logo":{"@type":"ImageObject","inLanguage":"de-DE","@id":"https:\/\/www.boartlongyear.com\/#\/schema\/logo\/image\/","url":"https:\/\/www.boartlongyear.com\/wp-content\/uploads\/BLY-Double-Stack.png","contentUrl":"https:\/\/www.boartlongyear.com\/wp-content\/uploads\/BLY-Double-Stack.png","width":400,"height":100,"caption":"Boart Longyear"},"image":{"@id":"https:\/\/www.boartlongyear.com\/#\/schema\/logo\/image\/"},"sameAs":["https:\/\/www.facebook.com\/boartlongyearcareers","https:\/\/x.com\/boartlongyear","https:\/\/www.instagram.com\/boartlongyear","https:\/\/www.linkedin.com\/company\/boart-longyear","https:\/\/www.youtube.com\/user\/BoartLongyear1"]}]}},"uagb_featured_image_src":{"full":["https:\/\/www.boartlongyear.com\/wp-content\/uploads\/CO1A7172-scaled.jpg",2560,1192,false],"thumbnail":["https:\/\/www.boartlongyear.com\/wp-content\/uploads\/CO1A7172-200x200.jpg",200,200,true],"medium":["https:\/\/www.boartlongyear.com\/wp-content\/uploads\/CO1A7172-340x158.jpg",340,158,true],"medium_large":["https:\/\/www.boartlongyear.com\/wp-content\/uploads\/CO1A7172-768x358.jpg",640,298,true],"large":["https:\/\/www.boartlongyear.com\/wp-content\/uploads\/CO1A7172-1024x477.jpg",640,298,true],"RoboGalleryMansoryImagesCenter":["https:\/\/www.boartlongyear.com\/wp-content\/uploads\/CO1A7172-600x1024.jpg",600,1024,true],"RoboGalleryPreload":["https:\/\/www.boartlongyear.com\/wp-content\/uploads\/CO1A7172-scaled.jpg",100,47,false],"1536x1536":["https:\/\/www.boartlongyear.com\/wp-content\/uploads\/CO1A7172-1536x715.jpg",1536,715,true],"2048x2048":["https:\/\/www.boartlongyear.com\/wp-content\/uploads\/CO1A7172-2048x954.jpg",2048,954,true],"trp-custom-language-flag":["https:\/\/www.boartlongyear.com\/wp-content\/uploads\/CO1A7172-18x8.jpg",18,8,true],"alm-thumbnail":["https:\/\/www.boartlongyear.com\/wp-content\/uploads\/CO1A7172-150x150.jpg",150,150,true],"tptn_thumbnail":["https:\/\/www.boartlongyear.com\/wp-content\/uploads\/CO1A7172-150x150.jpg",150,150,true]},"uagb_author_info":{"display_name":"Marketing","author_link":"https:\/\/www.boartlongyear.com\/de\/insite\/author\/jamesburris\/"},"uagb_comment_info":0,"uagb_excerpt":null,"_links":{"self":[{"href":"https:\/\/www.boartlongyear.com\/de\/wp-json\/wp\/v2\/pages\/30065","targetHints":{"allow":["GET"]}}],"collection":[{"href":"https:\/\/www.boartlongyear.com\/de\/wp-json\/wp\/v2\/pages"}],"about":[{"href":"https:\/\/www.boartlongyear.com\/de\/wp-json\/wp\/v2\/types\/page"}],"author":[{"embeddable":true,"href":"https:\/\/www.boartlongyear.com\/de\/wp-json\/wp\/v2\/users\/66"}],"replies":[{"embeddable":true,"href":"https:\/\/www.boartlongyear.com\/de\/wp-json\/wp\/v2\/comments?post=30065"}],"version-history":[{"count":0,"href":"https:\/\/www.boartlongyear.com\/de\/wp-json\/wp\/v2\/pages\/30065\/revisions"}],"wp:featuredmedia":[{"embeddable":true,"href":"https:\/\/www.boartlongyear.com\/de\/wp-json\/wp\/v2\/media\/31300"}],"wp:attachment":[{"href":"https:\/\/www.boartlongyear.com\/de\/wp-json\/wp\/v2\/media?parent=30065"}],"curies":[{"name":"wp","href":"https:\/\/api.w.org\/{rel}","templated":true}]}}