{"id":30083,"date":"2022-11-09T15:23:16","date_gmt":"2022-11-09T22:23:16","guid":{"rendered":"https:\/\/www.boartlongyear.com\/?page_id=30083"},"modified":"2022-11-14T22:58:48","modified_gmt":"2022-11-15T05:58:48","slug":"environmental-practice","status":"publish","type":"page","link":"https:\/\/www.boartlongyear.com\/de\/environmental-practice\/","title":{"rendered":"Umweltpraxis"},"content":{"rendered":"<section class=\"tcvpb_section_tc\">\n\t\t\n\t\t<div class=\"tcvpb_section_content\"><div class=\"tcvpb_container\"><div class=\"tcvpb_column_tc_span12\"><div  class=\"tcvpb-image\" ><img decoding=\"async\" src=\"https:\/\/www.boartlongyear.com\/wp-content\/uploads\/Tag-out-3-scaled-e1668027214260.jpg\"><\/div><h1  ><span>Nachhaltige L\u00f6sungen vorantreiben<\/span><\/h1><\/div><\/div><\/div>\n\t\t\n\t\t\n\t<\/section><section class=\"tcvpb_section_tc\">\n\t\t\n\t\t<div class=\"tcvpb_section_content\"><div class=\"tcvpb_container\"><div class=\"tcvpb_column_tc_span7\"><div  class=\"\" >\n<p class=\"p_tc\">Als globales Unternehmen sind wir uns unserer wichtigen Rolle bewusst, einen Beitrag zu leisten und die Gemeinschaften, in denen wir t\u00e4tig sind, zu entwickeln. Ebenso wichtig ist unsere Verantwortung, die Umweltauswirkungen unseres Gesch\u00e4fts zugunsten eben dieser Gemeinschaften zu minimieren. Vor \u00fcber einem Jahrzehnt haben wir unser erstes globales Programm zur \u00f6kologischen Nachhaltigkeit gestartet, das sich auf Luftqualit\u00e4t, Energie- und Wassereinsparung sowie die Minimierung von Abfall und gef\u00e4hrlichen Materialien konzentriert. Seitdem haben wir die Prinzipien der \u00f6kologischen Nachhaltigkeit und der kontinuierlichen Verbesserung in alle unsere Betriebe integriert. Durch die Einbeziehung von Technologie, Innovation und globaler Best Practice haben wir erhebliche Fortschritte bei der Reduzierung unseres Fu\u00dfabdrucks erzielt und gleichzeitig unsere Kunden dabei unterst\u00fctzt, ihre eigenen Umweltziele voranzutreiben.<\/p>\n<\/div><\/div><div class=\"tcvpb_column_tc_span5\"><ul  class=\"tcvpb_shortcode_ul tcvpb-animo-children\" data-animation=\"fadeInDown\" data-trigger_pt=\"0\" data-duration=\"1100\" data-delay=\"0\"><li><i class=\"fa-check\"><\/i> \n<p class=\"p_tc\"><a href=\"#EffectiveEnvironmentalManagement\">Implementierung eines effektiven Umweltmanagementsystems<\/a><\/p>\n<\/li><li><i class=\"fa-check\"><\/i> \n<p class=\"p_tc\"><a href=\"#ConservingEnergy\">Energie sparen<\/a><\/p>\n<\/li><li><i class=\"fa-check\"><\/i> \n<p class=\"p_tc\"><a href=\"#LoweringEmissions\">Emissionen senken<\/a><\/p>\n<\/li><li><i class=\"fa-check\"><\/i> \n<p class=\"p_tc\"><a href=\"#Footprint\">Minimierung des Fu\u00dfabdrucks der Greenfield Exploration<\/a><\/p>\n<\/li><\/ul><\/div><\/div><\/div>\n\t\t\n\t\t\n\t<\/section><section class=\"tcvpb_section_tc\">\n\t\t\n\t\t<div class=\"tcvpb_section_content\"><div class=\"tcvpb_container\"><div class=\"tcvpb_column_tc_span12\"><div  class=\"\" >\n<p class=\"p_tc\">Wir sind bestrebt, die technologisch fortschrittlichste Bohrger\u00e4teflotte zu entwickeln und hochqualifizierte und geschulte Bohrmannschaften anzuziehen und zu halten. In den letzten zehn Jahren haben wir stark in die globale Flottenmodernisierung investiert, hochmoderne, hocheffiziente Motoren gekauft und produziert und \u00e4ltere, weniger effiziente Motoren ausgemustert. F\u00fcr die Zukunft planen wir, unsere Investitionen in neue Bohrtechnologien weiter zu erh\u00f6hen und zu diversifizieren, um unsere Umweltziele erheblich voranzubringen, darunter:<\/p>\n<\/div><ul  class=\"tcvpb_shortcode_ul\" ><li><i class=\"fa-check\"><\/i> \n<p class=\"p_tc\"><strong>Emissionen senken.<\/strong><\/p>\n<\/li><li><i class=\"fa-check\"><\/i> \n<p class=\"p_tc\"><strong>Verringerung des \u201eFu\u00dfabdrucks\u201c der Bohrarbeiten.<\/strong><\/p>\n<\/li><li><i class=\"fa-check\"><\/i> \n<p class=\"p_tc\"><strong>Minimierung des Wasserverbrauchs und der Abfallproduktion.<\/strong><\/p>\n<\/li><li><i class=\"fa-check\"><\/i> \n<p class=\"p_tc\"><strong>Minimierung des Wasserverbrauchs und der Abfallproduktion.<\/strong><\/p>\n<\/li><li><i class=\"fa-check\"><\/i> \n<p class=\"p_tc\"><strong>weniger L\u00e4rm erzeugen.<\/strong><\/p>\n<\/li><li><i class=\"fa-check\"><\/i> \n<p class=\"p_tc\"><strong>Vermeidung oder Verringerung der St\u00f6rung empfindlicher \u00d6kosysteme.<\/strong><\/p>\n<\/li><\/ul><\/div><\/div><\/div>\n\t\t\n\t\t\n\t<\/section><section class=\"tcvpb_section_tc\">\n\t\t\n\t\t<div class=\"tcvpb_section_content\"><div class=\"tcvpb_container\"><div class=\"tcvpb_column_tc_span12\"><h2 id=\"EffectiveEnvironmentalManagement\" ><span>Effektives Umweltmanagement<\/span><\/h2><div  class=\"\" >\n<p class=\"p_tc\">Unser Ansatz zum Umweltmanagement ist in unserer Umwelt-, Gesundheits- und Sicherheitsrichtlinie (EHS) verankert, die das Verhalten aller Mitarbeiter, leitenden Angestellten und Direktoren von Boart Longyear regelt. Jeder von uns tr\u00e4gt die individuelle und kollektive Verantwortung, die Umwelt und die Gemeinschaften, in denen wir t\u00e4tig sind, zu sch\u00fctzen und gleichzeitig darauf zu achten, im Streben nach EHS-Exzellenz kontinuierliche Verbesserungen zu erzielen. Alle neu eingestellten Mitarbeiter absolvieren obligatorische Umweltschulungen sowie berufsspezifische Umweltsicherheitspl\u00e4ne und Schulungen, die die Mitarbeiter auf Folgendes vorbereiten:<\/p>\n<\/div><ul  class=\"tcvpb_shortcode_ul\" ><li><i class=\"fa-check\"><\/i> \n<p class=\"p_tc\"><strong>Probleme der Arbeitsplatzumgebung und die verf\u00fcgbaren Kontrollen verstehen.<\/strong><\/p>\n<\/li><li><i class=\"fa-check\"><\/i> \n<p class=\"p_tc\"><strong>Verstehen Sie die wichtigsten lokalen Gesetze an bestimmten Standorten.<\/strong><\/p>\n<\/li><li><i class=\"fa-check\"><\/i> \n<p class=\"p_tc\"><strong>Gef\u00e4hrdungsbeurteilungen durchf\u00fchren.<\/strong><\/p>\n<\/li><li><i class=\"fa-check\"><\/i> \n<p class=\"p_tc\"><strong>Meldung von Umwelt-\/Erbeproblemen an das zust\u00e4ndige Personal.<\/strong><\/p>\n<\/li><\/ul><\/div><\/div><\/div>\n\t\t\n\t\t\n\t<\/section><section class=\"tcvpb_section_tc\">\n\t\t\n\t\t<div class=\"tcvpb_section_content\"><div class=\"tcvpb_container\"><div class=\"tcvpb_column_tc_span12\"><h2 id=\"ConservingEnergy\" ><span>Energie sparen<\/span><\/h2><div  class=\"\" >\n<p class=\"p_tc\">Die Minimierung des Energieverbrauchs ist ein prim\u00e4res Mittel zur Reduzierung unseres CO2-Fu\u00dfabdrucks und eine Priorit\u00e4t in allen unseren weltweiten Einrichtungen und Betrieben. Wir ergreifen eine Reihe von Ma\u00dfnahmen, um den Energieverbrauch an unseren st\u00e4ndigen Einrichtungen und Baustellen zu reduzieren, darunter:<\/p>\n<\/div><ul  class=\"tcvpb_shortcode_ul\" ><li><i class=\"fa-check\"><\/i> \n<p class=\"p_tc\"><strong>Verfolgung und Verwaltung des Stromverbrauchs.<\/strong><\/p>\n<\/li><li><i class=\"fa-check\"><\/i> \n<p class=\"p_tc\"><strong>Bewertung von Energieeffizienzm\u00f6glichkeiten.<\/strong><\/p>\n<\/li><li><i class=\"fa-check\"><\/i> \n<p class=\"p_tc\"><strong>Bewertung von M\u00f6glichkeiten f\u00fcr alternative Energienutzung.<\/strong><\/p>\n<\/li><li><i class=\"fa-check\"><\/i> \n<p class=\"p_tc\"><strong>Ersetzen \u00e4lterer HVAC-Systeme durch neuere, effizientere Modelle.<\/strong><\/p>\n<\/li><li><i class=\"fa-check\"><\/i> \n<p class=\"p_tc\"><strong>Installation von LED-Ladenbeleuchtung und energieeffizienten Systemen in Einrichtungen, wo m\u00f6glich.<\/strong><\/p>\n<\/li><\/ul><\/div><\/div><\/div>\n\t\t\n\t\t\n\t<\/section><section class=\"tcvpb_section_tc\">\n\t\t\n\t\t<div class=\"tcvpb_section_content\"><div class=\"tcvpb_container\"><div class=\"tcvpb_column_tc_span12\"><h2 id=\"LoweringEmissions\" ><span>Emissionen senken<\/span><\/h2><div  class=\"\" >\n<p class=\"p_tc\">Elektromotoren treiben derzeit 35% unserer Bohrger\u00e4teflotte an, was unseren CO2-Fu\u00dfabdruck erheblich reduziert hat und es unseren Kunden erm\u00f6glicht, ihre eigenen Ziele zur Emissionsreduzierung zu erreichen. In Zukunft werden die meisten unserer Investitionen in neue Technologien investiert, um die Produktivit\u00e4t zu verbessern und unsere Umweltziele voranzubringen. Dazu geh\u00f6rt der Einbau neuer, emissions\u00e4rmerer, sauberer Motoren in unsere bestehende Flotte mit dem Ziel, dass alle Motoren eine Dieselemissionsbewertung von Tier 3 oder besser haben.<\/p>\n<\/div><\/div><\/div><\/div>\n\t\t\n\t\t\n\t<\/section><section class=\"tcvpb_section_tc\">\n\t\t\n\t\t<div class=\"tcvpb_section_content\"><div class=\"tcvpb_container\"><div class=\"tcvpb_column_tc_span12\"><h2 id=\"Footprint\" ><span>Minimierung des Fu\u00dfabdrucks der Greenfield Exploration<\/span><\/h2><div  class=\"\" >\n<p class=\"p_tc\">An Explorationsstandorten auf der gr\u00fcnen Wiese ergreift Boart Longyear mehrere Ma\u00dfnahmen, um die Auswirkungen auf Flora und Fauna zu mildern, indem es f\u00fcr solche Situationen und abgelegene Standorte Hubschrauber-Rigs einsetzt. Der LF\u212270 von Boart Longyear verringert die Umweltbelastung an einem Bohrstandort erheblich. Mit nur sieben Komponenten dauert die Demontage weniger als eine Stunde und die gleiche Zeit, um das Rig wieder zusammenzubauen. Besonderes Augenmerk wurde auf das Design des Bohrers gelegt, einschlie\u00dflich Gesamtgewicht und Abmessungen. Jede der sieben Komponenten wiegt weniger als 585 kg und l\u00e4sst sich leicht per Hubschrauber transportieren, sodass keine neuen Stra\u00dfen gebaut werden m\u00fcssen, um abgelegene oder scheinbar unzug\u00e4ngliche Orte zu erreichen.<\/p>\n<\/div><span class=\"clear\" style=\"height:45px;display:block;\"><\/span><\/div><\/div><\/div>\n\t\t\n\t\t\n\t<\/section>","protected":false},"excerpt":{"rendered":"","protected":false},"author":66,"featured_media":30084,"parent":0,"menu_order":0,"comment_status":"closed","ping_status":"closed","template":"sidebar-dynamic.php","meta":{"_uag_custom_page_level_css":"","_monsterinsights_skip_tracking":false,"_monsterinsights_sitenote_active":false,"_monsterinsights_sitenote_note":"","_monsterinsights_sitenote_category":0,"footnotes":""},"class_list":["post-30083","page","type-page","status-publish","has-post-thumbnail","hentry"],"acf":[],"yoast_head":"<!-- This site is optimized with the Yoast SEO plugin v27.4 - https:\/\/yoast.com\/product\/yoast-seo-wordpress\/ -->\n<title>Environmental Practice - Boart Longyear<\/title>\n<meta name=\"robots\" content=\"index, follow, max-snippet:-1, max-image-preview:large, max-video-preview:-1\" \/>\n<link rel=\"canonical\" href=\"https:\/\/www.boartlongyear.com\/de\/environmental-practice\/\" \/>\n<meta property=\"og:locale\" content=\"de_DE\" \/>\n<meta property=\"og:type\" content=\"article\" \/>\n<meta property=\"og:title\" content=\"Environmental Practice - Boart Longyear\" \/>\n<meta property=\"og:url\" content=\"https:\/\/www.boartlongyear.com\/de\/environmental-practice\/\" \/>\n<meta property=\"og:site_name\" content=\"Boart Longyear\" \/>\n<meta property=\"article:publisher\" content=\"https:\/\/www.facebook.com\/boartlongyearcareers\" \/>\n<meta property=\"article:modified_time\" content=\"2022-11-15T05:58:48+00:00\" \/>\n<meta property=\"og:image\" content=\"https:\/\/www.boartlongyear.com\/wp-content\/uploads\/Tag-out-3-scaled-e1668027214260.jpg\" \/>\n\t<meta property=\"og:image:width\" content=\"2000\" \/>\n\t<meta property=\"og:image:height\" content=\"1334\" \/>\n\t<meta property=\"og:image:type\" content=\"image\/jpeg\" \/>\n<meta name=\"twitter:label1\" content=\"Gesch\u00e4tzte Lesezeit\" \/>\n\t<meta name=\"twitter:data1\" content=\"4 Minuten\" \/>\n<script type=\"application\/ld+json\" class=\"yoast-schema-graph\">{\"@context\":\"https:\\\/\\\/schema.org\",\"@graph\":[{\"@type\":\"WebPage\",\"@id\":\"https:\\\/\\\/www.boartlongyear.com\\\/environmental-practice\\\/\",\"url\":\"https:\\\/\\\/www.boartlongyear.com\\\/environmental-practice\\\/\",\"name\":\"Environmental Practice - Boart Longyear\",\"isPartOf\":{\"@id\":\"https:\\\/\\\/www.boartlongyear.com\\\/#website\"},\"primaryImageOfPage\":{\"@id\":\"https:\\\/\\\/www.boartlongyear.com\\\/environmental-practice\\\/#primaryimage\"},\"image\":{\"@id\":\"https:\\\/\\\/www.boartlongyear.com\\\/environmental-practice\\\/#primaryimage\"},\"thumbnailUrl\":\"https:\\\/\\\/www.boartlongyear.com\\\/wp-content\\\/uploads\\\/Tag-out-3-scaled-e1668027214260.jpg\",\"datePublished\":\"2022-11-09T22:23:16+00:00\",\"dateModified\":\"2022-11-15T05:58:48+00:00\",\"breadcrumb\":{\"@id\":\"https:\\\/\\\/www.boartlongyear.com\\\/environmental-practice\\\/#breadcrumb\"},\"inLanguage\":\"de-DE\",\"potentialAction\":[{\"@type\":\"ReadAction\",\"target\":[\"https:\\\/\\\/www.boartlongyear.com\\\/environmental-practice\\\/\"]}]},{\"@type\":\"ImageObject\",\"inLanguage\":\"de-DE\",\"@id\":\"https:\\\/\\\/www.boartlongyear.com\\\/environmental-practice\\\/#primaryimage\",\"url\":\"https:\\\/\\\/www.boartlongyear.com\\\/wp-content\\\/uploads\\\/Tag-out-3-scaled-e1668027214260.jpg\",\"contentUrl\":\"https:\\\/\\\/www.boartlongyear.com\\\/wp-content\\\/uploads\\\/Tag-out-3-scaled-e1668027214260.jpg\",\"width\":2000,\"height\":1334},{\"@type\":\"BreadcrumbList\",\"@id\":\"https:\\\/\\\/www.boartlongyear.com\\\/environmental-practice\\\/#breadcrumb\",\"itemListElement\":[{\"@type\":\"ListItem\",\"position\":1,\"name\":\"Home\",\"item\":\"https:\\\/\\\/www.boartlongyear.com\\\/\"},{\"@type\":\"ListItem\",\"position\":2,\"name\":\"Environmental Practice\"}]},{\"@type\":\"WebSite\",\"@id\":\"https:\\\/\\\/www.boartlongyear.com\\\/#website\",\"url\":\"https:\\\/\\\/www.boartlongyear.com\\\/\",\"name\":\"Boart Longyear\",\"description\":\"\",\"publisher\":{\"@id\":\"https:\\\/\\\/www.boartlongyear.com\\\/#organization\"},\"potentialAction\":[{\"@type\":\"SearchAction\",\"target\":{\"@type\":\"EntryPoint\",\"urlTemplate\":\"https:\\\/\\\/www.boartlongyear.com\\\/?s={search_term_string}\"},\"query-input\":{\"@type\":\"PropertyValueSpecification\",\"valueRequired\":true,\"valueName\":\"search_term_string\"}}],\"inLanguage\":\"de-DE\"},{\"@type\":\"Organization\",\"@id\":\"https:\\\/\\\/www.boartlongyear.com\\\/#organization\",\"name\":\"Boart Longyear\",\"url\":\"https:\\\/\\\/www.boartlongyear.com\\\/\",\"logo\":{\"@type\":\"ImageObject\",\"inLanguage\":\"de-DE\",\"@id\":\"https:\\\/\\\/www.boartlongyear.com\\\/#\\\/schema\\\/logo\\\/image\\\/\",\"url\":\"https:\\\/\\\/www.boartlongyear.com\\\/wp-content\\\/uploads\\\/BLY-Double-Stack.png\",\"contentUrl\":\"https:\\\/\\\/www.boartlongyear.com\\\/wp-content\\\/uploads\\\/BLY-Double-Stack.png\",\"width\":400,\"height\":100,\"caption\":\"Boart Longyear\"},\"image\":{\"@id\":\"https:\\\/\\\/www.boartlongyear.com\\\/#\\\/schema\\\/logo\\\/image\\\/\"},\"sameAs\":[\"https:\\\/\\\/www.facebook.com\\\/boartlongyearcareers\",\"https:\\\/\\\/x.com\\\/boartlongyear\",\"https:\\\/\\\/www.instagram.com\\\/boartlongyear\",\"https:\\\/\\\/www.linkedin.com\\\/company\\\/boart-longyear\",\"https:\\\/\\\/www.youtube.com\\\/user\\\/BoartLongyear1\"]}]}<\/script>\n<!-- \/ Yoast SEO plugin. -->","yoast_head_json":{"title":"Umweltpraxis - Boart Longyear","robots":{"index":"index","follow":"follow","max-snippet":"max-snippet:-1","max-image-preview":"max-image-preview:large","max-video-preview":"max-video-preview:-1"},"canonical":"https:\/\/www.boartlongyear.com\/de\/environmental-practice\/","og_locale":"de_DE","og_type":"article","og_title":"Environmental Practice - Boart Longyear","og_url":"https:\/\/www.boartlongyear.com\/de\/environmental-practice\/","og_site_name":"Boart Longyear","article_publisher":"https:\/\/www.facebook.com\/boartlongyearcareers","article_modified_time":"2022-11-15T05:58:48+00:00","og_image":[{"width":2000,"height":1334,"url":"https:\/\/www.boartlongyear.com\/wp-content\/uploads\/Tag-out-3-scaled-e1668027214260.jpg","type":"image\/jpeg"}],"twitter_misc":{"Gesch\u00e4tzte Lesezeit":"4 Minuten"},"schema":{"@context":"https:\/\/schema.org","@graph":[{"@type":"WebPage","@id":"https:\/\/www.boartlongyear.com\/environmental-practice\/","url":"https:\/\/www.boartlongyear.com\/environmental-practice\/","name":"Umweltpraxis - Boart Longyear","isPartOf":{"@id":"https:\/\/www.boartlongyear.com\/#website"},"primaryImageOfPage":{"@id":"https:\/\/www.boartlongyear.com\/environmental-practice\/#primaryimage"},"image":{"@id":"https:\/\/www.boartlongyear.com\/environmental-practice\/#primaryimage"},"thumbnailUrl":"https:\/\/www.boartlongyear.com\/wp-content\/uploads\/Tag-out-3-scaled-e1668027214260.jpg","datePublished":"2022-11-09T22:23:16+00:00","dateModified":"2022-11-15T05:58:48+00:00","breadcrumb":{"@id":"https:\/\/www.boartlongyear.com\/environmental-practice\/#breadcrumb"},"inLanguage":"de-DE","potentialAction":[{"@type":"ReadAction","target":["https:\/\/www.boartlongyear.com\/environmental-practice\/"]}]},{"@type":"ImageObject","inLanguage":"de-DE","@id":"https:\/\/www.boartlongyear.com\/environmental-practice\/#primaryimage","url":"https:\/\/www.boartlongyear.com\/wp-content\/uploads\/Tag-out-3-scaled-e1668027214260.jpg","contentUrl":"https:\/\/www.boartlongyear.com\/wp-content\/uploads\/Tag-out-3-scaled-e1668027214260.jpg","width":2000,"height":1334},{"@type":"BreadcrumbList","@id":"https:\/\/www.boartlongyear.com\/environmental-practice\/#breadcrumb","itemListElement":[{"@type":"ListItem","position":1,"name":"Home","item":"https:\/\/www.boartlongyear.com\/"},{"@type":"ListItem","position":2,"name":"Environmental Practice"}]},{"@type":"WebSite","@id":"https:\/\/www.boartlongyear.com\/#website","url":"https:\/\/www.boartlongyear.com\/","name":"Boart Longyear","description":"","publisher":{"@id":"https:\/\/www.boartlongyear.com\/#organization"},"potentialAction":[{"@type":"SearchAction","target":{"@type":"EntryPoint","urlTemplate":"https:\/\/www.boartlongyear.com\/?s={search_term_string}"},"query-input":{"@type":"PropertyValueSpecification","valueRequired":true,"valueName":"search_term_string"}}],"inLanguage":"de-DE"},{"@type":"Organization","@id":"https:\/\/www.boartlongyear.com\/#organization","name":"Boart Longyear","url":"https:\/\/www.boartlongyear.com\/","logo":{"@type":"ImageObject","inLanguage":"de-DE","@id":"https:\/\/www.boartlongyear.com\/#\/schema\/logo\/image\/","url":"https:\/\/www.boartlongyear.com\/wp-content\/uploads\/BLY-Double-Stack.png","contentUrl":"https:\/\/www.boartlongyear.com\/wp-content\/uploads\/BLY-Double-Stack.png","width":400,"height":100,"caption":"Boart Longyear"},"image":{"@id":"https:\/\/www.boartlongyear.com\/#\/schema\/logo\/image\/"},"sameAs":["https:\/\/www.facebook.com\/boartlongyearcareers","https:\/\/x.com\/boartlongyear","https:\/\/www.instagram.com\/boartlongyear","https:\/\/www.linkedin.com\/company\/boart-longyear","https:\/\/www.youtube.com\/user\/BoartLongyear1"]}]}},"uagb_featured_image_src":{"full":["https:\/\/www.boartlongyear.com\/wp-content\/uploads\/Tag-out-3-scaled-e1668027214260.jpg",2000,1334,false],"thumbnail":["https:\/\/www.boartlongyear.com\/wp-content\/uploads\/Tag-out-3-scaled-e1668027214260-200x200.jpg",200,200,true],"medium":["https:\/\/www.boartlongyear.com\/wp-content\/uploads\/Tag-out-3-scaled-e1668027214260-340x227.jpg",340,227,true],"medium_large":["https:\/\/www.boartlongyear.com\/wp-content\/uploads\/Tag-out-3-scaled-e1668027214260-768x512.jpg",640,427,true],"large":["https:\/\/www.boartlongyear.com\/wp-content\/uploads\/Tag-out-3-scaled-e1668027214260-1024x683.jpg",640,427,true],"RoboGalleryMansoryImagesCenter":["https:\/\/www.boartlongyear.com\/wp-content\/uploads\/Tag-out-3-scaled-e1668027214260-600x1024.jpg",600,1024,true],"RoboGalleryPreload":["https:\/\/www.boartlongyear.com\/wp-content\/uploads\/Tag-out-3-scaled-e1668027214260.jpg",100,67,false],"1536x1536":["https:\/\/www.boartlongyear.com\/wp-content\/uploads\/Tag-out-3-scaled-e1668027214260-1536x1025.jpg",1536,1025,true],"2048x2048":["https:\/\/www.boartlongyear.com\/wp-content\/uploads\/Tag-out-3-2048x1365.jpg",2048,1365,true],"trp-custom-language-flag":["https:\/\/www.boartlongyear.com\/wp-content\/uploads\/Tag-out-3-scaled-e1668027214260-18x12.jpg",18,12,true],"alm-thumbnail":["https:\/\/www.boartlongyear.com\/wp-content\/uploads\/Tag-out-3-scaled-e1668027214260-150x150.jpg",150,150,true],"tptn_thumbnail":["https:\/\/www.boartlongyear.com\/wp-content\/uploads\/Tag-out-3-scaled-e1668027214260-150x150.jpg",150,150,true]},"uagb_author_info":{"display_name":"Marketing","author_link":"https:\/\/www.boartlongyear.com\/de\/insite\/author\/jamesburris\/"},"uagb_comment_info":0,"uagb_excerpt":null,"_links":{"self":[{"href":"https:\/\/www.boartlongyear.com\/de\/wp-json\/wp\/v2\/pages\/30083","targetHints":{"allow":["GET"]}}],"collection":[{"href":"https:\/\/www.boartlongyear.com\/de\/wp-json\/wp\/v2\/pages"}],"about":[{"href":"https:\/\/www.boartlongyear.com\/de\/wp-json\/wp\/v2\/types\/page"}],"author":[{"embeddable":true,"href":"https:\/\/www.boartlongyear.com\/de\/wp-json\/wp\/v2\/users\/66"}],"replies":[{"embeddable":true,"href":"https:\/\/www.boartlongyear.com\/de\/wp-json\/wp\/v2\/comments?post=30083"}],"version-history":[{"count":0,"href":"https:\/\/www.boartlongyear.com\/de\/wp-json\/wp\/v2\/pages\/30083\/revisions"}],"wp:featuredmedia":[{"embeddable":true,"href":"https:\/\/www.boartlongyear.com\/de\/wp-json\/wp\/v2\/media\/30084"}],"wp:attachment":[{"href":"https:\/\/www.boartlongyear.com\/de\/wp-json\/wp\/v2\/media?parent=30083"}],"curies":[{"name":"wp","href":"https:\/\/api.w.org\/{rel}","templated":true}]}}