{"id":7461,"date":"2013-07-17T07:58:48","date_gmt":"2013-07-17T13:58:48","guid":{"rendered":"http:\/\/blystaging.sawayaconsulting.com\/?page_id=7461"},"modified":"2017-10-17T11:18:24","modified_gmt":"2017-10-17T17:18:24","slug":"warranty","status":"publish","type":"page","link":"https:\/\/www.boartlongyear.com\/de\/warranty\/","title":{"rendered":"Garantie"},"content":{"rendered":"<h1>GARANTIE<\/h1>\n<p>Eingeschr\u00e4nkte Garantie.<\/p>\n<p>(a) Verbrauchsmaterialien BOART LONGYEAR garantiert f\u00fcr einen Zeitraum von einem (1) Jahr ab dem Versanddatum der von ihm hergestellten Verbrauchsartikel oder der Erbringung damit verbundener Dienstleistungen im Rahmen des Vertrages, dass diese Verbrauchsmaterialien frei von Material- und Verarbeitungsfehlern sind dienstleistungen werden professionell und fachm\u00e4nnisch erbracht; Die Garantiezeit beginnt jedoch f\u00fcr Verbrauchsg\u00fcter, die \u00fcber einen autorisierten BOART LONGYEAR-Vertriebspartner erworben wurden, am Datum des Kaufs durch den Endbenutzer.<\/p>\n<p>(b) Kapitalausstattung. BOART LONGYEAR garantiert f\u00fcr einen Zeitraum, der dem k\u00fcrzeren von (i) einem (1) Jahr nach dem Versanddatum oder (ii) der ersten 1.000 Betriebsstunden entspricht. BOART LONGYEAR garantiert f\u00fcr einen Zeitraum von sechs (6) Monaten nach Erbringung der zugeh\u00f6rigen Dienstleistungen, dass diese Dienstleistungen professionell und fachkundig ausgef\u00fchrt werden.<\/p>\n<p>(c) Allgemeine Gesch\u00e4ftsbedingungen. BOART LONGYEAR gew\u00e4hrleistet ferner, dass alle von ihr hergestellten Waren und erbrachten Dienstleistungen, soweit anwendbar, zum Zeitpunkt des Versands oder der Leistung den von den Parteien vereinbarten schriftlichen Spezifikationen entsprechen. DAS IST BOART LONGYEARS EINZIGE GARANTIE. BOART LONGYEAR \u00dcBERNIMMT KEINE ANDEREN GEW\u00c4HRLEISTUNGEN, EINSCHLIESSLICH OHNE EINSCHR\u00c4NKUNG, JEGLICHE GEW\u00c4HRLEISTUNG DER MARKTF\u00c4HIGKEIT ODER EIGNUNG F\u00dcR EINEN BESTIMMTEN ZWECK. Als Voraussetzung f\u00fcr die Gew\u00e4hrleistungsverpflichtungen von BOART LONGYEAR m\u00fcssen alle Waren, die aufgrund der vorstehenden Gew\u00e4hrleistung als mangelhaft gelten, an die von BOART LONGYEAR bezeichnete Einrichtung zur\u00fcckgegeben werden. Diese R\u00fccksendung ist unverz\u00fcglich nach Feststellung des angeblichen Mangels durch den K\u00e4ufer vorzunehmen. In Bezug auf Verbrauchsmaterialien, die \u00fcber einen autorisierten BOART LONGYEARTM-Vertriebspartner erworben wurden, muss der Garantieanspruchspartner auch einen angemessenen Nachweis f\u00fcr das Kaufdatum an BOART LONGYEAR erbringen. BOART LONGYEAR f\u00fchrt die Pr\u00fcfung der vom K\u00e4ufer zur\u00fcckgesendeten Waren durch und unterrichtet den K\u00e4ufer innerhalb von drei\u00dfig (30) Tagen nach Erhalt dieser Waren vom K\u00e4ufer oder, falls eine l\u00e4ngere Zeit f\u00fcr die Durchf\u00fchrung der Pr\u00fcfung erforderlich ist, innerhalb einer Frist, die durch angemessene Sorgfalt erforderlich w\u00e4re. Als eine weitere Bedingung f\u00fcr die Verpflichtungen von BOART LONGYEAR aus Gew\u00e4hrleistungsverst\u00f6\u00dfen bietet der K\u00e4ufer eine angemessene Zusammenarbeit an und unterst\u00fctzt BOART LONGYEAR bei der \u00dcberpr\u00fcfung von Garantieanspr\u00fcchen durch BOART LONGYEAR. Auf Wunsch des K\u00e4ufers wird BOART LONGYEAR auf Kosten von BOART LONGYEAR umgehend repariert oder ersetzt. Waren, die gem\u00e4\u00df der hierin festgelegten Gew\u00e4hrleistung von BOART LONGYEAR nicht \u00fcbereinstimmen. Der Aus- und Einbau der Ware erfolgt auf Kosten des K\u00e4ufers. BOART LONGYEAR beh\u00e4lt sich das Recht vor, dem K\u00e4ufer einen Betrag zu erstatten, der dem Kaufpreis der fehlerhaften Waren entspricht, anstatt reparierte oder ersetzte Waren bereitzustellen. Ungeachtet anderslautender Bestimmungen in diesem Dokument ist BOART LONGYEAR auf keinen Fall f\u00fcr einen Versto\u00df gegen die Garantie oder auf andere Weise in irgendeiner Weise verantwortlich f\u00fcr: (i) normale Abnutzung und Verschlei\u00df; (ii) Korrosion, Abrieb oder Erosion; (iii) Waren, Komponenten, Teile, Software oder Dienstleistungen, die nach Lieferung oder Leistung von BOART LONGYEAR einem Unfall, Missbrauch, falscher Anwendung, Modifikation, unsachgem\u00e4\u00dfer Reparatur, \u00c4nderung, unsachgem\u00e4\u00dfer Installation oder Wartung, Vernachl\u00e4ssigung oder \u00fcberm\u00e4\u00dfigem Betrieb ausgesetzt wurden Bedingungen; (iv) M\u00e4ngel, die sich aus den Spezifikationen oder Konstruktionen des K\u00e4ufers oder denen seiner Auftragnehmer oder Unterauftragnehmer als BOART LONGYEAR ergeben; (v) M\u00e4ngel in Verbindung mit Verschlei\u00dfteilen oder Materialien, deren Lebensdauer unter der in diesem Abschnitt angegebenen Garantiezeit liegt; (vi) M\u00e4ngel in Verbindung mit den Spezifikationen oder Konstruktionen des K\u00e4ufers oder denjenigen seiner Auftragnehmer oder Unterauftragnehmer, die nicht BOART LONGYEAR sind; (vii) 119 M\u00e4ngel, die sich aus der Herstellung, dem Vertrieb, der Verkaufsf\u00f6rderung oder dem Verkauf eigener Produkte des K\u00e4ufers ergeben; oder (viii) Zubeh\u00f6r jeglicher Art, die vom K\u00e4ufer verwendet wird und nicht von BOART LONGYEAR hergestellt oder genehmigt wurde.<\/p>\n<p>(d) Rohwaren. Wenn die defekten Teile oder Komponenten nicht von BOART LONGYEAR hergestellt werden, \u00fcbernimmt der K\u00e4ufer die Garantie des Herstellers dieser defekten Teile oder Komponenten und ist die einzige Garantie, die dem K\u00e4ufer hinsichtlich der defekten Teile oder Komponenten gegeben wird. BOART LONGYEAR verpflichtet sich, dem K\u00e4ufer auf Verlangen des K\u00e4ufers den Garantieanspruch oder die Inanspruchnahme der fehlerhaften Teile oder Komponenten, die der Hersteller BOART LONGYEAR im Rahmen eines Vertrages oder einer stillschweigenden oder gesetzm\u00e4\u00dfigen Wirkung einger\u00e4umt hat, an den K\u00e4ufer abzutreten Der Nutzen einer Garantie oder eines Anspruchs ist abtretbar.<\/p>\n<p>(e) Haftungsbeschr\u00e4nkung. Vorbehaltlich der Bestimmungen in diesem Dokument haftet BOART LONGYEAR in keinem Fall f\u00fcr indirekte, zuf\u00e4llige, besondere, Folge-, Straf- oder \u00e4hnliche Sch\u00e4den, einschlie\u00dflich entgangenen Gewinns, Datenverlust oder Betriebsunterbrechungssch\u00e4den. Die Gesamthaftung von BOART LONGYEAR aus dem Vertrag \u00fcbersteigt in keinem Fall den Wert des Vertrages, unter dem die Haftung geltend gemacht wird. Die Haftungsbeschr\u00e4nkungen gelten auch dann, wenn BOART LONGYEAR \u00fcber die M\u00f6glichkeit oder die Wahrscheinlichkeit eines solchen Schadens informiert wurde und unabh\u00e4ngig von der Art der Ma\u00dfnahme, sei es bei Vertrag, Fahrl\u00e4ssigkeit, verschuldensunabh\u00e4ngiger Haftung, unerlaubter Handlung, Produkthaftung oder anderweitig. Die Parteien sind sich einig, dass diese Haftungsgrenzen trotz Beendigung oder Ablauf eines Vertrages in Kraft bleiben und in Kraft bleiben. Jede Klage des K\u00e4ufers gegen BOART LONGYEAR muss innerhalb eines Jahres nach Entstehung des Klagegrundes eingeleitet werden. Kein Mitarbeiter oder Vertreter von BOART LONGYEAR ist befugt, eine andere Garantie als die hierin festgelegten zu geben. Die Bestimmungen in den von BOART LONGYEAR herausgegebenen Spezifikationen, Brosch\u00fcren oder Diagrammen dienen nur der Beschreibung und sind keine Garantien.<\/p>\n<p>&nbsp;<\/p>\n<p>&nbsp;<\/p>","protected":false},"excerpt":{"rendered":"<p>WARRANTY Limited Warranty. (a) Consumables. BOART LONGYEAR warrants for a period of one (1) year after the date of shipment of the consumable products manufactured by it, or the performance of related services, under the Contract, that such consumable products are free from defects in materials and workmanship and such services are performed in a [&hellip;]<\/p>\n","protected":false},"author":66,"featured_media":0,"parent":0,"menu_order":0,"comment_status":"open","ping_status":"open","template":"sidebar-dynamic.php","meta":{"_uag_custom_page_level_css":"","_monsterinsights_skip_tracking":false,"_monsterinsights_sitenote_active":false,"_monsterinsights_sitenote_note":"","_monsterinsights_sitenote_category":0,"footnotes":""},"class_list":["post-7461","page","type-page","status-publish","hentry"],"acf":[],"yoast_head":"<!-- This site is optimized with the Yoast SEO plugin v27.5 - https:\/\/yoast.com\/product\/yoast-seo-wordpress\/ -->\n<title>Warranty \u2014 Products and Services of Boart Longyear<\/title>\n<meta name=\"description\" content=\"Boart Longyear&#039;s warranty is for one year after the date of shipment of the consumable products manufactured by it, or the performance of related services.\" \/>\n<meta name=\"robots\" content=\"index, follow, max-snippet:-1, max-image-preview:large, max-video-preview:-1\" \/>\n<link rel=\"canonical\" href=\"https:\/\/www.boartlongyear.com\/de\/warranty\/\" \/>\n<meta property=\"og:locale\" content=\"de_DE\" \/>\n<meta property=\"og:type\" content=\"article\" \/>\n<meta property=\"og:title\" content=\"Warranty \u2014 Products and Services of Boart Longyear\" \/>\n<meta property=\"og:description\" content=\"Boart Longyear&#039;s warranty is for one year after the date of shipment of the consumable products manufactured by it, or the performance of related services.\" \/>\n<meta property=\"og:url\" content=\"https:\/\/www.boartlongyear.com\/de\/warranty\/\" \/>\n<meta property=\"og:site_name\" content=\"Boart Longyear\" \/>\n<meta property=\"article:publisher\" content=\"https:\/\/www.facebook.com\/boartlongyearcareers\" \/>\n<meta property=\"article:modified_time\" content=\"2017-10-17T17:18:24+00:00\" \/>\n<meta name=\"twitter:label1\" content=\"Gesch\u00e4tzte Lesezeit\" \/>\n\t<meta name=\"twitter:data1\" content=\"5 Minuten\" \/>\n<script type=\"application\/ld+json\" class=\"yoast-schema-graph\">{\"@context\":\"https:\\\/\\\/schema.org\",\"@graph\":[{\"@type\":\"WebPage\",\"@id\":\"https:\\\/\\\/www.boartlongyear.com\\\/fr\\\/warranty\\\/\",\"url\":\"https:\\\/\\\/www.boartlongyear.com\\\/fr\\\/warranty\\\/\",\"name\":\"Warranty \u2014 Products and Services of Boart Longyear\",\"isPartOf\":{\"@id\":\"https:\\\/\\\/www.boartlongyear.com\\\/#website\"},\"datePublished\":\"2013-07-17T13:58:48+00:00\",\"dateModified\":\"2017-10-17T17:18:24+00:00\",\"description\":\"Boart Longyear's warranty is for one year after the date of shipment of the consumable products manufactured by it, or the performance of related services.\",\"breadcrumb\":{\"@id\":\"https:\\\/\\\/www.boartlongyear.com\\\/fr\\\/warranty\\\/#breadcrumb\"},\"inLanguage\":\"de-DE\",\"potentialAction\":[{\"@type\":\"ReadAction\",\"target\":[\"https:\\\/\\\/www.boartlongyear.com\\\/fr\\\/warranty\\\/\"]}]},{\"@type\":\"BreadcrumbList\",\"@id\":\"https:\\\/\\\/www.boartlongyear.com\\\/fr\\\/warranty\\\/#breadcrumb\",\"itemListElement\":[{\"@type\":\"ListItem\",\"position\":1,\"name\":\"Home\",\"item\":\"https:\\\/\\\/www.boartlongyear.com\\\/\"},{\"@type\":\"ListItem\",\"position\":2,\"name\":\"Warranty\"}]},{\"@type\":\"WebSite\",\"@id\":\"https:\\\/\\\/www.boartlongyear.com\\\/#website\",\"url\":\"https:\\\/\\\/www.boartlongyear.com\\\/\",\"name\":\"Boart Longyear\",\"description\":\"\",\"publisher\":{\"@id\":\"https:\\\/\\\/www.boartlongyear.com\\\/#organization\"},\"potentialAction\":[{\"@type\":\"SearchAction\",\"target\":{\"@type\":\"EntryPoint\",\"urlTemplate\":\"https:\\\/\\\/www.boartlongyear.com\\\/?s={search_term_string}\"},\"query-input\":{\"@type\":\"PropertyValueSpecification\",\"valueRequired\":true,\"valueName\":\"search_term_string\"}}],\"inLanguage\":\"de-DE\"},{\"@type\":\"Organization\",\"@id\":\"https:\\\/\\\/www.boartlongyear.com\\\/#organization\",\"name\":\"Boart Longyear\",\"url\":\"https:\\\/\\\/www.boartlongyear.com\\\/\",\"logo\":{\"@type\":\"ImageObject\",\"inLanguage\":\"de-DE\",\"@id\":\"https:\\\/\\\/www.boartlongyear.com\\\/#\\\/schema\\\/logo\\\/image\\\/\",\"url\":\"https:\\\/\\\/www.boartlongyear.com\\\/wp-content\\\/uploads\\\/BLY-Double-Stack.png\",\"contentUrl\":\"https:\\\/\\\/www.boartlongyear.com\\\/wp-content\\\/uploads\\\/BLY-Double-Stack.png\",\"width\":400,\"height\":100,\"caption\":\"Boart Longyear\"},\"image\":{\"@id\":\"https:\\\/\\\/www.boartlongyear.com\\\/#\\\/schema\\\/logo\\\/image\\\/\"},\"sameAs\":[\"https:\\\/\\\/www.facebook.com\\\/boartlongyearcareers\",\"https:\\\/\\\/x.com\\\/boartlongyear\",\"https:\\\/\\\/www.instagram.com\\\/boartlongyear\",\"https:\\\/\\\/www.linkedin.com\\\/company\\\/boart-longyear\",\"https:\\\/\\\/www.youtube.com\\\/user\\\/BoartLongyear1\"]}]}<\/script>\n<!-- \/ Yoast SEO plugin. -->","yoast_head_json":{"title":"Garantie - Produkte und Dienstleistungen von Boart Longyear","description":"Die Garantie von Boart Longyear gilt f\u00fcr ein Jahr nach dem Versanddatum der von Boart Longyear hergestellten Verbrauchsg\u00fcter oder der Erbringung der damit verbundenen Dienstleistungen.","robots":{"index":"index","follow":"follow","max-snippet":"max-snippet:-1","max-image-preview":"max-image-preview:large","max-video-preview":"max-video-preview:-1"},"canonical":"https:\/\/www.boartlongyear.com\/de\/warranty\/","og_locale":"de_DE","og_type":"article","og_title":"Warranty \u2014 Products and Services of Boart Longyear","og_description":"Boart Longyear's warranty is for one year after the date of shipment of the consumable products manufactured by it, or the performance of related services.","og_url":"https:\/\/www.boartlongyear.com\/de\/warranty\/","og_site_name":"Boart Longyear","article_publisher":"https:\/\/www.facebook.com\/boartlongyearcareers","article_modified_time":"2017-10-17T17:18:24+00:00","twitter_misc":{"Gesch\u00e4tzte Lesezeit":"5 Minuten"},"schema":{"@context":"https:\/\/schema.org","@graph":[{"@type":"WebPage","@id":"https:\/\/www.boartlongyear.com\/fr\/warranty\/","url":"https:\/\/www.boartlongyear.com\/fr\/warranty\/","name":"Garantie - Produkte und Dienstleistungen von Boart Longyear","isPartOf":{"@id":"https:\/\/www.boartlongyear.com\/#website"},"datePublished":"2013-07-17T13:58:48+00:00","dateModified":"2017-10-17T17:18:24+00:00","description":"Die Garantie von Boart Longyear gilt f\u00fcr ein Jahr nach dem Versanddatum der von Boart Longyear hergestellten Verbrauchsg\u00fcter oder der Erbringung der damit verbundenen Dienstleistungen.","breadcrumb":{"@id":"https:\/\/www.boartlongyear.com\/fr\/warranty\/#breadcrumb"},"inLanguage":"de-DE","potentialAction":[{"@type":"ReadAction","target":["https:\/\/www.boartlongyear.com\/fr\/warranty\/"]}]},{"@type":"BreadcrumbList","@id":"https:\/\/www.boartlongyear.com\/fr\/warranty\/#breadcrumb","itemListElement":[{"@type":"ListItem","position":1,"name":"Home","item":"https:\/\/www.boartlongyear.com\/"},{"@type":"ListItem","position":2,"name":"Warranty"}]},{"@type":"WebSite","@id":"https:\/\/www.boartlongyear.com\/#website","url":"https:\/\/www.boartlongyear.com\/","name":"Boart Longyear","description":"","publisher":{"@id":"https:\/\/www.boartlongyear.com\/#organization"},"potentialAction":[{"@type":"SearchAction","target":{"@type":"EntryPoint","urlTemplate":"https:\/\/www.boartlongyear.com\/?s={search_term_string}"},"query-input":{"@type":"PropertyValueSpecification","valueRequired":true,"valueName":"search_term_string"}}],"inLanguage":"de-DE"},{"@type":"Organization","@id":"https:\/\/www.boartlongyear.com\/#organization","name":"Boart Longyear","url":"https:\/\/www.boartlongyear.com\/","logo":{"@type":"ImageObject","inLanguage":"de-DE","@id":"https:\/\/www.boartlongyear.com\/#\/schema\/logo\/image\/","url":"https:\/\/www.boartlongyear.com\/wp-content\/uploads\/BLY-Double-Stack.png","contentUrl":"https:\/\/www.boartlongyear.com\/wp-content\/uploads\/BLY-Double-Stack.png","width":400,"height":100,"caption":"Boart Longyear"},"image":{"@id":"https:\/\/www.boartlongyear.com\/#\/schema\/logo\/image\/"},"sameAs":["https:\/\/www.facebook.com\/boartlongyearcareers","https:\/\/x.com\/boartlongyear","https:\/\/www.instagram.com\/boartlongyear","https:\/\/www.linkedin.com\/company\/boart-longyear","https:\/\/www.youtube.com\/user\/BoartLongyear1"]}]}},"uagb_featured_image_src":{"full":false,"thumbnail":false,"medium":false,"medium_large":false,"large":false,"RoboGalleryMansoryImagesCenter":false,"RoboGalleryPreload":false,"1536x1536":false,"2048x2048":false,"trp-custom-language-flag":false,"alm-thumbnail":false,"tptn_thumbnail":false},"uagb_author_info":{"display_name":"Marketing","author_link":"https:\/\/www.boartlongyear.com\/de\/insite\/author\/jamesburris\/"},"uagb_comment_info":0,"uagb_excerpt":"WARRANTY Limited Warranty. (a) Consumables. BOART LONGYEAR warrants for a period of one (1) year after the date of shipment of the consumable products manufactured by it, or the performance of related services, under the Contract, that such consumable products are free from defects in materials and workmanship and such services are performed in a&hellip;","_links":{"self":[{"href":"https:\/\/www.boartlongyear.com\/de\/wp-json\/wp\/v2\/pages\/7461","targetHints":{"allow":["GET"]}}],"collection":[{"href":"https:\/\/www.boartlongyear.com\/de\/wp-json\/wp\/v2\/pages"}],"about":[{"href":"https:\/\/www.boartlongyear.com\/de\/wp-json\/wp\/v2\/types\/page"}],"author":[{"embeddable":true,"href":"https:\/\/www.boartlongyear.com\/de\/wp-json\/wp\/v2\/users\/66"}],"replies":[{"embeddable":true,"href":"https:\/\/www.boartlongyear.com\/de\/wp-json\/wp\/v2\/comments?post=7461"}],"version-history":[{"count":0,"href":"https:\/\/www.boartlongyear.com\/de\/wp-json\/wp\/v2\/pages\/7461\/revisions"}],"wp:attachment":[{"href":"https:\/\/www.boartlongyear.com\/de\/wp-json\/wp\/v2\/media?parent=7461"}],"curies":[{"name":"wp","href":"https:\/\/api.w.org\/{rel}","templated":true}]}}