{"id":81,"date":"2013-04-02T22:40:56","date_gmt":"2013-04-02T22:40:56","guid":{"rendered":"http:\/\/blystaging.sawayaconsulting.com\/?page_id=81"},"modified":"2025-02-14T08:25:30","modified_gmt":"2025-02-14T15:25:30","slug":"company","status":"publish","type":"page","link":"https:\/\/www.boartlongyear.com\/de\/company\/","title":{"rendered":"Unternehmen"},"content":{"rendered":"<section class=\"tcvpb_section_tc\">\n\t\t\n\t\t<div class=\"tcvpb_section_content\"><div class=\"tcvpb_container\"><div class=\"tcvpb_column_tc_span12\"><div  class=\"tcvpb-image\" ><img decoding=\"async\" src=\"https:\/\/www.boartlongyear.com\/wp-content\/uploads\/pagesheader-history-1-1.jpg\"><\/div><h1  ><span>Boart Longyear Company<\/span><\/h1><div  class=\"\" >\n<p class=\"p_tc\">Boart Longyear is headquartered in Salt Lake City, Utah with regional offices and operations located in Asia Pacific, North and South America, Europe and Africa. The company is privately held.<\/p>\n<\/div><\/div><\/div><\/div>\n\t\t\n\t\t\n\t<\/section>\n\n\n<section class=\"tcvpb_section_tc mobile-switch addpad graybuttons tcvpb-inversed_text\" style=\"background-color:rgb(82, 88, 97);\">\n\t\t\n\t\t<div class=\"tcvpb_section_content\"><div class=\"tcvpb_container\"><div class=\"tcvpb_column_tc_span4\"><h2  ><span><span style=\"color: #ffffff;\">F\u00fchrung<\/span><\/span><\/h2><div  class=\"\" >\n<p class=\"p_tc\">The Boart Longyear executive team bring a wealth of experience from a diverse group of industries that provide the leadership and insight necessary to grow and lead the business into the future.<\/p>\n<\/div><span class=\"clear\" style=\"height:15px;display:block;\"><\/span><a  href=\"\/de\/company\/leadership\/executive-leadership\/\" target=\"_self\" class=\"tcvpb-button tcvpb-button_normal tcvpb-button_medium\" style=\"\">F\u00fchrungskr\u00e4fte<\/a><\/div><div class=\"tcvpb_column_tc_span8\"><div  class=\"tcvpb-image\" ><img decoding=\"async\" src=\"https:\/\/www.boartlongyear.com\/wp-content\/uploads\/bly-headquarters-2017.jpg\"><\/div><\/div><\/div><\/div>\n\t\t\n\t\t\n\t<\/section>\n\n\n<section class=\"tcvpb_section_tc addpad graybuttons tcvpb-inversed_text\" style=\"background-color:rgb(82, 88, 97);\">\n\t\t\n\t\t<div class=\"tcvpb_section_content\"><div class=\"tcvpb_container\"><div class=\"tcvpb_column_tc_span8\"><div  class=\"tcvpb-image\" ><img decoding=\"async\" src=\"https:\/\/www.boartlongyear.com\/wp-content\/uploads\/values-core-competencies-1800-horizontal.jpg\"><\/div><\/div><div class=\"tcvpb_column_tc_span4\"><h2  ><span><span style=\"color: #ffffff;\">Unternehmensprofil<\/span><\/span><\/h2><div  class=\"\" >\n<p class=\"p_tc\">Boart Longyear hat seinen Hauptsitz in Salt Lake City, Utah, mit regionalen B\u00fcros und Niederlassungen in Asien-Pazifik, Nord- und S\u00fcdamerika, Europa und Afrika.<\/p>\n<\/div><a  href=\"\/de\/company\/corporate-profile\/\" target=\"_self\" class=\"tcvpb-button tcvpb-button_normal tcvpb-button_medium graybuttons\" style=\"\">Unternehmensprofil<\/a><span class=\"clear\" style=\"height:15px;display:block;\"><\/span><a  href=\"\/de\/company\/history\/\" target=\"_self\" class=\"tcvpb-button tcvpb-button_normal tcvpb-button_medium graybuttons\" style=\"\">Geschichte<\/a><span class=\"clear\" style=\"height:15px;display:block;\"><\/span><a  href=\"\/de\/company\/vision-and-values\/\" target=\"_self\" class=\"tcvpb-button tcvpb-button_normal tcvpb-button_medium graybuttons\" style=\"\">Vision und Werte<\/a><span class=\"clear\" style=\"height:15px;display:block;\"><\/span><a  href=\"\/de\/company\/corporate-governance\/\" target=\"_self\" class=\"tcvpb-button tcvpb-button_normal tcvpb-button_medium graybuttons\" style=\"\">Corporate Governance<\/a><span class=\"clear\" style=\"height:15px;display:block;\"><\/span><a  href=\"\/de\/ehs\/\" target=\"_self\" class=\"tcvpb-button tcvpb-button_normal tcvpb-button_medium graybuttons\" style=\"\">Sicherheitsexzellenz<\/a><\/div><\/div><\/div>\n\t\t\n\t\t\n\t<\/section>\n\n\n\n\n<section class=\"tcvpb_section_tc addpad graybuttons tcvpb-inversed_text\" style=\"background-color:rgb(82, 88, 97);\">\n\t\t\n\t\t<div class=\"tcvpb_section_content\"><div class=\"tcvpb_container\"><div class=\"tcvpb_column_tc_span8\"><div  class=\"tcvpb-image\" ><img decoding=\"async\" src=\"https:\/\/www.boartlongyear.com\/wp-content\/uploads\/culture-1800-horizontal.jpg\"><\/div><\/div><div class=\"tcvpb_column_tc_span4\"><h2  ><span><span style=\"color: #ffffff;\">Presseraum<\/span><\/span><\/h2><a  href=\"\/de\/company\/press-room\/\" target=\"_self\" class=\"tcvpb-button tcvpb-button_normal tcvpb-button_medium graybuttons\" style=\"\">Presseraum<\/a><span class=\"clear\" style=\"height:15px;display:block;\"><\/span><a  href=\"\/de\/press-release\/\" target=\"_self\" class=\"tcvpb-button tcvpb-button_normal tcvpb-button_medium graybuttons\" style=\"\">Pressemeldungen<\/a><span class=\"clear\" style=\"height:15px;display:block;\"><\/span><a  href=\"\/de\/in-the-news\/\" target=\"_self\" class=\"tcvpb-button tcvpb-button_normal tcvpb-button_medium graybuttons\" style=\"\">In den Nachrichten<\/a><span class=\"clear\" style=\"height:15px;display:block;\"><\/span><\/div><\/div><\/div>\n\t\t\n\t\t\n\t<\/section>\n\n\n<section class=\"tcvpb_section_tc mobile-switch addpad graybuttons tcvpb-inversed_text\" style=\"background-color:rgb(82, 88, 97);\">\n\t\t\n\t\t<div class=\"tcvpb_section_content\"><div class=\"tcvpb_container\"><div class=\"tcvpb_column_tc_span4\"><h2  ><span><span style=\"color: #ffffff;\">Karriere<\/span><\/span><\/h2><div  class=\"\" >\n<p class=\"p_tc\">Suchen Sie nach Stellenangeboten und erfahren Sie mehr \u00fcber Karrierem\u00f6glichkeiten.<\/p>\n<\/div><a  href=\"http:\/\/careers.boartlongyear.com\" target=\"_self\" class=\"tcvpb-button tcvpb-button_normal tcvpb-button_medium graybuttons\" style=\"\">Job suchen<\/a><\/div><div class=\"tcvpb_column_tc_span8\"><div  class=\"tcvpb-image\" ><img decoding=\"async\" src=\"https:\/\/www.boartlongyear.com\/wp-content\/uploads\/careers-img.jpg\"><\/div><\/div><\/div><\/div>\n\t\t\n\t\t\n\t<\/section>","protected":false},"excerpt":{"rendered":"","protected":false},"author":66,"featured_media":0,"parent":0,"menu_order":0,"comment_status":"closed","ping_status":"closed","template":"","meta":{"_uag_custom_page_level_css":"","_monsterinsights_skip_tracking":false,"_monsterinsights_sitenote_active":false,"_monsterinsights_sitenote_note":"","_monsterinsights_sitenote_category":0,"footnotes":""},"class_list":["post-81","page","type-page","status-publish","hentry"],"acf":[],"yoast_head":"<!-- This site is optimized with the Yoast SEO plugin v27.4 - https:\/\/yoast.com\/product\/yoast-seo-wordpress\/ -->\n<title>Boart Longyear - Corporate Profile, History, and Leadership<\/title>\n<meta name=\"description\" content=\"Boart Longyear is headquartered in SLC, Utah with regional offices and operations located in Asia Pacific, North and South America, Europe and Africa.\" \/>\n<meta name=\"robots\" content=\"index, follow, max-snippet:-1, max-image-preview:large, max-video-preview:-1\" \/>\n<link rel=\"canonical\" href=\"https:\/\/www.boartlongyear.com\/de\/company\/\" \/>\n<meta property=\"og:locale\" content=\"de_DE\" \/>\n<meta property=\"og:type\" content=\"article\" \/>\n<meta property=\"og:title\" content=\"Boart Longyear - Corporate Profile, History, and Leadership\" \/>\n<meta property=\"og:description\" content=\"Boart Longyear is headquartered in SLC, Utah with regional offices and operations located in Asia Pacific, North and South America, Europe and Africa.\" \/>\n<meta property=\"og:url\" content=\"https:\/\/www.boartlongyear.com\/de\/company\/\" \/>\n<meta property=\"og:site_name\" content=\"Boart Longyear\" \/>\n<meta property=\"article:publisher\" content=\"https:\/\/www.facebook.com\/boartlongyearcareers\" \/>\n<meta property=\"article:modified_time\" content=\"2025-02-14T15:25:30+00:00\" \/>\n<meta name=\"twitter:label1\" content=\"Gesch\u00e4tzte Lesezeit\" \/>\n\t<meta name=\"twitter:data1\" content=\"2 Minuten\" \/>\n<script type=\"application\/ld+json\" class=\"yoast-schema-graph\">{\"@context\":\"https:\\\/\\\/schema.org\",\"@graph\":[{\"@type\":\"WebPage\",\"@id\":\"https:\\\/\\\/www.boartlongyear.com\\\/company\\\/\",\"url\":\"https:\\\/\\\/www.boartlongyear.com\\\/company\\\/\",\"name\":\"Boart Longyear - Corporate Profile, History, and Leadership\",\"isPartOf\":{\"@id\":\"https:\\\/\\\/www.boartlongyear.com\\\/#website\"},\"datePublished\":\"2013-04-02T22:40:56+00:00\",\"dateModified\":\"2025-02-14T15:25:30+00:00\",\"description\":\"Boart Longyear is headquartered in SLC, Utah with regional offices and operations located in Asia Pacific, North and South America, Europe and Africa.\",\"breadcrumb\":{\"@id\":\"https:\\\/\\\/www.boartlongyear.com\\\/company\\\/#breadcrumb\"},\"inLanguage\":\"de-DE\",\"potentialAction\":[{\"@type\":\"ReadAction\",\"target\":[\"https:\\\/\\\/www.boartlongyear.com\\\/company\\\/\"]}]},{\"@type\":\"BreadcrumbList\",\"@id\":\"https:\\\/\\\/www.boartlongyear.com\\\/company\\\/#breadcrumb\",\"itemListElement\":[{\"@type\":\"ListItem\",\"position\":1,\"name\":\"Home\",\"item\":\"https:\\\/\\\/www.boartlongyear.com\\\/\"},{\"@type\":\"ListItem\",\"position\":2,\"name\":\"Company\"}]},{\"@type\":\"WebSite\",\"@id\":\"https:\\\/\\\/www.boartlongyear.com\\\/#website\",\"url\":\"https:\\\/\\\/www.boartlongyear.com\\\/\",\"name\":\"Boart Longyear\",\"description\":\"\",\"publisher\":{\"@id\":\"https:\\\/\\\/www.boartlongyear.com\\\/#organization\"},\"potentialAction\":[{\"@type\":\"SearchAction\",\"target\":{\"@type\":\"EntryPoint\",\"urlTemplate\":\"https:\\\/\\\/www.boartlongyear.com\\\/?s={search_term_string}\"},\"query-input\":{\"@type\":\"PropertyValueSpecification\",\"valueRequired\":true,\"valueName\":\"search_term_string\"}}],\"inLanguage\":\"de-DE\"},{\"@type\":\"Organization\",\"@id\":\"https:\\\/\\\/www.boartlongyear.com\\\/#organization\",\"name\":\"Boart Longyear\",\"url\":\"https:\\\/\\\/www.boartlongyear.com\\\/\",\"logo\":{\"@type\":\"ImageObject\",\"inLanguage\":\"de-DE\",\"@id\":\"https:\\\/\\\/www.boartlongyear.com\\\/#\\\/schema\\\/logo\\\/image\\\/\",\"url\":\"https:\\\/\\\/www.boartlongyear.com\\\/wp-content\\\/uploads\\\/BLY-Double-Stack.png\",\"contentUrl\":\"https:\\\/\\\/www.boartlongyear.com\\\/wp-content\\\/uploads\\\/BLY-Double-Stack.png\",\"width\":400,\"height\":100,\"caption\":\"Boart Longyear\"},\"image\":{\"@id\":\"https:\\\/\\\/www.boartlongyear.com\\\/#\\\/schema\\\/logo\\\/image\\\/\"},\"sameAs\":[\"https:\\\/\\\/www.facebook.com\\\/boartlongyearcareers\",\"https:\\\/\\\/x.com\\\/boartlongyear\",\"https:\\\/\\\/www.instagram.com\\\/boartlongyear\",\"https:\\\/\\\/www.linkedin.com\\\/company\\\/boart-longyear\",\"https:\\\/\\\/www.youtube.com\\\/user\\\/BoartLongyear1\"]}]}<\/script>\n<!-- \/ Yoast SEO plugin. -->","yoast_head_json":{"title":"Boart Longyear - Unternehmensprofil, Geschichte und F\u00fchrung","description":"Boart Longyear hat seinen Hauptsitz in SLC, Utah, und verf\u00fcgt \u00fcber regionale B\u00fcros und Niederlassungen in Asien-Pazifik, Nord- und S\u00fcdamerika, Europa und Afrika.","robots":{"index":"index","follow":"follow","max-snippet":"max-snippet:-1","max-image-preview":"max-image-preview:large","max-video-preview":"max-video-preview:-1"},"canonical":"https:\/\/www.boartlongyear.com\/de\/company\/","og_locale":"de_DE","og_type":"article","og_title":"Boart Longyear - Corporate Profile, History, and Leadership","og_description":"Boart Longyear is headquartered in SLC, Utah with regional offices and operations located in Asia Pacific, North and South America, Europe and Africa.","og_url":"https:\/\/www.boartlongyear.com\/de\/company\/","og_site_name":"Boart Longyear","article_publisher":"https:\/\/www.facebook.com\/boartlongyearcareers","article_modified_time":"2025-02-14T15:25:30+00:00","twitter_misc":{"Gesch\u00e4tzte Lesezeit":"2 Minuten"},"schema":{"@context":"https:\/\/schema.org","@graph":[{"@type":"WebPage","@id":"https:\/\/www.boartlongyear.com\/company\/","url":"https:\/\/www.boartlongyear.com\/company\/","name":"Boart Longyear - Unternehmensprofil, Geschichte und F\u00fchrung","isPartOf":{"@id":"https:\/\/www.boartlongyear.com\/#website"},"datePublished":"2013-04-02T22:40:56+00:00","dateModified":"2025-02-14T15:25:30+00:00","description":"Boart Longyear hat seinen Hauptsitz in SLC, Utah, und verf\u00fcgt \u00fcber regionale B\u00fcros und Niederlassungen in Asien-Pazifik, Nord- und S\u00fcdamerika, Europa und Afrika.","breadcrumb":{"@id":"https:\/\/www.boartlongyear.com\/company\/#breadcrumb"},"inLanguage":"de-DE","potentialAction":[{"@type":"ReadAction","target":["https:\/\/www.boartlongyear.com\/company\/"]}]},{"@type":"BreadcrumbList","@id":"https:\/\/www.boartlongyear.com\/company\/#breadcrumb","itemListElement":[{"@type":"ListItem","position":1,"name":"Home","item":"https:\/\/www.boartlongyear.com\/"},{"@type":"ListItem","position":2,"name":"Company"}]},{"@type":"WebSite","@id":"https:\/\/www.boartlongyear.com\/#website","url":"https:\/\/www.boartlongyear.com\/","name":"Boart Longyear","description":"","publisher":{"@id":"https:\/\/www.boartlongyear.com\/#organization"},"potentialAction":[{"@type":"SearchAction","target":{"@type":"EntryPoint","urlTemplate":"https:\/\/www.boartlongyear.com\/?s={search_term_string}"},"query-input":{"@type":"PropertyValueSpecification","valueRequired":true,"valueName":"search_term_string"}}],"inLanguage":"de-DE"},{"@type":"Organization","@id":"https:\/\/www.boartlongyear.com\/#organization","name":"Boart Longyear","url":"https:\/\/www.boartlongyear.com\/","logo":{"@type":"ImageObject","inLanguage":"de-DE","@id":"https:\/\/www.boartlongyear.com\/#\/schema\/logo\/image\/","url":"https:\/\/www.boartlongyear.com\/wp-content\/uploads\/BLY-Double-Stack.png","contentUrl":"https:\/\/www.boartlongyear.com\/wp-content\/uploads\/BLY-Double-Stack.png","width":400,"height":100,"caption":"Boart Longyear"},"image":{"@id":"https:\/\/www.boartlongyear.com\/#\/schema\/logo\/image\/"},"sameAs":["https:\/\/www.facebook.com\/boartlongyearcareers","https:\/\/x.com\/boartlongyear","https:\/\/www.instagram.com\/boartlongyear","https:\/\/www.linkedin.com\/company\/boart-longyear","https:\/\/www.youtube.com\/user\/BoartLongyear1"]}]}},"uagb_featured_image_src":{"full":false,"thumbnail":false,"medium":false,"medium_large":false,"large":false,"RoboGalleryMansoryImagesCenter":false,"RoboGalleryPreload":false,"1536x1536":false,"2048x2048":false,"trp-custom-language-flag":false,"alm-thumbnail":false,"tptn_thumbnail":false},"uagb_author_info":{"display_name":"Marketing","author_link":"https:\/\/www.boartlongyear.com\/de\/insite\/author\/jamesburris\/"},"uagb_comment_info":0,"uagb_excerpt":null,"_links":{"self":[{"href":"https:\/\/www.boartlongyear.com\/de\/wp-json\/wp\/v2\/pages\/81","targetHints":{"allow":["GET"]}}],"collection":[{"href":"https:\/\/www.boartlongyear.com\/de\/wp-json\/wp\/v2\/pages"}],"about":[{"href":"https:\/\/www.boartlongyear.com\/de\/wp-json\/wp\/v2\/types\/page"}],"author":[{"embeddable":true,"href":"https:\/\/www.boartlongyear.com\/de\/wp-json\/wp\/v2\/users\/66"}],"replies":[{"embeddable":true,"href":"https:\/\/www.boartlongyear.com\/de\/wp-json\/wp\/v2\/comments?post=81"}],"version-history":[{"count":0,"href":"https:\/\/www.boartlongyear.com\/de\/wp-json\/wp\/v2\/pages\/81\/revisions"}],"wp:attachment":[{"href":"https:\/\/www.boartlongyear.com\/de\/wp-json\/wp\/v2\/media?parent=81"}],"curies":[{"name":"wp","href":"https:\/\/api.w.org\/{rel}","templated":true}]}}