{"id":15926,"date":"2016-05-19T14:48:47","date_gmt":"2016-05-19T20:48:47","guid":{"rendered":"https:\/\/www.boartlongyear.com\/?page_id=15926"},"modified":"2020-01-24T13:32:39","modified_gmt":"2020-01-24T20:32:39","slug":"mydrillstore-guides-help-documents","status":"publish","type":"page","link":"https:\/\/www.boartlongyear.com\/es\/my-drill-store\/mydrillstore-guides-help-documents\/","title":{"rendered":"My Drill Store: Gu\u00edas y documentos de ayuda"},"content":{"rendered":"<section class=\"tcvpb_section_tc\">\n\t\t\n\t\t<div class=\"tcvpb_section_content\"><div class=\"tcvpb_container\"><div class=\"tcvpb_column_tc_span12\"><h1  ><span>Boart Longyear&#039;s My Drill Store<\/span><\/h1><div  class=\"tcvpb-image\" ><img decoding=\"async\" src=\"https:\/\/www.boartlongyear.com\/wp-content\/uploads\/mydrillstore-banner-helpdocs.png\"><\/div><span class=\"clear\" style=\"height:20px;display:block;\"><\/span><\/div><\/div><\/div>\n\t\t\n\t\t\n\t<\/section><section class=\"tcvpb_section_tc\">\n\t\t\n\t\t<div class=\"tcvpb_section_content\"><div class=\"tcvpb_container\"><div class=\"tcvpb_column_tc_span12\"><h3  ><span>Felicitaciones por su inscripci\u00f3n en My Drill Store de Boart Longyear. En Boart Longyear, estamos dedicados a hacer que su experiencia de compra sea intuitiva, r\u00e1pida y exitosa. Las siguientes gu\u00edas lo ayudar\u00e1n a responder muchas preguntas.<\/span><\/h3><\/div><\/div><\/div>\n\t\t\n\t\t\n\t<\/section><section class=\"tcvpb_section_tc mdsnav\">\n\t\t\n\t\t<div class=\"tcvpb_section_content\"><div class=\"tcvpb_container\"><div class=\"tcvpb_column_tc_span12\">\n\t\t<div  class=\"tcvpb_service_box  tcvpb_service_box_round_text_aside\" style=\" \">\n\t\t\t<div class=\"tcvpb_service_box_header\"><a href=\"\/es\/my-drill-store\/overview\/\" target=\"_self\" class=\"tcvpb_icon_boxed scroll\" style=\"\"><i class=\"fa-eye\" style=\"background:transparent;\"><\/i><\/a><a href=\"\/es\/my-drill-store\/overview\/\" target=\"_self\" class=\"scroll\"><h3>Resumen<\/h3><\/a><\/div>\n<p class=\"p_tc\">My Drill Store es una plataforma de compras en l\u00ednea f\u00e1cil de usar para una multitud de productos relacionados con Boart Longyear. Aprenda a navegar en My Drill Store.<\/p>\n<p class=\"p_tc\"><a href=\"\/es\/my-drill-store\/overview\/\">CONOZCA M\u00c1S<\/a><\/p>\n<\/div>\n\t\t<div  class=\"tcvpb_service_box  tcvpb_service_box_round_text_aside\" style=\" \">\n\t\t\t<div class=\"tcvpb_service_box_header\"><a href=\"\/es\/my-drill-store\/account-information-areas\/\" target=\"_self\" class=\"tcvpb_icon_boxed scroll\" style=\"\"><i class=\"fa-user\" style=\"background:transparent;\"><\/i><\/a><a href=\"\/es\/my-drill-store\/account-information-areas\/\" target=\"_self\" class=\"scroll\"><h3>Informaci\u00f3n de la cuenta<\/h3><\/a><\/div>\n<p class=\"p_tc\">Hay dos \u00e1reas en las que puede recuperar la informaci\u00f3n de su cuenta y el historial de pedidos: los enlaces Pedidos y Perfil en la franja superior.&nbsp;\n<p class=\"p_tc\"><a href=\"\/es\/my-drill-store\/account-information-areas\/\">CONOZCA M\u00c1S<\/a><\/p>\n<\/div>\n\t\t<div  class=\"tcvpb_service_box  tcvpb_service_box_round_text_aside\" style=\" \">\n\t\t\t<div class=\"tcvpb_service_box_header\"><a href=\"\/es\/my-drill-store\/part-lookup\/\" target=\"_self\" class=\"tcvpb_icon_boxed scroll\" style=\"\"><i class=\"fa-search\" style=\"background:transparent;\"><\/i><\/a><a href=\"\/es\/my-drill-store\/part-lookup\/\" target=\"_self\" class=\"scroll\"><h3>B\u00fasqueda de parte<\/h3><\/a><\/div>\n<p class=\"p_tc\">Acceda a partes, productos e informaci\u00f3n detallada, incluidos nombres de piezas, n\u00fameros de piezas y dibujos t\u00e9cnicos.<\/p>\n<p class=\"p_tc\"><a href=\"\/es\/my-drill-store\/part-lookup\/\">CONOZCA M\u00c1S<\/a><\/p>\n<\/div>\n\t\t<div  class=\"tcvpb_service_box  tcvpb_service_box_round_text_aside\" style=\" \">\n\t\t\t<div class=\"tcvpb_service_box_header\"><a href=\"\/es\/my-drill-store\/drill-store-warehouse-availability\/\" target=\"_self\" class=\"tcvpb_icon_boxed scroll\" style=\"\"><i class=\"fa-check\" style=\"background:transparent;\"><\/i><\/a><a href=\"\/es\/my-drill-store\/drill-store-warehouse-availability\/\" target=\"_self\" class=\"scroll\"><h3>Disponibilidad de parte<\/h3><\/a><\/div>\n<p class=\"p_tc\">Cuando se agrega un art\u00edculo al carrito, My Drill Store verifica las fechas de disponibilidad de ese art\u00edculo en los almacenes m\u00e1s cercanos a su ubicaci\u00f3n.<\/p>\n<p class=\"p_tc\"><a href=\"\/es\/my-drill-store\/drill-store-warehouse-availability\/\">CONOZCA M\u00c1S<\/a><\/p>\n<\/div>\n\t\t<div  class=\"tcvpb_service_box  tcvpb_service_box_round_text_aside\" style=\" \">\n\t\t\t<div class=\"tcvpb_service_box_header\"><a href=\"\/es\/my-drill-store\/wish-lists\/\" target=\"_self\" class=\"tcvpb_icon_boxed scroll\" style=\"\"><i class=\"fa-star\" style=\"background:transparent;\"><\/i><\/a><a href=\"\/es\/my-drill-store\/wish-lists\/\" target=\"_self\" class=\"scroll\"><h3>Listas de deseos<\/h3><\/a><\/div>\n<p class=\"p_tc\">Las listas de deseos se pueden utilizar para reunir art\u00edculos para pedidos futuros que a\u00fan no est\u00e1 listo para comprar. Puede agregar elementos a una lista de deseos a trav\u00e9s de los detalles del carro.<\/p>\n<p class=\"p_tc\"><a href=\"\/es\/my-drill-store\/wish-lists\/\">CONOZCA M\u00c1S<\/a><\/p>\n<\/div>\n\t\t<div  class=\"tcvpb_service_box  tcvpb_service_box_round_text_aside\" style=\" \">\n\t\t\t<div class=\"tcvpb_service_box_header\"><a href=\"\/es\/my-drill-store\/saved-carts\/\" target=\"_self\" class=\"tcvpb_icon_boxed scroll\" style=\"\"><i class=\"fa-cart-plus\" style=\"background:transparent;\"><\/i><\/a><a href=\"\/es\/my-drill-store\/saved-carts\/\" target=\"_self\" class=\"scroll\"><h3>Carros guardados<\/h3><\/a><\/div>\n<p class=\"p_tc\">Puede guardar un carro para compartir con otros usuarios en su cuenta, o para comprar en una fecha posterior. Los carros guardados caducan despu\u00e9s de 30 d\u00edas.<\/p>\n<p class=\"p_tc\"><a href=\"\/es\/my-drill-store\/saved-carts\/\">CONOZCA M\u00c1S<\/a><\/p>\n<\/div>\n\t\t<div  class=\"tcvpb_service_box  tcvpb_service_box_round_text_aside\" style=\" \">\n\t\t\t<div class=\"tcvpb_service_box_header\"><a href=\"\/es\/my-drill-store\/configuration-kits\/\" target=\"_self\" class=\"tcvpb_icon_boxed scroll\" style=\"\"><i class=\"fa-th-list\" style=\"background:transparent;\"><\/i><\/a><a href=\"\/es\/my-drill-store\/configuration-kits\/\" target=\"_self\" class=\"scroll\"><h3>Kits de configuraci\u00f3n<\/h3><\/a><\/div>\n<p class=\"p_tc\">Un kit de configuraci\u00f3n es un elemento en My Drill Store que incluye m\u00faltiples componentes.&nbsp;\n<p class=\"p_tc\"><a href=\"\/es\/my-drill-store\/configuration-kits\/\">CONOZCA M\u00c1S<\/a><\/p>\n<\/div>\n\t\t<div  class=\"tcvpb_service_box  tcvpb_service_box_round_text_aside\" style=\" \">\n\t\t\t<div class=\"tcvpb_service_box_header\"><a href=\"\/es\/my-drill-store\/checking-out-step-by-step\/\" target=\"_self\" class=\"tcvpb_icon_boxed scroll\" style=\"\"><i class=\"fa-shopping-cart\" style=\"background:transparent;\"><\/i><\/a><a href=\"\/es\/my-drill-store\/checking-out-step-by-step\/\" target=\"_self\" class=\"scroll\"><h3>Revisa<\/h3><\/a><\/div>\n<p class=\"p_tc\">Verificaci\u00f3n de su pedido implica tres pasos: env\u00edo, facturaci\u00f3n y pago, y revisi\u00f3n y realizaci\u00f3n de pedido.<\/p>\n<p class=\"p_tc\"><a href=\"\/es\/my-drill-store\/checking-out-step-by-step\/\">CONOZCA M\u00c1S<\/a><\/p>\n<\/div>\n\t\t<div  class=\"tcvpb_service_box  tcvpb_service_box_round_text_aside\" style=\" \">\n\t\t\t<div class=\"tcvpb_service_box_header\"><a href=\"\/es\/my-drill-store\/direct-item-entry\/\" target=\"_self\" class=\"tcvpb_icon_boxed scroll\" style=\"\"><i class=\"fa-edit\" style=\"background:transparent;\"><\/i><\/a><a href=\"\/es\/my-drill-store\/direct-item-entry\/\" target=\"_self\" class=\"scroll\"><h3>Entrada directa<\/h3><\/a><\/div>\n<p class=\"p_tc\">Use el formulario de Entrada Directa de Art\u00edculos para ingresar manualmente los n\u00fameros de pieza para ordenar. Si ha personalizado n\u00fameros de parte del cliente, puede ingresarlos aqu\u00ed tambi\u00e9n.<\/p>\n<p class=\"p_tc\"><a href=\"\/es\/my-drill-store\/direct-item-entry\/\">CONOZCA M\u00c1S<\/a><\/p>\n<\/div>\n\t\t<div  class=\"tcvpb_service_box  tcvpb_service_box_round_text_aside\" style=\" \">\n\t\t\t<div class=\"tcvpb_service_box_header\"><a href=\"\/es\/my-drill-store\/frequently-asked-question\/\" target=\"_self\" class=\"tcvpb_icon_boxed scroll\" style=\"\"><i class=\"fa-question-circle\" style=\"background:transparent;\"><\/i><\/a><a href=\"\/es\/my-drill-store\/frequently-asked-question\/\" target=\"_self\" class=\"scroll\"><h3>Preguntas m\u00e1s frecuentes<\/h3><\/a><\/div>\n<p class=\"p_tc\">Preguntas frecuentes sobre el uso de My Drill Store.&nbsp;\n<p class=\"p_tc\"><a href=\"\/es\/my-drill-store\/frequently-asked-question\/\">CONOZCA M\u00c1S<\/a><\/p>\n<\/div>\n\t\t<div  class=\"tcvpb_service_box  tcvpb_service_box_round_text_aside\" style=\" \">\n\t\t\t<div class=\"tcvpb_service_box_header\"><a href=\"\/es\/my-drill-store\/contact\/\" target=\"_self\" class=\"tcvpb_icon_boxed scroll\" style=\"\"><i class=\"fa-phone-square\" style=\"background:transparent;\"><\/i><\/a><a href=\"\/es\/my-drill-store\/contact\/\" target=\"_self\" class=\"scroll\"><h3>Contactar Ayuda<\/h3><\/a><\/div>\n<p class=\"p_tc\">P\u00f3ngase en contacto con un representante de servicio al cliente en su \u00e1rea.&nbsp;\n<p class=\"p_tc\"><a href=\"\/es\/my-drill-store\/contact\/\">CONOZCA M\u00c1S<\/a><\/p>\n<\/div>\n\t\t<div  class=\"tcvpb_service_box  tcvpb_service_box_round_text_aside\" style=\" \">\n\t\t\t<div class=\"tcvpb_service_box_header\"><a href=\"\/wp-content\/uploads\/My-Drill-Store-Help-Documentation-1.pdf\" target=\"_self\" class=\"tcvpb_icon_boxed scroll\" style=\"\"><i class=\"fa-download\" style=\"background:transparent;\"><\/i><\/a><a href=\"\/wp-content\/uploads\/My-Drill-Store-Help-Documentation-1.pdf\" target=\"_self\" class=\"scroll\"><h3>Descargar PDF<\/h3><\/a><\/div>\n<p class=\"p_tc\">Descargue una versi\u00f3n en PDF de esta gu\u00eda de referencia.<\/p>\n<p class=\"p_tc\"><a href=\"\/wp-content\/uploads\/My-Drill-Store-Help-Documentation-1.pdf\">Descargar la gu\u00eda<\/a><\/p>\n<\/div><\/div><\/div><\/div>\n\t\t\n\t\t\n\t<\/section>","protected":false},"excerpt":{"rendered":"","protected":false},"author":66,"featured_media":0,"parent":16526,"menu_order":0,"comment_status":"closed","ping_status":"closed","template":"sidebar-dynamic.php","meta":{"_uag_custom_page_level_css":"","_monsterinsights_skip_tracking":false,"_monsterinsights_sitenote_active":false,"_monsterinsights_sitenote_note":"","_monsterinsights_sitenote_category":0,"footnotes":""},"class_list":["post-15926","page","type-page","status-publish","hentry"],"acf":[],"yoast_head":"<!-- This site is optimized with the Yoast SEO plugin v27.4 - https:\/\/yoast.com\/product\/yoast-seo-wordpress\/ -->\n<title>My Drill Store: Guides and Help Documents - Boart Longyear<\/title>\n<meta name=\"robots\" content=\"index, follow, max-snippet:-1, max-image-preview:large, max-video-preview:-1\" \/>\n<link rel=\"canonical\" href=\"https:\/\/www.boartlongyear.com\/es\/my-drill-store\/mydrillstore-guides-help-documents\/\" \/>\n<meta property=\"og:locale\" content=\"es_ES\" \/>\n<meta property=\"og:type\" content=\"article\" \/>\n<meta property=\"og:title\" content=\"My Drill Store: Guides and Help Documents - Boart Longyear\" \/>\n<meta property=\"og:url\" content=\"https:\/\/www.boartlongyear.com\/es\/my-drill-store\/mydrillstore-guides-help-documents\/\" \/>\n<meta property=\"og:site_name\" content=\"Boart Longyear\" \/>\n<meta property=\"article:publisher\" content=\"https:\/\/www.facebook.com\/boartlongyearcareers\" \/>\n<meta property=\"article:modified_time\" content=\"2020-01-24T20:32:39+00:00\" \/>\n<meta name=\"twitter:label1\" content=\"Tiempo de lectura\" \/>\n\t<meta name=\"twitter:data1\" content=\"5 minutos\" \/>\n<script type=\"application\/ld+json\" class=\"yoast-schema-graph\">{\"@context\":\"https:\\\/\\\/schema.org\",\"@graph\":[{\"@type\":\"WebPage\",\"@id\":\"https:\\\/\\\/www.boartlongyear.com\\\/my-drill-store\\\/mydrillstore-guides-help-documents\\\/\",\"url\":\"https:\\\/\\\/www.boartlongyear.com\\\/my-drill-store\\\/mydrillstore-guides-help-documents\\\/\",\"name\":\"My Drill Store: Guides and Help Documents - Boart Longyear\",\"isPartOf\":{\"@id\":\"https:\\\/\\\/www.boartlongyear.com\\\/#website\"},\"datePublished\":\"2016-05-19T20:48:47+00:00\",\"dateModified\":\"2020-01-24T20:32:39+00:00\",\"breadcrumb\":{\"@id\":\"https:\\\/\\\/www.boartlongyear.com\\\/my-drill-store\\\/mydrillstore-guides-help-documents\\\/#breadcrumb\"},\"inLanguage\":\"es\",\"potentialAction\":[{\"@type\":\"ReadAction\",\"target\":[\"https:\\\/\\\/www.boartlongyear.com\\\/my-drill-store\\\/mydrillstore-guides-help-documents\\\/\"]}]},{\"@type\":\"BreadcrumbList\",\"@id\":\"https:\\\/\\\/www.boartlongyear.com\\\/my-drill-store\\\/mydrillstore-guides-help-documents\\\/#breadcrumb\",\"itemListElement\":[{\"@type\":\"ListItem\",\"position\":1,\"name\":\"Home\",\"item\":\"https:\\\/\\\/www.boartlongyear.com\\\/\"},{\"@type\":\"ListItem\",\"position\":2,\"name\":\"My Drill Store\",\"item\":\"https:\\\/\\\/www.boartlongyear.com\\\/my-drill-store\\\/\"},{\"@type\":\"ListItem\",\"position\":3,\"name\":\"My Drill Store: Guides and Help Documents\"}]},{\"@type\":\"WebSite\",\"@id\":\"https:\\\/\\\/www.boartlongyear.com\\\/#website\",\"url\":\"https:\\\/\\\/www.boartlongyear.com\\\/\",\"name\":\"Boart Longyear\",\"description\":\"\",\"publisher\":{\"@id\":\"https:\\\/\\\/www.boartlongyear.com\\\/#organization\"},\"potentialAction\":[{\"@type\":\"SearchAction\",\"target\":{\"@type\":\"EntryPoint\",\"urlTemplate\":\"https:\\\/\\\/www.boartlongyear.com\\\/?s={search_term_string}\"},\"query-input\":{\"@type\":\"PropertyValueSpecification\",\"valueRequired\":true,\"valueName\":\"search_term_string\"}}],\"inLanguage\":\"es\"},{\"@type\":\"Organization\",\"@id\":\"https:\\\/\\\/www.boartlongyear.com\\\/#organization\",\"name\":\"Boart Longyear\",\"url\":\"https:\\\/\\\/www.boartlongyear.com\\\/\",\"logo\":{\"@type\":\"ImageObject\",\"inLanguage\":\"es\",\"@id\":\"https:\\\/\\\/www.boartlongyear.com\\\/#\\\/schema\\\/logo\\\/image\\\/\",\"url\":\"https:\\\/\\\/www.boartlongyear.com\\\/wp-content\\\/uploads\\\/BLY-Double-Stack.png\",\"contentUrl\":\"https:\\\/\\\/www.boartlongyear.com\\\/wp-content\\\/uploads\\\/BLY-Double-Stack.png\",\"width\":400,\"height\":100,\"caption\":\"Boart Longyear\"},\"image\":{\"@id\":\"https:\\\/\\\/www.boartlongyear.com\\\/#\\\/schema\\\/logo\\\/image\\\/\"},\"sameAs\":[\"https:\\\/\\\/www.facebook.com\\\/boartlongyearcareers\",\"https:\\\/\\\/x.com\\\/boartlongyear\",\"https:\\\/\\\/www.instagram.com\\\/boartlongyear\",\"https:\\\/\\\/www.linkedin.com\\\/company\\\/boart-longyear\",\"https:\\\/\\\/www.youtube.com\\\/user\\\/BoartLongyear1\"]}]}<\/script>\n<!-- \/ Yoast SEO plugin. -->","yoast_head_json":{"title":"My Drill Store: Gu\u00edas y documentos de ayuda - Boart Longyear","robots":{"index":"index","follow":"follow","max-snippet":"max-snippet:-1","max-image-preview":"max-image-preview:large","max-video-preview":"max-video-preview:-1"},"canonical":"https:\/\/www.boartlongyear.com\/es\/my-drill-store\/mydrillstore-guides-help-documents\/","og_locale":"es_ES","og_type":"article","og_title":"My Drill Store: Guides and Help Documents - Boart Longyear","og_url":"https:\/\/www.boartlongyear.com\/es\/my-drill-store\/mydrillstore-guides-help-documents\/","og_site_name":"Boart Longyear","article_publisher":"https:\/\/www.facebook.com\/boartlongyearcareers","article_modified_time":"2020-01-24T20:32:39+00:00","twitter_misc":{"Tiempo de lectura":"5 minutos"},"schema":{"@context":"https:\/\/schema.org","@graph":[{"@type":"WebPage","@id":"https:\/\/www.boartlongyear.com\/my-drill-store\/mydrillstore-guides-help-documents\/","url":"https:\/\/www.boartlongyear.com\/my-drill-store\/mydrillstore-guides-help-documents\/","name":"My Drill Store: Gu\u00edas y documentos de ayuda - Boart Longyear","isPartOf":{"@id":"https:\/\/www.boartlongyear.com\/#website"},"datePublished":"2016-05-19T20:48:47+00:00","dateModified":"2020-01-24T20:32:39+00:00","breadcrumb":{"@id":"https:\/\/www.boartlongyear.com\/my-drill-store\/mydrillstore-guides-help-documents\/#breadcrumb"},"inLanguage":"es","potentialAction":[{"@type":"ReadAction","target":["https:\/\/www.boartlongyear.com\/my-drill-store\/mydrillstore-guides-help-documents\/"]}]},{"@type":"BreadcrumbList","@id":"https:\/\/www.boartlongyear.com\/my-drill-store\/mydrillstore-guides-help-documents\/#breadcrumb","itemListElement":[{"@type":"ListItem","position":1,"name":"Home","item":"https:\/\/www.boartlongyear.com\/"},{"@type":"ListItem","position":2,"name":"My Drill Store","item":"https:\/\/www.boartlongyear.com\/my-drill-store\/"},{"@type":"ListItem","position":3,"name":"My Drill Store: Guides and Help Documents"}]},{"@type":"WebSite","@id":"https:\/\/www.boartlongyear.com\/#website","url":"https:\/\/www.boartlongyear.com\/","name":"Boart Longyear","description":"","publisher":{"@id":"https:\/\/www.boartlongyear.com\/#organization"},"potentialAction":[{"@type":"SearchAction","target":{"@type":"EntryPoint","urlTemplate":"https:\/\/www.boartlongyear.com\/?s={search_term_string}"},"query-input":{"@type":"PropertyValueSpecification","valueRequired":true,"valueName":"search_term_string"}}],"inLanguage":"es"},{"@type":"Organization","@id":"https:\/\/www.boartlongyear.com\/#organization","name":"Boart Longyear","url":"https:\/\/www.boartlongyear.com\/","logo":{"@type":"ImageObject","inLanguage":"es","@id":"https:\/\/www.boartlongyear.com\/#\/schema\/logo\/image\/","url":"https:\/\/www.boartlongyear.com\/wp-content\/uploads\/BLY-Double-Stack.png","contentUrl":"https:\/\/www.boartlongyear.com\/wp-content\/uploads\/BLY-Double-Stack.png","width":400,"height":100,"caption":"Boart Longyear"},"image":{"@id":"https:\/\/www.boartlongyear.com\/#\/schema\/logo\/image\/"},"sameAs":["https:\/\/www.facebook.com\/boartlongyearcareers","https:\/\/x.com\/boartlongyear","https:\/\/www.instagram.com\/boartlongyear","https:\/\/www.linkedin.com\/company\/boart-longyear","https:\/\/www.youtube.com\/user\/BoartLongyear1"]}]}},"uagb_featured_image_src":{"full":false,"thumbnail":false,"medium":false,"medium_large":false,"large":false,"RoboGalleryMansoryImagesCenter":false,"RoboGalleryPreload":false,"1536x1536":false,"2048x2048":false,"trp-custom-language-flag":false,"alm-thumbnail":false,"tptn_thumbnail":false},"uagb_author_info":{"display_name":"Marketing","author_link":"https:\/\/www.boartlongyear.com\/es\/insite\/author\/jamesburris\/"},"uagb_comment_info":0,"uagb_excerpt":null,"_links":{"self":[{"href":"https:\/\/www.boartlongyear.com\/es\/wp-json\/wp\/v2\/pages\/15926","targetHints":{"allow":["GET"]}}],"collection":[{"href":"https:\/\/www.boartlongyear.com\/es\/wp-json\/wp\/v2\/pages"}],"about":[{"href":"https:\/\/www.boartlongyear.com\/es\/wp-json\/wp\/v2\/types\/page"}],"author":[{"embeddable":true,"href":"https:\/\/www.boartlongyear.com\/es\/wp-json\/wp\/v2\/users\/66"}],"replies":[{"embeddable":true,"href":"https:\/\/www.boartlongyear.com\/es\/wp-json\/wp\/v2\/comments?post=15926"}],"version-history":[{"count":0,"href":"https:\/\/www.boartlongyear.com\/es\/wp-json\/wp\/v2\/pages\/15926\/revisions"}],"up":[{"embeddable":true,"href":"https:\/\/www.boartlongyear.com\/es\/wp-json\/wp\/v2\/pages\/16526"}],"wp:attachment":[{"href":"https:\/\/www.boartlongyear.com\/es\/wp-json\/wp\/v2\/media?parent=15926"}],"curies":[{"name":"wp","href":"https:\/\/api.w.org\/{rel}","templated":true}]}}