{"id":15988,"date":"2016-06-15T16:24:15","date_gmt":"2016-06-15T22:24:15","guid":{"rendered":"https:\/\/www.boartlongyear.com\/?page_id=15988"},"modified":"2020-03-30T15:14:19","modified_gmt":"2020-03-30T21:14:19","slug":"overview","status":"publish","type":"page","link":"https:\/\/www.boartlongyear.com\/es\/my-drill-store\/overview\/","title":{"rendered":"My Drill Store: Descripci\u00f3n general"},"content":{"rendered":"<section class=\"tcvpb_section_tc\">\n\t\t\n\t\t<div class=\"tcvpb_section_content\"><div class=\"tcvpb_container\"><div class=\"tcvpb_column_tc_span12\"><h1  ><span>My Drill Store: Descripci\u00f3n general<\/span><\/h1><div  class=\"\" >\n<p class=\"p_tc\"><strong>MI TIENDA<\/strong> es una plataforma de compra en l\u00ednea f\u00e1cil de usar para una multitud de productos relacionados con Boart Longyear. A continuaci\u00f3n se muestra una descripci\u00f3n general de la navegaci\u00f3n.<\/p>\n<\/div><div  class=\"tcvpb-image\" ><a href=\"https:\/\/www.boartlongyear.com\/wp-content\/uploads\/mydrillstore-overview.png\" class=\"lightbox\" data-lightbox=\"image\"><img decoding=\"async\" src=\"https:\/\/www.boartlongyear.com\/wp-content\/uploads\/mydrillstore-overview.png\">\n\t\t\t<canvas class=\"grey-effect\"><\/canvas>\n\t\t\t\n\t\t<\/a><\/div><span class=\"clear\" style=\"height:20px;display:block;\"><\/span><h2  ><span>Raya superior<\/span><\/h2><div  class=\"tcvpb-image\" ><a href=\"https:\/\/www.boartlongyear.com\/wp-content\/uploads\/top-menu.png\" class=\"lightbox\" data-lightbox=\"image\"><img decoding=\"async\" src=\"https:\/\/www.boartlongyear.com\/wp-content\/uploads\/top-menu.png\">\n\t\t\t<canvas class=\"grey-effect\"><\/canvas>\n\t\t\t\n\t\t<\/a><\/div><div  class=\"\" >\n<ul>\n<li><strong>Casa<\/strong>: Lo gu\u00eda a la p\u00e1gina principal de MyDrillStore.<\/li>\n<li><strong>Entrada de art\u00edculo directo:<\/strong> Use este formulario para ingresar manualmente los n\u00fameros de pieza para ordenar. Si ha personalizado n\u00fameros de parte del cliente, puede ingresarlos aqu\u00ed. <strong><a href=\"https:\/\/www.boartlongyear.com\/es\/my-drill-store\/direct-item-entry\/\">Obtenga m\u00e1s informaci\u00f3n sobre la Entrada Directa de Art\u00edculos.<\/a><\/strong><\/li>\n<li><strong>Carro<\/strong>: Vea los art\u00edculos actuales en su orden.<strong> <a href=\"https:\/\/www.boartlongyear.com\/es\/my-drill-store\/checking-out-step-by-step\/\">Obtenga m\u00e1s informaci\u00f3n sobre la verificaci\u00f3n paso a paso.<\/a>&nbsp;<\/strong><\/li>\n<li><strong>Pedidos<\/strong>: Vea y busque f\u00e1cilmente sus pedidos enviados. <a href=\"https:\/\/www.boartlongyear.com\/es\/my-drill-store\/checking-out-step-by-step\/\"><strong>Obtenga m\u00e1s informaci\u00f3n sobre pedidos.<\/strong><\/a><\/li>\n<li><strong>Perfil<\/strong>: Su informaci\u00f3n personal, libreta de direcciones, cuentas, preferencias y plataformas compradas se mantienen en su perfil bajo <strong>Usuario<\/strong>, as\u00ed como su <strong>Informaci\u00f3n de la compa\u00f1\u00eda<\/strong>.&nbsp;<\/li>\n<li><strong>Cerrar sesi\u00f3n<\/strong>: Registra al usuario actual en My Drill Store.<\/li>\n<\/ul>\n<\/div><span class=\"clear\" style=\"height:20px;display:block;\"><\/span><h2  ><span>Men\u00fa principal<\/span><\/h2><div  class=\"tcvpb-image\" ><a href=\"https:\/\/www.boartlongyear.com\/wp-content\/uploads\/top-ribbon-menu.png\" class=\"lightbox\" data-lightbox=\"image\"><img decoding=\"async\" src=\"https:\/\/www.boartlongyear.com\/wp-content\/uploads\/top-ribbon-menu.png\">\n\t\t\t<canvas class=\"grey-effect\"><\/canvas>\n\t\t\t\n\t\t<\/a><\/div><div  class=\"\" >\n<ul>\n<li><strong>Productos de Boart Longyear: <\/strong>Una vista ampliada de las siete categor\u00edas principales en la tienda. Navega visualmente a cualquiera de las subcategor\u00edas.<\/li>\n<li><strong>B\u00fasqueda de parte<\/strong>: Este enlace abre una nueva ventana para que pueda iniciar sesi\u00f3n <strong>GIRAR<\/strong> - nuestra <a href=\"https:\/\/documoto.digabit.com\/login\/?tk=BOARTLY\" target=\"_blank\" rel=\"noopener noreferrer\">Red de informaci\u00f3n de servicio y piezas<\/a>. <strong><a href=\"https:\/\/www.boartlongyear.com\/es\/my-drill-store\/part-lookup\/\">Obtenga m\u00e1s informaci\u00f3n sobre Part Lookup y SPIN.<\/a><\/strong><\/li>\n<li><strong>Compra otra vez<\/strong>: Los 20 principales art\u00edculos pedidos desde su cuenta se enumeran aqu\u00ed para un f\u00e1cil reordenamiento.<\/li>\n<li><strong>Lista de deseos:<\/strong> Crea m\u00faltiples listas de deseos para ahorrar para futuros pedidos. <strong><a href=\"https:\/\/www.boartlongyear.com\/es\/my-drill-store\/wish-lists\/\">Obtenga m\u00e1s informaci\u00f3n sobre c\u00f3mo crear y usar listas de deseos.<\/a><\/strong><\/li>\n<li><strong>Promociones<\/strong>: Promociones que son aplicables a su regi\u00f3n.<\/li>\n<li><strong>B\u00fasqueda de Producto<\/strong>: El cuadro de b\u00fasqueda de productos tiene <em>busqueda inteligente<\/em> capacidades, lo que significa que puede escribir las primeras 3 letras o n\u00fameros para lo que est\u00e1 buscando y mostrar\u00e1 las tres opciones principales en cada categor\u00eda que contiene una coincidencia.<\/li>\n<\/ul>\n<\/div><div  class=\"\" >\n<h1><img decoding=\"async\" class=\"size-full wp-image-16633 aligncenter\" src=\"https:\/\/www.boartlongyear.com\/wp-content\/uploads\/smart-search1.gif\" alt=\"smart-search1\" width=\"360\" height=\"203\" \/> <img decoding=\"async\" class=\"alignnone size-full wp-image-16014\" src=\"https:\/\/www.boartlongyear.com\/wp-content\/uploads\/search-bar.png\" alt=\"barra de b\u00fasqueda\" width=\"352\" height=\"88\" \/><\/h1>\n<p class=\"p_tc\">A medida que empiece a escribir, la capacidad de b\u00fasqueda inteligente comenzar\u00e1 a completar autom\u00e1ticamente los resultados que se ajusten a su b\u00fasqueda.<\/p>\n<p class=\"p_tc\"><img decoding=\"async\" class=\"alignnone size-full wp-image-16013\" src=\"https:\/\/www.boartlongyear.com\/wp-content\/uploads\/search-bar-populated.png\" alt=\"search-bar-populated\" width=\"342\" height=\"389\" \/><\/p>\n<p class=\"p_tc\">Cuanto m\u00e1s escriba, m\u00e1s refinados ser\u00e1n los resultados de su b\u00fasqueda.<\/p>\n<p class=\"p_tc\"><img decoding=\"async\" class=\"alignnone size-full wp-image-16012\" src=\"https:\/\/www.boartlongyear.com\/wp-content\/uploads\/search-bar-smart-search.png\" alt=\"search-bar-smart-search\" width=\"331\" height=\"151\" \/><\/p>\n<\/div><\/div><\/div><\/div>\n\t\t\n\t\t\n\t<\/section>","protected":false},"excerpt":{"rendered":"","protected":false},"author":66,"featured_media":0,"parent":16526,"menu_order":0,"comment_status":"closed","ping_status":"closed","template":"sidebar-dynamic.php","meta":{"_uag_custom_page_level_css":"","_monsterinsights_skip_tracking":false,"_monsterinsights_sitenote_active":false,"_monsterinsights_sitenote_note":"","_monsterinsights_sitenote_category":0,"footnotes":""},"class_list":["post-15988","page","type-page","status-publish","hentry"],"acf":[],"yoast_head":"<!-- This site is optimized with the Yoast SEO plugin v27.4 - https:\/\/yoast.com\/product\/yoast-seo-wordpress\/ -->\n<title>My Drill Store: Overview - Boart Longyear<\/title>\n<meta name=\"description\" content=\"My Drill Store is an easy-to-use online shopping platform for a multitude Boart Longyear-related products. Below is an overview of the navigation.\" \/>\n<meta name=\"robots\" content=\"index, follow, max-snippet:-1, max-image-preview:large, max-video-preview:-1\" \/>\n<link rel=\"canonical\" href=\"https:\/\/www.boartlongyear.com\/es\/my-drill-store\/overview\/\" \/>\n<meta property=\"og:locale\" content=\"es_ES\" \/>\n<meta property=\"og:type\" content=\"article\" \/>\n<meta property=\"og:title\" content=\"My Drill Store: Overview - Boart Longyear\" \/>\n<meta property=\"og:description\" content=\"My Drill Store is an easy-to-use online shopping platform for a multitude Boart Longyear-related products. Below is an overview of the navigation.\" \/>\n<meta property=\"og:url\" content=\"https:\/\/www.boartlongyear.com\/es\/my-drill-store\/overview\/\" \/>\n<meta property=\"og:site_name\" content=\"Boart Longyear\" \/>\n<meta property=\"article:publisher\" content=\"https:\/\/www.facebook.com\/boartlongyearcareers\" \/>\n<meta property=\"article:modified_time\" content=\"2020-03-30T21:14:19+00:00\" \/>\n<meta property=\"og:image\" content=\"https:\/\/www.boartlongyear.com\/wp-content\/uploads\/smart-search1.gif\" \/>\n<meta name=\"twitter:label1\" content=\"Tiempo de lectura\" \/>\n\t<meta name=\"twitter:data1\" content=\"3 minutos\" \/>\n<script type=\"application\/ld+json\" class=\"yoast-schema-graph\">{\"@context\":\"https:\\\/\\\/schema.org\",\"@graph\":[{\"@type\":\"WebPage\",\"@id\":\"https:\\\/\\\/www.boartlongyear.com\\\/my-drill-store\\\/overview\\\/\",\"url\":\"https:\\\/\\\/www.boartlongyear.com\\\/my-drill-store\\\/overview\\\/\",\"name\":\"My Drill Store: Overview - Boart Longyear\",\"isPartOf\":{\"@id\":\"https:\\\/\\\/www.boartlongyear.com\\\/#website\"},\"primaryImageOfPage\":{\"@id\":\"https:\\\/\\\/www.boartlongyear.com\\\/my-drill-store\\\/overview\\\/#primaryimage\"},\"image\":{\"@id\":\"https:\\\/\\\/www.boartlongyear.com\\\/my-drill-store\\\/overview\\\/#primaryimage\"},\"thumbnailUrl\":\"https:\\\/\\\/www.boartlongyear.com\\\/wp-content\\\/uploads\\\/smart-search1.gif\",\"datePublished\":\"2016-06-15T22:24:15+00:00\",\"dateModified\":\"2020-03-30T21:14:19+00:00\",\"description\":\"My Drill Store is an easy-to-use online shopping platform for a multitude Boart Longyear-related products. Below is an overview of the navigation.\",\"breadcrumb\":{\"@id\":\"https:\\\/\\\/www.boartlongyear.com\\\/my-drill-store\\\/overview\\\/#breadcrumb\"},\"inLanguage\":\"es\",\"potentialAction\":[{\"@type\":\"ReadAction\",\"target\":[\"https:\\\/\\\/www.boartlongyear.com\\\/my-drill-store\\\/overview\\\/\"]}]},{\"@type\":\"ImageObject\",\"inLanguage\":\"es\",\"@id\":\"https:\\\/\\\/www.boartlongyear.com\\\/my-drill-store\\\/overview\\\/#primaryimage\",\"url\":\"https:\\\/\\\/www.boartlongyear.com\\\/wp-content\\\/uploads\\\/smart-search1.gif\",\"contentUrl\":\"https:\\\/\\\/www.boartlongyear.com\\\/wp-content\\\/uploads\\\/smart-search1.gif\"},{\"@type\":\"BreadcrumbList\",\"@id\":\"https:\\\/\\\/www.boartlongyear.com\\\/my-drill-store\\\/overview\\\/#breadcrumb\",\"itemListElement\":[{\"@type\":\"ListItem\",\"position\":1,\"name\":\"Home\",\"item\":\"https:\\\/\\\/www.boartlongyear.com\\\/\"},{\"@type\":\"ListItem\",\"position\":2,\"name\":\"My Drill Store\",\"item\":\"https:\\\/\\\/www.boartlongyear.com\\\/my-drill-store\\\/\"},{\"@type\":\"ListItem\",\"position\":3,\"name\":\"My Drill Store: Overview\"}]},{\"@type\":\"WebSite\",\"@id\":\"https:\\\/\\\/www.boartlongyear.com\\\/#website\",\"url\":\"https:\\\/\\\/www.boartlongyear.com\\\/\",\"name\":\"Boart Longyear\",\"description\":\"\",\"publisher\":{\"@id\":\"https:\\\/\\\/www.boartlongyear.com\\\/#organization\"},\"potentialAction\":[{\"@type\":\"SearchAction\",\"target\":{\"@type\":\"EntryPoint\",\"urlTemplate\":\"https:\\\/\\\/www.boartlongyear.com\\\/?s={search_term_string}\"},\"query-input\":{\"@type\":\"PropertyValueSpecification\",\"valueRequired\":true,\"valueName\":\"search_term_string\"}}],\"inLanguage\":\"es\"},{\"@type\":\"Organization\",\"@id\":\"https:\\\/\\\/www.boartlongyear.com\\\/#organization\",\"name\":\"Boart Longyear\",\"url\":\"https:\\\/\\\/www.boartlongyear.com\\\/\",\"logo\":{\"@type\":\"ImageObject\",\"inLanguage\":\"es\",\"@id\":\"https:\\\/\\\/www.boartlongyear.com\\\/#\\\/schema\\\/logo\\\/image\\\/\",\"url\":\"https:\\\/\\\/www.boartlongyear.com\\\/wp-content\\\/uploads\\\/BLY-Double-Stack.png\",\"contentUrl\":\"https:\\\/\\\/www.boartlongyear.com\\\/wp-content\\\/uploads\\\/BLY-Double-Stack.png\",\"width\":400,\"height\":100,\"caption\":\"Boart Longyear\"},\"image\":{\"@id\":\"https:\\\/\\\/www.boartlongyear.com\\\/#\\\/schema\\\/logo\\\/image\\\/\"},\"sameAs\":[\"https:\\\/\\\/www.facebook.com\\\/boartlongyearcareers\",\"https:\\\/\\\/x.com\\\/boartlongyear\",\"https:\\\/\\\/www.instagram.com\\\/boartlongyear\",\"https:\\\/\\\/www.linkedin.com\\\/company\\\/boart-longyear\",\"https:\\\/\\\/www.youtube.com\\\/user\\\/BoartLongyear1\"]}]}<\/script>\n<!-- \/ Yoast SEO plugin. -->","yoast_head_json":{"title":"My Drill Store: Descripci\u00f3n general - Boart Longyear","description":"My Drill Store es una plataforma de compras en l\u00ednea f\u00e1cil de usar para una multitud de productos relacionados con Boart Longyear. A continuaci\u00f3n se muestra una descripci\u00f3n general de la navegaci\u00f3n.","robots":{"index":"index","follow":"follow","max-snippet":"max-snippet:-1","max-image-preview":"max-image-preview:large","max-video-preview":"max-video-preview:-1"},"canonical":"https:\/\/www.boartlongyear.com\/es\/my-drill-store\/overview\/","og_locale":"es_ES","og_type":"article","og_title":"My Drill Store: Overview - Boart Longyear","og_description":"My Drill Store is an easy-to-use online shopping platform for a multitude Boart Longyear-related products. Below is an overview of the navigation.","og_url":"https:\/\/www.boartlongyear.com\/es\/my-drill-store\/overview\/","og_site_name":"Boart Longyear","article_publisher":"https:\/\/www.facebook.com\/boartlongyearcareers","article_modified_time":"2020-03-30T21:14:19+00:00","og_image":[{"url":"https:\/\/www.boartlongyear.com\/wp-content\/uploads\/smart-search1.gif","type":"","width":"","height":""}],"twitter_misc":{"Tiempo de lectura":"3 minutos"},"schema":{"@context":"https:\/\/schema.org","@graph":[{"@type":"WebPage","@id":"https:\/\/www.boartlongyear.com\/my-drill-store\/overview\/","url":"https:\/\/www.boartlongyear.com\/my-drill-store\/overview\/","name":"My Drill Store: Descripci\u00f3n general - Boart Longyear","isPartOf":{"@id":"https:\/\/www.boartlongyear.com\/#website"},"primaryImageOfPage":{"@id":"https:\/\/www.boartlongyear.com\/my-drill-store\/overview\/#primaryimage"},"image":{"@id":"https:\/\/www.boartlongyear.com\/my-drill-store\/overview\/#primaryimage"},"thumbnailUrl":"https:\/\/www.boartlongyear.com\/wp-content\/uploads\/smart-search1.gif","datePublished":"2016-06-15T22:24:15+00:00","dateModified":"2020-03-30T21:14:19+00:00","description":"My Drill Store es una plataforma de compras en l\u00ednea f\u00e1cil de usar para una multitud de productos relacionados con Boart Longyear. A continuaci\u00f3n se muestra una descripci\u00f3n general de la navegaci\u00f3n.","breadcrumb":{"@id":"https:\/\/www.boartlongyear.com\/my-drill-store\/overview\/#breadcrumb"},"inLanguage":"es","potentialAction":[{"@type":"ReadAction","target":["https:\/\/www.boartlongyear.com\/my-drill-store\/overview\/"]}]},{"@type":"ImageObject","inLanguage":"es","@id":"https:\/\/www.boartlongyear.com\/my-drill-store\/overview\/#primaryimage","url":"https:\/\/www.boartlongyear.com\/wp-content\/uploads\/smart-search1.gif","contentUrl":"https:\/\/www.boartlongyear.com\/wp-content\/uploads\/smart-search1.gif"},{"@type":"BreadcrumbList","@id":"https:\/\/www.boartlongyear.com\/my-drill-store\/overview\/#breadcrumb","itemListElement":[{"@type":"ListItem","position":1,"name":"Home","item":"https:\/\/www.boartlongyear.com\/"},{"@type":"ListItem","position":2,"name":"My Drill Store","item":"https:\/\/www.boartlongyear.com\/my-drill-store\/"},{"@type":"ListItem","position":3,"name":"My Drill Store: Overview"}]},{"@type":"WebSite","@id":"https:\/\/www.boartlongyear.com\/#website","url":"https:\/\/www.boartlongyear.com\/","name":"Boart Longyear","description":"","publisher":{"@id":"https:\/\/www.boartlongyear.com\/#organization"},"potentialAction":[{"@type":"SearchAction","target":{"@type":"EntryPoint","urlTemplate":"https:\/\/www.boartlongyear.com\/?s={search_term_string}"},"query-input":{"@type":"PropertyValueSpecification","valueRequired":true,"valueName":"search_term_string"}}],"inLanguage":"es"},{"@type":"Organization","@id":"https:\/\/www.boartlongyear.com\/#organization","name":"Boart Longyear","url":"https:\/\/www.boartlongyear.com\/","logo":{"@type":"ImageObject","inLanguage":"es","@id":"https:\/\/www.boartlongyear.com\/#\/schema\/logo\/image\/","url":"https:\/\/www.boartlongyear.com\/wp-content\/uploads\/BLY-Double-Stack.png","contentUrl":"https:\/\/www.boartlongyear.com\/wp-content\/uploads\/BLY-Double-Stack.png","width":400,"height":100,"caption":"Boart Longyear"},"image":{"@id":"https:\/\/www.boartlongyear.com\/#\/schema\/logo\/image\/"},"sameAs":["https:\/\/www.facebook.com\/boartlongyearcareers","https:\/\/x.com\/boartlongyear","https:\/\/www.instagram.com\/boartlongyear","https:\/\/www.linkedin.com\/company\/boart-longyear","https:\/\/www.youtube.com\/user\/BoartLongyear1"]}]}},"uagb_featured_image_src":{"full":false,"thumbnail":false,"medium":false,"medium_large":false,"large":false,"RoboGalleryMansoryImagesCenter":false,"RoboGalleryPreload":false,"1536x1536":false,"2048x2048":false,"trp-custom-language-flag":false,"alm-thumbnail":false,"tptn_thumbnail":false},"uagb_author_info":{"display_name":"Marketing","author_link":"https:\/\/www.boartlongyear.com\/es\/insite\/author\/jamesburris\/"},"uagb_comment_info":0,"uagb_excerpt":null,"_links":{"self":[{"href":"https:\/\/www.boartlongyear.com\/es\/wp-json\/wp\/v2\/pages\/15988","targetHints":{"allow":["GET"]}}],"collection":[{"href":"https:\/\/www.boartlongyear.com\/es\/wp-json\/wp\/v2\/pages"}],"about":[{"href":"https:\/\/www.boartlongyear.com\/es\/wp-json\/wp\/v2\/types\/page"}],"author":[{"embeddable":true,"href":"https:\/\/www.boartlongyear.com\/es\/wp-json\/wp\/v2\/users\/66"}],"replies":[{"embeddable":true,"href":"https:\/\/www.boartlongyear.com\/es\/wp-json\/wp\/v2\/comments?post=15988"}],"version-history":[{"count":0,"href":"https:\/\/www.boartlongyear.com\/es\/wp-json\/wp\/v2\/pages\/15988\/revisions"}],"up":[{"embeddable":true,"href":"https:\/\/www.boartlongyear.com\/es\/wp-json\/wp\/v2\/pages\/16526"}],"wp:attachment":[{"href":"https:\/\/www.boartlongyear.com\/es\/wp-json\/wp\/v2\/media?parent=15988"}],"curies":[{"name":"wp","href":"https:\/\/api.w.org\/{rel}","templated":true}]}}