{"id":16045,"date":"2016-06-09T12:40:50","date_gmt":"2016-06-09T18:40:50","guid":{"rendered":"https:\/\/www.boartlongyear.com\/?page_id=16045"},"modified":"2017-07-31T14:08:06","modified_gmt":"2017-07-31T20:08:06","slug":"direct-item-entry","status":"publish","type":"page","link":"https:\/\/www.boartlongyear.com\/es\/my-drill-store\/direct-item-entry\/","title":{"rendered":"My Drill Store: entrada directa de art\u00edculos"},"content":{"rendered":"<section class=\"tcvpb_section_tc\">\n\t\t\n\t\t<div class=\"tcvpb_section_content\"><div class=\"tcvpb_container\"><div class=\"tcvpb_column_tc_span12\"><h1  ><span>My Drill Store: entrada directa de art\u00edculos<\/span><\/h1><div  class=\"\" >\n<p class=\"p_tc\"><img decoding=\"async\" class=\"alignnone wp-image-16041 size-full\" src=\"https:\/\/www.boartlongyear.com\/wp-content\/uploads\/direct-item-entry.png\" width=\"139\" height=\"38\" \/><\/p>\n<p class=\"p_tc\"><img decoding=\"async\" class=\"size-full wp-image-16638 aligncenter\" src=\"https:\/\/www.boartlongyear.com\/wp-content\/uploads\/directitementry1.gif\" alt=\"directitementry1\" width=\"360\" height=\"203\" \/><\/p>\n<p class=\"p_tc\"><img decoding=\"async\" class=\"size-full wp-image-16042 aligncenter\" src=\"https:\/\/www.boartlongyear.com\/wp-content\/uploads\/direct-item-entry-form.png\" alt=\"direct-item-entry-form\" width=\"817\" height=\"301\" \/><\/p>\n<\/div><h2  ><span>Entrada directa de elementos: entrada manual<\/span><\/h2><div  class=\"\" >\n<p class=\"p_tc\">Utilizar el <strong>Entrada de art\u00edculo directo<\/strong>&nbsp;formulario para ingresar manualmente los n\u00fameros de piezas para ordenar. Si ha personalizado n\u00fameros de parte del cliente, puede ingresarlos aqu\u00ed tambi\u00e9n. Una vez que haya ingresado los n\u00fameros de parte, seleccione los art\u00edculos marcando las casillas en el <strong>Seleccionar<\/strong> columna a la izquierda y haga clic en el <strong>Detalles de llenado<\/strong> bot\u00f3n. Asegurar la <strong>Nombre del \u00e1rticulo<\/strong> es correcto una vez que se rellena el formulario, y haga clic <strong>A\u00f1adir a la cesta.<\/strong><\/p>\n<\/div><h2  ><span>Entrada directa de elementos: entrada de hoja de c\u00e1lculo<\/span><\/h2><div  class=\"\" >\n<p class=\"p_tc\">Tambi\u00e9n puede cargar una hoja de c\u00e1lculo en formato .csv (valor separado por comas). Hay un dise\u00f1o espec\u00edfico para subir con \u00e9xito su lista de elementos. El encabezado de cada columna en su .csv debe ser el siguiente: <strong>INV_NUM | UOM | QTY<\/strong> <strong><em>NOTA: cada campo debe contener informaci\u00f3n. No puede haber ning\u00fan campo en blanco.<\/em><\/strong><\/p>\n<p class=\"p_tc\"><strong><a href=\"https:\/\/www.boartlongyear.com\/wp-content\/uploads\/direct-item-entry-template.csv\" target=\"_blank\" rel=\"noopener noreferrer\">Descargue la plantilla csv Direct Item Entry<\/a><\/strong><\/p>\n<p class=\"p_tc\">La <strong>INV_NUM<\/strong> campo es el n\u00famero de parte, El <strong>UOM<\/strong> El campo (Unidad de medida) siempre debe estar lleno con &quot;<strong>EA<\/strong>&quot;, Y <strong>QTY<\/strong> es la cantidad de la parte que desea comprar Al guardar, aseg\u00farese de que el archivo permanezca en formato .csv.<\/p>\n<p class=\"p_tc\">En el <strong>Entrada de art\u00edculo directo<\/strong> p\u00e1gina, haga clic en <strong>Subir<\/strong> bot\u00f3n. <img decoding=\"async\" class=\"alignnone size-full wp-image-16048\" src=\"https:\/\/www.boartlongyear.com\/wp-content\/uploads\/direct-item-entry-upload.png\" alt=\"direct-item-entry-upload\" width=\"74\" height=\"45\" \/>Haga clic en el <strong>Elija el archivo<\/strong> y seleccione el archivo .csv deseado. Hacer clic <strong>Aplicar<\/strong>. Si el archivo .csv est\u00e1 formateado correctamente, el formulario de Entrada de elemento directo se completar\u00e1 autom\u00e1ticamente con los detalles de los elementos cargados.<\/p>\n<\/div><div  class=\"tcvpb-image\" ><a href=\"https:\/\/www.boartlongyear.com\/wp-content\/uploads\/direct-item-entry-filledout.png\" class=\"lightbox\" data-lightbox=\"image\"><img decoding=\"async\" src=\"https:\/\/www.boartlongyear.com\/wp-content\/uploads\/direct-item-entry-filledout.png\">\n\t\t\t<canvas class=\"grey-effect\"><\/canvas>\n\t\t\t\n\t\t<\/a><\/div><div  class=\"\" >\n<p class=\"p_tc\">En el lado izquierdo del formulario, seleccione los elementos que desea agregar al carrito y haga clic en <strong>a\u00f1adir a la cesta<\/strong> bot\u00f3n. Puedes <strong>Seleccionar todo <\/strong>en el enlace de arriba <strong>Seleccionar<\/strong> columna.<\/p>\n<\/div><\/div><\/div><\/div>\n\t\t\n\t\t\n\t<\/section><section class=\"tcvpb_section_tc\" style=\"background-color:rgb(82, 88, 97);\">\n\t\t\n\t\t<div class=\"tcvpb_section_content\"><div class=\"tcvpb_container\"><div class=\"tcvpb_column_tc_span12\"><span class=\"clear\" style=\"height:10px;display:block;\"><\/span><div  class=\"\" >\n<p class=\"p_tc\" style=\"text-align: center;\"><span style=\"font-size: 18pt; color: #ffffff;\"><strong>Buena pr\u00e1ctica: siempre haga clic en el bot\u00f3n Detalles de relleno para recibir notificaciones de cualquier error.<\/strong><\/span><\/p>\n<\/div><\/div><\/div><\/div>\n\t\t\n\t\t\n\t<\/section><section class=\"tcvpb_section_tc\">\n\t\t\n\t\t<div class=\"tcvpb_section_content\"><div class=\"tcvpb_container\"><div class=\"tcvpb_column_tc_span12\"><div  class=\"\" >\n<p class=\"p_tc\">&nbsp;\n<p class=\"p1\"><em><strong>NOTA:<\/strong><\/em>&nbsp;Despu\u00e9s de ingresar sus n\u00fameros de parte manualmente o mediante un archivo .csv, haga clic en <strong>Seleccionar todo<\/strong> enlace, y luego haga clic en <strong>Detalles de llenado<\/strong> bot\u00f3n. Si hay n\u00fameros de parte que no existen o son incorrectos, aparecer\u00e1 un error X rojo en la pieza.<\/p>\n<p class=\"p1\">&nbsp;\n<p class=\"p1\"><img decoding=\"async\" class=\"alignnone size-full wp-image-16927\" src=\"https:\/\/www.boartlongyear.com\/wp-content\/uploads\/direct-item-entry-error.png\" alt=\"direct-item-entry-error\" width=\"390\" height=\"106\" srcset=\"https:\/\/www.boartlongyear.com\/wp-content\/uploads\/direct-item-entry-error.png 390w, https:\/\/www.boartlongyear.com\/wp-content\/uploads\/direct-item-entry-error-340x92.png 340w\" sizes=\"(max-width: 390px) 100vw, 390px\" \/><\/p>\n<p class=\"p1\">&nbsp;\n<p class=\"p1\"><strong>No podr\u00e1 agregar ning\u00fan elemento al carrito en esta pantalla hasta que todos los n\u00fameros de pieza sean correctos.<\/strong> Puede cambiar el n\u00famero de pieza err\u00f3neo o eliminarlo, y hacer clic en <strong>Detalles de llenado<\/strong> bot\u00f3n para eliminar el error. Cuando se hayan corregido todos los errores, puede agregar sus art\u00edculos al carro con \u00e9xito.<\/p>\n<\/div><\/div><\/div><\/div>\n\t\t\n\t\t\n\t<\/section>","protected":false},"excerpt":{"rendered":"","protected":false},"author":66,"featured_media":0,"parent":16526,"menu_order":0,"comment_status":"closed","ping_status":"closed","template":"sidebar-dynamic.php","meta":{"_uag_custom_page_level_css":"","_monsterinsights_skip_tracking":false,"_monsterinsights_sitenote_active":false,"_monsterinsights_sitenote_note":"","_monsterinsights_sitenote_category":0,"footnotes":""},"class_list":["post-16045","page","type-page","status-publish","hentry"],"acf":[],"yoast_head":"<!-- This site is optimized with the Yoast SEO plugin v27.4 - https:\/\/yoast.com\/product\/yoast-seo-wordpress\/ -->\n<title>My Drill Store: Direct Item Entry - Boart Longyear<\/title>\n<meta name=\"robots\" content=\"index, follow, max-snippet:-1, max-image-preview:large, max-video-preview:-1\" \/>\n<link rel=\"canonical\" href=\"https:\/\/www.boartlongyear.com\/es\/my-drill-store\/direct-item-entry\/\" \/>\n<meta property=\"og:locale\" content=\"es_ES\" \/>\n<meta property=\"og:type\" content=\"article\" \/>\n<meta property=\"og:title\" content=\"My Drill Store: Direct Item Entry - Boart Longyear\" \/>\n<meta property=\"og:url\" content=\"https:\/\/www.boartlongyear.com\/es\/my-drill-store\/direct-item-entry\/\" \/>\n<meta property=\"og:site_name\" content=\"Boart Longyear\" \/>\n<meta property=\"article:publisher\" content=\"https:\/\/www.facebook.com\/boartlongyearcareers\" \/>\n<meta property=\"article:modified_time\" content=\"2017-07-31T20:08:06+00:00\" \/>\n<meta property=\"og:image\" content=\"https:\/\/www.boartlongyear.com\/wp-content\/uploads\/direct-item-entry.png\" \/>\n<meta name=\"twitter:label1\" content=\"Tiempo de lectura\" \/>\n\t<meta name=\"twitter:data1\" content=\"3 minutos\" \/>\n<script type=\"application\/ld+json\" class=\"yoast-schema-graph\">{\"@context\":\"https:\\\/\\\/schema.org\",\"@graph\":[{\"@type\":\"WebPage\",\"@id\":\"https:\\\/\\\/www.boartlongyear.com\\\/my-drill-store\\\/direct-item-entry\\\/\",\"url\":\"https:\\\/\\\/www.boartlongyear.com\\\/my-drill-store\\\/direct-item-entry\\\/\",\"name\":\"My Drill Store: Direct Item Entry - Boart Longyear\",\"isPartOf\":{\"@id\":\"https:\\\/\\\/www.boartlongyear.com\\\/#website\"},\"primaryImageOfPage\":{\"@id\":\"https:\\\/\\\/www.boartlongyear.com\\\/my-drill-store\\\/direct-item-entry\\\/#primaryimage\"},\"image\":{\"@id\":\"https:\\\/\\\/www.boartlongyear.com\\\/my-drill-store\\\/direct-item-entry\\\/#primaryimage\"},\"thumbnailUrl\":\"https:\\\/\\\/www.boartlongyear.com\\\/wp-content\\\/uploads\\\/direct-item-entry.png\",\"datePublished\":\"2016-06-09T18:40:50+00:00\",\"dateModified\":\"2017-07-31T20:08:06+00:00\",\"breadcrumb\":{\"@id\":\"https:\\\/\\\/www.boartlongyear.com\\\/my-drill-store\\\/direct-item-entry\\\/#breadcrumb\"},\"inLanguage\":\"es\",\"potentialAction\":[{\"@type\":\"ReadAction\",\"target\":[\"https:\\\/\\\/www.boartlongyear.com\\\/my-drill-store\\\/direct-item-entry\\\/\"]}]},{\"@type\":\"ImageObject\",\"inLanguage\":\"es\",\"@id\":\"https:\\\/\\\/www.boartlongyear.com\\\/my-drill-store\\\/direct-item-entry\\\/#primaryimage\",\"url\":\"https:\\\/\\\/www.boartlongyear.com\\\/wp-content\\\/uploads\\\/direct-item-entry.png\",\"contentUrl\":\"https:\\\/\\\/www.boartlongyear.com\\\/wp-content\\\/uploads\\\/direct-item-entry.png\"},{\"@type\":\"BreadcrumbList\",\"@id\":\"https:\\\/\\\/www.boartlongyear.com\\\/my-drill-store\\\/direct-item-entry\\\/#breadcrumb\",\"itemListElement\":[{\"@type\":\"ListItem\",\"position\":1,\"name\":\"Home\",\"item\":\"https:\\\/\\\/www.boartlongyear.com\\\/\"},{\"@type\":\"ListItem\",\"position\":2,\"name\":\"My Drill Store\",\"item\":\"https:\\\/\\\/www.boartlongyear.com\\\/my-drill-store\\\/\"},{\"@type\":\"ListItem\",\"position\":3,\"name\":\"My Drill Store: Direct Item Entry\"}]},{\"@type\":\"WebSite\",\"@id\":\"https:\\\/\\\/www.boartlongyear.com\\\/#website\",\"url\":\"https:\\\/\\\/www.boartlongyear.com\\\/\",\"name\":\"Boart Longyear\",\"description\":\"\",\"publisher\":{\"@id\":\"https:\\\/\\\/www.boartlongyear.com\\\/#organization\"},\"potentialAction\":[{\"@type\":\"SearchAction\",\"target\":{\"@type\":\"EntryPoint\",\"urlTemplate\":\"https:\\\/\\\/www.boartlongyear.com\\\/?s={search_term_string}\"},\"query-input\":{\"@type\":\"PropertyValueSpecification\",\"valueRequired\":true,\"valueName\":\"search_term_string\"}}],\"inLanguage\":\"es\"},{\"@type\":\"Organization\",\"@id\":\"https:\\\/\\\/www.boartlongyear.com\\\/#organization\",\"name\":\"Boart Longyear\",\"url\":\"https:\\\/\\\/www.boartlongyear.com\\\/\",\"logo\":{\"@type\":\"ImageObject\",\"inLanguage\":\"es\",\"@id\":\"https:\\\/\\\/www.boartlongyear.com\\\/#\\\/schema\\\/logo\\\/image\\\/\",\"url\":\"https:\\\/\\\/www.boartlongyear.com\\\/wp-content\\\/uploads\\\/BLY-Double-Stack.png\",\"contentUrl\":\"https:\\\/\\\/www.boartlongyear.com\\\/wp-content\\\/uploads\\\/BLY-Double-Stack.png\",\"width\":400,\"height\":100,\"caption\":\"Boart Longyear\"},\"image\":{\"@id\":\"https:\\\/\\\/www.boartlongyear.com\\\/#\\\/schema\\\/logo\\\/image\\\/\"},\"sameAs\":[\"https:\\\/\\\/www.facebook.com\\\/boartlongyearcareers\",\"https:\\\/\\\/x.com\\\/boartlongyear\",\"https:\\\/\\\/www.instagram.com\\\/boartlongyear\",\"https:\\\/\\\/www.linkedin.com\\\/company\\\/boart-longyear\",\"https:\\\/\\\/www.youtube.com\\\/user\\\/BoartLongyear1\"]}]}<\/script>\n<!-- \/ Yoast SEO plugin. -->","yoast_head_json":{"title":"My Drill Store: entrada directa de art\u00edculos - Boart Longyear","robots":{"index":"index","follow":"follow","max-snippet":"max-snippet:-1","max-image-preview":"max-image-preview:large","max-video-preview":"max-video-preview:-1"},"canonical":"https:\/\/www.boartlongyear.com\/es\/my-drill-store\/direct-item-entry\/","og_locale":"es_ES","og_type":"article","og_title":"My Drill Store: Direct Item Entry - Boart Longyear","og_url":"https:\/\/www.boartlongyear.com\/es\/my-drill-store\/direct-item-entry\/","og_site_name":"Boart Longyear","article_publisher":"https:\/\/www.facebook.com\/boartlongyearcareers","article_modified_time":"2017-07-31T20:08:06+00:00","og_image":[{"url":"https:\/\/www.boartlongyear.com\/wp-content\/uploads\/direct-item-entry.png","type":"","width":"","height":""}],"twitter_misc":{"Tiempo de lectura":"3 minutos"},"schema":{"@context":"https:\/\/schema.org","@graph":[{"@type":"WebPage","@id":"https:\/\/www.boartlongyear.com\/my-drill-store\/direct-item-entry\/","url":"https:\/\/www.boartlongyear.com\/my-drill-store\/direct-item-entry\/","name":"My Drill Store: entrada directa de art\u00edculos - Boart Longyear","isPartOf":{"@id":"https:\/\/www.boartlongyear.com\/#website"},"primaryImageOfPage":{"@id":"https:\/\/www.boartlongyear.com\/my-drill-store\/direct-item-entry\/#primaryimage"},"image":{"@id":"https:\/\/www.boartlongyear.com\/my-drill-store\/direct-item-entry\/#primaryimage"},"thumbnailUrl":"https:\/\/www.boartlongyear.com\/wp-content\/uploads\/direct-item-entry.png","datePublished":"2016-06-09T18:40:50+00:00","dateModified":"2017-07-31T20:08:06+00:00","breadcrumb":{"@id":"https:\/\/www.boartlongyear.com\/my-drill-store\/direct-item-entry\/#breadcrumb"},"inLanguage":"es","potentialAction":[{"@type":"ReadAction","target":["https:\/\/www.boartlongyear.com\/my-drill-store\/direct-item-entry\/"]}]},{"@type":"ImageObject","inLanguage":"es","@id":"https:\/\/www.boartlongyear.com\/my-drill-store\/direct-item-entry\/#primaryimage","url":"https:\/\/www.boartlongyear.com\/wp-content\/uploads\/direct-item-entry.png","contentUrl":"https:\/\/www.boartlongyear.com\/wp-content\/uploads\/direct-item-entry.png"},{"@type":"BreadcrumbList","@id":"https:\/\/www.boartlongyear.com\/my-drill-store\/direct-item-entry\/#breadcrumb","itemListElement":[{"@type":"ListItem","position":1,"name":"Home","item":"https:\/\/www.boartlongyear.com\/"},{"@type":"ListItem","position":2,"name":"My Drill Store","item":"https:\/\/www.boartlongyear.com\/my-drill-store\/"},{"@type":"ListItem","position":3,"name":"My Drill Store: Direct Item Entry"}]},{"@type":"WebSite","@id":"https:\/\/www.boartlongyear.com\/#website","url":"https:\/\/www.boartlongyear.com\/","name":"Boart Longyear","description":"","publisher":{"@id":"https:\/\/www.boartlongyear.com\/#organization"},"potentialAction":[{"@type":"SearchAction","target":{"@type":"EntryPoint","urlTemplate":"https:\/\/www.boartlongyear.com\/?s={search_term_string}"},"query-input":{"@type":"PropertyValueSpecification","valueRequired":true,"valueName":"search_term_string"}}],"inLanguage":"es"},{"@type":"Organization","@id":"https:\/\/www.boartlongyear.com\/#organization","name":"Boart Longyear","url":"https:\/\/www.boartlongyear.com\/","logo":{"@type":"ImageObject","inLanguage":"es","@id":"https:\/\/www.boartlongyear.com\/#\/schema\/logo\/image\/","url":"https:\/\/www.boartlongyear.com\/wp-content\/uploads\/BLY-Double-Stack.png","contentUrl":"https:\/\/www.boartlongyear.com\/wp-content\/uploads\/BLY-Double-Stack.png","width":400,"height":100,"caption":"Boart Longyear"},"image":{"@id":"https:\/\/www.boartlongyear.com\/#\/schema\/logo\/image\/"},"sameAs":["https:\/\/www.facebook.com\/boartlongyearcareers","https:\/\/x.com\/boartlongyear","https:\/\/www.instagram.com\/boartlongyear","https:\/\/www.linkedin.com\/company\/boart-longyear","https:\/\/www.youtube.com\/user\/BoartLongyear1"]}]}},"uagb_featured_image_src":{"full":false,"thumbnail":false,"medium":false,"medium_large":false,"large":false,"RoboGalleryMansoryImagesCenter":false,"RoboGalleryPreload":false,"1536x1536":false,"2048x2048":false,"trp-custom-language-flag":false,"alm-thumbnail":false,"tptn_thumbnail":false},"uagb_author_info":{"display_name":"Marketing","author_link":"https:\/\/www.boartlongyear.com\/es\/insite\/author\/jamesburris\/"},"uagb_comment_info":0,"uagb_excerpt":null,"_links":{"self":[{"href":"https:\/\/www.boartlongyear.com\/es\/wp-json\/wp\/v2\/pages\/16045","targetHints":{"allow":["GET"]}}],"collection":[{"href":"https:\/\/www.boartlongyear.com\/es\/wp-json\/wp\/v2\/pages"}],"about":[{"href":"https:\/\/www.boartlongyear.com\/es\/wp-json\/wp\/v2\/types\/page"}],"author":[{"embeddable":true,"href":"https:\/\/www.boartlongyear.com\/es\/wp-json\/wp\/v2\/users\/66"}],"replies":[{"embeddable":true,"href":"https:\/\/www.boartlongyear.com\/es\/wp-json\/wp\/v2\/comments?post=16045"}],"version-history":[{"count":0,"href":"https:\/\/www.boartlongyear.com\/es\/wp-json\/wp\/v2\/pages\/16045\/revisions"}],"up":[{"embeddable":true,"href":"https:\/\/www.boartlongyear.com\/es\/wp-json\/wp\/v2\/pages\/16526"}],"wp:attachment":[{"href":"https:\/\/www.boartlongyear.com\/es\/wp-json\/wp\/v2\/media?parent=16045"}],"curies":[{"name":"wp","href":"https:\/\/api.w.org\/{rel}","templated":true}]}}