{"id":16060,"date":"2016-06-15T16:23:21","date_gmt":"2016-06-15T22:23:21","guid":{"rendered":"https:\/\/www.boartlongyear.com\/?page_id=16060"},"modified":"2017-07-28T14:52:12","modified_gmt":"2017-07-28T20:52:12","slug":"checking-out-step-by-step","status":"publish","type":"page","link":"https:\/\/www.boartlongyear.com\/es\/my-drill-store\/checking-out-step-by-step\/","title":{"rendered":"Mi taladro tienda: pago paso a paso"},"content":{"rendered":"<section class=\"tcvpb_section_tc\">\n\t\t\n\t\t<div class=\"tcvpb_section_content\"><div class=\"tcvpb_container\"><div class=\"tcvpb_column_tc_span12\"><h1  ><span>Mi taladro tienda: pago paso a paso<\/span><\/h1><div  class=\"\" >\n<p class=\"p_tc\">Verificando su orden involucra tres pasos:<\/p>\n<ol>\n<li><strong>Env\u00edo<\/strong><\/li>\n<li><strong>Facturaci\u00f3n y pago<\/strong><\/li>\n<li><strong>Revisar y hacer un pedido<\/strong><\/li>\n<\/ol>\n<p class=\"p_tc\">Cuando haya terminado de comprar, haga clic en <strong>Carro (<img decoding=\"async\" class=\"alignnone size-full wp-image-16346\" src=\"https:\/\/www.boartlongyear.com\/wp-content\/uploads\/cart.png\" alt=\"carro\" width=\"85\" height=\"37\">)<\/strong> enlace en el men\u00fa superior para revisar los detalles de su carrito. Sobre el <strong>Detalles del carro<\/strong> p\u00e1gina, puede hacer ajustes de cantidad o eliminar elementos que no desea comprar.<\/p>\n<\/div><h2  ><span>Detalles del carro<\/span><\/h2><div  class=\"\" >\n<p class=\"p_tc\">Adem\u00e1s de comenzar el proceso de finalizaci\u00f3n de su pedido, hay m\u00e1s acciones que puede realizar en la P\u00e1gina de detalles del carro. Puede actualizar la cantidad de un art\u00edculo, verificar la disponibilidad del almac\u00e9n en su regi\u00f3n o eliminar un art\u00edculo. Cuando haya terminado de revisar los art\u00edculos en su carrito, haga clic en <strong>REVISA<\/strong>. Ahora se encuentra en el primer paso del proceso de pago.<\/p>\n<\/div><h2  ><span>Paso 1: Pago y env\u00edo: Informaci\u00f3n de env\u00edo<\/span><\/h2><div  class=\"\" >\n<p class=\"p_tc\" style=\"text-align: left;\">La <strong>Envie a<\/strong> la informaci\u00f3n se completar\u00e1 autom\u00e1ticamente a partir de la informaci\u00f3n de perfil ingresada en el perfil de su compa\u00f1\u00eda. Una vez que haya verificado su informaci\u00f3n de env\u00edo a, elija su m\u00e9todo de env\u00edo. Las opciones son <strong>Aire<\/strong>, <strong>Oceano<\/strong>, <strong>Suelo<\/strong>, o <strong>El cliente recoge<\/strong>. Tambi\u00e9n puede agregar instrucciones de env\u00edo o embalaje, as\u00ed como una fecha de solicitud para su pedido. <strong>Enviar a ubicaciones m\u00faltiples<\/strong> <img decoding=\"async\" class=\"alignnone size-full wp-image-16086\" src=\"https:\/\/www.boartlongyear.com\/wp-content\/uploads\/cart-ship-multiple-locations.jpg\" alt=\"cart-ship-multiple-locations\" width=\"227\" height=\"52\"> Si est\u00e1 enviando art\u00edculos en su carrito a varias ubicaciones, haga clic en <strong>+<\/strong> cerca de <strong>Enviar a ubicaciones m\u00faltiples<\/strong>.<\/p>\n<p class=\"p_tc\" style=\"text-align: left;\"><img decoding=\"async\" class=\"alignnone size-full wp-image-16087\" src=\"https:\/\/www.boartlongyear.com\/wp-content\/uploads\/cart-multiple-locations-picker.jpg\" alt=\"cart-multiple-locations-picker\" width=\"468\" height=\"229\"><\/p>\n<p class=\"p_tc\" style=\"text-align: left;\"><strong>Seleccionar<\/strong> las partes deseadas para enviar a una ubicaci\u00f3n diferente, y haga clic en <strong>Actualizar informaci\u00f3n de env\u00edo<\/strong>.<\/p>\n<p class=\"p_tc\" style=\"text-align: left;\"><img decoding=\"async\" class=\"alignnone size-full wp-image-16088\" src=\"https:\/\/www.boartlongyear.com\/wp-content\/uploads\/cart-multiple-locations-select.jpg\" alt=\"cart-multiple-locations-select\" width=\"330\" height=\"239\"><\/p>\n<p class=\"p_tc\" style=\"text-align: left;\">&nbsp;\n<p class=\"p_tc\" style=\"text-align: left;\">Aparecer\u00e1 una p\u00e1gina con los elementos que seleccion\u00f3, junto con<strong> Envie a<\/strong> y <strong>Detalles de env\u00edo<\/strong> para completar a continuaci\u00f3n. Haga clic en el <strong>Predeterminado desde:<\/strong> desplegable, y <strong>Informaci\u00f3n de env\u00edo del carro<\/strong>. Desde aqu\u00ed puede hacer clic en <strong>Cambio<\/strong> bot\u00f3n al lado de <strong>Enviar a direcci\u00f3n<\/strong> y elija la direcci\u00f3n a la que desea enviar los art\u00edculos seleccionados. Una vez que haya terminado de agregar la siguiente direcci\u00f3n, haga clic <strong>Seleccionar<\/strong>. Escoge un <strong>M\u00e9todo de env\u00edo<\/strong>y completa cualquier <strong>Detalles de env\u00edo<\/strong> necesario, y haga clic <strong>Aplicar<\/strong>. Volver\u00e1 al paso Informaci\u00f3n de env\u00edo del proceso de pago. Hacer clic <strong>Siguiente<\/strong>.<\/p>\n<p class=\"p_tc\" style=\"text-align: left;\"><img decoding=\"async\" class=\"alignnone size-full wp-image-16089\" src=\"https:\/\/www.boartlongyear.com\/wp-content\/uploads\/cart-step1of3.jpg\" alt=\"cart-step1of3\" width=\"290\" height=\"59\"><\/p>\n<\/div><h2  ><span>PASO 2: PAGO Y PAGO: INFORMACI\u00d3N DE FACTURACI\u00d3N Y PAGO<\/span><\/h2><div  class=\"\" >\n<p class=\"p_tc\"><strong>Cobrar a<\/strong><\/p>\n<p class=\"p_tc\">En el <strong>Cobrar a<\/strong> campo, el <strong>Bill al cliente<\/strong>, <strong>Bill para contactar<\/strong>y <strong>Direcci\u00f3n de facturaci\u00f3n<\/strong> el campo se completar\u00e1 previamente con la informaci\u00f3n de la cuenta de su empresa. Si su cuenta tiene varias direcciones Bill To, haga clic en <strong>Seleccionar<\/strong> bot\u00f3n al lado de <strong>Direcci\u00f3n de facturaci\u00f3n<\/strong>. Elija de la lista, o realice una b\u00fasqueda por <strong>Pa\u00eds<\/strong> y <strong>Vista por<\/strong> ya sea <strong>Direcciones de contacto<\/strong> o <strong>Direcciones del cliente<\/strong>.<\/p>\n<h3><strong>Pago<\/strong><\/h3>\n<p class=\"p_tc\">UN <strong>numero postal<\/strong> es requerido para continuar el proceso de pago. Ingrese su n\u00famero de PO en el campo.<\/p>\n<h3><strong>T\u00e9rminos y Condiciones<\/strong><\/h3>\n<p class=\"p_tc\">Para continuar con el proceso de pago, debe hacer clic en la casilla de verificaci\u00f3n afirmando que ha le\u00eddo y aceptado los T\u00e9rminos y Condiciones de Boart Longyear. Cuando haya terminado de revisar su informaci\u00f3n de facturaci\u00f3n y pago, haga clic en <strong>Siguiente<\/strong> para revisar y hacer su pedido.<\/p>\n<p class=\"p_tc\"><img decoding=\"async\" class=\"alignnone size-full wp-image-16090\" src=\"https:\/\/www.boartlongyear.com\/wp-content\/uploads\/cart-step2of3.jpg\" alt=\"cart-step2of3\" width=\"272\" height=\"53\"><\/p>\n<\/div><h2  ><span>Paso 3: Pago: revisar y realizar pedido<\/span><\/h2><div  class=\"\" >\n<p class=\"p_tc\">En el \u00faltimo paso del proceso de pago, se presenta su pedido completo para revisi\u00f3n. Puede hacer clic en&nbsp;<strong>Espalda<\/strong>&nbsp;bot\u00f3n en cualquier momento para realizar cambios, o puede actualizar la informaci\u00f3n en esta p\u00e1gina. <em>Nota: Si bien puede actualizar la cantidad de cualquier art\u00edculo en su carrito, no puede eliminarlos en esta p\u00e1gina. Si necesita eliminar un elemento, haga clic en <strong>Carro<\/strong> enlace en la parte superior de la p\u00e1gina y haga sus revisiones. Luego repita los pasos 1-3 para finalizar la compra.<\/em> Cuando est\u00e9 satisfecho con la informaci\u00f3n de su pedido, haga clic en <strong>Realizar pedido<\/strong>. Aparecer\u00e1 una p\u00e1gina de confirmaci\u00f3n con su n\u00famero de orden. Imprima esta p\u00e1gina y gu\u00e1rdela para sus registros.<\/p>\n<p class=\"p_tc\"><img decoding=\"async\" class=\"alignnone size-full wp-image-16091\" src=\"https:\/\/www.boartlongyear.com\/wp-content\/uploads\/cart-step3of3.jpg\" alt=\"cart-step3of3\" width=\"272\" height=\"57\"><\/p>\n<p class=\"p_tc\">Poco despu\u00e9s de que aparezca la confirmaci\u00f3n, recibir\u00e1 un acuse de recibo de venta del correo electr\u00f3nico que figura en su cuenta. Un Representante de Servicio al Cliente asignado a su cuenta tambi\u00e9n recibir\u00e1 y revisar\u00e1 un reconocimiento de su pedido. <em>Nota: El Representante de Servicio al Cliente puede hacer posibles cambios a su pedido, tales como:<\/em><\/p>\n<ul>\n<li><em>Cambiar la cantidad de la orden para corregir las cantidades del paquete (varillas)<\/em><\/li>\n<li><em>M\u00e9todo de env\u00edo<\/em><\/li>\n<li><em>A\u00f1adir gastos de envio<\/em><\/li>\n<\/ul>\n<p class=\"p_tc\">Su representante de atenci\u00f3n al cliente se comunicar\u00e1 con usted para confirmar su pedido y cualquier cambio que haya realizado.<\/p>\n<\/div><\/div><\/div><\/div>\n\t\t\n\t\t\n\t<\/section>","protected":false},"excerpt":{"rendered":"","protected":false},"author":66,"featured_media":0,"parent":16526,"menu_order":0,"comment_status":"closed","ping_status":"closed","template":"sidebar-dynamic.php","meta":{"_uag_custom_page_level_css":"","_monsterinsights_skip_tracking":false,"_monsterinsights_sitenote_active":false,"_monsterinsights_sitenote_note":"","_monsterinsights_sitenote_category":0,"footnotes":""},"class_list":["post-16060","page","type-page","status-publish","hentry"],"acf":[],"yoast_head":"<!-- This site is optimized with the Yoast SEO plugin v27.4 - https:\/\/yoast.com\/product\/yoast-seo-wordpress\/ -->\n<title>My Drill Store: Checkout Step-By-Step - Boart Longyear<\/title>\n<meta name=\"robots\" content=\"index, follow, max-snippet:-1, max-image-preview:large, max-video-preview:-1\" \/>\n<link rel=\"canonical\" href=\"https:\/\/www.boartlongyear.com\/es\/my-drill-store\/checking-out-step-by-step\/\" \/>\n<meta property=\"og:locale\" content=\"es_ES\" \/>\n<meta property=\"og:type\" content=\"article\" \/>\n<meta property=\"og:title\" content=\"My Drill Store: Checkout Step-By-Step - Boart Longyear\" \/>\n<meta property=\"og:url\" content=\"https:\/\/www.boartlongyear.com\/es\/my-drill-store\/checking-out-step-by-step\/\" \/>\n<meta property=\"og:site_name\" content=\"Boart Longyear\" \/>\n<meta property=\"article:publisher\" content=\"https:\/\/www.facebook.com\/boartlongyearcareers\" \/>\n<meta property=\"article:modified_time\" content=\"2017-07-28T20:52:12+00:00\" \/>\n<meta property=\"og:image\" content=\"https:\/\/www.boartlongyear.com\/wp-content\/uploads\/cart.png\" \/>\n<meta name=\"twitter:label1\" content=\"Tiempo de lectura\" \/>\n\t<meta name=\"twitter:data1\" content=\"4 minutos\" \/>\n<script type=\"application\/ld+json\" class=\"yoast-schema-graph\">{\"@context\":\"https:\\\/\\\/schema.org\",\"@graph\":[{\"@type\":\"WebPage\",\"@id\":\"https:\\\/\\\/www.boartlongyear.com\\\/my-drill-store\\\/checking-out-step-by-step\\\/\",\"url\":\"https:\\\/\\\/www.boartlongyear.com\\\/my-drill-store\\\/checking-out-step-by-step\\\/\",\"name\":\"My Drill Store: Checkout Step-By-Step - Boart Longyear\",\"isPartOf\":{\"@id\":\"https:\\\/\\\/www.boartlongyear.com\\\/#website\"},\"primaryImageOfPage\":{\"@id\":\"https:\\\/\\\/www.boartlongyear.com\\\/my-drill-store\\\/checking-out-step-by-step\\\/#primaryimage\"},\"image\":{\"@id\":\"https:\\\/\\\/www.boartlongyear.com\\\/my-drill-store\\\/checking-out-step-by-step\\\/#primaryimage\"},\"thumbnailUrl\":\"https:\\\/\\\/www.boartlongyear.com\\\/wp-content\\\/uploads\\\/cart.png\",\"datePublished\":\"2016-06-15T22:23:21+00:00\",\"dateModified\":\"2017-07-28T20:52:12+00:00\",\"breadcrumb\":{\"@id\":\"https:\\\/\\\/www.boartlongyear.com\\\/my-drill-store\\\/checking-out-step-by-step\\\/#breadcrumb\"},\"inLanguage\":\"es\",\"potentialAction\":[{\"@type\":\"ReadAction\",\"target\":[\"https:\\\/\\\/www.boartlongyear.com\\\/my-drill-store\\\/checking-out-step-by-step\\\/\"]}]},{\"@type\":\"ImageObject\",\"inLanguage\":\"es\",\"@id\":\"https:\\\/\\\/www.boartlongyear.com\\\/my-drill-store\\\/checking-out-step-by-step\\\/#primaryimage\",\"url\":\"https:\\\/\\\/www.boartlongyear.com\\\/wp-content\\\/uploads\\\/cart.png\",\"contentUrl\":\"https:\\\/\\\/www.boartlongyear.com\\\/wp-content\\\/uploads\\\/cart.png\"},{\"@type\":\"BreadcrumbList\",\"@id\":\"https:\\\/\\\/www.boartlongyear.com\\\/my-drill-store\\\/checking-out-step-by-step\\\/#breadcrumb\",\"itemListElement\":[{\"@type\":\"ListItem\",\"position\":1,\"name\":\"Home\",\"item\":\"https:\\\/\\\/www.boartlongyear.com\\\/\"},{\"@type\":\"ListItem\",\"position\":2,\"name\":\"My Drill Store\",\"item\":\"https:\\\/\\\/www.boartlongyear.com\\\/my-drill-store\\\/\"},{\"@type\":\"ListItem\",\"position\":3,\"name\":\"My Drill Store: Checkout Step-By-Step\"}]},{\"@type\":\"WebSite\",\"@id\":\"https:\\\/\\\/www.boartlongyear.com\\\/#website\",\"url\":\"https:\\\/\\\/www.boartlongyear.com\\\/\",\"name\":\"Boart Longyear\",\"description\":\"\",\"publisher\":{\"@id\":\"https:\\\/\\\/www.boartlongyear.com\\\/#organization\"},\"potentialAction\":[{\"@type\":\"SearchAction\",\"target\":{\"@type\":\"EntryPoint\",\"urlTemplate\":\"https:\\\/\\\/www.boartlongyear.com\\\/?s={search_term_string}\"},\"query-input\":{\"@type\":\"PropertyValueSpecification\",\"valueRequired\":true,\"valueName\":\"search_term_string\"}}],\"inLanguage\":\"es\"},{\"@type\":\"Organization\",\"@id\":\"https:\\\/\\\/www.boartlongyear.com\\\/#organization\",\"name\":\"Boart Longyear\",\"url\":\"https:\\\/\\\/www.boartlongyear.com\\\/\",\"logo\":{\"@type\":\"ImageObject\",\"inLanguage\":\"es\",\"@id\":\"https:\\\/\\\/www.boartlongyear.com\\\/#\\\/schema\\\/logo\\\/image\\\/\",\"url\":\"https:\\\/\\\/www.boartlongyear.com\\\/wp-content\\\/uploads\\\/BLY-Double-Stack.png\",\"contentUrl\":\"https:\\\/\\\/www.boartlongyear.com\\\/wp-content\\\/uploads\\\/BLY-Double-Stack.png\",\"width\":400,\"height\":100,\"caption\":\"Boart Longyear\"},\"image\":{\"@id\":\"https:\\\/\\\/www.boartlongyear.com\\\/#\\\/schema\\\/logo\\\/image\\\/\"},\"sameAs\":[\"https:\\\/\\\/www.facebook.com\\\/boartlongyearcareers\",\"https:\\\/\\\/x.com\\\/boartlongyear\",\"https:\\\/\\\/www.instagram.com\\\/boartlongyear\",\"https:\\\/\\\/www.linkedin.com\\\/company\\\/boart-longyear\",\"https:\\\/\\\/www.youtube.com\\\/user\\\/BoartLongyear1\"]}]}<\/script>\n<!-- \/ Yoast SEO plugin. -->","yoast_head_json":{"title":"Mi taladro tienda: pago paso a paso - Boart Longyear","robots":{"index":"index","follow":"follow","max-snippet":"max-snippet:-1","max-image-preview":"max-image-preview:large","max-video-preview":"max-video-preview:-1"},"canonical":"https:\/\/www.boartlongyear.com\/es\/my-drill-store\/checking-out-step-by-step\/","og_locale":"es_ES","og_type":"article","og_title":"My Drill Store: Checkout Step-By-Step - Boart Longyear","og_url":"https:\/\/www.boartlongyear.com\/es\/my-drill-store\/checking-out-step-by-step\/","og_site_name":"Boart Longyear","article_publisher":"https:\/\/www.facebook.com\/boartlongyearcareers","article_modified_time":"2017-07-28T20:52:12+00:00","og_image":[{"url":"https:\/\/www.boartlongyear.com\/wp-content\/uploads\/cart.png","type":"","width":"","height":""}],"twitter_misc":{"Tiempo de lectura":"4 minutos"},"schema":{"@context":"https:\/\/schema.org","@graph":[{"@type":"WebPage","@id":"https:\/\/www.boartlongyear.com\/my-drill-store\/checking-out-step-by-step\/","url":"https:\/\/www.boartlongyear.com\/my-drill-store\/checking-out-step-by-step\/","name":"Mi taladro tienda: pago paso a paso - Boart Longyear","isPartOf":{"@id":"https:\/\/www.boartlongyear.com\/#website"},"primaryImageOfPage":{"@id":"https:\/\/www.boartlongyear.com\/my-drill-store\/checking-out-step-by-step\/#primaryimage"},"image":{"@id":"https:\/\/www.boartlongyear.com\/my-drill-store\/checking-out-step-by-step\/#primaryimage"},"thumbnailUrl":"https:\/\/www.boartlongyear.com\/wp-content\/uploads\/cart.png","datePublished":"2016-06-15T22:23:21+00:00","dateModified":"2017-07-28T20:52:12+00:00","breadcrumb":{"@id":"https:\/\/www.boartlongyear.com\/my-drill-store\/checking-out-step-by-step\/#breadcrumb"},"inLanguage":"es","potentialAction":[{"@type":"ReadAction","target":["https:\/\/www.boartlongyear.com\/my-drill-store\/checking-out-step-by-step\/"]}]},{"@type":"ImageObject","inLanguage":"es","@id":"https:\/\/www.boartlongyear.com\/my-drill-store\/checking-out-step-by-step\/#primaryimage","url":"https:\/\/www.boartlongyear.com\/wp-content\/uploads\/cart.png","contentUrl":"https:\/\/www.boartlongyear.com\/wp-content\/uploads\/cart.png"},{"@type":"BreadcrumbList","@id":"https:\/\/www.boartlongyear.com\/my-drill-store\/checking-out-step-by-step\/#breadcrumb","itemListElement":[{"@type":"ListItem","position":1,"name":"Home","item":"https:\/\/www.boartlongyear.com\/"},{"@type":"ListItem","position":2,"name":"My Drill Store","item":"https:\/\/www.boartlongyear.com\/my-drill-store\/"},{"@type":"ListItem","position":3,"name":"My Drill Store: Checkout Step-By-Step"}]},{"@type":"WebSite","@id":"https:\/\/www.boartlongyear.com\/#website","url":"https:\/\/www.boartlongyear.com\/","name":"Boart Longyear","description":"","publisher":{"@id":"https:\/\/www.boartlongyear.com\/#organization"},"potentialAction":[{"@type":"SearchAction","target":{"@type":"EntryPoint","urlTemplate":"https:\/\/www.boartlongyear.com\/?s={search_term_string}"},"query-input":{"@type":"PropertyValueSpecification","valueRequired":true,"valueName":"search_term_string"}}],"inLanguage":"es"},{"@type":"Organization","@id":"https:\/\/www.boartlongyear.com\/#organization","name":"Boart Longyear","url":"https:\/\/www.boartlongyear.com\/","logo":{"@type":"ImageObject","inLanguage":"es","@id":"https:\/\/www.boartlongyear.com\/#\/schema\/logo\/image\/","url":"https:\/\/www.boartlongyear.com\/wp-content\/uploads\/BLY-Double-Stack.png","contentUrl":"https:\/\/www.boartlongyear.com\/wp-content\/uploads\/BLY-Double-Stack.png","width":400,"height":100,"caption":"Boart Longyear"},"image":{"@id":"https:\/\/www.boartlongyear.com\/#\/schema\/logo\/image\/"},"sameAs":["https:\/\/www.facebook.com\/boartlongyearcareers","https:\/\/x.com\/boartlongyear","https:\/\/www.instagram.com\/boartlongyear","https:\/\/www.linkedin.com\/company\/boart-longyear","https:\/\/www.youtube.com\/user\/BoartLongyear1"]}]}},"uagb_featured_image_src":{"full":false,"thumbnail":false,"medium":false,"medium_large":false,"large":false,"RoboGalleryMansoryImagesCenter":false,"RoboGalleryPreload":false,"1536x1536":false,"2048x2048":false,"trp-custom-language-flag":false,"alm-thumbnail":false,"tptn_thumbnail":false},"uagb_author_info":{"display_name":"Marketing","author_link":"https:\/\/www.boartlongyear.com\/es\/insite\/author\/jamesburris\/"},"uagb_comment_info":0,"uagb_excerpt":null,"_links":{"self":[{"href":"https:\/\/www.boartlongyear.com\/es\/wp-json\/wp\/v2\/pages\/16060","targetHints":{"allow":["GET"]}}],"collection":[{"href":"https:\/\/www.boartlongyear.com\/es\/wp-json\/wp\/v2\/pages"}],"about":[{"href":"https:\/\/www.boartlongyear.com\/es\/wp-json\/wp\/v2\/types\/page"}],"author":[{"embeddable":true,"href":"https:\/\/www.boartlongyear.com\/es\/wp-json\/wp\/v2\/users\/66"}],"replies":[{"embeddable":true,"href":"https:\/\/www.boartlongyear.com\/es\/wp-json\/wp\/v2\/comments?post=16060"}],"version-history":[{"count":0,"href":"https:\/\/www.boartlongyear.com\/es\/wp-json\/wp\/v2\/pages\/16060\/revisions"}],"up":[{"embeddable":true,"href":"https:\/\/www.boartlongyear.com\/es\/wp-json\/wp\/v2\/pages\/16526"}],"wp:attachment":[{"href":"https:\/\/www.boartlongyear.com\/es\/wp-json\/wp\/v2\/media?parent=16060"}],"curies":[{"name":"wp","href":"https:\/\/api.w.org\/{rel}","templated":true}]}}