{"id":16132,"date":"2016-06-15T16:13:27","date_gmt":"2016-06-15T22:13:27","guid":{"rendered":"https:\/\/www.boartlongyear.com\/?page_id=16132"},"modified":"2017-07-31T13:56:17","modified_gmt":"2017-07-31T19:56:17","slug":"wish-lists","status":"publish","type":"page","link":"https:\/\/www.boartlongyear.com\/es\/my-drill-store\/wish-lists\/","title":{"rendered":"My Drill Store: Wish Lists"},"content":{"rendered":"<section class=\"tcvpb_section_tc\">\n\t\t\n\t\t<div class=\"tcvpb_section_content\"><div class=\"tcvpb_container\"><div class=\"tcvpb_column_tc_span12\"><h1  ><span>My Drill Store: Wish Lists<\/span><\/h1><div  class=\"\" ><\/div>\n<h1><img decoding=\"async\" class=\"alignnone size-full wp-image-16133\" src=\"https:\/\/www.boartlongyear.com\/wp-content\/uploads\/wish-list-menu.jpg\" alt=\"wish-list-menu\" width=\"101\" height=\"51\" \/><\/h1>\n<p>Las listas de deseos se pueden utilizar para reunir art\u00edculos para pedidos futuros que a\u00fan no est\u00e1 listo para comprar. Puede agregar elementos a una lista de deseos a trav\u00e9s de los detalles del carro.<\/p>\n<p><strong>Crear una lista de deseos<\/strong><\/p>\n<p><img decoding=\"async\" class=\"size-full wp-image-16643 aligncenter\" src=\"https:\/\/www.boartlongyear.com\/wp-content\/uploads\/save-to-wish-list.gif\" alt=\"save-to-wish-list\" width=\"360\" height=\"203\" \/><\/p>\n<ul>\n<li>Agregue los art\u00edculos que desea en su lista de deseos al <strong>Carro<\/strong>.<\/li>\n<li>Haga clic en <strong>Carro<\/strong> en la parte superior de la p\u00e1gina.<\/li>\n<li>La <strong>Detalles del carro<\/strong> la p\u00e1gina aparecer\u00e1<\/li>\n<li>En el <strong>Comportamiento<\/strong> men\u00fa, haga clic en <strong>Guardar en la lista<\/strong> y haga clic <strong>Ir<\/strong>.<\/li>\n<\/ul>\n<p><img decoding=\"async\" class=\"alignnone size-full wp-image-16134\" src=\"https:\/\/www.boartlongyear.com\/wp-content\/uploads\/wish-list-save-to-list.jpg\" alt=\"wish-list-save-to-list\" width=\"226\" height=\"142\" \/><\/p>\n<p>En el<strong> Guardar en la lista de deseos<\/strong> ventana, tienes tres opciones:<\/p>\n<ul>\n<li><strong>Lista nueva<\/strong><\/li>\n<li><strong>Reemplazar una lista existente<\/strong><\/li>\n<li><strong>Agregar a una lista existente<\/strong><\/li>\n<\/ul>\n<p>Para crear una nueva lista de deseos, seleccione el bot\u00f3n de selecci\u00f3n a un lado <strong>Lista nueva<\/strong>y escribe un<strong> Lista de nombres<\/strong> y cualquier comentario con respecto a la lista.<\/p>\n<p><img decoding=\"async\" class=\"alignnone wp-image-16135\" src=\"https:\/\/www.boartlongyear.com\/wp-content\/uploads\/save-to-wish-list.jpg\" alt=\"save-to-wish-list\" width=\"698\" height=\"306\" \/><\/p>\n<p>Hacer clic <strong>Aplicar<\/strong>.<\/p>\n<h2>Detalles de la lista de deseos<\/h2>\n<p>Clickea en el <strong>Lista de deseos<\/strong> enlace de men\u00fa gris en la parte superior de la p\u00e1gina.\u00a0<img decoding=\"async\" class=\"alignnone size-full wp-image-16133\" src=\"https:\/\/www.boartlongyear.com\/wp-content\/uploads\/wish-list-menu.jpg\" alt=\"wish-list-menu\" width=\"101\" height=\"51\" \/>\u00a0Aparecer\u00e1 un resumen de tus Wish Lists. Clickea en el<strong>\u00a0Lista de nombres<\/strong> quieres editar<\/p>\n<p><img decoding=\"async\" class=\"alignnone wp-image-16136\" src=\"https:\/\/www.boartlongyear.com\/wp-content\/uploads\/wish-list-list.jpg\" alt=\"wish-list-list\" width=\"700\" height=\"189\" \/><\/p>\n<p>En el <strong>Detalles de la lista de deseos<\/strong> p\u00e1gina, puede seleccionar los elementos que desea agregar a la cesta, mover elementos de la lista actual a una diferente, eliminar elementos, actualizar la cantidad de un elemento o eliminar toda la lista.<\/p>\n<p><img decoding=\"async\" class=\"alignnone wp-image-16137\" src=\"https:\/\/www.boartlongyear.com\/wp-content\/uploads\/wish-list-details.jpg\" alt=\"detalles de lista de deseos\" width=\"699\" height=\"414\" \/><\/p>\n<p>&nbsp;<\/p>\n<p>Para agregar art\u00edculos al carro y comenzar el proceso de compra, marque las casillas en el <strong>Seleccionar<\/strong> columna antes de hacer clic en el <strong>a\u00f1adir a la cesta <\/strong>bot\u00f3n. <strong>Seleccionar todo<\/strong> y <strong>Seleccione Ninguno<\/strong> opciones hace que esta operaci\u00f3n sea simple si tiene listas grandes. <em>NOTA: si ya hay art\u00edculos en su carrito, los art\u00edculos de la Lista de deseos se agregar\u00e1n al carro actual<\/div><\/div><\/div>\n\t\t\n\t\t\n\t<\/section><\/em><\/p>","protected":false},"excerpt":{"rendered":"","protected":false},"author":66,"featured_media":0,"parent":16526,"menu_order":0,"comment_status":"closed","ping_status":"closed","template":"sidebar-dynamic.php","meta":{"_uag_custom_page_level_css":"","_monsterinsights_skip_tracking":false,"_monsterinsights_sitenote_active":false,"_monsterinsights_sitenote_note":"","_monsterinsights_sitenote_category":0,"footnotes":""},"class_list":["post-16132","page","type-page","status-publish","hentry"],"acf":[],"yoast_head":"<!-- This site is optimized with the Yoast SEO plugin v27.4 - https:\/\/yoast.com\/product\/yoast-seo-wordpress\/ -->\n<title>My Drill Store: Wish Lists - Boart Longyear<\/title>\n<meta name=\"robots\" content=\"index, follow, max-snippet:-1, max-image-preview:large, max-video-preview:-1\" \/>\n<link rel=\"canonical\" href=\"https:\/\/www.boartlongyear.com\/es\/my-drill-store\/wish-lists\/\" \/>\n<meta property=\"og:locale\" content=\"es_ES\" \/>\n<meta property=\"og:type\" content=\"article\" \/>\n<meta property=\"og:title\" content=\"My Drill Store: Wish Lists - Boart Longyear\" \/>\n<meta property=\"og:url\" content=\"https:\/\/www.boartlongyear.com\/es\/my-drill-store\/wish-lists\/\" \/>\n<meta property=\"og:site_name\" content=\"Boart Longyear\" \/>\n<meta property=\"article:publisher\" content=\"https:\/\/www.facebook.com\/boartlongyearcareers\" \/>\n<meta property=\"article:modified_time\" content=\"2017-07-31T19:56:17+00:00\" \/>\n<meta property=\"og:image\" content=\"https:\/\/www.boartlongyear.com\/wp-content\/uploads\/wish-list-menu.jpg\" \/>\n<meta name=\"twitter:label1\" content=\"Tiempo de lectura\" \/>\n\t<meta name=\"twitter:data1\" content=\"1 minuto\" \/>\n<script type=\"application\/ld+json\" class=\"yoast-schema-graph\">{\"@context\":\"https:\\\/\\\/schema.org\",\"@graph\":[{\"@type\":\"WebPage\",\"@id\":\"https:\\\/\\\/www.boartlongyear.com\\\/my-drill-store\\\/wish-lists\\\/\",\"url\":\"https:\\\/\\\/www.boartlongyear.com\\\/my-drill-store\\\/wish-lists\\\/\",\"name\":\"My Drill Store: Wish Lists - Boart Longyear\",\"isPartOf\":{\"@id\":\"https:\\\/\\\/www.boartlongyear.com\\\/#website\"},\"primaryImageOfPage\":{\"@id\":\"https:\\\/\\\/www.boartlongyear.com\\\/my-drill-store\\\/wish-lists\\\/#primaryimage\"},\"image\":{\"@id\":\"https:\\\/\\\/www.boartlongyear.com\\\/my-drill-store\\\/wish-lists\\\/#primaryimage\"},\"thumbnailUrl\":\"https:\\\/\\\/www.boartlongyear.com\\\/wp-content\\\/uploads\\\/wish-list-menu.jpg\",\"datePublished\":\"2016-06-15T22:13:27+00:00\",\"dateModified\":\"2017-07-31T19:56:17+00:00\",\"breadcrumb\":{\"@id\":\"https:\\\/\\\/www.boartlongyear.com\\\/my-drill-store\\\/wish-lists\\\/#breadcrumb\"},\"inLanguage\":\"es\",\"potentialAction\":[{\"@type\":\"ReadAction\",\"target\":[\"https:\\\/\\\/www.boartlongyear.com\\\/my-drill-store\\\/wish-lists\\\/\"]}]},{\"@type\":\"ImageObject\",\"inLanguage\":\"es\",\"@id\":\"https:\\\/\\\/www.boartlongyear.com\\\/my-drill-store\\\/wish-lists\\\/#primaryimage\",\"url\":\"https:\\\/\\\/www.boartlongyear.com\\\/wp-content\\\/uploads\\\/wish-list-menu.jpg\",\"contentUrl\":\"https:\\\/\\\/www.boartlongyear.com\\\/wp-content\\\/uploads\\\/wish-list-menu.jpg\"},{\"@type\":\"BreadcrumbList\",\"@id\":\"https:\\\/\\\/www.boartlongyear.com\\\/my-drill-store\\\/wish-lists\\\/#breadcrumb\",\"itemListElement\":[{\"@type\":\"ListItem\",\"position\":1,\"name\":\"Home\",\"item\":\"https:\\\/\\\/www.boartlongyear.com\\\/\"},{\"@type\":\"ListItem\",\"position\":2,\"name\":\"My Drill Store\",\"item\":\"https:\\\/\\\/www.boartlongyear.com\\\/my-drill-store\\\/\"},{\"@type\":\"ListItem\",\"position\":3,\"name\":\"My Drill Store: Wish Lists\"}]},{\"@type\":\"WebSite\",\"@id\":\"https:\\\/\\\/www.boartlongyear.com\\\/#website\",\"url\":\"https:\\\/\\\/www.boartlongyear.com\\\/\",\"name\":\"Boart Longyear\",\"description\":\"\",\"publisher\":{\"@id\":\"https:\\\/\\\/www.boartlongyear.com\\\/#organization\"},\"potentialAction\":[{\"@type\":\"SearchAction\",\"target\":{\"@type\":\"EntryPoint\",\"urlTemplate\":\"https:\\\/\\\/www.boartlongyear.com\\\/?s={search_term_string}\"},\"query-input\":{\"@type\":\"PropertyValueSpecification\",\"valueRequired\":true,\"valueName\":\"search_term_string\"}}],\"inLanguage\":\"es\"},{\"@type\":\"Organization\",\"@id\":\"https:\\\/\\\/www.boartlongyear.com\\\/#organization\",\"name\":\"Boart Longyear\",\"url\":\"https:\\\/\\\/www.boartlongyear.com\\\/\",\"logo\":{\"@type\":\"ImageObject\",\"inLanguage\":\"es\",\"@id\":\"https:\\\/\\\/www.boartlongyear.com\\\/#\\\/schema\\\/logo\\\/image\\\/\",\"url\":\"https:\\\/\\\/www.boartlongyear.com\\\/wp-content\\\/uploads\\\/BLY-Double-Stack.png\",\"contentUrl\":\"https:\\\/\\\/www.boartlongyear.com\\\/wp-content\\\/uploads\\\/BLY-Double-Stack.png\",\"width\":400,\"height\":100,\"caption\":\"Boart Longyear\"},\"image\":{\"@id\":\"https:\\\/\\\/www.boartlongyear.com\\\/#\\\/schema\\\/logo\\\/image\\\/\"},\"sameAs\":[\"https:\\\/\\\/www.facebook.com\\\/boartlongyearcareers\",\"https:\\\/\\\/x.com\\\/boartlongyear\",\"https:\\\/\\\/www.instagram.com\\\/boartlongyear\",\"https:\\\/\\\/www.linkedin.com\\\/company\\\/boart-longyear\",\"https:\\\/\\\/www.youtube.com\\\/user\\\/BoartLongyear1\"]}]}<\/script>\n<!-- \/ Yoast SEO plugin. -->","yoast_head_json":{"title":"My Drill Store: Wish Lists - Boart Longyear","robots":{"index":"index","follow":"follow","max-snippet":"max-snippet:-1","max-image-preview":"max-image-preview:large","max-video-preview":"max-video-preview:-1"},"canonical":"https:\/\/www.boartlongyear.com\/es\/my-drill-store\/wish-lists\/","og_locale":"es_ES","og_type":"article","og_title":"My Drill Store: Wish Lists - Boart Longyear","og_url":"https:\/\/www.boartlongyear.com\/es\/my-drill-store\/wish-lists\/","og_site_name":"Boart Longyear","article_publisher":"https:\/\/www.facebook.com\/boartlongyearcareers","article_modified_time":"2017-07-31T19:56:17+00:00","og_image":[{"url":"https:\/\/www.boartlongyear.com\/wp-content\/uploads\/wish-list-menu.jpg","type":"","width":"","height":""}],"twitter_misc":{"Tiempo de lectura":"1 minuto"},"schema":{"@context":"https:\/\/schema.org","@graph":[{"@type":"WebPage","@id":"https:\/\/www.boartlongyear.com\/my-drill-store\/wish-lists\/","url":"https:\/\/www.boartlongyear.com\/my-drill-store\/wish-lists\/","name":"My Drill Store: Wish Lists - Boart Longyear","isPartOf":{"@id":"https:\/\/www.boartlongyear.com\/#website"},"primaryImageOfPage":{"@id":"https:\/\/www.boartlongyear.com\/my-drill-store\/wish-lists\/#primaryimage"},"image":{"@id":"https:\/\/www.boartlongyear.com\/my-drill-store\/wish-lists\/#primaryimage"},"thumbnailUrl":"https:\/\/www.boartlongyear.com\/wp-content\/uploads\/wish-list-menu.jpg","datePublished":"2016-06-15T22:13:27+00:00","dateModified":"2017-07-31T19:56:17+00:00","breadcrumb":{"@id":"https:\/\/www.boartlongyear.com\/my-drill-store\/wish-lists\/#breadcrumb"},"inLanguage":"es","potentialAction":[{"@type":"ReadAction","target":["https:\/\/www.boartlongyear.com\/my-drill-store\/wish-lists\/"]}]},{"@type":"ImageObject","inLanguage":"es","@id":"https:\/\/www.boartlongyear.com\/my-drill-store\/wish-lists\/#primaryimage","url":"https:\/\/www.boartlongyear.com\/wp-content\/uploads\/wish-list-menu.jpg","contentUrl":"https:\/\/www.boartlongyear.com\/wp-content\/uploads\/wish-list-menu.jpg"},{"@type":"BreadcrumbList","@id":"https:\/\/www.boartlongyear.com\/my-drill-store\/wish-lists\/#breadcrumb","itemListElement":[{"@type":"ListItem","position":1,"name":"Home","item":"https:\/\/www.boartlongyear.com\/"},{"@type":"ListItem","position":2,"name":"My Drill Store","item":"https:\/\/www.boartlongyear.com\/my-drill-store\/"},{"@type":"ListItem","position":3,"name":"My Drill Store: Wish Lists"}]},{"@type":"WebSite","@id":"https:\/\/www.boartlongyear.com\/#website","url":"https:\/\/www.boartlongyear.com\/","name":"Boart Longyear","description":"","publisher":{"@id":"https:\/\/www.boartlongyear.com\/#organization"},"potentialAction":[{"@type":"SearchAction","target":{"@type":"EntryPoint","urlTemplate":"https:\/\/www.boartlongyear.com\/?s={search_term_string}"},"query-input":{"@type":"PropertyValueSpecification","valueRequired":true,"valueName":"search_term_string"}}],"inLanguage":"es"},{"@type":"Organization","@id":"https:\/\/www.boartlongyear.com\/#organization","name":"Boart Longyear","url":"https:\/\/www.boartlongyear.com\/","logo":{"@type":"ImageObject","inLanguage":"es","@id":"https:\/\/www.boartlongyear.com\/#\/schema\/logo\/image\/","url":"https:\/\/www.boartlongyear.com\/wp-content\/uploads\/BLY-Double-Stack.png","contentUrl":"https:\/\/www.boartlongyear.com\/wp-content\/uploads\/BLY-Double-Stack.png","width":400,"height":100,"caption":"Boart Longyear"},"image":{"@id":"https:\/\/www.boartlongyear.com\/#\/schema\/logo\/image\/"},"sameAs":["https:\/\/www.facebook.com\/boartlongyearcareers","https:\/\/x.com\/boartlongyear","https:\/\/www.instagram.com\/boartlongyear","https:\/\/www.linkedin.com\/company\/boart-longyear","https:\/\/www.youtube.com\/user\/BoartLongyear1"]}]}},"uagb_featured_image_src":{"full":false,"thumbnail":false,"medium":false,"medium_large":false,"large":false,"RoboGalleryMansoryImagesCenter":false,"RoboGalleryPreload":false,"1536x1536":false,"2048x2048":false,"trp-custom-language-flag":false,"alm-thumbnail":false,"tptn_thumbnail":false},"uagb_author_info":{"display_name":"Marketing","author_link":"https:\/\/www.boartlongyear.com\/es\/insite\/author\/jamesburris\/"},"uagb_comment_info":0,"uagb_excerpt":null,"_links":{"self":[{"href":"https:\/\/www.boartlongyear.com\/es\/wp-json\/wp\/v2\/pages\/16132","targetHints":{"allow":["GET"]}}],"collection":[{"href":"https:\/\/www.boartlongyear.com\/es\/wp-json\/wp\/v2\/pages"}],"about":[{"href":"https:\/\/www.boartlongyear.com\/es\/wp-json\/wp\/v2\/types\/page"}],"author":[{"embeddable":true,"href":"https:\/\/www.boartlongyear.com\/es\/wp-json\/wp\/v2\/users\/66"}],"replies":[{"embeddable":true,"href":"https:\/\/www.boartlongyear.com\/es\/wp-json\/wp\/v2\/comments?post=16132"}],"version-history":[{"count":0,"href":"https:\/\/www.boartlongyear.com\/es\/wp-json\/wp\/v2\/pages\/16132\/revisions"}],"up":[{"embeddable":true,"href":"https:\/\/www.boartlongyear.com\/es\/wp-json\/wp\/v2\/pages\/16526"}],"wp:attachment":[{"href":"https:\/\/www.boartlongyear.com\/es\/wp-json\/wp\/v2\/media?parent=16132"}],"curies":[{"name":"wp","href":"https:\/\/api.w.org\/{rel}","templated":true}]}}