{"id":16151,"date":"2016-06-17T10:28:04","date_gmt":"2016-06-17T16:28:04","guid":{"rendered":"https:\/\/www.boartlongyear.com\/?page_id=16151"},"modified":"2017-07-31T14:00:36","modified_gmt":"2017-07-31T20:00:36","slug":"saved-carts","status":"publish","type":"page","link":"https:\/\/www.boartlongyear.com\/es\/my-drill-store\/saved-carts\/","title":{"rendered":"Mi tienda de taladros: carros guardados"},"content":{"rendered":"<section class=\"tcvpb_section_tc\">\n\t\t\n\t\t<div class=\"tcvpb_section_content\"><div class=\"tcvpb_container\"><div class=\"tcvpb_column_tc_span12\"><h1  ><span>Mi tienda de taladros: carros guardados<\/span><\/h1><div  class=\"\" >\n<p class=\"p_tc\">Puede guardar un carro para compartir con otros usuarios en su cuenta, o para comprar en una fecha posterior. Los carros guardados caducan despu\u00e9s de 30 d\u00edas. Para guardar un carrito:<\/p>\n<ul>\n<li>En tus <strong>Detalles del carro<\/strong> p\u00e1gina, haga clic en <strong>Comportamiento<\/strong> Men\u00fa desplegable.<\/li>\n<li>Escoger <strong>Guardar carro<\/strong> y haga clic <strong>Ir<\/strong>.<\/li>\n<\/ul>\n<p class=\"p_tc\"><img decoding=\"async\" class=\"alignnone size-full wp-image-16355\" src=\"https:\/\/www.boartlongyear.com\/wp-content\/uploads\/save-cart.jpg\" alt=\"save-cart\" width=\"221\" height=\"150\" \/><\/p>\n<p class=\"p_tc\">Ingrese un nombre de carro y haga clic <strong>Aplicar<\/strong>. Aparecer\u00e1 una ventana de confirmaci\u00f3n. En esta ventana puede revisar los detalles de su carrito. Hacer clic <strong>Seguir comprando.<\/strong> <strong>&nbsp;<\/strong><\/p>\n<p class=\"p_tc\"><strong>C\u00f3mo llegar a los carros guardados<\/strong><strong>&nbsp;<\/strong><\/p>\n<ul>\n<li>Clickea en el <strong>Carro<\/strong> enlace en la parte superior de la p\u00e1gina.<\/li>\n<li>En el peque\u00f1o submen\u00fa que aparece debajo del gran men\u00fa gris, haz clic <strong>Carros guardados<\/strong>.&nbsp;<\/li>\n<\/ul>\n<p class=\"p_tc\"><img decoding=\"async\" class=\"alignnone size-full wp-image-16356\" src=\"https:\/\/www.boartlongyear.com\/wp-content\/uploads\/saved-carts.jpg\" alt=\"carritos guardados\" width=\"700\" height=\"166\" \/><\/p>\n<p class=\"p_tc\"><strong>Men\u00fa de acciones de carritos guardados<\/strong><\/p>\n<ul>\n<li><strong>Actualizaci\u00f3n de la compra<\/strong>: Use esta opci\u00f3n para actualizar cantidades o eliminar elementos.<\/li>\n<li><strong>Compartir carro<\/strong>: Puede compartir sus Carritos Guardados con otros usuarios dentro de su cuenta.<\/li>\n<li><strong>Carro duplicado:<\/strong> Duplica el carro guardado seleccionado en la lista. Despu\u00e9s de duplicar un carrito, se convierte en su carrito actual.<\/li>\n<li><strong>Eliminar carro<\/strong>: Elimina el carro seleccionado en su lista de Carrito guardado.<\/li>\n<\/ul>\n<p class=\"p_tc\"><strong>Verificando un carrito guardado<\/strong> Seleccione el carrito que desea pagar y haga clic en <strong>Revisa<\/strong> bot\u00f3n. Se lo dirigir\u00e1 inmediatamente al Paso 1 del proceso de finalizaci\u00f3n de la compra. Para obtener informaci\u00f3n detallada sobre el proceso de Checkout, lea el <strong>Pago paso a paso<\/strong> documento. <em><strong>NOTA<\/strong>: Si tiene un art\u00edculo actualmente en su carrito de compra cuando realiza la compra de un carrito guardado, el art\u00edculo se mover\u00e1 a un nuevo carrito guardado titulado <strong>Tienda guardada<\/strong><\/em><\/p>\n<\/div><\/div><\/div><\/div>\n\t\t\n\t\t\n\t<\/section>","protected":false},"excerpt":{"rendered":"","protected":false},"author":66,"featured_media":0,"parent":16526,"menu_order":0,"comment_status":"closed","ping_status":"closed","template":"sidebar-dynamic.php","meta":{"_uag_custom_page_level_css":"","_monsterinsights_skip_tracking":false,"_monsterinsights_sitenote_active":false,"_monsterinsights_sitenote_note":"","_monsterinsights_sitenote_category":0,"footnotes":""},"class_list":["post-16151","page","type-page","status-publish","hentry"],"acf":[],"yoast_head":"<!-- This site is optimized with the Yoast SEO plugin v27.4 - https:\/\/yoast.com\/product\/yoast-seo-wordpress\/ -->\n<title>My Drill Store: Saved Carts - Boart Longyear<\/title>\n<meta name=\"robots\" content=\"index, follow, max-snippet:-1, max-image-preview:large, max-video-preview:-1\" \/>\n<link rel=\"canonical\" href=\"https:\/\/www.boartlongyear.com\/es\/my-drill-store\/saved-carts\/\" \/>\n<meta property=\"og:locale\" content=\"es_ES\" \/>\n<meta property=\"og:type\" content=\"article\" \/>\n<meta property=\"og:title\" content=\"My Drill Store: Saved Carts - Boart Longyear\" \/>\n<meta property=\"og:url\" content=\"https:\/\/www.boartlongyear.com\/es\/my-drill-store\/saved-carts\/\" \/>\n<meta property=\"og:site_name\" content=\"Boart Longyear\" \/>\n<meta property=\"article:publisher\" content=\"https:\/\/www.facebook.com\/boartlongyearcareers\" \/>\n<meta property=\"article:modified_time\" content=\"2017-07-31T20:00:36+00:00\" \/>\n<meta property=\"og:image\" content=\"https:\/\/www.boartlongyear.com\/wp-content\/uploads\/save-cart.jpg\" \/>\n<meta name=\"twitter:label1\" content=\"Tiempo de lectura\" \/>\n\t<meta name=\"twitter:data1\" content=\"1 minuto\" \/>\n<script type=\"application\/ld+json\" class=\"yoast-schema-graph\">{\"@context\":\"https:\\\/\\\/schema.org\",\"@graph\":[{\"@type\":\"WebPage\",\"@id\":\"https:\\\/\\\/www.boartlongyear.com\\\/my-drill-store\\\/saved-carts\\\/\",\"url\":\"https:\\\/\\\/www.boartlongyear.com\\\/my-drill-store\\\/saved-carts\\\/\",\"name\":\"My Drill Store: Saved Carts - Boart Longyear\",\"isPartOf\":{\"@id\":\"https:\\\/\\\/www.boartlongyear.com\\\/#website\"},\"primaryImageOfPage\":{\"@id\":\"https:\\\/\\\/www.boartlongyear.com\\\/my-drill-store\\\/saved-carts\\\/#primaryimage\"},\"image\":{\"@id\":\"https:\\\/\\\/www.boartlongyear.com\\\/my-drill-store\\\/saved-carts\\\/#primaryimage\"},\"thumbnailUrl\":\"https:\\\/\\\/www.boartlongyear.com\\\/wp-content\\\/uploads\\\/save-cart.jpg\",\"datePublished\":\"2016-06-17T16:28:04+00:00\",\"dateModified\":\"2017-07-31T20:00:36+00:00\",\"breadcrumb\":{\"@id\":\"https:\\\/\\\/www.boartlongyear.com\\\/my-drill-store\\\/saved-carts\\\/#breadcrumb\"},\"inLanguage\":\"es\",\"potentialAction\":[{\"@type\":\"ReadAction\",\"target\":[\"https:\\\/\\\/www.boartlongyear.com\\\/my-drill-store\\\/saved-carts\\\/\"]}]},{\"@type\":\"ImageObject\",\"inLanguage\":\"es\",\"@id\":\"https:\\\/\\\/www.boartlongyear.com\\\/my-drill-store\\\/saved-carts\\\/#primaryimage\",\"url\":\"https:\\\/\\\/www.boartlongyear.com\\\/wp-content\\\/uploads\\\/save-cart.jpg\",\"contentUrl\":\"https:\\\/\\\/www.boartlongyear.com\\\/wp-content\\\/uploads\\\/save-cart.jpg\"},{\"@type\":\"BreadcrumbList\",\"@id\":\"https:\\\/\\\/www.boartlongyear.com\\\/my-drill-store\\\/saved-carts\\\/#breadcrumb\",\"itemListElement\":[{\"@type\":\"ListItem\",\"position\":1,\"name\":\"Home\",\"item\":\"https:\\\/\\\/www.boartlongyear.com\\\/\"},{\"@type\":\"ListItem\",\"position\":2,\"name\":\"My Drill Store\",\"item\":\"https:\\\/\\\/www.boartlongyear.com\\\/my-drill-store\\\/\"},{\"@type\":\"ListItem\",\"position\":3,\"name\":\"My Drill Store: Saved Carts\"}]},{\"@type\":\"WebSite\",\"@id\":\"https:\\\/\\\/www.boartlongyear.com\\\/#website\",\"url\":\"https:\\\/\\\/www.boartlongyear.com\\\/\",\"name\":\"Boart Longyear\",\"description\":\"\",\"publisher\":{\"@id\":\"https:\\\/\\\/www.boartlongyear.com\\\/#organization\"},\"potentialAction\":[{\"@type\":\"SearchAction\",\"target\":{\"@type\":\"EntryPoint\",\"urlTemplate\":\"https:\\\/\\\/www.boartlongyear.com\\\/?s={search_term_string}\"},\"query-input\":{\"@type\":\"PropertyValueSpecification\",\"valueRequired\":true,\"valueName\":\"search_term_string\"}}],\"inLanguage\":\"es\"},{\"@type\":\"Organization\",\"@id\":\"https:\\\/\\\/www.boartlongyear.com\\\/#organization\",\"name\":\"Boart Longyear\",\"url\":\"https:\\\/\\\/www.boartlongyear.com\\\/\",\"logo\":{\"@type\":\"ImageObject\",\"inLanguage\":\"es\",\"@id\":\"https:\\\/\\\/www.boartlongyear.com\\\/#\\\/schema\\\/logo\\\/image\\\/\",\"url\":\"https:\\\/\\\/www.boartlongyear.com\\\/wp-content\\\/uploads\\\/BLY-Double-Stack.png\",\"contentUrl\":\"https:\\\/\\\/www.boartlongyear.com\\\/wp-content\\\/uploads\\\/BLY-Double-Stack.png\",\"width\":400,\"height\":100,\"caption\":\"Boart Longyear\"},\"image\":{\"@id\":\"https:\\\/\\\/www.boartlongyear.com\\\/#\\\/schema\\\/logo\\\/image\\\/\"},\"sameAs\":[\"https:\\\/\\\/www.facebook.com\\\/boartlongyearcareers\",\"https:\\\/\\\/x.com\\\/boartlongyear\",\"https:\\\/\\\/www.instagram.com\\\/boartlongyear\",\"https:\\\/\\\/www.linkedin.com\\\/company\\\/boart-longyear\",\"https:\\\/\\\/www.youtube.com\\\/user\\\/BoartLongyear1\"]}]}<\/script>\n<!-- \/ Yoast SEO plugin. -->","yoast_head_json":{"title":"Mi taladro tienda: carros guardados - Boart Longyear","robots":{"index":"index","follow":"follow","max-snippet":"max-snippet:-1","max-image-preview":"max-image-preview:large","max-video-preview":"max-video-preview:-1"},"canonical":"https:\/\/www.boartlongyear.com\/es\/my-drill-store\/saved-carts\/","og_locale":"es_ES","og_type":"article","og_title":"My Drill Store: Saved Carts - Boart Longyear","og_url":"https:\/\/www.boartlongyear.com\/es\/my-drill-store\/saved-carts\/","og_site_name":"Boart Longyear","article_publisher":"https:\/\/www.facebook.com\/boartlongyearcareers","article_modified_time":"2017-07-31T20:00:36+00:00","og_image":[{"url":"https:\/\/www.boartlongyear.com\/wp-content\/uploads\/save-cart.jpg","type":"","width":"","height":""}],"twitter_misc":{"Tiempo de lectura":"1 minuto"},"schema":{"@context":"https:\/\/schema.org","@graph":[{"@type":"WebPage","@id":"https:\/\/www.boartlongyear.com\/my-drill-store\/saved-carts\/","url":"https:\/\/www.boartlongyear.com\/my-drill-store\/saved-carts\/","name":"Mi taladro tienda: carros guardados - Boart Longyear","isPartOf":{"@id":"https:\/\/www.boartlongyear.com\/#website"},"primaryImageOfPage":{"@id":"https:\/\/www.boartlongyear.com\/my-drill-store\/saved-carts\/#primaryimage"},"image":{"@id":"https:\/\/www.boartlongyear.com\/my-drill-store\/saved-carts\/#primaryimage"},"thumbnailUrl":"https:\/\/www.boartlongyear.com\/wp-content\/uploads\/save-cart.jpg","datePublished":"2016-06-17T16:28:04+00:00","dateModified":"2017-07-31T20:00:36+00:00","breadcrumb":{"@id":"https:\/\/www.boartlongyear.com\/my-drill-store\/saved-carts\/#breadcrumb"},"inLanguage":"es","potentialAction":[{"@type":"ReadAction","target":["https:\/\/www.boartlongyear.com\/my-drill-store\/saved-carts\/"]}]},{"@type":"ImageObject","inLanguage":"es","@id":"https:\/\/www.boartlongyear.com\/my-drill-store\/saved-carts\/#primaryimage","url":"https:\/\/www.boartlongyear.com\/wp-content\/uploads\/save-cart.jpg","contentUrl":"https:\/\/www.boartlongyear.com\/wp-content\/uploads\/save-cart.jpg"},{"@type":"BreadcrumbList","@id":"https:\/\/www.boartlongyear.com\/my-drill-store\/saved-carts\/#breadcrumb","itemListElement":[{"@type":"ListItem","position":1,"name":"Home","item":"https:\/\/www.boartlongyear.com\/"},{"@type":"ListItem","position":2,"name":"My Drill Store","item":"https:\/\/www.boartlongyear.com\/my-drill-store\/"},{"@type":"ListItem","position":3,"name":"My Drill Store: Saved Carts"}]},{"@type":"WebSite","@id":"https:\/\/www.boartlongyear.com\/#website","url":"https:\/\/www.boartlongyear.com\/","name":"Boart Longyear","description":"","publisher":{"@id":"https:\/\/www.boartlongyear.com\/#organization"},"potentialAction":[{"@type":"SearchAction","target":{"@type":"EntryPoint","urlTemplate":"https:\/\/www.boartlongyear.com\/?s={search_term_string}"},"query-input":{"@type":"PropertyValueSpecification","valueRequired":true,"valueName":"search_term_string"}}],"inLanguage":"es"},{"@type":"Organization","@id":"https:\/\/www.boartlongyear.com\/#organization","name":"Boart Longyear","url":"https:\/\/www.boartlongyear.com\/","logo":{"@type":"ImageObject","inLanguage":"es","@id":"https:\/\/www.boartlongyear.com\/#\/schema\/logo\/image\/","url":"https:\/\/www.boartlongyear.com\/wp-content\/uploads\/BLY-Double-Stack.png","contentUrl":"https:\/\/www.boartlongyear.com\/wp-content\/uploads\/BLY-Double-Stack.png","width":400,"height":100,"caption":"Boart Longyear"},"image":{"@id":"https:\/\/www.boartlongyear.com\/#\/schema\/logo\/image\/"},"sameAs":["https:\/\/www.facebook.com\/boartlongyearcareers","https:\/\/x.com\/boartlongyear","https:\/\/www.instagram.com\/boartlongyear","https:\/\/www.linkedin.com\/company\/boart-longyear","https:\/\/www.youtube.com\/user\/BoartLongyear1"]}]}},"uagb_featured_image_src":{"full":false,"thumbnail":false,"medium":false,"medium_large":false,"large":false,"RoboGalleryMansoryImagesCenter":false,"RoboGalleryPreload":false,"1536x1536":false,"2048x2048":false,"trp-custom-language-flag":false,"alm-thumbnail":false,"tptn_thumbnail":false},"uagb_author_info":{"display_name":"Marketing","author_link":"https:\/\/www.boartlongyear.com\/es\/insite\/author\/jamesburris\/"},"uagb_comment_info":0,"uagb_excerpt":null,"_links":{"self":[{"href":"https:\/\/www.boartlongyear.com\/es\/wp-json\/wp\/v2\/pages\/16151","targetHints":{"allow":["GET"]}}],"collection":[{"href":"https:\/\/www.boartlongyear.com\/es\/wp-json\/wp\/v2\/pages"}],"about":[{"href":"https:\/\/www.boartlongyear.com\/es\/wp-json\/wp\/v2\/types\/page"}],"author":[{"embeddable":true,"href":"https:\/\/www.boartlongyear.com\/es\/wp-json\/wp\/v2\/users\/66"}],"replies":[{"embeddable":true,"href":"https:\/\/www.boartlongyear.com\/es\/wp-json\/wp\/v2\/comments?post=16151"}],"version-history":[{"count":0,"href":"https:\/\/www.boartlongyear.com\/es\/wp-json\/wp\/v2\/pages\/16151\/revisions"}],"up":[{"embeddable":true,"href":"https:\/\/www.boartlongyear.com\/es\/wp-json\/wp\/v2\/pages\/16526"}],"wp:attachment":[{"href":"https:\/\/www.boartlongyear.com\/es\/wp-json\/wp\/v2\/media?parent=16151"}],"curies":[{"name":"wp","href":"https:\/\/api.w.org\/{rel}","templated":true}]}}