{"id":16157,"date":"2016-06-20T13:40:49","date_gmt":"2016-06-20T19:40:49","guid":{"rendered":"https:\/\/www.boartlongyear.com\/?page_id=16157"},"modified":"2017-07-28T14:48:27","modified_gmt":"2017-07-28T20:48:27","slug":"account-information-areas","status":"publish","type":"page","link":"https:\/\/www.boartlongyear.com\/es\/my-drill-store\/account-information-areas\/","title":{"rendered":"My Drill Store: \u00e1reas de informaci\u00f3n de cuenta"},"content":{"rendered":"<section class=\"tcvpb_section_tc\">\n\t\t\n\t\t<div class=\"tcvpb_section_content\"><div class=\"tcvpb_container\"><div class=\"tcvpb_column_tc_span12\"><h1  ><span>My Drill Store: \u00e1reas de informaci\u00f3n de cuenta<\/span><\/h1><div  class=\"\" >\n<p class=\"p_tc\">Hay dos \u00e1reas en las que puede recuperar la informaci\u00f3n de su cuenta y el historial de pedidos: <strong>Pedidos<\/strong> y <strong>Perfil<\/strong> enlaces en la banda superior. <img decoding=\"async\" class=\"alignnone size-full wp-image-16158\" src=\"https:\/\/www.boartlongyear.com\/wp-content\/uploads\/orders-profile.jpg\" alt=\"perfil de pedidos\" width=\"156\" height=\"44\" \/><\/p>\n<\/div><h2  ><span>Pedidos<\/span><\/h2><div  class=\"\" >\n<p class=\"p_tc\">Para rastrear sus pedidos o ver las facturas y pagos de su cuenta, haga clic en <strong>Pedidos<\/strong> en la franja superior. los <strong>Seguimiento de pedidos<\/strong> pantalla aparecer\u00e1<\/p>\n<p class=\"p_tc\"><img decoding=\"async\" class=\"alignnone size-full wp-image-16159\" src=\"https:\/\/www.boartlongyear.com\/wp-content\/uploads\/track-orders.jpg\" alt=\"seguimiento de pedidos\" width=\"813\" height=\"535\" \/><\/p>\n<p class=\"p1\">En esta pantalla, puede buscar pedidos anteriores y ver los detalles haciendo clic en un n\u00famero de pedido. Tambi\u00e9n puede verificar los Detalles del env\u00edo haciendo clic en el \u00edcono en la columna de la derecha. Cualquier gasto de env\u00edo se reflejar\u00e1 aqu\u00ed.<\/p>\n<\/div><h2  ><span>Perfil<\/span><\/h2><div  class=\"\" >\n<p class=\"p_tc\">La secci\u00f3n Perfil tiene 2 subsecciones, <strong>Usuario<\/strong> y <strong>Empresa<\/strong>. <img decoding=\"async\" class=\"size-full wp-image-16629 aligncenter\" src=\"https:\/\/www.boartlongyear.com\/wp-content\/uploads\/account-profile1.gif\" alt=\"perfil de cuenta1\" width=\"360\" height=\"240\"><\/p>\n<h3>Pesta\u00f1a Usuario<\/h3>\n<ul>\n<li><strong>Informacion personal<\/strong>: Esta \u00e1rea le permite cambiar su informaci\u00f3n y contrase\u00f1a.<\/li>\n<li><strong>Directorio<\/strong>: La direcci\u00f3n del usuario.<em><strong>NOTA<\/strong>: Las direcciones en <strong>Usuario<\/strong> la secci\u00f3n no refleja la direcci\u00f3n de env\u00edo o facturaci\u00f3n de la cuenta principal. <strong>NOTA<\/strong>: Al ingresar un c\u00f3digo postal de los Estados Unidos, <strong>no haga<\/strong> incluye los +4 d\u00edgitos adicionales.<\/em><\/li>\n<li><strong>Cuentas<\/strong>: Si hay varios usuarios en la misma cuenta, puede administrarlos aqu\u00ed.<\/li>\n<li><strong>Preferencias<\/strong>: En el <strong>General<\/strong> pesta\u00f1a, elija el formato de fecha, el idioma de entrega del correo electr\u00f3nico o reg\u00edstrese para recibir ofertas especiales. Tambi\u00e9n puede elegir un m\u00e9todo de env\u00edo predeterminado para cualquier pedido futuro en el <strong>Pedidos<\/strong> leng\u00fceta.<\/li>\n<li><strong>Rigs comprados<\/strong>: Informaci\u00f3n detallada sobre sus plataformas compradas.<\/li>\n<\/ul>\n<h3>Pesta\u00f1a Empresa<\/h3>\n<ul>\n<li><strong>Informaci\u00f3n de la compa\u00f1\u00eda:<\/strong> Informaci\u00f3n general sobre su organizaci\u00f3n.<\/li>\n<li><strong>Directorio<\/strong>: Direcciones de facturaci\u00f3n y env\u00edo disponibles para la cuenta.<strong><em>NOTA:<\/em><\/strong> Si necesita agregar una nueva direcci\u00f3n de env\u00edo o facturaci\u00f3n, por favor <a href=\"https:\/\/www.boartlongyear.com\/es\/mydrillstore-guides-help-documents\/\">comun\u00edquese con su representante regional de atenci\u00f3n al cliente.<\/a><\/li>\n<\/ul>\n<\/div><\/div><\/div><\/div>\n\t\t\n\t\t\n\t<\/section>","protected":false},"excerpt":{"rendered":"","protected":false},"author":66,"featured_media":0,"parent":16526,"menu_order":0,"comment_status":"closed","ping_status":"closed","template":"sidebar-dynamic.php","meta":{"_uag_custom_page_level_css":"","_monsterinsights_skip_tracking":false,"_monsterinsights_sitenote_active":false,"_monsterinsights_sitenote_note":"","_monsterinsights_sitenote_category":0,"footnotes":""},"class_list":["post-16157","page","type-page","status-publish","hentry"],"acf":[],"yoast_head":"<!-- This site is optimized with the Yoast SEO plugin v27.4 - https:\/\/yoast.com\/product\/yoast-seo-wordpress\/ -->\n<title>My Drill Store: Account Information Areas - Boart Longyear<\/title>\n<meta name=\"robots\" content=\"index, follow, max-snippet:-1, max-image-preview:large, max-video-preview:-1\" \/>\n<link rel=\"canonical\" href=\"https:\/\/www.boartlongyear.com\/es\/my-drill-store\/account-information-areas\/\" \/>\n<meta property=\"og:locale\" content=\"es_ES\" \/>\n<meta property=\"og:type\" content=\"article\" \/>\n<meta property=\"og:title\" content=\"My Drill Store: Account Information Areas - Boart Longyear\" \/>\n<meta property=\"og:url\" content=\"https:\/\/www.boartlongyear.com\/es\/my-drill-store\/account-information-areas\/\" \/>\n<meta property=\"og:site_name\" content=\"Boart Longyear\" \/>\n<meta property=\"article:publisher\" content=\"https:\/\/www.facebook.com\/boartlongyearcareers\" \/>\n<meta property=\"article:modified_time\" content=\"2017-07-28T20:48:27+00:00\" \/>\n<meta property=\"og:image\" content=\"https:\/\/www.boartlongyear.com\/wp-content\/uploads\/orders-profile.jpg\" \/>\n<meta name=\"twitter:label1\" content=\"Tiempo de lectura\" \/>\n\t<meta name=\"twitter:data1\" content=\"2 minutos\" \/>\n<script type=\"application\/ld+json\" class=\"yoast-schema-graph\">{\"@context\":\"https:\\\/\\\/schema.org\",\"@graph\":[{\"@type\":\"WebPage\",\"@id\":\"https:\\\/\\\/www.boartlongyear.com\\\/my-drill-store\\\/account-information-areas\\\/\",\"url\":\"https:\\\/\\\/www.boartlongyear.com\\\/my-drill-store\\\/account-information-areas\\\/\",\"name\":\"My Drill Store: Account Information Areas - Boart Longyear\",\"isPartOf\":{\"@id\":\"https:\\\/\\\/www.boartlongyear.com\\\/#website\"},\"primaryImageOfPage\":{\"@id\":\"https:\\\/\\\/www.boartlongyear.com\\\/my-drill-store\\\/account-information-areas\\\/#primaryimage\"},\"image\":{\"@id\":\"https:\\\/\\\/www.boartlongyear.com\\\/my-drill-store\\\/account-information-areas\\\/#primaryimage\"},\"thumbnailUrl\":\"https:\\\/\\\/www.boartlongyear.com\\\/wp-content\\\/uploads\\\/orders-profile.jpg\",\"datePublished\":\"2016-06-20T19:40:49+00:00\",\"dateModified\":\"2017-07-28T20:48:27+00:00\",\"breadcrumb\":{\"@id\":\"https:\\\/\\\/www.boartlongyear.com\\\/my-drill-store\\\/account-information-areas\\\/#breadcrumb\"},\"inLanguage\":\"es\",\"potentialAction\":[{\"@type\":\"ReadAction\",\"target\":[\"https:\\\/\\\/www.boartlongyear.com\\\/my-drill-store\\\/account-information-areas\\\/\"]}]},{\"@type\":\"ImageObject\",\"inLanguage\":\"es\",\"@id\":\"https:\\\/\\\/www.boartlongyear.com\\\/my-drill-store\\\/account-information-areas\\\/#primaryimage\",\"url\":\"https:\\\/\\\/www.boartlongyear.com\\\/wp-content\\\/uploads\\\/orders-profile.jpg\",\"contentUrl\":\"https:\\\/\\\/www.boartlongyear.com\\\/wp-content\\\/uploads\\\/orders-profile.jpg\"},{\"@type\":\"BreadcrumbList\",\"@id\":\"https:\\\/\\\/www.boartlongyear.com\\\/my-drill-store\\\/account-information-areas\\\/#breadcrumb\",\"itemListElement\":[{\"@type\":\"ListItem\",\"position\":1,\"name\":\"Home\",\"item\":\"https:\\\/\\\/www.boartlongyear.com\\\/\"},{\"@type\":\"ListItem\",\"position\":2,\"name\":\"My Drill Store\",\"item\":\"https:\\\/\\\/www.boartlongyear.com\\\/my-drill-store\\\/\"},{\"@type\":\"ListItem\",\"position\":3,\"name\":\"My Drill Store: Account Information Areas\"}]},{\"@type\":\"WebSite\",\"@id\":\"https:\\\/\\\/www.boartlongyear.com\\\/#website\",\"url\":\"https:\\\/\\\/www.boartlongyear.com\\\/\",\"name\":\"Boart Longyear\",\"description\":\"\",\"publisher\":{\"@id\":\"https:\\\/\\\/www.boartlongyear.com\\\/#organization\"},\"potentialAction\":[{\"@type\":\"SearchAction\",\"target\":{\"@type\":\"EntryPoint\",\"urlTemplate\":\"https:\\\/\\\/www.boartlongyear.com\\\/?s={search_term_string}\"},\"query-input\":{\"@type\":\"PropertyValueSpecification\",\"valueRequired\":true,\"valueName\":\"search_term_string\"}}],\"inLanguage\":\"es\"},{\"@type\":\"Organization\",\"@id\":\"https:\\\/\\\/www.boartlongyear.com\\\/#organization\",\"name\":\"Boart Longyear\",\"url\":\"https:\\\/\\\/www.boartlongyear.com\\\/\",\"logo\":{\"@type\":\"ImageObject\",\"inLanguage\":\"es\",\"@id\":\"https:\\\/\\\/www.boartlongyear.com\\\/#\\\/schema\\\/logo\\\/image\\\/\",\"url\":\"https:\\\/\\\/www.boartlongyear.com\\\/wp-content\\\/uploads\\\/BLY-Double-Stack.png\",\"contentUrl\":\"https:\\\/\\\/www.boartlongyear.com\\\/wp-content\\\/uploads\\\/BLY-Double-Stack.png\",\"width\":400,\"height\":100,\"caption\":\"Boart Longyear\"},\"image\":{\"@id\":\"https:\\\/\\\/www.boartlongyear.com\\\/#\\\/schema\\\/logo\\\/image\\\/\"},\"sameAs\":[\"https:\\\/\\\/www.facebook.com\\\/boartlongyearcareers\",\"https:\\\/\\\/x.com\\\/boartlongyear\",\"https:\\\/\\\/www.instagram.com\\\/boartlongyear\",\"https:\\\/\\\/www.linkedin.com\\\/company\\\/boart-longyear\",\"https:\\\/\\\/www.youtube.com\\\/user\\\/BoartLongyear1\"]}]}<\/script>\n<!-- \/ Yoast SEO plugin. -->","yoast_head_json":{"title":"My Drill Store: \u00c1reas de informaci\u00f3n de cuenta - Boart Longyear","robots":{"index":"index","follow":"follow","max-snippet":"max-snippet:-1","max-image-preview":"max-image-preview:large","max-video-preview":"max-video-preview:-1"},"canonical":"https:\/\/www.boartlongyear.com\/es\/my-drill-store\/account-information-areas\/","og_locale":"es_ES","og_type":"article","og_title":"My Drill Store: Account Information Areas - Boart Longyear","og_url":"https:\/\/www.boartlongyear.com\/es\/my-drill-store\/account-information-areas\/","og_site_name":"Boart Longyear","article_publisher":"https:\/\/www.facebook.com\/boartlongyearcareers","article_modified_time":"2017-07-28T20:48:27+00:00","og_image":[{"url":"https:\/\/www.boartlongyear.com\/wp-content\/uploads\/orders-profile.jpg","type":"","width":"","height":""}],"twitter_misc":{"Tiempo de lectura":"2 minutos"},"schema":{"@context":"https:\/\/schema.org","@graph":[{"@type":"WebPage","@id":"https:\/\/www.boartlongyear.com\/my-drill-store\/account-information-areas\/","url":"https:\/\/www.boartlongyear.com\/my-drill-store\/account-information-areas\/","name":"My Drill Store: \u00c1reas de informaci\u00f3n de cuenta - Boart Longyear","isPartOf":{"@id":"https:\/\/www.boartlongyear.com\/#website"},"primaryImageOfPage":{"@id":"https:\/\/www.boartlongyear.com\/my-drill-store\/account-information-areas\/#primaryimage"},"image":{"@id":"https:\/\/www.boartlongyear.com\/my-drill-store\/account-information-areas\/#primaryimage"},"thumbnailUrl":"https:\/\/www.boartlongyear.com\/wp-content\/uploads\/orders-profile.jpg","datePublished":"2016-06-20T19:40:49+00:00","dateModified":"2017-07-28T20:48:27+00:00","breadcrumb":{"@id":"https:\/\/www.boartlongyear.com\/my-drill-store\/account-information-areas\/#breadcrumb"},"inLanguage":"es","potentialAction":[{"@type":"ReadAction","target":["https:\/\/www.boartlongyear.com\/my-drill-store\/account-information-areas\/"]}]},{"@type":"ImageObject","inLanguage":"es","@id":"https:\/\/www.boartlongyear.com\/my-drill-store\/account-information-areas\/#primaryimage","url":"https:\/\/www.boartlongyear.com\/wp-content\/uploads\/orders-profile.jpg","contentUrl":"https:\/\/www.boartlongyear.com\/wp-content\/uploads\/orders-profile.jpg"},{"@type":"BreadcrumbList","@id":"https:\/\/www.boartlongyear.com\/my-drill-store\/account-information-areas\/#breadcrumb","itemListElement":[{"@type":"ListItem","position":1,"name":"Home","item":"https:\/\/www.boartlongyear.com\/"},{"@type":"ListItem","position":2,"name":"My Drill Store","item":"https:\/\/www.boartlongyear.com\/my-drill-store\/"},{"@type":"ListItem","position":3,"name":"My Drill Store: Account Information Areas"}]},{"@type":"WebSite","@id":"https:\/\/www.boartlongyear.com\/#website","url":"https:\/\/www.boartlongyear.com\/","name":"Boart Longyear","description":"","publisher":{"@id":"https:\/\/www.boartlongyear.com\/#organization"},"potentialAction":[{"@type":"SearchAction","target":{"@type":"EntryPoint","urlTemplate":"https:\/\/www.boartlongyear.com\/?s={search_term_string}"},"query-input":{"@type":"PropertyValueSpecification","valueRequired":true,"valueName":"search_term_string"}}],"inLanguage":"es"},{"@type":"Organization","@id":"https:\/\/www.boartlongyear.com\/#organization","name":"Boart Longyear","url":"https:\/\/www.boartlongyear.com\/","logo":{"@type":"ImageObject","inLanguage":"es","@id":"https:\/\/www.boartlongyear.com\/#\/schema\/logo\/image\/","url":"https:\/\/www.boartlongyear.com\/wp-content\/uploads\/BLY-Double-Stack.png","contentUrl":"https:\/\/www.boartlongyear.com\/wp-content\/uploads\/BLY-Double-Stack.png","width":400,"height":100,"caption":"Boart Longyear"},"image":{"@id":"https:\/\/www.boartlongyear.com\/#\/schema\/logo\/image\/"},"sameAs":["https:\/\/www.facebook.com\/boartlongyearcareers","https:\/\/x.com\/boartlongyear","https:\/\/www.instagram.com\/boartlongyear","https:\/\/www.linkedin.com\/company\/boart-longyear","https:\/\/www.youtube.com\/user\/BoartLongyear1"]}]}},"uagb_featured_image_src":{"full":false,"thumbnail":false,"medium":false,"medium_large":false,"large":false,"RoboGalleryMansoryImagesCenter":false,"RoboGalleryPreload":false,"1536x1536":false,"2048x2048":false,"trp-custom-language-flag":false,"alm-thumbnail":false,"tptn_thumbnail":false},"uagb_author_info":{"display_name":"Marketing","author_link":"https:\/\/www.boartlongyear.com\/es\/insite\/author\/jamesburris\/"},"uagb_comment_info":0,"uagb_excerpt":null,"_links":{"self":[{"href":"https:\/\/www.boartlongyear.com\/es\/wp-json\/wp\/v2\/pages\/16157","targetHints":{"allow":["GET"]}}],"collection":[{"href":"https:\/\/www.boartlongyear.com\/es\/wp-json\/wp\/v2\/pages"}],"about":[{"href":"https:\/\/www.boartlongyear.com\/es\/wp-json\/wp\/v2\/types\/page"}],"author":[{"embeddable":true,"href":"https:\/\/www.boartlongyear.com\/es\/wp-json\/wp\/v2\/users\/66"}],"replies":[{"embeddable":true,"href":"https:\/\/www.boartlongyear.com\/es\/wp-json\/wp\/v2\/comments?post=16157"}],"version-history":[{"count":0,"href":"https:\/\/www.boartlongyear.com\/es\/wp-json\/wp\/v2\/pages\/16157\/revisions"}],"up":[{"embeddable":true,"href":"https:\/\/www.boartlongyear.com\/es\/wp-json\/wp\/v2\/pages\/16526"}],"wp:attachment":[{"href":"https:\/\/www.boartlongyear.com\/es\/wp-json\/wp\/v2\/media?parent=16157"}],"curies":[{"name":"wp","href":"https:\/\/api.w.org\/{rel}","templated":true}]}}