{"id":16414,"date":"2016-08-03T16:23:47","date_gmt":"2016-08-03T22:23:47","guid":{"rendered":"https:\/\/www.boartlongyear.com\/?page_id=16414"},"modified":"2017-07-31T13:44:35","modified_gmt":"2017-07-31T19:44:35","slug":"drill-store-warehouse-availability","status":"publish","type":"page","link":"https:\/\/www.boartlongyear.com\/es\/my-drill-store\/drill-store-warehouse-availability\/","title":{"rendered":"My Drill Store: disponibilidad de almacenes"},"content":{"rendered":"<section class=\"tcvpb_section_tc\">\n\t\t\n\t\t<div class=\"tcvpb_section_content\"><div class=\"tcvpb_container\"><div class=\"tcvpb_column_tc_span12\"><h1  ><span>My Drill Store: disponibilidad de almacenes<\/span><\/h1><div  class=\"\" >\n<h1><img decoding=\"async\" class=\"size-full wp-image-16640 aligncenter\" src=\"https:\/\/www.boartlongyear.com\/wp-content\/uploads\/warehouse-availability.gif\" alt=\"disponibilidad de almac\u00e9n\" width=\"360\" height=\"203\"><\/h1>\n<p class=\"p_tc\">Cuando se agrega un art\u00edculo al carro, My Drill Store verifica las fechas de disponibilidad de ese art\u00edculo en los dep\u00f3sitos m\u00e1s cercanos a su ubicaci\u00f3n. Si el art\u00edculo en su carrito est\u00e1 disponible para enviar en el plazo de 7 d\u00edas a partir de la fecha del pedido, aparecer\u00e1 la fecha disponible. Si el <strong>Disponibilidad<\/strong> muestra la columna <strong>Comprobar<\/strong>, significa que el art\u00edculo est\u00e1 a m\u00e1s de 7 d\u00edas de estar disponible para enviar a su ubicaci\u00f3n. Para saber cu\u00e1ndo estar\u00e1 disponible el art\u00edculo, haga clic en <strong>Comprobar<\/strong> en la ventana de detalles del carrito. los <strong>Disponibilidad de producto<\/strong> la ventana aparecer\u00e1<\/p>\n<p class=\"p_tc\"><img decoding=\"async\" class=\"alignnone size-full wp-image-16116\" src=\"https:\/\/www.boartlongyear.com\/wp-content\/uploads\/product-availability-window.jpg\" alt=\"producto-disponibilidad-ventana\" width=\"500\" height=\"326\"><\/p>\n<p class=\"p_tc\">Para verificar la fecha solicitada, haga clic en <strong>calendario<\/strong> icono a la derecha de la <strong>Fecha solicitada<\/strong> campo, y elija su fecha. Cuando la fecha solicitada se haya actualizado, haga clic en <strong>Ir<\/strong> para descubrir si el art\u00edculo estar\u00e1 disponible en la fecha que solicit\u00f3. Tambi\u00e9n puede contactar a su representante local de atenci\u00f3n al cliente para descubrir m\u00e1s informaci\u00f3n sobre la disponibilidad del art\u00edculo. Si un art\u00edculo estar\u00e1 disponible para la hora solicitada, puede aplicarlo a su pedido actual. Haga clic en el bot\u00f3n de radio en <strong>Seleccionar<\/strong> columna para elegir el almac\u00e9n desde el que desea enviar su art\u00edculo, y haga clic <strong>Aplicar<\/strong>.<\/p>\n<\/div><\/div><\/div><\/div>\n\t\t\n\t\t\n\t<\/section>","protected":false},"excerpt":{"rendered":"","protected":false},"author":66,"featured_media":0,"parent":16526,"menu_order":0,"comment_status":"closed","ping_status":"closed","template":"sidebar-dynamic.php","meta":{"_uag_custom_page_level_css":"","_monsterinsights_skip_tracking":false,"_monsterinsights_sitenote_active":false,"_monsterinsights_sitenote_note":"","_monsterinsights_sitenote_category":0,"footnotes":""},"class_list":["post-16414","page","type-page","status-publish","hentry"],"acf":[],"yoast_head":"<!-- This site is optimized with the Yoast SEO plugin v27.4 - https:\/\/yoast.com\/product\/yoast-seo-wordpress\/ -->\n<title>My Drill Store: Warehouse Availability - Boart Longyear<\/title>\n<meta name=\"robots\" content=\"index, follow, max-snippet:-1, max-image-preview:large, max-video-preview:-1\" \/>\n<link rel=\"canonical\" href=\"https:\/\/www.boartlongyear.com\/es\/my-drill-store\/drill-store-warehouse-availability\/\" \/>\n<meta property=\"og:locale\" content=\"es_ES\" \/>\n<meta property=\"og:type\" content=\"article\" \/>\n<meta property=\"og:title\" content=\"My Drill Store: Warehouse Availability - Boart Longyear\" \/>\n<meta property=\"og:url\" content=\"https:\/\/www.boartlongyear.com\/es\/my-drill-store\/drill-store-warehouse-availability\/\" \/>\n<meta property=\"og:site_name\" content=\"Boart Longyear\" \/>\n<meta property=\"article:publisher\" content=\"https:\/\/www.facebook.com\/boartlongyearcareers\" \/>\n<meta property=\"article:modified_time\" content=\"2017-07-31T19:44:35+00:00\" \/>\n<meta property=\"og:image\" content=\"https:\/\/www.boartlongyear.com\/wp-content\/uploads\/warehouse-availability.gif\" \/>\n<meta name=\"twitter:label1\" content=\"Tiempo de lectura\" \/>\n\t<meta name=\"twitter:data1\" content=\"1 minuto\" \/>\n<script type=\"application\/ld+json\" class=\"yoast-schema-graph\">{\"@context\":\"https:\\\/\\\/schema.org\",\"@graph\":[{\"@type\":\"WebPage\",\"@id\":\"https:\\\/\\\/www.boartlongyear.com\\\/my-drill-store\\\/drill-store-warehouse-availability\\\/\",\"url\":\"https:\\\/\\\/www.boartlongyear.com\\\/my-drill-store\\\/drill-store-warehouse-availability\\\/\",\"name\":\"My Drill Store: Warehouse Availability - Boart Longyear\",\"isPartOf\":{\"@id\":\"https:\\\/\\\/www.boartlongyear.com\\\/#website\"},\"primaryImageOfPage\":{\"@id\":\"https:\\\/\\\/www.boartlongyear.com\\\/my-drill-store\\\/drill-store-warehouse-availability\\\/#primaryimage\"},\"image\":{\"@id\":\"https:\\\/\\\/www.boartlongyear.com\\\/my-drill-store\\\/drill-store-warehouse-availability\\\/#primaryimage\"},\"thumbnailUrl\":\"https:\\\/\\\/www.boartlongyear.com\\\/wp-content\\\/uploads\\\/warehouse-availability.gif\",\"datePublished\":\"2016-08-03T22:23:47+00:00\",\"dateModified\":\"2017-07-31T19:44:35+00:00\",\"breadcrumb\":{\"@id\":\"https:\\\/\\\/www.boartlongyear.com\\\/my-drill-store\\\/drill-store-warehouse-availability\\\/#breadcrumb\"},\"inLanguage\":\"es\",\"potentialAction\":[{\"@type\":\"ReadAction\",\"target\":[\"https:\\\/\\\/www.boartlongyear.com\\\/my-drill-store\\\/drill-store-warehouse-availability\\\/\"]}]},{\"@type\":\"ImageObject\",\"inLanguage\":\"es\",\"@id\":\"https:\\\/\\\/www.boartlongyear.com\\\/my-drill-store\\\/drill-store-warehouse-availability\\\/#primaryimage\",\"url\":\"https:\\\/\\\/www.boartlongyear.com\\\/wp-content\\\/uploads\\\/warehouse-availability.gif\",\"contentUrl\":\"https:\\\/\\\/www.boartlongyear.com\\\/wp-content\\\/uploads\\\/warehouse-availability.gif\"},{\"@type\":\"BreadcrumbList\",\"@id\":\"https:\\\/\\\/www.boartlongyear.com\\\/my-drill-store\\\/drill-store-warehouse-availability\\\/#breadcrumb\",\"itemListElement\":[{\"@type\":\"ListItem\",\"position\":1,\"name\":\"Home\",\"item\":\"https:\\\/\\\/www.boartlongyear.com\\\/\"},{\"@type\":\"ListItem\",\"position\":2,\"name\":\"My Drill Store\",\"item\":\"https:\\\/\\\/www.boartlongyear.com\\\/my-drill-store\\\/\"},{\"@type\":\"ListItem\",\"position\":3,\"name\":\"My Drill Store: Warehouse Availability\"}]},{\"@type\":\"WebSite\",\"@id\":\"https:\\\/\\\/www.boartlongyear.com\\\/#website\",\"url\":\"https:\\\/\\\/www.boartlongyear.com\\\/\",\"name\":\"Boart Longyear\",\"description\":\"\",\"publisher\":{\"@id\":\"https:\\\/\\\/www.boartlongyear.com\\\/#organization\"},\"potentialAction\":[{\"@type\":\"SearchAction\",\"target\":{\"@type\":\"EntryPoint\",\"urlTemplate\":\"https:\\\/\\\/www.boartlongyear.com\\\/?s={search_term_string}\"},\"query-input\":{\"@type\":\"PropertyValueSpecification\",\"valueRequired\":true,\"valueName\":\"search_term_string\"}}],\"inLanguage\":\"es\"},{\"@type\":\"Organization\",\"@id\":\"https:\\\/\\\/www.boartlongyear.com\\\/#organization\",\"name\":\"Boart Longyear\",\"url\":\"https:\\\/\\\/www.boartlongyear.com\\\/\",\"logo\":{\"@type\":\"ImageObject\",\"inLanguage\":\"es\",\"@id\":\"https:\\\/\\\/www.boartlongyear.com\\\/#\\\/schema\\\/logo\\\/image\\\/\",\"url\":\"https:\\\/\\\/www.boartlongyear.com\\\/wp-content\\\/uploads\\\/BLY-Double-Stack.png\",\"contentUrl\":\"https:\\\/\\\/www.boartlongyear.com\\\/wp-content\\\/uploads\\\/BLY-Double-Stack.png\",\"width\":400,\"height\":100,\"caption\":\"Boart Longyear\"},\"image\":{\"@id\":\"https:\\\/\\\/www.boartlongyear.com\\\/#\\\/schema\\\/logo\\\/image\\\/\"},\"sameAs\":[\"https:\\\/\\\/www.facebook.com\\\/boartlongyearcareers\",\"https:\\\/\\\/x.com\\\/boartlongyear\",\"https:\\\/\\\/www.instagram.com\\\/boartlongyear\",\"https:\\\/\\\/www.linkedin.com\\\/company\\\/boart-longyear\",\"https:\\\/\\\/www.youtube.com\\\/user\\\/BoartLongyear1\"]}]}<\/script>\n<!-- \/ Yoast SEO plugin. -->","yoast_head_json":{"title":"My Drill Store: Disponibilidad de almacenes - Boart Longyear","robots":{"index":"index","follow":"follow","max-snippet":"max-snippet:-1","max-image-preview":"max-image-preview:large","max-video-preview":"max-video-preview:-1"},"canonical":"https:\/\/www.boartlongyear.com\/es\/my-drill-store\/drill-store-warehouse-availability\/","og_locale":"es_ES","og_type":"article","og_title":"My Drill Store: Warehouse Availability - Boart Longyear","og_url":"https:\/\/www.boartlongyear.com\/es\/my-drill-store\/drill-store-warehouse-availability\/","og_site_name":"Boart Longyear","article_publisher":"https:\/\/www.facebook.com\/boartlongyearcareers","article_modified_time":"2017-07-31T19:44:35+00:00","og_image":[{"url":"https:\/\/www.boartlongyear.com\/wp-content\/uploads\/warehouse-availability.gif","type":"","width":"","height":""}],"twitter_misc":{"Tiempo de lectura":"1 minuto"},"schema":{"@context":"https:\/\/schema.org","@graph":[{"@type":"WebPage","@id":"https:\/\/www.boartlongyear.com\/my-drill-store\/drill-store-warehouse-availability\/","url":"https:\/\/www.boartlongyear.com\/my-drill-store\/drill-store-warehouse-availability\/","name":"My Drill Store: Disponibilidad de almacenes - Boart Longyear","isPartOf":{"@id":"https:\/\/www.boartlongyear.com\/#website"},"primaryImageOfPage":{"@id":"https:\/\/www.boartlongyear.com\/my-drill-store\/drill-store-warehouse-availability\/#primaryimage"},"image":{"@id":"https:\/\/www.boartlongyear.com\/my-drill-store\/drill-store-warehouse-availability\/#primaryimage"},"thumbnailUrl":"https:\/\/www.boartlongyear.com\/wp-content\/uploads\/warehouse-availability.gif","datePublished":"2016-08-03T22:23:47+00:00","dateModified":"2017-07-31T19:44:35+00:00","breadcrumb":{"@id":"https:\/\/www.boartlongyear.com\/my-drill-store\/drill-store-warehouse-availability\/#breadcrumb"},"inLanguage":"es","potentialAction":[{"@type":"ReadAction","target":["https:\/\/www.boartlongyear.com\/my-drill-store\/drill-store-warehouse-availability\/"]}]},{"@type":"ImageObject","inLanguage":"es","@id":"https:\/\/www.boartlongyear.com\/my-drill-store\/drill-store-warehouse-availability\/#primaryimage","url":"https:\/\/www.boartlongyear.com\/wp-content\/uploads\/warehouse-availability.gif","contentUrl":"https:\/\/www.boartlongyear.com\/wp-content\/uploads\/warehouse-availability.gif"},{"@type":"BreadcrumbList","@id":"https:\/\/www.boartlongyear.com\/my-drill-store\/drill-store-warehouse-availability\/#breadcrumb","itemListElement":[{"@type":"ListItem","position":1,"name":"Home","item":"https:\/\/www.boartlongyear.com\/"},{"@type":"ListItem","position":2,"name":"My Drill Store","item":"https:\/\/www.boartlongyear.com\/my-drill-store\/"},{"@type":"ListItem","position":3,"name":"My Drill Store: Warehouse Availability"}]},{"@type":"WebSite","@id":"https:\/\/www.boartlongyear.com\/#website","url":"https:\/\/www.boartlongyear.com\/","name":"Boart Longyear","description":"","publisher":{"@id":"https:\/\/www.boartlongyear.com\/#organization"},"potentialAction":[{"@type":"SearchAction","target":{"@type":"EntryPoint","urlTemplate":"https:\/\/www.boartlongyear.com\/?s={search_term_string}"},"query-input":{"@type":"PropertyValueSpecification","valueRequired":true,"valueName":"search_term_string"}}],"inLanguage":"es"},{"@type":"Organization","@id":"https:\/\/www.boartlongyear.com\/#organization","name":"Boart Longyear","url":"https:\/\/www.boartlongyear.com\/","logo":{"@type":"ImageObject","inLanguage":"es","@id":"https:\/\/www.boartlongyear.com\/#\/schema\/logo\/image\/","url":"https:\/\/www.boartlongyear.com\/wp-content\/uploads\/BLY-Double-Stack.png","contentUrl":"https:\/\/www.boartlongyear.com\/wp-content\/uploads\/BLY-Double-Stack.png","width":400,"height":100,"caption":"Boart Longyear"},"image":{"@id":"https:\/\/www.boartlongyear.com\/#\/schema\/logo\/image\/"},"sameAs":["https:\/\/www.facebook.com\/boartlongyearcareers","https:\/\/x.com\/boartlongyear","https:\/\/www.instagram.com\/boartlongyear","https:\/\/www.linkedin.com\/company\/boart-longyear","https:\/\/www.youtube.com\/user\/BoartLongyear1"]}]}},"uagb_featured_image_src":{"full":false,"thumbnail":false,"medium":false,"medium_large":false,"large":false,"RoboGalleryMansoryImagesCenter":false,"RoboGalleryPreload":false,"1536x1536":false,"2048x2048":false,"trp-custom-language-flag":false,"alm-thumbnail":false,"tptn_thumbnail":false},"uagb_author_info":{"display_name":"Marketing","author_link":"https:\/\/www.boartlongyear.com\/es\/insite\/author\/jamesburris\/"},"uagb_comment_info":0,"uagb_excerpt":null,"_links":{"self":[{"href":"https:\/\/www.boartlongyear.com\/es\/wp-json\/wp\/v2\/pages\/16414","targetHints":{"allow":["GET"]}}],"collection":[{"href":"https:\/\/www.boartlongyear.com\/es\/wp-json\/wp\/v2\/pages"}],"about":[{"href":"https:\/\/www.boartlongyear.com\/es\/wp-json\/wp\/v2\/types\/page"}],"author":[{"embeddable":true,"href":"https:\/\/www.boartlongyear.com\/es\/wp-json\/wp\/v2\/users\/66"}],"replies":[{"embeddable":true,"href":"https:\/\/www.boartlongyear.com\/es\/wp-json\/wp\/v2\/comments?post=16414"}],"version-history":[{"count":0,"href":"https:\/\/www.boartlongyear.com\/es\/wp-json\/wp\/v2\/pages\/16414\/revisions"}],"up":[{"embeddable":true,"href":"https:\/\/www.boartlongyear.com\/es\/wp-json\/wp\/v2\/pages\/16526"}],"wp:attachment":[{"href":"https:\/\/www.boartlongyear.com\/es\/wp-json\/wp\/v2\/media?parent=16414"}],"curies":[{"name":"wp","href":"https:\/\/api.w.org\/{rel}","templated":true}]}}