{"id":2020,"date":"2013-06-27T03:45:33","date_gmt":"2013-06-27T03:45:33","guid":{"rendered":"http:\/\/blystaging.sawayaconsulting.com\/?page_id=2020"},"modified":"2025-02-11T09:47:29","modified_gmt":"2025-02-11T16:47:29","slug":"corporate-profile","status":"publish","type":"page","link":"https:\/\/www.boartlongyear.com\/es\/company\/corporate-profile\/","title":{"rendered":"Perfil Corporativo"},"content":{"rendered":"<section class=\"tcvpb_section_tc\">\n\t\t\n\t\t<div class=\"tcvpb_section_content\"><div class=\"tcvpb_container\"><div class=\"tcvpb_column_tc_span12\"><div  class=\"tcvpb-image\" ><img decoding=\"async\" src=\"https:\/\/www.boartlongyear.com\/wp-content\/uploads\/headquarters-2018.jpg\"><\/div><h1  ><span>Perfil Corporativo<\/span><\/h1><div  class=\"\" >\n<p class=\"p_tc\"><span class=\"s1\">Establecido en 1890, Boart Longyear es el proveedor l\u00edder mundial de servicios de perforaci\u00f3n, equipos de perforaci\u00f3n y herramientas de rendimiento para empresas mineras y de perforaci\u00f3n. Tambi\u00e9n tiene una presencia sustancial en piezas de recambio y servicio, energ\u00eda, desag\u00fce de minas, exploraci\u00f3n de arenas petrol\u00edferas, perforaci\u00f3n de producci\u00f3n e instrumentaci\u00f3n de fondo de pozo.<\/span><\/p>\n<p class=\"p1\"><span class=\"s1\">La divisi\u00f3n Global Drilling Services opera para una base diversa de clientes de miner\u00eda que abarca una amplia gama de productos b\u00e1sicos, incluidos cobre, oro, n\u00edquel, zinc, uranio y otros metales y minerales. La divisi\u00f3n Global Products dise\u00f1a, fabrica y vende equipos de perforaci\u00f3n, herramientas de rendimiento, instrumentaci\u00f3n de pozo y piezas y servicios.<\/span><span class=\"s1\">&nbsp;<\/span><\/p>\n<p class=\"p_tc\">Boart Longyear has a rich history, spanning 135 years in the mining and drilling industry. This long record of experience has led them to become the global leaders and experts they are today. With six global manufacturing locations, some of the most advanced drilling technology on the market, and the first U.S. firm to utilize sonic equipment for environmental drilling, Boart Longyear continues to be innovators of the industry. Boart Longyear is headquartered in Salt Lake City, Utah, USA. To get Boart Longyear news direct, follow us on <a href=\"https:\/\/twitter.com\/BoartLongyear\"><span class=\"s3\">Gorjeo<\/span><\/a>, <a href=\"https:\/\/www.linkedin.com\/company\/boart-longyear\"><span class=\"s3\">LinkedIn<\/span><\/a> y <a href=\"https:\/\/www.facebook.com\/boartlongyearcareers\/\"><span class=\"s3\">Facebook<\/span><\/a>.<\/p>\n<\/div><\/div><\/div><\/div>\n\t\t\n\t\t\n\t<\/section>","protected":false},"excerpt":{"rendered":"","protected":false},"author":66,"featured_media":15897,"parent":81,"menu_order":0,"comment_status":"open","ping_status":"open","template":"sidebar-dynamic.php","meta":{"_uag_custom_page_level_css":"","_monsterinsights_skip_tracking":false,"_monsterinsights_sitenote_active":false,"_monsterinsights_sitenote_note":"","_monsterinsights_sitenote_category":0,"footnotes":""},"class_list":["post-2020","page","type-page","status-publish","has-post-thumbnail","hentry"],"acf":[],"yoast_head":"<!-- This site is optimized with the Yoast SEO plugin v27.3 - https:\/\/yoast.com\/product\/yoast-seo-wordpress\/ -->\n<title>Corporate Profile - Boart Longyear - Global Drilling Services<\/title>\n<meta name=\"description\" content=\"Corporate Profile - The world\u2019s leading provider of drilling services, equipment, and performance tooling for mining and drilling companies globally.\" \/>\n<meta name=\"robots\" content=\"index, follow, max-snippet:-1, max-image-preview:large, max-video-preview:-1\" \/>\n<link rel=\"canonical\" href=\"https:\/\/www.boartlongyear.com\/es\/company\/corporate-profile\/\" \/>\n<meta property=\"og:locale\" content=\"es_ES\" \/>\n<meta property=\"og:type\" content=\"article\" \/>\n<meta property=\"og:title\" content=\"Corporate Profile - Boart Longyear - Global Drilling Services\" \/>\n<meta property=\"og:description\" content=\"Corporate Profile - The world\u2019s leading provider of drilling services, equipment, and performance tooling for mining and drilling companies globally.\" \/>\n<meta property=\"og:url\" content=\"https:\/\/www.boartlongyear.com\/es\/company\/corporate-profile\/\" \/>\n<meta property=\"og:site_name\" content=\"Boart Longyear\" \/>\n<meta property=\"article:publisher\" content=\"https:\/\/www.facebook.com\/boartlongyearcareers\" \/>\n<meta property=\"article:modified_time\" content=\"2025-02-11T16:47:29+00:00\" \/>\n<meta property=\"og:image\" content=\"https:\/\/www.boartlongyear.com\/wp-content\/uploads\/bly-headquarters-spring2016.jpg?_t=1739292450\" \/>\n\t<meta property=\"og:image:width\" content=\"1024\" \/>\n\t<meta property=\"og:image:height\" content=\"694\" \/>\n\t<meta property=\"og:image:type\" content=\"image\/jpeg\" \/>\n<meta name=\"twitter:label1\" content=\"Tiempo de lectura\" \/>\n\t<meta name=\"twitter:data1\" content=\"2 minutos\" \/>\n<script type=\"application\/ld+json\" class=\"yoast-schema-graph\">{\"@context\":\"https:\\\/\\\/schema.org\",\"@graph\":[{\"@type\":\"WebPage\",\"@id\":\"https:\\\/\\\/www.boartlongyear.com\\\/company\\\/corporate-profile\\\/\",\"url\":\"https:\\\/\\\/www.boartlongyear.com\\\/company\\\/corporate-profile\\\/\",\"name\":\"Corporate Profile - Boart Longyear - Global Drilling Services\",\"isPartOf\":{\"@id\":\"https:\\\/\\\/www.boartlongyear.com\\\/#website\"},\"primaryImageOfPage\":{\"@id\":\"https:\\\/\\\/www.boartlongyear.com\\\/company\\\/corporate-profile\\\/#primaryimage\"},\"image\":{\"@id\":\"https:\\\/\\\/www.boartlongyear.com\\\/company\\\/corporate-profile\\\/#primaryimage\"},\"thumbnailUrl\":\"https:\\\/\\\/www.boartlongyear.com\\\/wp-content\\\/uploads\\\/bly-headquarters-spring2016.jpg\",\"datePublished\":\"2013-06-27T03:45:33+00:00\",\"dateModified\":\"2025-02-11T16:47:29+00:00\",\"description\":\"Corporate Profile - The world\u2019s leading provider of drilling services, equipment, and performance tooling for mining and drilling companies globally.\",\"breadcrumb\":{\"@id\":\"https:\\\/\\\/www.boartlongyear.com\\\/company\\\/corporate-profile\\\/#breadcrumb\"},\"inLanguage\":\"es\",\"potentialAction\":[{\"@type\":\"ReadAction\",\"target\":[\"https:\\\/\\\/www.boartlongyear.com\\\/company\\\/corporate-profile\\\/\"]}]},{\"@type\":\"ImageObject\",\"inLanguage\":\"es\",\"@id\":\"https:\\\/\\\/www.boartlongyear.com\\\/company\\\/corporate-profile\\\/#primaryimage\",\"url\":\"https:\\\/\\\/www.boartlongyear.com\\\/wp-content\\\/uploads\\\/bly-headquarters-spring2016.jpg\",\"contentUrl\":\"https:\\\/\\\/www.boartlongyear.com\\\/wp-content\\\/uploads\\\/bly-headquarters-spring2016.jpg\",\"width\":1024,\"height\":694},{\"@type\":\"BreadcrumbList\",\"@id\":\"https:\\\/\\\/www.boartlongyear.com\\\/company\\\/corporate-profile\\\/#breadcrumb\",\"itemListElement\":[{\"@type\":\"ListItem\",\"position\":1,\"name\":\"Home\",\"item\":\"https:\\\/\\\/www.boartlongyear.com\\\/\"},{\"@type\":\"ListItem\",\"position\":2,\"name\":\"Company\",\"item\":\"https:\\\/\\\/www.boartlongyear.com\\\/company\\\/\"},{\"@type\":\"ListItem\",\"position\":3,\"name\":\"Corporate Profile\"}]},{\"@type\":\"WebSite\",\"@id\":\"https:\\\/\\\/www.boartlongyear.com\\\/#website\",\"url\":\"https:\\\/\\\/www.boartlongyear.com\\\/\",\"name\":\"Boart Longyear\",\"description\":\"\",\"publisher\":{\"@id\":\"https:\\\/\\\/www.boartlongyear.com\\\/#organization\"},\"potentialAction\":[{\"@type\":\"SearchAction\",\"target\":{\"@type\":\"EntryPoint\",\"urlTemplate\":\"https:\\\/\\\/www.boartlongyear.com\\\/?s={search_term_string}\"},\"query-input\":{\"@type\":\"PropertyValueSpecification\",\"valueRequired\":true,\"valueName\":\"search_term_string\"}}],\"inLanguage\":\"es\"},{\"@type\":\"Organization\",\"@id\":\"https:\\\/\\\/www.boartlongyear.com\\\/#organization\",\"name\":\"Boart Longyear\",\"url\":\"https:\\\/\\\/www.boartlongyear.com\\\/\",\"logo\":{\"@type\":\"ImageObject\",\"inLanguage\":\"es\",\"@id\":\"https:\\\/\\\/www.boartlongyear.com\\\/#\\\/schema\\\/logo\\\/image\\\/\",\"url\":\"https:\\\/\\\/www.boartlongyear.com\\\/wp-content\\\/uploads\\\/BLY-Double-Stack.png\",\"contentUrl\":\"https:\\\/\\\/www.boartlongyear.com\\\/wp-content\\\/uploads\\\/BLY-Double-Stack.png\",\"width\":400,\"height\":100,\"caption\":\"Boart Longyear\"},\"image\":{\"@id\":\"https:\\\/\\\/www.boartlongyear.com\\\/#\\\/schema\\\/logo\\\/image\\\/\"},\"sameAs\":[\"https:\\\/\\\/www.facebook.com\\\/boartlongyearcareers\",\"https:\\\/\\\/x.com\\\/boartlongyear\",\"https:\\\/\\\/www.instagram.com\\\/boartlongyear\",\"https:\\\/\\\/www.linkedin.com\\\/company\\\/boart-longyear\",\"https:\\\/\\\/www.youtube.com\\\/user\\\/BoartLongyear1\"]}]}<\/script>\n<!-- \/ Yoast SEO plugin. -->","yoast_head_json":{"title":"Perfil Corporativo - Boart Longyear - Global Drilling Services","description":"Perfil Corporativo - El proveedor l\u00edder mundial de servicios de perforaci\u00f3n, equipos y herramientas de rendimiento para empresas de miner\u00eda y perforaci\u00f3n en todo el mundo.","robots":{"index":"index","follow":"follow","max-snippet":"max-snippet:-1","max-image-preview":"max-image-preview:large","max-video-preview":"max-video-preview:-1"},"canonical":"https:\/\/www.boartlongyear.com\/es\/company\/corporate-profile\/","og_locale":"es_ES","og_type":"article","og_title":"Corporate Profile - Boart Longyear - Global Drilling Services","og_description":"Corporate Profile - The world\u2019s leading provider of drilling services, equipment, and performance tooling for mining and drilling companies globally.","og_url":"https:\/\/www.boartlongyear.com\/es\/company\/corporate-profile\/","og_site_name":"Boart Longyear","article_publisher":"https:\/\/www.facebook.com\/boartlongyearcareers","article_modified_time":"2025-02-11T16:47:29+00:00","og_image":[{"width":1024,"height":694,"url":"https:\/\/www.boartlongyear.com\/wp-content\/uploads\/bly-headquarters-spring2016.jpg?_t=1739292450","type":"image\/jpeg"}],"twitter_misc":{"Tiempo de lectura":"2 minutos"},"schema":{"@context":"https:\/\/schema.org","@graph":[{"@type":"WebPage","@id":"https:\/\/www.boartlongyear.com\/company\/corporate-profile\/","url":"https:\/\/www.boartlongyear.com\/company\/corporate-profile\/","name":"Perfil Corporativo - Boart Longyear - Global Drilling Services","isPartOf":{"@id":"https:\/\/www.boartlongyear.com\/#website"},"primaryImageOfPage":{"@id":"https:\/\/www.boartlongyear.com\/company\/corporate-profile\/#primaryimage"},"image":{"@id":"https:\/\/www.boartlongyear.com\/company\/corporate-profile\/#primaryimage"},"thumbnailUrl":"https:\/\/www.boartlongyear.com\/wp-content\/uploads\/bly-headquarters-spring2016.jpg","datePublished":"2013-06-27T03:45:33+00:00","dateModified":"2025-02-11T16:47:29+00:00","description":"Perfil Corporativo - El proveedor l\u00edder mundial de servicios de perforaci\u00f3n, equipos y herramientas de rendimiento para empresas de miner\u00eda y perforaci\u00f3n en todo el mundo.","breadcrumb":{"@id":"https:\/\/www.boartlongyear.com\/company\/corporate-profile\/#breadcrumb"},"inLanguage":"es","potentialAction":[{"@type":"ReadAction","target":["https:\/\/www.boartlongyear.com\/company\/corporate-profile\/"]}]},{"@type":"ImageObject","inLanguage":"es","@id":"https:\/\/www.boartlongyear.com\/company\/corporate-profile\/#primaryimage","url":"https:\/\/www.boartlongyear.com\/wp-content\/uploads\/bly-headquarters-spring2016.jpg","contentUrl":"https:\/\/www.boartlongyear.com\/wp-content\/uploads\/bly-headquarters-spring2016.jpg","width":1024,"height":694},{"@type":"BreadcrumbList","@id":"https:\/\/www.boartlongyear.com\/company\/corporate-profile\/#breadcrumb","itemListElement":[{"@type":"ListItem","position":1,"name":"Home","item":"https:\/\/www.boartlongyear.com\/"},{"@type":"ListItem","position":2,"name":"Company","item":"https:\/\/www.boartlongyear.com\/company\/"},{"@type":"ListItem","position":3,"name":"Corporate Profile"}]},{"@type":"WebSite","@id":"https:\/\/www.boartlongyear.com\/#website","url":"https:\/\/www.boartlongyear.com\/","name":"Boart Longyear","description":"","publisher":{"@id":"https:\/\/www.boartlongyear.com\/#organization"},"potentialAction":[{"@type":"SearchAction","target":{"@type":"EntryPoint","urlTemplate":"https:\/\/www.boartlongyear.com\/?s={search_term_string}"},"query-input":{"@type":"PropertyValueSpecification","valueRequired":true,"valueName":"search_term_string"}}],"inLanguage":"es"},{"@type":"Organization","@id":"https:\/\/www.boartlongyear.com\/#organization","name":"Boart Longyear","url":"https:\/\/www.boartlongyear.com\/","logo":{"@type":"ImageObject","inLanguage":"es","@id":"https:\/\/www.boartlongyear.com\/#\/schema\/logo\/image\/","url":"https:\/\/www.boartlongyear.com\/wp-content\/uploads\/BLY-Double-Stack.png","contentUrl":"https:\/\/www.boartlongyear.com\/wp-content\/uploads\/BLY-Double-Stack.png","width":400,"height":100,"caption":"Boart Longyear"},"image":{"@id":"https:\/\/www.boartlongyear.com\/#\/schema\/logo\/image\/"},"sameAs":["https:\/\/www.facebook.com\/boartlongyearcareers","https:\/\/x.com\/boartlongyear","https:\/\/www.instagram.com\/boartlongyear","https:\/\/www.linkedin.com\/company\/boart-longyear","https:\/\/www.youtube.com\/user\/BoartLongyear1"]}]}},"uagb_featured_image_src":{"full":["https:\/\/www.boartlongyear.com\/wp-content\/uploads\/bly-headquarters-spring2016.jpg",1024,694,false],"thumbnail":["https:\/\/www.boartlongyear.com\/wp-content\/uploads\/bly-headquarters-spring2016.jpg",200,136,false],"medium":["https:\/\/www.boartlongyear.com\/wp-content\/uploads\/bly-headquarters-spring2016.jpg",340,230,false],"medium_large":["https:\/\/www.boartlongyear.com\/wp-content\/uploads\/bly-headquarters-spring2016.jpg",640,434,false],"large":["https:\/\/www.boartlongyear.com\/wp-content\/uploads\/bly-headquarters-spring2016.jpg",640,434,false],"RoboGalleryMansoryImagesCenter":["https:\/\/www.boartlongyear.com\/wp-content\/uploads\/bly-headquarters-spring2016.jpg",600,407,false],"RoboGalleryPreload":["https:\/\/www.boartlongyear.com\/wp-content\/uploads\/bly-headquarters-spring2016.jpg",100,68,false],"1536x1536":["https:\/\/www.boartlongyear.com\/wp-content\/uploads\/bly-headquarters-spring2016.jpg",1024,694,false],"2048x2048":["https:\/\/www.boartlongyear.com\/wp-content\/uploads\/bly-headquarters-spring2016.jpg",1024,694,false],"trp-custom-language-flag":["https:\/\/www.boartlongyear.com\/wp-content\/uploads\/bly-headquarters-spring2016.jpg",18,12,false],"alm-thumbnail":["https:\/\/www.boartlongyear.com\/wp-content\/uploads\/bly-headquarters-spring2016.jpg",150,102,false],"tptn_thumbnail":["https:\/\/www.boartlongyear.com\/wp-content\/uploads\/bly-headquarters-spring2016.jpg",150,102,false]},"uagb_author_info":{"display_name":"Marketing","author_link":"https:\/\/www.boartlongyear.com\/es\/insite\/author\/jamesburris\/"},"uagb_comment_info":0,"uagb_excerpt":null,"_links":{"self":[{"href":"https:\/\/www.boartlongyear.com\/es\/wp-json\/wp\/v2\/pages\/2020","targetHints":{"allow":["GET"]}}],"collection":[{"href":"https:\/\/www.boartlongyear.com\/es\/wp-json\/wp\/v2\/pages"}],"about":[{"href":"https:\/\/www.boartlongyear.com\/es\/wp-json\/wp\/v2\/types\/page"}],"author":[{"embeddable":true,"href":"https:\/\/www.boartlongyear.com\/es\/wp-json\/wp\/v2\/users\/66"}],"replies":[{"embeddable":true,"href":"https:\/\/www.boartlongyear.com\/es\/wp-json\/wp\/v2\/comments?post=2020"}],"version-history":[{"count":0,"href":"https:\/\/www.boartlongyear.com\/es\/wp-json\/wp\/v2\/pages\/2020\/revisions"}],"up":[{"embeddable":true,"href":"https:\/\/www.boartlongyear.com\/es\/wp-json\/wp\/v2\/pages\/81"}],"wp:featuredmedia":[{"embeddable":true,"href":"https:\/\/www.boartlongyear.com\/es\/wp-json\/wp\/v2\/media\/15897"}],"wp:attachment":[{"href":"https:\/\/www.boartlongyear.com\/es\/wp-json\/wp\/v2\/media?parent=2020"}],"curies":[{"name":"wp","href":"https:\/\/api.w.org\/{rel}","templated":true}]}}