{"id":20458,"date":"2017-07-11T14:07:07","date_gmt":"2017-07-11T20:07:07","guid":{"rendered":"https:\/\/www.boartlongyear.com\/?page_id=20458"},"modified":"2020-04-14T09:10:26","modified_gmt":"2020-04-14T15:10:26","slug":"history","status":"publish","type":"page","link":"https:\/\/www.boartlongyear.com\/es\/company\/history\/","title":{"rendered":"Historia"},"content":{"rendered":"<section class=\"tcvpb_section_tc\">\n\t\t\n\t\t<div class=\"tcvpb_section_content\"><div class=\"tcvpb_container\"><div class=\"tcvpb_column_tc_span12\"><div  class=\"tcvpb-image\" ><img decoding=\"async\" src=\"https:\/\/www.boartlongyear.com\/wp-content\/uploads\/history-1800-horizontal.jpg\"><\/div><h1  ><span>LARGA HISTORIA DE BOART LONGYEAR<\/span><\/h1><div  class=\"\" >\n<p class=\"p_tc\">Poco le hizo saber a Edmund J. (EJ) Longyear en 1890 cuando hundi\u00f3 su primer taladro de diamante en el campo de Minnesota Mesabi Range que estaba comenzando algo que m\u00e1s de un siglo despu\u00e9s terminar\u00eda siendo el proveedor l\u00edder mundial de servicios de perforaci\u00f3n, equipos de perforaci\u00f3n, y herramientas de rendimiento para empresas de miner\u00eda y perforaci\u00f3n en todo el mundo. Boart Longyear tiene una rica historia que ha soportado los altibajos de lo que ahora conocemos como los &quot;ciclos&quot; en la industria.<\/p>\n<\/div><div  class=\"tcvpb-accordion\" data-expanded=\"0\">\n\t\t<h3>1890 - 1910<\/h3>\n\t\t<div class=\"tcvpb-accordion-body\">\n\t\t\t\n<p class=\"p_tc\">Edmund J. Longyear, ingeniero de minas de la primera promoci\u00f3n de la Mining School de Michigan, perfora el primer agujero central de diamantes en Mesabi Iron Range en el norte de Minnesota. Poco despu\u00e9s, forma una empresa de perforaci\u00f3n diamantina contratada para prestar servicios a la industria minera y sider\u00fargica de acero de r\u00e1pido crecimiento en Estados Unidos.<\/p>\n<p class=\"p_tc\">En 1903, Longyear y John E. Hodge forman una sociedad de fabricaci\u00f3n llamada Longyear &amp; Hodge, que expande su negocio para incluir la perforaci\u00f3n por contrato, el hundimiento de pozos, las empresas mineras y el trabajo de consultor\u00eda relacionado.<\/p>\n\n\t\t<\/div>\n\t\t<h3>1910 - 1930<\/h3>\n\t\t<div class=\"tcvpb-accordion-body\">\n\t\t\t\n<p class=\"p_tc\">La asociaci\u00f3n de Longyear y Hodge se fusion\u00f3 con la empresa independiente de perforaci\u00f3n por contrato de Longyear para formar EJ Longyear Company. La primera lista de precios de la compa\u00f1\u00eda en 1912 present\u00f3 19 modelos de perforaci\u00f3n con capacidades de perforaci\u00f3n de entre 750 y 5,000 pies. Esos ejercicios fueron propulsados \u200b\u200bprincipalmente por motores de vapor, que m\u00e1s tarde ser\u00edan reemplazados por motores de combusti\u00f3n interna desarrollados en la d\u00e9cada de 1920. La compa\u00f1\u00eda se expande r\u00e1pidamente en los EE. UU. Y comienza a perforar cobre en Cuba, su primer proyecto internacional. Otros proyectos notables:<\/p>\n<ul>\n<li class=\"p_tc\" style=\"padding-left: 30px;\">Seis plataformas con n\u00facleo de diamante para que Phelps Dodge Corporation explore el cobre en Arizona<\/li>\n<li class=\"p_tc\" style=\"padding-left: 30px;\">Contrato en Sudbury, Canad\u00e1, que deline\u00f3 el cuerpo mineral original que se convirti\u00f3 en el gigante Falconbridge Nickel Mines<\/li>\n<li class=\"p_tc\" style=\"padding-left: 30px;\">Proyecto de perforaci\u00f3n de 15 meses en la provincia de Yunnan, China<\/li>\n<li class=\"p_tc\" style=\"padding-left: 30px;\">La prueba perfor\u00f3 la ruta de un metro propuesto bajo el East River que conecta Manhattan con Brooklyn en Nueva York, EE. UU.<\/li>\n<li class=\"p_tc\" style=\"padding-left: 30px;\">Prueba para determinar la naturaleza de las formaciones rocosas que soportar\u00edan el peso del puente Golden Gate<\/li>\n<\/ul>\n<p class=\"p_tc\">Robert Longyear (hijo de EJ) se convirti\u00f3 en presidente de la empresa en 1924, preservando la cadena de propiedad y administraci\u00f3n familiar que continuar\u00eda por otros 40 a\u00f1os.<\/p>\n\n\t\t<\/div>\n\t\t<h3>1930 - 1950<\/h3>\n\t\t<div class=\"tcvpb-accordion-body\">\n\t\t\t\n<p class=\"p_tc\">La compa\u00f1\u00eda contin\u00faa expandi\u00e9ndose internacionalmente, formando su primera filial extranjera en Canad\u00e1 y firmando su primer contrato para trabajar en \u00c1frica. A pesar del desplome de la bolsa de valores de octubre de 1929 y la posterior Gran Depresi\u00f3n, la d\u00e9cada de 1930 vio mejoras en la tecnolog\u00eda de perforaci\u00f3n de diamantes, incluido el uso de diamantes de calidad industrial extra\u00eddos en \u00c1frica que se llamaban &quot;bortz&quot;.<\/p>\n<p class=\"p_tc\">En 1936, Anglo American Corporation de Sud\u00e1frica form\u00f3 Boart Products South Africa (Pty) Limited, que m\u00e1s tarde se llam\u00f3 Boart International. La nueva compa\u00f1\u00eda desarroll\u00f3 las primeras brocas con n\u00facleo de diamante mec\u00e1nicamente establecidas, que resultaron ser menos costosas que las brocas para n\u00facleos manuales que usaban diamantes brasile\u00f1os m\u00e1s caros (carbonados). El negocio de Longyear mejor\u00f3 gradualmente en la d\u00e9cada de 1940 en respuesta a la expansi\u00f3n de la exploraci\u00f3n minera mundial.<\/p>\n\n\t\t<\/div>\n\t\t<h3>1950 - 1970<\/h3>\n\t\t<div class=\"tcvpb-accordion-body\">\n\t\t\t\n<p class=\"p_tc\">A fines de la d\u00e9cada de 1950, Boart Longyear se asoci\u00f3 con Christensen Diamond Products (CDP) para expandir la distribuci\u00f3n internacional. El conocimiento adquirido y el poder adquisitivo de Christensen, combinados con la historia de la innovaci\u00f3n en perforaci\u00f3n de Longyear, crearon una plataforma que las dos compa\u00f1\u00edas aprovecharon para introducir en la industria bits de diamante de superficie confiables y altamente productivos. Juntos, desarrollaron empresas comerciales en Jap\u00f3n, Francia, Canad\u00e1, M\u00e9xico, Holanda, Australia, Alemania, Filipinas y Costa Rica. Longyear tambi\u00e9n desarroll\u00f3 simulacros para el proyecto Apollo en 1955.<\/p>\n<p class=\"p_tc\">El crecimiento en la d\u00e9cada de los 50 impuls\u00f3 la nueva tecnolog\u00eda y, en 1953, Longyear solicit\u00f3 una patente para el primer sistema de recuperaci\u00f3n de n\u00facleo al\u00e1mbrico, el Sistema de cableado Q \u2122, una innovaci\u00f3n que revolucion\u00f3 la industria de perforaci\u00f3n diamantina al aumentar la productividad en el lugar de trabajo y al hacer el n\u00facleo de desconexi\u00f3n. Desde el fondo del agujero m\u00e1s seguro para el asistente de perforaci\u00f3n. Las ventajas del sistema Q \u2122 genuino generaron r\u00e1pidamente la adopci\u00f3n en toda la industria de la tecnolog\u00eda de cable de Boart Longyear, asegurando el lugar de la compa\u00f1\u00eda en la historia de la tecnolog\u00eda de perforaci\u00f3n. El sistema de cableado Q \u2122 se convirti\u00f3 en la marca por la cual se medir\u00eda toda la innovaci\u00f3n futura en la empresa.<\/p>\n<p class=\"p_tc\">En 1964, Longyear vendi\u00f3 el 25 por ciento de sus acciones de propiedad familiar a FACTS, una sociedad holding con sede en Luxemburgo, propiedad conjunta de Boart International y Christensen Diamond Products Company. Tres a\u00f1os despu\u00e9s, FACTS ejerci\u00f3 su opci\u00f3n de comprar otro 25 por ciento de las acciones familiares de Longyear. La familia Longyear retuvo el 30 por ciento de las acciones de la compa\u00f1\u00eda, y el 20 por ciento restante era propiedad de los empleados.<\/p>\n<p class=\"p_tc\">En 1965, cuando las ventas anuales de Longyear alcanzaron los USD $ 15 millones, la compa\u00f1\u00eda compr\u00f3 m\u00e1s tierras en Minneapolis y persuadi\u00f3 al gobierno de la ciudad para que abandonara la calle Erie para adaptarse a su expansi\u00f3n. En 1969, Longyear abri\u00f3 su nuevo edificio de oficinas en Minneapolis y una planta de fabricaci\u00f3n ampliada. Por primera vez en su historia, las oficinas centrales de la compa\u00f1\u00eda y su producci\u00f3n en Estados Unidos se ubicaron en un solo sitio.<\/p>\n\n\t\t<\/div>\n\t\t<h3>1970 - 1990<\/h3>\n\t\t<div class=\"tcvpb-accordion-body\">\n\t\t\t\n<p class=\"p_tc\">Despu\u00e9s de la muerte de Robert Longyear en 1970, la junta directiva nombr\u00f3 a John Hoffmeister como presidente y presidente de la junta de la compa\u00f1\u00eda. FACTS se disolvi\u00f3 cuando Boart International (una subsidiaria de Anglo American) compr\u00f3 el inter\u00e9s de CDP en Longyear.<\/p>\n<p class=\"p_tc\">En 1974, Boart International (Johannesburgo, Sud\u00e1frica) compr\u00f3 todas las acciones en circulaci\u00f3n de Longyear, convirti\u00e9ndose en el \u00fanico propietario de la compa\u00f1\u00eda. Con el nuevo talento t\u00e9cnico y la inversi\u00f3n de capital de Boart International, Longyear se convirti\u00f3 en el principal fabricante de brocas de diamante.<\/p>\n<p class=\"p_tc\">En la d\u00e9cada de 1980, los ingenieros de Boart Longyear aseguraron una fuente confiable de diamantes sint\u00e9ticos de alto rendimiento, lo que provoc\u00f3 el desarrollo de un dise\u00f1o de broca revolucionario: la broca de diamante impregnada. Con d\u00e9cadas de experiencia en metalurgia de polvo detr\u00e1s de ellos, los ingenieros de Longyear se propusieron desarrollar una nueva corona que consist\u00eda en diamantes sint\u00e9ticos distribuidos uniformemente a trav\u00e9s de una matriz compuesta. Este nuevo dise\u00f1o podr\u00eda perforar m\u00e1s lejos y m\u00e1s r\u00e1pido que los bits de la superficie y cortar material mucho m\u00e1s duro.<\/p>\n<p class=\"p_tc\">Se realizaron varias adquisiciones durante este tiempo. Incluso:<\/p>\n<ul>\n<li class=\"p_tc\" style=\"padding-left: 30px;\">Lang Exploratory Drilling con sede en Utah<\/li>\n<li class=\"p_tc\" style=\"padding-left: 30px;\">Morissette, empresa de perforaci\u00f3n de diamantes subterr\u00e1neos y superficiales<\/li>\n<li class=\"p_tc\" style=\"padding-left: 30px;\">Perforaci\u00f3n Ambiental WTD<\/li>\n<li class=\"p_tc\" style=\"padding-left: 30px;\">North Star Drilling Company especializada en perforaci\u00f3n s\u00f3nica<\/li>\n<\/ul>\n\n\t\t<\/div>\n\t\t<h3>1990 - 2013<\/h3>\n\t\t<div class=\"tcvpb-accordion-body\">\n\t\t\t\n<p class=\"p_tc\">El 2 de enero de 1995, Longyear Company cambi\u00f3 su nombre a Boart Longyear Company. Sin embargo, despu\u00e9s de m\u00e1s de 30 a\u00f1os de propiedad de Anglo American, Boart Longyear fue considerado un activo no esencial para la compa\u00f1\u00eda minera con sede en Johannesburgo. En 2005, Boart Longyear fue enajenada por Anglo American y adquirida por las firmas de capital privado Advent International, Bain Capital y varios inversores de gesti\u00f3n. La sede central se traslad\u00f3 a Salt Lake City, Utah, EE. UU.<\/p>\n<p class=\"p_tc\">Desde la venta de Anglo American, la administraci\u00f3n ha llevado a cabo una serie de cambios de propiedad, iniciativas de reestructuraci\u00f3n y adquisiciones, todo lo cual establece a Boart Longyear como l\u00edder mundial en servicios y productos de exploraci\u00f3n minera.<\/p>\n<p class=\"p_tc\">En octubre de 2006, Advent vendi\u00f3 la compa\u00f1\u00eda a la firma de inversi\u00f3n australiana, Macquarie Bank, y, en abril de 2007, Macquarie llev\u00f3 a la compa\u00f1\u00eda al p\u00fablico en una oferta p\u00fablica inicial de AUD $ 2,3 mil millones en la bolsa de ASX. La salida a bolsa de Boart Longyear fue la segunda oferta p\u00fablica inicial m\u00e1s grande en la historia de ASX.<\/p>\n<p class=\"p_tc\">Las adquisiciones continuaron expandiendo las ofertas geogr\u00e1ficas y tecnol\u00f3gicas. Incluso:<\/p>\n<ul>\n<li class=\"p_tc\" style=\"padding-left: 30px;\">North Star Drilling Company especializada en perforaci\u00f3n s\u00f3nica<\/li>\n<li class=\"p_tc\" style=\"padding-left: 30px;\">SDS especializado en perforaci\u00f3n de producci\u00f3n<\/li>\n<li class=\"p_tc\" style=\"padding-left: 30px;\">NW Drilling<\/li>\n<li class=\"p_tc\" style=\"padding-left: 30px;\">Compa\u00f1\u00eda de perforaci\u00f3n Drillcorp<\/li>\n<li class=\"p_tc\" style=\"padding-left: 30px;\">KWL, fabricante de plataformas<\/li>\n<li class=\"p_tc\" style=\"padding-left: 30px;\">Compa\u00f1\u00eda de perforaci\u00f3n de Prosonic<\/li>\n<li class=\"p_tc\" style=\"padding-left: 30px;\">La compa\u00f1\u00eda de perforaci\u00f3n Grimwood Davies<\/li>\n<li class=\"p_tc\" style=\"padding-left: 30px;\">Compa\u00f1\u00eda de perforaci\u00f3n Connors Argentina &amp; Chile<\/li>\n<li class=\"p_tc\" style=\"padding-left: 30px;\">Empresa de perforaci\u00f3n de Patagonia<\/li>\n<\/ul>\n<p class=\"p_tc\">Adem\u00e1s, la rica historia de llevar innovaci\u00f3n de perforaci\u00f3n a clientes a nivel mundial contin\u00faa con la introducci\u00f3n de:<\/p>\n<ul>\n<li class=\"p_tc\" style=\"padding-left: 30px;\">Equipo de perforaci\u00f3n de superficie Heli-port\u00e1til LF \u2122 130F con manejo de varillas integrado: un equipo para los trabajos m\u00e1s remotos que ofrece lo \u00faltimo en tecnolog\u00eda de seguridad<\/li>\n<li class=\"p_tc\" style=\"padding-left: 30px;\">Tecnolog\u00edas patentadas de bits que aumentan la productividad y la vida<\/li>\n<li class=\"p_tc\" style=\"padding-left: 30px;\">Conjunto de cabezal subterr\u00e1neo Roller Latch \u2122 para mayor seguridad en aplicaciones de perforaci\u00f3n subterr\u00e1nea<\/li>\n<li class=\"p_tc\" style=\"padding-left: 30px;\">Drill Control Interface (DCi) proporciona a los perforadores una interfaz totalmente electr\u00f3nica para operar de forma segura y eficiente los equipos de perforaci\u00f3n subterr\u00e1nea, lejos de las piezas m\u00f3viles y las mangueras hidr\u00e1ulicas.<\/li>\n<\/ul>\n\n\t\t<\/div>\n\t\t<h3>2014 - Hoy<\/h3>\n\t\t<div class=\"tcvpb-accordion-body\">\n\t\t\t\n<p class=\"p_tc\">El 2014 comenz\u00f3 cuando Edmund J. Longyear fue incluido en el Sal\u00f3n de la Fama de la Tecnolog\u00eda de Miner\u00eda Internacional por su papel en la exploraci\u00f3n casi 125 a\u00f1os despu\u00e9s de que hundi\u00f3 su primer agujero de perforaci\u00f3n de diamante en la Mesabi Range de Minnesota.<\/p>\n<p class=\"p_tc\">En 2015, Boart Longyear celebra con orgullo su 125\u00ba aniversario. Poco le hizo saber a Edmund J. Longyear en 1890 cuando hundi\u00f3 su primer taladro de diamante en el campo de Minnesota Mesabi Range que estaba iniciando una empresa que 125 a\u00f1os m\u00e1s tarde terminar\u00eda siendo un proveedor l\u00edder mundial de servicios de perforaci\u00f3n, equipos de perforaci\u00f3n y herramientas de rendimiento para la industria minera. El 125 \u00b0 aniversario de Boart Longyear est\u00e1 dedicado a las personas que construyeron y contin\u00faan construyendo esta excelente empresa. A medida que los empleados de todo el mundo celebran los muchos logros de nuestro pasado, la empresa avanza con confianza hacia el futuro.<\/p>\n<p class=\"p_tc\">En la actualidad, la divisi\u00f3n de Servicios de Perforaci\u00f3n Global de Boart Longyear opera en 15 pa\u00edses para una base diversa de clientes mineros que abarca una amplia gama de productos b\u00e1sicos, como cobre, oro, n\u00edquel, zinc, uranio y otros metales y minerales. La divisi\u00f3n de Productos Globales dise\u00f1a, fabrica y vende equipos de perforaci\u00f3n, herramientas de rendimiento y repuestos y servicios de posventa a clientes en m\u00e1s de 100 pa\u00edses.<\/p>\n\n\t\t<\/div>\n\t\t<h3>Tecnolog\u00eda e Innovaci\u00f3n<\/h3>\n\t\t<div class=\"tcvpb-accordion-body\">\n\t\t\t\n<p class=\"p_tc\">Confiamos en una combinaci\u00f3n de patentes, marcas comerciales, secretos comerciales y derechos de propiedad intelectual similares para proteger la tecnolog\u00eda patentada y otra propiedad intelectual que son fundamentales para nuestro negocio de Productos Globales. Al 31 de diciembre de 2018, ten\u00edamos 418 patentes emitidas, 579 marcas registradas, 182 solicitudes de patentes pendientes y 28 solicitudes de marcas pendientes. Uno de los productos m\u00e1s importantes para los cuales obtuvimos una patente de protecci\u00f3n durante 2018 es nuestra varilla de n\u00facleo de cable XQ \u2122. Las varillas de n\u00facleo de cable XQ \u2122 cuentan con roscas de doble arranque autoalineables, uniones de varilla que se acoplan suavemente sin atascarse o atascarse, y tratamientos t\u00e9rmicos exclusivos para proporcionar varillas m\u00e1s fuertes y de mayor duraci\u00f3n.<\/p>\n\n\t\t<\/div><\/div><span class=\"clear\" style=\"height:20px;display:block;\"><\/span><\/div><\/div><\/div>\n\t\t\n\t\t\n\t<\/section>","protected":false},"excerpt":{"rendered":"","protected":false},"author":66,"featured_media":0,"parent":81,"menu_order":0,"comment_status":"open","ping_status":"open","template":"sidebar-dynamic.php","meta":{"_uag_custom_page_level_css":"","_monsterinsights_skip_tracking":false,"_monsterinsights_sitenote_active":false,"_monsterinsights_sitenote_note":"","_monsterinsights_sitenote_category":0,"footnotes":""},"class_list":["post-20458","page","type-page","status-publish","hentry"],"acf":[],"yoast_head":"<!-- This site is optimized with the Yoast SEO plugin v27.3 - https:\/\/yoast.com\/product\/yoast-seo-wordpress\/ -->\n<title>Corporate Profile - Boart Longyear - Global Drilling Services<\/title>\n<meta name=\"description\" content=\"After sinking first diamond drill hole in 1890, Boart Longyear is the world&#039;s leading provider of drilling services, equipment and performance tooling.\" \/>\n<meta name=\"robots\" content=\"index, follow, max-snippet:-1, max-image-preview:large, max-video-preview:-1\" \/>\n<link rel=\"canonical\" href=\"https:\/\/www.boartlongyear.com\/es\/company\/history\/\" \/>\n<meta property=\"og:locale\" content=\"es_ES\" \/>\n<meta property=\"og:type\" content=\"article\" \/>\n<meta property=\"og:title\" content=\"Corporate Profile - Boart Longyear - Global Drilling Services\" \/>\n<meta property=\"og:description\" content=\"After sinking first diamond drill hole in 1890, Boart Longyear is the world&#039;s leading provider of drilling services, equipment and performance tooling.\" \/>\n<meta property=\"og:url\" content=\"https:\/\/www.boartlongyear.com\/es\/company\/history\/\" \/>\n<meta property=\"og:site_name\" content=\"Boart Longyear\" \/>\n<meta property=\"article:publisher\" content=\"https:\/\/www.facebook.com\/boartlongyearcareers\" \/>\n<meta property=\"article:modified_time\" content=\"2020-04-14T15:10:26+00:00\" \/>\n<meta name=\"twitter:label1\" content=\"Tiempo de lectura\" \/>\n\t<meta name=\"twitter:data1\" content=\"8 minutos\" \/>\n<script type=\"application\/ld+json\" class=\"yoast-schema-graph\">{\"@context\":\"https:\\\/\\\/schema.org\",\"@graph\":[{\"@type\":\"WebPage\",\"@id\":\"https:\\\/\\\/www.boartlongyear.com\\\/company\\\/history\\\/\",\"url\":\"https:\\\/\\\/www.boartlongyear.com\\\/company\\\/history\\\/\",\"name\":\"Corporate Profile - Boart Longyear - Global Drilling Services\",\"isPartOf\":{\"@id\":\"https:\\\/\\\/www.boartlongyear.com\\\/#website\"},\"datePublished\":\"2017-07-11T20:07:07+00:00\",\"dateModified\":\"2020-04-14T15:10:26+00:00\",\"description\":\"After sinking first diamond drill hole in 1890, Boart Longyear is the world's leading provider of drilling services, equipment and performance tooling.\",\"breadcrumb\":{\"@id\":\"https:\\\/\\\/www.boartlongyear.com\\\/company\\\/history\\\/#breadcrumb\"},\"inLanguage\":\"es\",\"potentialAction\":[{\"@type\":\"ReadAction\",\"target\":[\"https:\\\/\\\/www.boartlongyear.com\\\/company\\\/history\\\/\"]}]},{\"@type\":\"BreadcrumbList\",\"@id\":\"https:\\\/\\\/www.boartlongyear.com\\\/company\\\/history\\\/#breadcrumb\",\"itemListElement\":[{\"@type\":\"ListItem\",\"position\":1,\"name\":\"Home\",\"item\":\"https:\\\/\\\/www.boartlongyear.com\\\/\"},{\"@type\":\"ListItem\",\"position\":2,\"name\":\"Company\",\"item\":\"https:\\\/\\\/www.boartlongyear.com\\\/company\\\/\"},{\"@type\":\"ListItem\",\"position\":3,\"name\":\"History\"}]},{\"@type\":\"WebSite\",\"@id\":\"https:\\\/\\\/www.boartlongyear.com\\\/#website\",\"url\":\"https:\\\/\\\/www.boartlongyear.com\\\/\",\"name\":\"Boart Longyear\",\"description\":\"\",\"publisher\":{\"@id\":\"https:\\\/\\\/www.boartlongyear.com\\\/#organization\"},\"potentialAction\":[{\"@type\":\"SearchAction\",\"target\":{\"@type\":\"EntryPoint\",\"urlTemplate\":\"https:\\\/\\\/www.boartlongyear.com\\\/?s={search_term_string}\"},\"query-input\":{\"@type\":\"PropertyValueSpecification\",\"valueRequired\":true,\"valueName\":\"search_term_string\"}}],\"inLanguage\":\"es\"},{\"@type\":\"Organization\",\"@id\":\"https:\\\/\\\/www.boartlongyear.com\\\/#organization\",\"name\":\"Boart Longyear\",\"url\":\"https:\\\/\\\/www.boartlongyear.com\\\/\",\"logo\":{\"@type\":\"ImageObject\",\"inLanguage\":\"es\",\"@id\":\"https:\\\/\\\/www.boartlongyear.com\\\/#\\\/schema\\\/logo\\\/image\\\/\",\"url\":\"https:\\\/\\\/www.boartlongyear.com\\\/wp-content\\\/uploads\\\/BLY-Double-Stack.png\",\"contentUrl\":\"https:\\\/\\\/www.boartlongyear.com\\\/wp-content\\\/uploads\\\/BLY-Double-Stack.png\",\"width\":400,\"height\":100,\"caption\":\"Boart Longyear\"},\"image\":{\"@id\":\"https:\\\/\\\/www.boartlongyear.com\\\/#\\\/schema\\\/logo\\\/image\\\/\"},\"sameAs\":[\"https:\\\/\\\/www.facebook.com\\\/boartlongyearcareers\",\"https:\\\/\\\/x.com\\\/boartlongyear\",\"https:\\\/\\\/www.instagram.com\\\/boartlongyear\",\"https:\\\/\\\/www.linkedin.com\\\/company\\\/boart-longyear\",\"https:\\\/\\\/www.youtube.com\\\/user\\\/BoartLongyear1\"]}]}<\/script>\n<!-- \/ Yoast SEO plugin. -->","yoast_head_json":{"title":"Perfil Corporativo - Boart Longyear - Global Drilling Services","description":"Despu\u00e9s de hundir el primer pozo de perforaci\u00f3n de diamante en 1890, Boart Longyear es el proveedor l\u00edder mundial de servicios de perforaci\u00f3n, equipos y herramientas de rendimiento.","robots":{"index":"index","follow":"follow","max-snippet":"max-snippet:-1","max-image-preview":"max-image-preview:large","max-video-preview":"max-video-preview:-1"},"canonical":"https:\/\/www.boartlongyear.com\/es\/company\/history\/","og_locale":"es_ES","og_type":"article","og_title":"Corporate Profile - Boart Longyear - Global Drilling Services","og_description":"After sinking first diamond drill hole in 1890, Boart Longyear is the world's leading provider of drilling services, equipment and performance tooling.","og_url":"https:\/\/www.boartlongyear.com\/es\/company\/history\/","og_site_name":"Boart Longyear","article_publisher":"https:\/\/www.facebook.com\/boartlongyearcareers","article_modified_time":"2020-04-14T15:10:26+00:00","twitter_misc":{"Tiempo de lectura":"8 minutos"},"schema":{"@context":"https:\/\/schema.org","@graph":[{"@type":"WebPage","@id":"https:\/\/www.boartlongyear.com\/company\/history\/","url":"https:\/\/www.boartlongyear.com\/company\/history\/","name":"Perfil Corporativo - Boart Longyear - Global Drilling Services","isPartOf":{"@id":"https:\/\/www.boartlongyear.com\/#website"},"datePublished":"2017-07-11T20:07:07+00:00","dateModified":"2020-04-14T15:10:26+00:00","description":"Despu\u00e9s de hundir el primer pozo de perforaci\u00f3n de diamante en 1890, Boart Longyear es el proveedor l\u00edder mundial de servicios de perforaci\u00f3n, equipos y herramientas de rendimiento.","breadcrumb":{"@id":"https:\/\/www.boartlongyear.com\/company\/history\/#breadcrumb"},"inLanguage":"es","potentialAction":[{"@type":"ReadAction","target":["https:\/\/www.boartlongyear.com\/company\/history\/"]}]},{"@type":"BreadcrumbList","@id":"https:\/\/www.boartlongyear.com\/company\/history\/#breadcrumb","itemListElement":[{"@type":"ListItem","position":1,"name":"Home","item":"https:\/\/www.boartlongyear.com\/"},{"@type":"ListItem","position":2,"name":"Company","item":"https:\/\/www.boartlongyear.com\/company\/"},{"@type":"ListItem","position":3,"name":"History"}]},{"@type":"WebSite","@id":"https:\/\/www.boartlongyear.com\/#website","url":"https:\/\/www.boartlongyear.com\/","name":"Boart Longyear","description":"","publisher":{"@id":"https:\/\/www.boartlongyear.com\/#organization"},"potentialAction":[{"@type":"SearchAction","target":{"@type":"EntryPoint","urlTemplate":"https:\/\/www.boartlongyear.com\/?s={search_term_string}"},"query-input":{"@type":"PropertyValueSpecification","valueRequired":true,"valueName":"search_term_string"}}],"inLanguage":"es"},{"@type":"Organization","@id":"https:\/\/www.boartlongyear.com\/#organization","name":"Boart Longyear","url":"https:\/\/www.boartlongyear.com\/","logo":{"@type":"ImageObject","inLanguage":"es","@id":"https:\/\/www.boartlongyear.com\/#\/schema\/logo\/image\/","url":"https:\/\/www.boartlongyear.com\/wp-content\/uploads\/BLY-Double-Stack.png","contentUrl":"https:\/\/www.boartlongyear.com\/wp-content\/uploads\/BLY-Double-Stack.png","width":400,"height":100,"caption":"Boart Longyear"},"image":{"@id":"https:\/\/www.boartlongyear.com\/#\/schema\/logo\/image\/"},"sameAs":["https:\/\/www.facebook.com\/boartlongyearcareers","https:\/\/x.com\/boartlongyear","https:\/\/www.instagram.com\/boartlongyear","https:\/\/www.linkedin.com\/company\/boart-longyear","https:\/\/www.youtube.com\/user\/BoartLongyear1"]}]}},"uagb_featured_image_src":{"full":false,"thumbnail":false,"medium":false,"medium_large":false,"large":false,"RoboGalleryMansoryImagesCenter":false,"RoboGalleryPreload":false,"1536x1536":false,"2048x2048":false,"trp-custom-language-flag":false,"alm-thumbnail":false,"tptn_thumbnail":false},"uagb_author_info":{"display_name":"Marketing","author_link":"https:\/\/www.boartlongyear.com\/es\/insite\/author\/jamesburris\/"},"uagb_comment_info":0,"uagb_excerpt":null,"_links":{"self":[{"href":"https:\/\/www.boartlongyear.com\/es\/wp-json\/wp\/v2\/pages\/20458","targetHints":{"allow":["GET"]}}],"collection":[{"href":"https:\/\/www.boartlongyear.com\/es\/wp-json\/wp\/v2\/pages"}],"about":[{"href":"https:\/\/www.boartlongyear.com\/es\/wp-json\/wp\/v2\/types\/page"}],"author":[{"embeddable":true,"href":"https:\/\/www.boartlongyear.com\/es\/wp-json\/wp\/v2\/users\/66"}],"replies":[{"embeddable":true,"href":"https:\/\/www.boartlongyear.com\/es\/wp-json\/wp\/v2\/comments?post=20458"}],"version-history":[{"count":0,"href":"https:\/\/www.boartlongyear.com\/es\/wp-json\/wp\/v2\/pages\/20458\/revisions"}],"up":[{"embeddable":true,"href":"https:\/\/www.boartlongyear.com\/es\/wp-json\/wp\/v2\/pages\/81"}],"wp:attachment":[{"href":"https:\/\/www.boartlongyear.com\/es\/wp-json\/wp\/v2\/media?parent=20458"}],"curies":[{"name":"wp","href":"https:\/\/api.w.org\/{rel}","templated":true}]}}