{"id":20502,"date":"2017-07-11T16:06:25","date_gmt":"2017-07-11T22:06:25","guid":{"rendered":"https:\/\/www.boartlongyear.com\/?page_id=20502"},"modified":"2020-04-14T09:37:41","modified_gmt":"2020-04-14T15:37:41","slug":"accessibility","status":"publish","type":"page","link":"https:\/\/www.boartlongyear.com\/es\/company\/accessibility\/","title":{"rendered":"Accesibilidad para los habitantes de Ontario con discapacidades (AODA)"},"content":{"rendered":"<section class=\"tcvpb_section_tc\">\n\t\t\n\t\t<div class=\"tcvpb_section_content\"><div class=\"tcvpb_container\"><div class=\"tcvpb_column_tc_span12\"><span class=\"clear\" style=\"height:10px;display:block;\"><\/span><h1  ><span>ACCESIBILIDAD PARA ONTARIANOS CON DISCAPACIDADES ACT (AODA)<\/span><\/h1><div  class=\"\" >\n<p class=\"p_tc\">Boart Longyear Canad\u00e1 reconoce los requisitos de la Ley de Accesibilidad para los Ontarios con Discapacidades (AODA). Continuaremos desarrollando, documentando, comunicando y monitoreando nuestro Plan de Acci\u00f3n Multianual en reconocimiento del AODA.<\/p>\n<p class=\"p_tc\">Boart Longyear Canad\u00e1 se compromete a tratar a todas las personas de una manera que les permita mantener su dignidad e independencia. Creemos en la integraci\u00f3n y la igualdad de oportunidades y estamos comprometidos a satisfacer las necesidades de las personas con discapacidades de manera oportuna. Lo haremos evitando y eliminando los obst\u00e1culos a la accesibilidad y cumpliendo los requisitos de accesibilidad en virtud de la Ley de Accesibilidad para los Ontarios con Discapacidades (AODA) y modificando determinadas pol\u00edticas cuando sea necesario. Proporcionaremos alojamiento a petici\u00f3n de los candidatos que deseen participar en el proceso de contrataci\u00f3n y selecci\u00f3n.<\/p>\n<p class=\"p_tc\">Boart Longyear Canad\u00e1 se compromete a proporcionar a nuestros clientes y clientes informaci\u00f3n de emergencia disponible p\u00fablicamente de manera accesible a pedido.&nbsp;\n<p class=\"p_tc\">Proporcionaremos a los empleados con discapacidades, con informaci\u00f3n de respuesta de emergencia individualizada cuando sea necesario, revisaremos las solicitudes de alojamiento para empleados discapacitados de acuerdo con nuestros programas de regreso al trabajo.<\/p>\n<p class=\"p_tc\">Por favor refi\u00e9rase a nuestro Plan de Accesibilidad Multi-A\u00f1o para m\u00e1s detalles.<\/p>\n<\/div><div  class=\"tcvpb_divider tcvpb_divider_solid\"><a href=\"#\" class=\"backtotop\"><\/a><\/div><\/div><\/div><\/div>\n\t\t\n\t\t\n\t<\/section><section class=\"tcvpb_section_tc\">\n\t\t\n\t\t<div class=\"tcvpb_section_content\"><div class=\"tcvpb_container\"><div class=\"tcvpb_column_tc_span6\"><div  class=\"\" >\n<p class=\"p_tc\"><span style=\"font-size: 12pt;\"><strong>Acta de accesibilidad para los habitantes de Ontario con Discapacidad Plan de accesibilidad a varios a\u00f1os<\/strong><\/span><\/p>\n<\/div><\/div><div class=\"tcvpb_column_tc_span6\"><a  href=\"https:\/\/www.boartlongyear.com\/wp-content\/uploads\/Accessibility-for-Ontarians-with-Disabilities-Act-Multi-Year-Accessibility-Plan-2017.pdf\" target=\"_blank\" class=\"tcvpb-button tcvpb-button_normal tcvpb-button_medium\" style=\"color: #ffffff;background:rgb(227, 114, 34);\">Descargar<\/a><\/div><\/div><\/div>\n\t\t\n\t\t\n\t<\/section>","protected":false},"excerpt":{"rendered":"","protected":false},"author":66,"featured_media":0,"parent":81,"menu_order":0,"comment_status":"open","ping_status":"closed","template":"sidebar-dynamic.php","meta":{"_uag_custom_page_level_css":"","_monsterinsights_skip_tracking":false,"_monsterinsights_sitenote_active":false,"_monsterinsights_sitenote_note":"","_monsterinsights_sitenote_category":0,"footnotes":""},"class_list":["post-20502","page","type-page","status-publish","hentry"],"acf":[],"yoast_head":"<!-- This site is optimized with the Yoast SEO plugin v27.4 - https:\/\/yoast.com\/product\/yoast-seo-wordpress\/ -->\n<title>Corporate Profile - Boart Longyear - Global Drilling Services<\/title>\n<meta name=\"description\" content=\"Boart Longyear recognizes requirements of Accessibility for Ontarians with Disabilities Act (AODA) and continue to develop, communicate and monitor.\" \/>\n<meta name=\"robots\" content=\"index, follow, max-snippet:-1, max-image-preview:large, max-video-preview:-1\" \/>\n<link rel=\"canonical\" href=\"https:\/\/www.boartlongyear.com\/es\/company\/accessibility\/\" \/>\n<meta property=\"og:locale\" content=\"es_ES\" \/>\n<meta property=\"og:type\" content=\"article\" \/>\n<meta property=\"og:title\" content=\"Corporate Profile - Boart Longyear - Global Drilling Services\" \/>\n<meta property=\"og:description\" content=\"Boart Longyear recognizes requirements of Accessibility for Ontarians with Disabilities Act (AODA) and continue to develop, communicate and monitor.\" \/>\n<meta property=\"og:url\" content=\"https:\/\/www.boartlongyear.com\/es\/company\/accessibility\/\" \/>\n<meta property=\"og:site_name\" content=\"Boart Longyear\" \/>\n<meta property=\"article:publisher\" content=\"https:\/\/www.facebook.com\/boartlongyearcareers\" \/>\n<meta property=\"article:modified_time\" content=\"2020-04-14T15:37:41+00:00\" \/>\n<meta name=\"twitter:label1\" content=\"Tiempo de lectura\" \/>\n\t<meta name=\"twitter:data1\" content=\"2 minutos\" \/>\n<script type=\"application\/ld+json\" class=\"yoast-schema-graph\">{\"@context\":\"https:\\\/\\\/schema.org\",\"@graph\":[{\"@type\":\"WebPage\",\"@id\":\"https:\\\/\\\/www.boartlongyear.com\\\/de\\\/company\\\/accessibility\\\/\",\"url\":\"https:\\\/\\\/www.boartlongyear.com\\\/de\\\/company\\\/accessibility\\\/\",\"name\":\"Corporate Profile - Boart Longyear - Global Drilling Services\",\"isPartOf\":{\"@id\":\"https:\\\/\\\/www.boartlongyear.com\\\/#website\"},\"datePublished\":\"2017-07-11T22:06:25+00:00\",\"dateModified\":\"2020-04-14T15:37:41+00:00\",\"description\":\"Boart Longyear recognizes requirements of Accessibility for Ontarians with Disabilities Act (AODA) and continue to develop, communicate and monitor.\",\"breadcrumb\":{\"@id\":\"https:\\\/\\\/www.boartlongyear.com\\\/de\\\/company\\\/accessibility\\\/#breadcrumb\"},\"inLanguage\":\"es\",\"potentialAction\":[{\"@type\":\"ReadAction\",\"target\":[\"https:\\\/\\\/www.boartlongyear.com\\\/de\\\/company\\\/accessibility\\\/\"]}]},{\"@type\":\"BreadcrumbList\",\"@id\":\"https:\\\/\\\/www.boartlongyear.com\\\/de\\\/company\\\/accessibility\\\/#breadcrumb\",\"itemListElement\":[{\"@type\":\"ListItem\",\"position\":1,\"name\":\"Home\",\"item\":\"https:\\\/\\\/www.boartlongyear.com\\\/\"},{\"@type\":\"ListItem\",\"position\":2,\"name\":\"Company\",\"item\":\"https:\\\/\\\/www.boartlongyear.com\\\/company\\\/\"},{\"@type\":\"ListItem\",\"position\":3,\"name\":\"Accessibility for Ontarians with Disability Act (AODA)\"}]},{\"@type\":\"WebSite\",\"@id\":\"https:\\\/\\\/www.boartlongyear.com\\\/#website\",\"url\":\"https:\\\/\\\/www.boartlongyear.com\\\/\",\"name\":\"Boart Longyear\",\"description\":\"\",\"publisher\":{\"@id\":\"https:\\\/\\\/www.boartlongyear.com\\\/#organization\"},\"potentialAction\":[{\"@type\":\"SearchAction\",\"target\":{\"@type\":\"EntryPoint\",\"urlTemplate\":\"https:\\\/\\\/www.boartlongyear.com\\\/?s={search_term_string}\"},\"query-input\":{\"@type\":\"PropertyValueSpecification\",\"valueRequired\":true,\"valueName\":\"search_term_string\"}}],\"inLanguage\":\"es\"},{\"@type\":\"Organization\",\"@id\":\"https:\\\/\\\/www.boartlongyear.com\\\/#organization\",\"name\":\"Boart Longyear\",\"url\":\"https:\\\/\\\/www.boartlongyear.com\\\/\",\"logo\":{\"@type\":\"ImageObject\",\"inLanguage\":\"es\",\"@id\":\"https:\\\/\\\/www.boartlongyear.com\\\/#\\\/schema\\\/logo\\\/image\\\/\",\"url\":\"https:\\\/\\\/www.boartlongyear.com\\\/wp-content\\\/uploads\\\/BLY-Double-Stack.png\",\"contentUrl\":\"https:\\\/\\\/www.boartlongyear.com\\\/wp-content\\\/uploads\\\/BLY-Double-Stack.png\",\"width\":400,\"height\":100,\"caption\":\"Boart Longyear\"},\"image\":{\"@id\":\"https:\\\/\\\/www.boartlongyear.com\\\/#\\\/schema\\\/logo\\\/image\\\/\"},\"sameAs\":[\"https:\\\/\\\/www.facebook.com\\\/boartlongyearcareers\",\"https:\\\/\\\/x.com\\\/boartlongyear\",\"https:\\\/\\\/www.instagram.com\\\/boartlongyear\",\"https:\\\/\\\/www.linkedin.com\\\/company\\\/boart-longyear\",\"https:\\\/\\\/www.youtube.com\\\/user\\\/BoartLongyear1\"]}]}<\/script>\n<!-- \/ Yoast SEO plugin. -->","yoast_head_json":{"title":"Perfil Corporativo - Boart Longyear - Global Drilling Services","description":"Boart Longyear reconoce los requisitos de la Ley de Accesibilidad para Ontarianos con Discapacidades (AODA) y contin\u00faa desarrollando, comunicando y monitoreando.","robots":{"index":"index","follow":"follow","max-snippet":"max-snippet:-1","max-image-preview":"max-image-preview:large","max-video-preview":"max-video-preview:-1"},"canonical":"https:\/\/www.boartlongyear.com\/es\/company\/accessibility\/","og_locale":"es_ES","og_type":"article","og_title":"Corporate Profile - Boart Longyear - Global Drilling Services","og_description":"Boart Longyear recognizes requirements of Accessibility for Ontarians with Disabilities Act (AODA) and continue to develop, communicate and monitor.","og_url":"https:\/\/www.boartlongyear.com\/es\/company\/accessibility\/","og_site_name":"Boart Longyear","article_publisher":"https:\/\/www.facebook.com\/boartlongyearcareers","article_modified_time":"2020-04-14T15:37:41+00:00","twitter_misc":{"Tiempo de lectura":"2 minutos"},"schema":{"@context":"https:\/\/schema.org","@graph":[{"@type":"WebPage","@id":"https:\/\/www.boartlongyear.com\/de\/company\/accessibility\/","url":"https:\/\/www.boartlongyear.com\/de\/company\/accessibility\/","name":"Perfil Corporativo - Boart Longyear - Global Drilling Services","isPartOf":{"@id":"https:\/\/www.boartlongyear.com\/#website"},"datePublished":"2017-07-11T22:06:25+00:00","dateModified":"2020-04-14T15:37:41+00:00","description":"Boart Longyear reconoce los requisitos de la Ley de Accesibilidad para Ontarianos con Discapacidades (AODA) y contin\u00faa desarrollando, comunicando y monitoreando.","breadcrumb":{"@id":"https:\/\/www.boartlongyear.com\/de\/company\/accessibility\/#breadcrumb"},"inLanguage":"es","potentialAction":[{"@type":"ReadAction","target":["https:\/\/www.boartlongyear.com\/de\/company\/accessibility\/"]}]},{"@type":"BreadcrumbList","@id":"https:\/\/www.boartlongyear.com\/de\/company\/accessibility\/#breadcrumb","itemListElement":[{"@type":"ListItem","position":1,"name":"Home","item":"https:\/\/www.boartlongyear.com\/"},{"@type":"ListItem","position":2,"name":"Company","item":"https:\/\/www.boartlongyear.com\/company\/"},{"@type":"ListItem","position":3,"name":"Accessibility for Ontarians with Disability Act (AODA)"}]},{"@type":"WebSite","@id":"https:\/\/www.boartlongyear.com\/#website","url":"https:\/\/www.boartlongyear.com\/","name":"Boart Longyear","description":"","publisher":{"@id":"https:\/\/www.boartlongyear.com\/#organization"},"potentialAction":[{"@type":"SearchAction","target":{"@type":"EntryPoint","urlTemplate":"https:\/\/www.boartlongyear.com\/?s={search_term_string}"},"query-input":{"@type":"PropertyValueSpecification","valueRequired":true,"valueName":"search_term_string"}}],"inLanguage":"es"},{"@type":"Organization","@id":"https:\/\/www.boartlongyear.com\/#organization","name":"Boart Longyear","url":"https:\/\/www.boartlongyear.com\/","logo":{"@type":"ImageObject","inLanguage":"es","@id":"https:\/\/www.boartlongyear.com\/#\/schema\/logo\/image\/","url":"https:\/\/www.boartlongyear.com\/wp-content\/uploads\/BLY-Double-Stack.png","contentUrl":"https:\/\/www.boartlongyear.com\/wp-content\/uploads\/BLY-Double-Stack.png","width":400,"height":100,"caption":"Boart Longyear"},"image":{"@id":"https:\/\/www.boartlongyear.com\/#\/schema\/logo\/image\/"},"sameAs":["https:\/\/www.facebook.com\/boartlongyearcareers","https:\/\/x.com\/boartlongyear","https:\/\/www.instagram.com\/boartlongyear","https:\/\/www.linkedin.com\/company\/boart-longyear","https:\/\/www.youtube.com\/user\/BoartLongyear1"]}]}},"uagb_featured_image_src":{"full":false,"thumbnail":false,"medium":false,"medium_large":false,"large":false,"RoboGalleryMansoryImagesCenter":false,"RoboGalleryPreload":false,"1536x1536":false,"2048x2048":false,"trp-custom-language-flag":false,"alm-thumbnail":false,"tptn_thumbnail":false},"uagb_author_info":{"display_name":"Marketing","author_link":"https:\/\/www.boartlongyear.com\/es\/insite\/author\/jamesburris\/"},"uagb_comment_info":0,"uagb_excerpt":null,"_links":{"self":[{"href":"https:\/\/www.boartlongyear.com\/es\/wp-json\/wp\/v2\/pages\/20502","targetHints":{"allow":["GET"]}}],"collection":[{"href":"https:\/\/www.boartlongyear.com\/es\/wp-json\/wp\/v2\/pages"}],"about":[{"href":"https:\/\/www.boartlongyear.com\/es\/wp-json\/wp\/v2\/types\/page"}],"author":[{"embeddable":true,"href":"https:\/\/www.boartlongyear.com\/es\/wp-json\/wp\/v2\/users\/66"}],"replies":[{"embeddable":true,"href":"https:\/\/www.boartlongyear.com\/es\/wp-json\/wp\/v2\/comments?post=20502"}],"version-history":[{"count":0,"href":"https:\/\/www.boartlongyear.com\/es\/wp-json\/wp\/v2\/pages\/20502\/revisions"}],"up":[{"embeddable":true,"href":"https:\/\/www.boartlongyear.com\/es\/wp-json\/wp\/v2\/pages\/81"}],"wp:attachment":[{"href":"https:\/\/www.boartlongyear.com\/es\/wp-json\/wp\/v2\/media?parent=20502"}],"curies":[{"name":"wp","href":"https:\/\/api.w.org\/{rel}","templated":true}]}}