{"id":23758,"date":"2018-01-25T13:59:02","date_gmt":"2018-01-25T20:59:02","guid":{"rendered":"https:\/\/www.boartlongyear.com\/?page_id=23758"},"modified":"2018-01-25T14:00:19","modified_gmt":"2018-01-25T21:00:19","slug":"rotary-drilling-services","status":"publish","type":"page","link":"https:\/\/www.boartlongyear.com\/es\/rotary-drilling-services\/","title":{"rendered":"Servicios de perforaci\u00f3n rotatoria: lo ayuda a perforar mejor"},"content":{"rendered":"<section class=\"tcvpb_section_tc\">\n\t\t\n\t\t<div class=\"tcvpb_section_content\"><div class=\"tcvpb_container\"><div class=\"tcvpb_column_tc_span4\"><span class=\"clear\" style=\"height:10px;display:block;\"><\/span><div  class=\"tcvpb-image \" ><a href=\"https:\/\/www.boartlongyear.com\" target=\"_self\"><img decoding=\"async\" src=\"https:\/\/www.boartlongyear.com\/wp-content\/uploads\/BLY-Double-Stack.png\"><\/a><\/div><span class=\"clear\" style=\"height:10px;display:block;\"><\/span><\/div><div class=\"tcvpb_column_tc_span8\"><\/div><\/div><\/div>\n\t\t\n\t\t\n\t<\/section><section class=\"tcvpb_section_tc\">\n\t\t\n\t\t<div class=\"tcvpb_section_content\"><div class=\"tcvpb_container\"><div class=\"tcvpb_column_tc_span12\"><\/div><\/div><\/div>\n\t\t\n\t\t\n\t<\/section><section class=\"tcvpb_section_tc\" style=\"background-color:rgb(82, 88, 97);\">\n\t\t\n\t\t<div class=\"tcvpb_section_content\"><div class=\"tcvpb_container\"><div class=\"tcvpb_column_tc_span12\"><h1  ><span><\/p>\n<div style=\"text-align: center;\"><span style=\"color: #ffffff;\">ROTARY DRILLING SERVICES<\/span><\/div>\n<p><\/span><\/h1><\/div><\/div><\/div>\n\t\t\n\t\t\n\t<\/section><section class=\"tcvpb_section_tc\">\n\t\t\n\t\t<div class=\"tcvpb_section_content\"><div class=\"tcvpb_container\"><div class=\"tcvpb_column_tc_span12\"><\/div><\/div><\/div>\n\t\t\n\t\t\n\t<\/section><section class=\"tcvpb_section_tc\">\n\t\t\n\t\t<div class=\"tcvpb_section_content\"><div class=\"tcvpb_container\"><div class=\"tcvpb_column_tc_span12\"><div  class=\"\" >\n<p class=\"p_tc\"><div class=\"flx-embed\"><div style=\"position:relative; height:0; padding-bottom:56.25%; width:100%\"><iframe style=\"position:absolute; top:0; left:0; width:100%; height:100%;\" src=\"https:\/\/media.flixel.com\/cinemagraph\/fc963q5tzkysfu759738?hd=false\" frameborder=\"0\" allowfullscreen><\/iframe><\/div><\/div><\/p>\n<\/div><span class=\"clear\" style=\"height:15px;display:block;\"><\/span><\/div><\/div><\/div>\n\t\t\n\t\t\n\t<\/section><section class=\"tcvpb_section_tc\">\n\t\t\n\t\t<div class=\"tcvpb_section_content\"><div class=\"tcvpb_container\"><div class=\"tcvpb_column_tc_span12\"><h1  ><span>HELPING YOU DRILL BETTER<\/span><\/h1><\/div><\/div><\/div>\n\t\t\n\t\t\n\t<\/section><section class=\"tcvpb_section_tc\">\n\t\t\n\t\t<div class=\"tcvpb_section_content\"><div class=\"tcvpb_container\"><div class=\"tcvpb_column_tc_span7\"><div  class=\"\" >\n<p class=\"p_tc\">For holes from 15 cm to 152 cm (6 to 60 in) for dewatering, freeze holes, paste holes, mineral exploration, geothermal, oil and gas pre-collars, cavern wells, injection\/extraction holes, water test holes, or monitor wells, you need safe, straight, hassle-free meters from a drilling contractor with the right technical expertise and compliant and reliable rigs and equipment.<\/p>\n<p class=\"p_tc\">To successfully accomplish your next small or large rotary drilling project, hire Boart Longyear for our technical expertise, experience, global service and supply facilities and measurable performance data. We deliver solutions, integrity, and results through our consistent and reliable service.<\/p>\n<\/div><\/div><div class=\"tcvpb_column_tc_span5\"><div  class=\"\" >\n<p class=\"p_tc\">Rotary drilling methods and capabilities:<\/p>\n<ul>\n<li>Directional drilling<\/li>\n<li>Self-contained drilling fluids<\/li>\n<li>Air hammer drilling<\/li>\n<li>Dual rotary<\/li>\n<li>Dual tube flooded reverse<\/li>\n<li>Reverse circulation<\/li>\n<\/ul>\n<\/div>\n<div align=\"center\"><a  href=\"https:\/\/www.boartlongyear.com\/drillingservice\/rotary-drilling\/\" target=\"_self\" class=\"tcvpb-button tcvpb-button_normal tcvpb-button_medium  \" style=\"color: #ffffff;background:rgb(227, 114, 34);\">LEARN MORE<\/a><\/div>\n<\/div><\/div><\/div>\n\t\t\n\t\t\n\t<\/section><section class=\"tcvpb_section_tc\" style=\"background-color:rgb(239, 239, 239);\">\n\t\t\n\t\t<div class=\"tcvpb_section_content\"><div class=\"tcvpb_container\"><div class=\"tcvpb_column_tc_span12\"><h1  ><span><\/p>\n<div style=\"text-align: center;\"><span style=\"color: #333333;\">Contact our experts today<\/span><\/div>\n<p><\/span><\/h1><div  class=\"\" >\n<p class=\"p_tc\">[pardot-form height=\"690\" id=\"3000\" title=\"Contact an Expert Landing Pages\"]<\/p>\n<\/div><\/div><\/div><\/div>\n\t\t\n\t\t\n\t<\/section><section class=\"tcvpb_section_tc mobile-switch addpad graybuttons tcvpb-inversed_text\" style=\"background-color:rgb(82, 88, 97);\">\n\t\t\n\t\t<div class=\"tcvpb_section_content\"><div class=\"tcvpb_container\"><div class=\"tcvpb_column_tc_span12\"><h1  ><span>Global Drilling Services Expert Locations<\/span><\/h1><div  class=\"\" >\n<p class=\"p_tc\">\t\t<div id=\"maps-marker-pro-a1dd0e0d\" class=\"maps-marker-pro\" style=\"width: 100%;\">\n\t\t\t<div id=\"mmp-map-wrap-a1dd0e0d\" class=\"mmp-map-wrap\">\n\t\t\t\t\t\t\t\t<div id=\"mmp-map-a1dd0e0d\" class=\"mmp-map\" style=\"height: 380px;\"><\/div>\n\t\t\t\t\t\t\t<\/div>\n\t\t\t\t\t<\/div>\n\t\t<\/p>\n<\/div><\/div><\/div><\/div>\n\t\t\n\t\t\n\t<\/section>\n","protected":false},"excerpt":{"rendered":"","protected":false},"author":66,"featured_media":0,"parent":0,"menu_order":0,"comment_status":"closed","ping_status":"closed","template":"landing-page.php","meta":{"_uag_custom_page_level_css":"","_monsterinsights_skip_tracking":false,"_monsterinsights_sitenote_active":false,"_monsterinsights_sitenote_note":"","_monsterinsights_sitenote_category":0,"footnotes":""},"class_list":["post-23758","page","type-page","status-publish","hentry"],"acf":[],"yoast_head":"<!-- This site is optimized with the Yoast SEO plugin v27.5 - https:\/\/yoast.com\/product\/yoast-seo-wordpress\/ -->\n<title>Rotary Drilling Services by Boart Longyear - Helping you drill better<\/title>\n<meta name=\"description\" content=\"To successfully accomplish your next small or large rotary drilling project, hire Boart Longyear for our technical expertise, experience, global service and supply facilities and measurable performance data. We deliver solutions, integrity, and results through our consistent and reliable service.\" \/>\n<meta name=\"robots\" content=\"index, follow, max-snippet:-1, max-image-preview:large, max-video-preview:-1\" \/>\n<link rel=\"canonical\" href=\"https:\/\/www.boartlongyear.com\/es\/rotary-drilling-services\/\" \/>\n<meta property=\"og:locale\" content=\"es_ES\" \/>\n<meta property=\"og:type\" content=\"article\" \/>\n<meta property=\"og:title\" content=\"Rotary Drilling Services by Boart Longyear - Helping you drill better\" \/>\n<meta property=\"og:description\" content=\"To successfully accomplish your next small or large rotary drilling project, hire Boart Longyear for our technical expertise, experience, global service and supply facilities and measurable performance data. We deliver solutions, integrity, and results through our consistent and reliable service.\" \/>\n<meta property=\"og:url\" content=\"https:\/\/www.boartlongyear.com\/es\/rotary-drilling-services\/\" \/>\n<meta property=\"og:site_name\" content=\"Boart Longyear\" \/>\n<meta property=\"article:publisher\" content=\"https:\/\/www.facebook.com\/boartlongyearcareers\" \/>\n<meta property=\"article:modified_time\" content=\"2018-01-25T21:00:19+00:00\" \/>\n<meta name=\"twitter:label1\" content=\"Tiempo de lectura\" \/>\n\t<meta name=\"twitter:data1\" content=\"2 minutos\" \/>\n<script type=\"application\/ld+json\" class=\"yoast-schema-graph\">{\"@context\":\"https:\\\/\\\/schema.org\",\"@graph\":[{\"@type\":\"WebPage\",\"@id\":\"https:\\\/\\\/www.boartlongyear.com\\\/fr\\\/rotary-drilling-services\\\/\",\"url\":\"https:\\\/\\\/www.boartlongyear.com\\\/fr\\\/rotary-drilling-services\\\/\",\"name\":\"Rotary Drilling Services by Boart Longyear - Helping you drill better\",\"isPartOf\":{\"@id\":\"https:\\\/\\\/www.boartlongyear.com\\\/#website\"},\"datePublished\":\"2018-01-25T20:59:02+00:00\",\"dateModified\":\"2018-01-25T21:00:19+00:00\",\"description\":\"To successfully accomplish your next small or large rotary drilling project, hire Boart Longyear for our technical expertise, experience, global service and supply facilities and measurable performance data. We deliver solutions, integrity, and results through our consistent and reliable service.\",\"breadcrumb\":{\"@id\":\"https:\\\/\\\/www.boartlongyear.com\\\/fr\\\/rotary-drilling-services\\\/#breadcrumb\"},\"inLanguage\":\"es\",\"potentialAction\":[{\"@type\":\"ReadAction\",\"target\":[\"https:\\\/\\\/www.boartlongyear.com\\\/fr\\\/rotary-drilling-services\\\/\"]}]},{\"@type\":\"BreadcrumbList\",\"@id\":\"https:\\\/\\\/www.boartlongyear.com\\\/fr\\\/rotary-drilling-services\\\/#breadcrumb\",\"itemListElement\":[{\"@type\":\"ListItem\",\"position\":1,\"name\":\"Home\",\"item\":\"https:\\\/\\\/www.boartlongyear.com\\\/\"},{\"@type\":\"ListItem\",\"position\":2,\"name\":\"Rotary Drilling Services - Helping you drill better\"}]},{\"@type\":\"WebSite\",\"@id\":\"https:\\\/\\\/www.boartlongyear.com\\\/#website\",\"url\":\"https:\\\/\\\/www.boartlongyear.com\\\/\",\"name\":\"Boart Longyear\",\"description\":\"\",\"publisher\":{\"@id\":\"https:\\\/\\\/www.boartlongyear.com\\\/#organization\"},\"potentialAction\":[{\"@type\":\"SearchAction\",\"target\":{\"@type\":\"EntryPoint\",\"urlTemplate\":\"https:\\\/\\\/www.boartlongyear.com\\\/?s={search_term_string}\"},\"query-input\":{\"@type\":\"PropertyValueSpecification\",\"valueRequired\":true,\"valueName\":\"search_term_string\"}}],\"inLanguage\":\"es\"},{\"@type\":\"Organization\",\"@id\":\"https:\\\/\\\/www.boartlongyear.com\\\/#organization\",\"name\":\"Boart Longyear\",\"url\":\"https:\\\/\\\/www.boartlongyear.com\\\/\",\"logo\":{\"@type\":\"ImageObject\",\"inLanguage\":\"es\",\"@id\":\"https:\\\/\\\/www.boartlongyear.com\\\/#\\\/schema\\\/logo\\\/image\\\/\",\"url\":\"https:\\\/\\\/www.boartlongyear.com\\\/wp-content\\\/uploads\\\/BLY-Double-Stack.png\",\"contentUrl\":\"https:\\\/\\\/www.boartlongyear.com\\\/wp-content\\\/uploads\\\/BLY-Double-Stack.png\",\"width\":400,\"height\":100,\"caption\":\"Boart Longyear\"},\"image\":{\"@id\":\"https:\\\/\\\/www.boartlongyear.com\\\/#\\\/schema\\\/logo\\\/image\\\/\"},\"sameAs\":[\"https:\\\/\\\/www.facebook.com\\\/boartlongyearcareers\",\"https:\\\/\\\/x.com\\\/boartlongyear\",\"https:\\\/\\\/www.instagram.com\\\/boartlongyear\",\"https:\\\/\\\/www.linkedin.com\\\/company\\\/boart-longyear\",\"https:\\\/\\\/www.youtube.com\\\/user\\\/BoartLongyear1\"]}]}<\/script>\n<!-- \/ Yoast SEO plugin. -->","yoast_head_json":{"title":"Servicios de perforaci\u00f3n rotativa de Boart Longyear: lo ayuda a perforar mejor","description":"Para lograr con \u00e9xito su pr\u00f3ximo proyecto de perforaci\u00f3n rotatoria peque\u00f1o o grande, contrate a Boart Longyear por nuestra experiencia t\u00e9cnica, experiencia, servicio global, instalaciones de suministro y datos de rendimiento mensurables. Entregamos soluciones, integridad y resultados a trav\u00e9s de nuestro servicio consistente y confiable.","robots":{"index":"index","follow":"follow","max-snippet":"max-snippet:-1","max-image-preview":"max-image-preview:large","max-video-preview":"max-video-preview:-1"},"canonical":"https:\/\/www.boartlongyear.com\/es\/rotary-drilling-services\/","og_locale":"es_ES","og_type":"article","og_title":"Rotary Drilling Services by Boart Longyear - Helping you drill better","og_description":"To successfully accomplish your next small or large rotary drilling project, hire Boart Longyear for our technical expertise, experience, global service and supply facilities and measurable performance data. We deliver solutions, integrity, and results through our consistent and reliable service.","og_url":"https:\/\/www.boartlongyear.com\/es\/rotary-drilling-services\/","og_site_name":"Boart Longyear","article_publisher":"https:\/\/www.facebook.com\/boartlongyearcareers","article_modified_time":"2018-01-25T21:00:19+00:00","twitter_misc":{"Tiempo de lectura":"2 minutos"},"schema":{"@context":"https:\/\/schema.org","@graph":[{"@type":"WebPage","@id":"https:\/\/www.boartlongyear.com\/fr\/rotary-drilling-services\/","url":"https:\/\/www.boartlongyear.com\/fr\/rotary-drilling-services\/","name":"Servicios de perforaci\u00f3n rotativa de Boart Longyear: lo ayuda a perforar mejor","isPartOf":{"@id":"https:\/\/www.boartlongyear.com\/#website"},"datePublished":"2018-01-25T20:59:02+00:00","dateModified":"2018-01-25T21:00:19+00:00","description":"Para lograr con \u00e9xito su pr\u00f3ximo proyecto de perforaci\u00f3n rotatoria peque\u00f1o o grande, contrate a Boart Longyear por nuestra experiencia t\u00e9cnica, experiencia, servicio global, instalaciones de suministro y datos de rendimiento mensurables. Entregamos soluciones, integridad y resultados a trav\u00e9s de nuestro servicio consistente y confiable.","breadcrumb":{"@id":"https:\/\/www.boartlongyear.com\/fr\/rotary-drilling-services\/#breadcrumb"},"inLanguage":"es","potentialAction":[{"@type":"ReadAction","target":["https:\/\/www.boartlongyear.com\/fr\/rotary-drilling-services\/"]}]},{"@type":"BreadcrumbList","@id":"https:\/\/www.boartlongyear.com\/fr\/rotary-drilling-services\/#breadcrumb","itemListElement":[{"@type":"ListItem","position":1,"name":"Home","item":"https:\/\/www.boartlongyear.com\/"},{"@type":"ListItem","position":2,"name":"Rotary Drilling Services - Helping you drill better"}]},{"@type":"WebSite","@id":"https:\/\/www.boartlongyear.com\/#website","url":"https:\/\/www.boartlongyear.com\/","name":"Boart Longyear","description":"","publisher":{"@id":"https:\/\/www.boartlongyear.com\/#organization"},"potentialAction":[{"@type":"SearchAction","target":{"@type":"EntryPoint","urlTemplate":"https:\/\/www.boartlongyear.com\/?s={search_term_string}"},"query-input":{"@type":"PropertyValueSpecification","valueRequired":true,"valueName":"search_term_string"}}],"inLanguage":"es"},{"@type":"Organization","@id":"https:\/\/www.boartlongyear.com\/#organization","name":"Boart Longyear","url":"https:\/\/www.boartlongyear.com\/","logo":{"@type":"ImageObject","inLanguage":"es","@id":"https:\/\/www.boartlongyear.com\/#\/schema\/logo\/image\/","url":"https:\/\/www.boartlongyear.com\/wp-content\/uploads\/BLY-Double-Stack.png","contentUrl":"https:\/\/www.boartlongyear.com\/wp-content\/uploads\/BLY-Double-Stack.png","width":400,"height":100,"caption":"Boart Longyear"},"image":{"@id":"https:\/\/www.boartlongyear.com\/#\/schema\/logo\/image\/"},"sameAs":["https:\/\/www.facebook.com\/boartlongyearcareers","https:\/\/x.com\/boartlongyear","https:\/\/www.instagram.com\/boartlongyear","https:\/\/www.linkedin.com\/company\/boart-longyear","https:\/\/www.youtube.com\/user\/BoartLongyear1"]}]}},"uagb_featured_image_src":{"full":false,"thumbnail":false,"medium":false,"medium_large":false,"large":false,"RoboGalleryMansoryImagesCenter":false,"RoboGalleryPreload":false,"1536x1536":false,"2048x2048":false,"trp-custom-language-flag":false,"alm-thumbnail":false,"tptn_thumbnail":false},"uagb_author_info":{"display_name":"Marketing","author_link":"https:\/\/www.boartlongyear.com\/es\/insite\/author\/jamesburris\/"},"uagb_comment_info":0,"uagb_excerpt":null,"_links":{"self":[{"href":"https:\/\/www.boartlongyear.com\/es\/wp-json\/wp\/v2\/pages\/23758","targetHints":{"allow":["GET"]}}],"collection":[{"href":"https:\/\/www.boartlongyear.com\/es\/wp-json\/wp\/v2\/pages"}],"about":[{"href":"https:\/\/www.boartlongyear.com\/es\/wp-json\/wp\/v2\/types\/page"}],"author":[{"embeddable":true,"href":"https:\/\/www.boartlongyear.com\/es\/wp-json\/wp\/v2\/users\/66"}],"replies":[{"embeddable":true,"href":"https:\/\/www.boartlongyear.com\/es\/wp-json\/wp\/v2\/comments?post=23758"}],"version-history":[{"count":0,"href":"https:\/\/www.boartlongyear.com\/es\/wp-json\/wp\/v2\/pages\/23758\/revisions"}],"wp:attachment":[{"href":"https:\/\/www.boartlongyear.com\/es\/wp-json\/wp\/v2\/media?parent=23758"}],"curies":[{"name":"wp","href":"https:\/\/api.w.org\/{rel}","templated":true}]}}