{"id":25081,"date":"2018-10-01T11:36:34","date_gmt":"2018-10-01T17:36:34","guid":{"rendered":"https:\/\/www.boartlongyear.com\/?page_id=25081"},"modified":"2018-10-01T11:36:34","modified_gmt":"2018-10-01T17:36:34","slug":"fraudulent-recruitment-scams","status":"publish","type":"page","link":"https:\/\/www.boartlongyear.com\/es\/fraudulent-recruitment-scams\/","title":{"rendered":"Estafas en Procesos de Reclutamiento"},"content":{"rendered":"<section class=\"tcvpb_section_tc\">\n\t\t\n\t\t<div class=\"tcvpb_section_content\"><div class=\"tcvpb_container\"><div class=\"tcvpb_column_tc_span12\"><h1  ><span>Estafas en Procesos de Reclutamiento<\/span><\/h1><div  class=\"\" >\n<p class=\"p_tc translation-block\">Boart Longyear ha tomado conocimiento de estafas realizadas por personas que dicen ser empleadas de Boart Longyear publican supuestas vacantes de puestos de trabajo en Boart Longyear, brindan falsa informaci\u00f3n acerca de ofertas de trabajos en nuestra empresa y solicitan dinero para llevar a cabo tr\u00e1mites supuestamente necesarios para la postulaci\u00f3n como son la verificaci\u00f3n de antecedentes, solicitud de permisos u otros similares. Normalmente se publican a trav\u00e9s de Facebook, WhatsApp, tableros de trabajo en l\u00ednea, comunidades locales en l\u00ednea. Por favor <b>NO<\/b> responda a estas publicaciones o a cualquier solicitud de dinero en relaci\u00f3n con estos supuestos puestos de trabajo en Boart Longyear.<\/p>\n<p class=\"p_tc\"><strong>Tenga en cuenta lo siguiente:<\/strong><\/p>\n<p class=\"p_tc translation-block\"><b>TODAS<\/b> las oportunidades laborales leg\u00edtimas en Boart Longyear est\u00e1n <b>SOLAMENTE<\/b> disponibles en el sitio web oficial de Boart Longyear: <a href=\"https:\/\/careers.boartlongyear.com\/\">https:\/\/careers.boartlongyear.com<\/a> y Boart Longyear <b>NO<\/b> utiliza Facebook o WhatsApp como herramientas de contrataci\u00f3n autorizadas.<\/p>\n<p class=\"p_tc translation-block\">Las postulaciones a oportunidades laborales en Boart Longyear <b>NUNCA<\/b> requerir\u00e1n dinero o compensaci\u00f3n alguna.<\/p>\n<p class=\"p_tc\">Si la oferta de trabajo parece poco profesional por ejemplo, es realizada a trav\u00e9s de un sitio web no oficial, o utiliza un logotipo o fotos de baja resoluci\u00f3n, o utiliza una gram\u00e1tica deficiente o no es comunicada a trav\u00e9s de las direcciones de correo electr\u00f3nico o n\u00fameros de tel\u00e9fono oficiales de Boart Longyear, es probable que se trate de una estafa.<\/p>\n<p class=\"p_tc\">Si ha sido v\u00edctima de este tipo de estafa o ha estado en contacto con personas que le han ofrecido falsas ofertas de trabajo en Boart Longyear o solicitado dinero para llevar a cabo tr\u00e1mites supuestamente necesarios para lograr la postulaci\u00f3n a puestos de trabajo aparentemente ofrecidos por Boart Longyear, le solicitamos que env\u00ede un correo electr\u00f3nico a <a href=\"mailto:info@boartlongyear.com\">info@boartlongyear.com<\/a>, incluyendo la mayor cantidad de informaci\u00f3n posible  (lugar donde se encontraron, fechas de las conversaciones o reuniones, qu\u00e9 le fue comunicado u ofrecido, etc.) Boart Longyear tratar\u00e1 las denuncias seriamente y tomar\u00e1 las medidas necesarias para luchar contra este tipo de enga\u00f1o. Boart Longyear no es responsable por las acciones de estos individuos ni puede compensar alguna p\u00e9rdida potencial o real como resultado de estas estafas. Si usted ha pagado cualquier suma de dinero a estas personas, le recomendamos encarecidamente que informe a las autoridades policiales locales, ya que podr\u00eda tratarse de un delito.<\/p>\n<p class=\"p_tc\">Si desea verificar si una oferta de trabajo es leg\u00edtima, env\u00ede su consulta a <a href=\"mailto:info@boartlongyear.com\">info@boartlongyear.com<\/a>. Si est\u00e1 interesado en una carrera con Boart Longyear, su solicitud debe enviarse a trav\u00e9s de <a href=\"https:\/\/careers.boartlongyear.com\/\" target=\"_blank\" rel=\"noopener\">https:\/\/careers.boartlongyear.com\/<\/a>. Este sitio le permitir\u00e1 buscar posiciones abiertas, cargar su Curriculum Vitae y postular a las posiciones que le interesen.<\/p>\n<\/div><\/div><\/div><\/div>\n\t\t\n\t\t\n\t<\/section>","protected":false},"excerpt":{"rendered":"","protected":false},"author":66,"featured_media":0,"parent":0,"menu_order":0,"comment_status":"closed","ping_status":"closed","template":"","meta":{"_uag_custom_page_level_css":"","_monsterinsights_skip_tracking":false,"_monsterinsights_sitenote_active":false,"_monsterinsights_sitenote_note":"","_monsterinsights_sitenote_category":0,"footnotes":""},"class_list":["post-25081","page","type-page","status-publish","hentry"],"acf":[],"yoast_head":"<!-- This site is optimized with the Yoast SEO plugin v27.4 - https:\/\/yoast.com\/product\/yoast-seo-wordpress\/ -->\n<title>Fraudulent Recruitment Scams - Boart Longyear<\/title>\n<meta name=\"robots\" content=\"index, follow, max-snippet:-1, max-image-preview:large, max-video-preview:-1\" \/>\n<link rel=\"canonical\" href=\"https:\/\/www.boartlongyear.com\/es\/fraudulent-recruitment-scams\/\" \/>\n<meta property=\"og:locale\" content=\"es_ES\" \/>\n<meta property=\"og:type\" content=\"article\" \/>\n<meta property=\"og:title\" content=\"Fraudulent Recruitment Scams - Boart Longyear\" \/>\n<meta property=\"og:url\" content=\"https:\/\/www.boartlongyear.com\/es\/fraudulent-recruitment-scams\/\" \/>\n<meta property=\"og:site_name\" content=\"Boart Longyear\" \/>\n<meta property=\"article:publisher\" content=\"https:\/\/www.facebook.com\/boartlongyearcareers\" \/>\n<meta name=\"twitter:label1\" content=\"Tiempo de lectura\" \/>\n\t<meta name=\"twitter:data1\" content=\"2 minutos\" \/>\n<script type=\"application\/ld+json\" class=\"yoast-schema-graph\">{\"@context\":\"https:\\\/\\\/schema.org\",\"@graph\":[{\"@type\":\"WebPage\",\"@id\":\"https:\\\/\\\/www.boartlongyear.com\\\/es\\\/fraudulent-recruitment-scams\\\/\",\"url\":\"https:\\\/\\\/www.boartlongyear.com\\\/es\\\/fraudulent-recruitment-scams\\\/\",\"name\":\"Fraudulent Recruitment Scams - Boart Longyear\",\"isPartOf\":{\"@id\":\"https:\\\/\\\/www.boartlongyear.com\\\/#website\"},\"datePublished\":\"2018-10-01T17:36:34+00:00\",\"breadcrumb\":{\"@id\":\"https:\\\/\\\/www.boartlongyear.com\\\/es\\\/fraudulent-recruitment-scams\\\/#breadcrumb\"},\"inLanguage\":\"es\",\"potentialAction\":[{\"@type\":\"ReadAction\",\"target\":[\"https:\\\/\\\/www.boartlongyear.com\\\/es\\\/fraudulent-recruitment-scams\\\/\"]}]},{\"@type\":\"BreadcrumbList\",\"@id\":\"https:\\\/\\\/www.boartlongyear.com\\\/es\\\/fraudulent-recruitment-scams\\\/#breadcrumb\",\"itemListElement\":[{\"@type\":\"ListItem\",\"position\":1,\"name\":\"Home\",\"item\":\"https:\\\/\\\/www.boartlongyear.com\\\/\"},{\"@type\":\"ListItem\",\"position\":2,\"name\":\"Fraudulent Recruitment Scams\"}]},{\"@type\":\"WebSite\",\"@id\":\"https:\\\/\\\/www.boartlongyear.com\\\/#website\",\"url\":\"https:\\\/\\\/www.boartlongyear.com\\\/\",\"name\":\"Boart Longyear\",\"description\":\"\",\"publisher\":{\"@id\":\"https:\\\/\\\/www.boartlongyear.com\\\/#organization\"},\"potentialAction\":[{\"@type\":\"SearchAction\",\"target\":{\"@type\":\"EntryPoint\",\"urlTemplate\":\"https:\\\/\\\/www.boartlongyear.com\\\/?s={search_term_string}\"},\"query-input\":{\"@type\":\"PropertyValueSpecification\",\"valueRequired\":true,\"valueName\":\"search_term_string\"}}],\"inLanguage\":\"es\"},{\"@type\":\"Organization\",\"@id\":\"https:\\\/\\\/www.boartlongyear.com\\\/#organization\",\"name\":\"Boart Longyear\",\"url\":\"https:\\\/\\\/www.boartlongyear.com\\\/\",\"logo\":{\"@type\":\"ImageObject\",\"inLanguage\":\"es\",\"@id\":\"https:\\\/\\\/www.boartlongyear.com\\\/#\\\/schema\\\/logo\\\/image\\\/\",\"url\":\"https:\\\/\\\/www.boartlongyear.com\\\/wp-content\\\/uploads\\\/BLY-Double-Stack.png\",\"contentUrl\":\"https:\\\/\\\/www.boartlongyear.com\\\/wp-content\\\/uploads\\\/BLY-Double-Stack.png\",\"width\":400,\"height\":100,\"caption\":\"Boart Longyear\"},\"image\":{\"@id\":\"https:\\\/\\\/www.boartlongyear.com\\\/#\\\/schema\\\/logo\\\/image\\\/\"},\"sameAs\":[\"https:\\\/\\\/www.facebook.com\\\/boartlongyearcareers\",\"https:\\\/\\\/x.com\\\/boartlongyear\",\"https:\\\/\\\/www.instagram.com\\\/boartlongyear\",\"https:\\\/\\\/www.linkedin.com\\\/company\\\/boart-longyear\",\"https:\\\/\\\/www.youtube.com\\\/user\\\/BoartLongyear1\"]}]}<\/script>\n<!-- \/ Yoast SEO plugin. -->","yoast_head_json":{"title":"Estafas Fraudulentas de Reclutamiento - Boart Longyear","robots":{"index":"index","follow":"follow","max-snippet":"max-snippet:-1","max-image-preview":"max-image-preview:large","max-video-preview":"max-video-preview:-1"},"canonical":"https:\/\/www.boartlongyear.com\/es\/fraudulent-recruitment-scams\/","og_locale":"es_ES","og_type":"article","og_title":"Fraudulent Recruitment Scams - Boart Longyear","og_url":"https:\/\/www.boartlongyear.com\/es\/fraudulent-recruitment-scams\/","og_site_name":"Boart Longyear","article_publisher":"https:\/\/www.facebook.com\/boartlongyearcareers","twitter_misc":{"Tiempo de lectura":"2 minutos"},"schema":{"@context":"https:\/\/schema.org","@graph":[{"@type":"WebPage","@id":"https:\/\/www.boartlongyear.com\/es\/fraudulent-recruitment-scams\/","url":"https:\/\/www.boartlongyear.com\/es\/fraudulent-recruitment-scams\/","name":"Estafas Fraudulentas de Reclutamiento - Boart Longyear","isPartOf":{"@id":"https:\/\/www.boartlongyear.com\/#website"},"datePublished":"2018-10-01T17:36:34+00:00","breadcrumb":{"@id":"https:\/\/www.boartlongyear.com\/es\/fraudulent-recruitment-scams\/#breadcrumb"},"inLanguage":"es","potentialAction":[{"@type":"ReadAction","target":["https:\/\/www.boartlongyear.com\/es\/fraudulent-recruitment-scams\/"]}]},{"@type":"BreadcrumbList","@id":"https:\/\/www.boartlongyear.com\/es\/fraudulent-recruitment-scams\/#breadcrumb","itemListElement":[{"@type":"ListItem","position":1,"name":"Home","item":"https:\/\/www.boartlongyear.com\/"},{"@type":"ListItem","position":2,"name":"Fraudulent Recruitment Scams"}]},{"@type":"WebSite","@id":"https:\/\/www.boartlongyear.com\/#website","url":"https:\/\/www.boartlongyear.com\/","name":"Boart Longyear","description":"","publisher":{"@id":"https:\/\/www.boartlongyear.com\/#organization"},"potentialAction":[{"@type":"SearchAction","target":{"@type":"EntryPoint","urlTemplate":"https:\/\/www.boartlongyear.com\/?s={search_term_string}"},"query-input":{"@type":"PropertyValueSpecification","valueRequired":true,"valueName":"search_term_string"}}],"inLanguage":"es"},{"@type":"Organization","@id":"https:\/\/www.boartlongyear.com\/#organization","name":"Boart Longyear","url":"https:\/\/www.boartlongyear.com\/","logo":{"@type":"ImageObject","inLanguage":"es","@id":"https:\/\/www.boartlongyear.com\/#\/schema\/logo\/image\/","url":"https:\/\/www.boartlongyear.com\/wp-content\/uploads\/BLY-Double-Stack.png","contentUrl":"https:\/\/www.boartlongyear.com\/wp-content\/uploads\/BLY-Double-Stack.png","width":400,"height":100,"caption":"Boart Longyear"},"image":{"@id":"https:\/\/www.boartlongyear.com\/#\/schema\/logo\/image\/"},"sameAs":["https:\/\/www.facebook.com\/boartlongyearcareers","https:\/\/x.com\/boartlongyear","https:\/\/www.instagram.com\/boartlongyear","https:\/\/www.linkedin.com\/company\/boart-longyear","https:\/\/www.youtube.com\/user\/BoartLongyear1"]}]}},"uagb_featured_image_src":{"full":false,"thumbnail":false,"medium":false,"medium_large":false,"large":false,"RoboGalleryMansoryImagesCenter":false,"RoboGalleryPreload":false,"1536x1536":false,"2048x2048":false,"trp-custom-language-flag":false,"alm-thumbnail":false,"tptn_thumbnail":false},"uagb_author_info":{"display_name":"Marketing","author_link":"https:\/\/www.boartlongyear.com\/es\/insite\/author\/jamesburris\/"},"uagb_comment_info":0,"uagb_excerpt":null,"_links":{"self":[{"href":"https:\/\/www.boartlongyear.com\/es\/wp-json\/wp\/v2\/pages\/25081","targetHints":{"allow":["GET"]}}],"collection":[{"href":"https:\/\/www.boartlongyear.com\/es\/wp-json\/wp\/v2\/pages"}],"about":[{"href":"https:\/\/www.boartlongyear.com\/es\/wp-json\/wp\/v2\/types\/page"}],"author":[{"embeddable":true,"href":"https:\/\/www.boartlongyear.com\/es\/wp-json\/wp\/v2\/users\/66"}],"replies":[{"embeddable":true,"href":"https:\/\/www.boartlongyear.com\/es\/wp-json\/wp\/v2\/comments?post=25081"}],"version-history":[{"count":0,"href":"https:\/\/www.boartlongyear.com\/es\/wp-json\/wp\/v2\/pages\/25081\/revisions"}],"wp:attachment":[{"href":"https:\/\/www.boartlongyear.com\/es\/wp-json\/wp\/v2\/media?parent=25081"}],"curies":[{"name":"wp","href":"https:\/\/api.w.org\/{rel}","templated":true}]}}