{"id":25784,"date":"2019-04-15T15:58:45","date_gmt":"2019-04-15T21:58:45","guid":{"rendered":"https:\/\/www.boartlongyear.com\/?page_id=25784"},"modified":"2019-04-17T16:07:21","modified_gmt":"2019-04-17T22:07:21","slug":"surfacecoring","status":"publish","type":"page","link":"https:\/\/www.boartlongyear.com\/es\/surfacecoring\/","title":{"rendered":"Extracci\u00f3n de testigos de superficie"},"content":{"rendered":"<section class=\"tcvpb_section_tc\">\n\t\t\n\t\t<div class=\"tcvpb_section_content\"><div class=\"tcvpb_container\"><div class=\"tcvpb_column_tc_span12\"><span class=\"clear\" style=\"height:35px;display:block;\"><\/span><\/div><\/div><\/div>\n\t\t\n\t\t\n\t<\/section><section class=\"tcvpb_section_tc nobottompad arialoverride tcvpb-centered tcvpb-inversed_text\" style=\"background-color:rgb(82, 88, 97);\">\n\t\t\n\t\t<div class=\"tcvpb_section_content\"><div class=\"tcvpb_container\"><div class=\"tcvpb_column_tc_span12\"><h3  ><span>La perforaci\u00f3n de n\u00facleos de superficie es un campo especializado que requiere equipos y herramientas de primera l\u00ednea y servicios de contratistas expertos para realizar el trabajo a tiempo y dentro del presupuesto.<\/span><\/h3><\/div><\/div><\/div>\n\t\t\n\t\t\n\t<\/section><section class=\"tcvpb_section_tc nobottompad arialoverride tcvpb-centered tcvpb-inversed_text\" style=\"background-color:rgb(82, 88, 97);\">\n\t\t\n\t\t<div class=\"tcvpb_section_content\"><div class=\"tcvpb_container\"><div class=\"tcvpb_column_tc_span6\"><div  class=\"\" >\n<p class=\"p_tc\"><div class=\"flx-embed\"><div style=\"position:relative; height:0; padding-bottom:56.25%; width:100%\"><iframe style=\"position:absolute; top:0; left:0; width:100%; height:100%;\" src=\"https:\/\/media.flixel.com\/cinemagraph\/9sjylkrviky1vhf1rrpi?hd=false\" frameborder=\"0\" allowfullscreen><\/iframe><\/div><\/div><\/p>\n<\/div><span class=\"clear\" style=\"height:15px;display:block;\"><\/span><h2  ><span><span style=\"color: #ffffff;\"><a style=\"color: #ffffff;\" href=\"\/es\/drillingservice\/surface-coring\/\">Servicios de perforaci\u00f3n de n\u00facleos superficiales<\/a><\/span><\/span><\/h2><a  href=\"\/es\/drillingservice\/surface-coring\/\" target=\"_blank\" class=\"tcvpb-button tcvpb-button_normal tcvpb-button_medium\" style=\"color: #ffffff;background:rgb(227, 114, 34);\">DETALLES DE SERVICIOS DE PERFORACION<\/a><span class=\"clear\" style=\"height:15px;display:block;\"><\/span><div  class=\"\" >\n<p class=\"p_tc\" style=\"text-align: left;\"><span style=\"color: #ffffff;\">Ud. necesita un testigo de calidad y con nuestro equipo global de expertos en extracci\u00f3n de testigos de superficie y una flota diversa de plataformas y equipos de extracci\u00f3n de testigos de superficie, cumplimos incluso los requisitos m\u00e1s exigentes. Con el fin de ofrecer la mejor soluci\u00f3n para el trabajo espec\u00edfico, nuestro equipo de profesionales trabaja incansablemente para comprender los objetivos de su proyecto y las condiciones del terreno y del sitio. Usamos esta informaci\u00f3n para recomendar la mejor soluci\u00f3n para el proyecto y lograr cumplir con los requerimientos y superar sus expectativas.<\/span><\/p>\n<\/div><\/div><div class=\"tcvpb_column_tc_span6\"><div  class=\"\" >\n<p class=\"p_tc\"><div class=\"flx-embed\"><div style=\"position:relative; height:0; padding-bottom:56.25%; width:100%\"><iframe style=\"position:absolute; top:0; left:0; width:100%; height:100%;\" src=\"https:\/\/media.flixel.com\/cinemagraph\/ghrs7tidzvhiyzt7hqo3?hd=false\" frameborder=\"0\" allowfullscreen><\/iframe><\/div><\/div><\/p>\n<\/div><span class=\"clear\" style=\"height:15px;display:block;\"><\/span><h2  ><span><span style=\"color: #ffffff;\"><a style=\"color: #ffffff;\" href=\"\/es\/products\/exploration-surface\/\">Productos de extracci\u00f3n de superficie<\/a><\/span><\/span><\/h2><a  href=\"\/es\/products\/exploration-surface\/\" target=\"_blank\" class=\"tcvpb-button tcvpb-button_normal tcvpb-button_medium\" style=\"color: #ffffff;background:rgb(227, 114, 34);\">EXPLORE LOS PRODUCTOS DE N\u00daCLEO DE SUPERFICIE<\/a><span class=\"clear\" style=\"height:15px;display:block;\"><\/span><div  class=\"\" >\n<p class=\"p_tc\" style=\"text-align: left;\"><span style=\"color: #ffffff;\">Necesita soluciones de perforaci\u00f3n con n\u00facleo de diamante para agujeros poco profundos y profundos, n\u00facleos de di\u00e1metro peque\u00f1o y grande, incluidos el cable y el convencional. Para su pr\u00f3ximo proyecto de perforaci\u00f3n de n\u00facleo de superficie, insista en los mejores equipos y herramientas para obtener los mejores resultados.<\/span><\/p>\n<p class=\"p_tc\" style=\"text-align: left;\"><span style=\"color: #ffffff;\">Los equipos de perforaci\u00f3n de superficie de Boart Longyear incluyen equipos de transmisi\u00f3n superior, mandriles y equipos multiprop\u00f3sito para adaptarse a su proyecto, as\u00ed como una gama completa de cables de alta calidad, herramientas de diamante, barras de perforaci\u00f3n y cajas.<\/span><\/p>\n<\/div><\/div><\/div><\/div>\n\t\t\n\t\t\n\t<\/section><section class=\"tcvpb_section_tc nobottompad arialoverride tcvpb-centered tcvpb-inversed_text\" style=\"background-color:rgb(82, 88, 97);\">\n\t\t\n\t\t<div class=\"tcvpb_section_content\"><div class=\"tcvpb_container\"><div class=\"tcvpb_column_tc_span6\"><\/div><div class=\"tcvpb_column_tc_span6\"><\/div><\/div><\/div>\n\t\t\n\t\t\n\t<\/section><section class=\"tcvpb_section_tc\">\n\t\t\n\t\t<div class=\"tcvpb_section_content\"><div class=\"tcvpb_container\"><div class=\"tcvpb_column_tc_span12\"><\/div><\/div><\/div>\n\t\t\n\t\t\n\t<\/section>","protected":false},"excerpt":{"rendered":"","protected":false},"author":66,"featured_media":0,"parent":0,"menu_order":0,"comment_status":"closed","ping_status":"closed","template":"front-page.php","meta":{"_uag_custom_page_level_css":"","_monsterinsights_skip_tracking":false,"_monsterinsights_sitenote_active":false,"_monsterinsights_sitenote_note":"","_monsterinsights_sitenote_category":0,"footnotes":""},"class_list":["post-25784","page","type-page","status-publish","hentry"],"acf":[],"yoast_head":"<!-- This site is optimized with the Yoast SEO plugin v27.4 - https:\/\/yoast.com\/product\/yoast-seo-wordpress\/ -->\n<title>Products and Drilling Services for Surface Coring Projects<\/title>\n<meta name=\"description\" content=\"Surface coring drilling requires top-of-the-line rigs and tooling and knowledgable contractor services to get the job done on time and on budget.\" \/>\n<meta name=\"robots\" content=\"index, follow, max-snippet:-1, max-image-preview:large, max-video-preview:-1\" \/>\n<link rel=\"canonical\" href=\"https:\/\/www.boartlongyear.com\/es\/company\/\" \/>\n<meta property=\"og:locale\" content=\"es_ES\" \/>\n<meta property=\"og:type\" content=\"article\" \/>\n<meta property=\"og:title\" content=\"Products and Drilling Services for Surface Coring Projects\" \/>\n<meta property=\"og:description\" content=\"Surface coring drilling requires top-of-the-line rigs and tooling and knowledgable contractor services to get the job done on time and on budget.\" \/>\n<meta property=\"og:url\" content=\"https:\/\/www.boartlongyear.com\/es\/company\/\" \/>\n<meta property=\"og:site_name\" content=\"Boart Longyear\" \/>\n<meta property=\"article:publisher\" content=\"https:\/\/www.facebook.com\/boartlongyearcareers\" \/>\n<meta property=\"article:modified_time\" content=\"2019-04-17T22:07:21+00:00\" \/>\n<meta name=\"twitter:label1\" content=\"Tiempo de lectura\" \/>\n\t<meta name=\"twitter:data1\" content=\"2 minutos\" \/>\n<script type=\"application\/ld+json\" class=\"yoast-schema-graph\">{\"@context\":\"https:\\\/\\\/schema.org\",\"@graph\":[{\"@type\":\"WebPage\",\"@id\":\"https:\\\/\\\/www.boartlongyear.com\\\/fr\\\/surfacecoring\\\/\",\"url\":\"https:\\\/\\\/www.boartlongyear.com\\\/company\\\/\",\"name\":\"Products and Drilling Services for Surface Coring Projects\",\"isPartOf\":{\"@id\":\"https:\\\/\\\/www.boartlongyear.com\\\/#website\"},\"datePublished\":\"2019-04-15T21:58:45+00:00\",\"dateModified\":\"2019-04-17T22:07:21+00:00\",\"description\":\"Surface coring drilling requires top-of-the-line rigs and tooling and knowledgable contractor services to get the job done on time and on budget.\",\"breadcrumb\":{\"@id\":\"https:\\\/\\\/www.boartlongyear.com\\\/company\\\/#breadcrumb\"},\"inLanguage\":\"es\",\"potentialAction\":[{\"@type\":\"ReadAction\",\"target\":[\"https:\\\/\\\/www.boartlongyear.com\\\/company\\\/\"]}]},{\"@type\":\"BreadcrumbList\",\"@id\":\"https:\\\/\\\/www.boartlongyear.com\\\/company\\\/#breadcrumb\",\"itemListElement\":[{\"@type\":\"ListItem\",\"position\":1,\"name\":\"Home\",\"item\":\"https:\\\/\\\/www.boartlongyear.com\\\/\"},{\"@type\":\"ListItem\",\"position\":2,\"name\":\"Surface Coring\"}]},{\"@type\":\"WebSite\",\"@id\":\"https:\\\/\\\/www.boartlongyear.com\\\/#website\",\"url\":\"https:\\\/\\\/www.boartlongyear.com\\\/\",\"name\":\"Boart Longyear\",\"description\":\"\",\"publisher\":{\"@id\":\"https:\\\/\\\/www.boartlongyear.com\\\/#organization\"},\"potentialAction\":[{\"@type\":\"SearchAction\",\"target\":{\"@type\":\"EntryPoint\",\"urlTemplate\":\"https:\\\/\\\/www.boartlongyear.com\\\/?s={search_term_string}\"},\"query-input\":{\"@type\":\"PropertyValueSpecification\",\"valueRequired\":true,\"valueName\":\"search_term_string\"}}],\"inLanguage\":\"es\"},{\"@type\":\"Organization\",\"@id\":\"https:\\\/\\\/www.boartlongyear.com\\\/#organization\",\"name\":\"Boart Longyear\",\"url\":\"https:\\\/\\\/www.boartlongyear.com\\\/\",\"logo\":{\"@type\":\"ImageObject\",\"inLanguage\":\"es\",\"@id\":\"https:\\\/\\\/www.boartlongyear.com\\\/#\\\/schema\\\/logo\\\/image\\\/\",\"url\":\"https:\\\/\\\/www.boartlongyear.com\\\/wp-content\\\/uploads\\\/BLY-Double-Stack.png\",\"contentUrl\":\"https:\\\/\\\/www.boartlongyear.com\\\/wp-content\\\/uploads\\\/BLY-Double-Stack.png\",\"width\":400,\"height\":100,\"caption\":\"Boart Longyear\"},\"image\":{\"@id\":\"https:\\\/\\\/www.boartlongyear.com\\\/#\\\/schema\\\/logo\\\/image\\\/\"},\"sameAs\":[\"https:\\\/\\\/www.facebook.com\\\/boartlongyearcareers\",\"https:\\\/\\\/x.com\\\/boartlongyear\",\"https:\\\/\\\/www.instagram.com\\\/boartlongyear\",\"https:\\\/\\\/www.linkedin.com\\\/company\\\/boart-longyear\",\"https:\\\/\\\/www.youtube.com\\\/user\\\/BoartLongyear1\"]}]}<\/script>\n<!-- \/ Yoast SEO plugin. -->","yoast_head_json":{"title":"Productos y servicios de perforaci\u00f3n para proyectos de perforaci\u00f3n de superficie","description":"La perforaci\u00f3n de n\u00facleos de superficie requiere equipos y herramientas de primera l\u00ednea y servicios de contratistas expertos para realizar el trabajo a tiempo y dentro del presupuesto.","robots":{"index":"index","follow":"follow","max-snippet":"max-snippet:-1","max-image-preview":"max-image-preview:large","max-video-preview":"max-video-preview:-1"},"canonical":"https:\/\/www.boartlongyear.com\/es\/company\/","og_locale":"es_ES","og_type":"article","og_title":"Products and Drilling Services for Surface Coring Projects","og_description":"Surface coring drilling requires top-of-the-line rigs and tooling and knowledgable contractor services to get the job done on time and on budget.","og_url":"https:\/\/www.boartlongyear.com\/es\/company\/","og_site_name":"Boart Longyear","article_publisher":"https:\/\/www.facebook.com\/boartlongyearcareers","article_modified_time":"2019-04-17T22:07:21+00:00","twitter_misc":{"Tiempo de lectura":"2 minutos"},"schema":{"@context":"https:\/\/schema.org","@graph":[{"@type":"WebPage","@id":"https:\/\/www.boartlongyear.com\/fr\/surfacecoring\/","url":"https:\/\/www.boartlongyear.com\/company\/","name":"Productos y servicios de perforaci\u00f3n para proyectos de perforaci\u00f3n de superficie","isPartOf":{"@id":"https:\/\/www.boartlongyear.com\/#website"},"datePublished":"2019-04-15T21:58:45+00:00","dateModified":"2019-04-17T22:07:21+00:00","description":"La perforaci\u00f3n de n\u00facleos de superficie requiere equipos y herramientas de primera l\u00ednea y servicios de contratistas expertos para realizar el trabajo a tiempo y dentro del presupuesto.","breadcrumb":{"@id":"https:\/\/www.boartlongyear.com\/company\/#breadcrumb"},"inLanguage":"es","potentialAction":[{"@type":"ReadAction","target":["https:\/\/www.boartlongyear.com\/company\/"]}]},{"@type":"BreadcrumbList","@id":"https:\/\/www.boartlongyear.com\/company\/#breadcrumb","itemListElement":[{"@type":"ListItem","position":1,"name":"Home","item":"https:\/\/www.boartlongyear.com\/"},{"@type":"ListItem","position":2,"name":"Surface Coring"}]},{"@type":"WebSite","@id":"https:\/\/www.boartlongyear.com\/#website","url":"https:\/\/www.boartlongyear.com\/","name":"Boart Longyear","description":"","publisher":{"@id":"https:\/\/www.boartlongyear.com\/#organization"},"potentialAction":[{"@type":"SearchAction","target":{"@type":"EntryPoint","urlTemplate":"https:\/\/www.boartlongyear.com\/?s={search_term_string}"},"query-input":{"@type":"PropertyValueSpecification","valueRequired":true,"valueName":"search_term_string"}}],"inLanguage":"es"},{"@type":"Organization","@id":"https:\/\/www.boartlongyear.com\/#organization","name":"Boart Longyear","url":"https:\/\/www.boartlongyear.com\/","logo":{"@type":"ImageObject","inLanguage":"es","@id":"https:\/\/www.boartlongyear.com\/#\/schema\/logo\/image\/","url":"https:\/\/www.boartlongyear.com\/wp-content\/uploads\/BLY-Double-Stack.png","contentUrl":"https:\/\/www.boartlongyear.com\/wp-content\/uploads\/BLY-Double-Stack.png","width":400,"height":100,"caption":"Boart Longyear"},"image":{"@id":"https:\/\/www.boartlongyear.com\/#\/schema\/logo\/image\/"},"sameAs":["https:\/\/www.facebook.com\/boartlongyearcareers","https:\/\/x.com\/boartlongyear","https:\/\/www.instagram.com\/boartlongyear","https:\/\/www.linkedin.com\/company\/boart-longyear","https:\/\/www.youtube.com\/user\/BoartLongyear1"]}]}},"uagb_featured_image_src":{"full":false,"thumbnail":false,"medium":false,"medium_large":false,"large":false,"RoboGalleryMansoryImagesCenter":false,"RoboGalleryPreload":false,"1536x1536":false,"2048x2048":false,"trp-custom-language-flag":false,"alm-thumbnail":false,"tptn_thumbnail":false},"uagb_author_info":{"display_name":"Marketing","author_link":"https:\/\/www.boartlongyear.com\/es\/insite\/author\/jamesburris\/"},"uagb_comment_info":0,"uagb_excerpt":null,"_links":{"self":[{"href":"https:\/\/www.boartlongyear.com\/es\/wp-json\/wp\/v2\/pages\/25784","targetHints":{"allow":["GET"]}}],"collection":[{"href":"https:\/\/www.boartlongyear.com\/es\/wp-json\/wp\/v2\/pages"}],"about":[{"href":"https:\/\/www.boartlongyear.com\/es\/wp-json\/wp\/v2\/types\/page"}],"author":[{"embeddable":true,"href":"https:\/\/www.boartlongyear.com\/es\/wp-json\/wp\/v2\/users\/66"}],"replies":[{"embeddable":true,"href":"https:\/\/www.boartlongyear.com\/es\/wp-json\/wp\/v2\/comments?post=25784"}],"version-history":[{"count":0,"href":"https:\/\/www.boartlongyear.com\/es\/wp-json\/wp\/v2\/pages\/25784\/revisions"}],"wp:attachment":[{"href":"https:\/\/www.boartlongyear.com\/es\/wp-json\/wp\/v2\/media?parent=25784"}],"curies":[{"name":"wp","href":"https:\/\/api.w.org\/{rel}","templated":true}]}}