{"id":26291,"date":"2019-04-17T09:38:32","date_gmt":"2019-04-17T15:38:32","guid":{"rendered":"https:\/\/www.boartlongyear.com\/?page_id=26291"},"modified":"2019-04-17T15:53:42","modified_gmt":"2019-04-17T21:53:42","slug":"sonicdrilling","status":"publish","type":"page","link":"https:\/\/www.boartlongyear.com\/es\/sonicdrilling\/","title":{"rendered":"Perforaci\u00f3n s\u00f3nica"},"content":{"rendered":"<section class=\"tcvpb_section_tc\">\n\t\t\n\t\t<div class=\"tcvpb_section_content\"><div class=\"tcvpb_container\"><div class=\"tcvpb_column_tc_span12\"><span class=\"clear\" style=\"height:35px;display:block;\"><\/span><\/div><\/div><\/div>\n\t\t\n\t\t\n\t<\/section><section class=\"tcvpb_section_tc nobottompad arialoverride tcvpb-centered tcvpb-inversed_text\" style=\"background-color:rgb(82, 88, 97);\">\n\t\t\n\t\t<div class=\"tcvpb_section_content\"><div class=\"tcvpb_container\"><div class=\"tcvpb_column_tc_span12\"><h3  ><span>La perforaci\u00f3n sonora es un campo especializado que requiere equipos y herramientas de primera l\u00ednea y servicios de contratistas expertos para hacer el trabajo a tiempo y dentro del presupuesto.<\/span><\/h3><\/div><\/div><\/div>\n\t\t\n\t\t\n\t<\/section><section class=\"tcvpb_section_tc nobottompad arialoverride tcvpb-centered tcvpb-inversed_text\" style=\"padding-right:5px;padding-left:5px;background-color:rgb(82, 88, 97);\">\n\t\t\n\t\t<div class=\"tcvpb_section_content\"><div class=\"tcvpb_container\"><div class=\"tcvpb_column_tc_span6\"><div  class=\"tcvpb-image\" ><a href=\"\/es\/drillingservice\/sonic-drilling\/\" target=\"_self\"><img decoding=\"async\" src=\"https:\/\/www.boartlongyear.com\/wp-content\/uploads\/sonic-sample-lpage.jpg\"><\/a><\/div><span class=\"clear\" style=\"height:15px;display:block;\"><\/span><h2  ><span><span style=\"color: #ffffff;\"><a style=\"color: #ffffff;\" href=\"\/es\/drillingservice\/sonic-drilling\/\">SERVICIOS DE PERFORACI\u00d3N DE SONIC<\/a><\/span><\/span><\/h2><a  href=\"\/es\/drillingservice\/sonic-drilling\/\" target=\"_self\" class=\"tcvpb-button tcvpb-button_normal tcvpb-button_medium\" style=\"color: #ffffff;background:rgb(227, 114, 34);\">DETALLES DE SERVICIOS DE PERFORACION<\/a><span class=\"clear\" style=\"height:15px;display:block;\"><\/span><div  class=\"\" >\n<p class=\"p_tc\" style=\"text-align: left;\"><span style=\"color: #ffffff;\">Para obtener datos geol\u00f3gicos detallados de muestras de n\u00facleos in situ, necesita medidores seguros y sin complicaciones de un contratista de perforaci\u00f3n s\u00f3nica con la experiencia t\u00e9cnica adecuada, experiencia en perforaci\u00f3n s\u00f3nica y plataformas s\u00f3nicas compatibles y confiables.<\/span><\/p>\n<p class=\"p_tc\" style=\"text-align: left;\"><span style=\"color: #ffffff;\">Cuando se necesita informaci\u00f3n superior, la perforaci\u00f3n s\u00f3nica proporciona una muestra de n\u00facleo in situ continua, relativamente inalterada, de una calidad y precisi\u00f3n sin igual. Durante el avance t\u00edpico del cilindro central, el cilindro del n\u00facleo avanza 3,05 m (10 pies) utilizando frecuencias s\u00f3nicas. Una vez que el barril del n\u00facleo est\u00e1 en su lugar, la cubierta se avanza s\u00f3nicamente sobre el barril del n\u00facleo. El barril de n\u00facleo se recupera, produciendo una muestra relativamente intacta.<\/span><\/p>\n<\/div><\/div><div class=\"tcvpb_column_tc_span6\"><div  class=\"tcvpb-image\" ><a href=\"\/es\/products\/nonmining-sonic\/\" target=\"_self\"><img decoding=\"async\" src=\"https:\/\/www.boartlongyear.com\/wp-content\/uploads\/sonic-bit-horizontal-2-1.jpg\"><\/a><\/div><span class=\"clear\" style=\"height:15px;display:block;\"><\/span><h2  ><span><span style=\"color: #ffffff;\"><a style=\"color: #ffffff;\" href=\"\/es\/products\/nonmining-sonic\/\">PRODUCTOS DE PERFORACI\u00d3N SONIC<\/a><\/span><\/span><\/h2><a  href=\"\/es\/products\/nonmining-sonic\/\" target=\"_self\" class=\"tcvpb-button tcvpb-button_normal tcvpb-button_medium\" style=\"color: #ffffff;background:rgb(227, 114, 34);\">EXPLORAR LOS PRODUCTOS DE PERFORACI\u00d3N SONIC<\/a><span class=\"clear\" style=\"height:15px;display:block;\"><\/span><div  class=\"\" >\n<p class=\"p_tc\" style=\"text-align: left;\"><span style=\"color: #ffffff;\">Cuando necesite el mejor y m\u00e1s eficiente herramental s\u00f3nico, no busque m\u00e1s que Boart Longyear \u2122. Los aceros de precisi\u00f3n de alta calidad y los procesos especiales de tratamiento t\u00e9rmico brindan una estabilidad, rectitud y durabilidad insuperables del conjunto de cuerdas de perforaci\u00f3n s\u00f3nica. Los estrictos est\u00e1ndares de fabricaci\u00f3n y la certificaci\u00f3n ISO hacen que las herramientas s\u00f3nicas de Boart Longyear sean la elecci\u00f3n correcta para cada proyecto de perforaci\u00f3n s\u00f3nica.<\/span><\/p>\n<\/div><\/div><\/div><\/div>\n\t\t\n\t\t\n\t<\/section><section class=\"tcvpb_section_tc nobottompad arialoverride tcvpb-centered tcvpb-inversed_text\" style=\"background-color:rgb(82, 88, 97);\">\n\t\t\n\t\t<div class=\"tcvpb_section_content\"><div class=\"tcvpb_container\"><div class=\"tcvpb_column_tc_span6\"><\/div><div class=\"tcvpb_column_tc_span6\"><\/div><\/div><\/div>\n\t\t\n\t\t\n\t<\/section><section class=\"tcvpb_section_tc\">\n\t\t\n\t\t<div class=\"tcvpb_section_content\"><div class=\"tcvpb_container\"><div class=\"tcvpb_column_tc_span12\"><\/div><\/div><\/div>\n\t\t\n\t\t\n\t<\/section>","protected":false},"excerpt":{"rendered":"","protected":false},"author":66,"featured_media":0,"parent":0,"menu_order":0,"comment_status":"closed","ping_status":"closed","template":"front-page.php","meta":{"_uag_custom_page_level_css":"","_monsterinsights_skip_tracking":false,"_monsterinsights_sitenote_active":false,"_monsterinsights_sitenote_note":"","_monsterinsights_sitenote_category":0,"footnotes":""},"class_list":["post-26291","page","type-page","status-publish","hentry"],"acf":[],"yoast_head":"<!-- This site is optimized with the Yoast SEO plugin v27.3 - https:\/\/yoast.com\/product\/yoast-seo-wordpress\/ -->\n<title>Products and Drilling Services for Sonic Drilling<\/title>\n<meta name=\"description\" content=\"Sonic drilling is a specialized field requiring top-of-the-line rigs and tooling and knowledgable contractor services to get the job done right.\" \/>\n<meta name=\"robots\" content=\"index, follow, max-snippet:-1, max-image-preview:large, max-video-preview:-1\" \/>\n<link rel=\"canonical\" href=\"https:\/\/www.boartlongyear.com\/es\/company\/\" \/>\n<meta property=\"og:locale\" content=\"es_ES\" \/>\n<meta property=\"og:type\" content=\"article\" \/>\n<meta property=\"og:title\" content=\"Products and Drilling Services for Sonic Drilling\" \/>\n<meta property=\"og:description\" content=\"Sonic drilling is a specialized field requiring top-of-the-line rigs and tooling and knowledgable contractor services to get the job done right.\" \/>\n<meta property=\"og:url\" content=\"https:\/\/www.boartlongyear.com\/es\/company\/\" \/>\n<meta property=\"og:site_name\" content=\"Boart Longyear\" \/>\n<meta property=\"article:publisher\" content=\"https:\/\/www.facebook.com\/boartlongyearcareers\" \/>\n<meta property=\"article:modified_time\" content=\"2019-04-17T21:53:42+00:00\" \/>\n<meta name=\"twitter:label1\" content=\"Tiempo de lectura\" \/>\n\t<meta name=\"twitter:data1\" content=\"3 minutos\" \/>\n<script type=\"application\/ld+json\" class=\"yoast-schema-graph\">{\"@context\":\"https:\\\/\\\/schema.org\",\"@graph\":[{\"@type\":\"WebPage\",\"@id\":\"https:\\\/\\\/www.boartlongyear.com\\\/sonicdrilling\\\/\",\"url\":\"https:\\\/\\\/www.boartlongyear.com\\\/company\\\/\",\"name\":\"Products and Drilling Services for Sonic Drilling\",\"isPartOf\":{\"@id\":\"https:\\\/\\\/www.boartlongyear.com\\\/#website\"},\"datePublished\":\"2019-04-17T15:38:32+00:00\",\"dateModified\":\"2019-04-17T21:53:42+00:00\",\"description\":\"Sonic drilling is a specialized field requiring top-of-the-line rigs and tooling and knowledgable contractor services to get the job done right.\",\"breadcrumb\":{\"@id\":\"https:\\\/\\\/www.boartlongyear.com\\\/company\\\/#breadcrumb\"},\"inLanguage\":\"es\",\"potentialAction\":[{\"@type\":\"ReadAction\",\"target\":[\"https:\\\/\\\/www.boartlongyear.com\\\/company\\\/\"]}]},{\"@type\":\"BreadcrumbList\",\"@id\":\"https:\\\/\\\/www.boartlongyear.com\\\/company\\\/#breadcrumb\",\"itemListElement\":[{\"@type\":\"ListItem\",\"position\":1,\"name\":\"Home\",\"item\":\"https:\\\/\\\/www.boartlongyear.com\\\/\"},{\"@type\":\"ListItem\",\"position\":2,\"name\":\"Sonic Drilling\"}]},{\"@type\":\"WebSite\",\"@id\":\"https:\\\/\\\/www.boartlongyear.com\\\/#website\",\"url\":\"https:\\\/\\\/www.boartlongyear.com\\\/\",\"name\":\"Boart Longyear\",\"description\":\"\",\"publisher\":{\"@id\":\"https:\\\/\\\/www.boartlongyear.com\\\/#organization\"},\"potentialAction\":[{\"@type\":\"SearchAction\",\"target\":{\"@type\":\"EntryPoint\",\"urlTemplate\":\"https:\\\/\\\/www.boartlongyear.com\\\/?s={search_term_string}\"},\"query-input\":{\"@type\":\"PropertyValueSpecification\",\"valueRequired\":true,\"valueName\":\"search_term_string\"}}],\"inLanguage\":\"es\"},{\"@type\":\"Organization\",\"@id\":\"https:\\\/\\\/www.boartlongyear.com\\\/#organization\",\"name\":\"Boart Longyear\",\"url\":\"https:\\\/\\\/www.boartlongyear.com\\\/\",\"logo\":{\"@type\":\"ImageObject\",\"inLanguage\":\"es\",\"@id\":\"https:\\\/\\\/www.boartlongyear.com\\\/#\\\/schema\\\/logo\\\/image\\\/\",\"url\":\"https:\\\/\\\/www.boartlongyear.com\\\/wp-content\\\/uploads\\\/BLY-Double-Stack.png\",\"contentUrl\":\"https:\\\/\\\/www.boartlongyear.com\\\/wp-content\\\/uploads\\\/BLY-Double-Stack.png\",\"width\":400,\"height\":100,\"caption\":\"Boart Longyear\"},\"image\":{\"@id\":\"https:\\\/\\\/www.boartlongyear.com\\\/#\\\/schema\\\/logo\\\/image\\\/\"},\"sameAs\":[\"https:\\\/\\\/www.facebook.com\\\/boartlongyearcareers\",\"https:\\\/\\\/x.com\\\/boartlongyear\",\"https:\\\/\\\/www.instagram.com\\\/boartlongyear\",\"https:\\\/\\\/www.linkedin.com\\\/company\\\/boart-longyear\",\"https:\\\/\\\/www.youtube.com\\\/user\\\/BoartLongyear1\"]}]}<\/script>\n<!-- \/ Yoast SEO plugin. -->","yoast_head_json":{"title":"Productos y Servicios de Perforaci\u00f3n para Sonic Drilling.","description":"Sonic son un campo especializado que requiere equipos y herramientas de primera l\u00ednea y servicios de contratistas expertos para hacer el trabajo bien.","robots":{"index":"index","follow":"follow","max-snippet":"max-snippet:-1","max-image-preview":"max-image-preview:large","max-video-preview":"max-video-preview:-1"},"canonical":"https:\/\/www.boartlongyear.com\/es\/company\/","og_locale":"es_ES","og_type":"article","og_title":"Products and Drilling Services for Sonic Drilling","og_description":"Sonic drilling is a specialized field requiring top-of-the-line rigs and tooling and knowledgable contractor services to get the job done right.","og_url":"https:\/\/www.boartlongyear.com\/es\/company\/","og_site_name":"Boart Longyear","article_publisher":"https:\/\/www.facebook.com\/boartlongyearcareers","article_modified_time":"2019-04-17T21:53:42+00:00","twitter_misc":{"Tiempo de lectura":"3 minutos"},"schema":{"@context":"https:\/\/schema.org","@graph":[{"@type":"WebPage","@id":"https:\/\/www.boartlongyear.com\/sonicdrilling\/","url":"https:\/\/www.boartlongyear.com\/company\/","name":"Productos y Servicios de Perforaci\u00f3n para Sonic Drilling.","isPartOf":{"@id":"https:\/\/www.boartlongyear.com\/#website"},"datePublished":"2019-04-17T15:38:32+00:00","dateModified":"2019-04-17T21:53:42+00:00","description":"Sonic son un campo especializado que requiere equipos y herramientas de primera l\u00ednea y servicios de contratistas expertos para hacer el trabajo bien.","breadcrumb":{"@id":"https:\/\/www.boartlongyear.com\/company\/#breadcrumb"},"inLanguage":"es","potentialAction":[{"@type":"ReadAction","target":["https:\/\/www.boartlongyear.com\/company\/"]}]},{"@type":"BreadcrumbList","@id":"https:\/\/www.boartlongyear.com\/company\/#breadcrumb","itemListElement":[{"@type":"ListItem","position":1,"name":"Home","item":"https:\/\/www.boartlongyear.com\/"},{"@type":"ListItem","position":2,"name":"Sonic Drilling"}]},{"@type":"WebSite","@id":"https:\/\/www.boartlongyear.com\/#website","url":"https:\/\/www.boartlongyear.com\/","name":"Boart Longyear","description":"","publisher":{"@id":"https:\/\/www.boartlongyear.com\/#organization"},"potentialAction":[{"@type":"SearchAction","target":{"@type":"EntryPoint","urlTemplate":"https:\/\/www.boartlongyear.com\/?s={search_term_string}"},"query-input":{"@type":"PropertyValueSpecification","valueRequired":true,"valueName":"search_term_string"}}],"inLanguage":"es"},{"@type":"Organization","@id":"https:\/\/www.boartlongyear.com\/#organization","name":"Boart Longyear","url":"https:\/\/www.boartlongyear.com\/","logo":{"@type":"ImageObject","inLanguage":"es","@id":"https:\/\/www.boartlongyear.com\/#\/schema\/logo\/image\/","url":"https:\/\/www.boartlongyear.com\/wp-content\/uploads\/BLY-Double-Stack.png","contentUrl":"https:\/\/www.boartlongyear.com\/wp-content\/uploads\/BLY-Double-Stack.png","width":400,"height":100,"caption":"Boart Longyear"},"image":{"@id":"https:\/\/www.boartlongyear.com\/#\/schema\/logo\/image\/"},"sameAs":["https:\/\/www.facebook.com\/boartlongyearcareers","https:\/\/x.com\/boartlongyear","https:\/\/www.instagram.com\/boartlongyear","https:\/\/www.linkedin.com\/company\/boart-longyear","https:\/\/www.youtube.com\/user\/BoartLongyear1"]}]}},"uagb_featured_image_src":{"full":false,"thumbnail":false,"medium":false,"medium_large":false,"large":false,"RoboGalleryMansoryImagesCenter":false,"RoboGalleryPreload":false,"1536x1536":false,"2048x2048":false,"trp-custom-language-flag":false,"alm-thumbnail":false,"tptn_thumbnail":false},"uagb_author_info":{"display_name":"Marketing","author_link":"https:\/\/www.boartlongyear.com\/es\/insite\/author\/jamesburris\/"},"uagb_comment_info":0,"uagb_excerpt":null,"_links":{"self":[{"href":"https:\/\/www.boartlongyear.com\/es\/wp-json\/wp\/v2\/pages\/26291","targetHints":{"allow":["GET"]}}],"collection":[{"href":"https:\/\/www.boartlongyear.com\/es\/wp-json\/wp\/v2\/pages"}],"about":[{"href":"https:\/\/www.boartlongyear.com\/es\/wp-json\/wp\/v2\/types\/page"}],"author":[{"embeddable":true,"href":"https:\/\/www.boartlongyear.com\/es\/wp-json\/wp\/v2\/users\/66"}],"replies":[{"embeddable":true,"href":"https:\/\/www.boartlongyear.com\/es\/wp-json\/wp\/v2\/comments?post=26291"}],"version-history":[{"count":0,"href":"https:\/\/www.boartlongyear.com\/es\/wp-json\/wp\/v2\/pages\/26291\/revisions"}],"wp:attachment":[{"href":"https:\/\/www.boartlongyear.com\/es\/wp-json\/wp\/v2\/media?parent=26291"}],"curies":[{"name":"wp","href":"https:\/\/api.w.org\/{rel}","templated":true}]}}