{"id":28285,"date":"2021-05-12T17:50:43","date_gmt":"2021-05-12T23:50:43","guid":{"rendered":"https:\/\/www.boartlongyear.com\/?page_id=28285"},"modified":"2022-07-12T13:23:26","modified_gmt":"2022-07-12T19:23:26","slug":"restructuring-initiatives","status":"publish","type":"page","link":"https:\/\/www.boartlongyear.com\/es\/company\/restructuring-initiatives\/","title":{"rendered":"Iniciativas de reestructuraci\u00f3n"},"content":{"rendered":"<section class=\"tcvpb_section_tc\">\n\t\t\n\t\t<div class=\"tcvpb_section_content\"><div class=\"tcvpb_container\"><div class=\"tcvpb_column_tc_span12\"><h1  ><span>Iniciativas de reestructuraci\u00f3n<\/span><\/h1><h2  ><span>Actualizaci\u00f3n para accionistas de octubre de 2021<\/span><\/h2><div  class=\"\" >\n<p class=\"p_tc\">El 5 de octubre de 2021, Boart Longyear anunci\u00f3 la implementaci\u00f3n de la redomiciliaci\u00f3n de la empresa.<\/p>\n<\/div><h2  ><span>Actualizaci\u00f3n para accionistas de septiembre de 2021<\/span><\/h2><div  class=\"\" >\n<p class=\"p_tc\">En septiembre de 2021, una abrumadora mayor\u00eda de los accionistas de Boart Longyear aprob\u00f3 la iniciativa de recapitalizaci\u00f3n integral de la Compa\u00f1\u00eda, el programa de recompra selectiva y el esquema de redomiciliaci\u00f3n a Canad\u00e1 en la Junta General Extraordinaria.<\/p>\n<p class=\"p_tc\"><strong><a href=\"https:\/\/www.boartlongyear.com\/wp-content\/uploads\/BLY_EGM_080921.mp3\" target=\"_blank\" rel=\"noopener\">8 DE SEPTIEMBRE DE 2021 JUNTA GENERAL EXTRAORDINARIA (VIRTUAL)<\/a><\/strong><\/p>\n<p class=\"p_tc\"><strong><a href=\"https:\/\/www.boartlongyear.com\/wp-content\/uploads\/BLY_SM_080921_1030.mp3\" target=\"_blank\" rel=\"noopener\">8 DE SEPTIEMBRE DE 2021 REUNI\u00d3N DEL ESQUEMA DE RE DOMICILIACI\u00d3N (VIRTUAL)<\/a><\/strong><\/p>\n<p class=\"p_tc\">El 24 de septiembre de 2021, la Compa\u00f1\u00eda anunci\u00f3 la finalizaci\u00f3n de la iniciativa de recapitalizaci\u00f3n integral.<\/p>\n<\/div><div  class=\"tcvpb_divider tcvpb_divider_solid\"><a href=\"#\" class=\"backtotop\"><\/a><\/div><h2  ><span>Actualizaci\u00f3n para accionistas de agosto de 2021<\/span><\/h2><div  class=\"tcvpb-videoWrapper-youtube\"><iframe src=\"https:\/\/www.youtube.com\/embed\/ZTKIW0FRtMQ?autoplay=0&#038;modestbranding=1&#038;controls=1&#038;fs=1&#038;start=&#038;end=&#038;showinfo=1&#038;rel=0\" frameborder=\"0\" allowfullscreen><\/iframe><\/div><div  class=\"tcvpb_divider tcvpb_divider_solid\"><a href=\"#\" class=\"backtotop\"><\/a><\/div><h2  ><span>Actualizaci\u00f3n para accionistas de mayo de 2021<\/span><\/h2><div  class=\"\" >\n<p class=\"p_tc\">En mayo de 2021, una abrumadora mayor\u00eda de prestamistas de Boart Longyear (BLY o la Compa\u00f1\u00eda) acordaron una Recapitalizaci\u00f3n propuesta. Este importante hito reducir\u00e1 sustancialmente la deuda, fortalecer\u00e1 el balance, reducir\u00e1 los gastos por intereses y mejorar\u00e1 la liquidez para respaldar las operaciones de la Compa\u00f1\u00eda y el crecimiento futuro. Seg\u00fan el plan, la deuda de Boart Longyear se reducir\u00eda a menos de US$200 millones, ya que aproximadamente US$795 millones de deuda se convertir\u00edan en 98.5% de acciones ordinarias posteriores a la recapitalizaci\u00f3n de BLY.&nbsp;\n<p class=\"p_tc\">Este proceso no afectar\u00e1 las operaciones diarias. Esperamos continuar con las operaciones y cumplir con nuestras obligaciones con los clientes, proveedores y empleados en el curso normal del negocio, tanto ahora como en el futuro.<\/p>\n<p class=\"p_tc\">El negocio subyacente de la empresa es s\u00f3lido. Nuestras operaciones son competitivas, la demanda de nuestros productos y servicios est\u00e1 aumentando y el panorama operativo es m\u00e1s brillante de lo que ha sido en muchos a\u00f1os. Pero nuestro nivel de deuda y sus costos de servicio se han mantenido insosteniblemente altos. Esperamos avanzar hacia la fase de implementaci\u00f3n de este plan bien considerado, tanto en Australia como en Am\u00e9rica del Norte porque es la mejor manera de brindar el mejor valor para los acreedores y accionistas.<\/p>\n<p class=\"p_tc\">La Compa\u00f1\u00eda buscar\u00e1 implementar la Recapitalizaci\u00f3n principalmente a trav\u00e9s de esquemas de acuerdos de dos acreedores australianos. Para implementar la Recapitalizaci\u00f3n en los Estados Unidos, la Compa\u00f1\u00eda tiene la intenci\u00f3n de buscar el reconocimiento de los esquemas de acuerdos de los acreedores australianos bajo el Cap\u00edtulo 15 del C\u00f3digo de Quiebras de los Estados Unidos. Los empleados, proveedores y clientes no se ver\u00e1n afectados por esta presentaci\u00f3n. Esto requerir\u00e1 la aprobaci\u00f3n de los accionistas en una junta general extraordinaria que la Compa\u00f1\u00eda convocar\u00e1 en agosto de 2021.<\/p>\n<p class=\"p_tc\">Continuaremos informando a las partes interesadas de nuestro progreso. Para obtener m\u00e1s informaci\u00f3n, consulte los documentos a continuaci\u00f3n.<\/p>\n<\/div><div  class=\"tcvpb-videoWrapper-youtube\"><iframe src=\"https:\/\/www.youtube.com\/embed\/hxNUUsdndWo?autoplay=0&#038;modestbranding=1&#038;controls=1&#038;fs=1&#038;start=&#038;end=&#038;showinfo=0&#038;rel=0\" frameborder=\"0\" allowfullscreen><\/iframe><\/div><span class=\"clear spacer_responsive_hide_mobile\" style=\"height:25px;display:block;\"><\/span><\/div><\/div><\/div>\n\t\t\n\t\t\n\t<\/section><section class=\"tcvpb_section_tc\">\n\t\t\n\t\t<div class=\"tcvpb_section_content\"><div class=\"tcvpb_container\"><div class=\"tcvpb_column_tc_span12\"><h2  ><span>INFORMACI\u00d3N IMPORTANTE PARA LOS ACCIONISTAS<\/span><\/h2><div  class=\"\" >\n<p class=\"p_tc\"><strong><a href=\"https:\/\/www.boartlongyear.com\/wp-content\/uploads\/BLY-\u2013-Notice-of-EGM-Final.pdf\" target=\"_blank\" rel=\"noopener\">Aviso de Junta General Extraordinaria y Explicaci\u00f3n Explicativa.<\/a><\/strong><\/p>\n<p class=\"p_tc\"><strong><a href=\"https:\/\/www.boartlongyear.com\/wp-content\/uploads\/BLY-\u2013-Re-domiciliation-Scheme-Explanatory-Memorandum-Final.pdf\" target=\"_blank\" rel=\"noopener\">Reuni\u00f3n del plan de re-domiciliaci\u00f3n y declaraci\u00f3n explicativa<\/a><\/strong><\/p>\n<p class=\"p_tc\"><strong><a href=\"https:\/\/www.boartlongyear.com\/wp-content\/uploads\/BLY-\u2013-SPP-Offer-Booklet-Final.pdf\" target=\"_blank\" rel=\"noopener\">Folleto de oferta del plan de compra de acciones<\/a><\/strong><\/p>\n<p class=\"p_tc\"><strong><a href=\"https:\/\/www.boartlongyear.com\/wp-content\/uploads\/BLY-\u2013-Selective-Buy-Back-Booklet-Final.pdf\" target=\"_blank\" rel=\"noopener\">Folleto de recompra selectiva<\/a><\/strong><\/p>\n<p class=\"p_tc\"><strong><a href=\"https:\/\/www.boartlongyear.com\/wp-content\/uploads\/BLY-\u2013-Creditors-Schemes-Explanatory-Statement-Final.pdf\" target=\"_blank\" rel=\"noopener\">Declaraci\u00f3n explicativa de los reg\u00edmenes de los acreedores<\/a><\/strong><\/p>\n<\/div><span class=\"clear\" style=\"height:25px;display:block;\"><\/span><\/div><\/div><\/div>\n\t\t\n\t\t\n\t<\/section><section class=\"tcvpb_section_tc\">\n\t\t\n\t\t<div class=\"tcvpb_section_content\"><div class=\"tcvpb_container\"><div class=\"tcvpb_column_tc_span12\"><h2  ><span>CAP\u00cdTULO 15 PRESENTACI\u00d3N - RECONOCIMIENTO DEL R\u00c9GIMEN DE ACREEDOR AUSTRALIANO EN ESTADOS UNIDOS<\/span><\/h2><div  class=\"\" >\n<p class=\"p_tc\">El caso del Cap\u00edtulo 15 es una extensi\u00f3n del procedimiento primario que ocurre en Australia. Ayudar\u00e1 a las acciones de reestructuraci\u00f3n de la empresa en Australia al permitirnos buscar protecci\u00f3n en el tribunal de quiebras de EE. UU. Mientras la organizaci\u00f3n implementa su reestructuraci\u00f3n a trav\u00e9s de los procedimientos australianos. Al igual que con los esquemas de acuerdos en Australia, la presentaci\u00f3n del cap\u00edtulo 15 no afecta nuestras operaciones diarias. Los casos del Cap\u00edtulo 15 no imponen ninguna restricci\u00f3n o limitaci\u00f3n a la capacidad de una empresa para operar su negocio, pagar a sus empleados, obtener financiamiento, contraer deudas, celebrar nuevos contratos o continuar desempe\u00f1\u00e1ndose bajo contratos existentes, o adquirir o enajenar activos. En pocas palabras, los empleados, proveedores, clientes y otros no pueden esperar cambios de estas actividades. El \u00fanico prop\u00f3sito es asegurarse de que los procedimientos de reestructuraci\u00f3n en Australia tengan plena vigencia y efecto en los Estados Unidos.<\/p>\n<\/div><div  class=\"\" >\n<p class=\"p_tc\"><strong><a href=\"https:\/\/www.boartlongyear.com\/wp-content\/uploads\/Chapter-15-Court-Approvals-Recognition-Hearing-21-September-2021.pdf\" target=\"_blank\" rel=\"noopener\">El tribunal aprueba la presentaci\u00f3n del cap\u00edtulo 15: reconocimiento del esquema de acreedor australiano en los Estados Unidos<\/a><\/strong><\/p>\n<p class=\"p_tc\"><strong><a href=\"https:\/\/www.boartlongyear.com\/wp-content\/uploads\/Boart-Longyear-Limited-Petition.pdf\">Petici\u00f3n limitada de Boart Longyear<\/a><\/strong><br><br><strong><a href=\"https:\/\/www.boartlongyear.com\/wp-content\/uploads\/Verified-Petition-for-Recognition.pdf\">Petici\u00f3n de reconocimiento verificada<\/a><\/strong><\/p>\n<p class=\"p_tc\"><strong><a href=\"https:\/\/www.boartlongyear.com\/wp-content\/uploads\/Motion-for-Entry-of-Order.pdf\">Moci\u00f3n para la administraci\u00f3n conjunta de los casos del Cap\u00edtulo 15<\/a><\/strong><\/p>\n<p class=\"p_tc\"><strong><a href=\"https:\/\/www.boartlongyear.com\/wp-content\/uploads\/Motion-for-Order-Scheduling.pdf\">Moci\u00f3n para programar la audiencia de reconocimiento<\/a><\/strong><\/p>\n<\/div><span class=\"clear\" style=\"height:25px;display:block;\"><\/span><\/div><\/div><\/div>\n\t\t\n\t\t\n\t<\/section><section class=\"tcvpb_section_tc\">\n\t\t\n\t\t<div class=\"tcvpb_section_content\"><div class=\"tcvpb_container\"><div class=\"tcvpb_column_tc_span12\"><h2  ><span>Descargas<\/span><\/h2><div  class=\"\" >\n<p class=\"p_tc\"><strong><a href=\"https:\/\/www.boartlongyear.com\/wp-content\/uploads\/2021.05.13-BLY-Completes-Strategic-Review-Proposed-Substantial-Recapitalisation.pdf\" target=\"_blank\" rel=\"noopener\">Presione soltar<\/a><\/strong><\/p>\n<p class=\"p_tc\"><strong><a href=\"https:\/\/www.boartlongyear.com\/wp-content\/uploads\/BLY-General-FAQs-5-13-21.pdf\" target=\"_blank\" rel=\"noopener\">Preguntas frecuentes generales<\/a><\/strong><\/p>\n<p class=\"p_tc\"><strong><a href=\"https:\/\/www.boartlongyear.com\/wp-content\/uploads\/BLY-Shareholder-FAQs-5-13-21.pdf\" target=\"_blank\" rel=\"noopener\">Preguntas frecuentes para accionistas<\/a><\/strong><\/p>\n<p class=\"p_tc\"><strong><a href=\"https:\/\/www.boartlongyear.com\/wp-content\/uploads\/BLY-Supplier-Letter-5-13-21.pdf\" target=\"_blank\" rel=\"noopener\">Preguntas frecuentes de proveedores<\/a><\/strong><\/p>\n<p class=\"p_tc\"><strong><a href=\"https:\/\/www.boartlongyear.com\/wp-content\/uploads\/BLY-Customer-Letter-5-13-21.pdf\" target=\"_blank\" rel=\"noopener\">Preguntas frecuentes del cliente<\/a><\/strong><\/p>\n<p class=\"p_tc\"><strong><a href=\"https:\/\/www.boartlongyear.com\/wp-content\/uploads\/LINK-GROUP-VIRTUAL-MEETING-ONLINE-GUIDE.pdf\" target=\"_blank\" rel=\"noopener\">Gu\u00eda en l\u00ednea de reuniones virtuales<\/a><\/strong><\/p>\n<\/div><\/div><\/div><\/div>\n\t\t\n\t\t\n\t<\/section><section class=\"tcvpb_section_tc\">\n\t\t\n\t\t<div class=\"tcvpb_section_content\"><div class=\"tcvpb_container\"><div class=\"tcvpb_column_tc_span12\"><span class=\"clear\" style=\"height:20px;display:block;\"><\/span><\/div><\/div><\/div>\n\t\t\n\t\t\n\t<\/section><section class=\"tcvpb_section_tc\">\n\t\t\n\t\t<div class=\"tcvpb_section_content\"><div class=\"tcvpb_container\"><div class=\"tcvpb_column_tc_span12\"><h2  ><span>Efectos fiscales de los tenedores de acciones \/ deuda de EE. UU.<\/span><\/h2><div  class=\"\" >\n<p class=\"p_tc\"><strong><a href=\"https:\/\/www.boartlongyear.com\/wp-content\/uploads\/9-23-21-DOA-Boart-Form-8937-Recap-Transaction-SUN.pdf\" target=\"_blank\" rel=\"noopener\">Efecto fiscal de la recapitalizaci\u00f3n en los pagar\u00e9s senior no garantizados<\/a><\/strong><\/p>\n<p class=\"p_tc\"><strong><a href=\"https:\/\/www.boartlongyear.com\/wp-content\/uploads\/9-23-21-DOA-Boart-Form-8937-Recap-Transaction-SSN.pdf\" target=\"_blank\" rel=\"noopener\">Efecto fiscal de la recapitalizaci\u00f3n de los pagar\u00e9s senior garantizados<\/a><\/strong><\/p>\n<p class=\"p_tc\"><strong><a href=\"https:\/\/www.boartlongyear.com\/wp-content\/uploads\/10-5-21-DOA-Boart-Form-8937-Redomicile.pdf\" target=\"_blank\" rel=\"noopener\">Efecto fiscal de la redomiciliaci\u00f3n<\/a><\/strong><\/p>\n<p class=\"p_tc\"><strong><a href=\"https:\/\/www.boartlongyear.com\/wp-content\/uploads\/9-22-21-DOA-Boart-Form-8937-Share-Consolidation.pdf\" target=\"_blank\" rel=\"noopener\">Efecto fiscal de la consolidaci\u00f3n de acciones de capital<\/a><\/strong><\/p>\n<\/div><\/div><\/div><\/div>\n\t\t\n\t\t\n\t<\/section>","protected":false},"excerpt":{"rendered":"","protected":false},"author":66,"featured_media":0,"parent":81,"menu_order":0,"comment_status":"closed","ping_status":"closed","template":"sidebar-dynamic.php","meta":{"_uag_custom_page_level_css":"","_monsterinsights_skip_tracking":false,"_monsterinsights_sitenote_active":false,"_monsterinsights_sitenote_note":"","_monsterinsights_sitenote_category":0,"footnotes":""},"class_list":["post-28285","page","type-page","status-publish","hentry"],"acf":[],"yoast_head":"<!-- This site is optimized with the Yoast SEO plugin v27.4 - https:\/\/yoast.com\/product\/yoast-seo-wordpress\/ -->\n<title>Restructuring Initiatives - Boart Longyear<\/title>\n<meta name=\"robots\" content=\"index, follow, max-snippet:-1, max-image-preview:large, max-video-preview:-1\" \/>\n<link rel=\"canonical\" href=\"https:\/\/www.boartlongyear.com\/es\/company\/investors__trashed\/restructuring-initiatives\/\" \/>\n<meta property=\"og:locale\" content=\"es_ES\" \/>\n<meta property=\"og:type\" content=\"article\" \/>\n<meta property=\"og:title\" content=\"Restructuring Initiatives - Boart Longyear\" \/>\n<meta property=\"og:url\" content=\"https:\/\/www.boartlongyear.com\/es\/company\/investors__trashed\/restructuring-initiatives\/\" \/>\n<meta property=\"og:site_name\" content=\"Boart Longyear\" \/>\n<meta property=\"article:publisher\" content=\"https:\/\/www.facebook.com\/boartlongyearcareers\" \/>\n<meta property=\"article:modified_time\" content=\"2022-07-12T19:23:26+00:00\" \/>\n<meta name=\"twitter:label1\" content=\"Tiempo de lectura\" \/>\n\t<meta name=\"twitter:data1\" content=\"3 minutos\" \/>\n<script type=\"application\/ld+json\" class=\"yoast-schema-graph\">{\"@context\":\"https:\\\/\\\/schema.org\",\"@graph\":[{\"@type\":\"WebPage\",\"@id\":\"https:\\\/\\\/www.boartlongyear.com\\\/company\\\/investors__trashed\\\/restructuring-initiatives\\\/\",\"url\":\"https:\\\/\\\/www.boartlongyear.com\\\/company\\\/investors__trashed\\\/restructuring-initiatives\\\/\",\"name\":\"Restructuring Initiatives - Boart Longyear\",\"isPartOf\":{\"@id\":\"https:\\\/\\\/www.boartlongyear.com\\\/#website\"},\"datePublished\":\"2021-05-12T23:50:43+00:00\",\"dateModified\":\"2022-07-12T19:23:26+00:00\",\"breadcrumb\":{\"@id\":\"https:\\\/\\\/www.boartlongyear.com\\\/company\\\/investors__trashed\\\/restructuring-initiatives\\\/#breadcrumb\"},\"inLanguage\":\"es\",\"potentialAction\":[{\"@type\":\"ReadAction\",\"target\":[\"https:\\\/\\\/www.boartlongyear.com\\\/company\\\/investors__trashed\\\/restructuring-initiatives\\\/\"]}]},{\"@type\":\"BreadcrumbList\",\"@id\":\"https:\\\/\\\/www.boartlongyear.com\\\/company\\\/investors__trashed\\\/restructuring-initiatives\\\/#breadcrumb\",\"itemListElement\":[{\"@type\":\"ListItem\",\"position\":1,\"name\":\"Home\",\"item\":\"https:\\\/\\\/www.boartlongyear.com\\\/\"},{\"@type\":\"ListItem\",\"position\":2,\"name\":\"Company\",\"item\":\"https:\\\/\\\/www.boartlongyear.com\\\/company\\\/\"},{\"@type\":\"ListItem\",\"position\":3,\"name\":\"Restructuring Initiatives\"}]},{\"@type\":\"WebSite\",\"@id\":\"https:\\\/\\\/www.boartlongyear.com\\\/#website\",\"url\":\"https:\\\/\\\/www.boartlongyear.com\\\/\",\"name\":\"Boart Longyear\",\"description\":\"\",\"publisher\":{\"@id\":\"https:\\\/\\\/www.boartlongyear.com\\\/#organization\"},\"potentialAction\":[{\"@type\":\"SearchAction\",\"target\":{\"@type\":\"EntryPoint\",\"urlTemplate\":\"https:\\\/\\\/www.boartlongyear.com\\\/?s={search_term_string}\"},\"query-input\":{\"@type\":\"PropertyValueSpecification\",\"valueRequired\":true,\"valueName\":\"search_term_string\"}}],\"inLanguage\":\"es\"},{\"@type\":\"Organization\",\"@id\":\"https:\\\/\\\/www.boartlongyear.com\\\/#organization\",\"name\":\"Boart Longyear\",\"url\":\"https:\\\/\\\/www.boartlongyear.com\\\/\",\"logo\":{\"@type\":\"ImageObject\",\"inLanguage\":\"es\",\"@id\":\"https:\\\/\\\/www.boartlongyear.com\\\/#\\\/schema\\\/logo\\\/image\\\/\",\"url\":\"https:\\\/\\\/www.boartlongyear.com\\\/wp-content\\\/uploads\\\/BLY-Double-Stack.png\",\"contentUrl\":\"https:\\\/\\\/www.boartlongyear.com\\\/wp-content\\\/uploads\\\/BLY-Double-Stack.png\",\"width\":400,\"height\":100,\"caption\":\"Boart Longyear\"},\"image\":{\"@id\":\"https:\\\/\\\/www.boartlongyear.com\\\/#\\\/schema\\\/logo\\\/image\\\/\"},\"sameAs\":[\"https:\\\/\\\/www.facebook.com\\\/boartlongyearcareers\",\"https:\\\/\\\/x.com\\\/boartlongyear\",\"https:\\\/\\\/www.instagram.com\\\/boartlongyear\",\"https:\\\/\\\/www.linkedin.com\\\/company\\\/boart-longyear\",\"https:\\\/\\\/www.youtube.com\\\/user\\\/BoartLongyear1\"]}]}<\/script>\n<!-- \/ Yoast SEO plugin. -->","yoast_head_json":{"title":"Iniciativas de reestructuraci\u00f3n - Boart Longyear","robots":{"index":"index","follow":"follow","max-snippet":"max-snippet:-1","max-image-preview":"max-image-preview:large","max-video-preview":"max-video-preview:-1"},"canonical":"https:\/\/www.boartlongyear.com\/es\/company\/investors__trashed\/restructuring-initiatives\/","og_locale":"es_ES","og_type":"article","og_title":"Restructuring Initiatives - Boart Longyear","og_url":"https:\/\/www.boartlongyear.com\/es\/company\/investors__trashed\/restructuring-initiatives\/","og_site_name":"Boart Longyear","article_publisher":"https:\/\/www.facebook.com\/boartlongyearcareers","article_modified_time":"2022-07-12T19:23:26+00:00","twitter_misc":{"Tiempo de lectura":"3 minutos"},"schema":{"@context":"https:\/\/schema.org","@graph":[{"@type":"WebPage","@id":"https:\/\/www.boartlongyear.com\/company\/investors__trashed\/restructuring-initiatives\/","url":"https:\/\/www.boartlongyear.com\/company\/investors__trashed\/restructuring-initiatives\/","name":"Iniciativas de reestructuraci\u00f3n - Boart Longyear","isPartOf":{"@id":"https:\/\/www.boartlongyear.com\/#website"},"datePublished":"2021-05-12T23:50:43+00:00","dateModified":"2022-07-12T19:23:26+00:00","breadcrumb":{"@id":"https:\/\/www.boartlongyear.com\/company\/investors__trashed\/restructuring-initiatives\/#breadcrumb"},"inLanguage":"es","potentialAction":[{"@type":"ReadAction","target":["https:\/\/www.boartlongyear.com\/company\/investors__trashed\/restructuring-initiatives\/"]}]},{"@type":"BreadcrumbList","@id":"https:\/\/www.boartlongyear.com\/company\/investors__trashed\/restructuring-initiatives\/#breadcrumb","itemListElement":[{"@type":"ListItem","position":1,"name":"Home","item":"https:\/\/www.boartlongyear.com\/"},{"@type":"ListItem","position":2,"name":"Company","item":"https:\/\/www.boartlongyear.com\/company\/"},{"@type":"ListItem","position":3,"name":"Restructuring Initiatives"}]},{"@type":"WebSite","@id":"https:\/\/www.boartlongyear.com\/#website","url":"https:\/\/www.boartlongyear.com\/","name":"Boart Longyear","description":"","publisher":{"@id":"https:\/\/www.boartlongyear.com\/#organization"},"potentialAction":[{"@type":"SearchAction","target":{"@type":"EntryPoint","urlTemplate":"https:\/\/www.boartlongyear.com\/?s={search_term_string}"},"query-input":{"@type":"PropertyValueSpecification","valueRequired":true,"valueName":"search_term_string"}}],"inLanguage":"es"},{"@type":"Organization","@id":"https:\/\/www.boartlongyear.com\/#organization","name":"Boart Longyear","url":"https:\/\/www.boartlongyear.com\/","logo":{"@type":"ImageObject","inLanguage":"es","@id":"https:\/\/www.boartlongyear.com\/#\/schema\/logo\/image\/","url":"https:\/\/www.boartlongyear.com\/wp-content\/uploads\/BLY-Double-Stack.png","contentUrl":"https:\/\/www.boartlongyear.com\/wp-content\/uploads\/BLY-Double-Stack.png","width":400,"height":100,"caption":"Boart Longyear"},"image":{"@id":"https:\/\/www.boartlongyear.com\/#\/schema\/logo\/image\/"},"sameAs":["https:\/\/www.facebook.com\/boartlongyearcareers","https:\/\/x.com\/boartlongyear","https:\/\/www.instagram.com\/boartlongyear","https:\/\/www.linkedin.com\/company\/boart-longyear","https:\/\/www.youtube.com\/user\/BoartLongyear1"]}]}},"uagb_featured_image_src":{"full":false,"thumbnail":false,"medium":false,"medium_large":false,"large":false,"RoboGalleryMansoryImagesCenter":false,"RoboGalleryPreload":false,"1536x1536":false,"2048x2048":false,"trp-custom-language-flag":false,"alm-thumbnail":false,"tptn_thumbnail":false},"uagb_author_info":{"display_name":"Marketing","author_link":"https:\/\/www.boartlongyear.com\/es\/insite\/author\/jamesburris\/"},"uagb_comment_info":0,"uagb_excerpt":null,"_links":{"self":[{"href":"https:\/\/www.boartlongyear.com\/es\/wp-json\/wp\/v2\/pages\/28285","targetHints":{"allow":["GET"]}}],"collection":[{"href":"https:\/\/www.boartlongyear.com\/es\/wp-json\/wp\/v2\/pages"}],"about":[{"href":"https:\/\/www.boartlongyear.com\/es\/wp-json\/wp\/v2\/types\/page"}],"author":[{"embeddable":true,"href":"https:\/\/www.boartlongyear.com\/es\/wp-json\/wp\/v2\/users\/66"}],"replies":[{"embeddable":true,"href":"https:\/\/www.boartlongyear.com\/es\/wp-json\/wp\/v2\/comments?post=28285"}],"version-history":[{"count":0,"href":"https:\/\/www.boartlongyear.com\/es\/wp-json\/wp\/v2\/pages\/28285\/revisions"}],"up":[{"embeddable":true,"href":"https:\/\/www.boartlongyear.com\/es\/wp-json\/wp\/v2\/pages\/81"}],"wp:attachment":[{"href":"https:\/\/www.boartlongyear.com\/es\/wp-json\/wp\/v2\/media?parent=28285"}],"curies":[{"name":"wp","href":"https:\/\/api.w.org\/{rel}","templated":true}]}}