{"id":30083,"date":"2022-11-09T15:23:16","date_gmt":"2022-11-09T22:23:16","guid":{"rendered":"https:\/\/www.boartlongyear.com\/?page_id=30083"},"modified":"2022-11-14T22:58:48","modified_gmt":"2022-11-15T05:58:48","slug":"environmental-practice","status":"publish","type":"page","link":"https:\/\/www.boartlongyear.com\/es\/environmental-practice\/","title":{"rendered":"Pr\u00e1ctica Ambiental"},"content":{"rendered":"<section class=\"tcvpb_section_tc\">\n\t\t\n\t\t<div class=\"tcvpb_section_content\"><div class=\"tcvpb_container\"><div class=\"tcvpb_column_tc_span12\"><div  class=\"tcvpb-image\" ><img decoding=\"async\" src=\"https:\/\/www.boartlongyear.com\/wp-content\/uploads\/Tag-out-3-scaled-e1668027214260.jpg\"><\/div><h1  ><span>Impulsando Soluciones Sostenibles<\/span><\/h1><\/div><\/div><\/div>\n\t\t\n\t\t\n\t<\/section><section class=\"tcvpb_section_tc\">\n\t\t\n\t\t<div class=\"tcvpb_section_content\"><div class=\"tcvpb_container\"><div class=\"tcvpb_column_tc_span7\"><div  class=\"\" >\n<p class=\"p_tc\">Como empresa global, comprendemos nuestro papel vital en la contribuci\u00f3n y el desarrollo de las comunidades en las que operamos. Igualmente importante es nuestra responsabilidad de minimizar el impacto ambiental de nuestro negocio en beneficio de esas mismas comunidades. Hace m\u00e1s de una d\u00e9cada, lanzamos nuestro primer programa global de sustentabilidad ambiental enfocado en la calidad del aire, la conservaci\u00f3n de energ\u00eda y agua, y la minimizaci\u00f3n de desechos y materiales peligrosos. Desde entonces, hemos integrado los principios de sustentabilidad ambiental y mejora continua en todas nuestras operaciones. Al adoptar la tecnolog\u00eda, la innovaci\u00f3n y las mejores pr\u00e1cticas globales, hemos logrado un progreso significativo en la reducci\u00f3n de nuestra huella mientras ayudamos a nuestros clientes a avanzar en sus propias metas ambientales.<\/p>\n<\/div><\/div><div class=\"tcvpb_column_tc_span5\"><ul  class=\"tcvpb_shortcode_ul tcvpb-animo-children\" data-animation=\"fadeInDown\" data-trigger_pt=\"0\" data-duration=\"1100\" data-delay=\"0\"><li><i class=\"fa-check\"><\/i> \n<p class=\"p_tc\"><a href=\"#EffectiveEnvironmentalManagement\">Implementaci\u00f3n de un Sistema de Gesti\u00f3n Ambiental Efectivo<\/a><\/p>\n<\/li><li><i class=\"fa-check\"><\/i> \n<p class=\"p_tc\"><a href=\"#ConservingEnergy\">Conservaci\u00f3n de energ\u00eda<\/a><\/p>\n<\/li><li><i class=\"fa-check\"><\/i> \n<p class=\"p_tc\"><a href=\"#LoweringEmissions\">Reducci\u00f3n de emisiones<\/a><\/p>\n<\/li><li><i class=\"fa-check\"><\/i> \n<p class=\"p_tc\"><a href=\"#Footprint\">Minimizar la huella de la exploraci\u00f3n Greenfield<\/a><\/p>\n<\/li><\/ul><\/div><\/div><\/div>\n\t\t\n\t\t\n\t<\/section><section class=\"tcvpb_section_tc\">\n\t\t\n\t\t<div class=\"tcvpb_section_content\"><div class=\"tcvpb_container\"><div class=\"tcvpb_column_tc_span12\"><div  class=\"\" >\n<p class=\"p_tc\">Nos esforzamos por desarrollar la flota de equipos de perforaci\u00f3n tecnol\u00f3gicamente m\u00e1s avanzada, adem\u00e1s de atraer y retener equipos de perforaci\u00f3n altamente calificados y capacitados. Durante la \u00faltima d\u00e9cada, hemos invertido mucho en la modernizaci\u00f3n de la flota mundial, comprando y produciendo motores de \u00faltima generaci\u00f3n y alta eficiencia y retirando los motores m\u00e1s antiguos y menos eficientes. En el futuro, planeamos aumentar y diversificar a\u00fan m\u00e1s nuestra inversi\u00f3n en nuevas tecnolog\u00edas de perforaci\u00f3n, lo que permitir\u00e1 un avance significativo de nuestras metas ambientales, que incluyen:<\/p>\n<\/div><ul  class=\"tcvpb_shortcode_ul\" ><li><i class=\"fa-check\"><\/i> \n<p class=\"p_tc\"><strong>reducci\u00f3n de emisiones.<\/strong><\/p>\n<\/li><li><i class=\"fa-check\"><\/i> \n<p class=\"p_tc\"><strong>reducir la &quot;huella&quot; superficial de las operaciones de perforaci\u00f3n.<\/strong><\/p>\n<\/li><li><i class=\"fa-check\"><\/i> \n<p class=\"p_tc\"><strong>minimizando el uso de agua y la producci\u00f3n de residuos.<\/strong><\/p>\n<\/li><li><i class=\"fa-check\"><\/i> \n<p class=\"p_tc\"><strong>minimizando el uso de agua y la producci\u00f3n de residuos.<\/strong><\/p>\n<\/li><li><i class=\"fa-check\"><\/i> \n<p class=\"p_tc\"><strong>creando menos ruido.<\/strong><\/p>\n<\/li><li><i class=\"fa-check\"><\/i> \n<p class=\"p_tc\"><strong>Evitar o reducir la perturbaci\u00f3n de ecosistemas sensibles.<\/strong><\/p>\n<\/li><\/ul><\/div><\/div><\/div>\n\t\t\n\t\t\n\t<\/section><section class=\"tcvpb_section_tc\">\n\t\t\n\t\t<div class=\"tcvpb_section_content\"><div class=\"tcvpb_container\"><div class=\"tcvpb_column_tc_span12\"><h2 id=\"EffectiveEnvironmentalManagement\" ><span>Gesti\u00f3n Ambiental Efectiva<\/span><\/h2><div  class=\"\" >\n<p class=\"p_tc\">Nuestro enfoque de la gesti\u00f3n ambiental est\u00e1 anclado en nuestra pol\u00edtica de medioambiente, salud y seguridad (EHS), que rige la conducta de todos los empleados, funcionarios y directores de Boart Longyear. Cada uno de nosotros tiene la responsabilidad individual y colectiva de proteger el medio ambiente y las comunidades en las que operamos, teniendo en cuenta la mejora continua en la b\u00fasqueda de la excelencia en EHS. Todos los nuevos empleados reciben capacitaci\u00f3n ambiental obligatoria, as\u00ed como planes y capacitaci\u00f3n de seguridad ambiental espec\u00edficos del trabajo que preparan a los empleados para:<\/p>\n<\/div><ul  class=\"tcvpb_shortcode_ul\" ><li><i class=\"fa-check\"><\/i> \n<p class=\"p_tc\"><strong>comprender los problemas del entorno laboral y los controles disponibles.<\/strong><\/p>\n<\/li><li><i class=\"fa-check\"><\/i> \n<p class=\"p_tc\"><strong>Comprender la legislaci\u00f3n local clave dentro de ubicaciones espec\u00edficas.<\/strong><\/p>\n<\/li><li><i class=\"fa-check\"><\/i> \n<p class=\"p_tc\"><strong>realizar evaluaciones de riesgos.<\/strong><\/p>\n<\/li><li><i class=\"fa-check\"><\/i> \n<p class=\"p_tc\"><strong>Informar sobre cuestiones ambientales\/patrimoniales al personal apropiado.<\/strong><\/p>\n<\/li><\/ul><\/div><\/div><\/div>\n\t\t\n\t\t\n\t<\/section><section class=\"tcvpb_section_tc\">\n\t\t\n\t\t<div class=\"tcvpb_section_content\"><div class=\"tcvpb_container\"><div class=\"tcvpb_column_tc_span12\"><h2 id=\"ConservingEnergy\" ><span>Conservaci\u00f3n de energ\u00eda<\/span><\/h2><div  class=\"\" >\n<p class=\"p_tc\">Minimizar el consumo de energ\u00eda es un medio principal para reducir nuestra huella de carbono y una prioridad en todas nuestras instalaciones y operaciones globales. Empleamos una variedad de medidas para reducir el consumo de energ\u00eda en nuestras instalaciones permanentes y lugares de trabajo, que incluyen:<\/p>\n<\/div><ul  class=\"tcvpb_shortcode_ul\" ><li><i class=\"fa-check\"><\/i> \n<p class=\"p_tc\"><strong>rastrear y administrar el uso de energ\u00eda.<\/strong><\/p>\n<\/li><li><i class=\"fa-check\"><\/i> \n<p class=\"p_tc\"><strong>evaluaci\u00f3n de oportunidades de eficiencia energ\u00e9tica.<\/strong><\/p>\n<\/li><li><i class=\"fa-check\"><\/i> \n<p class=\"p_tc\"><strong>evaluaci\u00f3n de oportunidades para el uso de energ\u00eda alternativa.<\/strong><\/p>\n<\/li><li><i class=\"fa-check\"><\/i> \n<p class=\"p_tc\"><strong>reemplazar los sistemas HVAC m\u00e1s antiguos con modelos m\u00e1s nuevos y eficientes.<\/strong><\/p>\n<\/li><li><i class=\"fa-check\"><\/i> \n<p class=\"p_tc\"><strong>instalar iluminaci\u00f3n LED para tiendas y sistemas de eficiencia energ\u00e9tica en las instalaciones, cuando sea posible.<\/strong><\/p>\n<\/li><\/ul><\/div><\/div><\/div>\n\t\t\n\t\t\n\t<\/section><section class=\"tcvpb_section_tc\">\n\t\t\n\t\t<div class=\"tcvpb_section_content\"><div class=\"tcvpb_container\"><div class=\"tcvpb_column_tc_span12\"><h2 id=\"LoweringEmissions\" ><span>Reducci\u00f3n de emisiones<\/span><\/h2><div  class=\"\" >\n<p class=\"p_tc\">Los motores el\u00e9ctricos actualmente alimentan 35% de nuestra flota de plataformas, lo que ha reducido significativamente nuestra huella de carbono al tiempo que permite a nuestros clientes cumplir sus propios objetivos de reducci\u00f3n de emisiones. En el futuro, la mayor parte de nuestro gasto de capital se invertir\u00e1 en nuevas tecnolog\u00edas para mejorar la productividad y avanzar en nuestras metas ambientales. Esto incluir\u00e1 la instalaci\u00f3n de nuevos motores limpios de bajas emisiones en nuestra flota heredada con el objetivo de que todos los motores tengan una clasificaci\u00f3n de emisiones di\u00e9sel de Nivel 3 o superior.<\/p>\n<\/div><\/div><\/div><\/div>\n\t\t\n\t\t\n\t<\/section><section class=\"tcvpb_section_tc\">\n\t\t\n\t\t<div class=\"tcvpb_section_content\"><div class=\"tcvpb_container\"><div class=\"tcvpb_column_tc_span12\"><h2 id=\"Footprint\" ><span>Minimizar la huella de la exploraci\u00f3n Greenfield<\/span><\/h2><div  class=\"\" >\n<p class=\"p_tc\">En los sitios de exploraci\u00f3n greenfield, Boart Longyear toma varias medidas para mitigar los impactos en la flora y la fauna, utilizando plataformas heliportables para tales situaciones y ubicaciones remotas. El LF\u212270 de Boart Longyear reduce significativamente el impacto ambiental en un sitio de perforaci\u00f3n. Con solo siete componentes, se tarda menos de una hora en desmontarlos y la misma cantidad de tiempo en volver a montarlos. Se prest\u00f3 especial atenci\u00f3n al dise\u00f1o del taladro, incluido el peso total y las dimensiones. Cada uno de los siete componentes pesa menos de 585 kg y es f\u00e1cilmente transportable en helic\u00f3ptero, lo que elimina la necesidad de establecer nuevos caminos para llegar a sitios remotos o aparentemente inaccesibles.<\/p>\n<\/div><span class=\"clear\" style=\"height:45px;display:block;\"><\/span><\/div><\/div><\/div>\n\t\t\n\t\t\n\t<\/section>","protected":false},"excerpt":{"rendered":"","protected":false},"author":66,"featured_media":30084,"parent":0,"menu_order":0,"comment_status":"closed","ping_status":"closed","template":"sidebar-dynamic.php","meta":{"_uag_custom_page_level_css":"","_monsterinsights_skip_tracking":false,"_monsterinsights_sitenote_active":false,"_monsterinsights_sitenote_note":"","_monsterinsights_sitenote_category":0,"footnotes":""},"class_list":["post-30083","page","type-page","status-publish","has-post-thumbnail","hentry"],"acf":[],"yoast_head":"<!-- This site is optimized with the Yoast SEO plugin v27.4 - https:\/\/yoast.com\/product\/yoast-seo-wordpress\/ -->\n<title>Environmental Practice - Boart Longyear<\/title>\n<meta name=\"robots\" content=\"index, follow, max-snippet:-1, max-image-preview:large, max-video-preview:-1\" \/>\n<link rel=\"canonical\" href=\"https:\/\/www.boartlongyear.com\/es\/environmental-practice\/\" \/>\n<meta property=\"og:locale\" content=\"es_ES\" \/>\n<meta property=\"og:type\" content=\"article\" \/>\n<meta property=\"og:title\" content=\"Environmental Practice - Boart Longyear\" \/>\n<meta property=\"og:url\" content=\"https:\/\/www.boartlongyear.com\/es\/environmental-practice\/\" \/>\n<meta property=\"og:site_name\" content=\"Boart Longyear\" \/>\n<meta property=\"article:publisher\" content=\"https:\/\/www.facebook.com\/boartlongyearcareers\" \/>\n<meta property=\"article:modified_time\" content=\"2022-11-15T05:58:48+00:00\" \/>\n<meta property=\"og:image\" content=\"https:\/\/www.boartlongyear.com\/wp-content\/uploads\/Tag-out-3-scaled-e1668027214260.jpg\" \/>\n\t<meta property=\"og:image:width\" content=\"2000\" \/>\n\t<meta property=\"og:image:height\" content=\"1334\" \/>\n\t<meta property=\"og:image:type\" content=\"image\/jpeg\" \/>\n<meta name=\"twitter:label1\" content=\"Tiempo de lectura\" \/>\n\t<meta name=\"twitter:data1\" content=\"4 minutos\" \/>\n<script type=\"application\/ld+json\" class=\"yoast-schema-graph\">{\"@context\":\"https:\\\/\\\/schema.org\",\"@graph\":[{\"@type\":\"WebPage\",\"@id\":\"https:\\\/\\\/www.boartlongyear.com\\\/environmental-practice\\\/\",\"url\":\"https:\\\/\\\/www.boartlongyear.com\\\/environmental-practice\\\/\",\"name\":\"Environmental Practice - Boart Longyear\",\"isPartOf\":{\"@id\":\"https:\\\/\\\/www.boartlongyear.com\\\/#website\"},\"primaryImageOfPage\":{\"@id\":\"https:\\\/\\\/www.boartlongyear.com\\\/environmental-practice\\\/#primaryimage\"},\"image\":{\"@id\":\"https:\\\/\\\/www.boartlongyear.com\\\/environmental-practice\\\/#primaryimage\"},\"thumbnailUrl\":\"https:\\\/\\\/www.boartlongyear.com\\\/wp-content\\\/uploads\\\/Tag-out-3-scaled-e1668027214260.jpg\",\"datePublished\":\"2022-11-09T22:23:16+00:00\",\"dateModified\":\"2022-11-15T05:58:48+00:00\",\"breadcrumb\":{\"@id\":\"https:\\\/\\\/www.boartlongyear.com\\\/environmental-practice\\\/#breadcrumb\"},\"inLanguage\":\"es\",\"potentialAction\":[{\"@type\":\"ReadAction\",\"target\":[\"https:\\\/\\\/www.boartlongyear.com\\\/environmental-practice\\\/\"]}]},{\"@type\":\"ImageObject\",\"inLanguage\":\"es\",\"@id\":\"https:\\\/\\\/www.boartlongyear.com\\\/environmental-practice\\\/#primaryimage\",\"url\":\"https:\\\/\\\/www.boartlongyear.com\\\/wp-content\\\/uploads\\\/Tag-out-3-scaled-e1668027214260.jpg\",\"contentUrl\":\"https:\\\/\\\/www.boartlongyear.com\\\/wp-content\\\/uploads\\\/Tag-out-3-scaled-e1668027214260.jpg\",\"width\":2000,\"height\":1334},{\"@type\":\"BreadcrumbList\",\"@id\":\"https:\\\/\\\/www.boartlongyear.com\\\/environmental-practice\\\/#breadcrumb\",\"itemListElement\":[{\"@type\":\"ListItem\",\"position\":1,\"name\":\"Home\",\"item\":\"https:\\\/\\\/www.boartlongyear.com\\\/\"},{\"@type\":\"ListItem\",\"position\":2,\"name\":\"Environmental Practice\"}]},{\"@type\":\"WebSite\",\"@id\":\"https:\\\/\\\/www.boartlongyear.com\\\/#website\",\"url\":\"https:\\\/\\\/www.boartlongyear.com\\\/\",\"name\":\"Boart Longyear\",\"description\":\"\",\"publisher\":{\"@id\":\"https:\\\/\\\/www.boartlongyear.com\\\/#organization\"},\"potentialAction\":[{\"@type\":\"SearchAction\",\"target\":{\"@type\":\"EntryPoint\",\"urlTemplate\":\"https:\\\/\\\/www.boartlongyear.com\\\/?s={search_term_string}\"},\"query-input\":{\"@type\":\"PropertyValueSpecification\",\"valueRequired\":true,\"valueName\":\"search_term_string\"}}],\"inLanguage\":\"es\"},{\"@type\":\"Organization\",\"@id\":\"https:\\\/\\\/www.boartlongyear.com\\\/#organization\",\"name\":\"Boart Longyear\",\"url\":\"https:\\\/\\\/www.boartlongyear.com\\\/\",\"logo\":{\"@type\":\"ImageObject\",\"inLanguage\":\"es\",\"@id\":\"https:\\\/\\\/www.boartlongyear.com\\\/#\\\/schema\\\/logo\\\/image\\\/\",\"url\":\"https:\\\/\\\/www.boartlongyear.com\\\/wp-content\\\/uploads\\\/BLY-Double-Stack.png\",\"contentUrl\":\"https:\\\/\\\/www.boartlongyear.com\\\/wp-content\\\/uploads\\\/BLY-Double-Stack.png\",\"width\":400,\"height\":100,\"caption\":\"Boart Longyear\"},\"image\":{\"@id\":\"https:\\\/\\\/www.boartlongyear.com\\\/#\\\/schema\\\/logo\\\/image\\\/\"},\"sameAs\":[\"https:\\\/\\\/www.facebook.com\\\/boartlongyearcareers\",\"https:\\\/\\\/x.com\\\/boartlongyear\",\"https:\\\/\\\/www.instagram.com\\\/boartlongyear\",\"https:\\\/\\\/www.linkedin.com\\\/company\\\/boart-longyear\",\"https:\\\/\\\/www.youtube.com\\\/user\\\/BoartLongyear1\"]}]}<\/script>\n<!-- \/ Yoast SEO plugin. -->","yoast_head_json":{"title":"Pr\u00e1ctica ambiental - Boart Longyear","robots":{"index":"index","follow":"follow","max-snippet":"max-snippet:-1","max-image-preview":"max-image-preview:large","max-video-preview":"max-video-preview:-1"},"canonical":"https:\/\/www.boartlongyear.com\/es\/environmental-practice\/","og_locale":"es_ES","og_type":"article","og_title":"Environmental Practice - Boart Longyear","og_url":"https:\/\/www.boartlongyear.com\/es\/environmental-practice\/","og_site_name":"Boart Longyear","article_publisher":"https:\/\/www.facebook.com\/boartlongyearcareers","article_modified_time":"2022-11-15T05:58:48+00:00","og_image":[{"width":2000,"height":1334,"url":"https:\/\/www.boartlongyear.com\/wp-content\/uploads\/Tag-out-3-scaled-e1668027214260.jpg","type":"image\/jpeg"}],"twitter_misc":{"Tiempo de lectura":"4 minutos"},"schema":{"@context":"https:\/\/schema.org","@graph":[{"@type":"WebPage","@id":"https:\/\/www.boartlongyear.com\/environmental-practice\/","url":"https:\/\/www.boartlongyear.com\/environmental-practice\/","name":"Pr\u00e1ctica ambiental - Boart Longyear","isPartOf":{"@id":"https:\/\/www.boartlongyear.com\/#website"},"primaryImageOfPage":{"@id":"https:\/\/www.boartlongyear.com\/environmental-practice\/#primaryimage"},"image":{"@id":"https:\/\/www.boartlongyear.com\/environmental-practice\/#primaryimage"},"thumbnailUrl":"https:\/\/www.boartlongyear.com\/wp-content\/uploads\/Tag-out-3-scaled-e1668027214260.jpg","datePublished":"2022-11-09T22:23:16+00:00","dateModified":"2022-11-15T05:58:48+00:00","breadcrumb":{"@id":"https:\/\/www.boartlongyear.com\/environmental-practice\/#breadcrumb"},"inLanguage":"es","potentialAction":[{"@type":"ReadAction","target":["https:\/\/www.boartlongyear.com\/environmental-practice\/"]}]},{"@type":"ImageObject","inLanguage":"es","@id":"https:\/\/www.boartlongyear.com\/environmental-practice\/#primaryimage","url":"https:\/\/www.boartlongyear.com\/wp-content\/uploads\/Tag-out-3-scaled-e1668027214260.jpg","contentUrl":"https:\/\/www.boartlongyear.com\/wp-content\/uploads\/Tag-out-3-scaled-e1668027214260.jpg","width":2000,"height":1334},{"@type":"BreadcrumbList","@id":"https:\/\/www.boartlongyear.com\/environmental-practice\/#breadcrumb","itemListElement":[{"@type":"ListItem","position":1,"name":"Home","item":"https:\/\/www.boartlongyear.com\/"},{"@type":"ListItem","position":2,"name":"Environmental Practice"}]},{"@type":"WebSite","@id":"https:\/\/www.boartlongyear.com\/#website","url":"https:\/\/www.boartlongyear.com\/","name":"Boart Longyear","description":"","publisher":{"@id":"https:\/\/www.boartlongyear.com\/#organization"},"potentialAction":[{"@type":"SearchAction","target":{"@type":"EntryPoint","urlTemplate":"https:\/\/www.boartlongyear.com\/?s={search_term_string}"},"query-input":{"@type":"PropertyValueSpecification","valueRequired":true,"valueName":"search_term_string"}}],"inLanguage":"es"},{"@type":"Organization","@id":"https:\/\/www.boartlongyear.com\/#organization","name":"Boart Longyear","url":"https:\/\/www.boartlongyear.com\/","logo":{"@type":"ImageObject","inLanguage":"es","@id":"https:\/\/www.boartlongyear.com\/#\/schema\/logo\/image\/","url":"https:\/\/www.boartlongyear.com\/wp-content\/uploads\/BLY-Double-Stack.png","contentUrl":"https:\/\/www.boartlongyear.com\/wp-content\/uploads\/BLY-Double-Stack.png","width":400,"height":100,"caption":"Boart Longyear"},"image":{"@id":"https:\/\/www.boartlongyear.com\/#\/schema\/logo\/image\/"},"sameAs":["https:\/\/www.facebook.com\/boartlongyearcareers","https:\/\/x.com\/boartlongyear","https:\/\/www.instagram.com\/boartlongyear","https:\/\/www.linkedin.com\/company\/boart-longyear","https:\/\/www.youtube.com\/user\/BoartLongyear1"]}]}},"uagb_featured_image_src":{"full":["https:\/\/www.boartlongyear.com\/wp-content\/uploads\/Tag-out-3-scaled-e1668027214260.jpg",2000,1334,false],"thumbnail":["https:\/\/www.boartlongyear.com\/wp-content\/uploads\/Tag-out-3-scaled-e1668027214260-200x200.jpg",200,200,true],"medium":["https:\/\/www.boartlongyear.com\/wp-content\/uploads\/Tag-out-3-scaled-e1668027214260-340x227.jpg",340,227,true],"medium_large":["https:\/\/www.boartlongyear.com\/wp-content\/uploads\/Tag-out-3-scaled-e1668027214260-768x512.jpg",640,427,true],"large":["https:\/\/www.boartlongyear.com\/wp-content\/uploads\/Tag-out-3-scaled-e1668027214260-1024x683.jpg",640,427,true],"RoboGalleryMansoryImagesCenter":["https:\/\/www.boartlongyear.com\/wp-content\/uploads\/Tag-out-3-scaled-e1668027214260-600x1024.jpg",600,1024,true],"RoboGalleryPreload":["https:\/\/www.boartlongyear.com\/wp-content\/uploads\/Tag-out-3-scaled-e1668027214260.jpg",100,67,false],"1536x1536":["https:\/\/www.boartlongyear.com\/wp-content\/uploads\/Tag-out-3-scaled-e1668027214260-1536x1025.jpg",1536,1025,true],"2048x2048":["https:\/\/www.boartlongyear.com\/wp-content\/uploads\/Tag-out-3-2048x1365.jpg",2048,1365,true],"trp-custom-language-flag":["https:\/\/www.boartlongyear.com\/wp-content\/uploads\/Tag-out-3-scaled-e1668027214260-18x12.jpg",18,12,true],"alm-thumbnail":["https:\/\/www.boartlongyear.com\/wp-content\/uploads\/Tag-out-3-scaled-e1668027214260-150x150.jpg",150,150,true],"tptn_thumbnail":["https:\/\/www.boartlongyear.com\/wp-content\/uploads\/Tag-out-3-scaled-e1668027214260-150x150.jpg",150,150,true]},"uagb_author_info":{"display_name":"Marketing","author_link":"https:\/\/www.boartlongyear.com\/es\/insite\/author\/jamesburris\/"},"uagb_comment_info":0,"uagb_excerpt":null,"_links":{"self":[{"href":"https:\/\/www.boartlongyear.com\/es\/wp-json\/wp\/v2\/pages\/30083","targetHints":{"allow":["GET"]}}],"collection":[{"href":"https:\/\/www.boartlongyear.com\/es\/wp-json\/wp\/v2\/pages"}],"about":[{"href":"https:\/\/www.boartlongyear.com\/es\/wp-json\/wp\/v2\/types\/page"}],"author":[{"embeddable":true,"href":"https:\/\/www.boartlongyear.com\/es\/wp-json\/wp\/v2\/users\/66"}],"replies":[{"embeddable":true,"href":"https:\/\/www.boartlongyear.com\/es\/wp-json\/wp\/v2\/comments?post=30083"}],"version-history":[{"count":0,"href":"https:\/\/www.boartlongyear.com\/es\/wp-json\/wp\/v2\/pages\/30083\/revisions"}],"wp:featuredmedia":[{"embeddable":true,"href":"https:\/\/www.boartlongyear.com\/es\/wp-json\/wp\/v2\/media\/30084"}],"wp:attachment":[{"href":"https:\/\/www.boartlongyear.com\/es\/wp-json\/wp\/v2\/media?parent=30083"}],"curies":[{"name":"wp","href":"https:\/\/api.w.org\/{rel}","templated":true}]}}