{"id":31315,"date":"2025-09-03T18:35:07","date_gmt":"2025-09-04T00:35:07","guid":{"rendered":"https:\/\/www.boartlongyear.com\/?page_id=31315"},"modified":"2025-12-18T10:39:29","modified_gmt":"2025-12-18T17:39:29","slug":"superq","status":"publish","type":"page","link":"https:\/\/www.boartlongyear.com\/es\/superq\/","title":{"rendered":"SuperQ Coring Rods"},"content":{"rendered":"<section class=\"tcvpb_section_tc\">\n\t\t\n\t\t<div class=\"tcvpb_section_content\"><div class=\"tcvpb_container\"><div class=\"tcvpb_column_tc_span12\"><div  class=\"\" >\n<p class=\"p_tc\"><\/p>\n<\/div><h1  ><span>BARRAS DIAMANTINAS SUPERQ\u2122<\/span><\/h1><\/div><\/div><\/div>\n\t\t\n\t\t\n\t<\/section><section class=\"tcvpb_section_tc\" style=\"background-color:rgb(255, 255, 255);\">\n\t\t\n\t\t<div class=\"tcvpb_section_content\"><div class=\"tcvpb_container\"><div class=\"tcvpb_column_tc_span6\"><div  class=\"\" >\n<p class=\"p_tc\">Las barras para extracci\u00f3n de n\u00facleos SuperQ\u2122 se han desarrollado como una versi\u00f3n m\u00e1s inteligente del sistema Q\u00ae, que ha sido confiable durante d\u00e9cadas. Dise\u00f1adas como un reemplazo directo, SuperQ ofrece mayor resistencia en las uniones, un enrosque m\u00e1s suave y mayor seguridad para el operador, a la vez que es 100 % compatible con las herramientas y equipos de perforaci\u00f3n Q existentes.<\/p>\n<p class=\"p_tc\">Sin cambios de sistema, sin nuevos accesorios, sin tiempo de inactividad. Con SuperQ, reduce la complejidad, obtiene un rendimiento superior y mantiene sus operaciones funcionando al m\u00e1ximo rendimiento, todo al mismo precio que las tuber\u00edas Q est\u00e1ndar.<\/p>\n<\/div><div  class=\"\" >\n<p class=\"p_tc\">Con SuperQ, los perforadores y operadores de minas cuentan con nuevos atributos que marcan la pauta en el rendimiento de las barras:<\/p>\n<\/div><ul  class=\"tcvpb_shortcode_ul\" ><li><i class=\"fa-check\"><\/i> \n<p class=\"p_tc\">100 % compatible con Q: se integra con sus herramientas y equipos de perforaci\u00f3n Q actuales.<\/p>\n<\/li><li><i class=\"fa-check\"><\/i> \n<p class=\"p_tc\">Uniones m\u00e1s resistentes: durabilidad y confiabilidad en condiciones exigentes.<\/p>\n<\/li><li><i class=\"fa-check\"><\/i> \n<p class=\"p_tc\">INICIO AUTOM\u00c1TICO para un enrosque m\u00e1s f\u00e1cil: enroscado y desenroscado m\u00e1s r\u00e1pidos, reduce la tensi\u00f3n del operador y el tiempo inactivo.<\/p>\n<\/li><li><i class=\"fa-check\"><\/i> \n<p class=\"p_tc\">Seguridad mejorada: minimiza los riesgos de manipulaci\u00f3n y aumenta la confianza del personal.<\/p>\n<\/li><li><i class=\"fa-check\"><\/i> \n<p class=\"p_tc\">Inventario simplificado: Una sola barra reemplaza Q y MQ, optimizando su cadena de suministro.<\/p>\n<\/li><li><i class=\"fa-check\"><\/i> \n<p class=\"p_tc\">Entrega r\u00e1pida: Stock local en mercados clave garantiza su disponibilidad cuando las necesite.<\/p>\n<\/li><\/ul><span class=\"clear\" style=\"height:40px;display:block;\"><\/span><a  href=\"https:\/\/www.boartlongyear.com\/wp-content\/uploads\/251106-SuperQ-Ficha-tecnica-_-ESP.pdf\" target=\"_blank\" class=\"tcvpb-button tcvpb-button_normal tcvpb-button_medium\" style=\"\">Descargar Brochure<\/a><span class=\"clear\" style=\"height:40px;display:block;\"><\/span><div  class=\"tcvpb-image\" ><a href=\"https:\/\/www.boartlongyear.com\/wp-content\/uploads\/super_q_support2.png\" class=\"lightbox\" data-lightbox=\"image\"><img decoding=\"async\" src=\"https:\/\/www.boartlongyear.com\/wp-content\/uploads\/super_q_support2.png\">\n\t\t\t<canvas class=\"grey-effect\"><\/canvas>\n\t\t\t\n\t\t<\/a><\/div><\/div><div class=\"tcvpb_column_tc_span6\" style=\"border-top:4px;border-right:4px;border-bottom:4px;border-left:4px;padding-top:10px;padding-right:10px;padding-bottom:10px;padding-left:10px;background-color:rgb(0, 0, 0);border-radius:10;border-style:solid;border-color:#000000;\"><div  class=\"\" >\n<div class=\"pipedriveWebForms\" data-pd-webforms=\"https:\/\/webforms.pipedrive.com\/f\/JhqQXHwpMMqcupGSee3yKsMgFIXYqKMXtB6nne7SecqzNKFXBUJWaQQSETHQjRx\"><script src=\"https:\/\/webforms.pipedrive.com\/f\/loader\"><\/script><\/div>\n<\/div><\/div><\/div><\/div>\n\t\t\n\t\t\n\t<\/section><section class=\"tcvpb_section_tc\">\n\t\t\n\t\t<div class=\"tcvpb_section_content\"><div class=\"tcvpb_container\"><div class=\"tcvpb_column_tc_span12\"><span class=\"clear\" style=\"height:40px;display:block;\"><\/span><div  class=\"tcvpb-videoWrapper-youtube\"><iframe src=\"https:\/\/www.youtube.com\/embed\/uEWfnOtaksI?autoplay=0&#038;modestbranding=0&#038;controls=0&#038;fs=0&#038;start=&#038;end=&#038;showinfo=0&#038;rel=0\" frameborder=\"0\" allowfullscreen><\/iframe><\/div><span class=\"clear\" style=\"height:20px;display:block;\"><\/span><a  href=\"https:\/\/www.youtube.com\/watch?v=2ZZUls0z4dw&#038;feature=youtu.be\" target=\"_blank\" class=\"tcvpb-button tcvpb-button_normal tcvpb-button_medium\" style=\"\">Ver video en espa\u00f1ol<\/a><span class=\"clear\" style=\"height:40px;display:block;\"><\/span><\/div><\/div><\/div>\n\t\t\n\t\t\n\t<\/section><section class=\"tcvpb_section_tc\">\n\t\t\n\t\t<div class=\"tcvpb_section_content\"><div class=\"tcvpb_container\"><div class=\"tcvpb_column_tc_span12\"><span class=\"clear\" style=\"height:20px;display:block;\"><\/span><h2  ><span>DISPONIBILIDAD<\/span><\/h2><div  class=\"tcvpb-table\">\n<p class=\"p_tc\">\n<table id=\"tablepress-741\" class=\"tablepress tablepress-id-741\">\n<thead>\n<tr class=\"row-1\">\n\t<th class=\"column-1\">N\u00famero de parte<\/th><th class=\"column-2\">Descripci\u00f3n<\/th><th class=\"column-3\">Di\u00e1metro<\/th><th class=\"column-4\">Largo<\/th>\n<\/tr>\n<\/thead>\n<tbody class=\"row-striping row-hover\">\n<tr class=\"row-2\">\n\t<td class=\"column-1\">3548206S<\/td><td class=\"column-2\">ROD, BQ 1.5M SUPER<\/td><td class=\"column-3\">BQ<\/td><td class=\"column-4\">1.5m<\/td>\n<\/tr>\n<tr class=\"row-3\">\n\t<td class=\"column-1\">3548207S<\/td><td class=\"column-2\">ROD, BQ 5FT SUPER<\/td><td class=\"column-3\">BQ<\/td><td class=\"column-4\">5\u2019<\/td>\n<\/tr>\n<tr class=\"row-4\">\n\t<td class=\"column-1\">3548208S<\/td><td class=\"column-2\">ROD, BQ 3.0M SUPER<\/td><td class=\"column-3\">BQ<\/td><td class=\"column-4\">3m<\/td>\n<\/tr>\n<tr class=\"row-5\">\n\t<td class=\"column-1\">3548209S<\/td><td class=\"column-2\">ROD, BQ 10FT SUPER<\/td><td class=\"column-3\">BQ<\/td><td class=\"column-4\">10\u2019<\/td>\n<\/tr>\n<tr class=\"row-6\">\n\t<td class=\"column-1\">3548210S<\/td><td class=\"column-2\">ROD, NQ 1.5M SUPER<\/td><td class=\"column-3\">NQ<\/td><td class=\"column-4\">1.5m<\/td>\n<\/tr>\n<tr class=\"row-7\">\n\t<td class=\"column-1\">3548211S<\/td><td class=\"column-2\">ROD, NQ 5FT SUPER<\/td><td class=\"column-3\">NQ<\/td><td class=\"column-4\">5\u2019<\/td>\n<\/tr>\n<tr class=\"row-8\">\n\t<td class=\"column-1\">3548212S<\/td><td class=\"column-2\">ROD, NQ 3.0M SUPER<\/td><td class=\"column-3\">NQ<\/td><td class=\"column-4\">3m<\/td>\n<\/tr>\n<tr class=\"row-9\">\n\t<td class=\"column-1\">3548213S<\/td><td class=\"column-2\">ROD, NQ 10FT SUPER<\/td><td class=\"column-3\">NQ<\/td><td class=\"column-4\">10\u2019<\/td>\n<\/tr>\n<tr class=\"row-10\">\n\t<td class=\"column-1\">3548214S<\/td><td class=\"column-2\">ROD, HQ 1.5M SUPER<\/td><td class=\"column-3\">Sede<\/td><td class=\"column-4\">1.5m<\/td>\n<\/tr>\n<tr class=\"row-11\">\n\t<td class=\"column-1\">3548215S<\/td><td class=\"column-2\">ROD, HQ 5FT SUPER<\/td><td class=\"column-3\">Sede<\/td><td class=\"column-4\">5\u2019<\/td>\n<\/tr>\n<tr class=\"row-12\">\n\t<td class=\"column-1\">3548216S<\/td><td class=\"column-2\">ROD, HQ 3.0M SUPER<\/td><td class=\"column-3\">Sede<\/td><td class=\"column-4\">3m<\/td>\n<\/tr>\n<tr class=\"row-13\">\n\t<td class=\"column-1\">3548217S<\/td><td class=\"column-2\">ROD, HQ 10FT SUPER<\/td><td class=\"column-3\">Sede<\/td><td class=\"column-4\">10\u2019<\/td>\n<\/tr>\n<tr class=\"row-14\">\n\t<td class=\"column-1\">5010611S<\/td><td class=\"column-2\">ROD, BQ 0.9M SUPER<\/td><td class=\"column-3\">BQ<\/td><td class=\"column-4\">0.9m<\/td>\n<\/tr>\n<tr class=\"row-15\">\n\t<td class=\"column-1\">51554S<\/td><td class=\"column-2\">ROD, BQ 1FT SUPER<\/td><td class=\"column-3\">BQ<\/td><td class=\"column-4\">1\u2019<\/td>\n<\/tr>\n<tr class=\"row-16\">\n\t<td class=\"column-1\">51555S<\/td><td class=\"column-2\">ROD, BQ 2FT SUPER<\/td><td class=\"column-3\">BQ<\/td><td class=\"column-4\">2\u2019<\/td>\n<\/tr>\n<tr class=\"row-17\">\n\t<td class=\"column-1\">51562S<\/td><td class=\"column-2\">ROD, NQ 1FT SUPER<\/td><td class=\"column-3\">NQ<\/td><td class=\"column-4\">1\u2019<\/td>\n<\/tr>\n<tr class=\"row-18\">\n\t<td class=\"column-1\">51563S<\/td><td class=\"column-2\">ROD, NQ 2FT SUPER<\/td><td class=\"column-3\">NQ<\/td><td class=\"column-4\">2\u2019<\/td>\n<\/tr>\n<tr class=\"row-19\">\n\t<td class=\"column-1\">51568S<\/td><td class=\"column-2\">ROD, HQ 1FT SUPER<\/td><td class=\"column-3\">Sede<\/td><td class=\"column-4\">1\u2019<\/td>\n<\/tr>\n<tr class=\"row-20\">\n\t<td class=\"column-1\">51569S<\/td><td class=\"column-2\">ROD, HQ 2FT SUPER<\/td><td class=\"column-3\">Sede<\/td><td class=\"column-4\">2\u00a0\u2018<\/td>\n<\/tr>\n<\/tbody>\n<\/table>\n<!-- #tablepress-741 from cache --><\/p>\n<p class=\"p_tc\">&nbsp;\n<\/div><\/div><\/div><\/div>\n\t\t\n\t\t\n\t<\/section>","protected":false},"excerpt":{"rendered":"","protected":false},"author":66,"featured_media":0,"parent":0,"menu_order":0,"comment_status":"closed","ping_status":"closed","template":"front-page.php","meta":{"_uag_custom_page_level_css":"","_monsterinsights_skip_tracking":false,"_monsterinsights_sitenote_active":false,"_monsterinsights_sitenote_note":"","_monsterinsights_sitenote_category":0,"footnotes":""},"class_list":["post-31315","page","type-page","status-publish","hentry"],"acf":[],"yoast_head":"<!-- This site is optimized with the Yoast SEO plugin v27.4 - https:\/\/yoast.com\/product\/yoast-seo-wordpress\/ -->\n<title>SuperQ Coring Rods - Boart Longyear<\/title>\n<meta name=\"robots\" content=\"index, follow, max-snippet:-1, max-image-preview:large, max-video-preview:-1\" \/>\n<link rel=\"canonical\" href=\"https:\/\/www.boartlongyear.com\/es\/superq\/\" \/>\n<meta property=\"og:locale\" content=\"es_ES\" \/>\n<meta property=\"og:type\" content=\"article\" \/>\n<meta property=\"og:title\" content=\"SuperQ Coring Rods - Boart Longyear\" \/>\n<meta property=\"og:url\" content=\"https:\/\/www.boartlongyear.com\/es\/superq\/\" \/>\n<meta property=\"og:site_name\" content=\"Boart Longyear\" \/>\n<meta property=\"article:publisher\" content=\"https:\/\/www.facebook.com\/boartlongyearcareers\" \/>\n<meta property=\"article:modified_time\" content=\"2025-12-18T17:39:29+00:00\" \/>\n<meta name=\"twitter:label1\" content=\"Tiempo de lectura\" \/>\n\t<meta name=\"twitter:data1\" content=\"2 minutos\" \/>\n<script type=\"application\/ld+json\" class=\"yoast-schema-graph\">{\"@context\":\"https:\\\/\\\/schema.org\",\"@graph\":[{\"@type\":\"WebPage\",\"@id\":\"https:\\\/\\\/www.boartlongyear.com\\\/superq\\\/\",\"url\":\"https:\\\/\\\/www.boartlongyear.com\\\/superq\\\/\",\"name\":\"SuperQ Coring Rods - Boart Longyear\",\"isPartOf\":{\"@id\":\"https:\\\/\\\/www.boartlongyear.com\\\/#website\"},\"datePublished\":\"2025-09-04T00:35:07+00:00\",\"dateModified\":\"2025-12-18T17:39:29+00:00\",\"breadcrumb\":{\"@id\":\"https:\\\/\\\/www.boartlongyear.com\\\/superq\\\/#breadcrumb\"},\"inLanguage\":\"es\",\"potentialAction\":[{\"@type\":\"ReadAction\",\"target\":[\"https:\\\/\\\/www.boartlongyear.com\\\/superq\\\/\"]}]},{\"@type\":\"BreadcrumbList\",\"@id\":\"https:\\\/\\\/www.boartlongyear.com\\\/superq\\\/#breadcrumb\",\"itemListElement\":[{\"@type\":\"ListItem\",\"position\":1,\"name\":\"Home\",\"item\":\"https:\\\/\\\/www.boartlongyear.com\\\/\"},{\"@type\":\"ListItem\",\"position\":2,\"name\":\"SuperQ Coring Rods\"}]},{\"@type\":\"WebSite\",\"@id\":\"https:\\\/\\\/www.boartlongyear.com\\\/#website\",\"url\":\"https:\\\/\\\/www.boartlongyear.com\\\/\",\"name\":\"Boart Longyear\",\"description\":\"\",\"publisher\":{\"@id\":\"https:\\\/\\\/www.boartlongyear.com\\\/#organization\"},\"potentialAction\":[{\"@type\":\"SearchAction\",\"target\":{\"@type\":\"EntryPoint\",\"urlTemplate\":\"https:\\\/\\\/www.boartlongyear.com\\\/?s={search_term_string}\"},\"query-input\":{\"@type\":\"PropertyValueSpecification\",\"valueRequired\":true,\"valueName\":\"search_term_string\"}}],\"inLanguage\":\"es\"},{\"@type\":\"Organization\",\"@id\":\"https:\\\/\\\/www.boartlongyear.com\\\/#organization\",\"name\":\"Boart Longyear\",\"url\":\"https:\\\/\\\/www.boartlongyear.com\\\/\",\"logo\":{\"@type\":\"ImageObject\",\"inLanguage\":\"es\",\"@id\":\"https:\\\/\\\/www.boartlongyear.com\\\/#\\\/schema\\\/logo\\\/image\\\/\",\"url\":\"https:\\\/\\\/www.boartlongyear.com\\\/wp-content\\\/uploads\\\/BLY-Double-Stack.png\",\"contentUrl\":\"https:\\\/\\\/www.boartlongyear.com\\\/wp-content\\\/uploads\\\/BLY-Double-Stack.png\",\"width\":400,\"height\":100,\"caption\":\"Boart Longyear\"},\"image\":{\"@id\":\"https:\\\/\\\/www.boartlongyear.com\\\/#\\\/schema\\\/logo\\\/image\\\/\"},\"sameAs\":[\"https:\\\/\\\/www.facebook.com\\\/boartlongyearcareers\",\"https:\\\/\\\/x.com\\\/boartlongyear\",\"https:\\\/\\\/www.instagram.com\\\/boartlongyear\",\"https:\\\/\\\/www.linkedin.com\\\/company\\\/boart-longyear\",\"https:\\\/\\\/www.youtube.com\\\/user\\\/BoartLongyear1\"]}]}<\/script>\n<!-- \/ Yoast SEO plugin. -->","yoast_head_json":{"title":"SuperQ Coring Rods - Boart Longyear","robots":{"index":"index","follow":"follow","max-snippet":"max-snippet:-1","max-image-preview":"max-image-preview:large","max-video-preview":"max-video-preview:-1"},"canonical":"https:\/\/www.boartlongyear.com\/es\/superq\/","og_locale":"es_ES","og_type":"article","og_title":"SuperQ Coring Rods - Boart Longyear","og_url":"https:\/\/www.boartlongyear.com\/es\/superq\/","og_site_name":"Boart Longyear","article_publisher":"https:\/\/www.facebook.com\/boartlongyearcareers","article_modified_time":"2025-12-18T17:39:29+00:00","twitter_misc":{"Tiempo de lectura":"2 minutos"},"schema":{"@context":"https:\/\/schema.org","@graph":[{"@type":"WebPage","@id":"https:\/\/www.boartlongyear.com\/superq\/","url":"https:\/\/www.boartlongyear.com\/superq\/","name":"SuperQ Coring Rods - Boart Longyear","isPartOf":{"@id":"https:\/\/www.boartlongyear.com\/#website"},"datePublished":"2025-09-04T00:35:07+00:00","dateModified":"2025-12-18T17:39:29+00:00","breadcrumb":{"@id":"https:\/\/www.boartlongyear.com\/superq\/#breadcrumb"},"inLanguage":"es","potentialAction":[{"@type":"ReadAction","target":["https:\/\/www.boartlongyear.com\/superq\/"]}]},{"@type":"BreadcrumbList","@id":"https:\/\/www.boartlongyear.com\/superq\/#breadcrumb","itemListElement":[{"@type":"ListItem","position":1,"name":"Home","item":"https:\/\/www.boartlongyear.com\/"},{"@type":"ListItem","position":2,"name":"SuperQ Coring Rods"}]},{"@type":"WebSite","@id":"https:\/\/www.boartlongyear.com\/#website","url":"https:\/\/www.boartlongyear.com\/","name":"Boart Longyear","description":"","publisher":{"@id":"https:\/\/www.boartlongyear.com\/#organization"},"potentialAction":[{"@type":"SearchAction","target":{"@type":"EntryPoint","urlTemplate":"https:\/\/www.boartlongyear.com\/?s={search_term_string}"},"query-input":{"@type":"PropertyValueSpecification","valueRequired":true,"valueName":"search_term_string"}}],"inLanguage":"es"},{"@type":"Organization","@id":"https:\/\/www.boartlongyear.com\/#organization","name":"Boart Longyear","url":"https:\/\/www.boartlongyear.com\/","logo":{"@type":"ImageObject","inLanguage":"es","@id":"https:\/\/www.boartlongyear.com\/#\/schema\/logo\/image\/","url":"https:\/\/www.boartlongyear.com\/wp-content\/uploads\/BLY-Double-Stack.png","contentUrl":"https:\/\/www.boartlongyear.com\/wp-content\/uploads\/BLY-Double-Stack.png","width":400,"height":100,"caption":"Boart Longyear"},"image":{"@id":"https:\/\/www.boartlongyear.com\/#\/schema\/logo\/image\/"},"sameAs":["https:\/\/www.facebook.com\/boartlongyearcareers","https:\/\/x.com\/boartlongyear","https:\/\/www.instagram.com\/boartlongyear","https:\/\/www.linkedin.com\/company\/boart-longyear","https:\/\/www.youtube.com\/user\/BoartLongyear1"]}]}},"uagb_featured_image_src":{"full":false,"thumbnail":false,"medium":false,"medium_large":false,"large":false,"RoboGalleryMansoryImagesCenter":false,"RoboGalleryPreload":false,"1536x1536":false,"2048x2048":false,"trp-custom-language-flag":false,"alm-thumbnail":false,"tptn_thumbnail":false},"uagb_author_info":{"display_name":"Marketing","author_link":"https:\/\/www.boartlongyear.com\/es\/insite\/author\/jamesburris\/"},"uagb_comment_info":0,"uagb_excerpt":null,"_links":{"self":[{"href":"https:\/\/www.boartlongyear.com\/es\/wp-json\/wp\/v2\/pages\/31315","targetHints":{"allow":["GET"]}}],"collection":[{"href":"https:\/\/www.boartlongyear.com\/es\/wp-json\/wp\/v2\/pages"}],"about":[{"href":"https:\/\/www.boartlongyear.com\/es\/wp-json\/wp\/v2\/types\/page"}],"author":[{"embeddable":true,"href":"https:\/\/www.boartlongyear.com\/es\/wp-json\/wp\/v2\/users\/66"}],"replies":[{"embeddable":true,"href":"https:\/\/www.boartlongyear.com\/es\/wp-json\/wp\/v2\/comments?post=31315"}],"version-history":[{"count":0,"href":"https:\/\/www.boartlongyear.com\/es\/wp-json\/wp\/v2\/pages\/31315\/revisions"}],"wp:attachment":[{"href":"https:\/\/www.boartlongyear.com\/es\/wp-json\/wp\/v2\/media?parent=31315"}],"curies":[{"name":"wp","href":"https:\/\/api.w.org\/{rel}","templated":true}]}}