{"id":7461,"date":"2013-07-17T07:58:48","date_gmt":"2013-07-17T13:58:48","guid":{"rendered":"http:\/\/blystaging.sawayaconsulting.com\/?page_id=7461"},"modified":"2017-10-17T11:18:24","modified_gmt":"2017-10-17T17:18:24","slug":"warranty","status":"publish","type":"page","link":"https:\/\/www.boartlongyear.com\/es\/warranty\/","title":{"rendered":"Garant\u00eda"},"content":{"rendered":"<h1>GARANT\u00cdA<\/h1>\n<p>Garant\u00eda limitada.<\/p>\n<p>(a) Consumibles. BOART LONGYEAR garantiza por un per\u00edodo de un (1) a\u00f1o posterior a la fecha de env\u00edo de los productos consumibles fabricados por \u00e9l, o la prestaci\u00f3n de servicios relacionados, conforme al Contrato, que dichos productos de consumo est\u00e1n libres de defectos en materiales y mano de obra, y tales los servicios se realizan de manera profesional y profesional; sin embargo, con respecto a los productos consumibles comprados a trav\u00e9s de un distribuidor autorizado de BOART LONGYEAR, el per\u00edodo de garant\u00eda comenzar\u00e1 en la fecha de compra por parte del usuario final.<\/p>\n<p>(b) Equipo de Capital. BOART LONGYEAR garantiza por un per\u00edodo igual al menor de (i) un (1) a\u00f1o despu\u00e9s de la fecha de env\u00edo, o (ii) las 1,000 horas de funcionamiento iniciales. BOART LONGYEAR garantiza por un per\u00edodo de seis (6) meses despu\u00e9s de la prestaci\u00f3n de los servicios relacionados que dichos servicios se realizan de manera profesional y profesional.<\/p>\n<p>(c) T\u00e9rminos generales. BOART LONGYEAR adem\u00e1s garantiza que, en la medida aplicable, a partir de la fecha de env\u00edo o ejecuci\u00f3n, todos los bienes fabricados por \u00e9l y los servicios prestados se ajustar\u00e1n a las especificaciones escritas acordadas entre las partes. ESTA ES LA \u00daNICA GARANT\u00cdA DE BOART LONGYEAR. BOART LONGYEAR NO HACE NINGUNA OTRA GARANT\u00cdA, INCLUYENDO SIN LIMITACI\u00d3N, CUALQUIER GARANT\u00cdA DE COMERCIABILIDAD O IDONEIDAD PARA UN PROP\u00d3SITO EN PARTICULAR. Como condici\u00f3n para las obligaciones de la garant\u00eda de BOART LONGYEAR, cualquier mercanc\u00eda que se reclame como defectuosa bajo la garant\u00eda anterior debe devolverse a la instalaci\u00f3n designada por BOART LONGYEAR, cuya devoluci\u00f3n se realizar\u00e1 inmediatamente despu\u00e9s de que el Comprador descubra el supuesto defecto. Con respecto a los productos consumibles comprados a trav\u00e9s de un distribuidor autorizado de BOART LONGYEARTM, la parte que realiza el reclamo de garant\u00eda tambi\u00e9n debe entregar a BOART LONGYEAR evidencia razonable de la fecha de compra. BOART LONGYEAR realizar\u00e1 su examen de los productos devueltos por el Comprador e informar\u00e1 los resultados de su examen al Comprador dentro de los treinta (30) d\u00edas posteriores a la recepci\u00f3n de dichos bienes por parte del Comprador, o, si se requiere m\u00e1s tiempo para completar dicho examen, dentro del tiempo que se requerir\u00eda mediante el ejercicio de una diligencia razonable. Como una condici\u00f3n adicional a las obligaciones de BOART LONGYEAR en virtud del presente por incumplimiento de la garant\u00eda, el Comprador deber\u00e1 ofrecer su cooperaci\u00f3n razonable y asistir a BOART LONGYEAR en el curso de la revisi\u00f3n de cualquier reclamo de garant\u00eda por parte de BOART LONGYEAR. Si as\u00ed lo solicita el Comprador, BOART LONGYEAR reparar\u00e1 o reemplazar\u00e1 inmediatamente a expensas de BOART LONGYEAR. Productos que no se ajustan a la garant\u00eda de BOART LONGYEAR tal como se establece en este documento. Toda remoci\u00f3n e instalaci\u00f3n de bienes correr\u00e1 a cargo del Comprador. BOART LONGYEAR se reserva el derecho de reembolsar al Comprador por un monto igual al precio de compra de cualquier producto defectuoso en lugar de proporcionar bienes reparados o de reemplazo. No obstante lo dispuesto en este documento en sentido contrario, en ning\u00fan caso BOART LONGYEAR ser\u00e1 responsable por el incumplimiento de la garant\u00eda o de ninguna otra forma en lo que se refiere a: (i) el desgaste normal; (ii) corrosi\u00f3n, abrasi\u00f3n o erosi\u00f3n; (iii) cualquier bien, componente, repuestos, software o servicio que, luego de la entrega o el desempe\u00f1o de BOART LONGYEAR, haya estado sujeto a accidente, abuso, mala aplicaci\u00f3n, modificaci\u00f3n, reparaci\u00f3n incorrecta, alteraci\u00f3n, instalaci\u00f3n o mantenimiento incorrectos, negligencia o funcionamiento excesivo condiciones; (iv) defectos resultantes de las especificaciones o dise\u00f1os del Comprador o los de sus contratistas o subcontratistas que no sean BOART LONGYEAR; (v) defectos asociados con piezas o materiales consumibles, cuya vida \u00fatil es m\u00e1s corta que el per\u00edodo de garant\u00eda establecido en esta Secci\u00f3n; (vi) defectos asociados con las especificaciones o dise\u00f1os del Comprador o los de sus contratistas o subcontratistas que no sean BOART LONGYEAR; (vii) 119 defectos resultantes de la fabricaci\u00f3n, distribuci\u00f3n, promoci\u00f3n o venta de productos propios del Comprador; o (viii) accesorios de cualquier tipo utilizados por el Comprador que no sean fabricados o aprobados por BOART LONGYEAR.<\/p>\n<p>(d) Bienes de origen. Si las piezas o componentes defectuosos no son fabricados por BOART LONGYEAR, la garant\u00eda del fabricante de esas piezas o componentes defectuosos es aceptada por el Comprador y es la \u00fanica garant\u00eda dada al Comprador con respecto a las piezas o componentes defectuosos. BOART LONGYEAR acuerda asignar al Comprador, a petici\u00f3n del Comprador, el beneficio de cualquier garant\u00eda o derecho a las piezas o componentes defectuosos que el fabricante haya otorgado a BOART LONGYEAR en virtud de cualquier contrato o por implicaci\u00f3n u operaci\u00f3n legal en la medida en que el el beneficio de cualquier garant\u00eda o derecho es asignable.<\/p>\n<p>(e) Limitaci\u00f3n de responsabilidad. Salvo lo dispuesto en este documento, BOART LONGYEAR no ser\u00e1 responsable en ning\u00fan caso por da\u00f1os indirectos, incidentales, especiales, consecuentes, punitivos o similares, incluidos, entre otros, p\u00e9rdidas de beneficios, p\u00e9rdida de datos o p\u00e9rdidas por interrupci\u00f3n del negocio. En ning\u00fan caso la responsabilidad total agregada de BOART LONGYEAR bajo el Contrato exceder\u00e1 el valor del Contrato bajo el cual se reclama la responsabilidad. Las limitaciones de responsabilidad se aplicar\u00e1n incluso si BOART LONGYEAR ha sido notificado de la posibilidad o posibilidad de que se produzcan tales da\u00f1os y sin importar la forma de acci\u00f3n, ya sea por contrato, negligencia, responsabilidad estricta, responsabilidad extracontractual, responsabilidad por productos u otros. Las partes acuerdan que estos l\u00edmites de responsabilidad sobrevivir\u00e1n y continuar\u00e1n en pleno vigor y efecto a pesar de la terminaci\u00f3n o expiraci\u00f3n de cualquier Contrato. Cualquier acci\u00f3n del Comprador contra BOART LONGYEAR debe comenzar dentro de un a\u00f1o despu\u00e9s de que se haya acumulado la causa de la acci\u00f3n. Ning\u00fan empleado o agente de BOART LONGYEAR est\u00e1 autorizado a realizar ninguna otra garant\u00eda que no sea la que se establece espec\u00edficamente en este documento. Las disposiciones en cualquier especificaci\u00f3n, folleto o gr\u00e1fico emitidas por BOART LONGYEAR son descriptivas \u00fanicamente y no son garant\u00edas.<\/p>\n<p>&nbsp;<\/p>\n<p>&nbsp;<\/p>","protected":false},"excerpt":{"rendered":"<p>WARRANTY Limited Warranty. (a) Consumables. BOART LONGYEAR warrants for a period of one (1) year after the date of shipment of the consumable products manufactured by it, or the performance of related services, under the Contract, that such consumable products are free from defects in materials and workmanship and such services are performed in a [&hellip;]<\/p>\n","protected":false},"author":66,"featured_media":0,"parent":0,"menu_order":0,"comment_status":"open","ping_status":"open","template":"sidebar-dynamic.php","meta":{"_uag_custom_page_level_css":"","_monsterinsights_skip_tracking":false,"_monsterinsights_sitenote_active":false,"_monsterinsights_sitenote_note":"","_monsterinsights_sitenote_category":0,"footnotes":""},"class_list":["post-7461","page","type-page","status-publish","hentry"],"acf":[],"yoast_head":"<!-- This site is optimized with the Yoast SEO plugin v27.4 - https:\/\/yoast.com\/product\/yoast-seo-wordpress\/ -->\n<title>Warranty \u2014 Products and Services of Boart Longyear<\/title>\n<meta name=\"description\" content=\"Boart Longyear&#039;s warranty is for one year after the date of shipment of the consumable products manufactured by it, or the performance of related services.\" \/>\n<meta name=\"robots\" content=\"index, follow, max-snippet:-1, max-image-preview:large, max-video-preview:-1\" \/>\n<link rel=\"canonical\" href=\"https:\/\/www.boartlongyear.com\/es\/warranty\/\" \/>\n<meta property=\"og:locale\" content=\"es_ES\" \/>\n<meta property=\"og:type\" content=\"article\" \/>\n<meta property=\"og:title\" content=\"Warranty \u2014 Products and Services of Boart Longyear\" \/>\n<meta property=\"og:description\" content=\"Boart Longyear&#039;s warranty is for one year after the date of shipment of the consumable products manufactured by it, or the performance of related services.\" \/>\n<meta property=\"og:url\" content=\"https:\/\/www.boartlongyear.com\/es\/warranty\/\" \/>\n<meta property=\"og:site_name\" content=\"Boart Longyear\" \/>\n<meta property=\"article:publisher\" content=\"https:\/\/www.facebook.com\/boartlongyearcareers\" \/>\n<meta property=\"article:modified_time\" content=\"2017-10-17T17:18:24+00:00\" \/>\n<meta name=\"twitter:label1\" content=\"Tiempo de lectura\" \/>\n\t<meta name=\"twitter:data1\" content=\"5 minutos\" \/>\n<script type=\"application\/ld+json\" class=\"yoast-schema-graph\">{\"@context\":\"https:\\\/\\\/schema.org\",\"@graph\":[{\"@type\":\"WebPage\",\"@id\":\"https:\\\/\\\/www.boartlongyear.com\\\/fr\\\/warranty\\\/\",\"url\":\"https:\\\/\\\/www.boartlongyear.com\\\/fr\\\/warranty\\\/\",\"name\":\"Warranty \u2014 Products and Services of Boart Longyear\",\"isPartOf\":{\"@id\":\"https:\\\/\\\/www.boartlongyear.com\\\/#website\"},\"datePublished\":\"2013-07-17T13:58:48+00:00\",\"dateModified\":\"2017-10-17T17:18:24+00:00\",\"description\":\"Boart Longyear's warranty is for one year after the date of shipment of the consumable products manufactured by it, or the performance of related services.\",\"breadcrumb\":{\"@id\":\"https:\\\/\\\/www.boartlongyear.com\\\/fr\\\/warranty\\\/#breadcrumb\"},\"inLanguage\":\"es\",\"potentialAction\":[{\"@type\":\"ReadAction\",\"target\":[\"https:\\\/\\\/www.boartlongyear.com\\\/fr\\\/warranty\\\/\"]}]},{\"@type\":\"BreadcrumbList\",\"@id\":\"https:\\\/\\\/www.boartlongyear.com\\\/fr\\\/warranty\\\/#breadcrumb\",\"itemListElement\":[{\"@type\":\"ListItem\",\"position\":1,\"name\":\"Home\",\"item\":\"https:\\\/\\\/www.boartlongyear.com\\\/\"},{\"@type\":\"ListItem\",\"position\":2,\"name\":\"Warranty\"}]},{\"@type\":\"WebSite\",\"@id\":\"https:\\\/\\\/www.boartlongyear.com\\\/#website\",\"url\":\"https:\\\/\\\/www.boartlongyear.com\\\/\",\"name\":\"Boart Longyear\",\"description\":\"\",\"publisher\":{\"@id\":\"https:\\\/\\\/www.boartlongyear.com\\\/#organization\"},\"potentialAction\":[{\"@type\":\"SearchAction\",\"target\":{\"@type\":\"EntryPoint\",\"urlTemplate\":\"https:\\\/\\\/www.boartlongyear.com\\\/?s={search_term_string}\"},\"query-input\":{\"@type\":\"PropertyValueSpecification\",\"valueRequired\":true,\"valueName\":\"search_term_string\"}}],\"inLanguage\":\"es\"},{\"@type\":\"Organization\",\"@id\":\"https:\\\/\\\/www.boartlongyear.com\\\/#organization\",\"name\":\"Boart Longyear\",\"url\":\"https:\\\/\\\/www.boartlongyear.com\\\/\",\"logo\":{\"@type\":\"ImageObject\",\"inLanguage\":\"es\",\"@id\":\"https:\\\/\\\/www.boartlongyear.com\\\/#\\\/schema\\\/logo\\\/image\\\/\",\"url\":\"https:\\\/\\\/www.boartlongyear.com\\\/wp-content\\\/uploads\\\/BLY-Double-Stack.png\",\"contentUrl\":\"https:\\\/\\\/www.boartlongyear.com\\\/wp-content\\\/uploads\\\/BLY-Double-Stack.png\",\"width\":400,\"height\":100,\"caption\":\"Boart Longyear\"},\"image\":{\"@id\":\"https:\\\/\\\/www.boartlongyear.com\\\/#\\\/schema\\\/logo\\\/image\\\/\"},\"sameAs\":[\"https:\\\/\\\/www.facebook.com\\\/boartlongyearcareers\",\"https:\\\/\\\/x.com\\\/boartlongyear\",\"https:\\\/\\\/www.instagram.com\\\/boartlongyear\",\"https:\\\/\\\/www.linkedin.com\\\/company\\\/boart-longyear\",\"https:\\\/\\\/www.youtube.com\\\/user\\\/BoartLongyear1\"]}]}<\/script>\n<!-- \/ Yoast SEO plugin. -->","yoast_head_json":{"title":"Warranty - Productos y servicios de Boart Longyear","description":"La garant\u00eda de Boart Longyear es de un a\u00f1o despu\u00e9s de la fecha de env\u00edo de los productos consumibles fabricados por \u00e9l o de la prestaci\u00f3n de servicios relacionados.","robots":{"index":"index","follow":"follow","max-snippet":"max-snippet:-1","max-image-preview":"max-image-preview:large","max-video-preview":"max-video-preview:-1"},"canonical":"https:\/\/www.boartlongyear.com\/es\/warranty\/","og_locale":"es_ES","og_type":"article","og_title":"Warranty \u2014 Products and Services of Boart Longyear","og_description":"Boart Longyear's warranty is for one year after the date of shipment of the consumable products manufactured by it, or the performance of related services.","og_url":"https:\/\/www.boartlongyear.com\/es\/warranty\/","og_site_name":"Boart Longyear","article_publisher":"https:\/\/www.facebook.com\/boartlongyearcareers","article_modified_time":"2017-10-17T17:18:24+00:00","twitter_misc":{"Tiempo de lectura":"5 minutos"},"schema":{"@context":"https:\/\/schema.org","@graph":[{"@type":"WebPage","@id":"https:\/\/www.boartlongyear.com\/fr\/warranty\/","url":"https:\/\/www.boartlongyear.com\/fr\/warranty\/","name":"Warranty - Productos y servicios de Boart Longyear","isPartOf":{"@id":"https:\/\/www.boartlongyear.com\/#website"},"datePublished":"2013-07-17T13:58:48+00:00","dateModified":"2017-10-17T17:18:24+00:00","description":"La garant\u00eda de Boart Longyear es de un a\u00f1o despu\u00e9s de la fecha de env\u00edo de los productos consumibles fabricados por \u00e9l o de la prestaci\u00f3n de servicios relacionados.","breadcrumb":{"@id":"https:\/\/www.boartlongyear.com\/fr\/warranty\/#breadcrumb"},"inLanguage":"es","potentialAction":[{"@type":"ReadAction","target":["https:\/\/www.boartlongyear.com\/fr\/warranty\/"]}]},{"@type":"BreadcrumbList","@id":"https:\/\/www.boartlongyear.com\/fr\/warranty\/#breadcrumb","itemListElement":[{"@type":"ListItem","position":1,"name":"Home","item":"https:\/\/www.boartlongyear.com\/"},{"@type":"ListItem","position":2,"name":"Warranty"}]},{"@type":"WebSite","@id":"https:\/\/www.boartlongyear.com\/#website","url":"https:\/\/www.boartlongyear.com\/","name":"Boart Longyear","description":"","publisher":{"@id":"https:\/\/www.boartlongyear.com\/#organization"},"potentialAction":[{"@type":"SearchAction","target":{"@type":"EntryPoint","urlTemplate":"https:\/\/www.boartlongyear.com\/?s={search_term_string}"},"query-input":{"@type":"PropertyValueSpecification","valueRequired":true,"valueName":"search_term_string"}}],"inLanguage":"es"},{"@type":"Organization","@id":"https:\/\/www.boartlongyear.com\/#organization","name":"Boart Longyear","url":"https:\/\/www.boartlongyear.com\/","logo":{"@type":"ImageObject","inLanguage":"es","@id":"https:\/\/www.boartlongyear.com\/#\/schema\/logo\/image\/","url":"https:\/\/www.boartlongyear.com\/wp-content\/uploads\/BLY-Double-Stack.png","contentUrl":"https:\/\/www.boartlongyear.com\/wp-content\/uploads\/BLY-Double-Stack.png","width":400,"height":100,"caption":"Boart Longyear"},"image":{"@id":"https:\/\/www.boartlongyear.com\/#\/schema\/logo\/image\/"},"sameAs":["https:\/\/www.facebook.com\/boartlongyearcareers","https:\/\/x.com\/boartlongyear","https:\/\/www.instagram.com\/boartlongyear","https:\/\/www.linkedin.com\/company\/boart-longyear","https:\/\/www.youtube.com\/user\/BoartLongyear1"]}]}},"uagb_featured_image_src":{"full":false,"thumbnail":false,"medium":false,"medium_large":false,"large":false,"RoboGalleryMansoryImagesCenter":false,"RoboGalleryPreload":false,"1536x1536":false,"2048x2048":false,"trp-custom-language-flag":false,"alm-thumbnail":false,"tptn_thumbnail":false},"uagb_author_info":{"display_name":"Marketing","author_link":"https:\/\/www.boartlongyear.com\/es\/insite\/author\/jamesburris\/"},"uagb_comment_info":0,"uagb_excerpt":"WARRANTY Limited Warranty. (a) Consumables. BOART LONGYEAR warrants for a period of one (1) year after the date of shipment of the consumable products manufactured by it, or the performance of related services, under the Contract, that such consumable products are free from defects in materials and workmanship and such services are performed in a&hellip;","_links":{"self":[{"href":"https:\/\/www.boartlongyear.com\/es\/wp-json\/wp\/v2\/pages\/7461","targetHints":{"allow":["GET"]}}],"collection":[{"href":"https:\/\/www.boartlongyear.com\/es\/wp-json\/wp\/v2\/pages"}],"about":[{"href":"https:\/\/www.boartlongyear.com\/es\/wp-json\/wp\/v2\/types\/page"}],"author":[{"embeddable":true,"href":"https:\/\/www.boartlongyear.com\/es\/wp-json\/wp\/v2\/users\/66"}],"replies":[{"embeddable":true,"href":"https:\/\/www.boartlongyear.com\/es\/wp-json\/wp\/v2\/comments?post=7461"}],"version-history":[{"count":0,"href":"https:\/\/www.boartlongyear.com\/es\/wp-json\/wp\/v2\/pages\/7461\/revisions"}],"wp:attachment":[{"href":"https:\/\/www.boartlongyear.com\/es\/wp-json\/wp\/v2\/media?parent=7461"}],"curies":[{"name":"wp","href":"https:\/\/api.w.org\/{rel}","templated":true}]}}