{"id":14694,"date":"2016-01-21T12:52:38","date_gmt":"2016-01-21T19:52:38","guid":{"rendered":"https:\/\/www.boartlongyear.com\/?page_id=14694"},"modified":"2026-01-13T09:00:53","modified_gmt":"2026-01-13T16:00:53","slug":"contact-us","status":"publish","type":"page","link":"https:\/\/www.boartlongyear.com\/fr\/contact-us\/","title":{"rendered":"Contactez nous"},"content":{"rendered":"<section class=\"tcvpb_section_tc\">\n\t\t\n\t\t<div class=\"tcvpb_section_content\"><div class=\"tcvpb_container\"><div class=\"tcvpb_column_tc_span12\"><div  class=\"\" ><\/div><\/div><\/div><\/div>\n\t\t\n\t\t\n\t<\/section><section class=\"tcvpb_section_tc\">\n\t\t\n\t\t<div class=\"tcvpb_section_content\"><div class=\"tcvpb_container\"><div class=\"tcvpb_column_tc_span12\"><div  class=\"\" ><\/div><\/div><\/div><\/div>\n\t\t\n\t\t\n\t<\/section><section class=\"tcvpb_section_tc\">\n\t\t\n\t\t<div class=\"tcvpb_section_content\"><div class=\"tcvpb_container\"><div class=\"tcvpb_column_tc_span12\"><div  class=\"\" ><\/div><\/div><\/div><\/div>\n\t\t\n\t\t\n\t<\/section><section class=\"tcvpb_section_tc nobottompad\">\n\t\t\n\t\t<div class=\"tcvpb_section_content\"><div class=\"tcvpb_container\"><div class=\"tcvpb_column_tc_span12\"><h1  ><span>Contactez nous<\/span><\/h1><\/div><\/div><\/div>\n\t\t\n\t\t\n\t<\/section><section class=\"tcvpb_section_tc nobottompad\">\n\t\t\n\t\t<div class=\"tcvpb_section_content\"><div class=\"tcvpb_container\"><div class=\"tcvpb_column_tc_span6\"><h2  ><span><span style=\"color: #000000; font-size: 24pt;\">En qu\u00eate d&#039;une carri\u00e8re chez Boart Longyear?<\/span><\/span><\/h2><a  href=\"https:\/\/careers.boartlongyear.com\/?utm_source=homepage-searchbar&#038;utm_medium=link&#038;utm_campaign=tracking&#038;vs=4640\" target=\"_blank\" class=\"tcvpb-button tcvpb-button_normal tcvpb-button_large\" style=\"color: #ffffff;background:rgb(227, 114, 34);\">Rechercher des postes \u00e0 pourvoir<\/a><span class=\"clear\" style=\"height:15px;display:block;\"><\/span><span class=\"clear\" style=\"height:15px;display:block;\"><\/span><h2  ><span><span style=\"font-size: 24pt;\">CUSTOMER SERVICE CONTACTS<\/span><\/span><\/h2><div  class=\"\" >\n<p class=\"p_tc\"><strong>Am\u00e9rique latine<\/strong><br>+51 1 203 4200<\/p>\n<p class=\"p_tc\"><strong>Asie-Pacifique<\/strong><br>+61 8 8375 8375<\/p>\n<p class=\"p_tc\"><strong>Canada<\/strong><br>+1 705 474 2800<\/p>\n<p class=\"p_tc\"><strong>\u00c9tats Unis<\/strong><br>+1 801 977 3300<\/p>\n<p class=\"p_tc\"><strong>Mexico<\/strong><br>+ 52 492 158 0661<\/p>\n<p class=\"p_tc\"><strong>Europe, Middle East<\/strong><br>+48 661 892 800<\/p>\n<p class=\"p_tc\"><strong>Africa (N\/E\/W\/S)<\/strong><br>+27 11 767 9399<\/p>\n<\/div><\/div><div class=\"tcvpb_column_tc_span6\" style=\"padding-top:20px;padding-right:20px;padding-bottom:20px;padding-left:20px;background-color:rgb(0, 0, 0);\"><div  class=\"\" >\n<div class=\"pipedriveWebForms\" data-pd-webforms=\"https:\/\/webforms.pipedrive.com\/f\/IUMtwtBz3sHZw8JwqJ1fCUFHl3Lcj3gy95zEBgRtmMrIRto8QzEGdB7VMTIGg8P\"><script src=\"https:\/\/webforms.pipedrive.com\/f\/loader\"><\/script><\/div>\n<p class=\"p_tc\"><\/div><\/div><\/div><\/div>\n\t\t\n\t\t\n\t<\/section><section class=\"tcvpb_section_tc\">\n\t\t\n\t\t<div class=\"tcvpb_section_content\"><div class=\"tcvpb_container\"><div class=\"tcvpb_column_tc_span4\"><h2  ><span>Global Offices<\/span><\/h2><div  class=\"\" >\n<p class=\"p_tc\"><strong>Si\u00e8ge mondial<\/strong><br>2455 sud 3600 ouest<br>West Valley City, Utah 84119<br>les \u00c9tats-Unis d&#039;Am\u00e9rique<br>T\u00e9l: +1 801 972 6430<br>Fax: +1 801 977 3374<\/p>\n<p class=\"p_tc\"><strong>Asie-Pacifique<\/strong><br>26 boulevard Butler<br>Burbridge Business Park<br>L&#039;a\u00e9roport d&#039;Ad\u00e9la\u00efde,<br>Adelaide South Australia 5950<br>Tel: +61 8 8375 8375<br>Fax: +61 8 8375 8497<\/p>\n<p class=\"p_tc\">&nbsp;\n<p class=\"p_tc\">&nbsp;\n<p class=\"p_tc\"><\/div><\/div><div class=\"tcvpb_column_tc_span4\"><div  class=\"\" >\n<p class=\"p_tc\"><strong>Am\u00e9rique latine<\/strong><br>Un V. Los Libertadores 16.500 - Sitio 1- A-2<br>Complejo Industrial Los Libertadores<br>Colina, Santiago-Chili<br>Tel: +56 2 2595 3300<\/p>\n<p class=\"p_tc\"><strong>Afrique du Sud<\/strong><br>1067 avenue Katrol<br>Robertville, Roodepoort 1709<br>Johannesburg, Afrique du Sud<br>T\u00e9l: 011 767 9300<\/p>\n<p class=\"p_tc\">&nbsp;\n<p class=\"p_tc\"><\/div><\/div><div class=\"tcvpb_column_tc_span4\"><div  class=\"\" >\n<p class=\"p_tc\"><strong>Canada<\/strong><br>2442 South Sheridan Way<br>Mississauga, Ontario<br>Canada L5J 2M7<br>T\u00e9l: +1 905 822 7922<br>Fax: +1 905 822 7232<\/p>\n<p class=\"p_tc\"><\/div><\/div><\/div><\/div>\n\t\t\n\t\t\n\t<\/section>","protected":false},"excerpt":{"rendered":"","protected":false},"author":66,"featured_media":0,"parent":0,"menu_order":0,"comment_status":"closed","ping_status":"closed","template":"","meta":{"_uag_custom_page_level_css":"","_monsterinsights_skip_tracking":false,"_monsterinsights_sitenote_active":false,"_monsterinsights_sitenote_note":"","_monsterinsights_sitenote_category":0,"footnotes":""},"class_list":["post-14694","page","type-page","status-publish","hentry"],"acf":[],"yoast_head":"<!-- This site is optimized with the Yoast SEO plugin v27.4 - https:\/\/yoast.com\/product\/yoast-seo-wordpress\/ -->\n<title>Contact Us - Boart Longyear Representatives<\/title>\n<meta name=\"description\" content=\"Boart Longyear conducts business in over 100 countries, contact a sales representative or locate a business development manager in your area.\" \/>\n<meta name=\"robots\" content=\"index, follow, max-snippet:-1, max-image-preview:large, max-video-preview:-1\" \/>\n<link rel=\"canonical\" href=\"https:\/\/www.boartlongyear.com\/fr\/contact-us\/\" \/>\n<meta property=\"og:locale\" content=\"fr_FR\" \/>\n<meta property=\"og:type\" content=\"article\" \/>\n<meta property=\"og:title\" content=\"Contact Us - Boart Longyear Representatives\" \/>\n<meta property=\"og:description\" content=\"Boart Longyear conducts business in over 100 countries, contact a sales representative or locate a business development manager in your area.\" \/>\n<meta property=\"og:url\" content=\"https:\/\/www.boartlongyear.com\/fr\/contact-us\/\" \/>\n<meta property=\"og:site_name\" content=\"Boart Longyear\" \/>\n<meta property=\"article:publisher\" content=\"https:\/\/www.facebook.com\/boartlongyearcareers\" \/>\n<meta property=\"article:modified_time\" content=\"2026-01-13T16:00:53+00:00\" \/>\n<meta name=\"twitter:label1\" content=\"Dur\u00e9e de lecture estim\u00e9e\" \/>\n\t<meta name=\"twitter:data1\" content=\"1 minute\" \/>\n<script type=\"application\/ld+json\" class=\"yoast-schema-graph\">{\"@context\":\"https:\\\/\\\/schema.org\",\"@graph\":[{\"@type\":\"WebPage\",\"@id\":\"https:\\\/\\\/www.boartlongyear.com\\\/contact-us\\\/\",\"url\":\"https:\\\/\\\/www.boartlongyear.com\\\/contact-us\\\/\",\"name\":\"Contact Us - Boart Longyear Representatives\",\"isPartOf\":{\"@id\":\"https:\\\/\\\/www.boartlongyear.com\\\/#website\"},\"datePublished\":\"2016-01-21T19:52:38+00:00\",\"dateModified\":\"2026-01-13T16:00:53+00:00\",\"description\":\"Boart Longyear conducts business in over 100 countries, contact a sales representative or locate a business development manager in your area.\",\"breadcrumb\":{\"@id\":\"https:\\\/\\\/www.boartlongyear.com\\\/contact-us\\\/#breadcrumb\"},\"inLanguage\":\"fr-FR\",\"potentialAction\":[{\"@type\":\"ReadAction\",\"target\":[\"https:\\\/\\\/www.boartlongyear.com\\\/contact-us\\\/\"]}]},{\"@type\":\"BreadcrumbList\",\"@id\":\"https:\\\/\\\/www.boartlongyear.com\\\/contact-us\\\/#breadcrumb\",\"itemListElement\":[{\"@type\":\"ListItem\",\"position\":1,\"name\":\"Home\",\"item\":\"https:\\\/\\\/www.boartlongyear.com\\\/\"},{\"@type\":\"ListItem\",\"position\":2,\"name\":\"Contact Us\"}]},{\"@type\":\"WebSite\",\"@id\":\"https:\\\/\\\/www.boartlongyear.com\\\/#website\",\"url\":\"https:\\\/\\\/www.boartlongyear.com\\\/\",\"name\":\"Boart Longyear\",\"description\":\"\",\"publisher\":{\"@id\":\"https:\\\/\\\/www.boartlongyear.com\\\/#organization\"},\"potentialAction\":[{\"@type\":\"SearchAction\",\"target\":{\"@type\":\"EntryPoint\",\"urlTemplate\":\"https:\\\/\\\/www.boartlongyear.com\\\/?s={search_term_string}\"},\"query-input\":{\"@type\":\"PropertyValueSpecification\",\"valueRequired\":true,\"valueName\":\"search_term_string\"}}],\"inLanguage\":\"fr-FR\"},{\"@type\":\"Organization\",\"@id\":\"https:\\\/\\\/www.boartlongyear.com\\\/#organization\",\"name\":\"Boart Longyear\",\"url\":\"https:\\\/\\\/www.boartlongyear.com\\\/\",\"logo\":{\"@type\":\"ImageObject\",\"inLanguage\":\"fr-FR\",\"@id\":\"https:\\\/\\\/www.boartlongyear.com\\\/#\\\/schema\\\/logo\\\/image\\\/\",\"url\":\"https:\\\/\\\/www.boartlongyear.com\\\/wp-content\\\/uploads\\\/BLY-Double-Stack.png\",\"contentUrl\":\"https:\\\/\\\/www.boartlongyear.com\\\/wp-content\\\/uploads\\\/BLY-Double-Stack.png\",\"width\":400,\"height\":100,\"caption\":\"Boart Longyear\"},\"image\":{\"@id\":\"https:\\\/\\\/www.boartlongyear.com\\\/#\\\/schema\\\/logo\\\/image\\\/\"},\"sameAs\":[\"https:\\\/\\\/www.facebook.com\\\/boartlongyearcareers\",\"https:\\\/\\\/x.com\\\/boartlongyear\",\"https:\\\/\\\/www.instagram.com\\\/boartlongyear\",\"https:\\\/\\\/www.linkedin.com\\\/company\\\/boart-longyear\",\"https:\\\/\\\/www.youtube.com\\\/user\\\/BoartLongyear1\"]}]}<\/script>\n<!-- \/ Yoast SEO plugin. -->","yoast_head_json":{"title":"Contactez-nous - Repr\u00e9sentants Boart Longyear","description":"Boart Longyear exerce ses activit\u00e9s dans plus de 100 pays, contactez un repr\u00e9sentant commercial ou recherchez un responsable du d\u00e9veloppement commercial dans votre r\u00e9gion.","robots":{"index":"index","follow":"follow","max-snippet":"max-snippet:-1","max-image-preview":"max-image-preview:large","max-video-preview":"max-video-preview:-1"},"canonical":"https:\/\/www.boartlongyear.com\/fr\/contact-us\/","og_locale":"fr_FR","og_type":"article","og_title":"Contact Us - Boart Longyear Representatives","og_description":"Boart Longyear conducts business in over 100 countries, contact a sales representative or locate a business development manager in your area.","og_url":"https:\/\/www.boartlongyear.com\/fr\/contact-us\/","og_site_name":"Boart Longyear","article_publisher":"https:\/\/www.facebook.com\/boartlongyearcareers","article_modified_time":"2026-01-13T16:00:53+00:00","twitter_misc":{"Dur\u00e9e de lecture estim\u00e9e":"1 minute"},"schema":{"@context":"https:\/\/schema.org","@graph":[{"@type":"WebPage","@id":"https:\/\/www.boartlongyear.com\/contact-us\/","url":"https:\/\/www.boartlongyear.com\/contact-us\/","name":"Contactez-nous - Repr\u00e9sentants Boart Longyear","isPartOf":{"@id":"https:\/\/www.boartlongyear.com\/#website"},"datePublished":"2016-01-21T19:52:38+00:00","dateModified":"2026-01-13T16:00:53+00:00","description":"Boart Longyear exerce ses activit\u00e9s dans plus de 100 pays, contactez un repr\u00e9sentant commercial ou recherchez un responsable du d\u00e9veloppement commercial dans votre r\u00e9gion.","breadcrumb":{"@id":"https:\/\/www.boartlongyear.com\/contact-us\/#breadcrumb"},"inLanguage":"fr-FR","potentialAction":[{"@type":"ReadAction","target":["https:\/\/www.boartlongyear.com\/contact-us\/"]}]},{"@type":"BreadcrumbList","@id":"https:\/\/www.boartlongyear.com\/contact-us\/#breadcrumb","itemListElement":[{"@type":"ListItem","position":1,"name":"Home","item":"https:\/\/www.boartlongyear.com\/"},{"@type":"ListItem","position":2,"name":"Contact Us"}]},{"@type":"WebSite","@id":"https:\/\/www.boartlongyear.com\/#website","url":"https:\/\/www.boartlongyear.com\/","name":"Boart Longyear","description":"","publisher":{"@id":"https:\/\/www.boartlongyear.com\/#organization"},"potentialAction":[{"@type":"SearchAction","target":{"@type":"EntryPoint","urlTemplate":"https:\/\/www.boartlongyear.com\/?s={search_term_string}"},"query-input":{"@type":"PropertyValueSpecification","valueRequired":true,"valueName":"search_term_string"}}],"inLanguage":"fr-FR"},{"@type":"Organization","@id":"https:\/\/www.boartlongyear.com\/#organization","name":"Boart Longyear","url":"https:\/\/www.boartlongyear.com\/","logo":{"@type":"ImageObject","inLanguage":"fr-FR","@id":"https:\/\/www.boartlongyear.com\/#\/schema\/logo\/image\/","url":"https:\/\/www.boartlongyear.com\/wp-content\/uploads\/BLY-Double-Stack.png","contentUrl":"https:\/\/www.boartlongyear.com\/wp-content\/uploads\/BLY-Double-Stack.png","width":400,"height":100,"caption":"Boart Longyear"},"image":{"@id":"https:\/\/www.boartlongyear.com\/#\/schema\/logo\/image\/"},"sameAs":["https:\/\/www.facebook.com\/boartlongyearcareers","https:\/\/x.com\/boartlongyear","https:\/\/www.instagram.com\/boartlongyear","https:\/\/www.linkedin.com\/company\/boart-longyear","https:\/\/www.youtube.com\/user\/BoartLongyear1"]}]}},"uagb_featured_image_src":{"full":false,"thumbnail":false,"medium":false,"medium_large":false,"large":false,"RoboGalleryMansoryImagesCenter":false,"RoboGalleryPreload":false,"1536x1536":false,"2048x2048":false,"trp-custom-language-flag":false,"alm-thumbnail":false,"tptn_thumbnail":false},"uagb_author_info":{"display_name":"Marketing","author_link":"https:\/\/www.boartlongyear.com\/fr\/insite\/author\/jamesburris\/"},"uagb_comment_info":0,"uagb_excerpt":null,"_links":{"self":[{"href":"https:\/\/www.boartlongyear.com\/fr\/wp-json\/wp\/v2\/pages\/14694","targetHints":{"allow":["GET"]}}],"collection":[{"href":"https:\/\/www.boartlongyear.com\/fr\/wp-json\/wp\/v2\/pages"}],"about":[{"href":"https:\/\/www.boartlongyear.com\/fr\/wp-json\/wp\/v2\/types\/page"}],"author":[{"embeddable":true,"href":"https:\/\/www.boartlongyear.com\/fr\/wp-json\/wp\/v2\/users\/66"}],"replies":[{"embeddable":true,"href":"https:\/\/www.boartlongyear.com\/fr\/wp-json\/wp\/v2\/comments?post=14694"}],"version-history":[{"count":0,"href":"https:\/\/www.boartlongyear.com\/fr\/wp-json\/wp\/v2\/pages\/14694\/revisions"}],"wp:attachment":[{"href":"https:\/\/www.boartlongyear.com\/fr\/wp-json\/wp\/v2\/media?parent=14694"}],"curies":[{"name":"wp","href":"https:\/\/api.w.org\/{rel}","templated":true}]}}