{"id":15045,"date":"2016-01-27T11:25:22","date_gmt":"2016-01-27T18:25:22","guid":{"rendered":"https:\/\/www.boartlongyear.com\/?page_id=15045"},"modified":"2022-06-01T09:38:15","modified_gmt":"2022-06-01T15:38:15","slug":"pdac2022","status":"publish","type":"page","link":"https:\/\/www.boartlongyear.com\/fr\/pdac2022\/","title":{"rendered":"PDAC 2022"},"content":{"rendered":"<section class=\"tcvpb_section_tc\">\n\t\t\n\t\t<div class=\"tcvpb_section_content\"><div class=\"tcvpb_container\"><div class=\"tcvpb_column_tc_span6\"><h1  ><span>PDAC 2022<\/span><\/h1><div  class=\"\" >\n<p class=\"p_tc\"><strong>Quand:<\/strong><br>June 13 \u2013 June 15, 2022<\/p>\n<p class=\"p_tc\"><strong>O\u00f9:<\/strong><br>Palais des congr\u00e8s du Toronto m\u00e9tropolitain<br>222, boul. Bremner, Toronto, ON<br>CANADA<\/p>\n<p class=\"p_tc\"><strong>Contact:<\/strong><br>Winston Ford\u00e9 <a href=\"mailto:winston.forde@boartlongyear.com\">winston.forde@boartlongyear.com<\/a><\/p>\n<\/div><\/div><div class=\"tcvpb_column_tc_span6\"><div  class=\"\" >\n<p class=\"p_tc\"><iframe loading=\"lazy\" style=\"border: 0;\" src=\"https:\/\/www.google.com\/maps\/embed?pb=!1m14!1m8!1m3!1d23095.562933498866!2d-79.385576!3d43.649305!3m2!1i1024!2i768!4f13.1!3m3!1m2!1s0x89d4cb2b36ddb73b%3A0x17097c8dfec905af!2sMetro+Toronto+Convention+Centre!5e0!3m2!1sen!2sca!4v1453416101913\" width=\"450\" height=\"250\" frameborder=\"0\" allowfullscreen=\"allowfullscreen\"><\/iframe><\/p>\n<\/div><\/div><\/div><\/div>\n\t\t\n\t\t\n\t<\/section><section class=\"tcvpb_section_tc\">\n\t\t\n\t\t<div class=\"tcvpb_section_content\"><div class=\"tcvpb_container\"><div class=\"tcvpb_column_tc_span6\"><h2  ><span>2022 Accomodations<\/span><\/h2><div  class=\"\" >\n<p class=\"p_tc\"><strong>Hilton Toronto<\/strong><br><strong>145 rue Richmond Ouest, Toronto, ON <\/strong><br><strong>M5H 2L2, Canada<\/strong><\/p>\n<\/div><h2  ><span>Employee Events<\/span><\/h2><div  class=\"\" >\n<p class=\"p_tc\"><strong>Dinner: Osgoode Room at the Hilton<\/strong><br>(buffet style to accommodate those arriving a little late)<\/p>\n<p class=\"p_tc\">Sunday, June 12th, 2022<br>6:00 PM \u2013 9:00 PM<\/p>\n<p class=\"p_tc\"><strong>CEO's Breakfast: York Room at the Hilton<\/strong><br>(buffet style)<\/p>\n<p class=\"p_tc\">Tuesday, June 14th, 2022 <br>7:30 AM \u2013 9:00 am <br>&nbsp;<br>&nbsp;\n<p class=\"p_tc\">&nbsp;\n<\/div><\/div><div class=\"tcvpb_column_tc_span6\"><h2  ><span>Cartes d&#039;exposition<\/span><\/h2><a  href=\"http:\/\/www.pdac.ca\/images\/default-source\/convention\/convention_2018\/convention---floor-plans\/trade_show_floorplan_2018.jpg?sfvrsn=b517cc98_14\" target=\"_blank\" class=\"tcvpb-button tcvpb-button_normal tcvpb-button_medium\" style=\"\">T\u00e9l\u00e9charger la carte PDF<\/a><span class=\"clear\" style=\"height:15px;display:block;\"><\/span><div  class=\"\" >\n<p class=\"p_tc\"><strong>Horaires des salons<\/strong><\/p>\n<table style=\"height: 118px;\" width=\"387\">\n<tbody>\n<tr>\n<td><strong>Date<\/strong><\/td>\n<td><strong>Time<\/strong><\/td>\n<\/tr>\n<tr>\n<td>Monday, June 13<\/td>\n<td>10h00 - 17h00<\/td>\n<\/tr>\n<tr>\n<td>Tuesday, June 14<\/td>\n<td>10h00 - 17h00<\/td>\n<\/tr>\n<tr>\n<td>Wednesday, June 15<\/td>\n<td>10h00 - 17h00<\/td>\n<\/tr>\n<\/tbody>\n<\/table>\n<\/div><span class=\"clear\" style=\"height:15px;display:block;\"><\/span><\/div><\/div><\/div>\n\t\t\n\t\t\n\t<\/section><section class=\"tcvpb_section_tc tcvpb-centered\" style=\"background-color:rgb(239, 239, 239);\">\n\t\t\n\t\t<div class=\"tcvpb_section_content\"><div class=\"tcvpb_container\"><div class=\"tcvpb_column_tc_span6\"><h2  ><span>Guide du restaurant<\/span><\/h2><span class=\"clear\" style=\"height:15px;display:block;\"><\/span><a  href=\"https:\/\/www.boartlongyear.com\/wp-content\/uploads\/Toronto-Restaurant-Guide.pdf\" target=\"_blank\" class=\"tcvpb-button tcvpb-button_normal tcvpb-button_medium\" style=\"\">Guide des restaurants de Toronto PDF<\/a><\/div><div class=\"tcvpb_column_tc_span6\"><h2  ><span>Horaire des cabines<\/span><\/h2><span class=\"clear\" style=\"height:15px;display:block;\"><\/span><div  class=\"\" >\n<p class=\"p_tc\" style=\"text-align: center;\"><strong>PENDING<\/strong><\/p>\n<\/div><\/div><\/div><\/div>\n\t\t\n\t\t\n\t<\/section><section class=\"tcvpb_section_tc\">\n\t\t\n\t\t<div class=\"tcvpb_section_content\"><div class=\"tcvpb_container\"><div class=\"tcvpb_column_tc_span12\"><h1  ><span>Comment r\u00e9server une salle de r\u00e9union de la PDAC dans Outlook<\/span><\/h1><div  class=\"\" >\n<p class=\"p_tc\">PDAC's meeting rooms are easily booked within Outlook. There are two rooms; the Hilton (Opus), and the Intercontinental (Grenadier).&nbsp;\n<p class=\"p_tc\"><strong>Horaires \/ dates disponibles:<\/strong><\/p>\n<p class=\"p_tc\">Hilton - Opus: June 13-15 - All Day<br>Intercontinental - Grenadier: June 13-14 - All Day<\/p>\n<\/div><\/div><\/div><\/div>\n\t\t\n\t\t\n\t<\/section><section class=\"tcvpb_section_tc\" style=\"background-color:rgb(239, 239, 239);\">\n\t\t\n\t\t<div class=\"tcvpb_section_content\"><div class=\"tcvpb_container\"><div class=\"tcvpb_column_tc_span7\"><span class=\"clear\" style=\"height:15px;display:block;\"><\/span><div  class=\"\" >\n<p class=\"p_tc\">1.&nbsp;<strong>Double clic<\/strong>&nbsp;\u00e0 la date et \u00e0 l&#039;heure auxquelles vous souhaitez programmer votre r\u00e9union.<\/p>\n<p class=\"p_tc\">2. Cliquez sur le&nbsp;<strong>Inviter des participants<\/strong>&nbsp;bouton.<\/p>\n<\/div><\/div><div class=\"tcvpb_column_tc_span5\"><span class=\"clear\" style=\"height:15px;display:block;\"><\/span><div  class=\"tcvpb-image\" ><a href=\"https:\/\/www.boartlongyear.com\/wp-content\/uploads\/pdac-1.jpg\" class=\"lightbox\" data-lightbox=\"image\"><img decoding=\"async\" src=\"https:\/\/www.boartlongyear.com\/wp-content\/uploads\/pdac-1.jpg\">\n\t\t\t<canvas class=\"grey-effect\"><\/canvas>\n\t\t\t\n\t\t<\/a><\/div><span class=\"clear\" style=\"height:35px;display:block;\"><\/span><\/div><\/div><\/div>\n\t\t\n\t\t\n\t<\/section><section class=\"tcvpb_section_tc\">\n\t\t\n\t\t<div class=\"tcvpb_section_content\"><div class=\"tcvpb_container\"><div class=\"tcvpb_column_tc_span7\"><span class=\"clear\" style=\"height:15px;display:block;\"><\/span><div  class=\"\" >\n<p class=\"p_tc\">3. Cliquez sur le <strong>\u00c0\u2026<\/strong> bouton pour rechercher les chambres disponibles pour la r\u00e9servation.<\/p>\n<\/div><\/div><div class=\"tcvpb_column_tc_span5\"><span class=\"clear\" style=\"height:15px;display:block;\"><\/span><div  class=\"tcvpb-image\" ><a href=\"https:\/\/www.boartlongyear.com\/wp-content\/uploads\/pdac2.jpg\" class=\"lightbox\" data-lightbox=\"image\"><img decoding=\"async\" src=\"https:\/\/www.boartlongyear.com\/wp-content\/uploads\/pdac2.jpg\">\n\t\t\t<canvas class=\"grey-effect\"><\/canvas>\n\t\t\t\n\t\t<\/a><\/div><\/div><\/div><\/div>\n\t\t\n\t\t\n\t<\/section><section class=\"tcvpb_section_tc\" style=\"background-color:rgb(239, 239, 239);\">\n\t\t\n\t\t<div class=\"tcvpb_section_content\"><div class=\"tcvpb_container\"><div class=\"tcvpb_column_tc_span7\"><span class=\"clear\" style=\"height:15px;display:block;\"><\/span><div  class=\"\" >\n<p class=\"p_tc\">4. Cliquez dans le <strong>chercher<\/strong> bouton et type <strong>Hilton.<\/strong> S\u00e9lectionner <strong>Hilton \u2013 Opus<\/strong>&nbsp;et cliquez sur le <strong>Champs obligatoires<\/strong> bouton. Pour v\u00e9rifier la disponibilit\u00e9 du<strong> Intercontinental - Grenadier<\/strong>, rechercher <strong>Intercon<\/strong>, s\u00e9lectionnez <strong>Intercontinental - Grenadier<\/strong>, Cliquez sur <strong>Champs obligatoires<\/strong>, puis <strong>D&#039;accord<\/strong>.<\/p>\n<\/div><\/div><div class=\"tcvpb_column_tc_span5\"><span class=\"clear\" style=\"height:15px;display:block;\"><\/span><div  class=\"tcvpb-image\" ><a href=\"https:\/\/www.boartlongyear.com\/wp-content\/uploads\/pdac3.jpg\" class=\"lightbox\" data-lightbox=\"image\"><img decoding=\"async\" src=\"https:\/\/www.boartlongyear.com\/wp-content\/uploads\/pdac3.jpg\">\n\t\t\t<canvas class=\"grey-effect\"><\/canvas>\n\t\t\t\n\t\t<\/a><\/div><span class=\"clear\" style=\"height:15px;display:block;\"><\/span><div  class=\"tcvpb-image\" ><a href=\"https:\/\/www.boartlongyear.com\/wp-content\/uploads\/pdac4.jpg\" class=\"lightbox\" data-lightbox=\"image\"><img decoding=\"async\" src=\"https:\/\/www.boartlongyear.com\/wp-content\/uploads\/pdac4.jpg\">\n\t\t\t<canvas class=\"grey-effect\"><\/canvas>\n\t\t\t\n\t\t<\/a><\/div><\/div><\/div><\/div>\n\t\t\n\t\t\n\t<\/section><section class=\"tcvpb_section_tc\">\n\t\t\n\t\t<div class=\"tcvpb_section_content\"><div class=\"tcvpb_container\"><div class=\"tcvpb_column_tc_span7\"><span class=\"clear\" style=\"height:15px;display:block;\"><\/span><div  class=\"\" >\n<p class=\"p_tc\">5. Cliquez ensuite sur le <strong>Assistant de planification<\/strong> dans le ruban du menu sup\u00e9rieur pour afficher la disponibilit\u00e9 des chambres.<br><em><strong>** NOTE: Assurez-vous de r\u00e9server la chambre \u00e0 l&#039;heure convenue, \u00e9tant donn\u00e9 que Toronto est l&#039;heure est du Canada (-5 UTC \/ GMT). **<\/strong><\/em><\/p>\n<\/div><\/div><div class=\"tcvpb_column_tc_span5\"><span class=\"clear\" style=\"height:15px;display:block;\"><\/span><div  class=\"tcvpb-image\" ><a href=\"https:\/\/www.boartlongyear.com\/wp-content\/uploads\/pdac5.jpg\" class=\"lightbox\" data-lightbox=\"image\"><img decoding=\"async\" src=\"https:\/\/www.boartlongyear.com\/wp-content\/uploads\/pdac5.jpg\">\n\t\t\t<canvas class=\"grey-effect\"><\/canvas>\n\t\t\t\n\t\t<\/a><\/div><\/div><\/div><\/div>\n\t\t\n\t\t\n\t<\/section><section class=\"tcvpb_section_tc\">\n\t\t\n\t\t<div class=\"tcvpb_section_content\"><div class=\"tcvpb_container\"><div class=\"tcvpb_column_tc_span12\"><\/div><\/div><\/div>\n\t\t\n\t\t\n\t<\/section><section class=\"tcvpb_section_tc\" style=\"background-color:rgb(239, 239, 239);\">\n\t\t\n\t\t<div class=\"tcvpb_section_content\"><div class=\"tcvpb_container\"><div class=\"tcvpb_column_tc_span7\"><span class=\"clear\" style=\"height:15px;display:block;\"><\/span><div  class=\"\" >\n<p class=\"p_tc\">6. Confirmez la disponibilit\u00e9, puis s\u00e9lectionnez la salle \u00e0 r\u00e9server avant d&#039;envoyer l&#039;invitation \u00e0 la r\u00e9union.<\/p>\n<\/div><\/div><div class=\"tcvpb_column_tc_span5\"><span class=\"clear\" style=\"height:15px;display:block;\"><\/span><div  class=\"tcvpb-image\" ><a href=\"https:\/\/www.boartlongyear.com\/wp-content\/uploads\/pdac6.jpg\" class=\"lightbox\" data-lightbox=\"image\"><img decoding=\"async\" src=\"https:\/\/www.boartlongyear.com\/wp-content\/uploads\/pdac6.jpg\">\n\t\t\t<canvas class=\"grey-effect\"><\/canvas>\n\t\t\t\n\t\t<\/a><\/div><\/div><\/div><\/div>\n\t\t\n\t\t\n\t<\/section>","protected":false},"excerpt":{"rendered":"","protected":false},"author":66,"featured_media":0,"parent":0,"menu_order":0,"comment_status":"closed","ping_status":"closed","template":"","meta":{"_uag_custom_page_level_css":"","_monsterinsights_skip_tracking":false,"_monsterinsights_sitenote_active":false,"_monsterinsights_sitenote_note":"","_monsterinsights_sitenote_category":0,"footnotes":""},"class_list":["post-15045","page","type-page","status-publish","hentry"],"acf":[],"yoast_head":"<!-- This site is optimized with the Yoast SEO plugin v27.4 - https:\/\/yoast.com\/product\/yoast-seo-wordpress\/ -->\n<title>PDAC 2022 - Boart Longyear<\/title>\n<meta name=\"robots\" content=\"noindex, nofollow\" \/>\n<meta property=\"og:locale\" content=\"fr_FR\" \/>\n<meta property=\"og:type\" content=\"article\" \/>\n<meta property=\"og:title\" content=\"PDAC 2022 - Boart Longyear\" \/>\n<meta property=\"og:url\" content=\"https:\/\/www.boartlongyear.com\/fr\/pdac2022\/\" \/>\n<meta property=\"og:site_name\" content=\"Boart Longyear\" \/>\n<meta property=\"article:publisher\" content=\"https:\/\/www.facebook.com\/boartlongyearcareers\" \/>\n<meta property=\"article:modified_time\" content=\"2022-06-01T15:38:15+00:00\" \/>\n<meta name=\"twitter:label1\" content=\"Dur\u00e9e de lecture estim\u00e9e\" \/>\n\t<meta name=\"twitter:data1\" content=\"2 minutes\" \/>\n<script type=\"application\/ld+json\" class=\"yoast-schema-graph\">{\"@context\":\"https:\\\/\\\/schema.org\",\"@graph\":[{\"@type\":\"WebPage\",\"@id\":\"https:\\\/\\\/www.boartlongyear.com\\\/fr\\\/pdac2022\\\/\",\"url\":\"https:\\\/\\\/www.boartlongyear.com\\\/fr\\\/pdac2022\\\/\",\"name\":\"PDAC 2022 - Boart Longyear\",\"isPartOf\":{\"@id\":\"https:\\\/\\\/www.boartlongyear.com\\\/#website\"},\"datePublished\":\"2016-01-27T18:25:22+00:00\",\"dateModified\":\"2022-06-01T15:38:15+00:00\",\"breadcrumb\":{\"@id\":\"https:\\\/\\\/www.boartlongyear.com\\\/fr\\\/pdac2022\\\/#breadcrumb\"},\"inLanguage\":\"fr-FR\",\"potentialAction\":[{\"@type\":\"ReadAction\",\"target\":[\"https:\\\/\\\/www.boartlongyear.com\\\/fr\\\/pdac2022\\\/\"]}]},{\"@type\":\"BreadcrumbList\",\"@id\":\"https:\\\/\\\/www.boartlongyear.com\\\/fr\\\/pdac2022\\\/#breadcrumb\",\"itemListElement\":[{\"@type\":\"ListItem\",\"position\":1,\"name\":\"Home\",\"item\":\"https:\\\/\\\/www.boartlongyear.com\\\/\"},{\"@type\":\"ListItem\",\"position\":2,\"name\":\"PDAC 2022\"}]},{\"@type\":\"WebSite\",\"@id\":\"https:\\\/\\\/www.boartlongyear.com\\\/#website\",\"url\":\"https:\\\/\\\/www.boartlongyear.com\\\/\",\"name\":\"Boart Longyear\",\"description\":\"\",\"publisher\":{\"@id\":\"https:\\\/\\\/www.boartlongyear.com\\\/#organization\"},\"potentialAction\":[{\"@type\":\"SearchAction\",\"target\":{\"@type\":\"EntryPoint\",\"urlTemplate\":\"https:\\\/\\\/www.boartlongyear.com\\\/?s={search_term_string}\"},\"query-input\":{\"@type\":\"PropertyValueSpecification\",\"valueRequired\":true,\"valueName\":\"search_term_string\"}}],\"inLanguage\":\"fr-FR\"},{\"@type\":\"Organization\",\"@id\":\"https:\\\/\\\/www.boartlongyear.com\\\/#organization\",\"name\":\"Boart Longyear\",\"url\":\"https:\\\/\\\/www.boartlongyear.com\\\/\",\"logo\":{\"@type\":\"ImageObject\",\"inLanguage\":\"fr-FR\",\"@id\":\"https:\\\/\\\/www.boartlongyear.com\\\/#\\\/schema\\\/logo\\\/image\\\/\",\"url\":\"https:\\\/\\\/www.boartlongyear.com\\\/wp-content\\\/uploads\\\/BLY-Double-Stack.png\",\"contentUrl\":\"https:\\\/\\\/www.boartlongyear.com\\\/wp-content\\\/uploads\\\/BLY-Double-Stack.png\",\"width\":400,\"height\":100,\"caption\":\"Boart Longyear\"},\"image\":{\"@id\":\"https:\\\/\\\/www.boartlongyear.com\\\/#\\\/schema\\\/logo\\\/image\\\/\"},\"sameAs\":[\"https:\\\/\\\/www.facebook.com\\\/boartlongyearcareers\",\"https:\\\/\\\/x.com\\\/boartlongyear\",\"https:\\\/\\\/www.instagram.com\\\/boartlongyear\",\"https:\\\/\\\/www.linkedin.com\\\/company\\\/boart-longyear\",\"https:\\\/\\\/www.youtube.com\\\/user\\\/BoartLongyear1\"]}]}<\/script>\n<!-- \/ Yoast SEO plugin. -->","yoast_head_json":{"title":"PDAC 2022 - Boart Longyear","robots":{"index":"noindex","follow":"nofollow"},"og_locale":"fr_FR","og_type":"article","og_title":"PDAC 2022 - Boart Longyear","og_url":"https:\/\/www.boartlongyear.com\/fr\/pdac2022\/","og_site_name":"Boart Longyear","article_publisher":"https:\/\/www.facebook.com\/boartlongyearcareers","article_modified_time":"2022-06-01T15:38:15+00:00","twitter_misc":{"Dur\u00e9e de lecture estim\u00e9e":"2 minutes"},"schema":{"@context":"https:\/\/schema.org","@graph":[{"@type":"WebPage","@id":"https:\/\/www.boartlongyear.com\/fr\/pdac2022\/","url":"https:\/\/www.boartlongyear.com\/fr\/pdac2022\/","name":"PDAC 2022 - Boart Longyear","isPartOf":{"@id":"https:\/\/www.boartlongyear.com\/#website"},"datePublished":"2016-01-27T18:25:22+00:00","dateModified":"2022-06-01T15:38:15+00:00","breadcrumb":{"@id":"https:\/\/www.boartlongyear.com\/fr\/pdac2022\/#breadcrumb"},"inLanguage":"fr-FR","potentialAction":[{"@type":"ReadAction","target":["https:\/\/www.boartlongyear.com\/fr\/pdac2022\/"]}]},{"@type":"BreadcrumbList","@id":"https:\/\/www.boartlongyear.com\/fr\/pdac2022\/#breadcrumb","itemListElement":[{"@type":"ListItem","position":1,"name":"Home","item":"https:\/\/www.boartlongyear.com\/"},{"@type":"ListItem","position":2,"name":"PDAC 2022"}]},{"@type":"WebSite","@id":"https:\/\/www.boartlongyear.com\/#website","url":"https:\/\/www.boartlongyear.com\/","name":"Boart Longyear","description":"","publisher":{"@id":"https:\/\/www.boartlongyear.com\/#organization"},"potentialAction":[{"@type":"SearchAction","target":{"@type":"EntryPoint","urlTemplate":"https:\/\/www.boartlongyear.com\/?s={search_term_string}"},"query-input":{"@type":"PropertyValueSpecification","valueRequired":true,"valueName":"search_term_string"}}],"inLanguage":"fr-FR"},{"@type":"Organization","@id":"https:\/\/www.boartlongyear.com\/#organization","name":"Boart Longyear","url":"https:\/\/www.boartlongyear.com\/","logo":{"@type":"ImageObject","inLanguage":"fr-FR","@id":"https:\/\/www.boartlongyear.com\/#\/schema\/logo\/image\/","url":"https:\/\/www.boartlongyear.com\/wp-content\/uploads\/BLY-Double-Stack.png","contentUrl":"https:\/\/www.boartlongyear.com\/wp-content\/uploads\/BLY-Double-Stack.png","width":400,"height":100,"caption":"Boart Longyear"},"image":{"@id":"https:\/\/www.boartlongyear.com\/#\/schema\/logo\/image\/"},"sameAs":["https:\/\/www.facebook.com\/boartlongyearcareers","https:\/\/x.com\/boartlongyear","https:\/\/www.instagram.com\/boartlongyear","https:\/\/www.linkedin.com\/company\/boart-longyear","https:\/\/www.youtube.com\/user\/BoartLongyear1"]}]}},"uagb_featured_image_src":{"full":false,"thumbnail":false,"medium":false,"medium_large":false,"large":false,"RoboGalleryMansoryImagesCenter":false,"RoboGalleryPreload":false,"1536x1536":false,"2048x2048":false,"trp-custom-language-flag":false,"alm-thumbnail":false,"tptn_thumbnail":false},"uagb_author_info":{"display_name":"Marketing","author_link":"https:\/\/www.boartlongyear.com\/fr\/insite\/author\/jamesburris\/"},"uagb_comment_info":0,"uagb_excerpt":null,"_links":{"self":[{"href":"https:\/\/www.boartlongyear.com\/fr\/wp-json\/wp\/v2\/pages\/15045","targetHints":{"allow":["GET"]}}],"collection":[{"href":"https:\/\/www.boartlongyear.com\/fr\/wp-json\/wp\/v2\/pages"}],"about":[{"href":"https:\/\/www.boartlongyear.com\/fr\/wp-json\/wp\/v2\/types\/page"}],"author":[{"embeddable":true,"href":"https:\/\/www.boartlongyear.com\/fr\/wp-json\/wp\/v2\/users\/66"}],"replies":[{"embeddable":true,"href":"https:\/\/www.boartlongyear.com\/fr\/wp-json\/wp\/v2\/comments?post=15045"}],"version-history":[{"count":0,"href":"https:\/\/www.boartlongyear.com\/fr\/wp-json\/wp\/v2\/pages\/15045\/revisions"}],"wp:attachment":[{"href":"https:\/\/www.boartlongyear.com\/fr\/wp-json\/wp\/v2\/media?parent=15045"}],"curies":[{"name":"wp","href":"https:\/\/api.w.org\/{rel}","templated":true}]}}