{"id":15926,"date":"2016-05-19T14:48:47","date_gmt":"2016-05-19T20:48:47","guid":{"rendered":"https:\/\/www.boartlongyear.com\/?page_id=15926"},"modified":"2020-01-24T13:32:39","modified_gmt":"2020-01-24T20:32:39","slug":"mydrillstore-guides-help-documents","status":"publish","type":"page","link":"https:\/\/www.boartlongyear.com\/fr\/my-drill-store\/mydrillstore-guides-help-documents\/","title":{"rendered":"Mon magasin d&#039;exercices: guides et documents d&#039;aide"},"content":{"rendered":"<section class=\"tcvpb_section_tc\">\n\t\t\n\t\t<div class=\"tcvpb_section_content\"><div class=\"tcvpb_container\"><div class=\"tcvpb_column_tc_span12\"><h1  ><span>Le magasin My Drill de Boart Longyear<\/span><\/h1><div  class=\"tcvpb-image\" ><img decoding=\"async\" src=\"https:\/\/www.boartlongyear.com\/wp-content\/uploads\/mydrillstore-banner-helpdocs.png\"><\/div><span class=\"clear\" style=\"height:20px;display:block;\"><\/span><\/div><\/div><\/div>\n\t\t\n\t\t\n\t<\/section><section class=\"tcvpb_section_tc\">\n\t\t\n\t\t<div class=\"tcvpb_section_content\"><div class=\"tcvpb_container\"><div class=\"tcvpb_column_tc_span12\"><h3  ><span>F\u00e9licitations pour votre inscription au My Drill Store de Boart Longyear. Chez Boart Longyear, nous nous effor\u00e7ons de rendre votre exp\u00e9rience d&#039;achat intuitive, rapide et efficace. Les guides suivants vous aideront \u00e0 r\u00e9pondre \u00e0 de nombreuses questions.<\/span><\/h3><\/div><\/div><\/div>\n\t\t\n\t\t\n\t<\/section><section class=\"tcvpb_section_tc mdsnav\">\n\t\t\n\t\t<div class=\"tcvpb_section_content\"><div class=\"tcvpb_container\"><div class=\"tcvpb_column_tc_span12\">\n\t\t<div  class=\"tcvpb_service_box  tcvpb_service_box_round_text_aside\" style=\" \">\n\t\t\t<div class=\"tcvpb_service_box_header\"><a href=\"\/fr\/my-drill-store\/overview\/\" target=\"_self\" class=\"tcvpb_icon_boxed scroll\" style=\"\"><i class=\"fa-eye\" style=\"background:transparent;\"><\/i><\/a><a href=\"\/fr\/my-drill-store\/overview\/\" target=\"_self\" class=\"scroll\"><h3>Vue d&#039;ensemble<\/h3><\/a><\/div>\n<p class=\"p_tc\">My Drill Store est une plate-forme d&#039;achat en ligne facile \u00e0 utiliser pour une multitude de produits li\u00e9s \u00e0 Boart Longyear. En savoir plus sur la navigation dans My Drill Store.<\/p>\n<p class=\"p_tc\"><a href=\"\/fr\/my-drill-store\/overview\/\">Apprendre encore plus<\/a><\/p>\n<\/div>\n\t\t<div  class=\"tcvpb_service_box  tcvpb_service_box_round_text_aside\" style=\" \">\n\t\t\t<div class=\"tcvpb_service_box_header\"><a href=\"\/fr\/my-drill-store\/account-information-areas\/\" target=\"_self\" class=\"tcvpb_icon_boxed scroll\" style=\"\"><i class=\"fa-user\" style=\"background:transparent;\"><\/i><\/a><a href=\"\/fr\/my-drill-store\/account-information-areas\/\" target=\"_self\" class=\"scroll\"><h3>Information sur le compte<\/h3><\/a><\/div>\n<p class=\"p_tc\">Vous pouvez r\u00e9cup\u00e9rer les informations de votre compte et l&#039;historique de vos commandes dans deux zones: les liens Commandes et Profil situ\u00e9s dans la bande sup\u00e9rieure.&nbsp;\n<p class=\"p_tc\"><a href=\"\/fr\/my-drill-store\/account-information-areas\/\">Apprendre encore plus<\/a><\/p>\n<\/div>\n\t\t<div  class=\"tcvpb_service_box  tcvpb_service_box_round_text_aside\" style=\" \">\n\t\t\t<div class=\"tcvpb_service_box_header\"><a href=\"\/fr\/my-drill-store\/part-lookup\/\" target=\"_self\" class=\"tcvpb_icon_boxed scroll\" style=\"\"><i class=\"fa-search\" style=\"background:transparent;\"><\/i><\/a><a href=\"\/fr\/my-drill-store\/part-lookup\/\" target=\"_self\" class=\"scroll\"><h3>Partie recherche<\/h3><\/a><\/div>\n<p class=\"p_tc\">Acc\u00e9dez aux pi\u00e8ces, aux produits et aux informations d\u00e9taill\u00e9es, notamment les noms des pi\u00e8ces, les num\u00e9ros de pi\u00e8ces et les dessins techniques.<\/p>\n<p class=\"p_tc\"><a href=\"\/fr\/my-drill-store\/part-lookup\/\">Apprendre encore plus<\/a><\/p>\n<\/div>\n\t\t<div  class=\"tcvpb_service_box  tcvpb_service_box_round_text_aside\" style=\" \">\n\t\t\t<div class=\"tcvpb_service_box_header\"><a href=\"\/fr\/my-drill-store\/drill-store-warehouse-availability\/\" target=\"_self\" class=\"tcvpb_icon_boxed scroll\" style=\"\"><i class=\"fa-check\" style=\"background:transparent;\"><\/i><\/a><a href=\"\/fr\/my-drill-store\/drill-store-warehouse-availability\/\" target=\"_self\" class=\"scroll\"><h3>Disponibilit\u00e9 des pi\u00e8ces<\/h3><\/a><\/div>\n<p class=\"p_tc\">Lorsqu&#039;un article est ajout\u00e9 au panier, My Drill Store v\u00e9rifie les dates de disponibilit\u00e9 de cet article dans les entrep\u00f4ts les plus proches de votre emplacement.<\/p>\n<p class=\"p_tc\"><a href=\"\/fr\/my-drill-store\/drill-store-warehouse-availability\/\">Apprendre encore plus<\/a><\/p>\n<\/div>\n\t\t<div  class=\"tcvpb_service_box  tcvpb_service_box_round_text_aside\" style=\" \">\n\t\t\t<div class=\"tcvpb_service_box_header\"><a href=\"\/fr\/my-drill-store\/wish-lists\/\" target=\"_self\" class=\"tcvpb_icon_boxed scroll\" style=\"\"><i class=\"fa-star\" style=\"background:transparent;\"><\/i><\/a><a href=\"\/fr\/my-drill-store\/wish-lists\/\" target=\"_self\" class=\"scroll\"><h3>Liste de voeux<\/h3><\/a><\/div>\n<p class=\"p_tc\">Les listes de souhaits peuvent \u00eatre utilis\u00e9es pour rassembler des articles pour des commandes futures que vous n&#039;\u00eates pas encore pr\u00eats \u00e0 acheter. Vous pouvez ajouter des articles \u00e0 une liste de souhaits dans les d\u00e9tails du panier.<\/p>\n<p class=\"p_tc\"><a href=\"\/fr\/my-drill-store\/wish-lists\/\">Apprendre encore plus<\/a><\/p>\n<\/div>\n\t\t<div  class=\"tcvpb_service_box  tcvpb_service_box_round_text_aside\" style=\" \">\n\t\t\t<div class=\"tcvpb_service_box_header\"><a href=\"\/fr\/my-drill-store\/saved-carts\/\" target=\"_self\" class=\"tcvpb_icon_boxed scroll\" style=\"\"><i class=\"fa-cart-plus\" style=\"background:transparent;\"><\/i><\/a><a href=\"\/fr\/my-drill-store\/saved-carts\/\" target=\"_self\" class=\"scroll\"><h3>Chariots Sauvegard\u00e9s<\/h3><\/a><\/div>\n<p class=\"p_tc\">Vous pouvez enregistrer un panier \u00e0 partager avec d&#039;autres utilisateurs de votre compte ou \u00e0 acheter ult\u00e9rieurement. Les paniers enregistr\u00e9s expirent apr\u00e8s 30 jours.<\/p>\n<p class=\"p_tc\"><a href=\"\/fr\/my-drill-store\/saved-carts\/\">Apprendre encore plus<\/a><\/p>\n<\/div>\n\t\t<div  class=\"tcvpb_service_box  tcvpb_service_box_round_text_aside\" style=\" \">\n\t\t\t<div class=\"tcvpb_service_box_header\"><a href=\"\/fr\/my-drill-store\/configuration-kits\/\" target=\"_self\" class=\"tcvpb_icon_boxed scroll\" style=\"\"><i class=\"fa-th-list\" style=\"background:transparent;\"><\/i><\/a><a href=\"\/fr\/my-drill-store\/configuration-kits\/\" target=\"_self\" class=\"scroll\"><h3>Kits de configuration<\/h3><\/a><\/div>\n<p class=\"p_tc\">Un kit de configuration est un \u00e9l\u00e9ment de My Drill Store qui comprend plusieurs composants.&nbsp;\n<p class=\"p_tc\"><a href=\"\/fr\/my-drill-store\/configuration-kits\/\">Apprendre encore plus<\/a><\/p>\n<\/div>\n\t\t<div  class=\"tcvpb_service_box  tcvpb_service_box_round_text_aside\" style=\" \">\n\t\t\t<div class=\"tcvpb_service_box_header\"><a href=\"\/fr\/my-drill-store\/checking-out-step-by-step\/\" target=\"_self\" class=\"tcvpb_icon_boxed scroll\" style=\"\"><i class=\"fa-shopping-cart\" style=\"background:transparent;\"><\/i><\/a><a href=\"\/fr\/my-drill-store\/checking-out-step-by-step\/\" target=\"_self\" class=\"scroll\"><h3>Check-out<\/h3><\/a><\/div>\n<p class=\"p_tc\">L&#039;enregistrement de votre commande comporte trois \u00e9tapes: exp\u00e9dition, facturation et paiement, et r\u00e9vision et passation de commande.<\/p>\n<p class=\"p_tc\"><a href=\"\/fr\/my-drill-store\/checking-out-step-by-step\/\">Apprendre encore plus<\/a><\/p>\n<\/div>\n\t\t<div  class=\"tcvpb_service_box  tcvpb_service_box_round_text_aside\" style=\" \">\n\t\t\t<div class=\"tcvpb_service_box_header\"><a href=\"\/fr\/my-drill-store\/direct-item-entry\/\" target=\"_self\" class=\"tcvpb_icon_boxed scroll\" style=\"\"><i class=\"fa-edit\" style=\"background:transparent;\"><\/i><\/a><a href=\"\/fr\/my-drill-store\/direct-item-entry\/\" target=\"_self\" class=\"scroll\"><h3>Entr\u00e9e directe<\/h3><\/a><\/div>\n<p class=\"p_tc\">Utilisez le formulaire Saisie directe d\u2019article pour saisir manuellement les num\u00e9ros de pi\u00e8ce \u00e0 commander. Si vous avez personnalis\u00e9 les num\u00e9ros de pi\u00e8ce client, vous pouvez \u00e9galement les entrer ici.<\/p>\n<p class=\"p_tc\"><a href=\"\/fr\/my-drill-store\/direct-item-entry\/\">Apprendre encore plus<\/a><\/p>\n<\/div>\n\t\t<div  class=\"tcvpb_service_box  tcvpb_service_box_round_text_aside\" style=\" \">\n\t\t\t<div class=\"tcvpb_service_box_header\"><a href=\"\/fr\/my-drill-store\/frequently-asked-question\/\" target=\"_self\" class=\"tcvpb_icon_boxed scroll\" style=\"\"><i class=\"fa-question-circle\" style=\"background:transparent;\"><\/i><\/a><a href=\"\/fr\/my-drill-store\/frequently-asked-question\/\" target=\"_self\" class=\"scroll\"><h3>FAQ<\/h3><\/a><\/div>\n<p class=\"p_tc\">Questions fr\u00e9quemment pos\u00e9es sur l&#039;utilisation de My Drill Store.&nbsp;\n<p class=\"p_tc\"><a href=\"\/fr\/my-drill-store\/frequently-asked-question\/\">Apprendre encore plus<\/a><\/p>\n<\/div>\n\t\t<div  class=\"tcvpb_service_box  tcvpb_service_box_round_text_aside\" style=\" \">\n\t\t\t<div class=\"tcvpb_service_box_header\"><a href=\"\/fr\/my-drill-store\/contact\/\" target=\"_self\" class=\"tcvpb_icon_boxed scroll\" style=\"\"><i class=\"fa-phone-square\" style=\"background:transparent;\"><\/i><\/a><a href=\"\/fr\/my-drill-store\/contact\/\" target=\"_self\" class=\"scroll\"><h3>Contact Aide<\/h3><\/a><\/div>\n<p class=\"p_tc\">Contactez un repr\u00e9sentant du service client\u00e8le de votre r\u00e9gion.&nbsp;\n<p class=\"p_tc\"><a href=\"\/fr\/my-drill-store\/contact\/\">Apprendre encore plus<\/a><\/p>\n<\/div>\n\t\t<div  class=\"tcvpb_service_box  tcvpb_service_box_round_text_aside\" style=\" \">\n\t\t\t<div class=\"tcvpb_service_box_header\"><a href=\"\/wp-content\/uploads\/My-Drill-Store-Help-Documentation-1.pdf\" target=\"_self\" class=\"tcvpb_icon_boxed scroll\" style=\"\"><i class=\"fa-download\" style=\"background:transparent;\"><\/i><\/a><a href=\"\/wp-content\/uploads\/My-Drill-Store-Help-Documentation-1.pdf\" target=\"_self\" class=\"scroll\"><h3>T\u00e9l\u00e9charger le fichier PDF<\/h3><\/a><\/div>\n<p class=\"p_tc\">T\u00e9l\u00e9chargez une version PDF de ce guide de r\u00e9f\u00e9rence.<\/p>\n<p class=\"p_tc\"><a href=\"\/wp-content\/uploads\/My-Drill-Store-Help-Documentation-1.pdf\">Guide de t\u00e9l\u00e9chargement<\/a><\/p>\n<\/div><\/div><\/div><\/div>\n\t\t\n\t\t\n\t<\/section>","protected":false},"excerpt":{"rendered":"","protected":false},"author":66,"featured_media":0,"parent":16526,"menu_order":0,"comment_status":"closed","ping_status":"closed","template":"sidebar-dynamic.php","meta":{"_uag_custom_page_level_css":"","_monsterinsights_skip_tracking":false,"_monsterinsights_sitenote_active":false,"_monsterinsights_sitenote_note":"","_monsterinsights_sitenote_category":0,"footnotes":""},"class_list":["post-15926","page","type-page","status-publish","hentry"],"acf":[],"yoast_head":"<!-- This site is optimized with the Yoast SEO plugin v27.4 - https:\/\/yoast.com\/product\/yoast-seo-wordpress\/ -->\n<title>My Drill Store: Guides and Help Documents - Boart Longyear<\/title>\n<meta name=\"robots\" content=\"index, follow, max-snippet:-1, max-image-preview:large, max-video-preview:-1\" \/>\n<link rel=\"canonical\" href=\"https:\/\/www.boartlongyear.com\/fr\/my-drill-store\/mydrillstore-guides-help-documents\/\" \/>\n<meta property=\"og:locale\" content=\"fr_FR\" \/>\n<meta property=\"og:type\" content=\"article\" \/>\n<meta property=\"og:title\" content=\"My Drill Store: Guides and Help Documents - Boart Longyear\" \/>\n<meta property=\"og:url\" content=\"https:\/\/www.boartlongyear.com\/fr\/my-drill-store\/mydrillstore-guides-help-documents\/\" \/>\n<meta property=\"og:site_name\" content=\"Boart Longyear\" \/>\n<meta property=\"article:publisher\" content=\"https:\/\/www.facebook.com\/boartlongyearcareers\" \/>\n<meta property=\"article:modified_time\" content=\"2020-01-24T20:32:39+00:00\" \/>\n<meta name=\"twitter:label1\" content=\"Dur\u00e9e de lecture estim\u00e9e\" \/>\n\t<meta name=\"twitter:data1\" content=\"5 minutes\" \/>\n<script type=\"application\/ld+json\" class=\"yoast-schema-graph\">{\"@context\":\"https:\\\/\\\/schema.org\",\"@graph\":[{\"@type\":\"WebPage\",\"@id\":\"https:\\\/\\\/www.boartlongyear.com\\\/my-drill-store\\\/mydrillstore-guides-help-documents\\\/\",\"url\":\"https:\\\/\\\/www.boartlongyear.com\\\/my-drill-store\\\/mydrillstore-guides-help-documents\\\/\",\"name\":\"My Drill Store: Guides and Help Documents - Boart Longyear\",\"isPartOf\":{\"@id\":\"https:\\\/\\\/www.boartlongyear.com\\\/#website\"},\"datePublished\":\"2016-05-19T20:48:47+00:00\",\"dateModified\":\"2020-01-24T20:32:39+00:00\",\"breadcrumb\":{\"@id\":\"https:\\\/\\\/www.boartlongyear.com\\\/my-drill-store\\\/mydrillstore-guides-help-documents\\\/#breadcrumb\"},\"inLanguage\":\"fr-FR\",\"potentialAction\":[{\"@type\":\"ReadAction\",\"target\":[\"https:\\\/\\\/www.boartlongyear.com\\\/my-drill-store\\\/mydrillstore-guides-help-documents\\\/\"]}]},{\"@type\":\"BreadcrumbList\",\"@id\":\"https:\\\/\\\/www.boartlongyear.com\\\/my-drill-store\\\/mydrillstore-guides-help-documents\\\/#breadcrumb\",\"itemListElement\":[{\"@type\":\"ListItem\",\"position\":1,\"name\":\"Home\",\"item\":\"https:\\\/\\\/www.boartlongyear.com\\\/\"},{\"@type\":\"ListItem\",\"position\":2,\"name\":\"My Drill Store\",\"item\":\"https:\\\/\\\/www.boartlongyear.com\\\/my-drill-store\\\/\"},{\"@type\":\"ListItem\",\"position\":3,\"name\":\"My Drill Store: Guides and Help Documents\"}]},{\"@type\":\"WebSite\",\"@id\":\"https:\\\/\\\/www.boartlongyear.com\\\/#website\",\"url\":\"https:\\\/\\\/www.boartlongyear.com\\\/\",\"name\":\"Boart Longyear\",\"description\":\"\",\"publisher\":{\"@id\":\"https:\\\/\\\/www.boartlongyear.com\\\/#organization\"},\"potentialAction\":[{\"@type\":\"SearchAction\",\"target\":{\"@type\":\"EntryPoint\",\"urlTemplate\":\"https:\\\/\\\/www.boartlongyear.com\\\/?s={search_term_string}\"},\"query-input\":{\"@type\":\"PropertyValueSpecification\",\"valueRequired\":true,\"valueName\":\"search_term_string\"}}],\"inLanguage\":\"fr-FR\"},{\"@type\":\"Organization\",\"@id\":\"https:\\\/\\\/www.boartlongyear.com\\\/#organization\",\"name\":\"Boart Longyear\",\"url\":\"https:\\\/\\\/www.boartlongyear.com\\\/\",\"logo\":{\"@type\":\"ImageObject\",\"inLanguage\":\"fr-FR\",\"@id\":\"https:\\\/\\\/www.boartlongyear.com\\\/#\\\/schema\\\/logo\\\/image\\\/\",\"url\":\"https:\\\/\\\/www.boartlongyear.com\\\/wp-content\\\/uploads\\\/BLY-Double-Stack.png\",\"contentUrl\":\"https:\\\/\\\/www.boartlongyear.com\\\/wp-content\\\/uploads\\\/BLY-Double-Stack.png\",\"width\":400,\"height\":100,\"caption\":\"Boart Longyear\"},\"image\":{\"@id\":\"https:\\\/\\\/www.boartlongyear.com\\\/#\\\/schema\\\/logo\\\/image\\\/\"},\"sameAs\":[\"https:\\\/\\\/www.facebook.com\\\/boartlongyearcareers\",\"https:\\\/\\\/x.com\\\/boartlongyear\",\"https:\\\/\\\/www.instagram.com\\\/boartlongyear\",\"https:\\\/\\\/www.linkedin.com\\\/company\\\/boart-longyear\",\"https:\\\/\\\/www.youtube.com\\\/user\\\/BoartLongyear1\"]}]}<\/script>\n<!-- \/ Yoast SEO plugin. -->","yoast_head_json":{"title":"Mon magasin d&#039;exercices: guides et documents d&#039;aide - Boart Longyear","robots":{"index":"index","follow":"follow","max-snippet":"max-snippet:-1","max-image-preview":"max-image-preview:large","max-video-preview":"max-video-preview:-1"},"canonical":"https:\/\/www.boartlongyear.com\/fr\/my-drill-store\/mydrillstore-guides-help-documents\/","og_locale":"fr_FR","og_type":"article","og_title":"My Drill Store: Guides and Help Documents - Boart Longyear","og_url":"https:\/\/www.boartlongyear.com\/fr\/my-drill-store\/mydrillstore-guides-help-documents\/","og_site_name":"Boart Longyear","article_publisher":"https:\/\/www.facebook.com\/boartlongyearcareers","article_modified_time":"2020-01-24T20:32:39+00:00","twitter_misc":{"Dur\u00e9e de lecture estim\u00e9e":"5 minutes"},"schema":{"@context":"https:\/\/schema.org","@graph":[{"@type":"WebPage","@id":"https:\/\/www.boartlongyear.com\/my-drill-store\/mydrillstore-guides-help-documents\/","url":"https:\/\/www.boartlongyear.com\/my-drill-store\/mydrillstore-guides-help-documents\/","name":"Mon magasin d&#039;exercices: guides et documents d&#039;aide - Boart Longyear","isPartOf":{"@id":"https:\/\/www.boartlongyear.com\/#website"},"datePublished":"2016-05-19T20:48:47+00:00","dateModified":"2020-01-24T20:32:39+00:00","breadcrumb":{"@id":"https:\/\/www.boartlongyear.com\/my-drill-store\/mydrillstore-guides-help-documents\/#breadcrumb"},"inLanguage":"fr-FR","potentialAction":[{"@type":"ReadAction","target":["https:\/\/www.boartlongyear.com\/my-drill-store\/mydrillstore-guides-help-documents\/"]}]},{"@type":"BreadcrumbList","@id":"https:\/\/www.boartlongyear.com\/my-drill-store\/mydrillstore-guides-help-documents\/#breadcrumb","itemListElement":[{"@type":"ListItem","position":1,"name":"Home","item":"https:\/\/www.boartlongyear.com\/"},{"@type":"ListItem","position":2,"name":"My Drill Store","item":"https:\/\/www.boartlongyear.com\/my-drill-store\/"},{"@type":"ListItem","position":3,"name":"My Drill Store: Guides and Help Documents"}]},{"@type":"WebSite","@id":"https:\/\/www.boartlongyear.com\/#website","url":"https:\/\/www.boartlongyear.com\/","name":"Boart Longyear","description":"","publisher":{"@id":"https:\/\/www.boartlongyear.com\/#organization"},"potentialAction":[{"@type":"SearchAction","target":{"@type":"EntryPoint","urlTemplate":"https:\/\/www.boartlongyear.com\/?s={search_term_string}"},"query-input":{"@type":"PropertyValueSpecification","valueRequired":true,"valueName":"search_term_string"}}],"inLanguage":"fr-FR"},{"@type":"Organization","@id":"https:\/\/www.boartlongyear.com\/#organization","name":"Boart Longyear","url":"https:\/\/www.boartlongyear.com\/","logo":{"@type":"ImageObject","inLanguage":"fr-FR","@id":"https:\/\/www.boartlongyear.com\/#\/schema\/logo\/image\/","url":"https:\/\/www.boartlongyear.com\/wp-content\/uploads\/BLY-Double-Stack.png","contentUrl":"https:\/\/www.boartlongyear.com\/wp-content\/uploads\/BLY-Double-Stack.png","width":400,"height":100,"caption":"Boart Longyear"},"image":{"@id":"https:\/\/www.boartlongyear.com\/#\/schema\/logo\/image\/"},"sameAs":["https:\/\/www.facebook.com\/boartlongyearcareers","https:\/\/x.com\/boartlongyear","https:\/\/www.instagram.com\/boartlongyear","https:\/\/www.linkedin.com\/company\/boart-longyear","https:\/\/www.youtube.com\/user\/BoartLongyear1"]}]}},"uagb_featured_image_src":{"full":false,"thumbnail":false,"medium":false,"medium_large":false,"large":false,"RoboGalleryMansoryImagesCenter":false,"RoboGalleryPreload":false,"1536x1536":false,"2048x2048":false,"trp-custom-language-flag":false,"alm-thumbnail":false,"tptn_thumbnail":false},"uagb_author_info":{"display_name":"Marketing","author_link":"https:\/\/www.boartlongyear.com\/fr\/insite\/author\/jamesburris\/"},"uagb_comment_info":0,"uagb_excerpt":null,"_links":{"self":[{"href":"https:\/\/www.boartlongyear.com\/fr\/wp-json\/wp\/v2\/pages\/15926","targetHints":{"allow":["GET"]}}],"collection":[{"href":"https:\/\/www.boartlongyear.com\/fr\/wp-json\/wp\/v2\/pages"}],"about":[{"href":"https:\/\/www.boartlongyear.com\/fr\/wp-json\/wp\/v2\/types\/page"}],"author":[{"embeddable":true,"href":"https:\/\/www.boartlongyear.com\/fr\/wp-json\/wp\/v2\/users\/66"}],"replies":[{"embeddable":true,"href":"https:\/\/www.boartlongyear.com\/fr\/wp-json\/wp\/v2\/comments?post=15926"}],"version-history":[{"count":0,"href":"https:\/\/www.boartlongyear.com\/fr\/wp-json\/wp\/v2\/pages\/15926\/revisions"}],"up":[{"embeddable":true,"href":"https:\/\/www.boartlongyear.com\/fr\/wp-json\/wp\/v2\/pages\/16526"}],"wp:attachment":[{"href":"https:\/\/www.boartlongyear.com\/fr\/wp-json\/wp\/v2\/media?parent=15926"}],"curies":[{"name":"wp","href":"https:\/\/api.w.org\/{rel}","templated":true}]}}