{"id":15988,"date":"2016-06-15T16:24:15","date_gmt":"2016-06-15T22:24:15","guid":{"rendered":"https:\/\/www.boartlongyear.com\/?page_id=15988"},"modified":"2020-03-30T15:14:19","modified_gmt":"2020-03-30T21:14:19","slug":"overview","status":"publish","type":"page","link":"https:\/\/www.boartlongyear.com\/fr\/my-drill-store\/overview\/","title":{"rendered":"My Drill Store: Vue d&#039;ensemble"},"content":{"rendered":"<section class=\"tcvpb_section_tc\">\n\t\t\n\t\t<div class=\"tcvpb_section_content\"><div class=\"tcvpb_container\"><div class=\"tcvpb_column_tc_span12\"><h1  ><span>My Drill Store: Vue d&#039;ensemble<\/span><\/h1><div  class=\"\" >\n<p class=\"p_tc\"><strong>Mon magasin de forage<\/strong> est une plateforme d&#039;achat en ligne facile \u00e0 utiliser pour une multitude de produits li\u00e9s \u00e0 Boart Longyear. Vous trouverez ci-dessous un aper\u00e7u de la navigation.<\/p>\n<\/div><div  class=\"tcvpb-image\" ><a href=\"https:\/\/www.boartlongyear.com\/wp-content\/uploads\/mydrillstore-overview.png\" class=\"lightbox\" data-lightbox=\"image\"><img decoding=\"async\" src=\"https:\/\/www.boartlongyear.com\/wp-content\/uploads\/mydrillstore-overview.png\">\n\t\t\t<canvas class=\"grey-effect\"><\/canvas>\n\t\t\t\n\t\t<\/a><\/div><span class=\"clear\" style=\"height:20px;display:block;\"><\/span><h2  ><span>Top Stripe<\/span><\/h2><div  class=\"tcvpb-image\" ><a href=\"https:\/\/www.boartlongyear.com\/wp-content\/uploads\/top-menu.png\" class=\"lightbox\" data-lightbox=\"image\"><img decoding=\"async\" src=\"https:\/\/www.boartlongyear.com\/wp-content\/uploads\/top-menu.png\">\n\t\t\t<canvas class=\"grey-effect\"><\/canvas>\n\t\t\t\n\t\t<\/a><\/div><div  class=\"\" >\n<ul>\n<li><strong>Accueil<\/strong>: Vous guide vers la page d&#039;accueil de MyDrillStore.<\/li>\n<li><strong>Entr\u00e9e directe d&#039;un article:<\/strong> Utilisez ce formulaire pour saisir manuellement les num\u00e9ros de pi\u00e8ce \u00e0 commander. Si vous avez personnalis\u00e9 les num\u00e9ros de r\u00e9f\u00e9rence client, vous pouvez les entrer ici. <strong><a href=\"https:\/\/www.boartlongyear.com\/fr\/my-drill-store\/direct-item-entry\/\">En savoir plus sur la saisie directe d\u2019\u00e9l\u00e9ments.<\/a><\/strong><\/li>\n<li><strong>Chariot<\/strong>: Voir les articles actuels dans votre commande.<strong> <a href=\"https:\/\/www.boartlongyear.com\/fr\/my-drill-store\/checking-out-step-by-step\/\">En savoir plus sur la v\u00e9rification \u00e9tape par \u00e9tape.<\/a>&nbsp;<\/strong><\/li>\n<li><strong>Ordres<\/strong>: Visualisez et recherchez facilement vos commandes soumises. <a href=\"https:\/\/www.boartlongyear.com\/fr\/my-drill-store\/checking-out-step-by-step\/\"><strong>En savoir plus sur les commandes.<\/strong><\/a><\/li>\n<li><strong>Profil<\/strong>: Vos informations personnelles, carnet d\u2019adresses, comptes, pr\u00e9f\u00e9rences et plates-formes achet\u00e9es sont conserv\u00e9s dans votre profil sous <strong>Utilisateur<\/strong>, ainsi que votre <strong>Informations sur la soci\u00e9t\u00e9<\/strong>.&nbsp;<\/li>\n<li><strong>Connectez - Out<\/strong>: D\u00e9connecte l&#039;utilisateur actuel de My Drill Store.<\/li>\n<\/ul>\n<\/div><span class=\"clear\" style=\"height:20px;display:block;\"><\/span><h2  ><span>Menu principal<\/span><\/h2><div  class=\"tcvpb-image\" ><a href=\"https:\/\/www.boartlongyear.com\/wp-content\/uploads\/top-ribbon-menu.png\" class=\"lightbox\" data-lightbox=\"image\"><img decoding=\"async\" src=\"https:\/\/www.boartlongyear.com\/wp-content\/uploads\/top-ribbon-menu.png\">\n\t\t\t<canvas class=\"grey-effect\"><\/canvas>\n\t\t\t\n\t\t<\/a><\/div><div  class=\"\" >\n<ul>\n<li><strong>Produits Boart Longyear: <\/strong>Une vue \u00e9largie des sept cat\u00e9gories principales du magasin. Naviguez visuellement vers l&#039;une des sous-cat\u00e9gories.<\/li>\n<li><strong>Partie recherche<\/strong>: Ce lien ouvre une nouvelle fen\u00eatre pour vous permettre de vous connecter \u00e0 <strong>TOURNER<\/strong> - notre <a href=\"https:\/\/documoto.digabit.com\/login\/?tk=BOARTLY\" target=\"_blank\" rel=\"noopener noreferrer\">R\u00e9seau d&#039;information sur les services et pi\u00e8ces<\/a>. <strong><a href=\"https:\/\/www.boartlongyear.com\/fr\/my-drill-store\/part-lookup\/\">En savoir plus sur Part Lookup et le SPIN.<\/a><\/strong><\/li>\n<li><strong>Acheter \u00e0 nouveau<\/strong>: Les 20 principaux articles command\u00e9s depuis votre compte sont r\u00e9pertori\u00e9s ici pour faciliter la commande.<\/li>\n<li><strong>Liste de souhaits:<\/strong> Cr\u00e9ez plusieurs listes de souhaits \u00e0 sauvegarder pour vos prochaines commandes. <strong><a href=\"https:\/\/www.boartlongyear.com\/fr\/my-drill-store\/wish-lists\/\">En savoir plus sur la cr\u00e9ation et l&#039;utilisation de listes de souhaits.<\/a><\/strong><\/li>\n<li><strong>Les promotions<\/strong>: Promotions applicables \u00e0 votre r\u00e9gion.<\/li>\n<li><strong>Recherche de produit<\/strong>: Le champ de recherche de produit a <em>recherche intelligente<\/em> capacit\u00e9s, ce qui signifie que vous pouvez taper les 3 premi\u00e8res lettres ou chiffres de ce que vous recherchez et affichera les trois premi\u00e8res options de chaque cat\u00e9gorie contenant une correspondance.<\/li>\n<\/ul>\n<\/div><div  class=\"\" >\n<h1><img decoding=\"async\" class=\"size-full wp-image-16633 aligncenter\" src=\"https:\/\/www.boartlongyear.com\/wp-content\/uploads\/smart-search1.gif\" alt=\"smart-search1\" width=\"360\" height=\"203\" \/> <img decoding=\"async\" class=\"alignnone size-full wp-image-16014\" src=\"https:\/\/www.boartlongyear.com\/wp-content\/uploads\/search-bar.png\" alt=\"barre de recherche\" width=\"352\" height=\"88\" \/><\/h1>\n<p class=\"p_tc\">Au fur et \u00e0 mesure que vous commencez \u00e0 taper, la fonctionnalit\u00e9 de recherche intelligente commencera \u00e0 renseigner automatiquement les r\u00e9sultats qui correspondent \u00e0 votre recherche.<\/p>\n<p class=\"p_tc\"><img decoding=\"async\" class=\"alignnone size-full wp-image-16013\" src=\"https:\/\/www.boartlongyear.com\/wp-content\/uploads\/search-bar-populated.png\" alt=\"barre de recherche remplie\" width=\"342\" height=\"389\" \/><\/p>\n<p class=\"p_tc\">Plus vous tapez, plus vos r\u00e9sultats de recherche sont affin\u00e9s.<\/p>\n<p class=\"p_tc\"><img decoding=\"async\" class=\"alignnone size-full wp-image-16012\" src=\"https:\/\/www.boartlongyear.com\/wp-content\/uploads\/search-bar-smart-search.png\" alt=\"search-bar-smart-search\" width=\"331\" height=\"151\" \/><\/p>\n<\/div><\/div><\/div><\/div>\n\t\t\n\t\t\n\t<\/section>","protected":false},"excerpt":{"rendered":"","protected":false},"author":66,"featured_media":0,"parent":16526,"menu_order":0,"comment_status":"closed","ping_status":"closed","template":"sidebar-dynamic.php","meta":{"_uag_custom_page_level_css":"","_monsterinsights_skip_tracking":false,"_monsterinsights_sitenote_active":false,"_monsterinsights_sitenote_note":"","_monsterinsights_sitenote_category":0,"footnotes":""},"class_list":["post-15988","page","type-page","status-publish","hentry"],"acf":[],"yoast_head":"<!-- This site is optimized with the Yoast SEO plugin v27.6 - https:\/\/yoast.com\/product\/yoast-seo-wordpress\/ -->\n<title>My Drill Store: Overview - Boart Longyear<\/title>\n<meta name=\"description\" content=\"My Drill Store is an easy-to-use online shopping platform for a multitude Boart Longyear-related products. Below is an overview of the navigation.\" \/>\n<meta name=\"robots\" content=\"index, follow, max-snippet:-1, max-image-preview:large, max-video-preview:-1\" \/>\n<link rel=\"canonical\" href=\"https:\/\/www.boartlongyear.com\/fr\/my-drill-store\/overview\/\" \/>\n<meta property=\"og:locale\" content=\"fr_FR\" \/>\n<meta property=\"og:type\" content=\"article\" \/>\n<meta property=\"og:title\" content=\"My Drill Store: Overview - Boart Longyear\" \/>\n<meta property=\"og:description\" content=\"My Drill Store is an easy-to-use online shopping platform for a multitude Boart Longyear-related products. Below is an overview of the navigation.\" \/>\n<meta property=\"og:url\" content=\"https:\/\/www.boartlongyear.com\/fr\/my-drill-store\/overview\/\" \/>\n<meta property=\"og:site_name\" content=\"Boart Longyear\" \/>\n<meta property=\"article:publisher\" content=\"https:\/\/www.facebook.com\/boartlongyearcareers\" \/>\n<meta property=\"article:modified_time\" content=\"2020-03-30T21:14:19+00:00\" \/>\n<meta property=\"og:image\" content=\"https:\/\/www.boartlongyear.com\/wp-content\/uploads\/smart-search1.gif\" \/>\n<meta name=\"twitter:label1\" content=\"Dur\u00e9e de lecture estim\u00e9e\" \/>\n\t<meta name=\"twitter:data1\" content=\"3 minutes\" \/>\n<script type=\"application\/ld+json\" class=\"yoast-schema-graph\">{\"@context\":\"https:\\\/\\\/schema.org\",\"@graph\":[{\"@type\":\"WebPage\",\"@id\":\"https:\\\/\\\/www.boartlongyear.com\\\/my-drill-store\\\/overview\\\/\",\"url\":\"https:\\\/\\\/www.boartlongyear.com\\\/my-drill-store\\\/overview\\\/\",\"name\":\"My Drill Store: Overview - Boart Longyear\",\"isPartOf\":{\"@id\":\"https:\\\/\\\/www.boartlongyear.com\\\/#website\"},\"primaryImageOfPage\":{\"@id\":\"https:\\\/\\\/www.boartlongyear.com\\\/my-drill-store\\\/overview\\\/#primaryimage\"},\"image\":{\"@id\":\"https:\\\/\\\/www.boartlongyear.com\\\/my-drill-store\\\/overview\\\/#primaryimage\"},\"thumbnailUrl\":\"https:\\\/\\\/www.boartlongyear.com\\\/wp-content\\\/uploads\\\/smart-search1.gif\",\"datePublished\":\"2016-06-15T22:24:15+00:00\",\"dateModified\":\"2020-03-30T21:14:19+00:00\",\"description\":\"My Drill Store is an easy-to-use online shopping platform for a multitude Boart Longyear-related products. Below is an overview of the navigation.\",\"breadcrumb\":{\"@id\":\"https:\\\/\\\/www.boartlongyear.com\\\/my-drill-store\\\/overview\\\/#breadcrumb\"},\"inLanguage\":\"fr-FR\",\"potentialAction\":[{\"@type\":\"ReadAction\",\"target\":[\"https:\\\/\\\/www.boartlongyear.com\\\/my-drill-store\\\/overview\\\/\"]}]},{\"@type\":\"ImageObject\",\"inLanguage\":\"fr-FR\",\"@id\":\"https:\\\/\\\/www.boartlongyear.com\\\/my-drill-store\\\/overview\\\/#primaryimage\",\"url\":\"https:\\\/\\\/www.boartlongyear.com\\\/wp-content\\\/uploads\\\/smart-search1.gif\",\"contentUrl\":\"https:\\\/\\\/www.boartlongyear.com\\\/wp-content\\\/uploads\\\/smart-search1.gif\"},{\"@type\":\"BreadcrumbList\",\"@id\":\"https:\\\/\\\/www.boartlongyear.com\\\/my-drill-store\\\/overview\\\/#breadcrumb\",\"itemListElement\":[{\"@type\":\"ListItem\",\"position\":1,\"name\":\"Home\",\"item\":\"https:\\\/\\\/www.boartlongyear.com\\\/\"},{\"@type\":\"ListItem\",\"position\":2,\"name\":\"My Drill Store\",\"item\":\"https:\\\/\\\/www.boartlongyear.com\\\/my-drill-store\\\/\"},{\"@type\":\"ListItem\",\"position\":3,\"name\":\"My Drill Store: Overview\"}]},{\"@type\":\"WebSite\",\"@id\":\"https:\\\/\\\/www.boartlongyear.com\\\/#website\",\"url\":\"https:\\\/\\\/www.boartlongyear.com\\\/\",\"name\":\"Boart Longyear\",\"description\":\"\",\"publisher\":{\"@id\":\"https:\\\/\\\/www.boartlongyear.com\\\/#organization\"},\"potentialAction\":[{\"@type\":\"SearchAction\",\"target\":{\"@type\":\"EntryPoint\",\"urlTemplate\":\"https:\\\/\\\/www.boartlongyear.com\\\/?s={search_term_string}\"},\"query-input\":{\"@type\":\"PropertyValueSpecification\",\"valueRequired\":true,\"valueName\":\"search_term_string\"}}],\"inLanguage\":\"fr-FR\"},{\"@type\":\"Organization\",\"@id\":\"https:\\\/\\\/www.boartlongyear.com\\\/#organization\",\"name\":\"Boart Longyear\",\"url\":\"https:\\\/\\\/www.boartlongyear.com\\\/\",\"logo\":{\"@type\":\"ImageObject\",\"inLanguage\":\"fr-FR\",\"@id\":\"https:\\\/\\\/www.boartlongyear.com\\\/#\\\/schema\\\/logo\\\/image\\\/\",\"url\":\"https:\\\/\\\/www.boartlongyear.com\\\/wp-content\\\/uploads\\\/BLY-Double-Stack.png\",\"contentUrl\":\"https:\\\/\\\/www.boartlongyear.com\\\/wp-content\\\/uploads\\\/BLY-Double-Stack.png\",\"width\":400,\"height\":100,\"caption\":\"Boart Longyear\"},\"image\":{\"@id\":\"https:\\\/\\\/www.boartlongyear.com\\\/#\\\/schema\\\/logo\\\/image\\\/\"},\"sameAs\":[\"https:\\\/\\\/www.facebook.com\\\/boartlongyearcareers\",\"https:\\\/\\\/x.com\\\/boartlongyear\",\"https:\\\/\\\/www.instagram.com\\\/boartlongyear\",\"https:\\\/\\\/www.linkedin.com\\\/company\\\/boart-longyear\",\"https:\\\/\\\/www.youtube.com\\\/user\\\/BoartLongyear1\"]}]}<\/script>\n<!-- \/ Yoast SEO plugin. -->","yoast_head_json":{"title":"My Drill Store: Pr\u00e9sentation - Boart Longyear","description":"My Drill Store est une plate-forme d&#039;achat en ligne facile \u00e0 utiliser pour une multitude de produits li\u00e9s \u00e0 Boart Longyear. Voici un aper\u00e7u de la navigation.","robots":{"index":"index","follow":"follow","max-snippet":"max-snippet:-1","max-image-preview":"max-image-preview:large","max-video-preview":"max-video-preview:-1"},"canonical":"https:\/\/www.boartlongyear.com\/fr\/my-drill-store\/overview\/","og_locale":"fr_FR","og_type":"article","og_title":"My Drill Store: Overview - Boart Longyear","og_description":"My Drill Store is an easy-to-use online shopping platform for a multitude Boart Longyear-related products. Below is an overview of the navigation.","og_url":"https:\/\/www.boartlongyear.com\/fr\/my-drill-store\/overview\/","og_site_name":"Boart Longyear","article_publisher":"https:\/\/www.facebook.com\/boartlongyearcareers","article_modified_time":"2020-03-30T21:14:19+00:00","og_image":[{"url":"https:\/\/www.boartlongyear.com\/wp-content\/uploads\/smart-search1.gif","type":"","width":"","height":""}],"twitter_misc":{"Dur\u00e9e de lecture estim\u00e9e":"3 minutes"},"schema":{"@context":"https:\/\/schema.org","@graph":[{"@type":"WebPage","@id":"https:\/\/www.boartlongyear.com\/my-drill-store\/overview\/","url":"https:\/\/www.boartlongyear.com\/my-drill-store\/overview\/","name":"My Drill Store: Pr\u00e9sentation - Boart Longyear","isPartOf":{"@id":"https:\/\/www.boartlongyear.com\/#website"},"primaryImageOfPage":{"@id":"https:\/\/www.boartlongyear.com\/my-drill-store\/overview\/#primaryimage"},"image":{"@id":"https:\/\/www.boartlongyear.com\/my-drill-store\/overview\/#primaryimage"},"thumbnailUrl":"https:\/\/www.boartlongyear.com\/wp-content\/uploads\/smart-search1.gif","datePublished":"2016-06-15T22:24:15+00:00","dateModified":"2020-03-30T21:14:19+00:00","description":"My Drill Store est une plate-forme d&#039;achat en ligne facile \u00e0 utiliser pour une multitude de produits li\u00e9s \u00e0 Boart Longyear. Voici un aper\u00e7u de la navigation.","breadcrumb":{"@id":"https:\/\/www.boartlongyear.com\/my-drill-store\/overview\/#breadcrumb"},"inLanguage":"fr-FR","potentialAction":[{"@type":"ReadAction","target":["https:\/\/www.boartlongyear.com\/my-drill-store\/overview\/"]}]},{"@type":"ImageObject","inLanguage":"fr-FR","@id":"https:\/\/www.boartlongyear.com\/my-drill-store\/overview\/#primaryimage","url":"https:\/\/www.boartlongyear.com\/wp-content\/uploads\/smart-search1.gif","contentUrl":"https:\/\/www.boartlongyear.com\/wp-content\/uploads\/smart-search1.gif"},{"@type":"BreadcrumbList","@id":"https:\/\/www.boartlongyear.com\/my-drill-store\/overview\/#breadcrumb","itemListElement":[{"@type":"ListItem","position":1,"name":"Home","item":"https:\/\/www.boartlongyear.com\/"},{"@type":"ListItem","position":2,"name":"My Drill Store","item":"https:\/\/www.boartlongyear.com\/my-drill-store\/"},{"@type":"ListItem","position":3,"name":"My Drill Store: Overview"}]},{"@type":"WebSite","@id":"https:\/\/www.boartlongyear.com\/#website","url":"https:\/\/www.boartlongyear.com\/","name":"Boart Longyear","description":"","publisher":{"@id":"https:\/\/www.boartlongyear.com\/#organization"},"potentialAction":[{"@type":"SearchAction","target":{"@type":"EntryPoint","urlTemplate":"https:\/\/www.boartlongyear.com\/?s={search_term_string}"},"query-input":{"@type":"PropertyValueSpecification","valueRequired":true,"valueName":"search_term_string"}}],"inLanguage":"fr-FR"},{"@type":"Organization","@id":"https:\/\/www.boartlongyear.com\/#organization","name":"Boart Longyear","url":"https:\/\/www.boartlongyear.com\/","logo":{"@type":"ImageObject","inLanguage":"fr-FR","@id":"https:\/\/www.boartlongyear.com\/#\/schema\/logo\/image\/","url":"https:\/\/www.boartlongyear.com\/wp-content\/uploads\/BLY-Double-Stack.png","contentUrl":"https:\/\/www.boartlongyear.com\/wp-content\/uploads\/BLY-Double-Stack.png","width":400,"height":100,"caption":"Boart Longyear"},"image":{"@id":"https:\/\/www.boartlongyear.com\/#\/schema\/logo\/image\/"},"sameAs":["https:\/\/www.facebook.com\/boartlongyearcareers","https:\/\/x.com\/boartlongyear","https:\/\/www.instagram.com\/boartlongyear","https:\/\/www.linkedin.com\/company\/boart-longyear","https:\/\/www.youtube.com\/user\/BoartLongyear1"]}]}},"uagb_featured_image_src":{"full":false,"thumbnail":false,"medium":false,"medium_large":false,"large":false,"RoboGalleryMansoryImagesCenter":false,"RoboGalleryPreload":false,"1536x1536":false,"2048x2048":false,"trp-custom-language-flag":false,"alm-thumbnail":false,"tptn_thumbnail":false},"uagb_author_info":{"display_name":"Marketing","author_link":"https:\/\/www.boartlongyear.com\/fr\/insite\/author\/jamesburris\/"},"uagb_comment_info":0,"uagb_excerpt":null,"_links":{"self":[{"href":"https:\/\/www.boartlongyear.com\/fr\/wp-json\/wp\/v2\/pages\/15988","targetHints":{"allow":["GET"]}}],"collection":[{"href":"https:\/\/www.boartlongyear.com\/fr\/wp-json\/wp\/v2\/pages"}],"about":[{"href":"https:\/\/www.boartlongyear.com\/fr\/wp-json\/wp\/v2\/types\/page"}],"author":[{"embeddable":true,"href":"https:\/\/www.boartlongyear.com\/fr\/wp-json\/wp\/v2\/users\/66"}],"replies":[{"embeddable":true,"href":"https:\/\/www.boartlongyear.com\/fr\/wp-json\/wp\/v2\/comments?post=15988"}],"version-history":[{"count":0,"href":"https:\/\/www.boartlongyear.com\/fr\/wp-json\/wp\/v2\/pages\/15988\/revisions"}],"up":[{"embeddable":true,"href":"https:\/\/www.boartlongyear.com\/fr\/wp-json\/wp\/v2\/pages\/16526"}],"wp:attachment":[{"href":"https:\/\/www.boartlongyear.com\/fr\/wp-json\/wp\/v2\/media?parent=15988"}],"curies":[{"name":"wp","href":"https:\/\/api.w.org\/{rel}","templated":true}]}}