{"id":16026,"date":"2016-06-15T16:23:53","date_gmt":"2016-06-15T22:23:53","guid":{"rendered":"https:\/\/www.boartlongyear.com\/?page_id=16026"},"modified":"2017-07-31T13:47:02","modified_gmt":"2017-07-31T19:47:02","slug":"part-lookup","status":"publish","type":"page","link":"https:\/\/www.boartlongyear.com\/fr\/my-drill-store\/part-lookup\/","title":{"rendered":"Mon magasin de forets: recherche de pi\u00e8ces"},"content":{"rendered":"<section class=\"tcvpb_section_tc\">\n\t\t\n\t\t<div class=\"tcvpb_section_content\"><div class=\"tcvpb_container\"><div class=\"tcvpb_column_tc_span12\"><h1  ><span>Mon magasin de forets: recherche de pi\u00e8ces<\/span><\/h1><div  class=\"\" >\n<p class=\"p_tc\"><img decoding=\"async\" class=\"size-full wp-image-16028 alignleft\" src=\"https:\/\/www.boartlongyear.com\/wp-content\/uploads\/part-lookup-button.png\" alt=\"partie-lookup-button\" width=\"130\" height=\"53\"><\/p>\n<p class=\"p_tc\">En cliquant sur le <strong>Partie recherche<\/strong>&nbsp;\u00e9l\u00e9ment du menu principal ouvrira une nouvelle fen\u00eatre sur le site Web de Boart Longyear. Notre <strong>R\u00e9seau d&#039;information sur les services et pi\u00e8ces (SPIN)<\/strong> est une base de donn\u00e9es mise \u00e0 la disposition de nos clients pour leur permettre d&#039;acc\u00e9der \u00e0 nos pi\u00e8ces, produits et informations d\u00e9taill\u00e9es, y compris les noms de pi\u00e8ces, les num\u00e9ros de pi\u00e8ce et les dessins techniques. Connectez-vous et parcourez ou recherchez dans la biblioth\u00e8que pour acc\u00e9der aux dessins de pi\u00e8ces, aux informations sur les pi\u00e8ces et m\u00eame cr\u00e9er une liste que vous pouvez utiliser pour commander les pi\u00e8ces dont vous avez besoin. Si vous avez d\u00e9j\u00e0 un compte SPIN, cliquez sur <a href=\"https:\/\/documoto.digabit.com\/Portal\/index.jsp?tk=BOARTLY\" target=\"_blank\" rel=\"noopener noreferrer\"><strong>Acc\u00e9dez \u00e0 SPIN ici<\/strong><\/a> au bas de la <a href=\"https:\/\/www.boartlongyear.com\/fr\/parts-and-services\/genuine-parts\/\" target=\"_blank\" rel=\"noopener noreferrer\">Des pi\u00e8ces authentiques <\/a>page. Si vous ne poss\u00e9dez pas encore d\u2019identifiant, vous pouvez demander votre inscription en cliquant sur <a href=\"https:\/\/www.boartlongyear.com\/fr\/parts-and-services\/spin-login-request\/\" target=\"_blank\" rel=\"noopener noreferrer\"><strong>Demander un acc\u00e8s ici<\/strong><\/a> au bas de la page.<\/p>\n<p class=\"p_tc\"><a href=\"https:\/\/www.boartlongyear.com\/fr\/parts-and-services\/genuine-parts\/\" target=\"_blank\" rel=\"noopener noreferrer\"><img decoding=\"async\" class=\"aligncenter wp-image-16029 size-full\" src=\"https:\/\/www.boartlongyear.com\/wp-content\/uploads\/SPIN-login.png\" alt=\"SPIN-login\" width=\"697\" height=\"113\"><\/a><\/p>\n<p class=\"p_tc\">Lors de votre premi\u00e8re connexion, il vous sera demand\u00e9 de changer votre mot de passe pour un mot de passe sp\u00e9cifique. Pour changer votre mot de passe dans SPIN:<\/p>\n<ul>\n<li>Cliquez sur <strong>Pr\u00e9f\u00e9rences<\/strong> situ\u00e9 dans le coin sup\u00e9rieur droit de l&#039;\u00e9cran de l&#039;application, ouvrant une nouvelle fen\u00eatre.<\/li>\n<li>Cliquez dans le champ ci-dessous <strong>Mettre \u00e0 jour le mot de passe<\/strong> et entrez le mot de passe fourni. En entrant le mot de passe temporaire, un <strong>nouveau mot de passe<\/strong> champ appara\u00eetra. Entrez votre nouveau mot de passe et confirmez-le. Cliquez sur <strong>sauvegarder<\/strong>.<\/li>\n<\/ul>\n<p class=\"p_tc\">* <em>Si la <strong>sauvegarder<\/strong> Si le bouton ne s\u2019active pas, cliquez de nouveau dans le deuxi\u00e8me champ du nouveau mot de passe, effectuez un retour arri\u00e8re une fois, puis ressaisissez le dernier caract\u00e8re. Cela devrait activer le <strong>sauvegarder<\/strong> bouton.&nbsp;<\/em><\/p>\n<ul>\n<li>Vous \u00eates pr\u00eat \u00e0 utiliser SPIN.<\/li>\n<\/ul>\n<\/div><\/div><\/div><\/div>\n\t\t\n\t\t\n\t<\/section>","protected":false},"excerpt":{"rendered":"","protected":false},"author":66,"featured_media":0,"parent":16526,"menu_order":0,"comment_status":"closed","ping_status":"closed","template":"sidebar-dynamic.php","meta":{"_uag_custom_page_level_css":"","_monsterinsights_skip_tracking":false,"_monsterinsights_sitenote_active":false,"_monsterinsights_sitenote_note":"","_monsterinsights_sitenote_category":0,"footnotes":""},"class_list":["post-16026","page","type-page","status-publish","hentry"],"acf":[],"yoast_head":"<!-- This site is optimized with the Yoast SEO plugin v27.4 - https:\/\/yoast.com\/product\/yoast-seo-wordpress\/ -->\n<title>My Drill Store: Part Lookup - Boart Longyear<\/title>\n<meta name=\"robots\" content=\"index, follow, max-snippet:-1, max-image-preview:large, max-video-preview:-1\" \/>\n<link rel=\"canonical\" href=\"https:\/\/www.boartlongyear.com\/fr\/my-drill-store\/part-lookup\/\" \/>\n<meta property=\"og:locale\" content=\"fr_FR\" \/>\n<meta property=\"og:type\" content=\"article\" \/>\n<meta property=\"og:title\" content=\"My Drill Store: Part Lookup - Boart Longyear\" \/>\n<meta property=\"og:url\" content=\"https:\/\/www.boartlongyear.com\/fr\/my-drill-store\/part-lookup\/\" \/>\n<meta property=\"og:site_name\" content=\"Boart Longyear\" \/>\n<meta property=\"article:publisher\" content=\"https:\/\/www.facebook.com\/boartlongyearcareers\" \/>\n<meta property=\"article:modified_time\" content=\"2017-07-31T19:47:02+00:00\" \/>\n<meta property=\"og:image\" content=\"https:\/\/www.boartlongyear.com\/wp-content\/uploads\/part-lookup-button.png\" \/>\n<meta name=\"twitter:label1\" content=\"Dur\u00e9e de lecture estim\u00e9e\" \/>\n\t<meta name=\"twitter:data1\" content=\"1 minute\" \/>\n<script type=\"application\/ld+json\" class=\"yoast-schema-graph\">{\"@context\":\"https:\\\/\\\/schema.org\",\"@graph\":[{\"@type\":\"WebPage\",\"@id\":\"https:\\\/\\\/www.boartlongyear.com\\\/my-drill-store\\\/part-lookup\\\/\",\"url\":\"https:\\\/\\\/www.boartlongyear.com\\\/my-drill-store\\\/part-lookup\\\/\",\"name\":\"My Drill Store: Part Lookup - Boart Longyear\",\"isPartOf\":{\"@id\":\"https:\\\/\\\/www.boartlongyear.com\\\/#website\"},\"primaryImageOfPage\":{\"@id\":\"https:\\\/\\\/www.boartlongyear.com\\\/my-drill-store\\\/part-lookup\\\/#primaryimage\"},\"image\":{\"@id\":\"https:\\\/\\\/www.boartlongyear.com\\\/my-drill-store\\\/part-lookup\\\/#primaryimage\"},\"thumbnailUrl\":\"https:\\\/\\\/www.boartlongyear.com\\\/wp-content\\\/uploads\\\/part-lookup-button.png\",\"datePublished\":\"2016-06-15T22:23:53+00:00\",\"dateModified\":\"2017-07-31T19:47:02+00:00\",\"breadcrumb\":{\"@id\":\"https:\\\/\\\/www.boartlongyear.com\\\/my-drill-store\\\/part-lookup\\\/#breadcrumb\"},\"inLanguage\":\"fr-FR\",\"potentialAction\":[{\"@type\":\"ReadAction\",\"target\":[\"https:\\\/\\\/www.boartlongyear.com\\\/my-drill-store\\\/part-lookup\\\/\"]}]},{\"@type\":\"ImageObject\",\"inLanguage\":\"fr-FR\",\"@id\":\"https:\\\/\\\/www.boartlongyear.com\\\/my-drill-store\\\/part-lookup\\\/#primaryimage\",\"url\":\"https:\\\/\\\/www.boartlongyear.com\\\/wp-content\\\/uploads\\\/part-lookup-button.png\",\"contentUrl\":\"https:\\\/\\\/www.boartlongyear.com\\\/wp-content\\\/uploads\\\/part-lookup-button.png\"},{\"@type\":\"BreadcrumbList\",\"@id\":\"https:\\\/\\\/www.boartlongyear.com\\\/my-drill-store\\\/part-lookup\\\/#breadcrumb\",\"itemListElement\":[{\"@type\":\"ListItem\",\"position\":1,\"name\":\"Home\",\"item\":\"https:\\\/\\\/www.boartlongyear.com\\\/\"},{\"@type\":\"ListItem\",\"position\":2,\"name\":\"My Drill Store\",\"item\":\"https:\\\/\\\/www.boartlongyear.com\\\/my-drill-store\\\/\"},{\"@type\":\"ListItem\",\"position\":3,\"name\":\"My Drill Store: Part Lookup\"}]},{\"@type\":\"WebSite\",\"@id\":\"https:\\\/\\\/www.boartlongyear.com\\\/#website\",\"url\":\"https:\\\/\\\/www.boartlongyear.com\\\/\",\"name\":\"Boart Longyear\",\"description\":\"\",\"publisher\":{\"@id\":\"https:\\\/\\\/www.boartlongyear.com\\\/#organization\"},\"potentialAction\":[{\"@type\":\"SearchAction\",\"target\":{\"@type\":\"EntryPoint\",\"urlTemplate\":\"https:\\\/\\\/www.boartlongyear.com\\\/?s={search_term_string}\"},\"query-input\":{\"@type\":\"PropertyValueSpecification\",\"valueRequired\":true,\"valueName\":\"search_term_string\"}}],\"inLanguage\":\"fr-FR\"},{\"@type\":\"Organization\",\"@id\":\"https:\\\/\\\/www.boartlongyear.com\\\/#organization\",\"name\":\"Boart Longyear\",\"url\":\"https:\\\/\\\/www.boartlongyear.com\\\/\",\"logo\":{\"@type\":\"ImageObject\",\"inLanguage\":\"fr-FR\",\"@id\":\"https:\\\/\\\/www.boartlongyear.com\\\/#\\\/schema\\\/logo\\\/image\\\/\",\"url\":\"https:\\\/\\\/www.boartlongyear.com\\\/wp-content\\\/uploads\\\/BLY-Double-Stack.png\",\"contentUrl\":\"https:\\\/\\\/www.boartlongyear.com\\\/wp-content\\\/uploads\\\/BLY-Double-Stack.png\",\"width\":400,\"height\":100,\"caption\":\"Boart Longyear\"},\"image\":{\"@id\":\"https:\\\/\\\/www.boartlongyear.com\\\/#\\\/schema\\\/logo\\\/image\\\/\"},\"sameAs\":[\"https:\\\/\\\/www.facebook.com\\\/boartlongyearcareers\",\"https:\\\/\\\/x.com\\\/boartlongyear\",\"https:\\\/\\\/www.instagram.com\\\/boartlongyear\",\"https:\\\/\\\/www.linkedin.com\\\/company\\\/boart-longyear\",\"https:\\\/\\\/www.youtube.com\\\/user\\\/BoartLongyear1\"]}]}<\/script>\n<!-- \/ Yoast SEO plugin. -->","yoast_head_json":{"title":"My Drill Store: Recherche de pi\u00e8ces - Boart Longyear","robots":{"index":"index","follow":"follow","max-snippet":"max-snippet:-1","max-image-preview":"max-image-preview:large","max-video-preview":"max-video-preview:-1"},"canonical":"https:\/\/www.boartlongyear.com\/fr\/my-drill-store\/part-lookup\/","og_locale":"fr_FR","og_type":"article","og_title":"My Drill Store: Part Lookup - Boart Longyear","og_url":"https:\/\/www.boartlongyear.com\/fr\/my-drill-store\/part-lookup\/","og_site_name":"Boart Longyear","article_publisher":"https:\/\/www.facebook.com\/boartlongyearcareers","article_modified_time":"2017-07-31T19:47:02+00:00","og_image":[{"url":"https:\/\/www.boartlongyear.com\/wp-content\/uploads\/part-lookup-button.png","type":"","width":"","height":""}],"twitter_misc":{"Dur\u00e9e de lecture estim\u00e9e":"1 minute"},"schema":{"@context":"https:\/\/schema.org","@graph":[{"@type":"WebPage","@id":"https:\/\/www.boartlongyear.com\/my-drill-store\/part-lookup\/","url":"https:\/\/www.boartlongyear.com\/my-drill-store\/part-lookup\/","name":"My Drill Store: Recherche de pi\u00e8ces - Boart Longyear","isPartOf":{"@id":"https:\/\/www.boartlongyear.com\/#website"},"primaryImageOfPage":{"@id":"https:\/\/www.boartlongyear.com\/my-drill-store\/part-lookup\/#primaryimage"},"image":{"@id":"https:\/\/www.boartlongyear.com\/my-drill-store\/part-lookup\/#primaryimage"},"thumbnailUrl":"https:\/\/www.boartlongyear.com\/wp-content\/uploads\/part-lookup-button.png","datePublished":"2016-06-15T22:23:53+00:00","dateModified":"2017-07-31T19:47:02+00:00","breadcrumb":{"@id":"https:\/\/www.boartlongyear.com\/my-drill-store\/part-lookup\/#breadcrumb"},"inLanguage":"fr-FR","potentialAction":[{"@type":"ReadAction","target":["https:\/\/www.boartlongyear.com\/my-drill-store\/part-lookup\/"]}]},{"@type":"ImageObject","inLanguage":"fr-FR","@id":"https:\/\/www.boartlongyear.com\/my-drill-store\/part-lookup\/#primaryimage","url":"https:\/\/www.boartlongyear.com\/wp-content\/uploads\/part-lookup-button.png","contentUrl":"https:\/\/www.boartlongyear.com\/wp-content\/uploads\/part-lookup-button.png"},{"@type":"BreadcrumbList","@id":"https:\/\/www.boartlongyear.com\/my-drill-store\/part-lookup\/#breadcrumb","itemListElement":[{"@type":"ListItem","position":1,"name":"Home","item":"https:\/\/www.boartlongyear.com\/"},{"@type":"ListItem","position":2,"name":"My Drill Store","item":"https:\/\/www.boartlongyear.com\/my-drill-store\/"},{"@type":"ListItem","position":3,"name":"My Drill Store: Part Lookup"}]},{"@type":"WebSite","@id":"https:\/\/www.boartlongyear.com\/#website","url":"https:\/\/www.boartlongyear.com\/","name":"Boart Longyear","description":"","publisher":{"@id":"https:\/\/www.boartlongyear.com\/#organization"},"potentialAction":[{"@type":"SearchAction","target":{"@type":"EntryPoint","urlTemplate":"https:\/\/www.boartlongyear.com\/?s={search_term_string}"},"query-input":{"@type":"PropertyValueSpecification","valueRequired":true,"valueName":"search_term_string"}}],"inLanguage":"fr-FR"},{"@type":"Organization","@id":"https:\/\/www.boartlongyear.com\/#organization","name":"Boart Longyear","url":"https:\/\/www.boartlongyear.com\/","logo":{"@type":"ImageObject","inLanguage":"fr-FR","@id":"https:\/\/www.boartlongyear.com\/#\/schema\/logo\/image\/","url":"https:\/\/www.boartlongyear.com\/wp-content\/uploads\/BLY-Double-Stack.png","contentUrl":"https:\/\/www.boartlongyear.com\/wp-content\/uploads\/BLY-Double-Stack.png","width":400,"height":100,"caption":"Boart Longyear"},"image":{"@id":"https:\/\/www.boartlongyear.com\/#\/schema\/logo\/image\/"},"sameAs":["https:\/\/www.facebook.com\/boartlongyearcareers","https:\/\/x.com\/boartlongyear","https:\/\/www.instagram.com\/boartlongyear","https:\/\/www.linkedin.com\/company\/boart-longyear","https:\/\/www.youtube.com\/user\/BoartLongyear1"]}]}},"uagb_featured_image_src":{"full":false,"thumbnail":false,"medium":false,"medium_large":false,"large":false,"RoboGalleryMansoryImagesCenter":false,"RoboGalleryPreload":false,"1536x1536":false,"2048x2048":false,"trp-custom-language-flag":false,"alm-thumbnail":false,"tptn_thumbnail":false},"uagb_author_info":{"display_name":"Marketing","author_link":"https:\/\/www.boartlongyear.com\/fr\/insite\/author\/jamesburris\/"},"uagb_comment_info":0,"uagb_excerpt":null,"_links":{"self":[{"href":"https:\/\/www.boartlongyear.com\/fr\/wp-json\/wp\/v2\/pages\/16026","targetHints":{"allow":["GET"]}}],"collection":[{"href":"https:\/\/www.boartlongyear.com\/fr\/wp-json\/wp\/v2\/pages"}],"about":[{"href":"https:\/\/www.boartlongyear.com\/fr\/wp-json\/wp\/v2\/types\/page"}],"author":[{"embeddable":true,"href":"https:\/\/www.boartlongyear.com\/fr\/wp-json\/wp\/v2\/users\/66"}],"replies":[{"embeddable":true,"href":"https:\/\/www.boartlongyear.com\/fr\/wp-json\/wp\/v2\/comments?post=16026"}],"version-history":[{"count":0,"href":"https:\/\/www.boartlongyear.com\/fr\/wp-json\/wp\/v2\/pages\/16026\/revisions"}],"up":[{"embeddable":true,"href":"https:\/\/www.boartlongyear.com\/fr\/wp-json\/wp\/v2\/pages\/16526"}],"wp:attachment":[{"href":"https:\/\/www.boartlongyear.com\/fr\/wp-json\/wp\/v2\/media?parent=16026"}],"curies":[{"name":"wp","href":"https:\/\/api.w.org\/{rel}","templated":true}]}}