{"id":16045,"date":"2016-06-09T12:40:50","date_gmt":"2016-06-09T18:40:50","guid":{"rendered":"https:\/\/www.boartlongyear.com\/?page_id=16045"},"modified":"2017-07-31T14:08:06","modified_gmt":"2017-07-31T20:08:06","slug":"direct-item-entry","status":"publish","type":"page","link":"https:\/\/www.boartlongyear.com\/fr\/my-drill-store\/direct-item-entry\/","title":{"rendered":"Mon magasin d&#039;exercices: entr\u00e9e directe d&#039;un article"},"content":{"rendered":"<section class=\"tcvpb_section_tc\">\n\t\t\n\t\t<div class=\"tcvpb_section_content\"><div class=\"tcvpb_container\"><div class=\"tcvpb_column_tc_span12\"><h1  ><span>Mon magasin d&#039;exercices: entr\u00e9e directe d&#039;un article<\/span><\/h1><div  class=\"\" >\n<p class=\"p_tc\"><img decoding=\"async\" class=\"alignnone wp-image-16041 size-full\" src=\"https:\/\/www.boartlongyear.com\/wp-content\/uploads\/direct-item-entry.png\" width=\"139\" height=\"38\" \/><\/p>\n<p class=\"p_tc\"><img decoding=\"async\" class=\"size-full wp-image-16638 aligncenter\" src=\"https:\/\/www.boartlongyear.com\/wp-content\/uploads\/directitementry1.gif\" alt=\"\u00e9motion directe1\" width=\"360\" height=\"203\" \/><\/p>\n<p class=\"p_tc\"><img decoding=\"async\" class=\"size-full wp-image-16042 aligncenter\" src=\"https:\/\/www.boartlongyear.com\/wp-content\/uploads\/direct-item-entry-form.png\" alt=\"formulaire de saisie directe\" width=\"817\" height=\"301\" \/><\/p>\n<\/div><h2  ><span>Saisie directe d&#039;\u00e9l\u00e9ment: Saisie manuelle<\/span><\/h2><div  class=\"\" >\n<p class=\"p_tc\">Utilisez le <strong>Entr\u00e9e directe d&#039;\u00e9l\u00e9ment<\/strong>&nbsp;formulaire pour entrer manuellement les num\u00e9ros de pi\u00e8ces \u00e0 commander. Si vous avez personnalis\u00e9 les num\u00e9ros de pi\u00e8ce client, vous pouvez \u00e9galement les entrer ici. Une fois que vous avez entr\u00e9 les r\u00e9f\u00e9rences, s\u00e9lectionnez les articles en cochant les cases correspondantes. <strong>S\u00e9lectionner<\/strong> colonne de gauche et cliquez sur le <strong>Remplir les d\u00e9tails<\/strong> bouton. Assurer le <strong>Nom de l&#039;article<\/strong> est correct une fois le formulaire rempli, puis cliquez sur <strong>Ajouter au panier.<\/strong><\/p>\n<\/div><h2  ><span>Entr\u00e9e directe d&#039;\u00e9l\u00e9ment: entr\u00e9e de feuille de calcul<\/span><\/h2><div  class=\"\" >\n<p class=\"p_tc\">Vous pouvez \u00e9galement t\u00e9l\u00e9charger une feuille de calcul au format .csv (valeurs s\u00e9par\u00e9es par des virgules). Il existe une mise en page sp\u00e9cifique pour pouvoir t\u00e9l\u00e9charger votre liste d\u2019articles. Le titre de chaque colonne de votre fichier .csv doit \u00eatre le suivant: <strong>INV_NUM | UOM | Quantit\u00e9<\/strong> <strong><em>REMARQUE: chaque champ doit contenir des informations. Il ne peut y avoir de champs vides.<\/em><\/strong><\/p>\n<p class=\"p_tc\"><strong><a href=\"https:\/\/www.boartlongyear.com\/wp-content\/uploads\/direct-item-entry-template.csv\" target=\"_blank\" rel=\"noopener noreferrer\">T\u00e9l\u00e9chargez le mod\u00e8le de fichier csv de saisie directe<\/a><\/strong><\/p>\n<p class=\"p_tc\">le <strong>INV_NUM<\/strong> le champ est le num\u00e9ro de pi\u00e8ce, le <strong>UOM<\/strong> (Unit\u00e9 de mesure) doit toujours \u00eatre renseign\u00e9 avec &quot;<strong>EA<\/strong>&quot;, et <strong>Quantit\u00e9<\/strong> est la quantit\u00e9 de la pi\u00e8ce que vous souhaitez acheter. Lors de la sauvegarde, assurez-vous que le fichier reste au format .csv.<\/p>\n<p class=\"p_tc\">dans le <strong>Entr\u00e9e directe d&#039;\u00e9l\u00e9ment<\/strong> page, cliquez sur le <strong>T\u00e9l\u00e9charger<\/strong> bouton. <img decoding=\"async\" class=\"alignnone size-full wp-image-16048\" src=\"https:\/\/www.boartlongyear.com\/wp-content\/uploads\/direct-item-entry-upload.png\" alt=\"chargement direct des articles\" width=\"74\" height=\"45\" \/>Clique le <strong>Choisir le fichier<\/strong> et s\u00e9lectionnez le fichier .csv souhait\u00e9. Cliquez sur <strong>Appliquer<\/strong>. Si le fichier .csv est correctement format\u00e9, le formulaire Saisie directe d&#039;\u00e9l\u00e9ment sera automatiquement renseign\u00e9 avec les d\u00e9tails des \u00e9l\u00e9ments t\u00e9l\u00e9charg\u00e9s.<\/p>\n<\/div><div  class=\"tcvpb-image\" ><a href=\"https:\/\/www.boartlongyear.com\/wp-content\/uploads\/direct-item-entry-filledout.png\" class=\"lightbox\" data-lightbox=\"image\"><img decoding=\"async\" src=\"https:\/\/www.boartlongyear.com\/wp-content\/uploads\/direct-item-entry-filledout.png\">\n\t\t\t<canvas class=\"grey-effect\"><\/canvas>\n\t\t\t\n\t\t<\/a><\/div><div  class=\"\" >\n<p class=\"p_tc\">Sur le c\u00f4t\u00e9 gauche du formulaire, s\u00e9lectionnez les articles que vous souhaitez ajouter au panier, puis cliquez sur le bouton <strong>Ajouter au panier<\/strong> bouton. Tu peux <strong>Tout s\u00e9lectionner <\/strong>dans le lien au-dessus du <strong>S\u00e9lectionner<\/strong> colonne.<\/p>\n<\/div><\/div><\/div><\/div>\n\t\t\n\t\t\n\t<\/section><section class=\"tcvpb_section_tc\" style=\"background-color:rgb(82, 88, 97);\">\n\t\t\n\t\t<div class=\"tcvpb_section_content\"><div class=\"tcvpb_container\"><div class=\"tcvpb_column_tc_span12\"><span class=\"clear\" style=\"height:10px;display:block;\"><\/span><div  class=\"\" >\n<p class=\"p_tc\" style=\"text-align: center;\"><span style=\"font-size: 18pt; color: #ffffff;\"><strong>Bonne pratique: Cliquez toujours sur le bouton D\u00e9tails de remplissage pour \u00eatre averti des erreurs!<\/strong><\/span><\/p>\n<\/div><\/div><\/div><\/div>\n\t\t\n\t\t\n\t<\/section><section class=\"tcvpb_section_tc\">\n\t\t\n\t\t<div class=\"tcvpb_section_content\"><div class=\"tcvpb_container\"><div class=\"tcvpb_column_tc_span12\"><div  class=\"\" >\n<p class=\"p_tc\">&nbsp;\n<p class=\"p1\"><em><strong>REMARQUE:<\/strong><\/em>&nbsp;Apr\u00e8s avoir entr\u00e9 vos r\u00e9f\u00e9rences manuellement ou via un fichier .csv, cliquez sur le bouton <strong>Tout s\u00e9lectionner<\/strong> lien, puis cliquez sur le <strong>Remplir les d\u00e9tails<\/strong> bouton. S&#039;il existe des num\u00e9ros de pi\u00e8ces inexistants ou incorrects, une erreur X rouge appara\u00eet sur la pi\u00e8ce.<\/p>\n<p class=\"p1\">&nbsp;\n<p class=\"p1\"><img decoding=\"async\" class=\"alignnone size-full wp-image-16927\" src=\"https:\/\/www.boartlongyear.com\/wp-content\/uploads\/direct-item-entry-error.png\" alt=\"erreur de saisie d&#039;article direct\" width=\"390\" height=\"106\" srcset=\"https:\/\/www.boartlongyear.com\/wp-content\/uploads\/direct-item-entry-error.png 390w, https:\/\/www.boartlongyear.com\/wp-content\/uploads\/direct-item-entry-error-340x92.png 340w\" sizes=\"(max-width: 390px) 100vw, 390px\" \/><\/p>\n<p class=\"p1\">&nbsp;\n<p class=\"p1\"><strong>Vous ne pourrez pas ajouter d\u2019\u00e9l\u00e9ments au panier dans cet \u00e9cran tant que toutes les r\u00e9f\u00e9rences ne seront pas correctes.<\/strong> Vous pouvez soit modifier le num\u00e9ro de pi\u00e8ce erron\u00e9, soit le supprimer, puis cliquer sur le bouton <strong>Remplir les d\u00e9tails<\/strong> bouton pour supprimer l&#039;erreur. Lorsque toutes les erreurs ont \u00e9t\u00e9 corrig\u00e9es, vous pouvez ajouter vos articles au panier.<\/p>\n<\/div><\/div><\/div><\/div>\n\t\t\n\t\t\n\t<\/section>","protected":false},"excerpt":{"rendered":"","protected":false},"author":66,"featured_media":0,"parent":16526,"menu_order":0,"comment_status":"closed","ping_status":"closed","template":"sidebar-dynamic.php","meta":{"_uag_custom_page_level_css":"","_monsterinsights_skip_tracking":false,"_monsterinsights_sitenote_active":false,"_monsterinsights_sitenote_note":"","_monsterinsights_sitenote_category":0,"footnotes":""},"class_list":["post-16045","page","type-page","status-publish","hentry"],"acf":[],"yoast_head":"<!-- This site is optimized with the Yoast SEO plugin v27.4 - https:\/\/yoast.com\/product\/yoast-seo-wordpress\/ -->\n<title>My Drill Store: Direct Item Entry - Boart Longyear<\/title>\n<meta name=\"robots\" content=\"index, follow, max-snippet:-1, max-image-preview:large, max-video-preview:-1\" \/>\n<link rel=\"canonical\" href=\"https:\/\/www.boartlongyear.com\/fr\/my-drill-store\/direct-item-entry\/\" \/>\n<meta property=\"og:locale\" content=\"fr_FR\" \/>\n<meta property=\"og:type\" content=\"article\" \/>\n<meta property=\"og:title\" content=\"My Drill Store: Direct Item Entry - Boart Longyear\" \/>\n<meta property=\"og:url\" content=\"https:\/\/www.boartlongyear.com\/fr\/my-drill-store\/direct-item-entry\/\" \/>\n<meta property=\"og:site_name\" content=\"Boart Longyear\" \/>\n<meta property=\"article:publisher\" content=\"https:\/\/www.facebook.com\/boartlongyearcareers\" \/>\n<meta property=\"article:modified_time\" content=\"2017-07-31T20:08:06+00:00\" \/>\n<meta property=\"og:image\" content=\"https:\/\/www.boartlongyear.com\/wp-content\/uploads\/direct-item-entry.png\" \/>\n<meta name=\"twitter:label1\" content=\"Dur\u00e9e de lecture estim\u00e9e\" \/>\n\t<meta name=\"twitter:data1\" content=\"3 minutes\" \/>\n<script type=\"application\/ld+json\" class=\"yoast-schema-graph\">{\"@context\":\"https:\\\/\\\/schema.org\",\"@graph\":[{\"@type\":\"WebPage\",\"@id\":\"https:\\\/\\\/www.boartlongyear.com\\\/my-drill-store\\\/direct-item-entry\\\/\",\"url\":\"https:\\\/\\\/www.boartlongyear.com\\\/my-drill-store\\\/direct-item-entry\\\/\",\"name\":\"My Drill Store: Direct Item Entry - Boart Longyear\",\"isPartOf\":{\"@id\":\"https:\\\/\\\/www.boartlongyear.com\\\/#website\"},\"primaryImageOfPage\":{\"@id\":\"https:\\\/\\\/www.boartlongyear.com\\\/my-drill-store\\\/direct-item-entry\\\/#primaryimage\"},\"image\":{\"@id\":\"https:\\\/\\\/www.boartlongyear.com\\\/my-drill-store\\\/direct-item-entry\\\/#primaryimage\"},\"thumbnailUrl\":\"https:\\\/\\\/www.boartlongyear.com\\\/wp-content\\\/uploads\\\/direct-item-entry.png\",\"datePublished\":\"2016-06-09T18:40:50+00:00\",\"dateModified\":\"2017-07-31T20:08:06+00:00\",\"breadcrumb\":{\"@id\":\"https:\\\/\\\/www.boartlongyear.com\\\/my-drill-store\\\/direct-item-entry\\\/#breadcrumb\"},\"inLanguage\":\"fr-FR\",\"potentialAction\":[{\"@type\":\"ReadAction\",\"target\":[\"https:\\\/\\\/www.boartlongyear.com\\\/my-drill-store\\\/direct-item-entry\\\/\"]}]},{\"@type\":\"ImageObject\",\"inLanguage\":\"fr-FR\",\"@id\":\"https:\\\/\\\/www.boartlongyear.com\\\/my-drill-store\\\/direct-item-entry\\\/#primaryimage\",\"url\":\"https:\\\/\\\/www.boartlongyear.com\\\/wp-content\\\/uploads\\\/direct-item-entry.png\",\"contentUrl\":\"https:\\\/\\\/www.boartlongyear.com\\\/wp-content\\\/uploads\\\/direct-item-entry.png\"},{\"@type\":\"BreadcrumbList\",\"@id\":\"https:\\\/\\\/www.boartlongyear.com\\\/my-drill-store\\\/direct-item-entry\\\/#breadcrumb\",\"itemListElement\":[{\"@type\":\"ListItem\",\"position\":1,\"name\":\"Home\",\"item\":\"https:\\\/\\\/www.boartlongyear.com\\\/\"},{\"@type\":\"ListItem\",\"position\":2,\"name\":\"My Drill Store\",\"item\":\"https:\\\/\\\/www.boartlongyear.com\\\/my-drill-store\\\/\"},{\"@type\":\"ListItem\",\"position\":3,\"name\":\"My Drill Store: Direct Item Entry\"}]},{\"@type\":\"WebSite\",\"@id\":\"https:\\\/\\\/www.boartlongyear.com\\\/#website\",\"url\":\"https:\\\/\\\/www.boartlongyear.com\\\/\",\"name\":\"Boart Longyear\",\"description\":\"\",\"publisher\":{\"@id\":\"https:\\\/\\\/www.boartlongyear.com\\\/#organization\"},\"potentialAction\":[{\"@type\":\"SearchAction\",\"target\":{\"@type\":\"EntryPoint\",\"urlTemplate\":\"https:\\\/\\\/www.boartlongyear.com\\\/?s={search_term_string}\"},\"query-input\":{\"@type\":\"PropertyValueSpecification\",\"valueRequired\":true,\"valueName\":\"search_term_string\"}}],\"inLanguage\":\"fr-FR\"},{\"@type\":\"Organization\",\"@id\":\"https:\\\/\\\/www.boartlongyear.com\\\/#organization\",\"name\":\"Boart Longyear\",\"url\":\"https:\\\/\\\/www.boartlongyear.com\\\/\",\"logo\":{\"@type\":\"ImageObject\",\"inLanguage\":\"fr-FR\",\"@id\":\"https:\\\/\\\/www.boartlongyear.com\\\/#\\\/schema\\\/logo\\\/image\\\/\",\"url\":\"https:\\\/\\\/www.boartlongyear.com\\\/wp-content\\\/uploads\\\/BLY-Double-Stack.png\",\"contentUrl\":\"https:\\\/\\\/www.boartlongyear.com\\\/wp-content\\\/uploads\\\/BLY-Double-Stack.png\",\"width\":400,\"height\":100,\"caption\":\"Boart Longyear\"},\"image\":{\"@id\":\"https:\\\/\\\/www.boartlongyear.com\\\/#\\\/schema\\\/logo\\\/image\\\/\"},\"sameAs\":[\"https:\\\/\\\/www.facebook.com\\\/boartlongyearcareers\",\"https:\\\/\\\/x.com\\\/boartlongyear\",\"https:\\\/\\\/www.instagram.com\\\/boartlongyear\",\"https:\\\/\\\/www.linkedin.com\\\/company\\\/boart-longyear\",\"https:\\\/\\\/www.youtube.com\\\/user\\\/BoartLongyear1\"]}]}<\/script>\n<!-- \/ Yoast SEO plugin. -->","yoast_head_json":{"title":"My Drill Store: Entr\u00e9e directe d&#039;un article - Boart Longyear","robots":{"index":"index","follow":"follow","max-snippet":"max-snippet:-1","max-image-preview":"max-image-preview:large","max-video-preview":"max-video-preview:-1"},"canonical":"https:\/\/www.boartlongyear.com\/fr\/my-drill-store\/direct-item-entry\/","og_locale":"fr_FR","og_type":"article","og_title":"My Drill Store: Direct Item Entry - Boart Longyear","og_url":"https:\/\/www.boartlongyear.com\/fr\/my-drill-store\/direct-item-entry\/","og_site_name":"Boart Longyear","article_publisher":"https:\/\/www.facebook.com\/boartlongyearcareers","article_modified_time":"2017-07-31T20:08:06+00:00","og_image":[{"url":"https:\/\/www.boartlongyear.com\/wp-content\/uploads\/direct-item-entry.png","type":"","width":"","height":""}],"twitter_misc":{"Dur\u00e9e de lecture estim\u00e9e":"3 minutes"},"schema":{"@context":"https:\/\/schema.org","@graph":[{"@type":"WebPage","@id":"https:\/\/www.boartlongyear.com\/my-drill-store\/direct-item-entry\/","url":"https:\/\/www.boartlongyear.com\/my-drill-store\/direct-item-entry\/","name":"My Drill Store: Entr\u00e9e directe d&#039;un article - Boart Longyear","isPartOf":{"@id":"https:\/\/www.boartlongyear.com\/#website"},"primaryImageOfPage":{"@id":"https:\/\/www.boartlongyear.com\/my-drill-store\/direct-item-entry\/#primaryimage"},"image":{"@id":"https:\/\/www.boartlongyear.com\/my-drill-store\/direct-item-entry\/#primaryimage"},"thumbnailUrl":"https:\/\/www.boartlongyear.com\/wp-content\/uploads\/direct-item-entry.png","datePublished":"2016-06-09T18:40:50+00:00","dateModified":"2017-07-31T20:08:06+00:00","breadcrumb":{"@id":"https:\/\/www.boartlongyear.com\/my-drill-store\/direct-item-entry\/#breadcrumb"},"inLanguage":"fr-FR","potentialAction":[{"@type":"ReadAction","target":["https:\/\/www.boartlongyear.com\/my-drill-store\/direct-item-entry\/"]}]},{"@type":"ImageObject","inLanguage":"fr-FR","@id":"https:\/\/www.boartlongyear.com\/my-drill-store\/direct-item-entry\/#primaryimage","url":"https:\/\/www.boartlongyear.com\/wp-content\/uploads\/direct-item-entry.png","contentUrl":"https:\/\/www.boartlongyear.com\/wp-content\/uploads\/direct-item-entry.png"},{"@type":"BreadcrumbList","@id":"https:\/\/www.boartlongyear.com\/my-drill-store\/direct-item-entry\/#breadcrumb","itemListElement":[{"@type":"ListItem","position":1,"name":"Home","item":"https:\/\/www.boartlongyear.com\/"},{"@type":"ListItem","position":2,"name":"My Drill Store","item":"https:\/\/www.boartlongyear.com\/my-drill-store\/"},{"@type":"ListItem","position":3,"name":"My Drill Store: Direct Item Entry"}]},{"@type":"WebSite","@id":"https:\/\/www.boartlongyear.com\/#website","url":"https:\/\/www.boartlongyear.com\/","name":"Boart Longyear","description":"","publisher":{"@id":"https:\/\/www.boartlongyear.com\/#organization"},"potentialAction":[{"@type":"SearchAction","target":{"@type":"EntryPoint","urlTemplate":"https:\/\/www.boartlongyear.com\/?s={search_term_string}"},"query-input":{"@type":"PropertyValueSpecification","valueRequired":true,"valueName":"search_term_string"}}],"inLanguage":"fr-FR"},{"@type":"Organization","@id":"https:\/\/www.boartlongyear.com\/#organization","name":"Boart Longyear","url":"https:\/\/www.boartlongyear.com\/","logo":{"@type":"ImageObject","inLanguage":"fr-FR","@id":"https:\/\/www.boartlongyear.com\/#\/schema\/logo\/image\/","url":"https:\/\/www.boartlongyear.com\/wp-content\/uploads\/BLY-Double-Stack.png","contentUrl":"https:\/\/www.boartlongyear.com\/wp-content\/uploads\/BLY-Double-Stack.png","width":400,"height":100,"caption":"Boart Longyear"},"image":{"@id":"https:\/\/www.boartlongyear.com\/#\/schema\/logo\/image\/"},"sameAs":["https:\/\/www.facebook.com\/boartlongyearcareers","https:\/\/x.com\/boartlongyear","https:\/\/www.instagram.com\/boartlongyear","https:\/\/www.linkedin.com\/company\/boart-longyear","https:\/\/www.youtube.com\/user\/BoartLongyear1"]}]}},"uagb_featured_image_src":{"full":false,"thumbnail":false,"medium":false,"medium_large":false,"large":false,"RoboGalleryMansoryImagesCenter":false,"RoboGalleryPreload":false,"1536x1536":false,"2048x2048":false,"trp-custom-language-flag":false,"alm-thumbnail":false,"tptn_thumbnail":false},"uagb_author_info":{"display_name":"Marketing","author_link":"https:\/\/www.boartlongyear.com\/fr\/insite\/author\/jamesburris\/"},"uagb_comment_info":0,"uagb_excerpt":null,"_links":{"self":[{"href":"https:\/\/www.boartlongyear.com\/fr\/wp-json\/wp\/v2\/pages\/16045","targetHints":{"allow":["GET"]}}],"collection":[{"href":"https:\/\/www.boartlongyear.com\/fr\/wp-json\/wp\/v2\/pages"}],"about":[{"href":"https:\/\/www.boartlongyear.com\/fr\/wp-json\/wp\/v2\/types\/page"}],"author":[{"embeddable":true,"href":"https:\/\/www.boartlongyear.com\/fr\/wp-json\/wp\/v2\/users\/66"}],"replies":[{"embeddable":true,"href":"https:\/\/www.boartlongyear.com\/fr\/wp-json\/wp\/v2\/comments?post=16045"}],"version-history":[{"count":0,"href":"https:\/\/www.boartlongyear.com\/fr\/wp-json\/wp\/v2\/pages\/16045\/revisions"}],"up":[{"embeddable":true,"href":"https:\/\/www.boartlongyear.com\/fr\/wp-json\/wp\/v2\/pages\/16526"}],"wp:attachment":[{"href":"https:\/\/www.boartlongyear.com\/fr\/wp-json\/wp\/v2\/media?parent=16045"}],"curies":[{"name":"wp","href":"https:\/\/api.w.org\/{rel}","templated":true}]}}