{"id":16060,"date":"2016-06-15T16:23:21","date_gmt":"2016-06-15T22:23:21","guid":{"rendered":"https:\/\/www.boartlongyear.com\/?page_id=16060"},"modified":"2017-07-28T14:52:12","modified_gmt":"2017-07-28T20:52:12","slug":"checking-out-step-by-step","status":"publish","type":"page","link":"https:\/\/www.boartlongyear.com\/fr\/my-drill-store\/checking-out-step-by-step\/","title":{"rendered":"My Drill Store: Paiement \u00e9tape par \u00e9tape"},"content":{"rendered":"<section class=\"tcvpb_section_tc\">\n\t\t\n\t\t<div class=\"tcvpb_section_content\"><div class=\"tcvpb_container\"><div class=\"tcvpb_column_tc_span12\"><h1  ><span>My Drill Store: Paiement \u00e9tape par \u00e9tape<\/span><\/h1><div  class=\"\" >\n<p class=\"p_tc\">Pour v\u00e9rifier votre commande, vous devez suivre trois \u00e9tapes:<\/p>\n<ol>\n<li><strong>livraison<\/strong><\/li>\n<li><strong>Facturation et paiement<\/strong><\/li>\n<li><strong>Examen et commande<\/strong><\/li>\n<\/ol>\n<p class=\"p_tc\">Lorsque vous avez termin\u00e9 vos achats, cliquez sur le bouton <strong>Chariot (<img decoding=\"async\" class=\"alignnone size-full wp-image-16346\" src=\"https:\/\/www.boartlongyear.com\/wp-content\/uploads\/cart.png\" alt=\"Chariot\" width=\"85\" height=\"37\">)<\/strong> lien sur le menu du haut pour revoir les d\u00e9tails de votre panier. Sur le <strong>D\u00e9tails du panier<\/strong> page, vous pouvez ajuster les quantit\u00e9s ou supprimer les articles que vous ne souhaitez pas acheter.<\/p>\n<\/div><h2  ><span>D\u00e9tails du panier<\/span><\/h2><div  class=\"\" >\n<p class=\"p_tc\">Outre le d\u00e9but du processus de commande de votre commande, vous pouvez effectuer davantage d&#039;actions sur la page D\u00e9tails du panier. Vous pouvez mettre \u00e0 jour la quantit\u00e9 d&#039;un article, v\u00e9rifier la disponibilit\u00e9 de l&#039;entrep\u00f4t dans votre r\u00e9gion ou supprimer un article. Lorsque vous avez termin\u00e9 de r\u00e9viser les articles de votre panier, cliquez sur <strong>CHECK-OUT<\/strong>. Vous en \u00eates maintenant \u00e0 la premi\u00e8re \u00e9tape du processus de paiement.<\/p>\n<\/div><h2  ><span>\u00c9tape 1: Paiement: Informations sur la livraison<\/span><\/h2><div  class=\"\" >\n<p class=\"p_tc\" style=\"text-align: left;\">le <strong>Envoyez \u00e0<\/strong> les informations s&#039;afficheront automatiquement \u00e0 partir des informations de profil entr\u00e9es dans le profil de votre entreprise. Une fois que vous avez v\u00e9rifi\u00e9 vos informations d&#039;exp\u00e9dition, choisissez votre m\u00e9thode d&#039;exp\u00e9dition. Les options sont <strong>Air<\/strong>, <strong>Oc\u00e9an<\/strong>, <strong>Sol<\/strong>, ou <strong>Ramassage du client<\/strong>. Vous pouvez \u00e9galement ajouter des instructions d&#039;exp\u00e9dition ou d&#039;emballage, ainsi qu&#039;une date de demande pour votre commande. <strong>Exp\u00e9dier \u00e0 plusieurs endroits<\/strong> <img decoding=\"async\" class=\"alignnone size-full wp-image-16086\" src=\"https:\/\/www.boartlongyear.com\/wp-content\/uploads\/cart-ship-multiple-locations.jpg\" alt=\"cart-ship-multiple-locations\" width=\"227\" height=\"52\"> Si vous exp\u00e9diez des articles de votre panier \u00e0 plusieurs endroits, cliquez sur le bouton <strong>+<\/strong> \u00e0 c\u00f4t\u00e9 de <strong>Exp\u00e9dier \u00e0 plusieurs endroits<\/strong>.<\/p>\n<p class=\"p_tc\" style=\"text-align: left;\"><img decoding=\"async\" class=\"alignnone size-full wp-image-16087\" src=\"https:\/\/www.boartlongyear.com\/wp-content\/uploads\/cart-multiple-locations-picker.jpg\" alt=\"cart-multiple-locations-picker\" width=\"468\" height=\"229\"><\/p>\n<p class=\"p_tc\" style=\"text-align: left;\"><strong>S\u00e9lectionner<\/strong> les pi\u00e8ces d\u00e9sir\u00e9es \u00e0 exp\u00e9dier \u00e0 un endroit diff\u00e9rent, et cliquez sur <strong>Mettre \u00e0 jour les informations de livraison<\/strong>.<\/p>\n<p class=\"p_tc\" style=\"text-align: left;\"><img decoding=\"async\" class=\"alignnone size-full wp-image-16088\" src=\"https:\/\/www.boartlongyear.com\/wp-content\/uploads\/cart-multiple-locations-select.jpg\" alt=\"cart-multiple-locations-select\" width=\"330\" height=\"239\"><\/p>\n<p class=\"p_tc\" style=\"text-align: left;\">&nbsp;\n<p class=\"p_tc\" style=\"text-align: left;\">Une page contenant les \u00e9l\u00e9ments que vous avez s\u00e9lectionn\u00e9s appara\u00eetra avec<strong> Envoyez \u00e0<\/strong> et <strong>Les d\u00e9tails d&#039;exp\u00e9dition<\/strong> \u00e0 remplir ci-dessous. Clique le <strong>Par d\u00e9faut de:<\/strong> d\u00e9roulant, et <strong>Informations sur la livraison du panier<\/strong>. De l\u00e0, vous pouvez cliquer sur le <strong>Changement<\/strong> bouton \u00e0 c\u00f4t\u00e9 du <strong>Envoyer \u00e0 l&#039;adresse<\/strong> et choisissez l&#039;adresse \u00e0 laquelle vous souhaitez exp\u00e9dier les articles s\u00e9lectionn\u00e9s. Une fois que vous avez fini d&#039;ajouter l&#039;adresse suivante, cliquez sur <strong>S\u00e9lectionner<\/strong>. Choisis un <strong>M\u00e9thode d&#039;envoi<\/strong>et remplissez tout <strong>Les d\u00e9tails d&#039;exp\u00e9dition<\/strong> n\u00e9cessaire, et cliquez <strong>Appliquer<\/strong>. Vous serez renvoy\u00e9 \u00e0 l&#039;\u00e9tape Informations sur la livraison du processus de commande. Cliquez sur <strong>Suivant<\/strong>.<\/p>\n<p class=\"p_tc\" style=\"text-align: left;\"><img decoding=\"async\" class=\"alignnone size-full wp-image-16089\" src=\"https:\/\/www.boartlongyear.com\/wp-content\/uploads\/cart-step1of3.jpg\" alt=\"cart-step1of3\" width=\"290\" height=\"59\"><\/p>\n<\/div><h2  ><span>\u00c9TAPE 2: V\u00c9RIFICATION: INFORMATIONS SUR LA FACTURATION ET LE PAIEMENT<\/span><\/h2><div  class=\"\" >\n<p class=\"p_tc\"><strong>Facturer<\/strong><\/p>\n<p class=\"p_tc\">dans le <strong>Facturer<\/strong> champ, le <strong>Facture au client<\/strong>, <strong>Facture \u00e0 contacter<\/strong>, et <strong>Facturer \u00e0 l&#039;adresse<\/strong> Le champ sera pr\u00e9-rempli avec les informations du compte de votre entreprise. Si votre compte a plusieurs adresses de facturation, cliquez sur le bouton <strong>S\u00e9lectionner<\/strong> bouton \u00e0 c\u00f4t\u00e9 du <strong>Facturer \u00e0 l&#039;adresse<\/strong>. Choisissez dans la liste ou effectuez une recherche par <strong>Pays<\/strong> et <strong>Vu par<\/strong> non plus <strong>Adresses du contact<\/strong> ou <strong>Adresses du client<\/strong>.<\/p>\n<h3><strong>Paiement<\/strong><\/h3>\n<p class=\"p_tc\">UNE <strong>Num\u00e9ro de bon de commande<\/strong> est n\u00e9cessaire pour continuer le processus de commande. Entrez votre num\u00e9ro de bon de commande dans le champ.<\/p>\n<h3><strong>Termes et conditions<\/strong><\/h3>\n<p class=\"p_tc\">Pour continuer le processus de paiement, vous devez cocher la case en confirmant que vous avez lu et accept\u00e9 les conditions g\u00e9n\u00e9rales de Boart Longyear. Lorsque vous avez termin\u00e9 de consulter vos informations de facturation et de paiement, cliquez sur <strong>Suivant<\/strong> pour examiner et passer votre commande.<\/p>\n<p class=\"p_tc\"><img decoding=\"async\" class=\"alignnone size-full wp-image-16090\" src=\"https:\/\/www.boartlongyear.com\/wp-content\/uploads\/cart-step2of3.jpg\" alt=\"cart-step2of3\" width=\"272\" height=\"53\"><\/p>\n<\/div><h2  ><span>\u00c9tape 3: Paiement: R\u00e9viser et passer la commande<\/span><\/h2><div  class=\"\" >\n<p class=\"p_tc\">Lors de la derni\u00e8re \u00e9tape du processus de commande, votre commande compl\u00e8te est pr\u00e9sent\u00e9e pour v\u00e9rification. Vous pouvez cliquer sur le&nbsp;<strong>Retour<\/strong>&nbsp;bouton \u00e0 tout moment pour apporter des modifications, ou vous pouvez mettre \u00e0 jour les informations sur cette page. <em>Remarque: Bien que vous puissiez mettre \u00e0 jour la quantit\u00e9 de tous les articles de votre panier, vous ne pouvez pas les supprimer sur cette page. Si vous devez supprimer un \u00e9l\u00e9ment, cliquez sur le bouton <strong>Chariot<\/strong> cliquez sur le lien en haut de la page et apportez vos modifications. R\u00e9p\u00e9tez ensuite les \u00e9tapes 1 \u00e0 3 pour passer \u00e0 la caisse.<\/em> Lorsque vous \u00eates satisfait des informations de votre commande, cliquez sur <strong>Passer la commande<\/strong>. Une page de confirmation appara\u00eetra avec votre num\u00e9ro de commande. Veuillez imprimer cette page et la conserver pour vos dossiers.<\/p>\n<p class=\"p_tc\"><img decoding=\"async\" class=\"alignnone size-full wp-image-16091\" src=\"https:\/\/www.boartlongyear.com\/wp-content\/uploads\/cart-step3of3.jpg\" alt=\"cart-step3of3\" width=\"272\" height=\"57\"><\/p>\n<p class=\"p_tc\">Peu de temps apr\u00e8s l\u2019apparition de la confirmation, vous recevrez un accus\u00e9 de r\u00e9ception de la commande correspondant \u00e0 l\u2019e-mail indiqu\u00e9 dans votre compte. Un repr\u00e9sentant du service client\u00e8le affect\u00e9 \u00e0 votre compte recevra et examinera \u00e9galement un accus\u00e9 de r\u00e9ception de votre commande. <em>Remarque: le repr\u00e9sentant du service client\u00e8le peut apporter des modifications \u00e0 votre commande, telles que:<\/em><\/p>\n<ul>\n<li><em>Modification de la quantit\u00e9 de commande pour corriger les quantit\u00e9s de paquet (tiges)<\/em><\/li>\n<li><em>M\u00e9thode d&#039;envoi<\/em><\/li>\n<li><em>Ajouter des frais d&#039;exp\u00e9dition<\/em><\/li>\n<\/ul>\n<p class=\"p_tc\">Votre repr\u00e9sentant du service client\u00e8le vous contactera pour confirmer votre commande et les modifications apport\u00e9es.<\/p>\n<\/div><\/div><\/div><\/div>\n\t\t\n\t\t\n\t<\/section>","protected":false},"excerpt":{"rendered":"","protected":false},"author":66,"featured_media":0,"parent":16526,"menu_order":0,"comment_status":"closed","ping_status":"closed","template":"sidebar-dynamic.php","meta":{"_uag_custom_page_level_css":"","_monsterinsights_skip_tracking":false,"_monsterinsights_sitenote_active":false,"_monsterinsights_sitenote_note":"","_monsterinsights_sitenote_category":0,"footnotes":""},"class_list":["post-16060","page","type-page","status-publish","hentry"],"acf":[],"yoast_head":"<!-- This site is optimized with the Yoast SEO plugin v27.4 - https:\/\/yoast.com\/product\/yoast-seo-wordpress\/ -->\n<title>My Drill Store: Checkout Step-By-Step - Boart Longyear<\/title>\n<meta name=\"robots\" content=\"index, follow, max-snippet:-1, max-image-preview:large, max-video-preview:-1\" \/>\n<link rel=\"canonical\" href=\"https:\/\/www.boartlongyear.com\/fr\/my-drill-store\/checking-out-step-by-step\/\" \/>\n<meta property=\"og:locale\" content=\"fr_FR\" \/>\n<meta property=\"og:type\" content=\"article\" \/>\n<meta property=\"og:title\" content=\"My Drill Store: Checkout Step-By-Step - Boart Longyear\" \/>\n<meta property=\"og:url\" content=\"https:\/\/www.boartlongyear.com\/fr\/my-drill-store\/checking-out-step-by-step\/\" \/>\n<meta property=\"og:site_name\" content=\"Boart Longyear\" \/>\n<meta property=\"article:publisher\" content=\"https:\/\/www.facebook.com\/boartlongyearcareers\" \/>\n<meta property=\"article:modified_time\" content=\"2017-07-28T20:52:12+00:00\" \/>\n<meta property=\"og:image\" content=\"https:\/\/www.boartlongyear.com\/wp-content\/uploads\/cart.png\" \/>\n<meta name=\"twitter:label1\" content=\"Dur\u00e9e de lecture estim\u00e9e\" \/>\n\t<meta name=\"twitter:data1\" content=\"4 minutes\" \/>\n<script type=\"application\/ld+json\" class=\"yoast-schema-graph\">{\"@context\":\"https:\\\/\\\/schema.org\",\"@graph\":[{\"@type\":\"WebPage\",\"@id\":\"https:\\\/\\\/www.boartlongyear.com\\\/my-drill-store\\\/checking-out-step-by-step\\\/\",\"url\":\"https:\\\/\\\/www.boartlongyear.com\\\/my-drill-store\\\/checking-out-step-by-step\\\/\",\"name\":\"My Drill Store: Checkout Step-By-Step - Boart Longyear\",\"isPartOf\":{\"@id\":\"https:\\\/\\\/www.boartlongyear.com\\\/#website\"},\"primaryImageOfPage\":{\"@id\":\"https:\\\/\\\/www.boartlongyear.com\\\/my-drill-store\\\/checking-out-step-by-step\\\/#primaryimage\"},\"image\":{\"@id\":\"https:\\\/\\\/www.boartlongyear.com\\\/my-drill-store\\\/checking-out-step-by-step\\\/#primaryimage\"},\"thumbnailUrl\":\"https:\\\/\\\/www.boartlongyear.com\\\/wp-content\\\/uploads\\\/cart.png\",\"datePublished\":\"2016-06-15T22:23:21+00:00\",\"dateModified\":\"2017-07-28T20:52:12+00:00\",\"breadcrumb\":{\"@id\":\"https:\\\/\\\/www.boartlongyear.com\\\/my-drill-store\\\/checking-out-step-by-step\\\/#breadcrumb\"},\"inLanguage\":\"fr-FR\",\"potentialAction\":[{\"@type\":\"ReadAction\",\"target\":[\"https:\\\/\\\/www.boartlongyear.com\\\/my-drill-store\\\/checking-out-step-by-step\\\/\"]}]},{\"@type\":\"ImageObject\",\"inLanguage\":\"fr-FR\",\"@id\":\"https:\\\/\\\/www.boartlongyear.com\\\/my-drill-store\\\/checking-out-step-by-step\\\/#primaryimage\",\"url\":\"https:\\\/\\\/www.boartlongyear.com\\\/wp-content\\\/uploads\\\/cart.png\",\"contentUrl\":\"https:\\\/\\\/www.boartlongyear.com\\\/wp-content\\\/uploads\\\/cart.png\"},{\"@type\":\"BreadcrumbList\",\"@id\":\"https:\\\/\\\/www.boartlongyear.com\\\/my-drill-store\\\/checking-out-step-by-step\\\/#breadcrumb\",\"itemListElement\":[{\"@type\":\"ListItem\",\"position\":1,\"name\":\"Home\",\"item\":\"https:\\\/\\\/www.boartlongyear.com\\\/\"},{\"@type\":\"ListItem\",\"position\":2,\"name\":\"My Drill Store\",\"item\":\"https:\\\/\\\/www.boartlongyear.com\\\/my-drill-store\\\/\"},{\"@type\":\"ListItem\",\"position\":3,\"name\":\"My Drill Store: Checkout Step-By-Step\"}]},{\"@type\":\"WebSite\",\"@id\":\"https:\\\/\\\/www.boartlongyear.com\\\/#website\",\"url\":\"https:\\\/\\\/www.boartlongyear.com\\\/\",\"name\":\"Boart Longyear\",\"description\":\"\",\"publisher\":{\"@id\":\"https:\\\/\\\/www.boartlongyear.com\\\/#organization\"},\"potentialAction\":[{\"@type\":\"SearchAction\",\"target\":{\"@type\":\"EntryPoint\",\"urlTemplate\":\"https:\\\/\\\/www.boartlongyear.com\\\/?s={search_term_string}\"},\"query-input\":{\"@type\":\"PropertyValueSpecification\",\"valueRequired\":true,\"valueName\":\"search_term_string\"}}],\"inLanguage\":\"fr-FR\"},{\"@type\":\"Organization\",\"@id\":\"https:\\\/\\\/www.boartlongyear.com\\\/#organization\",\"name\":\"Boart Longyear\",\"url\":\"https:\\\/\\\/www.boartlongyear.com\\\/\",\"logo\":{\"@type\":\"ImageObject\",\"inLanguage\":\"fr-FR\",\"@id\":\"https:\\\/\\\/www.boartlongyear.com\\\/#\\\/schema\\\/logo\\\/image\\\/\",\"url\":\"https:\\\/\\\/www.boartlongyear.com\\\/wp-content\\\/uploads\\\/BLY-Double-Stack.png\",\"contentUrl\":\"https:\\\/\\\/www.boartlongyear.com\\\/wp-content\\\/uploads\\\/BLY-Double-Stack.png\",\"width\":400,\"height\":100,\"caption\":\"Boart Longyear\"},\"image\":{\"@id\":\"https:\\\/\\\/www.boartlongyear.com\\\/#\\\/schema\\\/logo\\\/image\\\/\"},\"sameAs\":[\"https:\\\/\\\/www.facebook.com\\\/boartlongyearcareers\",\"https:\\\/\\\/x.com\\\/boartlongyear\",\"https:\\\/\\\/www.instagram.com\\\/boartlongyear\",\"https:\\\/\\\/www.linkedin.com\\\/company\\\/boart-longyear\",\"https:\\\/\\\/www.youtube.com\\\/user\\\/BoartLongyear1\"]}]}<\/script>\n<!-- \/ Yoast SEO plugin. -->","yoast_head_json":{"title":"My Drill Store: la commande \u00e9tape par \u00e9tape - Boart Longyear","robots":{"index":"index","follow":"follow","max-snippet":"max-snippet:-1","max-image-preview":"max-image-preview:large","max-video-preview":"max-video-preview:-1"},"canonical":"https:\/\/www.boartlongyear.com\/fr\/my-drill-store\/checking-out-step-by-step\/","og_locale":"fr_FR","og_type":"article","og_title":"My Drill Store: Checkout Step-By-Step - Boart Longyear","og_url":"https:\/\/www.boartlongyear.com\/fr\/my-drill-store\/checking-out-step-by-step\/","og_site_name":"Boart Longyear","article_publisher":"https:\/\/www.facebook.com\/boartlongyearcareers","article_modified_time":"2017-07-28T20:52:12+00:00","og_image":[{"url":"https:\/\/www.boartlongyear.com\/wp-content\/uploads\/cart.png","type":"","width":"","height":""}],"twitter_misc":{"Dur\u00e9e de lecture estim\u00e9e":"4 minutes"},"schema":{"@context":"https:\/\/schema.org","@graph":[{"@type":"WebPage","@id":"https:\/\/www.boartlongyear.com\/my-drill-store\/checking-out-step-by-step\/","url":"https:\/\/www.boartlongyear.com\/my-drill-store\/checking-out-step-by-step\/","name":"My Drill Store: la commande \u00e9tape par \u00e9tape - Boart Longyear","isPartOf":{"@id":"https:\/\/www.boartlongyear.com\/#website"},"primaryImageOfPage":{"@id":"https:\/\/www.boartlongyear.com\/my-drill-store\/checking-out-step-by-step\/#primaryimage"},"image":{"@id":"https:\/\/www.boartlongyear.com\/my-drill-store\/checking-out-step-by-step\/#primaryimage"},"thumbnailUrl":"https:\/\/www.boartlongyear.com\/wp-content\/uploads\/cart.png","datePublished":"2016-06-15T22:23:21+00:00","dateModified":"2017-07-28T20:52:12+00:00","breadcrumb":{"@id":"https:\/\/www.boartlongyear.com\/my-drill-store\/checking-out-step-by-step\/#breadcrumb"},"inLanguage":"fr-FR","potentialAction":[{"@type":"ReadAction","target":["https:\/\/www.boartlongyear.com\/my-drill-store\/checking-out-step-by-step\/"]}]},{"@type":"ImageObject","inLanguage":"fr-FR","@id":"https:\/\/www.boartlongyear.com\/my-drill-store\/checking-out-step-by-step\/#primaryimage","url":"https:\/\/www.boartlongyear.com\/wp-content\/uploads\/cart.png","contentUrl":"https:\/\/www.boartlongyear.com\/wp-content\/uploads\/cart.png"},{"@type":"BreadcrumbList","@id":"https:\/\/www.boartlongyear.com\/my-drill-store\/checking-out-step-by-step\/#breadcrumb","itemListElement":[{"@type":"ListItem","position":1,"name":"Home","item":"https:\/\/www.boartlongyear.com\/"},{"@type":"ListItem","position":2,"name":"My Drill Store","item":"https:\/\/www.boartlongyear.com\/my-drill-store\/"},{"@type":"ListItem","position":3,"name":"My Drill Store: Checkout Step-By-Step"}]},{"@type":"WebSite","@id":"https:\/\/www.boartlongyear.com\/#website","url":"https:\/\/www.boartlongyear.com\/","name":"Boart Longyear","description":"","publisher":{"@id":"https:\/\/www.boartlongyear.com\/#organization"},"potentialAction":[{"@type":"SearchAction","target":{"@type":"EntryPoint","urlTemplate":"https:\/\/www.boartlongyear.com\/?s={search_term_string}"},"query-input":{"@type":"PropertyValueSpecification","valueRequired":true,"valueName":"search_term_string"}}],"inLanguage":"fr-FR"},{"@type":"Organization","@id":"https:\/\/www.boartlongyear.com\/#organization","name":"Boart Longyear","url":"https:\/\/www.boartlongyear.com\/","logo":{"@type":"ImageObject","inLanguage":"fr-FR","@id":"https:\/\/www.boartlongyear.com\/#\/schema\/logo\/image\/","url":"https:\/\/www.boartlongyear.com\/wp-content\/uploads\/BLY-Double-Stack.png","contentUrl":"https:\/\/www.boartlongyear.com\/wp-content\/uploads\/BLY-Double-Stack.png","width":400,"height":100,"caption":"Boart Longyear"},"image":{"@id":"https:\/\/www.boartlongyear.com\/#\/schema\/logo\/image\/"},"sameAs":["https:\/\/www.facebook.com\/boartlongyearcareers","https:\/\/x.com\/boartlongyear","https:\/\/www.instagram.com\/boartlongyear","https:\/\/www.linkedin.com\/company\/boart-longyear","https:\/\/www.youtube.com\/user\/BoartLongyear1"]}]}},"uagb_featured_image_src":{"full":false,"thumbnail":false,"medium":false,"medium_large":false,"large":false,"RoboGalleryMansoryImagesCenter":false,"RoboGalleryPreload":false,"1536x1536":false,"2048x2048":false,"trp-custom-language-flag":false,"alm-thumbnail":false,"tptn_thumbnail":false},"uagb_author_info":{"display_name":"Marketing","author_link":"https:\/\/www.boartlongyear.com\/fr\/insite\/author\/jamesburris\/"},"uagb_comment_info":0,"uagb_excerpt":null,"_links":{"self":[{"href":"https:\/\/www.boartlongyear.com\/fr\/wp-json\/wp\/v2\/pages\/16060","targetHints":{"allow":["GET"]}}],"collection":[{"href":"https:\/\/www.boartlongyear.com\/fr\/wp-json\/wp\/v2\/pages"}],"about":[{"href":"https:\/\/www.boartlongyear.com\/fr\/wp-json\/wp\/v2\/types\/page"}],"author":[{"embeddable":true,"href":"https:\/\/www.boartlongyear.com\/fr\/wp-json\/wp\/v2\/users\/66"}],"replies":[{"embeddable":true,"href":"https:\/\/www.boartlongyear.com\/fr\/wp-json\/wp\/v2\/comments?post=16060"}],"version-history":[{"count":0,"href":"https:\/\/www.boartlongyear.com\/fr\/wp-json\/wp\/v2\/pages\/16060\/revisions"}],"up":[{"embeddable":true,"href":"https:\/\/www.boartlongyear.com\/fr\/wp-json\/wp\/v2\/pages\/16526"}],"wp:attachment":[{"href":"https:\/\/www.boartlongyear.com\/fr\/wp-json\/wp\/v2\/media?parent=16060"}],"curies":[{"name":"wp","href":"https:\/\/api.w.org\/{rel}","templated":true}]}}